{"id":507947,"date":"2022-11-17T20:43:50","date_gmt":"2022-11-17T19:43:50","guid":{"rendered":"https:\/\/www.vetorino.com\/boutique\/product\/quietis-spray\/"},"modified":"2026-01-21T12:03:42","modified_gmt":"2026-01-21T11:03:42","slug":"quietis-spray","status":"publish","type":"product","link":"https:\/\/www.vetorino.com\/veterinaire\/plouzevede-29440\/boutique\/product\/quietis-spray\/","title":{"rendered":"Quietis"},"content":{"rendered":"<p><strong>Quietis est un<\/strong> <strong>spray d&#8217;ambiance<\/strong> pour aider votre chien, chat, rongeur ou oiseau \u00e0 <strong>lutter contre le stress<\/strong>.<\/p>\n<p>Formul\u00e9 \u00e0 partir d&#8217;huiles essentielles, il <strong>att\u00e9nue les r\u00e9actions li\u00e9es au stress<\/strong> pour un animal plus serein.<\/p>\n<p><strong>Mode d&#8217;emploi :<\/strong><\/p>\n<div id=\"product-description\" class=\"block md-bottom product-description-block \">\n<div class=\"block-content\">\n<div class=\"product-description typo\">\n<ul>\n<li>Agiter avant usage.<\/li>\n<li>Ne pas pulv\u00e9riser sur l&#8217;animal.<\/li>\n<li>Pulv\u00e9riser aux endroits o\u00f9 l&#8217;animal passe beaucoup de temps.<\/li>\n<li>Pulv\u00e9riser la pi\u00e8ce ou la zone o\u00f9 se trouve l&#8217;animal et sur la table de consultation.<\/li>\n<li>Renouveler l&#8217;op\u00e9ration 2-3 fois par jour.<\/li>\n<\/ul>\n<\/div>\n<\/div>\n<\/div>\n<div class=\"block md-bottom product-features-block \"><\/div>\n","protected":false},"excerpt":{"rendered":"<p><strong>Quietis est un<\/strong> <strong>spray d&#8217;ambiance<\/strong> pour aider votre chien, chat, rongeur ou oiseau \u00e0 <strong>lutter contre le stress<\/strong>.<\/p>\n<p>Formul\u00e9 \u00e0 partir d&#8217;huiles essentielles, il <strong>att\u00e9nue les r\u00e9actions li\u00e9es au stress<\/strong> pour un animal plus serein.<\/p>\n","protected":false},"featured_media":1666271,"template":"","meta":[],"product_cat":[2759,2786,2697,2698,2744,15841,2727,2746,15840,12570,15842],"product_tag":[],"class_list":{"0":"post-507947","1":"product","2":"type-product","3":"status-publish","4":"has-post-thumbnail","6":"product_cat-anti-stress-et-anxiete-pour-chat","7":"product_cat-anti-stress-et-anxiete-du-chien","8":"product_cat-chat","9":"product_cat-chien","10":"product_cat-furet","11":"product_cat-lapins","12":"product_cat-nac","13":"product_cat-oiseau","14":"product_cat-oiseaux","15":"product_cat-rongeur","16":"product_cat-rongeurs","17":"pa_marque-labbea","19":"first","20":"instock","21":"taxable","22":"shipping-taxable","23":"purchasable","24":"product-type-simple"},"yoast_head":"<!-- This site is optimized with the Yoast SEO plugin v27.3 - https:\/\/yoast.com\/product\/yoast-seo-wordpress\/ -->\n<title>Quietis Labbea - V\u00e9torino<\/title>\n<meta name=\"description\" content=\"Quietis est un spray d&#039;ambiance pour aider votre chien, chat, rongeur ou oiseau \u00e0 lutter contre le stress.  Formul\u00e9 \u00e0 partir d&#039;huiles essentielles, il att\u00e9nue les r\u00e9actions li\u00e9es au stress pour un animal plus serein.\" \/>\n<meta name=\"robots\" content=\"noindex, nofollow\" \/>\n<meta property=\"og:locale\" content=\"fr_FR\" \/>\n<meta property=\"og:type\" content=\"article\" \/>\n<meta property=\"og:title\" content=\"Quietis Labbea - V\u00e9torino\" \/>\n<meta property=\"og:description\" content=\"Quietis est un spray d&#039;ambiance pour aider votre chien, chat, rongeur ou oiseau \u00e0 lutter contre le stress.  Formul\u00e9 \u00e0 partir d&#039;huiles essentielles, il att\u00e9nue les r\u00e9actions li\u00e9es au stress pour un animal plus serein.\" \/>\n<meta property=\"og:url\" content=\"https:\/\/www.vetorino.com\/veterinaire\/plouzevede-29440\/boutique\/product\/quietis-spray\/\" \/>\n<meta property=\"og:site_name\" content=\"V\u00e9torino\" \/>\n<meta property=\"article:publisher\" content=\"https:\/\/www.facebook.com\/Vetorino\/\" \/>\n<meta property=\"article:modified_time\" content=\"2026-01-21T11:03:42+00:00\" \/>\n<meta property=\"og:image\" content=\"https:\/\/www.vetorino.com\/boutique\/wp-content\/uploads\/2022\/11\/quietis.webp\" \/>\n\t<meta property=\"og:image:width\" content=\"800\" \/>\n\t<meta property=\"og:image:height\" content=\"800\" \/>\n\t<meta property=\"og:image:type\" content=\"image\/webp\" \/>\n<meta name=\"twitter:card\" content=\"summary_large_image\" \/>\n<meta name=\"twitter:label1\" content=\"Prix\" \/>\n\t<meta name=\"twitter:data1\" content=\"10,85&euro;\" \/>\n\t<meta name=\"twitter:label2\" content=\"Disponibilit\u00e9\" \/>\n\t<meta name=\"twitter:data2\" content=\"En stock\" \/>\n<script type=\"application\/ld+json\" class=\"yoast-schema-graph\">{\"@context\":\"https:\\\/\\\/schema.org\",\"@graph\":[{\"@type\":\"WebPage\",\"@id\":\"https:\\\/\\\/www.vetorino.com\\\/boutique\\\/product\\\/quietis-spray\\\/\",\"url\":\"https:\\\/\\\/www.vetorino.com\\\/boutique\\\/product\\\/quietis-spray\\\/\",\"name\":\"Quietis Labbea - V\u00e9torino\",\"isPartOf\":{\"@id\":\"https:\\\/\\\/www.vetorino.com\\\/boutique\\\/#website\"},\"primaryImageOfPage\":{\"@id\":\"https:\\\/\\\/www.vetorino.com\\\/boutique\\\/product\\\/quietis-spray\\\/#primaryimage\"},\"image\":{\"@id\":\"https:\\\/\\\/www.vetorino.com\\\/boutique\\\/product\\\/quietis-spray\\\/#primaryimage\"},\"thumbnailUrl\":\"https:\\\/\\\/www.vetorino.com\\\/boutique\\\/wp-content\\\/uploads\\\/2022\\\/11\\\/quietis.webp\",\"datePublished\":\"2022-11-17T19:43:50+00:00\",\"dateModified\":\"2026-01-21T11:03:42+00:00\",\"description\":\"Quietis est un spray d'ambiance pour aider votre chien, chat, rongeur ou oiseau \u00e0 lutter contre le stress. Formul\u00e9 \u00e0 partir d'huiles essentielles, il att\u00e9nue les r\u00e9actions li\u00e9es au stress pour un animal plus serein.\",\"breadcrumb\":{\"@id\":\"https:\\\/\\\/www.vetorino.com\\\/boutique\\\/product\\\/quietis-spray\\\/#breadcrumb\"},\"inLanguage\":\"fr-FR\",\"potentialAction\":[{\"@type\":\"ReadAction\",\"target\":[\"https:\\\/\\\/www.vetorino.com\\\/boutique\\\/product\\\/quietis-spray\\\/\"]}]},{\"@type\":\"ImageObject\",\"inLanguage\":\"fr-FR\",\"@id\":\"https:\\\/\\\/www.vetorino.com\\\/boutique\\\/product\\\/quietis-spray\\\/#primaryimage\",\"url\":\"https:\\\/\\\/www.vetorino.com\\\/boutique\\\/wp-content\\\/uploads\\\/2022\\\/11\\\/quietis.webp\",\"contentUrl\":\"https:\\\/\\\/www.vetorino.com\\\/boutique\\\/wp-content\\\/uploads\\\/2022\\\/11\\\/quietis.webp\",\"width\":800,\"height\":800},{\"@type\":\"BreadcrumbList\",\"@id\":\"https:\\\/\\\/www.vetorino.com\\\/boutique\\\/product\\\/quietis-spray\\\/#breadcrumb\",\"itemListElement\":[{\"@type\":\"ListItem\",\"position\":1,\"name\":\"Accueil\",\"item\":\"https:\\\/\\\/www.vetorino.com\\\/boutique\\\/\"},{\"@type\":\"ListItem\",\"position\":2,\"name\":\"Produits\",\"item\":\"https:\\\/\\\/www.vetorino.com\\\/boutique\\\/\"},{\"@type\":\"ListItem\",\"position\":3,\"name\":\"Quietis\"}]},{\"@type\":\"WebSite\",\"@id\":\"https:\\\/\\\/www.vetorino.com\\\/boutique\\\/#website\",\"url\":\"https:\\\/\\\/www.vetorino.com\\\/boutique\\\/\",\"name\":\"V\u00e9torino\",\"description\":\"\",\"publisher\":{\"@id\":\"https:\\\/\\\/www.vetorino.com\\\/boutique\\\/#organization\"},\"potentialAction\":[{\"@type\":\"SearchAction\",\"target\":{\"@type\":\"EntryPoint\",\"urlTemplate\":\"https:\\\/\\\/www.vetorino.com\\\/boutique\\\/?s={search_term_string}\"},\"query-input\":{\"@type\":\"PropertyValueSpecification\",\"valueRequired\":true,\"valueName\":\"search_term_string\"}}],\"inLanguage\":\"fr-FR\"},{\"@type\":\"Organization\",\"@id\":\"https:\\\/\\\/www.vetorino.com\\\/boutique\\\/#organization\",\"name\":\"V\u00e9torino\",\"url\":\"https:\\\/\\\/www.vetorino.com\\\/boutique\\\/\",\"logo\":{\"@type\":\"ImageObject\",\"inLanguage\":\"fr-FR\",\"@id\":\"https:\\\/\\\/www.vetorino.com\\\/boutique\\\/#\\\/schema\\\/logo\\\/image\\\/\",\"url\":\"https:\\\/\\\/www.vetorino.com\\\/boutique\\\/wp-content\\\/uploads\\\/2024\\\/10\\\/logo.jpg\",\"contentUrl\":\"https:\\\/\\\/www.vetorino.com\\\/boutique\\\/wp-content\\\/uploads\\\/2024\\\/10\\\/logo.jpg\",\"width\":1200,\"height\":610,\"caption\":\"V\u00e9torino\"},\"image\":{\"@id\":\"https:\\\/\\\/www.vetorino.com\\\/boutique\\\/#\\\/schema\\\/logo\\\/image\\\/\"},\"sameAs\":[\"https:\\\/\\\/www.facebook.com\\\/Vetorino\\\/\",\"https:\\\/\\\/www.instagram.com\\\/vetorino_off\\\/\",\"https:\\\/\\\/www.linkedin.com\\\/company\\\/vtorino\\\/\"]}]}<\/script>\n<meta property=\"product:brand\" content=\"Labbea\" \/>\n<meta property=\"product:price:amount\" content=\"10.85\" \/>\n<meta property=\"product:price:currency\" content=\"EUR\" \/>\n<meta property=\"og:availability\" content=\"instock\" \/>\n<meta property=\"product:availability\" content=\"instock\" \/>\n<meta property=\"product:retailer_item_id\" content=\"A-1841480\" \/>\n<meta property=\"product:condition\" content=\"new\" \/>\n<!-- \/ Yoast SEO plugin. -->","yoast_head_json":{"title":"Quietis Labbea - V\u00e9torino","description":"Quietis est un spray d'ambiance pour aider votre chien, chat, rongeur ou oiseau \u00e0 lutter contre le stress.  Formul\u00e9 \u00e0 partir d'huiles essentielles, il att\u00e9nue les r\u00e9actions li\u00e9es au stress pour un animal plus serein.","robots":{"index":"noindex","follow":"nofollow"},"og_locale":"fr_FR","og_type":"article","og_title":"Quietis Labbea - V\u00e9torino","og_description":"Quietis est un spray d'ambiance pour aider votre chien, chat, rongeur ou oiseau \u00e0 lutter contre le stress.  Formul\u00e9 \u00e0 partir d'huiles essentielles, il att\u00e9nue les r\u00e9actions li\u00e9es au stress pour un animal plus serein.","og_url":"https:\/\/www.vetorino.com\/veterinaire\/plouzevede-29440\/boutique\/product\/quietis-spray\/","og_site_name":"V\u00e9torino","article_publisher":"https:\/\/www.facebook.com\/Vetorino\/","article_modified_time":"2026-01-21T11:03:42+00:00","og_image":[{"width":800,"height":800,"url":"https:\/\/www.vetorino.com\/boutique\/wp-content\/uploads\/2022\/11\/quietis.webp","type":"image\/webp"}],"twitter_card":"summary_large_image","twitter_misc":{"Prix":"10,85&euro;","Disponibilit\u00e9":"En stock"},"schema":{"@context":"https:\/\/schema.org","@graph":[{"@type":"WebPage","@id":"https:\/\/www.vetorino.com\/boutique\/product\/quietis-spray\/","url":"https:\/\/www.vetorino.com\/boutique\/product\/quietis-spray\/","name":"Quietis Labbea - V\u00e9torino","isPartOf":{"@id":"https:\/\/www.vetorino.com\/boutique\/#website"},"primaryImageOfPage":{"@id":"https:\/\/www.vetorino.com\/boutique\/product\/quietis-spray\/#primaryimage"},"image":{"@id":"https:\/\/www.vetorino.com\/boutique\/product\/quietis-spray\/#primaryimage"},"thumbnailUrl":"https:\/\/www.vetorino.com\/boutique\/wp-content\/uploads\/2022\/11\/quietis.webp","datePublished":"2022-11-17T19:43:50+00:00","dateModified":"2026-01-21T11:03:42+00:00","description":"Quietis est un spray d'ambiance pour aider votre chien, chat, rongeur ou oiseau \u00e0 lutter contre le stress. Formul\u00e9 \u00e0 partir d'huiles essentielles, il att\u00e9nue les r\u00e9actions li\u00e9es au stress pour un animal plus serein.","breadcrumb":{"@id":"https:\/\/www.vetorino.com\/boutique\/product\/quietis-spray\/#breadcrumb"},"inLanguage":"fr-FR","potentialAction":[{"@type":"ReadAction","target":["https:\/\/www.vetorino.com\/boutique\/product\/quietis-spray\/"]}]},{"@type":"ImageObject","inLanguage":"fr-FR","@id":"https:\/\/www.vetorino.com\/boutique\/product\/quietis-spray\/#primaryimage","url":"https:\/\/www.vetorino.com\/boutique\/wp-content\/uploads\/2022\/11\/quietis.webp","contentUrl":"https:\/\/www.vetorino.com\/boutique\/wp-content\/uploads\/2022\/11\/quietis.webp","width":800,"height":800},{"@type":"BreadcrumbList","@id":"https:\/\/www.vetorino.com\/boutique\/product\/quietis-spray\/#breadcrumb","itemListElement":[{"@type":"ListItem","position":1,"name":"Accueil","item":"https:\/\/www.vetorino.com\/boutique\/"},{"@type":"ListItem","position":2,"name":"Produits","item":"https:\/\/www.vetorino.com\/boutique\/"},{"@type":"ListItem","position":3,"name":"Quietis"}]},{"@type":"WebSite","@id":"https:\/\/www.vetorino.com\/boutique\/#website","url":"https:\/\/www.vetorino.com\/boutique\/","name":"V\u00e9torino","description":"","publisher":{"@id":"https:\/\/www.vetorino.com\/boutique\/#organization"},"potentialAction":[{"@type":"SearchAction","target":{"@type":"EntryPoint","urlTemplate":"https:\/\/www.vetorino.com\/boutique\/?s={search_term_string}"},"query-input":{"@type":"PropertyValueSpecification","valueRequired":true,"valueName":"search_term_string"}}],"inLanguage":"fr-FR"},{"@type":"Organization","@id":"https:\/\/www.vetorino.com\/boutique\/#organization","name":"V\u00e9torino","url":"https:\/\/www.vetorino.com\/boutique\/","logo":{"@type":"ImageObject","inLanguage":"fr-FR","@id":"https:\/\/www.vetorino.com\/boutique\/#\/schema\/logo\/image\/","url":"https:\/\/www.vetorino.com\/boutique\/wp-content\/uploads\/2024\/10\/logo.jpg","contentUrl":"https:\/\/www.vetorino.com\/boutique\/wp-content\/uploads\/2024\/10\/logo.jpg","width":1200,"height":610,"caption":"V\u00e9torino"},"image":{"@id":"https:\/\/www.vetorino.com\/boutique\/#\/schema\/logo\/image\/"},"sameAs":["https:\/\/www.facebook.com\/Vetorino\/","https:\/\/www.instagram.com\/vetorino_off\/","https:\/\/www.linkedin.com\/company\/vtorino\/"]}]},"product_brand":"Labbea","product_price_amount":"10.85","product_price_currency":"EUR","og_availability":"instock","product_availability":"instock","product_retailer_item_id":"A-1841480","product_condition":"new"},"_links":{"self":[{"href":"https:\/\/www.vetorino.com\/veterinaire\/plouzevede-29440\/boutique\/wp-json\/wp\/v2\/product\/507947","targetHints":{"allow":["GET"]}}],"collection":[{"href":"https:\/\/www.vetorino.com\/veterinaire\/plouzevede-29440\/boutique\/wp-json\/wp\/v2\/product"}],"about":[{"href":"https:\/\/www.vetorino.com\/veterinaire\/plouzevede-29440\/boutique\/wp-json\/wp\/v2\/types\/product"}],"wp:featuredmedia":[{"embeddable":true,"href":"https:\/\/www.vetorino.com\/veterinaire\/plouzevede-29440\/boutique\/wp-json\/wp\/v2\/media\/1666271"}],"wp:attachment":[{"href":"https:\/\/www.vetorino.com\/veterinaire\/plouzevede-29440\/boutique\/wp-json\/wp\/v2\/media?parent=507947"}],"wp:term":[{"taxonomy":"product_cat","embeddable":true,"href":"https:\/\/www.vetorino.com\/veterinaire\/plouzevede-29440\/boutique\/wp-json\/wp\/v2\/product_cat?post=507947"},{"taxonomy":"product_tag","embeddable":true,"href":"https:\/\/www.vetorino.com\/veterinaire\/plouzevede-29440\/boutique\/wp-json\/wp\/v2\/product_tag?post=507947"}],"curies":[{"name":"wp","href":"https:\/\/api.w.org\/{rel}","templated":true}]}}