{"id":508060,"date":"2022-11-17T20:47:38","date_gmt":"2022-11-17T19:47:38","guid":{"rendered":"https:\/\/www.vetorino.com\/boutique\/product\/ocrissiel-3\/"},"modified":"2026-01-21T12:14:34","modified_gmt":"2026-01-21T11:14:34","slug":"ocrissiel-3","status":"publish","type":"product","link":"https:\/\/www.vetorino.com\/veterinaire\/plouzevede-29440\/boutique\/product\/ocrissiel-3\/","title":{"rendered":"Ocrissiel"},"content":{"rendered":"<p><strong>Nettoyant des paupi\u00e8res et du globe oculaire pour chiens, chats et NAC.<\/strong><\/p>\n<ul>\n<li>Sa haute dilution en <strong>huile essentielle de camomille romaine, calmante, anti inflammatoire et antiallergique<\/strong>, permet une <strong>application sans risque.<\/strong><\/li>\n<li>Faire couler quelques gouttes pour nettoyer la sph\u00e8re oculaire et les paupi\u00e8res et r\u00e9cup\u00e9rer l\u2019exc\u00e9dent avec une compresse.<\/li>\n<li>S\u2019utilise<strong> 1 fois par jour<\/strong> en entretien ou plus souvent si n\u00e9cessaire.<\/li>\n<li>Demander conseil \u00e0 votre v\u00e9t\u00e9rinaire avant utilisation.<\/li>\n<\/ul>\n","protected":false},"excerpt":{"rendered":"<p><strong>Nettoyant des paupi\u00e8res et du globe oculaire pour chiens, chats et NAC.<\/strong><\/p>\n<ul>\n<li>Sa haute dilution en <strong>huile essentielle de camomille romaine, calmante, anti inflammatoire et antiallergique<\/strong>, permet une <strong>application sans risque.<\/strong><\/li>\n<li>Faire couler quelques gouttes pour nettoyer la sph\u00e8re oculaire et les paupi\u00e8res et r\u00e9cup\u00e9rer l\u2019exc\u00e9dent avec une compresse.<\/li>\n<li>S\u2019utilise<strong> 1 fois par jour<\/strong> en entretien ou plus souvent si n\u00e9cessaire.<\/li>\n<li>Demander conseil \u00e0 votre v\u00e9t\u00e9rinaire avant utilisation.<\/li>\n<\/ul>\n<p>&nbsp;<\/p>\n","protected":false},"featured_media":1666284,"template":"","meta":[],"product_cat":[2697,2698,12615,12616,12560,12561,2727,15842],"product_tag":[],"class_list":{"0":"post-508060","1":"product","2":"type-product","3":"status-publish","4":"has-post-thumbnail","6":"product_cat-chat","7":"product_cat-chien","8":"product_cat-hygiene-des-yeux-du-chat","9":"product_cat-hygiene-des-yeux-du-chien","10":"product_cat-hygiene-du-chat","11":"product_cat-hygiene-du-chien","12":"product_cat-nac","13":"product_cat-rongeurs","14":"pa_marque-labbea","16":"first","17":"instock","18":"taxable","19":"shipping-taxable","20":"purchasable","21":"product-type-simple"},"yoast_head":"<!-- This site is optimized with the Yoast SEO plugin v27.3 - https:\/\/yoast.com\/product\/yoast-seo-wordpress\/ -->\n<title>Ocrissiel Labbea - V\u00e9torino<\/title>\n<meta name=\"description\" content=\"Nettoyant des paupi\u00e8res et du globe oculaire pour chiens, chats et NAC.   Sa haute dilution en huile essentielle de camomille romaine, calmante, anti inflammatoire et antiallergique, permet une application sans risque.  Faire couler quelques gouttes pour nettoyer la sph\u00e8re oculaire et les paupi\u00e8res et r\u00e9cup\u00e9rer l\u2019exc\u00e9dent avec une compresse.  S\u2019utilise 1 fois par jour en entretien ou plus souvent si n\u00e9cessaire.  Demander conseil \u00e0 votre v\u00e9t\u00e9rinaire avant utilisation.  &nbsp;\" \/>\n<meta name=\"robots\" content=\"noindex, nofollow\" \/>\n<meta property=\"og:locale\" content=\"fr_FR\" \/>\n<meta property=\"og:type\" content=\"article\" \/>\n<meta property=\"og:title\" content=\"Ocrissiel Labbea - V\u00e9torino\" \/>\n<meta property=\"og:description\" content=\"Nettoyant des paupi\u00e8res et du globe oculaire pour chiens, chats et NAC.   Sa haute dilution en huile essentielle de camomille romaine, calmante, anti inflammatoire et antiallergique, permet une application sans risque.  Faire couler quelques gouttes pour nettoyer la sph\u00e8re oculaire et les paupi\u00e8res et r\u00e9cup\u00e9rer l\u2019exc\u00e9dent avec une compresse.  S\u2019utilise 1 fois par jour en entretien ou plus souvent si n\u00e9cessaire.  Demander conseil \u00e0 votre v\u00e9t\u00e9rinaire avant utilisation.  &nbsp;\" \/>\n<meta property=\"og:url\" content=\"https:\/\/www.vetorino.com\/veterinaire\/plouzevede-29440\/boutique\/product\/ocrissiel-3\/\" \/>\n<meta property=\"og:site_name\" content=\"V\u00e9torino\" \/>\n<meta property=\"article:publisher\" content=\"https:\/\/www.facebook.com\/Vetorino\/\" \/>\n<meta property=\"article:modified_time\" content=\"2026-01-21T11:14:34+00:00\" \/>\n<meta property=\"og:image\" content=\"https:\/\/www.vetorino.com\/boutique\/wp-content\/uploads\/2022\/11\/ocrissiel.webp\" \/>\n\t<meta property=\"og:image:width\" content=\"800\" \/>\n\t<meta property=\"og:image:height\" content=\"800\" \/>\n\t<meta property=\"og:image:type\" content=\"image\/webp\" \/>\n<meta name=\"twitter:card\" content=\"summary_large_image\" \/>\n<meta name=\"twitter:label1\" content=\"Prix\" \/>\n\t<meta name=\"twitter:data1\" content=\"7,54&euro;\" \/>\n\t<meta name=\"twitter:label2\" content=\"Disponibilit\u00e9\" \/>\n\t<meta name=\"twitter:data2\" content=\"En stock\" \/>\n<script type=\"application\/ld+json\" class=\"yoast-schema-graph\">{\"@context\":\"https:\\\/\\\/schema.org\",\"@graph\":[{\"@type\":\"WebPage\",\"@id\":\"https:\\\/\\\/www.vetorino.com\\\/boutique\\\/product\\\/ocrissiel-3\\\/\",\"url\":\"https:\\\/\\\/www.vetorino.com\\\/boutique\\\/product\\\/ocrissiel-3\\\/\",\"name\":\"Ocrissiel Labbea - V\u00e9torino\",\"isPartOf\":{\"@id\":\"https:\\\/\\\/www.vetorino.com\\\/boutique\\\/#website\"},\"primaryImageOfPage\":{\"@id\":\"https:\\\/\\\/www.vetorino.com\\\/boutique\\\/product\\\/ocrissiel-3\\\/#primaryimage\"},\"image\":{\"@id\":\"https:\\\/\\\/www.vetorino.com\\\/boutique\\\/product\\\/ocrissiel-3\\\/#primaryimage\"},\"thumbnailUrl\":\"https:\\\/\\\/www.vetorino.com\\\/boutique\\\/wp-content\\\/uploads\\\/2022\\\/11\\\/ocrissiel.webp\",\"datePublished\":\"2022-11-17T19:47:38+00:00\",\"dateModified\":\"2026-01-21T11:14:34+00:00\",\"description\":\"Nettoyant des paupi\u00e8res et du globe oculaire pour chiens, chats et NAC. Sa haute dilution en huile essentielle de camomille romaine, calmante, anti inflammatoire et antiallergique, permet une application sans risque. Faire couler quelques gouttes pour nettoyer la sph\u00e8re oculaire et les paupi\u00e8res et r\u00e9cup\u00e9rer l\u2019exc\u00e9dent avec une compresse. S\u2019utilise 1 fois par jour en entretien ou plus souvent si n\u00e9cessaire. Demander conseil \u00e0 votre v\u00e9t\u00e9rinaire avant utilisation. &nbsp;\",\"breadcrumb\":{\"@id\":\"https:\\\/\\\/www.vetorino.com\\\/boutique\\\/product\\\/ocrissiel-3\\\/#breadcrumb\"},\"inLanguage\":\"fr-FR\",\"potentialAction\":[{\"@type\":\"ReadAction\",\"target\":[\"https:\\\/\\\/www.vetorino.com\\\/boutique\\\/product\\\/ocrissiel-3\\\/\"]}]},{\"@type\":\"ImageObject\",\"inLanguage\":\"fr-FR\",\"@id\":\"https:\\\/\\\/www.vetorino.com\\\/boutique\\\/product\\\/ocrissiel-3\\\/#primaryimage\",\"url\":\"https:\\\/\\\/www.vetorino.com\\\/boutique\\\/wp-content\\\/uploads\\\/2022\\\/11\\\/ocrissiel.webp\",\"contentUrl\":\"https:\\\/\\\/www.vetorino.com\\\/boutique\\\/wp-content\\\/uploads\\\/2022\\\/11\\\/ocrissiel.webp\",\"width\":800,\"height\":800},{\"@type\":\"BreadcrumbList\",\"@id\":\"https:\\\/\\\/www.vetorino.com\\\/boutique\\\/product\\\/ocrissiel-3\\\/#breadcrumb\",\"itemListElement\":[{\"@type\":\"ListItem\",\"position\":1,\"name\":\"Accueil\",\"item\":\"https:\\\/\\\/www.vetorino.com\\\/boutique\\\/\"},{\"@type\":\"ListItem\",\"position\":2,\"name\":\"Produits\",\"item\":\"https:\\\/\\\/www.vetorino.com\\\/boutique\\\/\"},{\"@type\":\"ListItem\",\"position\":3,\"name\":\"Ocrissiel\"}]},{\"@type\":\"WebSite\",\"@id\":\"https:\\\/\\\/www.vetorino.com\\\/boutique\\\/#website\",\"url\":\"https:\\\/\\\/www.vetorino.com\\\/boutique\\\/\",\"name\":\"V\u00e9torino\",\"description\":\"\",\"publisher\":{\"@id\":\"https:\\\/\\\/www.vetorino.com\\\/boutique\\\/#organization\"},\"potentialAction\":[{\"@type\":\"SearchAction\",\"target\":{\"@type\":\"EntryPoint\",\"urlTemplate\":\"https:\\\/\\\/www.vetorino.com\\\/boutique\\\/?s={search_term_string}\"},\"query-input\":{\"@type\":\"PropertyValueSpecification\",\"valueRequired\":true,\"valueName\":\"search_term_string\"}}],\"inLanguage\":\"fr-FR\"},{\"@type\":\"Organization\",\"@id\":\"https:\\\/\\\/www.vetorino.com\\\/boutique\\\/#organization\",\"name\":\"V\u00e9torino\",\"url\":\"https:\\\/\\\/www.vetorino.com\\\/boutique\\\/\",\"logo\":{\"@type\":\"ImageObject\",\"inLanguage\":\"fr-FR\",\"@id\":\"https:\\\/\\\/www.vetorino.com\\\/boutique\\\/#\\\/schema\\\/logo\\\/image\\\/\",\"url\":\"https:\\\/\\\/www.vetorino.com\\\/boutique\\\/wp-content\\\/uploads\\\/2024\\\/10\\\/logo.jpg\",\"contentUrl\":\"https:\\\/\\\/www.vetorino.com\\\/boutique\\\/wp-content\\\/uploads\\\/2024\\\/10\\\/logo.jpg\",\"width\":1200,\"height\":610,\"caption\":\"V\u00e9torino\"},\"image\":{\"@id\":\"https:\\\/\\\/www.vetorino.com\\\/boutique\\\/#\\\/schema\\\/logo\\\/image\\\/\"},\"sameAs\":[\"https:\\\/\\\/www.facebook.com\\\/Vetorino\\\/\",\"https:\\\/\\\/www.instagram.com\\\/vetorino_off\\\/\",\"https:\\\/\\\/www.linkedin.com\\\/company\\\/vtorino\\\/\"]}]}<\/script>\n<meta property=\"product:brand\" content=\"Labbea\" \/>\n<meta property=\"product:price:amount\" content=\"7.54\" \/>\n<meta property=\"product:price:currency\" content=\"EUR\" \/>\n<meta property=\"og:availability\" content=\"instock\" \/>\n<meta property=\"product:availability\" content=\"instock\" \/>\n<meta property=\"product:retailer_item_id\" content=\"A-1817010\" \/>\n<meta property=\"product:condition\" content=\"new\" \/>\n<!-- \/ Yoast SEO plugin. -->","yoast_head_json":{"title":"Ocrissiel Labbea - V\u00e9torino","description":"Nettoyant des paupi\u00e8res et du globe oculaire pour chiens, chats et NAC.   Sa haute dilution en huile essentielle de camomille romaine, calmante, anti inflammatoire et antiallergique, permet une application sans risque.  Faire couler quelques gouttes pour nettoyer la sph\u00e8re oculaire et les paupi\u00e8res et r\u00e9cup\u00e9rer l\u2019exc\u00e9dent avec une compresse.  S\u2019utilise 1 fois par jour en entretien ou plus souvent si n\u00e9cessaire.  Demander conseil \u00e0 votre v\u00e9t\u00e9rinaire avant utilisation.  &nbsp;","robots":{"index":"noindex","follow":"nofollow"},"og_locale":"fr_FR","og_type":"article","og_title":"Ocrissiel Labbea - V\u00e9torino","og_description":"Nettoyant des paupi\u00e8res et du globe oculaire pour chiens, chats et NAC.   Sa haute dilution en huile essentielle de camomille romaine, calmante, anti inflammatoire et antiallergique, permet une application sans risque.  Faire couler quelques gouttes pour nettoyer la sph\u00e8re oculaire et les paupi\u00e8res et r\u00e9cup\u00e9rer l\u2019exc\u00e9dent avec une compresse.  S\u2019utilise 1 fois par jour en entretien ou plus souvent si n\u00e9cessaire.  Demander conseil \u00e0 votre v\u00e9t\u00e9rinaire avant utilisation.  &nbsp;","og_url":"https:\/\/www.vetorino.com\/veterinaire\/plouzevede-29440\/boutique\/product\/ocrissiel-3\/","og_site_name":"V\u00e9torino","article_publisher":"https:\/\/www.facebook.com\/Vetorino\/","article_modified_time":"2026-01-21T11:14:34+00:00","og_image":[{"width":800,"height":800,"url":"https:\/\/www.vetorino.com\/boutique\/wp-content\/uploads\/2022\/11\/ocrissiel.webp","type":"image\/webp"}],"twitter_card":"summary_large_image","twitter_misc":{"Prix":"7,54&euro;","Disponibilit\u00e9":"En stock"},"schema":{"@context":"https:\/\/schema.org","@graph":[{"@type":"WebPage","@id":"https:\/\/www.vetorino.com\/boutique\/product\/ocrissiel-3\/","url":"https:\/\/www.vetorino.com\/boutique\/product\/ocrissiel-3\/","name":"Ocrissiel Labbea - V\u00e9torino","isPartOf":{"@id":"https:\/\/www.vetorino.com\/boutique\/#website"},"primaryImageOfPage":{"@id":"https:\/\/www.vetorino.com\/boutique\/product\/ocrissiel-3\/#primaryimage"},"image":{"@id":"https:\/\/www.vetorino.com\/boutique\/product\/ocrissiel-3\/#primaryimage"},"thumbnailUrl":"https:\/\/www.vetorino.com\/boutique\/wp-content\/uploads\/2022\/11\/ocrissiel.webp","datePublished":"2022-11-17T19:47:38+00:00","dateModified":"2026-01-21T11:14:34+00:00","description":"Nettoyant des paupi\u00e8res et du globe oculaire pour chiens, chats et NAC. Sa haute dilution en huile essentielle de camomille romaine, calmante, anti inflammatoire et antiallergique, permet une application sans risque. Faire couler quelques gouttes pour nettoyer la sph\u00e8re oculaire et les paupi\u00e8res et r\u00e9cup\u00e9rer l\u2019exc\u00e9dent avec une compresse. S\u2019utilise 1 fois par jour en entretien ou plus souvent si n\u00e9cessaire. Demander conseil \u00e0 votre v\u00e9t\u00e9rinaire avant utilisation. &nbsp;","breadcrumb":{"@id":"https:\/\/www.vetorino.com\/boutique\/product\/ocrissiel-3\/#breadcrumb"},"inLanguage":"fr-FR","potentialAction":[{"@type":"ReadAction","target":["https:\/\/www.vetorino.com\/boutique\/product\/ocrissiel-3\/"]}]},{"@type":"ImageObject","inLanguage":"fr-FR","@id":"https:\/\/www.vetorino.com\/boutique\/product\/ocrissiel-3\/#primaryimage","url":"https:\/\/www.vetorino.com\/boutique\/wp-content\/uploads\/2022\/11\/ocrissiel.webp","contentUrl":"https:\/\/www.vetorino.com\/boutique\/wp-content\/uploads\/2022\/11\/ocrissiel.webp","width":800,"height":800},{"@type":"BreadcrumbList","@id":"https:\/\/www.vetorino.com\/boutique\/product\/ocrissiel-3\/#breadcrumb","itemListElement":[{"@type":"ListItem","position":1,"name":"Accueil","item":"https:\/\/www.vetorino.com\/boutique\/"},{"@type":"ListItem","position":2,"name":"Produits","item":"https:\/\/www.vetorino.com\/boutique\/"},{"@type":"ListItem","position":3,"name":"Ocrissiel"}]},{"@type":"WebSite","@id":"https:\/\/www.vetorino.com\/boutique\/#website","url":"https:\/\/www.vetorino.com\/boutique\/","name":"V\u00e9torino","description":"","publisher":{"@id":"https:\/\/www.vetorino.com\/boutique\/#organization"},"potentialAction":[{"@type":"SearchAction","target":{"@type":"EntryPoint","urlTemplate":"https:\/\/www.vetorino.com\/boutique\/?s={search_term_string}"},"query-input":{"@type":"PropertyValueSpecification","valueRequired":true,"valueName":"search_term_string"}}],"inLanguage":"fr-FR"},{"@type":"Organization","@id":"https:\/\/www.vetorino.com\/boutique\/#organization","name":"V\u00e9torino","url":"https:\/\/www.vetorino.com\/boutique\/","logo":{"@type":"ImageObject","inLanguage":"fr-FR","@id":"https:\/\/www.vetorino.com\/boutique\/#\/schema\/logo\/image\/","url":"https:\/\/www.vetorino.com\/boutique\/wp-content\/uploads\/2024\/10\/logo.jpg","contentUrl":"https:\/\/www.vetorino.com\/boutique\/wp-content\/uploads\/2024\/10\/logo.jpg","width":1200,"height":610,"caption":"V\u00e9torino"},"image":{"@id":"https:\/\/www.vetorino.com\/boutique\/#\/schema\/logo\/image\/"},"sameAs":["https:\/\/www.facebook.com\/Vetorino\/","https:\/\/www.instagram.com\/vetorino_off\/","https:\/\/www.linkedin.com\/company\/vtorino\/"]}]},"product_brand":"Labbea","product_price_amount":"7.54","product_price_currency":"EUR","og_availability":"instock","product_availability":"instock","product_retailer_item_id":"A-1817010","product_condition":"new"},"_links":{"self":[{"href":"https:\/\/www.vetorino.com\/veterinaire\/plouzevede-29440\/boutique\/wp-json\/wp\/v2\/product\/508060","targetHints":{"allow":["GET"]}}],"collection":[{"href":"https:\/\/www.vetorino.com\/veterinaire\/plouzevede-29440\/boutique\/wp-json\/wp\/v2\/product"}],"about":[{"href":"https:\/\/www.vetorino.com\/veterinaire\/plouzevede-29440\/boutique\/wp-json\/wp\/v2\/types\/product"}],"wp:featuredmedia":[{"embeddable":true,"href":"https:\/\/www.vetorino.com\/veterinaire\/plouzevede-29440\/boutique\/wp-json\/wp\/v2\/media\/1666284"}],"wp:attachment":[{"href":"https:\/\/www.vetorino.com\/veterinaire\/plouzevede-29440\/boutique\/wp-json\/wp\/v2\/media?parent=508060"}],"wp:term":[{"taxonomy":"product_cat","embeddable":true,"href":"https:\/\/www.vetorino.com\/veterinaire\/plouzevede-29440\/boutique\/wp-json\/wp\/v2\/product_cat?post=508060"},{"taxonomy":"product_tag","embeddable":true,"href":"https:\/\/www.vetorino.com\/veterinaire\/plouzevede-29440\/boutique\/wp-json\/wp\/v2\/product_tag?post=508060"}],"curies":[{"name":"wp","href":"https:\/\/api.w.org\/{rel}","templated":true}]}}