{"id":508068,"date":"2022-11-17T20:47:56","date_gmt":"2022-11-17T19:47:56","guid":{"rendered":"https:\/\/www.vetorino.com\/boutique\/product\/aurensiel-2\/"},"modified":"2026-01-20T15:36:06","modified_gmt":"2026-01-20T14:36:06","slug":"aurensiel-2","status":"publish","type":"product","link":"https:\/\/www.vetorino.com\/veterinaire\/plouzevede-29440\/boutique\/product\/aurensiel-2\/","title":{"rendered":"Aurensiel"},"content":{"rendered":"<p>Aurensiel est un<strong> nettoyant auriculaire<\/strong> pour votre chat, votre chien ou votre lapin.<\/p>\n<p>Ce nettoyant moussant est<strong> con\u00e7u \u00e0 partir d&#8217;huiles essentielles<\/strong> aux diverses<strong> propri\u00e9t\u00e9s b\u00e9n\u00e9fiques<\/strong> pour les oreilles de votre animal :<\/p>\n<ul>\n<li><strong>\u00a0Lavandin\u00a0<\/strong>anti-inflammatoire puissant<\/li>\n<li><strong>\u00a0Tea tree\u00a0<\/strong>antibact\u00e9rien, antiparasitaire et antifongique<\/li>\n<li><strong>\u00a0Lits\u00e9e citronn\u00e9e<\/strong>, anti-inflammatoire, antiparasitaire et antifongique<\/li>\n<\/ul>\n<p><strong>Mode d&#8217;emploi :<\/strong><\/p>\n<p><em>1 \u00e0 2 fois \/semaine en entretien. Lors d\u2019exc\u00e8s de cerumen sur des oreilles non entretenues.<\/em><br \/>\n<em>1 fois par jour pendant 7 jours pour obtenir une oreille propre.<\/em><\/p>\n","protected":false},"excerpt":{"rendered":"<p>Aurensiel est un<strong> nettoyant auriculaire<\/strong> pour votre chat, votre chien ou votre lapin.<\/p>\n<p>Ce nettoyant moussant est<strong> con\u00e7u \u00e0 partir d&#8217;huiles essentielles<\/strong> aux diverses<strong> propri\u00e9t\u00e9s b\u00e9n\u00e9fiques<\/strong> pour les oreilles de votre animal :<\/p>\n<ul>\n<li><strong>\u00a0Lavandin\u00a0<\/strong>anti-inflammatoire puissant<\/li>\n<li><strong>\u00a0Tea tree\u00a0<\/strong>antibact\u00e9rien, antiparasitaire et antifongique<\/li>\n<li><strong>\u00a0Lits\u00e9e citronn\u00e9e<\/strong>, anti-inflammatoire, antiparasitaire et antifongique<\/li>\n<\/ul>\n","protected":false},"featured_media":1664843,"template":"","meta":[],"product_cat":[2697,2698,12613,12614,12560,12561,12618,12563,15841,2727],"product_tag":[],"class_list":{"0":"post-508068","1":"product","2":"type-product","3":"status-publish","4":"has-post-thumbnail","6":"product_cat-chat","7":"product_cat-chien","8":"product_cat-hygiene-des-oreilles-du-chat","9":"product_cat-hygiene-des-oreilles-du-chien","10":"product_cat-hygiene-du-chat","11":"product_cat-hygiene-du-chien","12":"product_cat-hygiene-du-lapin","13":"product_cat-lapin","14":"product_cat-lapins","15":"product_cat-nac","16":"pa_marque-labbea","18":"first","19":"instock","20":"taxable","21":"shipping-taxable","22":"purchasable","23":"product-type-simple"},"yoast_head":"<!-- This site is optimized with the Yoast SEO plugin v27.3 - https:\/\/yoast.com\/product\/yoast-seo-wordpress\/ -->\n<title>Aurensiel Labbea - V\u00e9torino<\/title>\n<meta name=\"description\" content=\"Aurensiel est un nettoyant auriculaire pour votre chat, votre chien ou votre lapin.  Ce nettoyant moussant est con\u00e7u \u00e0 partir d&#039;huiles essentielles aux diverses propri\u00e9t\u00e9s b\u00e9n\u00e9fiques pour les oreilles de votre animal :   \u00a0Lavandin\u00a0anti-inflammatoire puissant  \u00a0Tea tree\u00a0antibact\u00e9rien, antiparasitaire et antifongique  \u00a0Lits\u00e9e citronn\u00e9e, anti-inflammatoire, antiparasitaire et antifongique\" \/>\n<meta name=\"robots\" content=\"noindex, nofollow\" \/>\n<meta property=\"og:locale\" content=\"fr_FR\" \/>\n<meta property=\"og:type\" content=\"article\" \/>\n<meta property=\"og:title\" content=\"Aurensiel Labbea - V\u00e9torino\" \/>\n<meta property=\"og:description\" content=\"Aurensiel est un nettoyant auriculaire pour votre chat, votre chien ou votre lapin.  Ce nettoyant moussant est con\u00e7u \u00e0 partir d&#039;huiles essentielles aux diverses propri\u00e9t\u00e9s b\u00e9n\u00e9fiques pour les oreilles de votre animal :   \u00a0Lavandin\u00a0anti-inflammatoire puissant  \u00a0Tea tree\u00a0antibact\u00e9rien, antiparasitaire et antifongique  \u00a0Lits\u00e9e citronn\u00e9e, anti-inflammatoire, antiparasitaire et antifongique\" \/>\n<meta property=\"og:url\" content=\"https:\/\/www.vetorino.com\/veterinaire\/plouzevede-29440\/boutique\/product\/aurensiel-2\/\" \/>\n<meta property=\"og:site_name\" content=\"V\u00e9torino\" \/>\n<meta property=\"article:publisher\" content=\"https:\/\/www.facebook.com\/Vetorino\/\" \/>\n<meta property=\"article:modified_time\" content=\"2026-01-20T14:36:06+00:00\" \/>\n<meta property=\"og:image\" content=\"https:\/\/www.vetorino.com\/boutique\/wp-content\/uploads\/2022\/11\/aurensiel.webp\" \/>\n\t<meta property=\"og:image:width\" content=\"800\" \/>\n\t<meta property=\"og:image:height\" content=\"800\" \/>\n\t<meta property=\"og:image:type\" content=\"image\/webp\" \/>\n<meta name=\"twitter:card\" content=\"summary_large_image\" \/>\n<meta name=\"twitter:label1\" content=\"Prix\" \/>\n\t<meta name=\"twitter:data1\" content=\"9,20&euro;\" \/>\n\t<meta name=\"twitter:label2\" content=\"Disponibilit\u00e9\" \/>\n\t<meta name=\"twitter:data2\" content=\"En stock\" \/>\n<script type=\"application\/ld+json\" class=\"yoast-schema-graph\">{\"@context\":\"https:\\\/\\\/schema.org\",\"@graph\":[{\"@type\":\"WebPage\",\"@id\":\"https:\\\/\\\/www.vetorino.com\\\/boutique\\\/product\\\/aurensiel-2\\\/\",\"url\":\"https:\\\/\\\/www.vetorino.com\\\/boutique\\\/product\\\/aurensiel-2\\\/\",\"name\":\"Aurensiel Labbea - V\u00e9torino\",\"isPartOf\":{\"@id\":\"https:\\\/\\\/www.vetorino.com\\\/boutique\\\/#website\"},\"primaryImageOfPage\":{\"@id\":\"https:\\\/\\\/www.vetorino.com\\\/boutique\\\/product\\\/aurensiel-2\\\/#primaryimage\"},\"image\":{\"@id\":\"https:\\\/\\\/www.vetorino.com\\\/boutique\\\/product\\\/aurensiel-2\\\/#primaryimage\"},\"thumbnailUrl\":\"https:\\\/\\\/www.vetorino.com\\\/boutique\\\/wp-content\\\/uploads\\\/2022\\\/11\\\/aurensiel.webp\",\"datePublished\":\"2022-11-17T19:47:56+00:00\",\"dateModified\":\"2026-01-20T14:36:06+00:00\",\"description\":\"Aurensiel est un nettoyant auriculaire pour votre chat, votre chien ou votre lapin. Ce nettoyant moussant est con\u00e7u \u00e0 partir d'huiles essentielles aux diverses propri\u00e9t\u00e9s b\u00e9n\u00e9fiques pour les oreilles de votre animal : \u00a0Lavandin\u00a0anti-inflammatoire puissant \u00a0Tea tree\u00a0antibact\u00e9rien, antiparasitaire et antifongique \u00a0Lits\u00e9e citronn\u00e9e, anti-inflammatoire, antiparasitaire et antifongique\",\"breadcrumb\":{\"@id\":\"https:\\\/\\\/www.vetorino.com\\\/boutique\\\/product\\\/aurensiel-2\\\/#breadcrumb\"},\"inLanguage\":\"fr-FR\",\"potentialAction\":[{\"@type\":\"ReadAction\",\"target\":[\"https:\\\/\\\/www.vetorino.com\\\/boutique\\\/product\\\/aurensiel-2\\\/\"]}]},{\"@type\":\"ImageObject\",\"inLanguage\":\"fr-FR\",\"@id\":\"https:\\\/\\\/www.vetorino.com\\\/boutique\\\/product\\\/aurensiel-2\\\/#primaryimage\",\"url\":\"https:\\\/\\\/www.vetorino.com\\\/boutique\\\/wp-content\\\/uploads\\\/2022\\\/11\\\/aurensiel.webp\",\"contentUrl\":\"https:\\\/\\\/www.vetorino.com\\\/boutique\\\/wp-content\\\/uploads\\\/2022\\\/11\\\/aurensiel.webp\",\"width\":800,\"height\":800},{\"@type\":\"BreadcrumbList\",\"@id\":\"https:\\\/\\\/www.vetorino.com\\\/boutique\\\/product\\\/aurensiel-2\\\/#breadcrumb\",\"itemListElement\":[{\"@type\":\"ListItem\",\"position\":1,\"name\":\"Accueil\",\"item\":\"https:\\\/\\\/www.vetorino.com\\\/boutique\\\/\"},{\"@type\":\"ListItem\",\"position\":2,\"name\":\"Produits\",\"item\":\"https:\\\/\\\/www.vetorino.com\\\/boutique\\\/\"},{\"@type\":\"ListItem\",\"position\":3,\"name\":\"Aurensiel\"}]},{\"@type\":\"WebSite\",\"@id\":\"https:\\\/\\\/www.vetorino.com\\\/boutique\\\/#website\",\"url\":\"https:\\\/\\\/www.vetorino.com\\\/boutique\\\/\",\"name\":\"V\u00e9torino\",\"description\":\"\",\"publisher\":{\"@id\":\"https:\\\/\\\/www.vetorino.com\\\/boutique\\\/#organization\"},\"potentialAction\":[{\"@type\":\"SearchAction\",\"target\":{\"@type\":\"EntryPoint\",\"urlTemplate\":\"https:\\\/\\\/www.vetorino.com\\\/boutique\\\/?s={search_term_string}\"},\"query-input\":{\"@type\":\"PropertyValueSpecification\",\"valueRequired\":true,\"valueName\":\"search_term_string\"}}],\"inLanguage\":\"fr-FR\"},{\"@type\":\"Organization\",\"@id\":\"https:\\\/\\\/www.vetorino.com\\\/boutique\\\/#organization\",\"name\":\"V\u00e9torino\",\"url\":\"https:\\\/\\\/www.vetorino.com\\\/boutique\\\/\",\"logo\":{\"@type\":\"ImageObject\",\"inLanguage\":\"fr-FR\",\"@id\":\"https:\\\/\\\/www.vetorino.com\\\/boutique\\\/#\\\/schema\\\/logo\\\/image\\\/\",\"url\":\"https:\\\/\\\/www.vetorino.com\\\/boutique\\\/wp-content\\\/uploads\\\/2024\\\/10\\\/logo.jpg\",\"contentUrl\":\"https:\\\/\\\/www.vetorino.com\\\/boutique\\\/wp-content\\\/uploads\\\/2024\\\/10\\\/logo.jpg\",\"width\":1200,\"height\":610,\"caption\":\"V\u00e9torino\"},\"image\":{\"@id\":\"https:\\\/\\\/www.vetorino.com\\\/boutique\\\/#\\\/schema\\\/logo\\\/image\\\/\"},\"sameAs\":[\"https:\\\/\\\/www.facebook.com\\\/Vetorino\\\/\",\"https:\\\/\\\/www.instagram.com\\\/vetorino_off\\\/\",\"https:\\\/\\\/www.linkedin.com\\\/company\\\/vtorino\\\/\"]}]}<\/script>\n<meta property=\"product:brand\" content=\"Labbea\" \/>\n<meta property=\"product:price:amount\" content=\"9.20\" \/>\n<meta property=\"product:price:currency\" content=\"EUR\" \/>\n<meta property=\"og:availability\" content=\"instock\" \/>\n<meta property=\"product:availability\" content=\"instock\" \/>\n<meta property=\"product:retailer_item_id\" content=\"A-1816920\" \/>\n<meta property=\"product:condition\" content=\"new\" \/>\n<!-- \/ Yoast SEO plugin. -->","yoast_head_json":{"title":"Aurensiel Labbea - V\u00e9torino","description":"Aurensiel est un nettoyant auriculaire pour votre chat, votre chien ou votre lapin.  Ce nettoyant moussant est con\u00e7u \u00e0 partir d'huiles essentielles aux diverses propri\u00e9t\u00e9s b\u00e9n\u00e9fiques pour les oreilles de votre animal :   \u00a0Lavandin\u00a0anti-inflammatoire puissant  \u00a0Tea tree\u00a0antibact\u00e9rien, antiparasitaire et antifongique  \u00a0Lits\u00e9e citronn\u00e9e, anti-inflammatoire, antiparasitaire et antifongique","robots":{"index":"noindex","follow":"nofollow"},"og_locale":"fr_FR","og_type":"article","og_title":"Aurensiel Labbea - V\u00e9torino","og_description":"Aurensiel est un nettoyant auriculaire pour votre chat, votre chien ou votre lapin.  Ce nettoyant moussant est con\u00e7u \u00e0 partir d'huiles essentielles aux diverses propri\u00e9t\u00e9s b\u00e9n\u00e9fiques pour les oreilles de votre animal :   \u00a0Lavandin\u00a0anti-inflammatoire puissant  \u00a0Tea tree\u00a0antibact\u00e9rien, antiparasitaire et antifongique  \u00a0Lits\u00e9e citronn\u00e9e, anti-inflammatoire, antiparasitaire et antifongique","og_url":"https:\/\/www.vetorino.com\/veterinaire\/plouzevede-29440\/boutique\/product\/aurensiel-2\/","og_site_name":"V\u00e9torino","article_publisher":"https:\/\/www.facebook.com\/Vetorino\/","article_modified_time":"2026-01-20T14:36:06+00:00","og_image":[{"width":800,"height":800,"url":"https:\/\/www.vetorino.com\/boutique\/wp-content\/uploads\/2022\/11\/aurensiel.webp","type":"image\/webp"}],"twitter_card":"summary_large_image","twitter_misc":{"Prix":"9,20&euro;","Disponibilit\u00e9":"En stock"},"schema":{"@context":"https:\/\/schema.org","@graph":[{"@type":"WebPage","@id":"https:\/\/www.vetorino.com\/boutique\/product\/aurensiel-2\/","url":"https:\/\/www.vetorino.com\/boutique\/product\/aurensiel-2\/","name":"Aurensiel Labbea - V\u00e9torino","isPartOf":{"@id":"https:\/\/www.vetorino.com\/boutique\/#website"},"primaryImageOfPage":{"@id":"https:\/\/www.vetorino.com\/boutique\/product\/aurensiel-2\/#primaryimage"},"image":{"@id":"https:\/\/www.vetorino.com\/boutique\/product\/aurensiel-2\/#primaryimage"},"thumbnailUrl":"https:\/\/www.vetorino.com\/boutique\/wp-content\/uploads\/2022\/11\/aurensiel.webp","datePublished":"2022-11-17T19:47:56+00:00","dateModified":"2026-01-20T14:36:06+00:00","description":"Aurensiel est un nettoyant auriculaire pour votre chat, votre chien ou votre lapin. Ce nettoyant moussant est con\u00e7u \u00e0 partir d'huiles essentielles aux diverses propri\u00e9t\u00e9s b\u00e9n\u00e9fiques pour les oreilles de votre animal : \u00a0Lavandin\u00a0anti-inflammatoire puissant \u00a0Tea tree\u00a0antibact\u00e9rien, antiparasitaire et antifongique \u00a0Lits\u00e9e citronn\u00e9e, anti-inflammatoire, antiparasitaire et antifongique","breadcrumb":{"@id":"https:\/\/www.vetorino.com\/boutique\/product\/aurensiel-2\/#breadcrumb"},"inLanguage":"fr-FR","potentialAction":[{"@type":"ReadAction","target":["https:\/\/www.vetorino.com\/boutique\/product\/aurensiel-2\/"]}]},{"@type":"ImageObject","inLanguage":"fr-FR","@id":"https:\/\/www.vetorino.com\/boutique\/product\/aurensiel-2\/#primaryimage","url":"https:\/\/www.vetorino.com\/boutique\/wp-content\/uploads\/2022\/11\/aurensiel.webp","contentUrl":"https:\/\/www.vetorino.com\/boutique\/wp-content\/uploads\/2022\/11\/aurensiel.webp","width":800,"height":800},{"@type":"BreadcrumbList","@id":"https:\/\/www.vetorino.com\/boutique\/product\/aurensiel-2\/#breadcrumb","itemListElement":[{"@type":"ListItem","position":1,"name":"Accueil","item":"https:\/\/www.vetorino.com\/boutique\/"},{"@type":"ListItem","position":2,"name":"Produits","item":"https:\/\/www.vetorino.com\/boutique\/"},{"@type":"ListItem","position":3,"name":"Aurensiel"}]},{"@type":"WebSite","@id":"https:\/\/www.vetorino.com\/boutique\/#website","url":"https:\/\/www.vetorino.com\/boutique\/","name":"V\u00e9torino","description":"","publisher":{"@id":"https:\/\/www.vetorino.com\/boutique\/#organization"},"potentialAction":[{"@type":"SearchAction","target":{"@type":"EntryPoint","urlTemplate":"https:\/\/www.vetorino.com\/boutique\/?s={search_term_string}"},"query-input":{"@type":"PropertyValueSpecification","valueRequired":true,"valueName":"search_term_string"}}],"inLanguage":"fr-FR"},{"@type":"Organization","@id":"https:\/\/www.vetorino.com\/boutique\/#organization","name":"V\u00e9torino","url":"https:\/\/www.vetorino.com\/boutique\/","logo":{"@type":"ImageObject","inLanguage":"fr-FR","@id":"https:\/\/www.vetorino.com\/boutique\/#\/schema\/logo\/image\/","url":"https:\/\/www.vetorino.com\/boutique\/wp-content\/uploads\/2024\/10\/logo.jpg","contentUrl":"https:\/\/www.vetorino.com\/boutique\/wp-content\/uploads\/2024\/10\/logo.jpg","width":1200,"height":610,"caption":"V\u00e9torino"},"image":{"@id":"https:\/\/www.vetorino.com\/boutique\/#\/schema\/logo\/image\/"},"sameAs":["https:\/\/www.facebook.com\/Vetorino\/","https:\/\/www.instagram.com\/vetorino_off\/","https:\/\/www.linkedin.com\/company\/vtorino\/"]}]},"product_brand":"Labbea","product_price_amount":"9.20","product_price_currency":"EUR","og_availability":"instock","product_availability":"instock","product_retailer_item_id":"A-1816920","product_condition":"new"},"_links":{"self":[{"href":"https:\/\/www.vetorino.com\/veterinaire\/plouzevede-29440\/boutique\/wp-json\/wp\/v2\/product\/508068","targetHints":{"allow":["GET"]}}],"collection":[{"href":"https:\/\/www.vetorino.com\/veterinaire\/plouzevede-29440\/boutique\/wp-json\/wp\/v2\/product"}],"about":[{"href":"https:\/\/www.vetorino.com\/veterinaire\/plouzevede-29440\/boutique\/wp-json\/wp\/v2\/types\/product"}],"wp:featuredmedia":[{"embeddable":true,"href":"https:\/\/www.vetorino.com\/veterinaire\/plouzevede-29440\/boutique\/wp-json\/wp\/v2\/media\/1664843"}],"wp:attachment":[{"href":"https:\/\/www.vetorino.com\/veterinaire\/plouzevede-29440\/boutique\/wp-json\/wp\/v2\/media?parent=508068"}],"wp:term":[{"taxonomy":"product_cat","embeddable":true,"href":"https:\/\/www.vetorino.com\/veterinaire\/plouzevede-29440\/boutique\/wp-json\/wp\/v2\/product_cat?post=508068"},{"taxonomy":"product_tag","embeddable":true,"href":"https:\/\/www.vetorino.com\/veterinaire\/plouzevede-29440\/boutique\/wp-json\/wp\/v2\/product_tag?post=508068"}],"curies":[{"name":"wp","href":"https:\/\/api.w.org\/{rel}","templated":true}]}}