{"id":508669,"date":"2022-11-18T20:27:02","date_gmt":"2022-11-18T19:27:02","guid":{"rendered":"https:\/\/www.vetorino.com\/boutique\/product\/labburetic\/"},"modified":"2026-01-21T11:08:41","modified_gmt":"2026-01-21T10:08:41","slug":"labburetic","status":"publish","type":"product","link":"https:\/\/www.vetorino.com\/veterinaire\/plouzevede-29440\/boutique\/product\/labburetic\/","title":{"rendered":"Labburetic"},"content":{"rendered":"<div id=\"product-description\" class=\"block md-bottom product-description-block\">\n<div class=\"block-content\">\n<div class=\"product-description typo\">\n      <strong>Aliment compl\u00e9mentaire<\/strong> en solution liquide pour les chats et les chiens.\n    <\/div>\n<p><\/p>\n<div class=\"product-description typo\">\n      Contient des extraits de plantes aux vertus d\u00e9toxifiantes, diur\u00e9tiques, qui participent \u00e0 la<br \/>\n      <strong>protection des cellules du rein et du foie.<\/strong>\n    <\/div>\n<p><\/p>\n<div class=\"product-description typo\">\n      <strong>Gestion des probl\u00e8mes de diur\u00e8se<\/strong> tout en stimulant les sph\u00e8res h\u00e9patiques et r\u00e9nales.\n    <\/div>\n<\/p><\/div>\n<\/div>\n<div class=\"block md-bottom product-features-block\"><\/div>\n<p><\/p>\n<div>\n  <strong>Mode d&#8217;emploi :<\/strong>\n<\/div>\n<p><\/p>\n<div>\n  \u00c0 donner pendant 30 J.\n<\/div>\n<p>\u00c0 renouveler si n\u00e9cessaire<br \/>\nDans la bouche ou sur l\u2019aliment.CHAT : <em>1 pression 5j. \/ 7<\/em><br \/>\nCHIEN :<br \/>\n<em>&#8211; De 0 \u00e0 5kg &#8211; 1 \u00e0 3 pressions\/jour<\/em><br \/>\n<em>&#8211; De 10 \u00e0 20 kg &#8211; 2 pressions\/jour<\/em><br \/>\n<em>&#8211; De 20 \u00e0 30kg &#8211; 3 pressions\/jour<\/em><br \/>\n<em>&#8211; 30kg et + &#8211; 4 pression\/jour<\/em><\/div>\n","protected":false},"excerpt":{"rendered":"<div id=\"product-description\" class=\"block md-bottom product-description-block\">\n<div class=\"block-content\">\n<div class=\"product-description typo\">\n<div class=\"product-description typo\">\n        <strong>Aliment compl\u00e9mentaire<\/strong> en solution liquide pour les chats et les chiens.\n      <\/div>\n<p><\/p>\n<div class=\"product-description typo\">\n        Contient des extraits de plantes aux vertus d\u00e9toxifiantes, diur\u00e9tiques, qui participent \u00e0 la<br \/>\n        <strong>protection des cellules du rein et du foie.<\/strong>\n      <\/div>\n<p><\/p>\n<div class=\"product-description typo\">\n        <strong>Gestion des probl\u00e8mes de diur\u00e8se<\/strong> tout en stimulant les sph\u00e8res h\u00e9patiques et r\u00e9nales.\n      <\/div>\n<\/p><\/div>\n<\/p><\/div>\n<\/div>\n","protected":false},"featured_media":1666196,"template":"","meta":[],"product_cat":[12551,12568,12641,12642,2697,2698],"product_tag":[],"class_list":{"0":"post-508669","1":"product","2":"type-product","3":"status-publish","4":"has-post-thumbnail","6":"product_cat-alimentation-du-chat","7":"product_cat-produit-veterinaire-du-chien","8":"product_cat-systeme-renal-du-chat","9":"product_cat-systeme-renal-du-chien","10":"product_cat-chat","11":"product_cat-chien","12":"pa_marque-labbea","14":"first","15":"instock","16":"taxable","17":"shipping-taxable","18":"purchasable","19":"product-type-simple"},"yoast_head":"<!-- This site is optimized with the Yoast SEO plugin v27.3 - https:\/\/yoast.com\/product\/yoast-seo-wordpress\/ -->\n<title>Labburetic Labbea - V\u00e9torino<\/title>\n<meta name=\"description\" content=\"Aliment compl\u00e9mentaire en solution liquide pour les chats et les chiens.                   Contient des extraits de plantes aux vertus d\u00e9toxifiantes, diur\u00e9tiques, qui participent \u00e0 la     protection des cellules du rein et du foie.                   Gestion des probl\u00e8mes de diur\u00e8se tout en stimulant les sph\u00e8res h\u00e9patiques et r\u00e9nales.\" \/>\n<meta name=\"robots\" content=\"noindex, nofollow\" \/>\n<meta property=\"og:locale\" content=\"fr_FR\" \/>\n<meta property=\"og:type\" content=\"article\" \/>\n<meta property=\"og:title\" content=\"Labburetic Labbea - V\u00e9torino\" \/>\n<meta property=\"og:description\" content=\"Aliment compl\u00e9mentaire en solution liquide pour les chats et les chiens.                   Contient des extraits de plantes aux vertus d\u00e9toxifiantes, diur\u00e9tiques, qui participent \u00e0 la     protection des cellules du rein et du foie.                   Gestion des probl\u00e8mes de diur\u00e8se tout en stimulant les sph\u00e8res h\u00e9patiques et r\u00e9nales.\" \/>\n<meta property=\"og:url\" content=\"https:\/\/www.vetorino.com\/veterinaire\/plouzevede-29440\/boutique\/product\/labburetic\/\" \/>\n<meta property=\"og:site_name\" content=\"V\u00e9torino\" \/>\n<meta property=\"article:publisher\" content=\"https:\/\/www.facebook.com\/Vetorino\/\" \/>\n<meta property=\"article:modified_time\" content=\"2026-01-21T10:08:41+00:00\" \/>\n<meta property=\"og:image\" content=\"https:\/\/www.vetorino.com\/boutique\/wp-content\/uploads\/2022\/11\/labburetic.png\" \/>\n\t<meta property=\"og:image:width\" content=\"1172\" \/>\n\t<meta property=\"og:image:height\" content=\"953\" \/>\n\t<meta property=\"og:image:type\" content=\"image\/png\" \/>\n<meta name=\"twitter:card\" content=\"summary_large_image\" \/>\n<meta name=\"twitter:label1\" content=\"Prix\" \/>\n\t<meta name=\"twitter:data1\" content=\"20,48&euro;\" \/>\n\t<meta name=\"twitter:label2\" content=\"Disponibilit\u00e9\" \/>\n\t<meta name=\"twitter:data2\" content=\"En stock\" \/>\n<script type=\"application\/ld+json\" class=\"yoast-schema-graph\">{\"@context\":\"https:\\\/\\\/schema.org\",\"@graph\":[{\"@type\":\"WebPage\",\"@id\":\"https:\\\/\\\/www.vetorino.com\\\/boutique\\\/product\\\/labburetic\\\/\",\"url\":\"https:\\\/\\\/www.vetorino.com\\\/boutique\\\/product\\\/labburetic\\\/\",\"name\":\"Labburetic Labbea - V\u00e9torino\",\"isPartOf\":{\"@id\":\"https:\\\/\\\/www.vetorino.com\\\/boutique\\\/#website\"},\"primaryImageOfPage\":{\"@id\":\"https:\\\/\\\/www.vetorino.com\\\/boutique\\\/product\\\/labburetic\\\/#primaryimage\"},\"image\":{\"@id\":\"https:\\\/\\\/www.vetorino.com\\\/boutique\\\/product\\\/labburetic\\\/#primaryimage\"},\"thumbnailUrl\":\"https:\\\/\\\/www.vetorino.com\\\/boutique\\\/wp-content\\\/uploads\\\/2022\\\/11\\\/labburetic.png\",\"datePublished\":\"2022-11-18T19:27:02+00:00\",\"dateModified\":\"2026-01-21T10:08:41+00:00\",\"description\":\"Aliment compl\u00e9mentaire en solution liquide pour les chats et les chiens. Contient des extraits de plantes aux vertus d\u00e9toxifiantes, diur\u00e9tiques, qui participent \u00e0 la protection des cellules du rein et du foie. Gestion des probl\u00e8mes de diur\u00e8se tout en stimulant les sph\u00e8res h\u00e9patiques et r\u00e9nales.\",\"breadcrumb\":{\"@id\":\"https:\\\/\\\/www.vetorino.com\\\/boutique\\\/product\\\/labburetic\\\/#breadcrumb\"},\"inLanguage\":\"fr-FR\",\"potentialAction\":[{\"@type\":\"ReadAction\",\"target\":[\"https:\\\/\\\/www.vetorino.com\\\/boutique\\\/product\\\/labburetic\\\/\"]}]},{\"@type\":\"ImageObject\",\"inLanguage\":\"fr-FR\",\"@id\":\"https:\\\/\\\/www.vetorino.com\\\/boutique\\\/product\\\/labburetic\\\/#primaryimage\",\"url\":\"https:\\\/\\\/www.vetorino.com\\\/boutique\\\/wp-content\\\/uploads\\\/2022\\\/11\\\/labburetic.png\",\"contentUrl\":\"https:\\\/\\\/www.vetorino.com\\\/boutique\\\/wp-content\\\/uploads\\\/2022\\\/11\\\/labburetic.png\",\"width\":1172,\"height\":953},{\"@type\":\"BreadcrumbList\",\"@id\":\"https:\\\/\\\/www.vetorino.com\\\/boutique\\\/product\\\/labburetic\\\/#breadcrumb\",\"itemListElement\":[{\"@type\":\"ListItem\",\"position\":1,\"name\":\"Accueil\",\"item\":\"https:\\\/\\\/www.vetorino.com\\\/boutique\\\/\"},{\"@type\":\"ListItem\",\"position\":2,\"name\":\"Produits\",\"item\":\"https:\\\/\\\/www.vetorino.com\\\/boutique\\\/\"},{\"@type\":\"ListItem\",\"position\":3,\"name\":\"Labburetic\"}]},{\"@type\":\"WebSite\",\"@id\":\"https:\\\/\\\/www.vetorino.com\\\/boutique\\\/#website\",\"url\":\"https:\\\/\\\/www.vetorino.com\\\/boutique\\\/\",\"name\":\"V\u00e9torino\",\"description\":\"\",\"publisher\":{\"@id\":\"https:\\\/\\\/www.vetorino.com\\\/boutique\\\/#organization\"},\"potentialAction\":[{\"@type\":\"SearchAction\",\"target\":{\"@type\":\"EntryPoint\",\"urlTemplate\":\"https:\\\/\\\/www.vetorino.com\\\/boutique\\\/?s={search_term_string}\"},\"query-input\":{\"@type\":\"PropertyValueSpecification\",\"valueRequired\":true,\"valueName\":\"search_term_string\"}}],\"inLanguage\":\"fr-FR\"},{\"@type\":\"Organization\",\"@id\":\"https:\\\/\\\/www.vetorino.com\\\/boutique\\\/#organization\",\"name\":\"V\u00e9torino\",\"url\":\"https:\\\/\\\/www.vetorino.com\\\/boutique\\\/\",\"logo\":{\"@type\":\"ImageObject\",\"inLanguage\":\"fr-FR\",\"@id\":\"https:\\\/\\\/www.vetorino.com\\\/boutique\\\/#\\\/schema\\\/logo\\\/image\\\/\",\"url\":\"https:\\\/\\\/www.vetorino.com\\\/boutique\\\/wp-content\\\/uploads\\\/2024\\\/10\\\/logo.jpg\",\"contentUrl\":\"https:\\\/\\\/www.vetorino.com\\\/boutique\\\/wp-content\\\/uploads\\\/2024\\\/10\\\/logo.jpg\",\"width\":1200,\"height\":610,\"caption\":\"V\u00e9torino\"},\"image\":{\"@id\":\"https:\\\/\\\/www.vetorino.com\\\/boutique\\\/#\\\/schema\\\/logo\\\/image\\\/\"},\"sameAs\":[\"https:\\\/\\\/www.facebook.com\\\/Vetorino\\\/\",\"https:\\\/\\\/www.instagram.com\\\/vetorino_off\\\/\",\"https:\\\/\\\/www.linkedin.com\\\/company\\\/vtorino\\\/\"]}]}<\/script>\n<meta property=\"product:brand\" content=\"Labbea\" \/>\n<meta property=\"product:price:amount\" content=\"20.48\" \/>\n<meta property=\"product:price:currency\" content=\"EUR\" \/>\n<meta property=\"og:availability\" content=\"instock\" \/>\n<meta property=\"product:availability\" content=\"instock\" \/>\n<meta property=\"product:retailer_item_id\" content=\"A-1856340\" \/>\n<meta property=\"product:condition\" content=\"new\" \/>\n<!-- \/ Yoast SEO plugin. -->","yoast_head_json":{"title":"Labburetic Labbea - V\u00e9torino","description":"Aliment compl\u00e9mentaire en solution liquide pour les chats et les chiens.                   Contient des extraits de plantes aux vertus d\u00e9toxifiantes, diur\u00e9tiques, qui participent \u00e0 la     protection des cellules du rein et du foie.                   Gestion des probl\u00e8mes de diur\u00e8se tout en stimulant les sph\u00e8res h\u00e9patiques et r\u00e9nales.","robots":{"index":"noindex","follow":"nofollow"},"og_locale":"fr_FR","og_type":"article","og_title":"Labburetic Labbea - V\u00e9torino","og_description":"Aliment compl\u00e9mentaire en solution liquide pour les chats et les chiens.                   Contient des extraits de plantes aux vertus d\u00e9toxifiantes, diur\u00e9tiques, qui participent \u00e0 la     protection des cellules du rein et du foie.                   Gestion des probl\u00e8mes de diur\u00e8se tout en stimulant les sph\u00e8res h\u00e9patiques et r\u00e9nales.","og_url":"https:\/\/www.vetorino.com\/veterinaire\/plouzevede-29440\/boutique\/product\/labburetic\/","og_site_name":"V\u00e9torino","article_publisher":"https:\/\/www.facebook.com\/Vetorino\/","article_modified_time":"2026-01-21T10:08:41+00:00","og_image":[{"width":1172,"height":953,"url":"https:\/\/www.vetorino.com\/boutique\/wp-content\/uploads\/2022\/11\/labburetic.png","type":"image\/png"}],"twitter_card":"summary_large_image","twitter_misc":{"Prix":"20,48&euro;","Disponibilit\u00e9":"En stock"},"schema":{"@context":"https:\/\/schema.org","@graph":[{"@type":"WebPage","@id":"https:\/\/www.vetorino.com\/boutique\/product\/labburetic\/","url":"https:\/\/www.vetorino.com\/boutique\/product\/labburetic\/","name":"Labburetic Labbea - V\u00e9torino","isPartOf":{"@id":"https:\/\/www.vetorino.com\/boutique\/#website"},"primaryImageOfPage":{"@id":"https:\/\/www.vetorino.com\/boutique\/product\/labburetic\/#primaryimage"},"image":{"@id":"https:\/\/www.vetorino.com\/boutique\/product\/labburetic\/#primaryimage"},"thumbnailUrl":"https:\/\/www.vetorino.com\/boutique\/wp-content\/uploads\/2022\/11\/labburetic.png","datePublished":"2022-11-18T19:27:02+00:00","dateModified":"2026-01-21T10:08:41+00:00","description":"Aliment compl\u00e9mentaire en solution liquide pour les chats et les chiens. Contient des extraits de plantes aux vertus d\u00e9toxifiantes, diur\u00e9tiques, qui participent \u00e0 la protection des cellules du rein et du foie. Gestion des probl\u00e8mes de diur\u00e8se tout en stimulant les sph\u00e8res h\u00e9patiques et r\u00e9nales.","breadcrumb":{"@id":"https:\/\/www.vetorino.com\/boutique\/product\/labburetic\/#breadcrumb"},"inLanguage":"fr-FR","potentialAction":[{"@type":"ReadAction","target":["https:\/\/www.vetorino.com\/boutique\/product\/labburetic\/"]}]},{"@type":"ImageObject","inLanguage":"fr-FR","@id":"https:\/\/www.vetorino.com\/boutique\/product\/labburetic\/#primaryimage","url":"https:\/\/www.vetorino.com\/boutique\/wp-content\/uploads\/2022\/11\/labburetic.png","contentUrl":"https:\/\/www.vetorino.com\/boutique\/wp-content\/uploads\/2022\/11\/labburetic.png","width":1172,"height":953},{"@type":"BreadcrumbList","@id":"https:\/\/www.vetorino.com\/boutique\/product\/labburetic\/#breadcrumb","itemListElement":[{"@type":"ListItem","position":1,"name":"Accueil","item":"https:\/\/www.vetorino.com\/boutique\/"},{"@type":"ListItem","position":2,"name":"Produits","item":"https:\/\/www.vetorino.com\/boutique\/"},{"@type":"ListItem","position":3,"name":"Labburetic"}]},{"@type":"WebSite","@id":"https:\/\/www.vetorino.com\/boutique\/#website","url":"https:\/\/www.vetorino.com\/boutique\/","name":"V\u00e9torino","description":"","publisher":{"@id":"https:\/\/www.vetorino.com\/boutique\/#organization"},"potentialAction":[{"@type":"SearchAction","target":{"@type":"EntryPoint","urlTemplate":"https:\/\/www.vetorino.com\/boutique\/?s={search_term_string}"},"query-input":{"@type":"PropertyValueSpecification","valueRequired":true,"valueName":"search_term_string"}}],"inLanguage":"fr-FR"},{"@type":"Organization","@id":"https:\/\/www.vetorino.com\/boutique\/#organization","name":"V\u00e9torino","url":"https:\/\/www.vetorino.com\/boutique\/","logo":{"@type":"ImageObject","inLanguage":"fr-FR","@id":"https:\/\/www.vetorino.com\/boutique\/#\/schema\/logo\/image\/","url":"https:\/\/www.vetorino.com\/boutique\/wp-content\/uploads\/2024\/10\/logo.jpg","contentUrl":"https:\/\/www.vetorino.com\/boutique\/wp-content\/uploads\/2024\/10\/logo.jpg","width":1200,"height":610,"caption":"V\u00e9torino"},"image":{"@id":"https:\/\/www.vetorino.com\/boutique\/#\/schema\/logo\/image\/"},"sameAs":["https:\/\/www.facebook.com\/Vetorino\/","https:\/\/www.instagram.com\/vetorino_off\/","https:\/\/www.linkedin.com\/company\/vtorino\/"]}]},"product_brand":"Labbea","product_price_amount":"20.48","product_price_currency":"EUR","og_availability":"instock","product_availability":"instock","product_retailer_item_id":"A-1856340","product_condition":"new"},"_links":{"self":[{"href":"https:\/\/www.vetorino.com\/veterinaire\/plouzevede-29440\/boutique\/wp-json\/wp\/v2\/product\/508669","targetHints":{"allow":["GET"]}}],"collection":[{"href":"https:\/\/www.vetorino.com\/veterinaire\/plouzevede-29440\/boutique\/wp-json\/wp\/v2\/product"}],"about":[{"href":"https:\/\/www.vetorino.com\/veterinaire\/plouzevede-29440\/boutique\/wp-json\/wp\/v2\/types\/product"}],"wp:featuredmedia":[{"embeddable":true,"href":"https:\/\/www.vetorino.com\/veterinaire\/plouzevede-29440\/boutique\/wp-json\/wp\/v2\/media\/1666196"}],"wp:attachment":[{"href":"https:\/\/www.vetorino.com\/veterinaire\/plouzevede-29440\/boutique\/wp-json\/wp\/v2\/media?parent=508669"}],"wp:term":[{"taxonomy":"product_cat","embeddable":true,"href":"https:\/\/www.vetorino.com\/veterinaire\/plouzevede-29440\/boutique\/wp-json\/wp\/v2\/product_cat?post=508669"},{"taxonomy":"product_tag","embeddable":true,"href":"https:\/\/www.vetorino.com\/veterinaire\/plouzevede-29440\/boutique\/wp-json\/wp\/v2\/product_tag?post=508669"}],"curies":[{"name":"wp","href":"https:\/\/api.w.org\/{rel}","templated":true}]}}