{"id":508724,"date":"2022-11-18T20:29:24","date_gmt":"2022-11-18T19:29:24","guid":{"rendered":"https:\/\/www.vetorino.com\/boutique\/product\/alderm-spray\/"},"modified":"2026-02-11T11:24:03","modified_gmt":"2026-02-11T10:24:03","slug":"alderm-spray","status":"publish","type":"product","link":"https:\/\/www.vetorino.com\/veterinaire\/plouzevede-29440\/boutique\/product\/alderm-spray\/","title":{"rendered":"AlDerm Spray"},"content":{"rendered":"<div id=\"description-short-section\" class=\"lg:mb-8\">\n<div class=\"product-section-content hidden lg:block\">\n<p><strong>Spray protecteur, assainissant et r\u00e9parateur<\/strong> favorisant le processus naturel de r\u00e9paration cutan\u00e9e <strong>pour chien, chat et ruminants.<\/strong><\/p>\n<p>Compos\u00e9 de poudre d&#8217;aluminium, d&#8217;extrait de fleur de Calendula officinalis, d&#8217;acide hyaluronique, de b\u00e9ta\u00efne, de glys\u00e9rine, de panth\u00e9nol et de citrate d&#8217;argent.<\/p>\n<p><strong>Mode d&#8217;emploi :<\/strong><\/p>\n<ul>\n<li><em>Bien nettoyer et s\u00e9cher la peau.<\/em><\/li>\n<li><em>Agiter le flacon pendant 60 secondes avant utilisation puis appliquer sur la zone cutan\u00e9e \u00e0 prot\u00e9ger en gardant le flacon vertical et \u00e0 une distance de 15 \u00e0 20 cm.<\/em><\/li>\n<li><em>Laisser s\u00e8cher.<\/em><\/li>\n<li><em>Ne pas utiliser autour des yeux et des oreilles.<\/em><\/li>\n<\/ul>\n<\/div>\n<\/div>\n<div id=\"description-section\" class=\"lg:mb-8\"><\/div>\n","protected":false},"excerpt":{"rendered":"<div id=\"description-short-section\" class=\"lg:mb-8\">\n<div class=\"product-section-content hidden lg:block\">\n<p><strong>Spray protecteur, assainissant et r\u00e9parateur<\/strong> favorisant le processus naturel de r\u00e9paration cutan\u00e9e <strong>pour chien, chat et ruminants.<\/strong><\/p>\n<p>Compos\u00e9 de poudre d&#8217;aluminium, d&#8217;extrait de fleur de Calendula officinalis, d&#8217;acide hyaluronique, de b\u00e9ta\u00efne, de glys\u00e9rine, de panth\u00e9nol et de citrate d&#8217;argent.<\/p>\n<p><strong>Mode d&#8217;emploi :<\/strong><\/p>\n<ul>\n<li><em>Bien nettoyer et s\u00e9cher la peau.<\/em><\/li>\n<li><em>Agiter le flacon pendant 60 secondes avant utilisation puis appliquer sur la zone cutan\u00e9e \u00e0 prot\u00e9ger en gardant le flacon vertical et \u00e0 une distance de 15 \u00e0 20 cm.<\/em><\/li>\n<li><em>Laisser s\u00e8cher.<\/em><\/li>\n<li><em>Ne pas utiliser autour des yeux et des oreilles.<\/em><\/li>\n<\/ul>\n<\/div>\n<\/div>\n<div id=\"description-section\" class=\"lg:mb-8\"><\/div>\n","protected":false},"featured_media":1698011,"template":"","meta":[],"product_cat":[6864,6870,6871,2697,2698,12611,12612,12560,12561,12618,15841,6873],"product_tag":[],"class_list":{"0":"post-508724","1":"product","2":"type-product","3":"status-publish","4":"has-post-thumbnail","6":"product_cat-animaux-delevage","7":"product_cat-bovins","8":"product_cat-caprins","9":"product_cat-chat","10":"product_cat-chien","11":"product_cat-hygiene-de-la-peau-et-du-pelage-du-chat","12":"product_cat-hygiene-de-la-peau-et-du-pelage-du-chien","13":"product_cat-hygiene-du-chat","14":"product_cat-hygiene-du-chien","15":"product_cat-hygiene-du-lapin","16":"product_cat-lapins","17":"product_cat-ovins","18":"pa_marque-vetexpert","20":"first","21":"instock","22":"taxable","23":"shipping-taxable","24":"purchasable","25":"product-type-simple"},"yoast_head":"<!-- This site is optimized with the Yoast SEO plugin v27.3 - https:\/\/yoast.com\/product\/yoast-seo-wordpress\/ -->\n<title>AlDerm Spray Vetexpert - V\u00e9torino<\/title>\n<meta name=\"description\" content=\"Spray protecteur, assainissant et r\u00e9parateur favorisant le processus naturel de r\u00e9paration cutan\u00e9e pour chien, chat et ruminants.  Compos\u00e9 de poudre d&#039;aluminium, d&#039;extrait de fleur de Calendula officinalis, d&#039;acide hyaluronique, de b\u00e9ta\u00efne, de glys\u00e9rine, de panth\u00e9nol et de citrate d&#039;argent.  Mode d&#039;emploi :   Bien nettoyer et s\u00e9cher la peau.  Agiter le flacon pendant 60 secondes avant utilisation puis appliquer sur la zone cutan\u00e9e \u00e0 prot\u00e9ger en gardant le flacon vertical et \u00e0 une distance de 15 \u00e0 20 cm.  Laisser s\u00e8cher.  Ne pas utiliser autour des yeux et des oreilles.\" \/>\n<meta name=\"robots\" content=\"noindex, nofollow\" \/>\n<meta property=\"og:locale\" content=\"fr_FR\" \/>\n<meta property=\"og:type\" content=\"article\" \/>\n<meta property=\"og:title\" content=\"AlDerm Spray Vetexpert - V\u00e9torino\" \/>\n<meta property=\"og:description\" content=\"Spray protecteur, assainissant et r\u00e9parateur favorisant le processus naturel de r\u00e9paration cutan\u00e9e pour chien, chat et ruminants.  Compos\u00e9 de poudre d&#039;aluminium, d&#039;extrait de fleur de Calendula officinalis, d&#039;acide hyaluronique, de b\u00e9ta\u00efne, de glys\u00e9rine, de panth\u00e9nol et de citrate d&#039;argent.  Mode d&#039;emploi :   Bien nettoyer et s\u00e9cher la peau.  Agiter le flacon pendant 60 secondes avant utilisation puis appliquer sur la zone cutan\u00e9e \u00e0 prot\u00e9ger en gardant le flacon vertical et \u00e0 une distance de 15 \u00e0 20 cm.  Laisser s\u00e8cher.  Ne pas utiliser autour des yeux et des oreilles.\" \/>\n<meta property=\"og:url\" content=\"https:\/\/www.vetorino.com\/veterinaire\/plouzevede-29440\/boutique\/product\/alderm-spray\/\" \/>\n<meta property=\"og:site_name\" content=\"V\u00e9torino\" \/>\n<meta property=\"article:publisher\" content=\"https:\/\/www.facebook.com\/Vetorino\/\" \/>\n<meta property=\"article:modified_time\" content=\"2026-02-11T10:24:03+00:00\" \/>\n<meta property=\"og:image\" content=\"https:\/\/www.vetorino.com\/boutique\/wp-content\/uploads\/2022\/11\/alderm-spray.webp\" \/>\n\t<meta property=\"og:image:width\" content=\"800\" \/>\n\t<meta property=\"og:image:height\" content=\"800\" \/>\n\t<meta property=\"og:image:type\" content=\"image\/webp\" \/>\n<meta name=\"twitter:card\" content=\"summary_large_image\" \/>\n<meta name=\"twitter:label1\" content=\"Prix\" \/>\n\t<meta name=\"twitter:data1\" content=\"18,03&euro;\" \/>\n\t<meta name=\"twitter:label2\" content=\"Disponibilit\u00e9\" \/>\n\t<meta name=\"twitter:data2\" content=\"En stock\" \/>\n<script type=\"application\/ld+json\" class=\"yoast-schema-graph\">{\"@context\":\"https:\\\/\\\/schema.org\",\"@graph\":[{\"@type\":\"WebPage\",\"@id\":\"https:\\\/\\\/www.vetorino.com\\\/boutique\\\/product\\\/alderm-spray\\\/\",\"url\":\"https:\\\/\\\/www.vetorino.com\\\/boutique\\\/product\\\/alderm-spray\\\/\",\"name\":\"AlDerm Spray Vetexpert - V\u00e9torino\",\"isPartOf\":{\"@id\":\"https:\\\/\\\/www.vetorino.com\\\/boutique\\\/#website\"},\"primaryImageOfPage\":{\"@id\":\"https:\\\/\\\/www.vetorino.com\\\/boutique\\\/product\\\/alderm-spray\\\/#primaryimage\"},\"image\":{\"@id\":\"https:\\\/\\\/www.vetorino.com\\\/boutique\\\/product\\\/alderm-spray\\\/#primaryimage\"},\"thumbnailUrl\":\"https:\\\/\\\/www.vetorino.com\\\/boutique\\\/wp-content\\\/uploads\\\/2022\\\/11\\\/alderm-spray.webp\",\"datePublished\":\"2022-11-18T19:29:24+00:00\",\"dateModified\":\"2026-02-11T10:24:03+00:00\",\"description\":\"Spray protecteur, assainissant et r\u00e9parateur favorisant le processus naturel de r\u00e9paration cutan\u00e9e pour chien, chat et ruminants. Compos\u00e9 de poudre d'aluminium, d'extrait de fleur de Calendula officinalis, d'acide hyaluronique, de b\u00e9ta\u00efne, de glys\u00e9rine, de panth\u00e9nol et de citrate d'argent. Mode d'emploi : Bien nettoyer et s\u00e9cher la peau. Agiter le flacon pendant 60 secondes avant utilisation puis appliquer sur la zone cutan\u00e9e \u00e0 prot\u00e9ger en gardant le flacon vertical et \u00e0 une distance de 15 \u00e0 20 cm. Laisser s\u00e8cher. Ne pas utiliser autour des yeux et des oreilles.\",\"breadcrumb\":{\"@id\":\"https:\\\/\\\/www.vetorino.com\\\/boutique\\\/product\\\/alderm-spray\\\/#breadcrumb\"},\"inLanguage\":\"fr-FR\",\"potentialAction\":[{\"@type\":\"ReadAction\",\"target\":[\"https:\\\/\\\/www.vetorino.com\\\/boutique\\\/product\\\/alderm-spray\\\/\"]}]},{\"@type\":\"ImageObject\",\"inLanguage\":\"fr-FR\",\"@id\":\"https:\\\/\\\/www.vetorino.com\\\/boutique\\\/product\\\/alderm-spray\\\/#primaryimage\",\"url\":\"https:\\\/\\\/www.vetorino.com\\\/boutique\\\/wp-content\\\/uploads\\\/2022\\\/11\\\/alderm-spray.webp\",\"contentUrl\":\"https:\\\/\\\/www.vetorino.com\\\/boutique\\\/wp-content\\\/uploads\\\/2022\\\/11\\\/alderm-spray.webp\",\"width\":800,\"height\":800},{\"@type\":\"BreadcrumbList\",\"@id\":\"https:\\\/\\\/www.vetorino.com\\\/boutique\\\/product\\\/alderm-spray\\\/#breadcrumb\",\"itemListElement\":[{\"@type\":\"ListItem\",\"position\":1,\"name\":\"Accueil\",\"item\":\"https:\\\/\\\/www.vetorino.com\\\/boutique\\\/\"},{\"@type\":\"ListItem\",\"position\":2,\"name\":\"Produits\",\"item\":\"https:\\\/\\\/www.vetorino.com\\\/boutique\\\/\"},{\"@type\":\"ListItem\",\"position\":3,\"name\":\"AlDerm Spray\"}]},{\"@type\":\"WebSite\",\"@id\":\"https:\\\/\\\/www.vetorino.com\\\/boutique\\\/#website\",\"url\":\"https:\\\/\\\/www.vetorino.com\\\/boutique\\\/\",\"name\":\"V\u00e9torino\",\"description\":\"\",\"publisher\":{\"@id\":\"https:\\\/\\\/www.vetorino.com\\\/boutique\\\/#organization\"},\"potentialAction\":[{\"@type\":\"SearchAction\",\"target\":{\"@type\":\"EntryPoint\",\"urlTemplate\":\"https:\\\/\\\/www.vetorino.com\\\/boutique\\\/?s={search_term_string}\"},\"query-input\":{\"@type\":\"PropertyValueSpecification\",\"valueRequired\":true,\"valueName\":\"search_term_string\"}}],\"inLanguage\":\"fr-FR\"},{\"@type\":\"Organization\",\"@id\":\"https:\\\/\\\/www.vetorino.com\\\/boutique\\\/#organization\",\"name\":\"V\u00e9torino\",\"url\":\"https:\\\/\\\/www.vetorino.com\\\/boutique\\\/\",\"logo\":{\"@type\":\"ImageObject\",\"inLanguage\":\"fr-FR\",\"@id\":\"https:\\\/\\\/www.vetorino.com\\\/boutique\\\/#\\\/schema\\\/logo\\\/image\\\/\",\"url\":\"https:\\\/\\\/www.vetorino.com\\\/boutique\\\/wp-content\\\/uploads\\\/2024\\\/10\\\/logo.jpg\",\"contentUrl\":\"https:\\\/\\\/www.vetorino.com\\\/boutique\\\/wp-content\\\/uploads\\\/2024\\\/10\\\/logo.jpg\",\"width\":1200,\"height\":610,\"caption\":\"V\u00e9torino\"},\"image\":{\"@id\":\"https:\\\/\\\/www.vetorino.com\\\/boutique\\\/#\\\/schema\\\/logo\\\/image\\\/\"},\"sameAs\":[\"https:\\\/\\\/www.facebook.com\\\/Vetorino\\\/\",\"https:\\\/\\\/www.instagram.com\\\/vetorino_off\\\/\",\"https:\\\/\\\/www.linkedin.com\\\/company\\\/vtorino\\\/\"]}]}<\/script>\n<meta property=\"product:brand\" content=\"Vetexpert\" \/>\n<meta property=\"product:price:amount\" content=\"18.03\" \/>\n<meta property=\"product:price:currency\" content=\"EUR\" \/>\n<meta property=\"og:availability\" content=\"instock\" \/>\n<meta property=\"product:availability\" content=\"instock\" \/>\n<meta property=\"product:retailer_item_id\" content=\"A-1858240\" \/>\n<meta property=\"product:condition\" content=\"new\" \/>\n<!-- \/ Yoast SEO plugin. -->","yoast_head_json":{"title":"AlDerm Spray Vetexpert - V\u00e9torino","description":"Spray protecteur, assainissant et r\u00e9parateur favorisant le processus naturel de r\u00e9paration cutan\u00e9e pour chien, chat et ruminants.  Compos\u00e9 de poudre d'aluminium, d'extrait de fleur de Calendula officinalis, d'acide hyaluronique, de b\u00e9ta\u00efne, de glys\u00e9rine, de panth\u00e9nol et de citrate d'argent.  Mode d'emploi :   Bien nettoyer et s\u00e9cher la peau.  Agiter le flacon pendant 60 secondes avant utilisation puis appliquer sur la zone cutan\u00e9e \u00e0 prot\u00e9ger en gardant le flacon vertical et \u00e0 une distance de 15 \u00e0 20 cm.  Laisser s\u00e8cher.  Ne pas utiliser autour des yeux et des oreilles.","robots":{"index":"noindex","follow":"nofollow"},"og_locale":"fr_FR","og_type":"article","og_title":"AlDerm Spray Vetexpert - V\u00e9torino","og_description":"Spray protecteur, assainissant et r\u00e9parateur favorisant le processus naturel de r\u00e9paration cutan\u00e9e pour chien, chat et ruminants.  Compos\u00e9 de poudre d'aluminium, d'extrait de fleur de Calendula officinalis, d'acide hyaluronique, de b\u00e9ta\u00efne, de glys\u00e9rine, de panth\u00e9nol et de citrate d'argent.  Mode d'emploi :   Bien nettoyer et s\u00e9cher la peau.  Agiter le flacon pendant 60 secondes avant utilisation puis appliquer sur la zone cutan\u00e9e \u00e0 prot\u00e9ger en gardant le flacon vertical et \u00e0 une distance de 15 \u00e0 20 cm.  Laisser s\u00e8cher.  Ne pas utiliser autour des yeux et des oreilles.","og_url":"https:\/\/www.vetorino.com\/veterinaire\/plouzevede-29440\/boutique\/product\/alderm-spray\/","og_site_name":"V\u00e9torino","article_publisher":"https:\/\/www.facebook.com\/Vetorino\/","article_modified_time":"2026-02-11T10:24:03+00:00","og_image":[{"width":800,"height":800,"url":"https:\/\/www.vetorino.com\/boutique\/wp-content\/uploads\/2022\/11\/alderm-spray.webp","type":"image\/webp"}],"twitter_card":"summary_large_image","twitter_misc":{"Prix":"18,03&euro;","Disponibilit\u00e9":"En stock"},"schema":{"@context":"https:\/\/schema.org","@graph":[{"@type":"WebPage","@id":"https:\/\/www.vetorino.com\/boutique\/product\/alderm-spray\/","url":"https:\/\/www.vetorino.com\/boutique\/product\/alderm-spray\/","name":"AlDerm Spray Vetexpert - V\u00e9torino","isPartOf":{"@id":"https:\/\/www.vetorino.com\/boutique\/#website"},"primaryImageOfPage":{"@id":"https:\/\/www.vetorino.com\/boutique\/product\/alderm-spray\/#primaryimage"},"image":{"@id":"https:\/\/www.vetorino.com\/boutique\/product\/alderm-spray\/#primaryimage"},"thumbnailUrl":"https:\/\/www.vetorino.com\/boutique\/wp-content\/uploads\/2022\/11\/alderm-spray.webp","datePublished":"2022-11-18T19:29:24+00:00","dateModified":"2026-02-11T10:24:03+00:00","description":"Spray protecteur, assainissant et r\u00e9parateur favorisant le processus naturel de r\u00e9paration cutan\u00e9e pour chien, chat et ruminants. Compos\u00e9 de poudre d'aluminium, d'extrait de fleur de Calendula officinalis, d'acide hyaluronique, de b\u00e9ta\u00efne, de glys\u00e9rine, de panth\u00e9nol et de citrate d'argent. Mode d'emploi : Bien nettoyer et s\u00e9cher la peau. Agiter le flacon pendant 60 secondes avant utilisation puis appliquer sur la zone cutan\u00e9e \u00e0 prot\u00e9ger en gardant le flacon vertical et \u00e0 une distance de 15 \u00e0 20 cm. Laisser s\u00e8cher. Ne pas utiliser autour des yeux et des oreilles.","breadcrumb":{"@id":"https:\/\/www.vetorino.com\/boutique\/product\/alderm-spray\/#breadcrumb"},"inLanguage":"fr-FR","potentialAction":[{"@type":"ReadAction","target":["https:\/\/www.vetorino.com\/boutique\/product\/alderm-spray\/"]}]},{"@type":"ImageObject","inLanguage":"fr-FR","@id":"https:\/\/www.vetorino.com\/boutique\/product\/alderm-spray\/#primaryimage","url":"https:\/\/www.vetorino.com\/boutique\/wp-content\/uploads\/2022\/11\/alderm-spray.webp","contentUrl":"https:\/\/www.vetorino.com\/boutique\/wp-content\/uploads\/2022\/11\/alderm-spray.webp","width":800,"height":800},{"@type":"BreadcrumbList","@id":"https:\/\/www.vetorino.com\/boutique\/product\/alderm-spray\/#breadcrumb","itemListElement":[{"@type":"ListItem","position":1,"name":"Accueil","item":"https:\/\/www.vetorino.com\/boutique\/"},{"@type":"ListItem","position":2,"name":"Produits","item":"https:\/\/www.vetorino.com\/boutique\/"},{"@type":"ListItem","position":3,"name":"AlDerm Spray"}]},{"@type":"WebSite","@id":"https:\/\/www.vetorino.com\/boutique\/#website","url":"https:\/\/www.vetorino.com\/boutique\/","name":"V\u00e9torino","description":"","publisher":{"@id":"https:\/\/www.vetorino.com\/boutique\/#organization"},"potentialAction":[{"@type":"SearchAction","target":{"@type":"EntryPoint","urlTemplate":"https:\/\/www.vetorino.com\/boutique\/?s={search_term_string}"},"query-input":{"@type":"PropertyValueSpecification","valueRequired":true,"valueName":"search_term_string"}}],"inLanguage":"fr-FR"},{"@type":"Organization","@id":"https:\/\/www.vetorino.com\/boutique\/#organization","name":"V\u00e9torino","url":"https:\/\/www.vetorino.com\/boutique\/","logo":{"@type":"ImageObject","inLanguage":"fr-FR","@id":"https:\/\/www.vetorino.com\/boutique\/#\/schema\/logo\/image\/","url":"https:\/\/www.vetorino.com\/boutique\/wp-content\/uploads\/2024\/10\/logo.jpg","contentUrl":"https:\/\/www.vetorino.com\/boutique\/wp-content\/uploads\/2024\/10\/logo.jpg","width":1200,"height":610,"caption":"V\u00e9torino"},"image":{"@id":"https:\/\/www.vetorino.com\/boutique\/#\/schema\/logo\/image\/"},"sameAs":["https:\/\/www.facebook.com\/Vetorino\/","https:\/\/www.instagram.com\/vetorino_off\/","https:\/\/www.linkedin.com\/company\/vtorino\/"]}]},"product_brand":"Vetexpert","product_price_amount":"18.03","product_price_currency":"EUR","og_availability":"instock","product_availability":"instock","product_retailer_item_id":"A-1858240","product_condition":"new"},"_links":{"self":[{"href":"https:\/\/www.vetorino.com\/veterinaire\/plouzevede-29440\/boutique\/wp-json\/wp\/v2\/product\/508724","targetHints":{"allow":["GET"]}}],"collection":[{"href":"https:\/\/www.vetorino.com\/veterinaire\/plouzevede-29440\/boutique\/wp-json\/wp\/v2\/product"}],"about":[{"href":"https:\/\/www.vetorino.com\/veterinaire\/plouzevede-29440\/boutique\/wp-json\/wp\/v2\/types\/product"}],"wp:featuredmedia":[{"embeddable":true,"href":"https:\/\/www.vetorino.com\/veterinaire\/plouzevede-29440\/boutique\/wp-json\/wp\/v2\/media\/1698011"}],"wp:attachment":[{"href":"https:\/\/www.vetorino.com\/veterinaire\/plouzevede-29440\/boutique\/wp-json\/wp\/v2\/media?parent=508724"}],"wp:term":[{"taxonomy":"product_cat","embeddable":true,"href":"https:\/\/www.vetorino.com\/veterinaire\/plouzevede-29440\/boutique\/wp-json\/wp\/v2\/product_cat?post=508724"},{"taxonomy":"product_tag","embeddable":true,"href":"https:\/\/www.vetorino.com\/veterinaire\/plouzevede-29440\/boutique\/wp-json\/wp\/v2\/product_tag?post=508724"}],"curies":[{"name":"wp","href":"https:\/\/api.w.org\/{rel}","templated":true}]}}