{"id":508768,"date":"2022-11-18T20:31:23","date_gmt":"2022-11-18T19:31:23","guid":{"rendered":"https:\/\/www.vetorino.com\/boutique\/product\/specific-chien-ct-hy-hypoallergenic-treats-2\/"},"modified":"2025-08-25T18:01:07","modified_gmt":"2025-08-25T16:01:07","slug":"specific-chien-ct-hy-hypoallergenic-treats-2","status":"publish","type":"product","link":"https:\/\/www.vetorino.com\/veterinaire\/plouzevede-29440\/boutique\/product\/specific-chien-ct-hy-hypoallergenic-treats-2\/","title":{"rendered":"Hypoallergenic Treats \u2013 friandises chien"},"content":{"rendered":"<p><strong>Savoureuses friandises hypoallerg\u00e9niques pour chiens, contenant des prot\u00e9ines de saumon hydrolys\u00e9es et du riz, sources de prot\u00e9ines et de glucides connues pour leur faible allerg\u00e9nicit\u00e9 et leur haute digestibilit\u00e9.<\/strong><\/p>\n<p><strong><br \/>\nUtilisation :<\/strong><\/p>\n<ul>\n<li>Chien souffrant d\u2019allergie\/intol\u00e9rance alimentaire entra\u00eenant des troubles dermatologiques et\/ou gastro-intestinaux.<\/li>\n<li>Chien souffrant de probl\u00e8mes gastro-intestinaux tels que diarrh\u00e9e, vomissements et flatulences suite \u00e0 une malabsorption.<\/li>\n<li>Chien en bonne sant\u00e9 de toutes races et de tous \u00e2ges, st\u00e9rilis\u00e9 ou non.<\/li>\n<\/ul>\n<p><strong>Bienfaits essentiels :<\/strong><\/p>\n<ul>\n<li>Aliment \u00e0 base de prot\u00e9ines de saumon hydrolys\u00e9es qui sont <strong>hautement digestibles et faiblement allerg\u00e8nes<\/strong>.<\/li>\n<li>De par sa faible allerg\u00e9nicit\u00e9 et sa haute digestibilit\u00e9, le riz est un ingr\u00e9dient parfaitement adapt\u00e9 pour des friandises hypoallerg\u00e9niques. Le riz ne contient pas de gluten et sera donc<strong> bien tol\u00e9r\u00e9 m\u00eame par les chiens atteints d\u2019allergie\/intol\u00e9rance au gluten<\/strong>.<\/li>\n<li>Gr\u00e2ce \u00e0 leurs ingr\u00e9dients hautement digestibles et d\u2019excellente qualit\u00e9, ces friandises sont <strong>particuli\u00e8rement utiles chez les chiens souffrant de diarrh\u00e9e au niveau de l\u2019intestin gr\u00eale<\/strong>.<\/li>\n<\/ul>\n<p><strong>Ne pas d\u00e9passer plus de 10% du besoin \u00e9nerg\u00e9tique quotidien. R\u00e9duire la ration alimentaire quotidienne en fonction du nombre de friandises distribu\u00e9es. Laisser toujours de l\u2019eau fra\u00eeche \u00e0 disposition.<\/strong><\/p>\n","protected":false},"excerpt":{"rendered":"<p><strong>Savoureuses friandises hypoallerg\u00e9niques pour chiens, contenant des prot\u00e9ines de saumon hydrolys\u00e9es et du riz, sources de prot\u00e9ines et de glucides connues pour leur faible allerg\u00e9nicit\u00e9 et leur haute digestibilit\u00e9.<\/strong><\/p>\n<p><strong>Utilisation :<\/strong><\/p>\n<ul>\n<li>Chien souffrant d\u2019allergie\/intol\u00e9rance alimentaire entra\u00eenant des troubles dermatologiques et\/ou gastro-intestinaux.<\/li>\n<li>Chien souffrant de probl\u00e8mes gastro-intestinaux tels que diarrh\u00e9e, vomissements et flatulences suite \u00e0 une malabsorption.<\/li>\n<li>Chien en bonne sant\u00e9 de toutes races et de tous \u00e2ges, st\u00e9rilis\u00e9 ou non.<\/li>\n<\/ul>\n","protected":false},"featured_media":1193361,"template":"","meta":[],"product_cat":[12552,2698,12603],"product_tag":[],"class_list":{"0":"post-508768","1":"product","2":"type-product","3":"status-publish","4":"has-post-thumbnail","6":"product_cat-alimentation-du-chien","7":"product_cat-chien","8":"product_cat-friandises-pour-chien","9":"pa_marque-specific","11":"first","12":"instock","13":"taxable","14":"shipping-taxable","15":"purchasable","16":"product-type-simple"},"yoast_head":"<!-- This site is optimized with the Yoast SEO plugin v27.3 - https:\/\/yoast.com\/product\/yoast-seo-wordpress\/ -->\n<title>Hypoallergenic Treats \u2013 friandises chien Specific - V\u00e9torino<\/title>\n<meta name=\"description\" content=\"Savoureuses friandises hypoallerg\u00e9niques pour chiens, contenant des prot\u00e9ines de saumon hydrolys\u00e9es et du riz, sources de prot\u00e9ines et de glucides connues pour leur faible allerg\u00e9nicit\u00e9 et leur haute digestibilit\u00e9.  Utilisation :   Chien souffrant d\u2019allergie\/intol\u00e9rance alimentaire entra\u00eenant des troubles dermatologiques et\/ou gastro-intestinaux.  Chien souffrant de probl\u00e8mes gastro-intestinaux tels que diarrh\u00e9e, vomissements et flatulences suite \u00e0 une malabsorption.  Chien en bonne sant\u00e9 de toutes races et de tous \u00e2ges, st\u00e9rilis\u00e9 ou non.\" \/>\n<meta name=\"robots\" content=\"noindex, nofollow\" \/>\n<meta property=\"og:locale\" content=\"fr_FR\" \/>\n<meta property=\"og:type\" content=\"article\" \/>\n<meta property=\"og:title\" content=\"Hypoallergenic Treats \u2013 friandises chien Specific - V\u00e9torino\" \/>\n<meta property=\"og:description\" content=\"Savoureuses friandises hypoallerg\u00e9niques pour chiens, contenant des prot\u00e9ines de saumon hydrolys\u00e9es et du riz, sources de prot\u00e9ines et de glucides connues pour leur faible allerg\u00e9nicit\u00e9 et leur haute digestibilit\u00e9.  Utilisation :   Chien souffrant d\u2019allergie\/intol\u00e9rance alimentaire entra\u00eenant des troubles dermatologiques et\/ou gastro-intestinaux.  Chien souffrant de probl\u00e8mes gastro-intestinaux tels que diarrh\u00e9e, vomissements et flatulences suite \u00e0 une malabsorption.  Chien en bonne sant\u00e9 de toutes races et de tous \u00e2ges, st\u00e9rilis\u00e9 ou non.\" \/>\n<meta property=\"og:url\" content=\"https:\/\/www.vetorino.com\/veterinaire\/plouzevede-29440\/boutique\/product\/specific-chien-ct-hy-hypoallergenic-treats-2\/\" \/>\n<meta property=\"og:site_name\" content=\"V\u00e9torino\" \/>\n<meta property=\"article:publisher\" content=\"https:\/\/www.facebook.com\/Vetorino\/\" \/>\n<meta property=\"article:modified_time\" content=\"2025-08-25T16:01:07+00:00\" \/>\n<meta property=\"og:image\" content=\"https:\/\/www.vetorino.com\/boutique\/wp-content\/uploads\/2022\/11\/hypoallergenic-treats-ct-hy.png\" \/>\n\t<meta property=\"og:image:width\" content=\"800\" \/>\n\t<meta property=\"og:image:height\" content=\"800\" \/>\n\t<meta property=\"og:image:type\" content=\"image\/png\" \/>\n<meta name=\"twitter:card\" content=\"summary_large_image\" \/>\n<meta name=\"twitter:label1\" content=\"Prix\" \/>\n\t<meta name=\"twitter:data1\" content=\"5,19&euro;\" \/>\n\t<meta name=\"twitter:label2\" content=\"Disponibilit\u00e9\" \/>\n\t<meta name=\"twitter:data2\" content=\"En stock\" \/>\n<script type=\"application\/ld+json\" class=\"yoast-schema-graph\">{\"@context\":\"https:\\\/\\\/schema.org\",\"@graph\":[{\"@type\":\"WebPage\",\"@id\":\"https:\\\/\\\/www.vetorino.com\\\/boutique\\\/product\\\/specific-chien-ct-hy-hypoallergenic-treats-2\\\/\",\"url\":\"https:\\\/\\\/www.vetorino.com\\\/boutique\\\/product\\\/specific-chien-ct-hy-hypoallergenic-treats-2\\\/\",\"name\":\"Hypoallergenic Treats \u2013 friandises chien Specific - V\u00e9torino\",\"isPartOf\":{\"@id\":\"https:\\\/\\\/www.vetorino.com\\\/boutique\\\/#website\"},\"primaryImageOfPage\":{\"@id\":\"https:\\\/\\\/www.vetorino.com\\\/boutique\\\/product\\\/specific-chien-ct-hy-hypoallergenic-treats-2\\\/#primaryimage\"},\"image\":{\"@id\":\"https:\\\/\\\/www.vetorino.com\\\/boutique\\\/product\\\/specific-chien-ct-hy-hypoallergenic-treats-2\\\/#primaryimage\"},\"thumbnailUrl\":\"https:\\\/\\\/www.vetorino.com\\\/boutique\\\/wp-content\\\/uploads\\\/2022\\\/11\\\/hypoallergenic-treats-ct-hy.png\",\"datePublished\":\"2022-11-18T19:31:23+00:00\",\"dateModified\":\"2025-08-25T16:01:07+00:00\",\"description\":\"Savoureuses friandises hypoallerg\u00e9niques pour chiens, contenant des prot\u00e9ines de saumon hydrolys\u00e9es et du riz, sources de prot\u00e9ines et de glucides connues pour leur faible allerg\u00e9nicit\u00e9 et leur haute digestibilit\u00e9. Utilisation : Chien souffrant d\u2019allergie\\\/intol\u00e9rance alimentaire entra\u00eenant des troubles dermatologiques et\\\/ou gastro-intestinaux. Chien souffrant de probl\u00e8mes gastro-intestinaux tels que diarrh\u00e9e, vomissements et flatulences suite \u00e0 une malabsorption. Chien en bonne sant\u00e9 de toutes races et de tous \u00e2ges, st\u00e9rilis\u00e9 ou non.\",\"breadcrumb\":{\"@id\":\"https:\\\/\\\/www.vetorino.com\\\/boutique\\\/product\\\/specific-chien-ct-hy-hypoallergenic-treats-2\\\/#breadcrumb\"},\"inLanguage\":\"fr-FR\",\"potentialAction\":[{\"@type\":\"ReadAction\",\"target\":[\"https:\\\/\\\/www.vetorino.com\\\/boutique\\\/product\\\/specific-chien-ct-hy-hypoallergenic-treats-2\\\/\"]}]},{\"@type\":\"ImageObject\",\"inLanguage\":\"fr-FR\",\"@id\":\"https:\\\/\\\/www.vetorino.com\\\/boutique\\\/product\\\/specific-chien-ct-hy-hypoallergenic-treats-2\\\/#primaryimage\",\"url\":\"https:\\\/\\\/www.vetorino.com\\\/boutique\\\/wp-content\\\/uploads\\\/2022\\\/11\\\/hypoallergenic-treats-ct-hy.png\",\"contentUrl\":\"https:\\\/\\\/www.vetorino.com\\\/boutique\\\/wp-content\\\/uploads\\\/2022\\\/11\\\/hypoallergenic-treats-ct-hy.png\",\"width\":800,\"height\":800},{\"@type\":\"BreadcrumbList\",\"@id\":\"https:\\\/\\\/www.vetorino.com\\\/boutique\\\/product\\\/specific-chien-ct-hy-hypoallergenic-treats-2\\\/#breadcrumb\",\"itemListElement\":[{\"@type\":\"ListItem\",\"position\":1,\"name\":\"Accueil\",\"item\":\"https:\\\/\\\/www.vetorino.com\\\/boutique\\\/\"},{\"@type\":\"ListItem\",\"position\":2,\"name\":\"Produits\",\"item\":\"https:\\\/\\\/www.vetorino.com\\\/boutique\\\/\"},{\"@type\":\"ListItem\",\"position\":3,\"name\":\"Hypoallergenic Treats \u2013 friandises chien\"}]},{\"@type\":\"WebSite\",\"@id\":\"https:\\\/\\\/www.vetorino.com\\\/boutique\\\/#website\",\"url\":\"https:\\\/\\\/www.vetorino.com\\\/boutique\\\/\",\"name\":\"V\u00e9torino\",\"description\":\"\",\"publisher\":{\"@id\":\"https:\\\/\\\/www.vetorino.com\\\/boutique\\\/#organization\"},\"potentialAction\":[{\"@type\":\"SearchAction\",\"target\":{\"@type\":\"EntryPoint\",\"urlTemplate\":\"https:\\\/\\\/www.vetorino.com\\\/boutique\\\/?s={search_term_string}\"},\"query-input\":{\"@type\":\"PropertyValueSpecification\",\"valueRequired\":true,\"valueName\":\"search_term_string\"}}],\"inLanguage\":\"fr-FR\"},{\"@type\":\"Organization\",\"@id\":\"https:\\\/\\\/www.vetorino.com\\\/boutique\\\/#organization\",\"name\":\"V\u00e9torino\",\"url\":\"https:\\\/\\\/www.vetorino.com\\\/boutique\\\/\",\"logo\":{\"@type\":\"ImageObject\",\"inLanguage\":\"fr-FR\",\"@id\":\"https:\\\/\\\/www.vetorino.com\\\/boutique\\\/#\\\/schema\\\/logo\\\/image\\\/\",\"url\":\"https:\\\/\\\/www.vetorino.com\\\/boutique\\\/wp-content\\\/uploads\\\/2024\\\/10\\\/logo.jpg\",\"contentUrl\":\"https:\\\/\\\/www.vetorino.com\\\/boutique\\\/wp-content\\\/uploads\\\/2024\\\/10\\\/logo.jpg\",\"width\":1200,\"height\":610,\"caption\":\"V\u00e9torino\"},\"image\":{\"@id\":\"https:\\\/\\\/www.vetorino.com\\\/boutique\\\/#\\\/schema\\\/logo\\\/image\\\/\"},\"sameAs\":[\"https:\\\/\\\/www.facebook.com\\\/Vetorino\\\/\",\"https:\\\/\\\/www.instagram.com\\\/vetorino_off\\\/\",\"https:\\\/\\\/www.linkedin.com\\\/company\\\/vtorino\\\/\"]}]}<\/script>\n<meta property=\"product:brand\" content=\"Specific\" \/>\n<meta property=\"product:price:amount\" content=\"5.19\" \/>\n<meta property=\"product:price:currency\" content=\"EUR\" \/>\n<meta property=\"og:availability\" content=\"instock\" \/>\n<meta property=\"product:availability\" content=\"instock\" \/>\n<meta property=\"product:retailer_item_id\" content=\"A-1859910\" \/>\n<meta property=\"product:condition\" content=\"new\" \/>\n<!-- \/ Yoast SEO plugin. -->","yoast_head_json":{"title":"Hypoallergenic Treats \u2013 friandises chien Specific - V\u00e9torino","description":"Savoureuses friandises hypoallerg\u00e9niques pour chiens, contenant des prot\u00e9ines de saumon hydrolys\u00e9es et du riz, sources de prot\u00e9ines et de glucides connues pour leur faible allerg\u00e9nicit\u00e9 et leur haute digestibilit\u00e9.  Utilisation :   Chien souffrant d\u2019allergie\/intol\u00e9rance alimentaire entra\u00eenant des troubles dermatologiques et\/ou gastro-intestinaux.  Chien souffrant de probl\u00e8mes gastro-intestinaux tels que diarrh\u00e9e, vomissements et flatulences suite \u00e0 une malabsorption.  Chien en bonne sant\u00e9 de toutes races et de tous \u00e2ges, st\u00e9rilis\u00e9 ou non.","robots":{"index":"noindex","follow":"nofollow"},"og_locale":"fr_FR","og_type":"article","og_title":"Hypoallergenic Treats \u2013 friandises chien Specific - V\u00e9torino","og_description":"Savoureuses friandises hypoallerg\u00e9niques pour chiens, contenant des prot\u00e9ines de saumon hydrolys\u00e9es et du riz, sources de prot\u00e9ines et de glucides connues pour leur faible allerg\u00e9nicit\u00e9 et leur haute digestibilit\u00e9.  Utilisation :   Chien souffrant d\u2019allergie\/intol\u00e9rance alimentaire entra\u00eenant des troubles dermatologiques et\/ou gastro-intestinaux.  Chien souffrant de probl\u00e8mes gastro-intestinaux tels que diarrh\u00e9e, vomissements et flatulences suite \u00e0 une malabsorption.  Chien en bonne sant\u00e9 de toutes races et de tous \u00e2ges, st\u00e9rilis\u00e9 ou non.","og_url":"https:\/\/www.vetorino.com\/veterinaire\/plouzevede-29440\/boutique\/product\/specific-chien-ct-hy-hypoallergenic-treats-2\/","og_site_name":"V\u00e9torino","article_publisher":"https:\/\/www.facebook.com\/Vetorino\/","article_modified_time":"2025-08-25T16:01:07+00:00","og_image":[{"width":800,"height":800,"url":"https:\/\/www.vetorino.com\/boutique\/wp-content\/uploads\/2022\/11\/hypoallergenic-treats-ct-hy.png","type":"image\/png"}],"twitter_card":"summary_large_image","twitter_misc":{"Prix":"5,19&euro;","Disponibilit\u00e9":"En stock"},"schema":{"@context":"https:\/\/schema.org","@graph":[{"@type":"WebPage","@id":"https:\/\/www.vetorino.com\/boutique\/product\/specific-chien-ct-hy-hypoallergenic-treats-2\/","url":"https:\/\/www.vetorino.com\/boutique\/product\/specific-chien-ct-hy-hypoallergenic-treats-2\/","name":"Hypoallergenic Treats \u2013 friandises chien Specific - V\u00e9torino","isPartOf":{"@id":"https:\/\/www.vetorino.com\/boutique\/#website"},"primaryImageOfPage":{"@id":"https:\/\/www.vetorino.com\/boutique\/product\/specific-chien-ct-hy-hypoallergenic-treats-2\/#primaryimage"},"image":{"@id":"https:\/\/www.vetorino.com\/boutique\/product\/specific-chien-ct-hy-hypoallergenic-treats-2\/#primaryimage"},"thumbnailUrl":"https:\/\/www.vetorino.com\/boutique\/wp-content\/uploads\/2022\/11\/hypoallergenic-treats-ct-hy.png","datePublished":"2022-11-18T19:31:23+00:00","dateModified":"2025-08-25T16:01:07+00:00","description":"Savoureuses friandises hypoallerg\u00e9niques pour chiens, contenant des prot\u00e9ines de saumon hydrolys\u00e9es et du riz, sources de prot\u00e9ines et de glucides connues pour leur faible allerg\u00e9nicit\u00e9 et leur haute digestibilit\u00e9. Utilisation : Chien souffrant d\u2019allergie\/intol\u00e9rance alimentaire entra\u00eenant des troubles dermatologiques et\/ou gastro-intestinaux. Chien souffrant de probl\u00e8mes gastro-intestinaux tels que diarrh\u00e9e, vomissements et flatulences suite \u00e0 une malabsorption. Chien en bonne sant\u00e9 de toutes races et de tous \u00e2ges, st\u00e9rilis\u00e9 ou non.","breadcrumb":{"@id":"https:\/\/www.vetorino.com\/boutique\/product\/specific-chien-ct-hy-hypoallergenic-treats-2\/#breadcrumb"},"inLanguage":"fr-FR","potentialAction":[{"@type":"ReadAction","target":["https:\/\/www.vetorino.com\/boutique\/product\/specific-chien-ct-hy-hypoallergenic-treats-2\/"]}]},{"@type":"ImageObject","inLanguage":"fr-FR","@id":"https:\/\/www.vetorino.com\/boutique\/product\/specific-chien-ct-hy-hypoallergenic-treats-2\/#primaryimage","url":"https:\/\/www.vetorino.com\/boutique\/wp-content\/uploads\/2022\/11\/hypoallergenic-treats-ct-hy.png","contentUrl":"https:\/\/www.vetorino.com\/boutique\/wp-content\/uploads\/2022\/11\/hypoallergenic-treats-ct-hy.png","width":800,"height":800},{"@type":"BreadcrumbList","@id":"https:\/\/www.vetorino.com\/boutique\/product\/specific-chien-ct-hy-hypoallergenic-treats-2\/#breadcrumb","itemListElement":[{"@type":"ListItem","position":1,"name":"Accueil","item":"https:\/\/www.vetorino.com\/boutique\/"},{"@type":"ListItem","position":2,"name":"Produits","item":"https:\/\/www.vetorino.com\/boutique\/"},{"@type":"ListItem","position":3,"name":"Hypoallergenic Treats \u2013 friandises chien"}]},{"@type":"WebSite","@id":"https:\/\/www.vetorino.com\/boutique\/#website","url":"https:\/\/www.vetorino.com\/boutique\/","name":"V\u00e9torino","description":"","publisher":{"@id":"https:\/\/www.vetorino.com\/boutique\/#organization"},"potentialAction":[{"@type":"SearchAction","target":{"@type":"EntryPoint","urlTemplate":"https:\/\/www.vetorino.com\/boutique\/?s={search_term_string}"},"query-input":{"@type":"PropertyValueSpecification","valueRequired":true,"valueName":"search_term_string"}}],"inLanguage":"fr-FR"},{"@type":"Organization","@id":"https:\/\/www.vetorino.com\/boutique\/#organization","name":"V\u00e9torino","url":"https:\/\/www.vetorino.com\/boutique\/","logo":{"@type":"ImageObject","inLanguage":"fr-FR","@id":"https:\/\/www.vetorino.com\/boutique\/#\/schema\/logo\/image\/","url":"https:\/\/www.vetorino.com\/boutique\/wp-content\/uploads\/2024\/10\/logo.jpg","contentUrl":"https:\/\/www.vetorino.com\/boutique\/wp-content\/uploads\/2024\/10\/logo.jpg","width":1200,"height":610,"caption":"V\u00e9torino"},"image":{"@id":"https:\/\/www.vetorino.com\/boutique\/#\/schema\/logo\/image\/"},"sameAs":["https:\/\/www.facebook.com\/Vetorino\/","https:\/\/www.instagram.com\/vetorino_off\/","https:\/\/www.linkedin.com\/company\/vtorino\/"]}]},"product_brand":"Specific","product_price_amount":"5.19","product_price_currency":"EUR","og_availability":"instock","product_availability":"instock","product_retailer_item_id":"A-1859910","product_condition":"new"},"_links":{"self":[{"href":"https:\/\/www.vetorino.com\/veterinaire\/plouzevede-29440\/boutique\/wp-json\/wp\/v2\/product\/508768","targetHints":{"allow":["GET"]}}],"collection":[{"href":"https:\/\/www.vetorino.com\/veterinaire\/plouzevede-29440\/boutique\/wp-json\/wp\/v2\/product"}],"about":[{"href":"https:\/\/www.vetorino.com\/veterinaire\/plouzevede-29440\/boutique\/wp-json\/wp\/v2\/types\/product"}],"wp:featuredmedia":[{"embeddable":true,"href":"https:\/\/www.vetorino.com\/veterinaire\/plouzevede-29440\/boutique\/wp-json\/wp\/v2\/media\/1193361"}],"wp:attachment":[{"href":"https:\/\/www.vetorino.com\/veterinaire\/plouzevede-29440\/boutique\/wp-json\/wp\/v2\/media?parent=508768"}],"wp:term":[{"taxonomy":"product_cat","embeddable":true,"href":"https:\/\/www.vetorino.com\/veterinaire\/plouzevede-29440\/boutique\/wp-json\/wp\/v2\/product_cat?post=508768"},{"taxonomy":"product_tag","embeddable":true,"href":"https:\/\/www.vetorino.com\/veterinaire\/plouzevede-29440\/boutique\/wp-json\/wp\/v2\/product_tag?post=508768"}],"curies":[{"name":"wp","href":"https:\/\/api.w.org\/{rel}","templated":true}]}}