{"id":508800,"date":"2022-11-18T20:32:58","date_gmt":"2022-11-18T19:32:58","guid":{"rendered":"https:\/\/www.vetorino.com\/boutique\/product\/labbezen\/"},"modified":"2026-01-20T17:05:30","modified_gmt":"2026-01-20T16:05:30","slug":"labbezen","status":"publish","type":"product","link":"https:\/\/www.vetorino.com\/veterinaire\/plouzevede-29440\/boutique\/product\/labbezen\/","title":{"rendered":"Labbezen"},"content":{"rendered":"<p><strong>Labbezen est un compl\u00e9ment alimentaire<\/strong> formul\u00e9 pour aider votre animal de compagnie \u00e0<strong> surmonter les p\u00e9riodes de stress avec plus de s\u00e9r\u00e9nit\u00e9. <\/strong><\/p>\n<p>Sa formule conviendra au<strong>x chiens, chat et NAC.<\/strong><\/p>\n<p><strong>Mode d&#8217;emploi :\u00a0<\/strong><\/p>\n<div class=\"accordion-section current_act\">\n<div id=\"accordion-2\" class=\"accordion-section-content open\">\n<p><em>Pour chiens &#8211; chats &#8211; furets &#8211; herbivores &#8211; oiseaux<\/em><br \/>\n<em>\u00c0 donner pendant 1 semaine.<\/em><br \/>\n<em>1 goutte \/ 5 kg<\/em><br \/>\n<em>1 \u00e0 2 fois \/jour.<\/em><br \/>\n<em>\u00c0 renouveler si n\u00e9cessaire.<\/em><\/p>\n<\/div>\n<\/div>\n<div class=\"accordion-section\"><\/div>\n","protected":false},"excerpt":{"rendered":"<p><strong>Labbezen est un compl\u00e9ment alimentaire<\/strong> formul\u00e9 pour aider votre animal de compagnie \u00e0<strong> surmonter les p\u00e9riodes de stress avec plus de s\u00e9r\u00e9nit\u00e9. <\/strong><\/p>\n<p>Sa formule conviendra au<strong>x chiens, chat et NAC.<\/strong><\/p>\n","protected":false},"featured_media":1664933,"template":"","meta":[],"product_cat":[2730,2738,2759,2786,2697,2698,12662,12675,12592,2744,15841,2727,2746,15840,15842],"product_tag":[],"class_list":{"0":"post-508800","1":"product","2":"type-product","3":"status-publish","4":"has-post-thumbnail","6":"product_cat-aliments-complementaires-pour-chat","7":"product_cat-aliments-complementaires-pour-chien","8":"product_cat-anti-stress-et-anxiete-pour-chat","9":"product_cat-anti-stress-et-anxiete-du-chien","10":"product_cat-chat","11":"product_cat-chien","12":"product_cat-complement-alimentaire-pour-furet","13":"product_cat-complement-alimentaire-pour-oiseau","14":"product_cat-comportement-du-furet","15":"product_cat-furet","16":"product_cat-lapins","17":"product_cat-nac","18":"product_cat-oiseau","19":"product_cat-oiseaux","20":"product_cat-rongeurs","21":"pa_marque-labbea","23":"first","24":"instock","25":"taxable","26":"shipping-taxable","27":"purchasable","28":"product-type-simple"},"yoast_head":"<!-- This site is optimized with the Yoast SEO plugin v27.3 - https:\/\/yoast.com\/product\/yoast-seo-wordpress\/ -->\n<title>Labbezen Labbea - V\u00e9torino<\/title>\n<meta name=\"description\" content=\"Labbezen est un compl\u00e9ment alimentaire formul\u00e9 pour aider votre animal de compagnie \u00e0 surmonter les p\u00e9riodes de stress avec plus de s\u00e9r\u00e9nit\u00e9.   Sa formule conviendra aux chiens, chat et NAC.\" \/>\n<meta name=\"robots\" content=\"noindex, nofollow\" \/>\n<meta property=\"og:locale\" content=\"fr_FR\" \/>\n<meta property=\"og:type\" content=\"article\" \/>\n<meta property=\"og:title\" content=\"Labbezen Labbea - V\u00e9torino\" \/>\n<meta property=\"og:description\" content=\"Labbezen est un compl\u00e9ment alimentaire formul\u00e9 pour aider votre animal de compagnie \u00e0 surmonter les p\u00e9riodes de stress avec plus de s\u00e9r\u00e9nit\u00e9.   Sa formule conviendra aux chiens, chat et NAC.\" \/>\n<meta property=\"og:url\" content=\"https:\/\/www.vetorino.com\/veterinaire\/plouzevede-29440\/boutique\/product\/labbezen\/\" \/>\n<meta property=\"og:site_name\" content=\"V\u00e9torino\" \/>\n<meta property=\"article:publisher\" content=\"https:\/\/www.facebook.com\/Vetorino\/\" \/>\n<meta property=\"article:modified_time\" content=\"2026-01-20T16:05:30+00:00\" \/>\n<meta property=\"og:image\" content=\"https:\/\/www.vetorino.com\/boutique\/wp-content\/uploads\/2022\/11\/labbezen_antistress_chiens-chats-furets-herbivores-oiseaux_15_ml_1.webp\" \/>\n\t<meta property=\"og:image:width\" content=\"700\" \/>\n\t<meta property=\"og:image:height\" content=\"700\" \/>\n\t<meta property=\"og:image:type\" content=\"image\/webp\" \/>\n<meta name=\"twitter:card\" content=\"summary_large_image\" \/>\n<meta name=\"twitter:label1\" content=\"Prix\" \/>\n\t<meta name=\"twitter:data1\" content=\"11,07&euro;\" \/>\n\t<meta name=\"twitter:label2\" content=\"Disponibilit\u00e9\" \/>\n\t<meta name=\"twitter:data2\" content=\"En stock\" \/>\n<script type=\"application\/ld+json\" class=\"yoast-schema-graph\">{\"@context\":\"https:\\\/\\\/schema.org\",\"@graph\":[{\"@type\":\"WebPage\",\"@id\":\"https:\\\/\\\/www.vetorino.com\\\/boutique\\\/product\\\/labbezen\\\/\",\"url\":\"https:\\\/\\\/www.vetorino.com\\\/boutique\\\/product\\\/labbezen\\\/\",\"name\":\"Labbezen Labbea - V\u00e9torino\",\"isPartOf\":{\"@id\":\"https:\\\/\\\/www.vetorino.com\\\/boutique\\\/#website\"},\"primaryImageOfPage\":{\"@id\":\"https:\\\/\\\/www.vetorino.com\\\/boutique\\\/product\\\/labbezen\\\/#primaryimage\"},\"image\":{\"@id\":\"https:\\\/\\\/www.vetorino.com\\\/boutique\\\/product\\\/labbezen\\\/#primaryimage\"},\"thumbnailUrl\":\"https:\\\/\\\/www.vetorino.com\\\/boutique\\\/wp-content\\\/uploads\\\/2022\\\/11\\\/labbezen_antistress_chiens-chats-furets-herbivores-oiseaux_15_ml_1.webp\",\"datePublished\":\"2022-11-18T19:32:58+00:00\",\"dateModified\":\"2026-01-20T16:05:30+00:00\",\"description\":\"Labbezen est un compl\u00e9ment alimentaire formul\u00e9 pour aider votre animal de compagnie \u00e0 surmonter les p\u00e9riodes de stress avec plus de s\u00e9r\u00e9nit\u00e9. Sa formule conviendra aux chiens, chat et NAC.\",\"breadcrumb\":{\"@id\":\"https:\\\/\\\/www.vetorino.com\\\/boutique\\\/product\\\/labbezen\\\/#breadcrumb\"},\"inLanguage\":\"fr-FR\",\"potentialAction\":[{\"@type\":\"ReadAction\",\"target\":[\"https:\\\/\\\/www.vetorino.com\\\/boutique\\\/product\\\/labbezen\\\/\"]}]},{\"@type\":\"ImageObject\",\"inLanguage\":\"fr-FR\",\"@id\":\"https:\\\/\\\/www.vetorino.com\\\/boutique\\\/product\\\/labbezen\\\/#primaryimage\",\"url\":\"https:\\\/\\\/www.vetorino.com\\\/boutique\\\/wp-content\\\/uploads\\\/2022\\\/11\\\/labbezen_antistress_chiens-chats-furets-herbivores-oiseaux_15_ml_1.webp\",\"contentUrl\":\"https:\\\/\\\/www.vetorino.com\\\/boutique\\\/wp-content\\\/uploads\\\/2022\\\/11\\\/labbezen_antistress_chiens-chats-furets-herbivores-oiseaux_15_ml_1.webp\",\"width\":700,\"height\":700},{\"@type\":\"BreadcrumbList\",\"@id\":\"https:\\\/\\\/www.vetorino.com\\\/boutique\\\/product\\\/labbezen\\\/#breadcrumb\",\"itemListElement\":[{\"@type\":\"ListItem\",\"position\":1,\"name\":\"Accueil\",\"item\":\"https:\\\/\\\/www.vetorino.com\\\/boutique\\\/\"},{\"@type\":\"ListItem\",\"position\":2,\"name\":\"Produits\",\"item\":\"https:\\\/\\\/www.vetorino.com\\\/boutique\\\/\"},{\"@type\":\"ListItem\",\"position\":3,\"name\":\"Labbezen\"}]},{\"@type\":\"WebSite\",\"@id\":\"https:\\\/\\\/www.vetorino.com\\\/boutique\\\/#website\",\"url\":\"https:\\\/\\\/www.vetorino.com\\\/boutique\\\/\",\"name\":\"V\u00e9torino\",\"description\":\"\",\"publisher\":{\"@id\":\"https:\\\/\\\/www.vetorino.com\\\/boutique\\\/#organization\"},\"potentialAction\":[{\"@type\":\"SearchAction\",\"target\":{\"@type\":\"EntryPoint\",\"urlTemplate\":\"https:\\\/\\\/www.vetorino.com\\\/boutique\\\/?s={search_term_string}\"},\"query-input\":{\"@type\":\"PropertyValueSpecification\",\"valueRequired\":true,\"valueName\":\"search_term_string\"}}],\"inLanguage\":\"fr-FR\"},{\"@type\":\"Organization\",\"@id\":\"https:\\\/\\\/www.vetorino.com\\\/boutique\\\/#organization\",\"name\":\"V\u00e9torino\",\"url\":\"https:\\\/\\\/www.vetorino.com\\\/boutique\\\/\",\"logo\":{\"@type\":\"ImageObject\",\"inLanguage\":\"fr-FR\",\"@id\":\"https:\\\/\\\/www.vetorino.com\\\/boutique\\\/#\\\/schema\\\/logo\\\/image\\\/\",\"url\":\"https:\\\/\\\/www.vetorino.com\\\/boutique\\\/wp-content\\\/uploads\\\/2024\\\/10\\\/logo.jpg\",\"contentUrl\":\"https:\\\/\\\/www.vetorino.com\\\/boutique\\\/wp-content\\\/uploads\\\/2024\\\/10\\\/logo.jpg\",\"width\":1200,\"height\":610,\"caption\":\"V\u00e9torino\"},\"image\":{\"@id\":\"https:\\\/\\\/www.vetorino.com\\\/boutique\\\/#\\\/schema\\\/logo\\\/image\\\/\"},\"sameAs\":[\"https:\\\/\\\/www.facebook.com\\\/Vetorino\\\/\",\"https:\\\/\\\/www.instagram.com\\\/vetorino_off\\\/\",\"https:\\\/\\\/www.linkedin.com\\\/company\\\/vtorino\\\/\"]}]}<\/script>\n<meta property=\"product:brand\" content=\"Labbea\" \/>\n<meta property=\"product:price:amount\" content=\"11.07\" \/>\n<meta property=\"product:price:currency\" content=\"EUR\" \/>\n<meta property=\"og:availability\" content=\"instock\" \/>\n<meta property=\"product:availability\" content=\"instock\" \/>\n<meta property=\"product:retailer_item_id\" content=\"A-1859020\" \/>\n<meta property=\"product:condition\" content=\"new\" \/>\n<!-- \/ Yoast SEO plugin. -->","yoast_head_json":{"title":"Labbezen Labbea - V\u00e9torino","description":"Labbezen est un compl\u00e9ment alimentaire formul\u00e9 pour aider votre animal de compagnie \u00e0 surmonter les p\u00e9riodes de stress avec plus de s\u00e9r\u00e9nit\u00e9.   Sa formule conviendra aux chiens, chat et NAC.","robots":{"index":"noindex","follow":"nofollow"},"og_locale":"fr_FR","og_type":"article","og_title":"Labbezen Labbea - V\u00e9torino","og_description":"Labbezen est un compl\u00e9ment alimentaire formul\u00e9 pour aider votre animal de compagnie \u00e0 surmonter les p\u00e9riodes de stress avec plus de s\u00e9r\u00e9nit\u00e9.   Sa formule conviendra aux chiens, chat et NAC.","og_url":"https:\/\/www.vetorino.com\/veterinaire\/plouzevede-29440\/boutique\/product\/labbezen\/","og_site_name":"V\u00e9torino","article_publisher":"https:\/\/www.facebook.com\/Vetorino\/","article_modified_time":"2026-01-20T16:05:30+00:00","og_image":[{"width":700,"height":700,"url":"https:\/\/www.vetorino.com\/boutique\/wp-content\/uploads\/2022\/11\/labbezen_antistress_chiens-chats-furets-herbivores-oiseaux_15_ml_1.webp","type":"image\/webp"}],"twitter_card":"summary_large_image","twitter_misc":{"Prix":"11,07&euro;","Disponibilit\u00e9":"En stock"},"schema":{"@context":"https:\/\/schema.org","@graph":[{"@type":"WebPage","@id":"https:\/\/www.vetorino.com\/boutique\/product\/labbezen\/","url":"https:\/\/www.vetorino.com\/boutique\/product\/labbezen\/","name":"Labbezen Labbea - V\u00e9torino","isPartOf":{"@id":"https:\/\/www.vetorino.com\/boutique\/#website"},"primaryImageOfPage":{"@id":"https:\/\/www.vetorino.com\/boutique\/product\/labbezen\/#primaryimage"},"image":{"@id":"https:\/\/www.vetorino.com\/boutique\/product\/labbezen\/#primaryimage"},"thumbnailUrl":"https:\/\/www.vetorino.com\/boutique\/wp-content\/uploads\/2022\/11\/labbezen_antistress_chiens-chats-furets-herbivores-oiseaux_15_ml_1.webp","datePublished":"2022-11-18T19:32:58+00:00","dateModified":"2026-01-20T16:05:30+00:00","description":"Labbezen est un compl\u00e9ment alimentaire formul\u00e9 pour aider votre animal de compagnie \u00e0 surmonter les p\u00e9riodes de stress avec plus de s\u00e9r\u00e9nit\u00e9. Sa formule conviendra aux chiens, chat et NAC.","breadcrumb":{"@id":"https:\/\/www.vetorino.com\/boutique\/product\/labbezen\/#breadcrumb"},"inLanguage":"fr-FR","potentialAction":[{"@type":"ReadAction","target":["https:\/\/www.vetorino.com\/boutique\/product\/labbezen\/"]}]},{"@type":"ImageObject","inLanguage":"fr-FR","@id":"https:\/\/www.vetorino.com\/boutique\/product\/labbezen\/#primaryimage","url":"https:\/\/www.vetorino.com\/boutique\/wp-content\/uploads\/2022\/11\/labbezen_antistress_chiens-chats-furets-herbivores-oiseaux_15_ml_1.webp","contentUrl":"https:\/\/www.vetorino.com\/boutique\/wp-content\/uploads\/2022\/11\/labbezen_antistress_chiens-chats-furets-herbivores-oiseaux_15_ml_1.webp","width":700,"height":700},{"@type":"BreadcrumbList","@id":"https:\/\/www.vetorino.com\/boutique\/product\/labbezen\/#breadcrumb","itemListElement":[{"@type":"ListItem","position":1,"name":"Accueil","item":"https:\/\/www.vetorino.com\/boutique\/"},{"@type":"ListItem","position":2,"name":"Produits","item":"https:\/\/www.vetorino.com\/boutique\/"},{"@type":"ListItem","position":3,"name":"Labbezen"}]},{"@type":"WebSite","@id":"https:\/\/www.vetorino.com\/boutique\/#website","url":"https:\/\/www.vetorino.com\/boutique\/","name":"V\u00e9torino","description":"","publisher":{"@id":"https:\/\/www.vetorino.com\/boutique\/#organization"},"potentialAction":[{"@type":"SearchAction","target":{"@type":"EntryPoint","urlTemplate":"https:\/\/www.vetorino.com\/boutique\/?s={search_term_string}"},"query-input":{"@type":"PropertyValueSpecification","valueRequired":true,"valueName":"search_term_string"}}],"inLanguage":"fr-FR"},{"@type":"Organization","@id":"https:\/\/www.vetorino.com\/boutique\/#organization","name":"V\u00e9torino","url":"https:\/\/www.vetorino.com\/boutique\/","logo":{"@type":"ImageObject","inLanguage":"fr-FR","@id":"https:\/\/www.vetorino.com\/boutique\/#\/schema\/logo\/image\/","url":"https:\/\/www.vetorino.com\/boutique\/wp-content\/uploads\/2024\/10\/logo.jpg","contentUrl":"https:\/\/www.vetorino.com\/boutique\/wp-content\/uploads\/2024\/10\/logo.jpg","width":1200,"height":610,"caption":"V\u00e9torino"},"image":{"@id":"https:\/\/www.vetorino.com\/boutique\/#\/schema\/logo\/image\/"},"sameAs":["https:\/\/www.facebook.com\/Vetorino\/","https:\/\/www.instagram.com\/vetorino_off\/","https:\/\/www.linkedin.com\/company\/vtorino\/"]}]},"product_brand":"Labbea","product_price_amount":"11.07","product_price_currency":"EUR","og_availability":"instock","product_availability":"instock","product_retailer_item_id":"A-1859020","product_condition":"new"},"_links":{"self":[{"href":"https:\/\/www.vetorino.com\/veterinaire\/plouzevede-29440\/boutique\/wp-json\/wp\/v2\/product\/508800","targetHints":{"allow":["GET"]}}],"collection":[{"href":"https:\/\/www.vetorino.com\/veterinaire\/plouzevede-29440\/boutique\/wp-json\/wp\/v2\/product"}],"about":[{"href":"https:\/\/www.vetorino.com\/veterinaire\/plouzevede-29440\/boutique\/wp-json\/wp\/v2\/types\/product"}],"wp:featuredmedia":[{"embeddable":true,"href":"https:\/\/www.vetorino.com\/veterinaire\/plouzevede-29440\/boutique\/wp-json\/wp\/v2\/media\/1664933"}],"wp:attachment":[{"href":"https:\/\/www.vetorino.com\/veterinaire\/plouzevede-29440\/boutique\/wp-json\/wp\/v2\/media?parent=508800"}],"wp:term":[{"taxonomy":"product_cat","embeddable":true,"href":"https:\/\/www.vetorino.com\/veterinaire\/plouzevede-29440\/boutique\/wp-json\/wp\/v2\/product_cat?post=508800"},{"taxonomy":"product_tag","embeddable":true,"href":"https:\/\/www.vetorino.com\/veterinaire\/plouzevede-29440\/boutique\/wp-json\/wp\/v2\/product_tag?post=508800"}],"curies":[{"name":"wp","href":"https:\/\/api.w.org\/{rel}","templated":true}]}}