{"id":520657,"date":"2022-12-08T12:17:45","date_gmt":"2022-12-08T11:17:45","guid":{"rendered":"https:\/\/www.vetorino.com\/boutique\/product\/movoflex-s\/"},"modified":"2024-04-15T16:03:10","modified_gmt":"2024-04-15T14:03:10","slug":"movoflex-s","status":"publish","type":"product","link":"https:\/\/www.vetorino.com\/veterinaire\/plouzevede-29440\/boutique\/product\/movoflex-s\/","title":{"rendered":"Movoflex S"},"content":{"rendered":"<p>Movoflex\u00ae contient une formule unique et compl\u00e8te d\u2019ingr\u00e9dients cl\u00e9s pour\u00a0aider \u00e0 maintenir la sant\u00e9 et la mobilit\u00e9 des articulations, quel que soit l\u2019\u00e2ge du chien.<\/p>\n<p>Il contient\u00a0:<\/p>\n<ul>\n<li>de la membrane de coquille d\u2019oeuf (MCO), un nouvel ingr\u00e9dient d\u00e9riv\u00e9\u00a0d\u2019oeufs de poule, riche en collag\u00e8ne, en \u00e9lastine, en glycosaminoglycanes et en acides amin\u00e9s indispensables, favorisant la souplesse et l\u2019\u00e9lasticit\u00e9 des\u00a0articulations.<\/li>\n<li>de l\u2019acide hyaluronique pour maintenir la lubrification et la visco\u00e9lasticit\u00e9\u00a0de la membrane synoviale et la structure des articulations.<\/li>\n<li>de la farine de krill, riche en acide gras om\u00e9ga-3, obtenue \u00e0 partir d\u2019une\u00a0source durable de krill de l\u2019Antarctique p\u00each\u00e9 selon une m\u00e9thode exclusive \u00e9coresponsable, connue pour maintenir les articulations saines.<\/li>\n<li>de l\u2019astaxanthine, un puissant antioxydant issu de l\u2019algue Haematococcus\u00a0pluvialis , connu pour maintenir les articulations saines.<\/li>\n<li>un extrait de Boswellia serrata, obtenu \u00e0 partir de la r\u00e9sine de cet arbre.<\/li>\n<li>97 % d\u2019ingr\u00e9dients d\u2019origine naturelle.<\/li>\n<\/ul>\n<p>ESP\u00c8CE : Chien<\/p>\n<p>COMPOSITION : Riz pr\u00e9-g\u00e9latinis\u00e9, Glyc\u00e9rine, D\u00e9riv\u00e9s d\u2019origine v\u00e9g\u00e9tale, Amidon de ma\u00efs\u00a0pr\u00e9-g\u00e9latinis\u00e9, Huile raffin\u00e9e de tournesol, Sorbitol, Membrane de coquille d\u2019oeuf 3,3 %, Sucre, Prot\u00e9ines de pois, Levures, Amidon de riz pr\u00e9g\u00e9latinis\u00e9,\u00a0M\u00e9lasse de canne \u00e0 sucre, Farine de krill 1,85 %, Maltodextrine, Farine\u00a0d\u2019algues (Haematococcus pluvialis) 0,83 %, Min\u00e9raux, Acide\u00a0hyaluronique (haut et bas PM) 0,49 %, Cellulose en poudre.<\/p>\n<p>ADDITIFS PAR KG : Ar\u00f4me : Extrait de Boswellia serrata : 5,7 g. Conservateur : Acide citrique : 7,3 g<\/p>\n<p>&nbsp;<\/p>\n","protected":false},"excerpt":{"rendered":"<p><span style=\"font-weight: 400\">Les bouch\u00e9es Movoflex\u00ae permettent de <\/span><b>soutenir la sant\u00e9 articulaire.<\/b><\/p>\n<p><b>\u00a0<\/b><span style=\"font-weight: 400\">Bo\u00eete de 30<\/span> <span style=\"font-weight: 400\">bouch\u00e9es. <\/span><\/p>\n<ul>\n<li><span style=\"font-weight: 400\">Tailles : S (P &lt; 15 kg)<\/span><\/li>\n<\/ul>\n","protected":false},"featured_media":896408,"template":"","meta":[],"product_cat":[2698],"product_tag":[],"class_list":{"0":"post-520657","1":"product","2":"type-product","3":"status-publish","4":"has-post-thumbnail","6":"product_cat-chien","7":"pa_marque-virbac","9":"first","10":"instock","11":"taxable","12":"shipping-taxable","13":"purchasable","14":"product-type-simple"},"yoast_head":"<!-- This site is optimized with the Yoast SEO plugin v27.3 - https:\/\/yoast.com\/product\/yoast-seo-wordpress\/ -->\n<title>Movoflex S Virbac - V\u00e9torino<\/title>\n<meta name=\"description\" content=\"Les bouch\u00e9es Movoflex\u00ae permettent de soutenir la sant\u00e9 articulaire.  \u00a0Bo\u00eete de 30 bouch\u00e9es.    Tailles : S (P &lt; 15 kg)\" \/>\n<meta name=\"robots\" content=\"noindex, nofollow\" \/>\n<meta property=\"og:locale\" content=\"fr_FR\" \/>\n<meta property=\"og:type\" content=\"article\" \/>\n<meta property=\"og:title\" content=\"Movoflex S Virbac - V\u00e9torino\" \/>\n<meta property=\"og:description\" content=\"Les bouch\u00e9es Movoflex\u00ae permettent de soutenir la sant\u00e9 articulaire.  \u00a0Bo\u00eete de 30 bouch\u00e9es.    Tailles : S (P &lt; 15 kg)\" \/>\n<meta property=\"og:url\" content=\"https:\/\/www.vetorino.com\/veterinaire\/plouzevede-29440\/boutique\/product\/movoflex-s\/\" \/>\n<meta property=\"og:site_name\" content=\"V\u00e9torino\" \/>\n<meta property=\"article:publisher\" content=\"https:\/\/www.facebook.com\/Vetorino\/\" \/>\n<meta property=\"article:modified_time\" content=\"2024-04-15T14:03:10+00:00\" \/>\n<meta property=\"og:image\" content=\"https:\/\/www.vetorino.com\/boutique\/wp-content\/uploads\/2022\/12\/movoflex-s.jpg\" \/>\n\t<meta property=\"og:image:width\" content=\"800\" \/>\n\t<meta property=\"og:image:height\" content=\"800\" \/>\n\t<meta property=\"og:image:type\" content=\"image\/jpeg\" \/>\n<meta name=\"twitter:card\" content=\"summary_large_image\" \/>\n<meta name=\"twitter:label1\" content=\"Prix\" \/>\n\t<meta name=\"twitter:data1\" content=\"27,52&euro;\" \/>\n\t<meta name=\"twitter:label2\" content=\"Disponibilit\u00e9\" \/>\n\t<meta name=\"twitter:data2\" content=\"En stock\" \/>\n<script type=\"application\/ld+json\" class=\"yoast-schema-graph\">{\"@context\":\"https:\\\/\\\/schema.org\",\"@graph\":[{\"@type\":\"WebPage\",\"@id\":\"https:\\\/\\\/www.vetorino.com\\\/veterinaire\\\/pontarlier-25300\\\/boutique\\\/product\\\/movoflex-s\\\/\",\"url\":\"https:\\\/\\\/www.vetorino.com\\\/veterinaire\\\/pontarlier-25300\\\/boutique\\\/product\\\/movoflex-s\\\/\",\"name\":\"Movoflex S Virbac - V\u00e9torino\",\"isPartOf\":{\"@id\":\"https:\\\/\\\/www.vetorino.com\\\/boutique\\\/#website\"},\"primaryImageOfPage\":{\"@id\":\"https:\\\/\\\/www.vetorino.com\\\/veterinaire\\\/pontarlier-25300\\\/boutique\\\/product\\\/movoflex-s\\\/#primaryimage\"},\"image\":{\"@id\":\"https:\\\/\\\/www.vetorino.com\\\/veterinaire\\\/pontarlier-25300\\\/boutique\\\/product\\\/movoflex-s\\\/#primaryimage\"},\"thumbnailUrl\":\"https:\\\/\\\/www.vetorino.com\\\/boutique\\\/wp-content\\\/uploads\\\/2022\\\/12\\\/movoflex-s.jpg\",\"datePublished\":\"2022-12-08T11:17:45+00:00\",\"dateModified\":\"2024-04-15T14:03:10+00:00\",\"description\":\"Les bouch\u00e9es Movoflex\u00ae permettent de soutenir la sant\u00e9 articulaire. \u00a0Bo\u00eete de 30 bouch\u00e9es. Tailles : S (P &lt; 15 kg)\",\"breadcrumb\":{\"@id\":\"https:\\\/\\\/www.vetorino.com\\\/veterinaire\\\/pontarlier-25300\\\/boutique\\\/product\\\/movoflex-s\\\/#breadcrumb\"},\"inLanguage\":\"fr-FR\",\"potentialAction\":[{\"@type\":\"ReadAction\",\"target\":[\"https:\\\/\\\/www.vetorino.com\\\/veterinaire\\\/pontarlier-25300\\\/boutique\\\/product\\\/movoflex-s\\\/\"]}]},{\"@type\":\"ImageObject\",\"inLanguage\":\"fr-FR\",\"@id\":\"https:\\\/\\\/www.vetorino.com\\\/veterinaire\\\/pontarlier-25300\\\/boutique\\\/product\\\/movoflex-s\\\/#primaryimage\",\"url\":\"https:\\\/\\\/www.vetorino.com\\\/boutique\\\/wp-content\\\/uploads\\\/2022\\\/12\\\/movoflex-s.jpg\",\"contentUrl\":\"https:\\\/\\\/www.vetorino.com\\\/boutique\\\/wp-content\\\/uploads\\\/2022\\\/12\\\/movoflex-s.jpg\",\"width\":800,\"height\":800},{\"@type\":\"BreadcrumbList\",\"@id\":\"https:\\\/\\\/www.vetorino.com\\\/veterinaire\\\/pontarlier-25300\\\/boutique\\\/product\\\/movoflex-s\\\/#breadcrumb\",\"itemListElement\":[{\"@type\":\"ListItem\",\"position\":1,\"name\":\"Accueil\",\"item\":\"https:\\\/\\\/www.vetorino.com\\\/boutique\\\/\"},{\"@type\":\"ListItem\",\"position\":2,\"name\":\"Produits\",\"item\":\"https:\\\/\\\/www.vetorino.com\\\/boutique\\\/\"},{\"@type\":\"ListItem\",\"position\":3,\"name\":\"Movoflex S\"}]},{\"@type\":\"WebSite\",\"@id\":\"https:\\\/\\\/www.vetorino.com\\\/boutique\\\/#website\",\"url\":\"https:\\\/\\\/www.vetorino.com\\\/boutique\\\/\",\"name\":\"V\u00e9torino\",\"description\":\"\",\"publisher\":{\"@id\":\"https:\\\/\\\/www.vetorino.com\\\/boutique\\\/#organization\"},\"potentialAction\":[{\"@type\":\"SearchAction\",\"target\":{\"@type\":\"EntryPoint\",\"urlTemplate\":\"https:\\\/\\\/www.vetorino.com\\\/boutique\\\/?s={search_term_string}\"},\"query-input\":{\"@type\":\"PropertyValueSpecification\",\"valueRequired\":true,\"valueName\":\"search_term_string\"}}],\"inLanguage\":\"fr-FR\"},{\"@type\":\"Organization\",\"@id\":\"https:\\\/\\\/www.vetorino.com\\\/boutique\\\/#organization\",\"name\":\"V\u00e9torino\",\"url\":\"https:\\\/\\\/www.vetorino.com\\\/boutique\\\/\",\"logo\":{\"@type\":\"ImageObject\",\"inLanguage\":\"fr-FR\",\"@id\":\"https:\\\/\\\/www.vetorino.com\\\/boutique\\\/#\\\/schema\\\/logo\\\/image\\\/\",\"url\":\"https:\\\/\\\/www.vetorino.com\\\/boutique\\\/wp-content\\\/uploads\\\/2024\\\/10\\\/logo.jpg\",\"contentUrl\":\"https:\\\/\\\/www.vetorino.com\\\/boutique\\\/wp-content\\\/uploads\\\/2024\\\/10\\\/logo.jpg\",\"width\":1200,\"height\":610,\"caption\":\"V\u00e9torino\"},\"image\":{\"@id\":\"https:\\\/\\\/www.vetorino.com\\\/boutique\\\/#\\\/schema\\\/logo\\\/image\\\/\"},\"sameAs\":[\"https:\\\/\\\/www.facebook.com\\\/Vetorino\\\/\",\"https:\\\/\\\/www.instagram.com\\\/vetorino_off\\\/\",\"https:\\\/\\\/www.linkedin.com\\\/company\\\/vtorino\\\/\"]}]}<\/script>\n<meta property=\"product:brand\" content=\"Virbac\" \/>\n<meta property=\"product:price:amount\" content=\"27.52\" \/>\n<meta property=\"product:price:currency\" content=\"EUR\" \/>\n<meta property=\"og:availability\" content=\"instock\" \/>\n<meta property=\"product:availability\" content=\"instock\" \/>\n<meta property=\"product:retailer_item_id\" content=\"A-1871810\" \/>\n<meta property=\"product:condition\" content=\"new\" \/>\n<!-- \/ Yoast SEO plugin. -->","yoast_head_json":{"title":"Movoflex S Virbac - V\u00e9torino","description":"Les bouch\u00e9es Movoflex\u00ae permettent de soutenir la sant\u00e9 articulaire.  \u00a0Bo\u00eete de 30 bouch\u00e9es.    Tailles : S (P &lt; 15 kg)","robots":{"index":"noindex","follow":"nofollow"},"og_locale":"fr_FR","og_type":"article","og_title":"Movoflex S Virbac - V\u00e9torino","og_description":"Les bouch\u00e9es Movoflex\u00ae permettent de soutenir la sant\u00e9 articulaire.  \u00a0Bo\u00eete de 30 bouch\u00e9es.    Tailles : S (P &lt; 15 kg)","og_url":"https:\/\/www.vetorino.com\/veterinaire\/plouzevede-29440\/boutique\/product\/movoflex-s\/","og_site_name":"V\u00e9torino","article_publisher":"https:\/\/www.facebook.com\/Vetorino\/","article_modified_time":"2024-04-15T14:03:10+00:00","og_image":[{"width":800,"height":800,"url":"https:\/\/www.vetorino.com\/boutique\/wp-content\/uploads\/2022\/12\/movoflex-s.jpg","type":"image\/jpeg"}],"twitter_card":"summary_large_image","twitter_misc":{"Prix":"27,52&euro;","Disponibilit\u00e9":"En stock"},"schema":{"@context":"https:\/\/schema.org","@graph":[{"@type":"WebPage","@id":"https:\/\/www.vetorino.com\/veterinaire\/pontarlier-25300\/boutique\/product\/movoflex-s\/","url":"https:\/\/www.vetorino.com\/veterinaire\/pontarlier-25300\/boutique\/product\/movoflex-s\/","name":"Movoflex S Virbac - V\u00e9torino","isPartOf":{"@id":"https:\/\/www.vetorino.com\/boutique\/#website"},"primaryImageOfPage":{"@id":"https:\/\/www.vetorino.com\/veterinaire\/pontarlier-25300\/boutique\/product\/movoflex-s\/#primaryimage"},"image":{"@id":"https:\/\/www.vetorino.com\/veterinaire\/pontarlier-25300\/boutique\/product\/movoflex-s\/#primaryimage"},"thumbnailUrl":"https:\/\/www.vetorino.com\/boutique\/wp-content\/uploads\/2022\/12\/movoflex-s.jpg","datePublished":"2022-12-08T11:17:45+00:00","dateModified":"2024-04-15T14:03:10+00:00","description":"Les bouch\u00e9es Movoflex\u00ae permettent de soutenir la sant\u00e9 articulaire. \u00a0Bo\u00eete de 30 bouch\u00e9es. Tailles : S (P &lt; 15 kg)","breadcrumb":{"@id":"https:\/\/www.vetorino.com\/veterinaire\/pontarlier-25300\/boutique\/product\/movoflex-s\/#breadcrumb"},"inLanguage":"fr-FR","potentialAction":[{"@type":"ReadAction","target":["https:\/\/www.vetorino.com\/veterinaire\/pontarlier-25300\/boutique\/product\/movoflex-s\/"]}]},{"@type":"ImageObject","inLanguage":"fr-FR","@id":"https:\/\/www.vetorino.com\/veterinaire\/pontarlier-25300\/boutique\/product\/movoflex-s\/#primaryimage","url":"https:\/\/www.vetorino.com\/boutique\/wp-content\/uploads\/2022\/12\/movoflex-s.jpg","contentUrl":"https:\/\/www.vetorino.com\/boutique\/wp-content\/uploads\/2022\/12\/movoflex-s.jpg","width":800,"height":800},{"@type":"BreadcrumbList","@id":"https:\/\/www.vetorino.com\/veterinaire\/pontarlier-25300\/boutique\/product\/movoflex-s\/#breadcrumb","itemListElement":[{"@type":"ListItem","position":1,"name":"Accueil","item":"https:\/\/www.vetorino.com\/boutique\/"},{"@type":"ListItem","position":2,"name":"Produits","item":"https:\/\/www.vetorino.com\/boutique\/"},{"@type":"ListItem","position":3,"name":"Movoflex S"}]},{"@type":"WebSite","@id":"https:\/\/www.vetorino.com\/boutique\/#website","url":"https:\/\/www.vetorino.com\/boutique\/","name":"V\u00e9torino","description":"","publisher":{"@id":"https:\/\/www.vetorino.com\/boutique\/#organization"},"potentialAction":[{"@type":"SearchAction","target":{"@type":"EntryPoint","urlTemplate":"https:\/\/www.vetorino.com\/boutique\/?s={search_term_string}"},"query-input":{"@type":"PropertyValueSpecification","valueRequired":true,"valueName":"search_term_string"}}],"inLanguage":"fr-FR"},{"@type":"Organization","@id":"https:\/\/www.vetorino.com\/boutique\/#organization","name":"V\u00e9torino","url":"https:\/\/www.vetorino.com\/boutique\/","logo":{"@type":"ImageObject","inLanguage":"fr-FR","@id":"https:\/\/www.vetorino.com\/boutique\/#\/schema\/logo\/image\/","url":"https:\/\/www.vetorino.com\/boutique\/wp-content\/uploads\/2024\/10\/logo.jpg","contentUrl":"https:\/\/www.vetorino.com\/boutique\/wp-content\/uploads\/2024\/10\/logo.jpg","width":1200,"height":610,"caption":"V\u00e9torino"},"image":{"@id":"https:\/\/www.vetorino.com\/boutique\/#\/schema\/logo\/image\/"},"sameAs":["https:\/\/www.facebook.com\/Vetorino\/","https:\/\/www.instagram.com\/vetorino_off\/","https:\/\/www.linkedin.com\/company\/vtorino\/"]}]},"product_brand":"Virbac","product_price_amount":"27.52","product_price_currency":"EUR","og_availability":"instock","product_availability":"instock","product_retailer_item_id":"A-1871810","product_condition":"new"},"_links":{"self":[{"href":"https:\/\/www.vetorino.com\/veterinaire\/plouzevede-29440\/boutique\/wp-json\/wp\/v2\/product\/520657","targetHints":{"allow":["GET"]}}],"collection":[{"href":"https:\/\/www.vetorino.com\/veterinaire\/plouzevede-29440\/boutique\/wp-json\/wp\/v2\/product"}],"about":[{"href":"https:\/\/www.vetorino.com\/veterinaire\/plouzevede-29440\/boutique\/wp-json\/wp\/v2\/types\/product"}],"wp:featuredmedia":[{"embeddable":true,"href":"https:\/\/www.vetorino.com\/veterinaire\/plouzevede-29440\/boutique\/wp-json\/wp\/v2\/media\/896408"}],"wp:attachment":[{"href":"https:\/\/www.vetorino.com\/veterinaire\/plouzevede-29440\/boutique\/wp-json\/wp\/v2\/media?parent=520657"}],"wp:term":[{"taxonomy":"product_cat","embeddable":true,"href":"https:\/\/www.vetorino.com\/veterinaire\/plouzevede-29440\/boutique\/wp-json\/wp\/v2\/product_cat?post=520657"},{"taxonomy":"product_tag","embeddable":true,"href":"https:\/\/www.vetorino.com\/veterinaire\/plouzevede-29440\/boutique\/wp-json\/wp\/v2\/product_tag?post=520657"}],"curies":[{"name":"wp","href":"https:\/\/api.w.org\/{rel}","templated":true}]}}