{"id":520835,"date":"2022-12-08T17:30:15","date_gmt":"2022-12-08T16:30:15","guid":{"rendered":"https:\/\/www.vetorino.com\/boutique\/product\/balle-slimcat\/"},"modified":"2025-11-17T09:47:30","modified_gmt":"2025-11-17T08:47:30","slug":"balle-slimcat","status":"publish","type":"product","link":"https:\/\/www.vetorino.com\/veterinaire\/plouzevede-29440\/boutique\/product\/balle-slimcat\/","title":{"rendered":"Slimcat Balle Distributeur &#8211; chat"},"content":{"rendered":"<p>La balle SlimCat <strong>est le jouet id\u00e9al pour les chats s\u00e9dentaires<\/strong> qui tendent \u00e0 l&#8217;embonpoint.<\/p>\n<p>La\u00a0balle \u00e0 croquettes SlimCa<strong>t<\/strong> est \u00e9galement une occupation adapt\u00e9e<strong> pour les chats actifs pour chasser l&#8217;ennui.<\/strong><\/p>\n<p>Remplissez la balle SlimCat de croquettes ou de friandises. Quand le chat fait rouler la balle, il acc\u00e8de \u00e0 la nourriture. Une m\u00e9thode saine pour nourrir votre chat !<\/p>\n<p><em>Lavable au lave vaisselle.<\/em><br \/>\n<em>Convient \u00e0 toutes les sortes de croquettes.<\/em><\/p>\n","protected":false},"excerpt":{"rendered":"<p>La balle SlimCat <strong>est le jouet id\u00e9al pour les chats s\u00e9dentaires<\/strong> qui tendent \u00e0 l&#8217;embonpoint.<\/p>\n<p>La\u00a0balle \u00e0 croquettes SlimCa<strong>t<\/strong> est \u00e9galement une occupation adapt\u00e9e<strong> pour les chats actifs pour chasser l&#8217;ennui.<\/strong><\/p>\n<p>Remplissez la balle SlimCat de croquettes ou de friandises. Quand le chat fait rouler la balle, il acc\u00e8de \u00e0 la nourriture. Une m\u00e9thode saine pour nourrir votre chat !<\/p>\n<p><em>Lavable au lave vaisselle.<\/em><br \/>\n<em>Convient \u00e0 toutes les sortes de croquettes.<\/em><\/p>\n","protected":false},"featured_media":1572491,"template":"","meta":[],"product_cat":[12548,2697,12620],"product_tag":[],"class_list":{"0":"post-520835","1":"product","2":"type-product","3":"status-publish","4":"has-post-thumbnail","6":"product_cat-accessoire-du-chat","7":"product_cat-chat","8":"product_cat-jeux-educatifs-pour-chat","9":"pa_marque-materiel","11":"first","12":"instock","13":"taxable","14":"shipping-taxable","15":"purchasable","16":"product-type-simple"},"yoast_head":"<!-- This site is optimized with the Yoast SEO plugin v27.3 - https:\/\/yoast.com\/product\/yoast-seo-wordpress\/ -->\n<title>Slimcat Balle Distributeur - chat Mat\u00e9riel - V\u00e9torino<\/title>\n<meta name=\"description\" content=\"La balle SlimCat est le jouet id\u00e9al pour les chats s\u00e9dentaires qui tendent \u00e0 l&#039;embonpoint.  La\u00a0balle \u00e0 croquettes SlimCat est \u00e9galement une occupation adapt\u00e9e pour les chats actifs pour chasser l&#039;ennui.  Remplissez la balle SlimCat de croquettes ou de friandises. Quand le chat fait rouler la balle, il acc\u00e8de \u00e0 la nourriture. Une m\u00e9thode saine pour nourrir votre chat !  Lavable au lave vaisselle. Convient \u00e0 toutes les sortes de croquettes.\" \/>\n<meta name=\"robots\" content=\"noindex, nofollow\" \/>\n<meta property=\"og:locale\" content=\"fr_FR\" \/>\n<meta property=\"og:type\" content=\"article\" \/>\n<meta property=\"og:title\" content=\"Slimcat Balle Distributeur - chat Mat\u00e9riel - V\u00e9torino\" \/>\n<meta property=\"og:description\" content=\"La balle SlimCat est le jouet id\u00e9al pour les chats s\u00e9dentaires qui tendent \u00e0 l&#039;embonpoint.  La\u00a0balle \u00e0 croquettes SlimCat est \u00e9galement une occupation adapt\u00e9e pour les chats actifs pour chasser l&#039;ennui.  Remplissez la balle SlimCat de croquettes ou de friandises. Quand le chat fait rouler la balle, il acc\u00e8de \u00e0 la nourriture. Une m\u00e9thode saine pour nourrir votre chat !  Lavable au lave vaisselle. Convient \u00e0 toutes les sortes de croquettes.\" \/>\n<meta property=\"og:url\" content=\"https:\/\/www.vetorino.com\/veterinaire\/plouzevede-29440\/boutique\/product\/balle-slimcat\/\" \/>\n<meta property=\"og:site_name\" content=\"V\u00e9torino\" \/>\n<meta property=\"article:publisher\" content=\"https:\/\/www.facebook.com\/Vetorino\/\" \/>\n<meta property=\"article:modified_time\" content=\"2025-11-17T08:47:30+00:00\" \/>\n<meta property=\"og:image\" content=\"https:\/\/www.vetorino.com\/boutique\/wp-content\/uploads\/2020\/09\/logo-vetorino-1.png\" \/>\n\t<meta property=\"og:image:width\" content=\"539\" \/>\n\t<meta property=\"og:image:height\" content=\"224\" \/>\n\t<meta property=\"og:image:type\" content=\"image\/png\" \/>\n<meta name=\"twitter:card\" content=\"summary_large_image\" \/>\n<meta name=\"twitter:label1\" content=\"Prix\" \/>\n\t<meta name=\"twitter:data1\" content=\"9,74&euro;\" \/>\n\t<meta name=\"twitter:label2\" content=\"Disponibilit\u00e9\" \/>\n\t<meta name=\"twitter:data2\" content=\"En stock\" \/>\n<script type=\"application\/ld+json\" class=\"yoast-schema-graph\">{\"@context\":\"https:\\\/\\\/schema.org\",\"@graph\":[{\"@type\":\"WebPage\",\"@id\":\"https:\\\/\\\/www.vetorino.com\\\/boutique\\\/product\\\/balle-slimcat\\\/\",\"url\":\"https:\\\/\\\/www.vetorino.com\\\/boutique\\\/product\\\/balle-slimcat\\\/\",\"name\":\"Slimcat Balle Distributeur - chat Mat\u00e9riel - V\u00e9torino\",\"isPartOf\":{\"@id\":\"https:\\\/\\\/www.vetorino.com\\\/boutique\\\/#website\"},\"primaryImageOfPage\":{\"@id\":\"https:\\\/\\\/www.vetorino.com\\\/boutique\\\/product\\\/balle-slimcat\\\/#primaryimage\"},\"image\":{\"@id\":\"https:\\\/\\\/www.vetorino.com\\\/boutique\\\/product\\\/balle-slimcat\\\/#primaryimage\"},\"thumbnailUrl\":\"https:\\\/\\\/www.vetorino.com\\\/boutique\\\/wp-content\\\/uploads\\\/2022\\\/12\\\/multivet-balle-slimcat-rose-cont-ml.avif\",\"datePublished\":\"2022-12-08T16:30:15+00:00\",\"dateModified\":\"2025-11-17T08:47:30+00:00\",\"description\":\"La balle SlimCat est le jouet id\u00e9al pour les chats s\u00e9dentaires qui tendent \u00e0 l'embonpoint. La\u00a0balle \u00e0 croquettes SlimCat est \u00e9galement une occupation adapt\u00e9e pour les chats actifs pour chasser l'ennui. Remplissez la balle SlimCat de croquettes ou de friandises. Quand le chat fait rouler la balle, il acc\u00e8de \u00e0 la nourriture. Une m\u00e9thode saine pour nourrir votre chat ! Lavable au lave vaisselle. Convient \u00e0 toutes les sortes de croquettes.\",\"breadcrumb\":{\"@id\":\"https:\\\/\\\/www.vetorino.com\\\/boutique\\\/product\\\/balle-slimcat\\\/#breadcrumb\"},\"inLanguage\":\"fr-FR\",\"potentialAction\":[{\"@type\":\"ReadAction\",\"target\":[\"https:\\\/\\\/www.vetorino.com\\\/boutique\\\/product\\\/balle-slimcat\\\/\"]}]},{\"@type\":\"ImageObject\",\"inLanguage\":\"fr-FR\",\"@id\":\"https:\\\/\\\/www.vetorino.com\\\/boutique\\\/product\\\/balle-slimcat\\\/#primaryimage\",\"url\":\"https:\\\/\\\/www.vetorino.com\\\/boutique\\\/wp-content\\\/uploads\\\/2022\\\/12\\\/multivet-balle-slimcat-rose-cont-ml.avif\",\"contentUrl\":\"https:\\\/\\\/www.vetorino.com\\\/boutique\\\/wp-content\\\/uploads\\\/2022\\\/12\\\/multivet-balle-slimcat-rose-cont-ml.avif\",\"width\":500,\"height\":500},{\"@type\":\"BreadcrumbList\",\"@id\":\"https:\\\/\\\/www.vetorino.com\\\/boutique\\\/product\\\/balle-slimcat\\\/#breadcrumb\",\"itemListElement\":[{\"@type\":\"ListItem\",\"position\":1,\"name\":\"Accueil\",\"item\":\"https:\\\/\\\/www.vetorino.com\\\/boutique\\\/\"},{\"@type\":\"ListItem\",\"position\":2,\"name\":\"Produits\",\"item\":\"https:\\\/\\\/www.vetorino.com\\\/boutique\\\/\"},{\"@type\":\"ListItem\",\"position\":3,\"name\":\"Slimcat Balle Distributeur &#8211; chat\"}]},{\"@type\":\"WebSite\",\"@id\":\"https:\\\/\\\/www.vetorino.com\\\/boutique\\\/#website\",\"url\":\"https:\\\/\\\/www.vetorino.com\\\/boutique\\\/\",\"name\":\"V\u00e9torino\",\"description\":\"\",\"publisher\":{\"@id\":\"https:\\\/\\\/www.vetorino.com\\\/boutique\\\/#organization\"},\"potentialAction\":[{\"@type\":\"SearchAction\",\"target\":{\"@type\":\"EntryPoint\",\"urlTemplate\":\"https:\\\/\\\/www.vetorino.com\\\/boutique\\\/?s={search_term_string}\"},\"query-input\":{\"@type\":\"PropertyValueSpecification\",\"valueRequired\":true,\"valueName\":\"search_term_string\"}}],\"inLanguage\":\"fr-FR\"},{\"@type\":\"Organization\",\"@id\":\"https:\\\/\\\/www.vetorino.com\\\/boutique\\\/#organization\",\"name\":\"V\u00e9torino\",\"url\":\"https:\\\/\\\/www.vetorino.com\\\/boutique\\\/\",\"logo\":{\"@type\":\"ImageObject\",\"inLanguage\":\"fr-FR\",\"@id\":\"https:\\\/\\\/www.vetorino.com\\\/boutique\\\/#\\\/schema\\\/logo\\\/image\\\/\",\"url\":\"https:\\\/\\\/www.vetorino.com\\\/boutique\\\/wp-content\\\/uploads\\\/2024\\\/10\\\/logo.jpg\",\"contentUrl\":\"https:\\\/\\\/www.vetorino.com\\\/boutique\\\/wp-content\\\/uploads\\\/2024\\\/10\\\/logo.jpg\",\"width\":1200,\"height\":610,\"caption\":\"V\u00e9torino\"},\"image\":{\"@id\":\"https:\\\/\\\/www.vetorino.com\\\/boutique\\\/#\\\/schema\\\/logo\\\/image\\\/\"},\"sameAs\":[\"https:\\\/\\\/www.facebook.com\\\/Vetorino\\\/\",\"https:\\\/\\\/www.instagram.com\\\/vetorino_off\\\/\",\"https:\\\/\\\/www.linkedin.com\\\/company\\\/vtorino\\\/\"]}]}<\/script>\n<meta property=\"product:brand\" content=\"Mat\u00e9riel\" \/>\n<meta property=\"product:price:amount\" content=\"9.74\" \/>\n<meta property=\"product:price:currency\" content=\"EUR\" \/>\n<meta property=\"og:availability\" content=\"instock\" \/>\n<meta property=\"product:availability\" content=\"instock\" \/>\n<meta property=\"product:retailer_item_id\" content=\"A-8230308\" \/>\n<meta property=\"product:condition\" content=\"new\" \/>\n<!-- \/ Yoast SEO plugin. -->","yoast_head_json":{"title":"Slimcat Balle Distributeur - chat Mat\u00e9riel - V\u00e9torino","description":"La balle SlimCat est le jouet id\u00e9al pour les chats s\u00e9dentaires qui tendent \u00e0 l'embonpoint.  La\u00a0balle \u00e0 croquettes SlimCat est \u00e9galement une occupation adapt\u00e9e pour les chats actifs pour chasser l'ennui.  Remplissez la balle SlimCat de croquettes ou de friandises. Quand le chat fait rouler la balle, il acc\u00e8de \u00e0 la nourriture. Une m\u00e9thode saine pour nourrir votre chat !  Lavable au lave vaisselle. Convient \u00e0 toutes les sortes de croquettes.","robots":{"index":"noindex","follow":"nofollow"},"og_locale":"fr_FR","og_type":"article","og_title":"Slimcat Balle Distributeur - chat Mat\u00e9riel - V\u00e9torino","og_description":"La balle SlimCat est le jouet id\u00e9al pour les chats s\u00e9dentaires qui tendent \u00e0 l'embonpoint.  La\u00a0balle \u00e0 croquettes SlimCat est \u00e9galement une occupation adapt\u00e9e pour les chats actifs pour chasser l'ennui.  Remplissez la balle SlimCat de croquettes ou de friandises. Quand le chat fait rouler la balle, il acc\u00e8de \u00e0 la nourriture. Une m\u00e9thode saine pour nourrir votre chat !  Lavable au lave vaisselle. Convient \u00e0 toutes les sortes de croquettes.","og_url":"https:\/\/www.vetorino.com\/veterinaire\/plouzevede-29440\/boutique\/product\/balle-slimcat\/","og_site_name":"V\u00e9torino","article_publisher":"https:\/\/www.facebook.com\/Vetorino\/","article_modified_time":"2025-11-17T08:47:30+00:00","og_image":[{"width":539,"height":224,"url":"https:\/\/www.vetorino.com\/boutique\/wp-content\/uploads\/2020\/09\/logo-vetorino-1.png","type":"image\/png"}],"twitter_card":"summary_large_image","twitter_misc":{"Prix":"9,74&euro;","Disponibilit\u00e9":"En stock"},"schema":{"@context":"https:\/\/schema.org","@graph":[{"@type":"WebPage","@id":"https:\/\/www.vetorino.com\/boutique\/product\/balle-slimcat\/","url":"https:\/\/www.vetorino.com\/boutique\/product\/balle-slimcat\/","name":"Slimcat Balle Distributeur - chat Mat\u00e9riel - V\u00e9torino","isPartOf":{"@id":"https:\/\/www.vetorino.com\/boutique\/#website"},"primaryImageOfPage":{"@id":"https:\/\/www.vetorino.com\/boutique\/product\/balle-slimcat\/#primaryimage"},"image":{"@id":"https:\/\/www.vetorino.com\/boutique\/product\/balle-slimcat\/#primaryimage"},"thumbnailUrl":"https:\/\/www.vetorino.com\/boutique\/wp-content\/uploads\/2022\/12\/multivet-balle-slimcat-rose-cont-ml.avif","datePublished":"2022-12-08T16:30:15+00:00","dateModified":"2025-11-17T08:47:30+00:00","description":"La balle SlimCat est le jouet id\u00e9al pour les chats s\u00e9dentaires qui tendent \u00e0 l'embonpoint. La\u00a0balle \u00e0 croquettes SlimCat est \u00e9galement une occupation adapt\u00e9e pour les chats actifs pour chasser l'ennui. Remplissez la balle SlimCat de croquettes ou de friandises. Quand le chat fait rouler la balle, il acc\u00e8de \u00e0 la nourriture. Une m\u00e9thode saine pour nourrir votre chat ! Lavable au lave vaisselle. Convient \u00e0 toutes les sortes de croquettes.","breadcrumb":{"@id":"https:\/\/www.vetorino.com\/boutique\/product\/balle-slimcat\/#breadcrumb"},"inLanguage":"fr-FR","potentialAction":[{"@type":"ReadAction","target":["https:\/\/www.vetorino.com\/boutique\/product\/balle-slimcat\/"]}]},{"@type":"ImageObject","inLanguage":"fr-FR","@id":"https:\/\/www.vetorino.com\/boutique\/product\/balle-slimcat\/#primaryimage","url":"https:\/\/www.vetorino.com\/boutique\/wp-content\/uploads\/2022\/12\/multivet-balle-slimcat-rose-cont-ml.avif","contentUrl":"https:\/\/www.vetorino.com\/boutique\/wp-content\/uploads\/2022\/12\/multivet-balle-slimcat-rose-cont-ml.avif","width":500,"height":500},{"@type":"BreadcrumbList","@id":"https:\/\/www.vetorino.com\/boutique\/product\/balle-slimcat\/#breadcrumb","itemListElement":[{"@type":"ListItem","position":1,"name":"Accueil","item":"https:\/\/www.vetorino.com\/boutique\/"},{"@type":"ListItem","position":2,"name":"Produits","item":"https:\/\/www.vetorino.com\/boutique\/"},{"@type":"ListItem","position":3,"name":"Slimcat Balle Distributeur &#8211; chat"}]},{"@type":"WebSite","@id":"https:\/\/www.vetorino.com\/boutique\/#website","url":"https:\/\/www.vetorino.com\/boutique\/","name":"V\u00e9torino","description":"","publisher":{"@id":"https:\/\/www.vetorino.com\/boutique\/#organization"},"potentialAction":[{"@type":"SearchAction","target":{"@type":"EntryPoint","urlTemplate":"https:\/\/www.vetorino.com\/boutique\/?s={search_term_string}"},"query-input":{"@type":"PropertyValueSpecification","valueRequired":true,"valueName":"search_term_string"}}],"inLanguage":"fr-FR"},{"@type":"Organization","@id":"https:\/\/www.vetorino.com\/boutique\/#organization","name":"V\u00e9torino","url":"https:\/\/www.vetorino.com\/boutique\/","logo":{"@type":"ImageObject","inLanguage":"fr-FR","@id":"https:\/\/www.vetorino.com\/boutique\/#\/schema\/logo\/image\/","url":"https:\/\/www.vetorino.com\/boutique\/wp-content\/uploads\/2024\/10\/logo.jpg","contentUrl":"https:\/\/www.vetorino.com\/boutique\/wp-content\/uploads\/2024\/10\/logo.jpg","width":1200,"height":610,"caption":"V\u00e9torino"},"image":{"@id":"https:\/\/www.vetorino.com\/boutique\/#\/schema\/logo\/image\/"},"sameAs":["https:\/\/www.facebook.com\/Vetorino\/","https:\/\/www.instagram.com\/vetorino_off\/","https:\/\/www.linkedin.com\/company\/vtorino\/"]}]},"product_brand":"Mat\u00e9riel","product_price_amount":"9.74","product_price_currency":"EUR","og_availability":"instock","product_availability":"instock","product_retailer_item_id":"A-8230308","product_condition":"new"},"_links":{"self":[{"href":"https:\/\/www.vetorino.com\/veterinaire\/plouzevede-29440\/boutique\/wp-json\/wp\/v2\/product\/520835","targetHints":{"allow":["GET"]}}],"collection":[{"href":"https:\/\/www.vetorino.com\/veterinaire\/plouzevede-29440\/boutique\/wp-json\/wp\/v2\/product"}],"about":[{"href":"https:\/\/www.vetorino.com\/veterinaire\/plouzevede-29440\/boutique\/wp-json\/wp\/v2\/types\/product"}],"wp:featuredmedia":[{"embeddable":true,"href":"https:\/\/www.vetorino.com\/veterinaire\/plouzevede-29440\/boutique\/wp-json\/wp\/v2\/media\/1572491"}],"wp:attachment":[{"href":"https:\/\/www.vetorino.com\/veterinaire\/plouzevede-29440\/boutique\/wp-json\/wp\/v2\/media?parent=520835"}],"wp:term":[{"taxonomy":"product_cat","embeddable":true,"href":"https:\/\/www.vetorino.com\/veterinaire\/plouzevede-29440\/boutique\/wp-json\/wp\/v2\/product_cat?post=520835"},{"taxonomy":"product_tag","embeddable":true,"href":"https:\/\/www.vetorino.com\/veterinaire\/plouzevede-29440\/boutique\/wp-json\/wp\/v2\/product_tag?post=520835"}],"curies":[{"name":"wp","href":"https:\/\/api.w.org\/{rel}","templated":true}]}}