{"id":547506,"date":"2023-01-26T20:26:45","date_gmt":"2023-01-26T19:26:45","guid":{"rendered":"https:\/\/www.vetorino.com\/boutique\/product\/optigel\/"},"modified":"2023-06-13T10:14:18","modified_gmt":"2023-06-13T08:14:18","slug":"optigel","status":"publish","type":"product","link":"https:\/\/www.vetorino.com\/veterinaire\/plouzevede-29440\/boutique\/product\/optigel\/","title":{"rendered":"Optigel"},"content":{"rendered":"<p>Nettoyant, protecteur oculaire pour chats, chiens, nacs et chevaux.<\/p>\n<ul>\n<li>Gel st\u00e9rile utilis\u00e9 pour la protection, la lubrification et l&#8217;humidification quotidienne de la corn\u00e9e et des conjonctivites oculaires.<\/li>\n<li>Pr\u00e9vient la s\u00e9cheresse corn\u00e9enne pendant l&#8217;anesth\u00e9sie.<\/li>\n<\/ul>\n<p>Instiller 1-2 cm de gel directement sur la corn\u00e9e, 2 fois par jour.<br \/>\nNe pas utiliser en cas de l\u00e9sion.<\/p>\n","protected":false},"excerpt":{"rendered":"<p>Nettoyant, protecteur oculaire pour chats, chiens, nacs et chevaux.<\/p>\n<ul>\n<li>Gel st\u00e9rile utilis\u00e9 pour la protection, la lubrification et l&#8217;humidification quotidienne de la corn\u00e9e et des conjonctivites oculaires.<\/li>\n<li>Pr\u00e9vient la s\u00e9cheresse corn\u00e9enne pendant l&#8217;anesth\u00e9sie.<\/li>\n<\/ul>\n<p>Instiller 1-2 cm de gel directement sur la corn\u00e9e, 2 fois par jour.<br \/>\nNe pas utiliser en cas de l\u00e9sion.<\/p>\n","protected":false},"featured_media":619361,"template":"","meta":[],"product_cat":[2697,2698,12615,12616,12560,12561,2727],"product_tag":[],"class_list":{"0":"post-547506","1":"product","2":"type-product","3":"status-publish","4":"has-post-thumbnail","6":"product_cat-chat","7":"product_cat-chien","8":"product_cat-hygiene-des-yeux-du-chat","9":"product_cat-hygiene-des-yeux-du-chien","10":"product_cat-hygiene-du-chat","11":"product_cat-hygiene-du-chien","12":"product_cat-nac","14":"first","15":"instock","16":"taxable","17":"shipping-taxable","18":"purchasable","19":"product-type-simple"},"yoast_head":"<!-- This site is optimized with the Yoast SEO plugin v27.3 - https:\/\/yoast.com\/product\/yoast-seo-wordpress\/ -->\n<title>Optigel - V\u00e9torino<\/title>\n<meta name=\"description\" content=\"Nettoyant, protecteur oculaire pour chats, chiens, nacs et chevaux.   Gel st\u00e9rile utilis\u00e9 pour la protection, la lubrification et l&#039;humidification quotidienne de la corn\u00e9e et des conjonctivites oculaires.  Pr\u00e9vient la s\u00e9cheresse corn\u00e9enne pendant l&#039;anesth\u00e9sie.  Instiller 1-2 cm de gel directement sur la corn\u00e9e, 2 fois par jour. Ne pas utiliser en cas de l\u00e9sion.\" \/>\n<meta name=\"robots\" content=\"noindex, nofollow\" \/>\n<meta property=\"og:locale\" content=\"fr_FR\" \/>\n<meta property=\"og:type\" content=\"article\" \/>\n<meta property=\"og:title\" content=\"Optigel - V\u00e9torino\" \/>\n<meta property=\"og:description\" content=\"Nettoyant, protecteur oculaire pour chats, chiens, nacs et chevaux.   Gel st\u00e9rile utilis\u00e9 pour la protection, la lubrification et l&#039;humidification quotidienne de la corn\u00e9e et des conjonctivites oculaires.  Pr\u00e9vient la s\u00e9cheresse corn\u00e9enne pendant l&#039;anesth\u00e9sie.  Instiller 1-2 cm de gel directement sur la corn\u00e9e, 2 fois par jour. Ne pas utiliser en cas de l\u00e9sion.\" \/>\n<meta property=\"og:url\" content=\"https:\/\/www.vetorino.com\/veterinaire\/plouzevede-29440\/boutique\/product\/optigel\/\" \/>\n<meta property=\"og:site_name\" content=\"V\u00e9torino\" \/>\n<meta property=\"article:publisher\" content=\"https:\/\/www.facebook.com\/Vetorino\/\" \/>\n<meta property=\"article:modified_time\" content=\"2023-06-13T08:14:18+00:00\" \/>\n<meta property=\"og:image\" content=\"https:\/\/www.vetorino.com\/boutique\/wp-content\/uploads\/2023\/05\/optigel.png\" \/>\n\t<meta property=\"og:image:width\" content=\"800\" \/>\n\t<meta property=\"og:image:height\" content=\"800\" \/>\n\t<meta property=\"og:image:type\" content=\"image\/png\" \/>\n<meta name=\"twitter:card\" content=\"summary_large_image\" \/>\n<meta name=\"twitter:label1\" content=\"Prix\" \/>\n\t<meta name=\"twitter:data1\" content=\"12,86&euro;\" \/>\n\t<meta name=\"twitter:label2\" content=\"Disponibilit\u00e9\" \/>\n\t<meta name=\"twitter:data2\" content=\"En stock\" \/>\n<script type=\"application\/ld+json\" class=\"yoast-schema-graph\">{\"@context\":\"https:\\\/\\\/schema.org\",\"@graph\":[{\"@type\":\"WebPage\",\"@id\":\"https:\\\/\\\/www.vetorino.com\\\/boutique\\\/product\\\/optigel\\\/\",\"url\":\"https:\\\/\\\/www.vetorino.com\\\/boutique\\\/product\\\/optigel\\\/\",\"name\":\"Optigel - V\u00e9torino\",\"isPartOf\":{\"@id\":\"https:\\\/\\\/www.vetorino.com\\\/boutique\\\/#website\"},\"primaryImageOfPage\":{\"@id\":\"https:\\\/\\\/www.vetorino.com\\\/boutique\\\/product\\\/optigel\\\/#primaryimage\"},\"image\":{\"@id\":\"https:\\\/\\\/www.vetorino.com\\\/boutique\\\/product\\\/optigel\\\/#primaryimage\"},\"thumbnailUrl\":\"https:\\\/\\\/www.vetorino.com\\\/boutique\\\/wp-content\\\/uploads\\\/2023\\\/05\\\/optigel.png\",\"datePublished\":\"2023-01-26T19:26:45+00:00\",\"dateModified\":\"2023-06-13T08:14:18+00:00\",\"description\":\"Nettoyant, protecteur oculaire pour chats, chiens, nacs et chevaux. Gel st\u00e9rile utilis\u00e9 pour la protection, la lubrification et l'humidification quotidienne de la corn\u00e9e et des conjonctivites oculaires. Pr\u00e9vient la s\u00e9cheresse corn\u00e9enne pendant l'anesth\u00e9sie. Instiller 1-2 cm de gel directement sur la corn\u00e9e, 2 fois par jour. Ne pas utiliser en cas de l\u00e9sion.\",\"breadcrumb\":{\"@id\":\"https:\\\/\\\/www.vetorino.com\\\/boutique\\\/product\\\/optigel\\\/#breadcrumb\"},\"inLanguage\":\"fr-FR\",\"potentialAction\":[{\"@type\":\"ReadAction\",\"target\":[\"https:\\\/\\\/www.vetorino.com\\\/boutique\\\/product\\\/optigel\\\/\"]}]},{\"@type\":\"ImageObject\",\"inLanguage\":\"fr-FR\",\"@id\":\"https:\\\/\\\/www.vetorino.com\\\/boutique\\\/product\\\/optigel\\\/#primaryimage\",\"url\":\"https:\\\/\\\/www.vetorino.com\\\/boutique\\\/wp-content\\\/uploads\\\/2023\\\/05\\\/optigel.png\",\"contentUrl\":\"https:\\\/\\\/www.vetorino.com\\\/boutique\\\/wp-content\\\/uploads\\\/2023\\\/05\\\/optigel.png\",\"width\":800,\"height\":800},{\"@type\":\"BreadcrumbList\",\"@id\":\"https:\\\/\\\/www.vetorino.com\\\/boutique\\\/product\\\/optigel\\\/#breadcrumb\",\"itemListElement\":[{\"@type\":\"ListItem\",\"position\":1,\"name\":\"Accueil\",\"item\":\"https:\\\/\\\/www.vetorino.com\\\/boutique\\\/\"},{\"@type\":\"ListItem\",\"position\":2,\"name\":\"Produits\",\"item\":\"https:\\\/\\\/www.vetorino.com\\\/boutique\\\/\"},{\"@type\":\"ListItem\",\"position\":3,\"name\":\"Optigel\"}]},{\"@type\":\"WebSite\",\"@id\":\"https:\\\/\\\/www.vetorino.com\\\/boutique\\\/#website\",\"url\":\"https:\\\/\\\/www.vetorino.com\\\/boutique\\\/\",\"name\":\"V\u00e9torino\",\"description\":\"\",\"publisher\":{\"@id\":\"https:\\\/\\\/www.vetorino.com\\\/boutique\\\/#organization\"},\"potentialAction\":[{\"@type\":\"SearchAction\",\"target\":{\"@type\":\"EntryPoint\",\"urlTemplate\":\"https:\\\/\\\/www.vetorino.com\\\/boutique\\\/?s={search_term_string}\"},\"query-input\":{\"@type\":\"PropertyValueSpecification\",\"valueRequired\":true,\"valueName\":\"search_term_string\"}}],\"inLanguage\":\"fr-FR\"},{\"@type\":\"Organization\",\"@id\":\"https:\\\/\\\/www.vetorino.com\\\/boutique\\\/#organization\",\"name\":\"V\u00e9torino\",\"url\":\"https:\\\/\\\/www.vetorino.com\\\/boutique\\\/\",\"logo\":{\"@type\":\"ImageObject\",\"inLanguage\":\"fr-FR\",\"@id\":\"https:\\\/\\\/www.vetorino.com\\\/boutique\\\/#\\\/schema\\\/logo\\\/image\\\/\",\"url\":\"https:\\\/\\\/www.vetorino.com\\\/boutique\\\/wp-content\\\/uploads\\\/2024\\\/10\\\/logo.jpg\",\"contentUrl\":\"https:\\\/\\\/www.vetorino.com\\\/boutique\\\/wp-content\\\/uploads\\\/2024\\\/10\\\/logo.jpg\",\"width\":1200,\"height\":610,\"caption\":\"V\u00e9torino\"},\"image\":{\"@id\":\"https:\\\/\\\/www.vetorino.com\\\/boutique\\\/#\\\/schema\\\/logo\\\/image\\\/\"},\"sameAs\":[\"https:\\\/\\\/www.facebook.com\\\/Vetorino\\\/\",\"https:\\\/\\\/www.instagram.com\\\/vetorino_off\\\/\",\"https:\\\/\\\/www.linkedin.com\\\/company\\\/vtorino\\\/\"]}]}<\/script>\n<meta property=\"product:price:amount\" content=\"12.86\" \/>\n<meta property=\"product:price:currency\" content=\"EUR\" \/>\n<meta property=\"og:availability\" content=\"instock\" \/>\n<meta property=\"product:availability\" content=\"instock\" \/>\n<meta property=\"product:retailer_item_id\" content=\"A-1866810\" \/>\n<meta property=\"product:condition\" content=\"new\" \/>\n<!-- \/ Yoast SEO plugin. -->","yoast_head_json":{"title":"Optigel - V\u00e9torino","description":"Nettoyant, protecteur oculaire pour chats, chiens, nacs et chevaux.   Gel st\u00e9rile utilis\u00e9 pour la protection, la lubrification et l'humidification quotidienne de la corn\u00e9e et des conjonctivites oculaires.  Pr\u00e9vient la s\u00e9cheresse corn\u00e9enne pendant l'anesth\u00e9sie.  Instiller 1-2 cm de gel directement sur la corn\u00e9e, 2 fois par jour. Ne pas utiliser en cas de l\u00e9sion.","robots":{"index":"noindex","follow":"nofollow"},"og_locale":"fr_FR","og_type":"article","og_title":"Optigel - V\u00e9torino","og_description":"Nettoyant, protecteur oculaire pour chats, chiens, nacs et chevaux.   Gel st\u00e9rile utilis\u00e9 pour la protection, la lubrification et l'humidification quotidienne de la corn\u00e9e et des conjonctivites oculaires.  Pr\u00e9vient la s\u00e9cheresse corn\u00e9enne pendant l'anesth\u00e9sie.  Instiller 1-2 cm de gel directement sur la corn\u00e9e, 2 fois par jour. Ne pas utiliser en cas de l\u00e9sion.","og_url":"https:\/\/www.vetorino.com\/veterinaire\/plouzevede-29440\/boutique\/product\/optigel\/","og_site_name":"V\u00e9torino","article_publisher":"https:\/\/www.facebook.com\/Vetorino\/","article_modified_time":"2023-06-13T08:14:18+00:00","og_image":[{"width":800,"height":800,"url":"https:\/\/www.vetorino.com\/boutique\/wp-content\/uploads\/2023\/05\/optigel.png","type":"image\/png"}],"twitter_card":"summary_large_image","twitter_misc":{"Prix":"12,86&euro;","Disponibilit\u00e9":"En stock"},"schema":{"@context":"https:\/\/schema.org","@graph":[{"@type":"WebPage","@id":"https:\/\/www.vetorino.com\/boutique\/product\/optigel\/","url":"https:\/\/www.vetorino.com\/boutique\/product\/optigel\/","name":"Optigel - V\u00e9torino","isPartOf":{"@id":"https:\/\/www.vetorino.com\/boutique\/#website"},"primaryImageOfPage":{"@id":"https:\/\/www.vetorino.com\/boutique\/product\/optigel\/#primaryimage"},"image":{"@id":"https:\/\/www.vetorino.com\/boutique\/product\/optigel\/#primaryimage"},"thumbnailUrl":"https:\/\/www.vetorino.com\/boutique\/wp-content\/uploads\/2023\/05\/optigel.png","datePublished":"2023-01-26T19:26:45+00:00","dateModified":"2023-06-13T08:14:18+00:00","description":"Nettoyant, protecteur oculaire pour chats, chiens, nacs et chevaux. Gel st\u00e9rile utilis\u00e9 pour la protection, la lubrification et l'humidification quotidienne de la corn\u00e9e et des conjonctivites oculaires. Pr\u00e9vient la s\u00e9cheresse corn\u00e9enne pendant l'anesth\u00e9sie. Instiller 1-2 cm de gel directement sur la corn\u00e9e, 2 fois par jour. Ne pas utiliser en cas de l\u00e9sion.","breadcrumb":{"@id":"https:\/\/www.vetorino.com\/boutique\/product\/optigel\/#breadcrumb"},"inLanguage":"fr-FR","potentialAction":[{"@type":"ReadAction","target":["https:\/\/www.vetorino.com\/boutique\/product\/optigel\/"]}]},{"@type":"ImageObject","inLanguage":"fr-FR","@id":"https:\/\/www.vetorino.com\/boutique\/product\/optigel\/#primaryimage","url":"https:\/\/www.vetorino.com\/boutique\/wp-content\/uploads\/2023\/05\/optigel.png","contentUrl":"https:\/\/www.vetorino.com\/boutique\/wp-content\/uploads\/2023\/05\/optigel.png","width":800,"height":800},{"@type":"BreadcrumbList","@id":"https:\/\/www.vetorino.com\/boutique\/product\/optigel\/#breadcrumb","itemListElement":[{"@type":"ListItem","position":1,"name":"Accueil","item":"https:\/\/www.vetorino.com\/boutique\/"},{"@type":"ListItem","position":2,"name":"Produits","item":"https:\/\/www.vetorino.com\/boutique\/"},{"@type":"ListItem","position":3,"name":"Optigel"}]},{"@type":"WebSite","@id":"https:\/\/www.vetorino.com\/boutique\/#website","url":"https:\/\/www.vetorino.com\/boutique\/","name":"V\u00e9torino","description":"","publisher":{"@id":"https:\/\/www.vetorino.com\/boutique\/#organization"},"potentialAction":[{"@type":"SearchAction","target":{"@type":"EntryPoint","urlTemplate":"https:\/\/www.vetorino.com\/boutique\/?s={search_term_string}"},"query-input":{"@type":"PropertyValueSpecification","valueRequired":true,"valueName":"search_term_string"}}],"inLanguage":"fr-FR"},{"@type":"Organization","@id":"https:\/\/www.vetorino.com\/boutique\/#organization","name":"V\u00e9torino","url":"https:\/\/www.vetorino.com\/boutique\/","logo":{"@type":"ImageObject","inLanguage":"fr-FR","@id":"https:\/\/www.vetorino.com\/boutique\/#\/schema\/logo\/image\/","url":"https:\/\/www.vetorino.com\/boutique\/wp-content\/uploads\/2024\/10\/logo.jpg","contentUrl":"https:\/\/www.vetorino.com\/boutique\/wp-content\/uploads\/2024\/10\/logo.jpg","width":1200,"height":610,"caption":"V\u00e9torino"},"image":{"@id":"https:\/\/www.vetorino.com\/boutique\/#\/schema\/logo\/image\/"},"sameAs":["https:\/\/www.facebook.com\/Vetorino\/","https:\/\/www.instagram.com\/vetorino_off\/","https:\/\/www.linkedin.com\/company\/vtorino\/"]}]},"product_price_amount":"12.86","product_price_currency":"EUR","og_availability":"instock","product_availability":"instock","product_retailer_item_id":"A-1866810","product_condition":"new"},"_links":{"self":[{"href":"https:\/\/www.vetorino.com\/veterinaire\/plouzevede-29440\/boutique\/wp-json\/wp\/v2\/product\/547506","targetHints":{"allow":["GET"]}}],"collection":[{"href":"https:\/\/www.vetorino.com\/veterinaire\/plouzevede-29440\/boutique\/wp-json\/wp\/v2\/product"}],"about":[{"href":"https:\/\/www.vetorino.com\/veterinaire\/plouzevede-29440\/boutique\/wp-json\/wp\/v2\/types\/product"}],"wp:featuredmedia":[{"embeddable":true,"href":"https:\/\/www.vetorino.com\/veterinaire\/plouzevede-29440\/boutique\/wp-json\/wp\/v2\/media\/619361"}],"wp:attachment":[{"href":"https:\/\/www.vetorino.com\/veterinaire\/plouzevede-29440\/boutique\/wp-json\/wp\/v2\/media?parent=547506"}],"wp:term":[{"taxonomy":"product_cat","embeddable":true,"href":"https:\/\/www.vetorino.com\/veterinaire\/plouzevede-29440\/boutique\/wp-json\/wp\/v2\/product_cat?post=547506"},{"taxonomy":"product_tag","embeddable":true,"href":"https:\/\/www.vetorino.com\/veterinaire\/plouzevede-29440\/boutique\/wp-json\/wp\/v2\/product_tag?post=547506"}],"curies":[{"name":"wp","href":"https:\/\/api.w.org\/{rel}","templated":true}]}}