{"id":568446,"date":"2023-03-06T15:05:50","date_gmt":"2023-03-06T14:05:50","guid":{"rendered":"https:\/\/www.vetorino.com\/boutique\/product\/vetessentials-feline-multi-benefit-dental-adult-poulet\/"},"modified":"2025-11-06T17:15:37","modified_gmt":"2025-11-06T16:15:37","slug":"vetessentials-feline-multi-benefit-dental-adult-poulet","status":"publish","type":"product","link":"https:\/\/www.vetorino.com\/veterinaire\/plouzevede-29440\/boutique\/product\/vetessentials-feline-multi-benefit-dental-adult-poulet\/","title":{"rendered":"Chat Multi-Benefit + Dental Adult Poulet"},"content":{"rendered":"<p><strong>Hill&#8217;s VetEssentials Feline Dental Health Feline Young Adult Poulet est une nutrition quotidienne de pointe qui aide votre chat \u00e0 conserver un poids optimal, des dents propres ainsi qu\u2019un syst\u00e8me urinaire en bonne sant\u00e9. Avec des antioxydants \u00e0 l\u2019efficacit\u00e9 cliniquement prouv\u00e9e pour renforcer le syst\u00e8me immunitaire.<\/strong><\/p>\n<p><strong>Utilisation :<\/strong><\/p>\n<ul>\n<li>Entretien du chat adulte en bonne sant\u00e9.<\/li>\n<\/ul>\n<p><strong>Bienfaits essentiels :<\/strong><\/p>\n<ul>\n<li><strong>Dents<\/strong>\u00a0: Une technologie unique de croquettes qui assure une action nettoyante cliniquement prouv\u00e9e.<\/li>\n<li><strong>Digestion<\/strong>\u00a0: Des prot\u00e9ines hautement digestibles et une quantit\u00e9 \u00e9quilibr\u00e9e de fibres pour favoriser la bonne sant\u00e9 du syst\u00e8me digestif<\/li>\n<li><strong>Poids<\/strong>\u00a0: Des taux adapt\u00e9s de prot\u00e9ines et de graisses pour le maintien d\u2019un poids id\u00e9al<\/li>\n<li><strong>Syst\u00e8me urinaire<\/strong>\u00a0: Maintien d\u2019un syst\u00e8me urinaire sain \u00e0 l\u2019aide d\u2019un taux de min\u00e9raux et d\u2019un pH contr\u00f4l\u00e9s<\/li>\n<li><strong>Peau &amp; Pelage<\/strong> : Des niveaux \u00e9lev\u00e9s d\u2019acides gras Om\u00e9ga-6 favorisent une peau saine et un pelage brillant<\/li>\n<\/ul>\n","protected":false},"excerpt":{"rendered":"<p><strong>Nutrition quotidienne de pointe qui aide votre chat \u00e0 conserver un poids optimal, des dents propres ainsi qu\u2019un syst\u00e8me urinaire en bonne sant\u00e9.<br \/>\n<\/strong><\/p>\n<p><strong>Utilisation :<\/strong><\/p>\n<ul>\n<li>Entretien du chat \u00e0 partir de 1 an<\/li>\n<li>Fonctionne \u00e9galement pour les chats s\u00e9nior<\/li>\n<\/ul>\n<p>&nbsp;<\/p>\n","protected":false},"featured_media":983058,"template":"","meta":[],"product_cat":[12551,12583,2697],"product_tag":[],"class_list":{"0":"post-568446","1":"product","2":"type-product","3":"status-publish","4":"has-post-thumbnail","6":"product_cat-alimentation-du-chat","7":"product_cat-alimentation-premium-pour-chat","8":"product_cat-chat","9":"pa_marque-hills-pet-nutrition","11":"first","12":"instock","13":"taxable","14":"shipping-taxable","15":"purchasable","16":"product-type-variable"},"yoast_head":"<!-- This site is optimized with the Yoast SEO plugin v27.3 - https:\/\/yoast.com\/product\/yoast-seo-wordpress\/ -->\n<title>Vetessentials (Hill&#039;s) Chat Multi-Benefit + Dental Adult Poulet Hill&#039;s - V\u00e9torino<\/title>\n<meta name=\"description\" content=\"Nutrition quotidienne de pointe qui aide votre chat \u00e0 conserver un poids optimal, des dents propres ainsi qu\u2019un syst\u00e8me urinaire en bonne sant\u00e9.   Utilisation :   Entretien du chat \u00e0 partir de 1 an  Fonctionne \u00e9galement pour les chats s\u00e9nior  &nbsp;\" \/>\n<meta name=\"robots\" content=\"noindex, nofollow\" \/>\n<meta property=\"og:locale\" content=\"fr_FR\" \/>\n<meta property=\"og:type\" content=\"article\" \/>\n<meta property=\"og:title\" content=\"Vetessentials (Hill&#039;s) Chat Multi-Benefit + Dental Adult Poulet Hill&#039;s - V\u00e9torino\" \/>\n<meta property=\"og:description\" content=\"Nutrition quotidienne de pointe qui aide votre chat \u00e0 conserver un poids optimal, des dents propres ainsi qu\u2019un syst\u00e8me urinaire en bonne sant\u00e9.   Utilisation :   Entretien du chat \u00e0 partir de 1 an  Fonctionne \u00e9galement pour les chats s\u00e9nior  &nbsp;\" \/>\n<meta property=\"og:url\" content=\"https:\/\/www.vetorino.com\/veterinaire\/plouzevede-29440\/boutique\/product\/vetessentials-feline-multi-benefit-dental-adult-poulet\/\" \/>\n<meta property=\"og:site_name\" content=\"V\u00e9torino\" \/>\n<meta property=\"article:publisher\" content=\"https:\/\/www.facebook.com\/Vetorino\/\" \/>\n<meta property=\"article:modified_time\" content=\"2025-11-06T16:15:37+00:00\" \/>\n<meta property=\"og:image\" content=\"https:\/\/www.vetorino.com\/boutique\/wp-content\/uploads\/2023\/03\/chat-multi-benefit-dental-adult-poulet-2-1.jpg\" \/>\n\t<meta property=\"og:image:width\" content=\"540\" \/>\n\t<meta property=\"og:image:height\" content=\"540\" \/>\n\t<meta property=\"og:image:type\" content=\"image\/jpeg\" \/>\n<meta name=\"twitter:card\" content=\"summary_large_image\" \/>\n<meta name=\"twitter:label1\" content=\"Disponibilit\u00e9\" \/>\n\t<meta name=\"twitter:data1\" content=\"En stock\" \/>\n<script type=\"application\/ld+json\" class=\"yoast-schema-graph\">{\"@context\":\"https:\\\/\\\/schema.org\",\"@graph\":[{\"@type\":\"WebPage\",\"@id\":\"https:\\\/\\\/www.vetorino.com\\\/veterinaire\\\/briancon-05100\\\/boutique\\\/product\\\/vetessentials-feline-multi-benefit-dental-adult-poulet\\\/\",\"url\":\"https:\\\/\\\/www.vetorino.com\\\/veterinaire\\\/briancon-05100\\\/boutique\\\/product\\\/vetessentials-feline-multi-benefit-dental-adult-poulet\\\/\",\"name\":\"Vetessentials (Hill's) Chat Multi-Benefit + Dental Adult Poulet Hill's - V\u00e9torino\",\"isPartOf\":{\"@id\":\"https:\\\/\\\/www.vetorino.com\\\/boutique\\\/#website\"},\"primaryImageOfPage\":{\"@id\":\"https:\\\/\\\/www.vetorino.com\\\/veterinaire\\\/briancon-05100\\\/boutique\\\/product\\\/vetessentials-feline-multi-benefit-dental-adult-poulet\\\/#primaryimage\"},\"image\":{\"@id\":\"https:\\\/\\\/www.vetorino.com\\\/veterinaire\\\/briancon-05100\\\/boutique\\\/product\\\/vetessentials-feline-multi-benefit-dental-adult-poulet\\\/#primaryimage\"},\"thumbnailUrl\":\"https:\\\/\\\/www.vetorino.com\\\/boutique\\\/wp-content\\\/uploads\\\/2023\\\/03\\\/chat-multi-benefit-dental-adult-poulet-2-1.jpg\",\"datePublished\":\"2023-03-06T14:05:50+00:00\",\"dateModified\":\"2025-11-06T16:15:37+00:00\",\"description\":\"Nutrition quotidienne de pointe qui aide votre chat \u00e0 conserver un poids optimal, des dents propres ainsi qu\u2019un syst\u00e8me urinaire en bonne sant\u00e9. Utilisation : Entretien du chat \u00e0 partir de 1 an Fonctionne \u00e9galement pour les chats s\u00e9nior &nbsp;\",\"breadcrumb\":{\"@id\":\"https:\\\/\\\/www.vetorino.com\\\/veterinaire\\\/briancon-05100\\\/boutique\\\/product\\\/vetessentials-feline-multi-benefit-dental-adult-poulet\\\/#breadcrumb\"},\"inLanguage\":\"fr-FR\",\"potentialAction\":[{\"@type\":\"ReadAction\",\"target\":[\"https:\\\/\\\/www.vetorino.com\\\/veterinaire\\\/briancon-05100\\\/boutique\\\/product\\\/vetessentials-feline-multi-benefit-dental-adult-poulet\\\/\"]}]},{\"@type\":\"ImageObject\",\"inLanguage\":\"fr-FR\",\"@id\":\"https:\\\/\\\/www.vetorino.com\\\/veterinaire\\\/briancon-05100\\\/boutique\\\/product\\\/vetessentials-feline-multi-benefit-dental-adult-poulet\\\/#primaryimage\",\"url\":\"https:\\\/\\\/www.vetorino.com\\\/boutique\\\/wp-content\\\/uploads\\\/2023\\\/03\\\/chat-multi-benefit-dental-adult-poulet-2-1.jpg\",\"contentUrl\":\"https:\\\/\\\/www.vetorino.com\\\/boutique\\\/wp-content\\\/uploads\\\/2023\\\/03\\\/chat-multi-benefit-dental-adult-poulet-2-1.jpg\",\"width\":540,\"height\":540},{\"@type\":\"BreadcrumbList\",\"@id\":\"https:\\\/\\\/www.vetorino.com\\\/veterinaire\\\/briancon-05100\\\/boutique\\\/product\\\/vetessentials-feline-multi-benefit-dental-adult-poulet\\\/#breadcrumb\",\"itemListElement\":[{\"@type\":\"ListItem\",\"position\":1,\"name\":\"Accueil\",\"item\":\"https:\\\/\\\/www.vetorino.com\\\/boutique\\\/\"},{\"@type\":\"ListItem\",\"position\":2,\"name\":\"Produits\",\"item\":\"https:\\\/\\\/www.vetorino.com\\\/boutique\\\/\"},{\"@type\":\"ListItem\",\"position\":3,\"name\":\"Chat Multi-Benefit + Dental Adult Poulet\"}]},{\"@type\":\"WebSite\",\"@id\":\"https:\\\/\\\/www.vetorino.com\\\/boutique\\\/#website\",\"url\":\"https:\\\/\\\/www.vetorino.com\\\/boutique\\\/\",\"name\":\"V\u00e9torino\",\"description\":\"\",\"publisher\":{\"@id\":\"https:\\\/\\\/www.vetorino.com\\\/boutique\\\/#organization\"},\"potentialAction\":[{\"@type\":\"SearchAction\",\"target\":{\"@type\":\"EntryPoint\",\"urlTemplate\":\"https:\\\/\\\/www.vetorino.com\\\/boutique\\\/?s={search_term_string}\"},\"query-input\":{\"@type\":\"PropertyValueSpecification\",\"valueRequired\":true,\"valueName\":\"search_term_string\"}}],\"inLanguage\":\"fr-FR\"},{\"@type\":\"Organization\",\"@id\":\"https:\\\/\\\/www.vetorino.com\\\/boutique\\\/#organization\",\"name\":\"V\u00e9torino\",\"url\":\"https:\\\/\\\/www.vetorino.com\\\/boutique\\\/\",\"logo\":{\"@type\":\"ImageObject\",\"inLanguage\":\"fr-FR\",\"@id\":\"https:\\\/\\\/www.vetorino.com\\\/boutique\\\/#\\\/schema\\\/logo\\\/image\\\/\",\"url\":\"https:\\\/\\\/www.vetorino.com\\\/boutique\\\/wp-content\\\/uploads\\\/2024\\\/10\\\/logo.jpg\",\"contentUrl\":\"https:\\\/\\\/www.vetorino.com\\\/boutique\\\/wp-content\\\/uploads\\\/2024\\\/10\\\/logo.jpg\",\"width\":1200,\"height\":610,\"caption\":\"V\u00e9torino\"},\"image\":{\"@id\":\"https:\\\/\\\/www.vetorino.com\\\/boutique\\\/#\\\/schema\\\/logo\\\/image\\\/\"},\"sameAs\":[\"https:\\\/\\\/www.facebook.com\\\/Vetorino\\\/\",\"https:\\\/\\\/www.instagram.com\\\/vetorino_off\\\/\",\"https:\\\/\\\/www.linkedin.com\\\/company\\\/vtorino\\\/\"]}]}<\/script>\n<meta property=\"product:brand\" content=\"Hill&#039;s\" \/>\n<meta property=\"og:availability\" content=\"instock\" \/>\n<meta property=\"product:availability\" content=\"instock\" \/>\n<meta property=\"product:condition\" content=\"new\" \/>\n<!-- \/ Yoast SEO plugin. -->","yoast_head_json":{"title":"Vetessentials (Hill's) Chat Multi-Benefit + Dental Adult Poulet Hill's - V\u00e9torino","description":"Nutrition quotidienne de pointe qui aide votre chat \u00e0 conserver un poids optimal, des dents propres ainsi qu\u2019un syst\u00e8me urinaire en bonne sant\u00e9.   Utilisation :   Entretien du chat \u00e0 partir de 1 an  Fonctionne \u00e9galement pour les chats s\u00e9nior  &nbsp;","robots":{"index":"noindex","follow":"nofollow"},"og_locale":"fr_FR","og_type":"article","og_title":"Vetessentials (Hill's) Chat Multi-Benefit + Dental Adult Poulet Hill's - V\u00e9torino","og_description":"Nutrition quotidienne de pointe qui aide votre chat \u00e0 conserver un poids optimal, des dents propres ainsi qu\u2019un syst\u00e8me urinaire en bonne sant\u00e9.   Utilisation :   Entretien du chat \u00e0 partir de 1 an  Fonctionne \u00e9galement pour les chats s\u00e9nior  &nbsp;","og_url":"https:\/\/www.vetorino.com\/veterinaire\/plouzevede-29440\/boutique\/product\/vetessentials-feline-multi-benefit-dental-adult-poulet\/","og_site_name":"V\u00e9torino","article_publisher":"https:\/\/www.facebook.com\/Vetorino\/","article_modified_time":"2025-11-06T16:15:37+00:00","og_image":[{"width":540,"height":540,"url":"https:\/\/www.vetorino.com\/boutique\/wp-content\/uploads\/2023\/03\/chat-multi-benefit-dental-adult-poulet-2-1.jpg","type":"image\/jpeg"}],"twitter_card":"summary_large_image","twitter_misc":{"Disponibilit\u00e9":"En stock"},"schema":{"@context":"https:\/\/schema.org","@graph":[{"@type":"WebPage","@id":"https:\/\/www.vetorino.com\/veterinaire\/briancon-05100\/boutique\/product\/vetessentials-feline-multi-benefit-dental-adult-poulet\/","url":"https:\/\/www.vetorino.com\/veterinaire\/briancon-05100\/boutique\/product\/vetessentials-feline-multi-benefit-dental-adult-poulet\/","name":"Vetessentials (Hill's) Chat Multi-Benefit + Dental Adult Poulet Hill's - V\u00e9torino","isPartOf":{"@id":"https:\/\/www.vetorino.com\/boutique\/#website"},"primaryImageOfPage":{"@id":"https:\/\/www.vetorino.com\/veterinaire\/briancon-05100\/boutique\/product\/vetessentials-feline-multi-benefit-dental-adult-poulet\/#primaryimage"},"image":{"@id":"https:\/\/www.vetorino.com\/veterinaire\/briancon-05100\/boutique\/product\/vetessentials-feline-multi-benefit-dental-adult-poulet\/#primaryimage"},"thumbnailUrl":"https:\/\/www.vetorino.com\/boutique\/wp-content\/uploads\/2023\/03\/chat-multi-benefit-dental-adult-poulet-2-1.jpg","datePublished":"2023-03-06T14:05:50+00:00","dateModified":"2025-11-06T16:15:37+00:00","description":"Nutrition quotidienne de pointe qui aide votre chat \u00e0 conserver un poids optimal, des dents propres ainsi qu\u2019un syst\u00e8me urinaire en bonne sant\u00e9. Utilisation : Entretien du chat \u00e0 partir de 1 an Fonctionne \u00e9galement pour les chats s\u00e9nior &nbsp;","breadcrumb":{"@id":"https:\/\/www.vetorino.com\/veterinaire\/briancon-05100\/boutique\/product\/vetessentials-feline-multi-benefit-dental-adult-poulet\/#breadcrumb"},"inLanguage":"fr-FR","potentialAction":[{"@type":"ReadAction","target":["https:\/\/www.vetorino.com\/veterinaire\/briancon-05100\/boutique\/product\/vetessentials-feline-multi-benefit-dental-adult-poulet\/"]}]},{"@type":"ImageObject","inLanguage":"fr-FR","@id":"https:\/\/www.vetorino.com\/veterinaire\/briancon-05100\/boutique\/product\/vetessentials-feline-multi-benefit-dental-adult-poulet\/#primaryimage","url":"https:\/\/www.vetorino.com\/boutique\/wp-content\/uploads\/2023\/03\/chat-multi-benefit-dental-adult-poulet-2-1.jpg","contentUrl":"https:\/\/www.vetorino.com\/boutique\/wp-content\/uploads\/2023\/03\/chat-multi-benefit-dental-adult-poulet-2-1.jpg","width":540,"height":540},{"@type":"BreadcrumbList","@id":"https:\/\/www.vetorino.com\/veterinaire\/briancon-05100\/boutique\/product\/vetessentials-feline-multi-benefit-dental-adult-poulet\/#breadcrumb","itemListElement":[{"@type":"ListItem","position":1,"name":"Accueil","item":"https:\/\/www.vetorino.com\/boutique\/"},{"@type":"ListItem","position":2,"name":"Produits","item":"https:\/\/www.vetorino.com\/boutique\/"},{"@type":"ListItem","position":3,"name":"Chat Multi-Benefit + Dental Adult Poulet"}]},{"@type":"WebSite","@id":"https:\/\/www.vetorino.com\/boutique\/#website","url":"https:\/\/www.vetorino.com\/boutique\/","name":"V\u00e9torino","description":"","publisher":{"@id":"https:\/\/www.vetorino.com\/boutique\/#organization"},"potentialAction":[{"@type":"SearchAction","target":{"@type":"EntryPoint","urlTemplate":"https:\/\/www.vetorino.com\/boutique\/?s={search_term_string}"},"query-input":{"@type":"PropertyValueSpecification","valueRequired":true,"valueName":"search_term_string"}}],"inLanguage":"fr-FR"},{"@type":"Organization","@id":"https:\/\/www.vetorino.com\/boutique\/#organization","name":"V\u00e9torino","url":"https:\/\/www.vetorino.com\/boutique\/","logo":{"@type":"ImageObject","inLanguage":"fr-FR","@id":"https:\/\/www.vetorino.com\/boutique\/#\/schema\/logo\/image\/","url":"https:\/\/www.vetorino.com\/boutique\/wp-content\/uploads\/2024\/10\/logo.jpg","contentUrl":"https:\/\/www.vetorino.com\/boutique\/wp-content\/uploads\/2024\/10\/logo.jpg","width":1200,"height":610,"caption":"V\u00e9torino"},"image":{"@id":"https:\/\/www.vetorino.com\/boutique\/#\/schema\/logo\/image\/"},"sameAs":["https:\/\/www.facebook.com\/Vetorino\/","https:\/\/www.instagram.com\/vetorino_off\/","https:\/\/www.linkedin.com\/company\/vtorino\/"]}]},"product_brand":"Hill's","og_availability":"instock","product_availability":"instock","product_condition":"new"},"_links":{"self":[{"href":"https:\/\/www.vetorino.com\/veterinaire\/plouzevede-29440\/boutique\/wp-json\/wp\/v2\/product\/568446","targetHints":{"allow":["GET"]}}],"collection":[{"href":"https:\/\/www.vetorino.com\/veterinaire\/plouzevede-29440\/boutique\/wp-json\/wp\/v2\/product"}],"about":[{"href":"https:\/\/www.vetorino.com\/veterinaire\/plouzevede-29440\/boutique\/wp-json\/wp\/v2\/types\/product"}],"wp:featuredmedia":[{"embeddable":true,"href":"https:\/\/www.vetorino.com\/veterinaire\/plouzevede-29440\/boutique\/wp-json\/wp\/v2\/media\/983058"}],"wp:attachment":[{"href":"https:\/\/www.vetorino.com\/veterinaire\/plouzevede-29440\/boutique\/wp-json\/wp\/v2\/media?parent=568446"}],"wp:term":[{"taxonomy":"product_cat","embeddable":true,"href":"https:\/\/www.vetorino.com\/veterinaire\/plouzevede-29440\/boutique\/wp-json\/wp\/v2\/product_cat?post=568446"},{"taxonomy":"product_tag","embeddable":true,"href":"https:\/\/www.vetorino.com\/veterinaire\/plouzevede-29440\/boutique\/wp-json\/wp\/v2\/product_tag?post=568446"}],"curies":[{"name":"wp","href":"https:\/\/api.w.org\/{rel}","templated":true}]}}