{"id":579742,"date":"2023-03-24T16:47:16","date_gmt":"2023-03-24T15:47:16","guid":{"rendered":"https:\/\/www.vetorino.com\/boutique\/product\/hepatosil-plus-chats-et-petites-races-chiens\/"},"modified":"2025-10-21T16:47:34","modified_gmt":"2025-10-21T14:47:34","slug":"hepatosil-plus-chats-et-petites-races-chiens","status":"publish","type":"product","link":"https:\/\/www.vetorino.com\/veterinaire\/plouzevede-29440\/boutique\/product\/hepatosil-plus-chats-et-petites-races-chiens\/","title":{"rendered":"Hepatosil Plus &#8211; petit chien &amp; chat"},"content":{"rendered":"<p><strong>Hepatosil Plus petites races est formul\u00e9 \u00e0 base de nutriments utiles aux cellules h\u00e9patiques<\/strong><\/p>\n<p><strong>Utilisation :<\/strong><\/p>\n<ul>\n<li>Chats et petits chiens<\/li>\n<li>Bon fonctionnement des cellules h\u00e9patiques<\/li>\n<\/ul>\n<p><strong>Avantages :<\/strong><\/p>\n<ul>\n<li>Sans prot\u00e9ines de poulet<\/li>\n<li>Sans conservateurs<\/li>\n<li>Comprim\u00e9s s\u00e9cables<\/li>\n<\/ul>\n<p><strong>Mode d&#8217;emploi :<\/strong><\/p>\n<p><em>\u00a0Chiens et Chats :\u00a0<\/em><\/p>\n<p><em>\u2022\u00a0 Chiens et Chats jusqu\u2019\u00e0 2,5 kg de poids corporel : 0,5 comprim\u00e9 par jour<\/em><br \/>\n<em>\u2022\u00a0 Chiens et Chats de 2,5 \u00e0 5 kg de poids corporel : 1 comprim\u00e9 par jour<\/em><br \/>\n<em>\u00a0\u2022 Chiens et Chats de 5 \u00e0 10 kg de poids corporel : 2 comprim\u00e9s par jour<\/em><\/p>\n<p>Il est recommand\u00e9 de le m\u00e9langer avec l\u2019alimentation quotidienne. Eau disponible en permanence. Il est recommand\u00e9 de faire un suivi apr\u00e8s 6 mois d\u2019utilisation.<\/p>\n","protected":false},"excerpt":{"rendered":"<p><strong>Hepatosil Plus petites races est un compl\u00e9ment alimentaire contribuant au fonctionnement correct des cellules h\u00e9patiques.<\/strong><\/p>\n<p><strong>Utilisation :<\/strong><\/p>\n<ul>\n<li>Chats et petits chiens<\/li>\n<li>Bon fonctionnement des cellules h\u00e9patiques<\/li>\n<li>Comprim\u00e9s s\u00e9cables<\/li>\n<\/ul>\n<p><strong>Demandez conseil \u00e0 votre v\u00e9t\u00e9rinaire avant toute utilisation.<\/strong><\/p>\n","protected":false},"featured_media":602643,"template":"","meta":[],"product_cat":[12551,2730,2697],"product_tag":[],"class_list":{"0":"post-579742","1":"product","2":"type-product","3":"status-publish","4":"has-post-thumbnail","6":"product_cat-alimentation-du-chat","7":"product_cat-aliments-complementaires-pour-chat","8":"product_cat-chat","9":"pa_marque-pharmadiet","11":"first","12":"instock","13":"taxable","14":"shipping-taxable","15":"purchasable","16":"product-type-simple"},"yoast_head":"<!-- This site is optimized with the Yoast SEO plugin v27.3 - https:\/\/yoast.com\/product\/yoast-seo-wordpress\/ -->\n<title>Hepatosil Plus - petit chien &amp; chat Pharmadiet - V\u00e9torino<\/title>\n<meta name=\"description\" content=\"Hepatosil Plus petites races est un compl\u00e9ment alimentaire contribuant au fonctionnement correct des cellules h\u00e9patiques.  Utilisation :   Chats et petits chiens  Bon fonctionnement des cellules h\u00e9patiques  Comprim\u00e9s s\u00e9cables  Demandez conseil \u00e0 votre v\u00e9t\u00e9rinaire avant toute utilisation.\" \/>\n<meta name=\"robots\" content=\"noindex, nofollow\" \/>\n<meta property=\"og:locale\" content=\"fr_FR\" \/>\n<meta property=\"og:type\" content=\"article\" \/>\n<meta property=\"og:title\" content=\"Hepatosil Plus - petit chien &amp; chat Pharmadiet - V\u00e9torino\" \/>\n<meta property=\"og:description\" content=\"Hepatosil Plus petites races est un compl\u00e9ment alimentaire contribuant au fonctionnement correct des cellules h\u00e9patiques.  Utilisation :   Chats et petits chiens  Bon fonctionnement des cellules h\u00e9patiques  Comprim\u00e9s s\u00e9cables  Demandez conseil \u00e0 votre v\u00e9t\u00e9rinaire avant toute utilisation.\" \/>\n<meta property=\"og:url\" content=\"https:\/\/www.vetorino.com\/veterinaire\/plouzevede-29440\/boutique\/product\/hepatosil-plus-chats-et-petites-races-chiens\/\" \/>\n<meta property=\"og:site_name\" content=\"V\u00e9torino\" \/>\n<meta property=\"article:publisher\" content=\"https:\/\/www.facebook.com\/Vetorino\/\" \/>\n<meta property=\"article:modified_time\" content=\"2025-10-21T14:47:34+00:00\" \/>\n<meta property=\"og:image\" content=\"https:\/\/www.vetorino.com\/boutique\/wp-content\/uploads\/2023\/03\/hepatosil-plus-petites-races.png\" \/>\n\t<meta property=\"og:image:width\" content=\"540\" \/>\n\t<meta property=\"og:image:height\" content=\"540\" \/>\n\t<meta property=\"og:image:type\" content=\"image\/png\" \/>\n<meta name=\"twitter:card\" content=\"summary_large_image\" \/>\n<meta name=\"twitter:label1\" content=\"Prix\" \/>\n\t<meta name=\"twitter:data1\" content=\"38,34&euro;\" \/>\n\t<meta name=\"twitter:label2\" content=\"Disponibilit\u00e9\" \/>\n\t<meta name=\"twitter:data2\" content=\"En stock\" \/>\n<script type=\"application\/ld+json\" class=\"yoast-schema-graph\">{\"@context\":\"https:\\\/\\\/schema.org\",\"@graph\":[{\"@type\":\"WebPage\",\"@id\":\"https:\\\/\\\/www.vetorino.com\\\/boutique\\\/product\\\/hepatosil-plus-chats-et-petites-races-chiens\\\/\",\"url\":\"https:\\\/\\\/www.vetorino.com\\\/boutique\\\/product\\\/hepatosil-plus-chats-et-petites-races-chiens\\\/\",\"name\":\"Hepatosil Plus - petit chien &amp; chat Pharmadiet - V\u00e9torino\",\"isPartOf\":{\"@id\":\"https:\\\/\\\/www.vetorino.com\\\/boutique\\\/#website\"},\"primaryImageOfPage\":{\"@id\":\"https:\\\/\\\/www.vetorino.com\\\/boutique\\\/product\\\/hepatosil-plus-chats-et-petites-races-chiens\\\/#primaryimage\"},\"image\":{\"@id\":\"https:\\\/\\\/www.vetorino.com\\\/boutique\\\/product\\\/hepatosil-plus-chats-et-petites-races-chiens\\\/#primaryimage\"},\"thumbnailUrl\":\"https:\\\/\\\/www.vetorino.com\\\/boutique\\\/wp-content\\\/uploads\\\/2023\\\/03\\\/hepatosil-plus-petites-races.png\",\"datePublished\":\"2023-03-24T15:47:16+00:00\",\"dateModified\":\"2025-10-21T14:47:34+00:00\",\"description\":\"Hepatosil Plus petites races est un compl\u00e9ment alimentaire contribuant au fonctionnement correct des cellules h\u00e9patiques. Utilisation : Chats et petits chiens Bon fonctionnement des cellules h\u00e9patiques Comprim\u00e9s s\u00e9cables Demandez conseil \u00e0 votre v\u00e9t\u00e9rinaire avant toute utilisation.\",\"breadcrumb\":{\"@id\":\"https:\\\/\\\/www.vetorino.com\\\/boutique\\\/product\\\/hepatosil-plus-chats-et-petites-races-chiens\\\/#breadcrumb\"},\"inLanguage\":\"fr-FR\",\"potentialAction\":[{\"@type\":\"ReadAction\",\"target\":[\"https:\\\/\\\/www.vetorino.com\\\/boutique\\\/product\\\/hepatosil-plus-chats-et-petites-races-chiens\\\/\"]}]},{\"@type\":\"ImageObject\",\"inLanguage\":\"fr-FR\",\"@id\":\"https:\\\/\\\/www.vetorino.com\\\/boutique\\\/product\\\/hepatosil-plus-chats-et-petites-races-chiens\\\/#primaryimage\",\"url\":\"https:\\\/\\\/www.vetorino.com\\\/boutique\\\/wp-content\\\/uploads\\\/2023\\\/03\\\/hepatosil-plus-petites-races.png\",\"contentUrl\":\"https:\\\/\\\/www.vetorino.com\\\/boutique\\\/wp-content\\\/uploads\\\/2023\\\/03\\\/hepatosil-plus-petites-races.png\",\"width\":540,\"height\":540},{\"@type\":\"BreadcrumbList\",\"@id\":\"https:\\\/\\\/www.vetorino.com\\\/boutique\\\/product\\\/hepatosil-plus-chats-et-petites-races-chiens\\\/#breadcrumb\",\"itemListElement\":[{\"@type\":\"ListItem\",\"position\":1,\"name\":\"Accueil\",\"item\":\"https:\\\/\\\/www.vetorino.com\\\/boutique\\\/\"},{\"@type\":\"ListItem\",\"position\":2,\"name\":\"Produits\",\"item\":\"https:\\\/\\\/www.vetorino.com\\\/boutique\\\/\"},{\"@type\":\"ListItem\",\"position\":3,\"name\":\"Hepatosil Plus &#8211; petit chien &amp; chat\"}]},{\"@type\":\"WebSite\",\"@id\":\"https:\\\/\\\/www.vetorino.com\\\/boutique\\\/#website\",\"url\":\"https:\\\/\\\/www.vetorino.com\\\/boutique\\\/\",\"name\":\"V\u00e9torino\",\"description\":\"\",\"publisher\":{\"@id\":\"https:\\\/\\\/www.vetorino.com\\\/boutique\\\/#organization\"},\"potentialAction\":[{\"@type\":\"SearchAction\",\"target\":{\"@type\":\"EntryPoint\",\"urlTemplate\":\"https:\\\/\\\/www.vetorino.com\\\/boutique\\\/?s={search_term_string}\"},\"query-input\":{\"@type\":\"PropertyValueSpecification\",\"valueRequired\":true,\"valueName\":\"search_term_string\"}}],\"inLanguage\":\"fr-FR\"},{\"@type\":\"Organization\",\"@id\":\"https:\\\/\\\/www.vetorino.com\\\/boutique\\\/#organization\",\"name\":\"V\u00e9torino\",\"url\":\"https:\\\/\\\/www.vetorino.com\\\/boutique\\\/\",\"logo\":{\"@type\":\"ImageObject\",\"inLanguage\":\"fr-FR\",\"@id\":\"https:\\\/\\\/www.vetorino.com\\\/boutique\\\/#\\\/schema\\\/logo\\\/image\\\/\",\"url\":\"https:\\\/\\\/www.vetorino.com\\\/boutique\\\/wp-content\\\/uploads\\\/2024\\\/10\\\/logo.jpg\",\"contentUrl\":\"https:\\\/\\\/www.vetorino.com\\\/boutique\\\/wp-content\\\/uploads\\\/2024\\\/10\\\/logo.jpg\",\"width\":1200,\"height\":610,\"caption\":\"V\u00e9torino\"},\"image\":{\"@id\":\"https:\\\/\\\/www.vetorino.com\\\/boutique\\\/#\\\/schema\\\/logo\\\/image\\\/\"},\"sameAs\":[\"https:\\\/\\\/www.facebook.com\\\/Vetorino\\\/\",\"https:\\\/\\\/www.instagram.com\\\/vetorino_off\\\/\",\"https:\\\/\\\/www.linkedin.com\\\/company\\\/vtorino\\\/\"]}]}<\/script>\n<meta property=\"product:brand\" content=\"Pharmadiet\" \/>\n<meta property=\"product:price:amount\" content=\"38.34\" \/>\n<meta property=\"product:price:currency\" content=\"EUR\" \/>\n<meta property=\"og:availability\" content=\"instock\" \/>\n<meta property=\"product:availability\" content=\"instock\" \/>\n<meta property=\"product:retailer_item_id\" content=\"A-1872120\" \/>\n<meta property=\"product:condition\" content=\"new\" \/>\n<!-- \/ Yoast SEO plugin. -->","yoast_head_json":{"title":"Hepatosil Plus - petit chien &amp; chat Pharmadiet - V\u00e9torino","description":"Hepatosil Plus petites races est un compl\u00e9ment alimentaire contribuant au fonctionnement correct des cellules h\u00e9patiques.  Utilisation :   Chats et petits chiens  Bon fonctionnement des cellules h\u00e9patiques  Comprim\u00e9s s\u00e9cables  Demandez conseil \u00e0 votre v\u00e9t\u00e9rinaire avant toute utilisation.","robots":{"index":"noindex","follow":"nofollow"},"og_locale":"fr_FR","og_type":"article","og_title":"Hepatosil Plus - petit chien &amp; chat Pharmadiet - V\u00e9torino","og_description":"Hepatosil Plus petites races est un compl\u00e9ment alimentaire contribuant au fonctionnement correct des cellules h\u00e9patiques.  Utilisation :   Chats et petits chiens  Bon fonctionnement des cellules h\u00e9patiques  Comprim\u00e9s s\u00e9cables  Demandez conseil \u00e0 votre v\u00e9t\u00e9rinaire avant toute utilisation.","og_url":"https:\/\/www.vetorino.com\/veterinaire\/plouzevede-29440\/boutique\/product\/hepatosil-plus-chats-et-petites-races-chiens\/","og_site_name":"V\u00e9torino","article_publisher":"https:\/\/www.facebook.com\/Vetorino\/","article_modified_time":"2025-10-21T14:47:34+00:00","og_image":[{"width":540,"height":540,"url":"https:\/\/www.vetorino.com\/boutique\/wp-content\/uploads\/2023\/03\/hepatosil-plus-petites-races.png","type":"image\/png"}],"twitter_card":"summary_large_image","twitter_misc":{"Prix":"38,34&euro;","Disponibilit\u00e9":"En stock"},"schema":{"@context":"https:\/\/schema.org","@graph":[{"@type":"WebPage","@id":"https:\/\/www.vetorino.com\/boutique\/product\/hepatosil-plus-chats-et-petites-races-chiens\/","url":"https:\/\/www.vetorino.com\/boutique\/product\/hepatosil-plus-chats-et-petites-races-chiens\/","name":"Hepatosil Plus - petit chien &amp; chat Pharmadiet - V\u00e9torino","isPartOf":{"@id":"https:\/\/www.vetorino.com\/boutique\/#website"},"primaryImageOfPage":{"@id":"https:\/\/www.vetorino.com\/boutique\/product\/hepatosil-plus-chats-et-petites-races-chiens\/#primaryimage"},"image":{"@id":"https:\/\/www.vetorino.com\/boutique\/product\/hepatosil-plus-chats-et-petites-races-chiens\/#primaryimage"},"thumbnailUrl":"https:\/\/www.vetorino.com\/boutique\/wp-content\/uploads\/2023\/03\/hepatosil-plus-petites-races.png","datePublished":"2023-03-24T15:47:16+00:00","dateModified":"2025-10-21T14:47:34+00:00","description":"Hepatosil Plus petites races est un compl\u00e9ment alimentaire contribuant au fonctionnement correct des cellules h\u00e9patiques. Utilisation : Chats et petits chiens Bon fonctionnement des cellules h\u00e9patiques Comprim\u00e9s s\u00e9cables Demandez conseil \u00e0 votre v\u00e9t\u00e9rinaire avant toute utilisation.","breadcrumb":{"@id":"https:\/\/www.vetorino.com\/boutique\/product\/hepatosil-plus-chats-et-petites-races-chiens\/#breadcrumb"},"inLanguage":"fr-FR","potentialAction":[{"@type":"ReadAction","target":["https:\/\/www.vetorino.com\/boutique\/product\/hepatosil-plus-chats-et-petites-races-chiens\/"]}]},{"@type":"ImageObject","inLanguage":"fr-FR","@id":"https:\/\/www.vetorino.com\/boutique\/product\/hepatosil-plus-chats-et-petites-races-chiens\/#primaryimage","url":"https:\/\/www.vetorino.com\/boutique\/wp-content\/uploads\/2023\/03\/hepatosil-plus-petites-races.png","contentUrl":"https:\/\/www.vetorino.com\/boutique\/wp-content\/uploads\/2023\/03\/hepatosil-plus-petites-races.png","width":540,"height":540},{"@type":"BreadcrumbList","@id":"https:\/\/www.vetorino.com\/boutique\/product\/hepatosil-plus-chats-et-petites-races-chiens\/#breadcrumb","itemListElement":[{"@type":"ListItem","position":1,"name":"Accueil","item":"https:\/\/www.vetorino.com\/boutique\/"},{"@type":"ListItem","position":2,"name":"Produits","item":"https:\/\/www.vetorino.com\/boutique\/"},{"@type":"ListItem","position":3,"name":"Hepatosil Plus &#8211; petit chien &amp; chat"}]},{"@type":"WebSite","@id":"https:\/\/www.vetorino.com\/boutique\/#website","url":"https:\/\/www.vetorino.com\/boutique\/","name":"V\u00e9torino","description":"","publisher":{"@id":"https:\/\/www.vetorino.com\/boutique\/#organization"},"potentialAction":[{"@type":"SearchAction","target":{"@type":"EntryPoint","urlTemplate":"https:\/\/www.vetorino.com\/boutique\/?s={search_term_string}"},"query-input":{"@type":"PropertyValueSpecification","valueRequired":true,"valueName":"search_term_string"}}],"inLanguage":"fr-FR"},{"@type":"Organization","@id":"https:\/\/www.vetorino.com\/boutique\/#organization","name":"V\u00e9torino","url":"https:\/\/www.vetorino.com\/boutique\/","logo":{"@type":"ImageObject","inLanguage":"fr-FR","@id":"https:\/\/www.vetorino.com\/boutique\/#\/schema\/logo\/image\/","url":"https:\/\/www.vetorino.com\/boutique\/wp-content\/uploads\/2024\/10\/logo.jpg","contentUrl":"https:\/\/www.vetorino.com\/boutique\/wp-content\/uploads\/2024\/10\/logo.jpg","width":1200,"height":610,"caption":"V\u00e9torino"},"image":{"@id":"https:\/\/www.vetorino.com\/boutique\/#\/schema\/logo\/image\/"},"sameAs":["https:\/\/www.facebook.com\/Vetorino\/","https:\/\/www.instagram.com\/vetorino_off\/","https:\/\/www.linkedin.com\/company\/vtorino\/"]}]},"product_brand":"Pharmadiet","product_price_amount":"38.34","product_price_currency":"EUR","og_availability":"instock","product_availability":"instock","product_retailer_item_id":"A-1872120","product_condition":"new"},"_links":{"self":[{"href":"https:\/\/www.vetorino.com\/veterinaire\/plouzevede-29440\/boutique\/wp-json\/wp\/v2\/product\/579742","targetHints":{"allow":["GET"]}}],"collection":[{"href":"https:\/\/www.vetorino.com\/veterinaire\/plouzevede-29440\/boutique\/wp-json\/wp\/v2\/product"}],"about":[{"href":"https:\/\/www.vetorino.com\/veterinaire\/plouzevede-29440\/boutique\/wp-json\/wp\/v2\/types\/product"}],"wp:featuredmedia":[{"embeddable":true,"href":"https:\/\/www.vetorino.com\/veterinaire\/plouzevede-29440\/boutique\/wp-json\/wp\/v2\/media\/602643"}],"wp:attachment":[{"href":"https:\/\/www.vetorino.com\/veterinaire\/plouzevede-29440\/boutique\/wp-json\/wp\/v2\/media?parent=579742"}],"wp:term":[{"taxonomy":"product_cat","embeddable":true,"href":"https:\/\/www.vetorino.com\/veterinaire\/plouzevede-29440\/boutique\/wp-json\/wp\/v2\/product_cat?post=579742"},{"taxonomy":"product_tag","embeddable":true,"href":"https:\/\/www.vetorino.com\/veterinaire\/plouzevede-29440\/boutique\/wp-json\/wp\/v2\/product_tag?post=579742"}],"curies":[{"name":"wp","href":"https:\/\/api.w.org\/{rel}","templated":true}]}}