{"id":590443,"date":"2023-04-07T15:44:08","date_gmt":"2023-04-07T13:44:08","guid":{"rendered":"https:\/\/www.vetorino.com\/boutique\/product\/anxivet-gelules-250mg-28ui\/"},"modified":"2023-04-07T15:45:25","modified_gmt":"2023-04-07T13:45:25","slug":"anxivet-gelules-250mg-28ui","status":"publish","type":"product","link":"https:\/\/www.vetorino.com\/veterinaire\/plouzevede-29440\/boutique\/product\/anxivet-gelules-250mg-28ui\/","title":{"rendered":"Anxivet g\u00e9lules (250mg\/28UI)"},"content":{"rendered":"<p>Att\u00e9nue les r\u00e9actions li\u00e9es aux effets du stress et de la peur chez le chat et le chien.<\/p>\n<ul>\n<li>En pr\u00e9vention de situations inhabituelles : voyage et transport, d\u00e9m\u00e9nagement, travaux, mise en pension, feux d&#8217;artifice, visite chez le v\u00e9t\u00e9rinaire.<\/li>\n<li>En situation d&#8217;adaptation ou d&#8217;apprentissage en compl\u00e9ment des conseils du v\u00e9t\u00e9rinaire : absence, arriv\u00e9e d&#8217;une nouvelle personne ou d&#8217;un nouvel animal, adoption\u2026<\/li>\n<\/ul>\n<p>Une g\u00e9lule pour 5 kg de poids, une fois par jour. A faire avaler enti\u00e8re directement au cours du repas ou ouverte m\u00e9lang\u00e9e\u00a0 dans la nourriture, de pr\u00e9f\u00e9rence 15 jours avant l&#8217;\u00e9v\u00e9nement ou durant toute la dur\u00e9e de l&#8217;apprentissage. Selon les recommandations du v\u00e9t\u00e9rinaire.<\/p>\n","protected":false},"excerpt":{"rendered":"<p>Att\u00e9nue les r\u00e9actions li\u00e9es aux effets du stress et de la peur chez le chat et le chien. En pr\u00e9vention de situations inhabituelles : voyage et transport, d\u00e9m\u00e9nagement, travaux, mise en pension, feux d&#8217;artifice, visite chez le v\u00e9t\u00e9rinaire. En situation d&#8217;adaptation ou d&#8217;apprentissage en compl\u00e9ment des conseils du v\u00e9t\u00e9rinaire : absence, arriv\u00e9e d&#8217;une nouvelle personne [&hellip;]<\/p>\n","protected":false},"featured_media":146639,"template":"","meta":[],"product_cat":[2697],"product_tag":[],"class_list":{"0":"post-590443","1":"product","2":"type-product","3":"status-publish","4":"has-post-thumbnail","6":"product_cat-chat","7":"pa_marque-mp-labo","9":"first","10":"instock","11":"taxable","12":"shipping-taxable","13":"purchasable","14":"product-type-variable"},"yoast_head":"<!-- This site is optimized with the Yoast SEO plugin v27.3 - https:\/\/yoast.com\/product\/yoast-seo-wordpress\/ -->\n<title>Anxivet g\u00e9lules (250mg\/28UI) Mp Labo - V\u00e9torino<\/title>\n<meta name=\"description\" content=\"Att\u00e9nue les r\u00e9actions li\u00e9es aux effets du stress et de la peur chez le chat et le chien. En pr\u00e9vention de situations inhabituelles : voyage et transport,\" \/>\n<meta name=\"robots\" content=\"noindex, nofollow\" \/>\n<meta property=\"og:locale\" content=\"fr_FR\" \/>\n<meta property=\"og:type\" content=\"article\" \/>\n<meta property=\"og:title\" content=\"Anxivet g\u00e9lules (250mg\/28UI) Mp Labo - V\u00e9torino\" \/>\n<meta property=\"og:description\" content=\"Att\u00e9nue les r\u00e9actions li\u00e9es aux effets du stress et de la peur chez le chat et le chien. En pr\u00e9vention de situations inhabituelles : voyage et transport,\" \/>\n<meta property=\"og:url\" content=\"https:\/\/www.vetorino.com\/veterinaire\/plouzevede-29440\/boutique\/product\/anxivet-gelules-250mg-28ui\/\" \/>\n<meta property=\"og:site_name\" content=\"V\u00e9torino\" \/>\n<meta property=\"article:publisher\" content=\"https:\/\/www.facebook.com\/Vetorino\/\" \/>\n<meta property=\"article:modified_time\" content=\"2023-04-07T13:45:25+00:00\" \/>\n<meta property=\"og:image\" content=\"https:\/\/www.vetorino.com\/boutique\/wp-content\/uploads\/2020\/12\/FilsANX003FormatMediumTypeIM.png\" \/>\n\t<meta property=\"og:image:width\" content=\"400\" \/>\n\t<meta property=\"og:image:height\" content=\"400\" \/>\n\t<meta property=\"og:image:type\" content=\"image\/png\" \/>\n<meta name=\"twitter:card\" content=\"summary_large_image\" \/>\n<meta name=\"twitter:label1\" content=\"Disponibilit\u00e9\" \/>\n\t<meta name=\"twitter:data1\" content=\"En stock\" \/>\n<script type=\"application\/ld+json\" class=\"yoast-schema-graph\">{\"@context\":\"https:\\\/\\\/schema.org\",\"@graph\":[{\"@type\":\"WebPage\",\"@id\":\"https:\\\/\\\/www.vetorino.com\\\/boutique\\\/product\\\/anxivet-gelules-250mg-28ui\\\/\",\"url\":\"https:\\\/\\\/www.vetorino.com\\\/boutique\\\/product\\\/anxivet-gelules-250mg-28ui\\\/\",\"name\":\"Anxivet g\u00e9lules (250mg\\\/28UI) Mp Labo - V\u00e9torino\",\"isPartOf\":{\"@id\":\"https:\\\/\\\/www.vetorino.com\\\/boutique\\\/#website\"},\"primaryImageOfPage\":{\"@id\":\"https:\\\/\\\/www.vetorino.com\\\/boutique\\\/product\\\/anxivet-gelules-250mg-28ui\\\/#primaryimage\"},\"image\":{\"@id\":\"https:\\\/\\\/www.vetorino.com\\\/boutique\\\/product\\\/anxivet-gelules-250mg-28ui\\\/#primaryimage\"},\"thumbnailUrl\":\"https:\\\/\\\/www.vetorino.com\\\/boutique\\\/wp-content\\\/uploads\\\/2020\\\/12\\\/FilsANX003FormatMediumTypeIM.png\",\"datePublished\":\"2023-04-07T13:44:08+00:00\",\"dateModified\":\"2023-04-07T13:45:25+00:00\",\"description\":\"Att\u00e9nue les r\u00e9actions li\u00e9es aux effets du stress et de la peur chez le chat et le chien. En pr\u00e9vention de situations inhabituelles : voyage et transport,\",\"breadcrumb\":{\"@id\":\"https:\\\/\\\/www.vetorino.com\\\/boutique\\\/product\\\/anxivet-gelules-250mg-28ui\\\/#breadcrumb\"},\"inLanguage\":\"fr-FR\",\"potentialAction\":[{\"@type\":\"ReadAction\",\"target\":[\"https:\\\/\\\/www.vetorino.com\\\/boutique\\\/product\\\/anxivet-gelules-250mg-28ui\\\/\"]}]},{\"@type\":\"ImageObject\",\"inLanguage\":\"fr-FR\",\"@id\":\"https:\\\/\\\/www.vetorino.com\\\/boutique\\\/product\\\/anxivet-gelules-250mg-28ui\\\/#primaryimage\",\"url\":\"https:\\\/\\\/www.vetorino.com\\\/boutique\\\/wp-content\\\/uploads\\\/2020\\\/12\\\/FilsANX003FormatMediumTypeIM.png\",\"contentUrl\":\"https:\\\/\\\/www.vetorino.com\\\/boutique\\\/wp-content\\\/uploads\\\/2020\\\/12\\\/FilsANX003FormatMediumTypeIM.png\",\"width\":400,\"height\":400},{\"@type\":\"BreadcrumbList\",\"@id\":\"https:\\\/\\\/www.vetorino.com\\\/boutique\\\/product\\\/anxivet-gelules-250mg-28ui\\\/#breadcrumb\",\"itemListElement\":[{\"@type\":\"ListItem\",\"position\":1,\"name\":\"Accueil\",\"item\":\"https:\\\/\\\/www.vetorino.com\\\/boutique\\\/\"},{\"@type\":\"ListItem\",\"position\":2,\"name\":\"Produits\",\"item\":\"https:\\\/\\\/www.vetorino.com\\\/boutique\\\/\"},{\"@type\":\"ListItem\",\"position\":3,\"name\":\"Anxivet g\u00e9lules (250mg\\\/28UI)\"}]},{\"@type\":\"WebSite\",\"@id\":\"https:\\\/\\\/www.vetorino.com\\\/boutique\\\/#website\",\"url\":\"https:\\\/\\\/www.vetorino.com\\\/boutique\\\/\",\"name\":\"V\u00e9torino\",\"description\":\"\",\"publisher\":{\"@id\":\"https:\\\/\\\/www.vetorino.com\\\/boutique\\\/#organization\"},\"potentialAction\":[{\"@type\":\"SearchAction\",\"target\":{\"@type\":\"EntryPoint\",\"urlTemplate\":\"https:\\\/\\\/www.vetorino.com\\\/boutique\\\/?s={search_term_string}\"},\"query-input\":{\"@type\":\"PropertyValueSpecification\",\"valueRequired\":true,\"valueName\":\"search_term_string\"}}],\"inLanguage\":\"fr-FR\"},{\"@type\":\"Organization\",\"@id\":\"https:\\\/\\\/www.vetorino.com\\\/boutique\\\/#organization\",\"name\":\"V\u00e9torino\",\"url\":\"https:\\\/\\\/www.vetorino.com\\\/boutique\\\/\",\"logo\":{\"@type\":\"ImageObject\",\"inLanguage\":\"fr-FR\",\"@id\":\"https:\\\/\\\/www.vetorino.com\\\/boutique\\\/#\\\/schema\\\/logo\\\/image\\\/\",\"url\":\"https:\\\/\\\/www.vetorino.com\\\/boutique\\\/wp-content\\\/uploads\\\/2024\\\/10\\\/logo.jpg\",\"contentUrl\":\"https:\\\/\\\/www.vetorino.com\\\/boutique\\\/wp-content\\\/uploads\\\/2024\\\/10\\\/logo.jpg\",\"width\":1200,\"height\":610,\"caption\":\"V\u00e9torino\"},\"image\":{\"@id\":\"https:\\\/\\\/www.vetorino.com\\\/boutique\\\/#\\\/schema\\\/logo\\\/image\\\/\"},\"sameAs\":[\"https:\\\/\\\/www.facebook.com\\\/Vetorino\\\/\",\"https:\\\/\\\/www.instagram.com\\\/vetorino_off\\\/\",\"https:\\\/\\\/www.linkedin.com\\\/company\\\/vtorino\\\/\"]}]}<\/script>\n<meta property=\"product:brand\" content=\"Mp Labo\" \/>\n<meta property=\"og:availability\" content=\"instock\" \/>\n<meta property=\"product:availability\" content=\"instock\" \/>\n<meta property=\"product:condition\" content=\"new\" \/>\n<!-- \/ Yoast SEO plugin. -->","yoast_head_json":{"title":"Anxivet g\u00e9lules (250mg\/28UI) Mp Labo - V\u00e9torino","description":"Att\u00e9nue les r\u00e9actions li\u00e9es aux effets du stress et de la peur chez le chat et le chien. En pr\u00e9vention de situations inhabituelles : voyage et transport,","robots":{"index":"noindex","follow":"nofollow"},"og_locale":"fr_FR","og_type":"article","og_title":"Anxivet g\u00e9lules (250mg\/28UI) Mp Labo - V\u00e9torino","og_description":"Att\u00e9nue les r\u00e9actions li\u00e9es aux effets du stress et de la peur chez le chat et le chien. En pr\u00e9vention de situations inhabituelles : voyage et transport,","og_url":"https:\/\/www.vetorino.com\/veterinaire\/plouzevede-29440\/boutique\/product\/anxivet-gelules-250mg-28ui\/","og_site_name":"V\u00e9torino","article_publisher":"https:\/\/www.facebook.com\/Vetorino\/","article_modified_time":"2023-04-07T13:45:25+00:00","og_image":[{"width":400,"height":400,"url":"https:\/\/www.vetorino.com\/boutique\/wp-content\/uploads\/2020\/12\/FilsANX003FormatMediumTypeIM.png","type":"image\/png"}],"twitter_card":"summary_large_image","twitter_misc":{"Disponibilit\u00e9":"En stock"},"schema":{"@context":"https:\/\/schema.org","@graph":[{"@type":"WebPage","@id":"https:\/\/www.vetorino.com\/boutique\/product\/anxivet-gelules-250mg-28ui\/","url":"https:\/\/www.vetorino.com\/boutique\/product\/anxivet-gelules-250mg-28ui\/","name":"Anxivet g\u00e9lules (250mg\/28UI) Mp Labo - V\u00e9torino","isPartOf":{"@id":"https:\/\/www.vetorino.com\/boutique\/#website"},"primaryImageOfPage":{"@id":"https:\/\/www.vetorino.com\/boutique\/product\/anxivet-gelules-250mg-28ui\/#primaryimage"},"image":{"@id":"https:\/\/www.vetorino.com\/boutique\/product\/anxivet-gelules-250mg-28ui\/#primaryimage"},"thumbnailUrl":"https:\/\/www.vetorino.com\/boutique\/wp-content\/uploads\/2020\/12\/FilsANX003FormatMediumTypeIM.png","datePublished":"2023-04-07T13:44:08+00:00","dateModified":"2023-04-07T13:45:25+00:00","description":"Att\u00e9nue les r\u00e9actions li\u00e9es aux effets du stress et de la peur chez le chat et le chien. En pr\u00e9vention de situations inhabituelles : voyage et transport,","breadcrumb":{"@id":"https:\/\/www.vetorino.com\/boutique\/product\/anxivet-gelules-250mg-28ui\/#breadcrumb"},"inLanguage":"fr-FR","potentialAction":[{"@type":"ReadAction","target":["https:\/\/www.vetorino.com\/boutique\/product\/anxivet-gelules-250mg-28ui\/"]}]},{"@type":"ImageObject","inLanguage":"fr-FR","@id":"https:\/\/www.vetorino.com\/boutique\/product\/anxivet-gelules-250mg-28ui\/#primaryimage","url":"https:\/\/www.vetorino.com\/boutique\/wp-content\/uploads\/2020\/12\/FilsANX003FormatMediumTypeIM.png","contentUrl":"https:\/\/www.vetorino.com\/boutique\/wp-content\/uploads\/2020\/12\/FilsANX003FormatMediumTypeIM.png","width":400,"height":400},{"@type":"BreadcrumbList","@id":"https:\/\/www.vetorino.com\/boutique\/product\/anxivet-gelules-250mg-28ui\/#breadcrumb","itemListElement":[{"@type":"ListItem","position":1,"name":"Accueil","item":"https:\/\/www.vetorino.com\/boutique\/"},{"@type":"ListItem","position":2,"name":"Produits","item":"https:\/\/www.vetorino.com\/boutique\/"},{"@type":"ListItem","position":3,"name":"Anxivet g\u00e9lules (250mg\/28UI)"}]},{"@type":"WebSite","@id":"https:\/\/www.vetorino.com\/boutique\/#website","url":"https:\/\/www.vetorino.com\/boutique\/","name":"V\u00e9torino","description":"","publisher":{"@id":"https:\/\/www.vetorino.com\/boutique\/#organization"},"potentialAction":[{"@type":"SearchAction","target":{"@type":"EntryPoint","urlTemplate":"https:\/\/www.vetorino.com\/boutique\/?s={search_term_string}"},"query-input":{"@type":"PropertyValueSpecification","valueRequired":true,"valueName":"search_term_string"}}],"inLanguage":"fr-FR"},{"@type":"Organization","@id":"https:\/\/www.vetorino.com\/boutique\/#organization","name":"V\u00e9torino","url":"https:\/\/www.vetorino.com\/boutique\/","logo":{"@type":"ImageObject","inLanguage":"fr-FR","@id":"https:\/\/www.vetorino.com\/boutique\/#\/schema\/logo\/image\/","url":"https:\/\/www.vetorino.com\/boutique\/wp-content\/uploads\/2024\/10\/logo.jpg","contentUrl":"https:\/\/www.vetorino.com\/boutique\/wp-content\/uploads\/2024\/10\/logo.jpg","width":1200,"height":610,"caption":"V\u00e9torino"},"image":{"@id":"https:\/\/www.vetorino.com\/boutique\/#\/schema\/logo\/image\/"},"sameAs":["https:\/\/www.facebook.com\/Vetorino\/","https:\/\/www.instagram.com\/vetorino_off\/","https:\/\/www.linkedin.com\/company\/vtorino\/"]}]},"product_brand":"Mp Labo","og_availability":"instock","product_availability":"instock","product_condition":"new"},"_links":{"self":[{"href":"https:\/\/www.vetorino.com\/veterinaire\/plouzevede-29440\/boutique\/wp-json\/wp\/v2\/product\/590443","targetHints":{"allow":["GET"]}}],"collection":[{"href":"https:\/\/www.vetorino.com\/veterinaire\/plouzevede-29440\/boutique\/wp-json\/wp\/v2\/product"}],"about":[{"href":"https:\/\/www.vetorino.com\/veterinaire\/plouzevede-29440\/boutique\/wp-json\/wp\/v2\/types\/product"}],"wp:featuredmedia":[{"embeddable":true,"href":"https:\/\/www.vetorino.com\/veterinaire\/plouzevede-29440\/boutique\/wp-json\/wp\/v2\/media\/146639"}],"wp:attachment":[{"href":"https:\/\/www.vetorino.com\/veterinaire\/plouzevede-29440\/boutique\/wp-json\/wp\/v2\/media?parent=590443"}],"wp:term":[{"taxonomy":"product_cat","embeddable":true,"href":"https:\/\/www.vetorino.com\/veterinaire\/plouzevede-29440\/boutique\/wp-json\/wp\/v2\/product_cat?post=590443"},{"taxonomy":"product_tag","embeddable":true,"href":"https:\/\/www.vetorino.com\/veterinaire\/plouzevede-29440\/boutique\/wp-json\/wp\/v2\/product_tag?post=590443"}],"curies":[{"name":"wp","href":"https:\/\/api.w.org\/{rel}","templated":true}]}}