{"id":592716,"date":"2023-04-11T11:41:49","date_gmt":"2023-04-11T09:41:49","guid":{"rendered":"https:\/\/www.vetorino.com\/boutique\/product\/proplan-relax-chien\/"},"modified":"2024-01-31T12:09:55","modified_gmt":"2024-01-31T11:09:55","slug":"proplan-relax-chien","status":"publish","type":"product","link":"https:\/\/www.vetorino.com\/veterinaire\/plouzevede-29440\/boutique\/product\/proplan-relax-chien\/","title":{"rendered":"Chien Relax +"},"content":{"rendered":"<p><strong>PRO PLAN\u00ae Relax+ aide votre chien \u00e0 adopter un comportement plus calme et \u00e0 retrouver \u00e9quilibre et bien-\u00eatre au quotidien. Sa formule contient des niveaux adapt\u00e9s d\u2019acides gras Om\u00e9ga 3 (EPA et DHA, issus des huiles de poissons).<\/strong><strong><br \/>\n<\/strong><\/p>\n<p><strong>Utilisation :<\/strong><\/p>\n<ul>\n<li>Aliment compl\u00e9mentaire pour chien adulte<\/li>\n<li>Pr\u00e9server naturellement l\u2019\u00e9tat \u00e9motionnel positif de votre animal.<\/li>\n<li>Aider \u00e0 apaiser les comportements excessifs (sauts et aboiements intempestifs, chien qui tourne ou tr\u00e9pigne).<\/li>\n<\/ul>\n<p><strong>Contre-indications :<\/strong><\/p>\n<ul>\n<li>Ne convient pas aux femelles gestantes ou allaitantes.<\/li>\n<li>Ne convient pas aux chiens de moins de 2 kg.<\/li>\n<li>Ne doit pas \u00eatre donn\u00e9 avec d\u2019autres sources riches en poisson.<\/li>\n<\/ul>\n<p><strong>Bienfaits essentiels :<\/strong><\/p>\n<ul>\n<li>Pr\u00e9server naturellement l\u2019\u00e9tat \u00e9motionnel positif de votre animal.<\/li>\n<li>Sans sucres ajout\u00e9s, sans colorants artificiels ni conservateurs ajout\u00e9s.<\/li>\n<li>D\u00e9velopp\u00e9 avec des v\u00e9t\u00e9rinaires, des nutritionnistes et des scientifiques.<\/li>\n<li>Aider \u00e0 apaiser les comportements excessifs (sauts et aboiements intempestifs, chien qui tourne ou tr\u00e9pigne).<\/li>\n<\/ul>\n<p><strong>Pour pr\u00e9server la bonne sant\u00e9 de votre chien, respectez les rations journali\u00e8res recommand\u00e9es et favorisez l&#8217;exercice au quotidien.<\/strong><\/p>\n","protected":false},"excerpt":{"rendered":"<p><strong>Aide votre chien \u00e0 adopter un comportement plus calme et \u00e0 retrouver \u00e9quilibre et bien-\u00eatre au quotidien.<\/strong><strong><br \/>\n<\/strong><\/p>\n<p><strong>Utilisation :<\/strong><\/p>\n<ul>\n<li>Aliment compl\u00e9mentaire pour chien adulte<\/li>\n<li>Pr\u00e9server naturellement l\u2019\u00e9tat \u00e9motionnel positif de votre animal.<\/li>\n<li>Aider \u00e0 apaiser les comportements excessifs (sauts et aboiements intempestifs, chien qui tourne ou tr\u00e9pigne).<\/li>\n<\/ul>\n","protected":false},"featured_media":592715,"template":"","meta":[],"product_cat":[12552,2738,2698],"product_tag":[],"class_list":{"0":"post-592716","1":"product","2":"type-product","3":"status-publish","4":"has-post-thumbnail","6":"product_cat-alimentation-du-chien","7":"product_cat-aliments-complementaires-pour-chien","8":"product_cat-chien","9":"pa_marque-purina","11":"first","12":"outofstock","13":"taxable","14":"shipping-taxable","15":"purchasable","16":"product-type-simple"},"yoast_head":"<!-- This site is optimized with the Yoast SEO plugin v27.3 - https:\/\/yoast.com\/product\/yoast-seo-wordpress\/ -->\n<title>Proplan Chien Relax + Purina Pro Plan - V\u00e9torino<\/title>\n<meta name=\"description\" content=\"Aide votre chien \u00e0 adopter un comportement plus calme et \u00e0 retrouver \u00e9quilibre et bien-\u00eatre au quotidien.   Utilisation :   Aliment compl\u00e9mentaire pour chien adulte  Pr\u00e9server naturellement l\u2019\u00e9tat \u00e9motionnel positif de votre animal.  Aider \u00e0 apaiser les comportements excessifs (sauts et aboiements intempestifs, chien qui tourne ou tr\u00e9pigne).\" \/>\n<meta name=\"robots\" content=\"noindex, nofollow\" \/>\n<meta property=\"og:locale\" content=\"fr_FR\" \/>\n<meta property=\"og:type\" content=\"article\" \/>\n<meta property=\"og:title\" content=\"Proplan Chien Relax + Purina Pro Plan - V\u00e9torino\" \/>\n<meta property=\"og:description\" content=\"Aide votre chien \u00e0 adopter un comportement plus calme et \u00e0 retrouver \u00e9quilibre et bien-\u00eatre au quotidien.   Utilisation :   Aliment compl\u00e9mentaire pour chien adulte  Pr\u00e9server naturellement l\u2019\u00e9tat \u00e9motionnel positif de votre animal.  Aider \u00e0 apaiser les comportements excessifs (sauts et aboiements intempestifs, chien qui tourne ou tr\u00e9pigne).\" \/>\n<meta property=\"og:url\" content=\"https:\/\/www.vetorino.com\/veterinaire\/plouzevede-29440\/boutique\/product\/proplan-relax-chien\/\" \/>\n<meta property=\"og:site_name\" content=\"V\u00e9torino\" \/>\n<meta property=\"article:publisher\" content=\"https:\/\/www.facebook.com\/Vetorino\/\" \/>\n<meta property=\"article:modified_time\" content=\"2024-01-31T11:09:55+00:00\" \/>\n<meta property=\"og:image\" content=\"https:\/\/www.vetorino.com\/boutique\/wp-content\/uploads\/2023\/04\/PURINA-1873920.jpg\" \/>\n\t<meta property=\"og:image:width\" content=\"883\" \/>\n\t<meta property=\"og:image:height\" content=\"883\" \/>\n\t<meta property=\"og:image:type\" content=\"image\/jpeg\" \/>\n<meta name=\"twitter:card\" content=\"summary_large_image\" \/>\n<meta name=\"twitter:label1\" content=\"Prix\" \/>\n\t<meta name=\"twitter:data1\" content=\"31,95&euro;\" \/>\n\t<meta name=\"twitter:label2\" content=\"Disponibilit\u00e9\" \/>\n\t<meta name=\"twitter:data2\" content=\"Rupture de stock\" \/>\n<script type=\"application\/ld+json\" class=\"yoast-schema-graph\">{\"@context\":\"https:\\\/\\\/schema.org\",\"@graph\":[{\"@type\":\"WebPage\",\"@id\":\"https:\\\/\\\/www.vetorino.com\\\/veterinaire\\\/briancon-05100\\\/boutique\\\/product\\\/proplan-relax-chien\\\/\",\"url\":\"https:\\\/\\\/www.vetorino.com\\\/veterinaire\\\/briancon-05100\\\/boutique\\\/product\\\/proplan-relax-chien\\\/\",\"name\":\"Proplan Chien Relax + Purina Pro Plan - V\u00e9torino\",\"isPartOf\":{\"@id\":\"https:\\\/\\\/www.vetorino.com\\\/boutique\\\/#website\"},\"primaryImageOfPage\":{\"@id\":\"https:\\\/\\\/www.vetorino.com\\\/veterinaire\\\/briancon-05100\\\/boutique\\\/product\\\/proplan-relax-chien\\\/#primaryimage\"},\"image\":{\"@id\":\"https:\\\/\\\/www.vetorino.com\\\/veterinaire\\\/briancon-05100\\\/boutique\\\/product\\\/proplan-relax-chien\\\/#primaryimage\"},\"thumbnailUrl\":\"https:\\\/\\\/www.vetorino.com\\\/boutique\\\/wp-content\\\/uploads\\\/2023\\\/04\\\/PURINA-1873920.jpg\",\"datePublished\":\"2023-04-11T09:41:49+00:00\",\"dateModified\":\"2024-01-31T11:09:55+00:00\",\"description\":\"Aide votre chien \u00e0 adopter un comportement plus calme et \u00e0 retrouver \u00e9quilibre et bien-\u00eatre au quotidien. Utilisation : Aliment compl\u00e9mentaire pour chien adulte Pr\u00e9server naturellement l\u2019\u00e9tat \u00e9motionnel positif de votre animal. Aider \u00e0 apaiser les comportements excessifs (sauts et aboiements intempestifs, chien qui tourne ou tr\u00e9pigne).\",\"breadcrumb\":{\"@id\":\"https:\\\/\\\/www.vetorino.com\\\/veterinaire\\\/briancon-05100\\\/boutique\\\/product\\\/proplan-relax-chien\\\/#breadcrumb\"},\"inLanguage\":\"fr-FR\",\"potentialAction\":[{\"@type\":\"ReadAction\",\"target\":[\"https:\\\/\\\/www.vetorino.com\\\/veterinaire\\\/briancon-05100\\\/boutique\\\/product\\\/proplan-relax-chien\\\/\"]}]},{\"@type\":\"ImageObject\",\"inLanguage\":\"fr-FR\",\"@id\":\"https:\\\/\\\/www.vetorino.com\\\/veterinaire\\\/briancon-05100\\\/boutique\\\/product\\\/proplan-relax-chien\\\/#primaryimage\",\"url\":\"https:\\\/\\\/www.vetorino.com\\\/boutique\\\/wp-content\\\/uploads\\\/2023\\\/04\\\/PURINA-1873920.jpg\",\"contentUrl\":\"https:\\\/\\\/www.vetorino.com\\\/boutique\\\/wp-content\\\/uploads\\\/2023\\\/04\\\/PURINA-1873920.jpg\",\"width\":883,\"height\":883},{\"@type\":\"BreadcrumbList\",\"@id\":\"https:\\\/\\\/www.vetorino.com\\\/veterinaire\\\/briancon-05100\\\/boutique\\\/product\\\/proplan-relax-chien\\\/#breadcrumb\",\"itemListElement\":[{\"@type\":\"ListItem\",\"position\":1,\"name\":\"Accueil\",\"item\":\"https:\\\/\\\/www.vetorino.com\\\/boutique\\\/\"},{\"@type\":\"ListItem\",\"position\":2,\"name\":\"Produits\",\"item\":\"https:\\\/\\\/www.vetorino.com\\\/boutique\\\/\"},{\"@type\":\"ListItem\",\"position\":3,\"name\":\"Chien Relax +\"}]},{\"@type\":\"WebSite\",\"@id\":\"https:\\\/\\\/www.vetorino.com\\\/boutique\\\/#website\",\"url\":\"https:\\\/\\\/www.vetorino.com\\\/boutique\\\/\",\"name\":\"V\u00e9torino\",\"description\":\"\",\"publisher\":{\"@id\":\"https:\\\/\\\/www.vetorino.com\\\/boutique\\\/#organization\"},\"potentialAction\":[{\"@type\":\"SearchAction\",\"target\":{\"@type\":\"EntryPoint\",\"urlTemplate\":\"https:\\\/\\\/www.vetorino.com\\\/boutique\\\/?s={search_term_string}\"},\"query-input\":{\"@type\":\"PropertyValueSpecification\",\"valueRequired\":true,\"valueName\":\"search_term_string\"}}],\"inLanguage\":\"fr-FR\"},{\"@type\":\"Organization\",\"@id\":\"https:\\\/\\\/www.vetorino.com\\\/boutique\\\/#organization\",\"name\":\"V\u00e9torino\",\"url\":\"https:\\\/\\\/www.vetorino.com\\\/boutique\\\/\",\"logo\":{\"@type\":\"ImageObject\",\"inLanguage\":\"fr-FR\",\"@id\":\"https:\\\/\\\/www.vetorino.com\\\/boutique\\\/#\\\/schema\\\/logo\\\/image\\\/\",\"url\":\"https:\\\/\\\/www.vetorino.com\\\/boutique\\\/wp-content\\\/uploads\\\/2024\\\/10\\\/logo.jpg\",\"contentUrl\":\"https:\\\/\\\/www.vetorino.com\\\/boutique\\\/wp-content\\\/uploads\\\/2024\\\/10\\\/logo.jpg\",\"width\":1200,\"height\":610,\"caption\":\"V\u00e9torino\"},\"image\":{\"@id\":\"https:\\\/\\\/www.vetorino.com\\\/boutique\\\/#\\\/schema\\\/logo\\\/image\\\/\"},\"sameAs\":[\"https:\\\/\\\/www.facebook.com\\\/Vetorino\\\/\",\"https:\\\/\\\/www.instagram.com\\\/vetorino_off\\\/\",\"https:\\\/\\\/www.linkedin.com\\\/company\\\/vtorino\\\/\"]}]}<\/script>\n<meta property=\"product:brand\" content=\"Purina Pro Plan\" \/>\n<meta property=\"product:price:amount\" content=\"31.95\" \/>\n<meta property=\"product:price:currency\" content=\"EUR\" \/>\n<meta property=\"og:availability\" content=\"out of stock\" \/>\n<meta property=\"product:availability\" content=\"out of stock\" \/>\n<meta property=\"product:retailer_item_id\" content=\"A-1873920\" \/>\n<meta property=\"product:condition\" content=\"new\" \/>\n<!-- \/ Yoast SEO plugin. -->","yoast_head_json":{"title":"Proplan Chien Relax + Purina Pro Plan - V\u00e9torino","description":"Aide votre chien \u00e0 adopter un comportement plus calme et \u00e0 retrouver \u00e9quilibre et bien-\u00eatre au quotidien.   Utilisation :   Aliment compl\u00e9mentaire pour chien adulte  Pr\u00e9server naturellement l\u2019\u00e9tat \u00e9motionnel positif de votre animal.  Aider \u00e0 apaiser les comportements excessifs (sauts et aboiements intempestifs, chien qui tourne ou tr\u00e9pigne).","robots":{"index":"noindex","follow":"nofollow"},"og_locale":"fr_FR","og_type":"article","og_title":"Proplan Chien Relax + Purina Pro Plan - V\u00e9torino","og_description":"Aide votre chien \u00e0 adopter un comportement plus calme et \u00e0 retrouver \u00e9quilibre et bien-\u00eatre au quotidien.   Utilisation :   Aliment compl\u00e9mentaire pour chien adulte  Pr\u00e9server naturellement l\u2019\u00e9tat \u00e9motionnel positif de votre animal.  Aider \u00e0 apaiser les comportements excessifs (sauts et aboiements intempestifs, chien qui tourne ou tr\u00e9pigne).","og_url":"https:\/\/www.vetorino.com\/veterinaire\/plouzevede-29440\/boutique\/product\/proplan-relax-chien\/","og_site_name":"V\u00e9torino","article_publisher":"https:\/\/www.facebook.com\/Vetorino\/","article_modified_time":"2024-01-31T11:09:55+00:00","og_image":[{"width":883,"height":883,"url":"https:\/\/www.vetorino.com\/boutique\/wp-content\/uploads\/2023\/04\/PURINA-1873920.jpg","type":"image\/jpeg"}],"twitter_card":"summary_large_image","twitter_misc":{"Prix":"31,95&euro;","Disponibilit\u00e9":"Rupture de stock"},"schema":{"@context":"https:\/\/schema.org","@graph":[{"@type":"WebPage","@id":"https:\/\/www.vetorino.com\/veterinaire\/briancon-05100\/boutique\/product\/proplan-relax-chien\/","url":"https:\/\/www.vetorino.com\/veterinaire\/briancon-05100\/boutique\/product\/proplan-relax-chien\/","name":"Proplan Chien Relax + Purina Pro Plan - V\u00e9torino","isPartOf":{"@id":"https:\/\/www.vetorino.com\/boutique\/#website"},"primaryImageOfPage":{"@id":"https:\/\/www.vetorino.com\/veterinaire\/briancon-05100\/boutique\/product\/proplan-relax-chien\/#primaryimage"},"image":{"@id":"https:\/\/www.vetorino.com\/veterinaire\/briancon-05100\/boutique\/product\/proplan-relax-chien\/#primaryimage"},"thumbnailUrl":"https:\/\/www.vetorino.com\/boutique\/wp-content\/uploads\/2023\/04\/PURINA-1873920.jpg","datePublished":"2023-04-11T09:41:49+00:00","dateModified":"2024-01-31T11:09:55+00:00","description":"Aide votre chien \u00e0 adopter un comportement plus calme et \u00e0 retrouver \u00e9quilibre et bien-\u00eatre au quotidien. Utilisation : Aliment compl\u00e9mentaire pour chien adulte Pr\u00e9server naturellement l\u2019\u00e9tat \u00e9motionnel positif de votre animal. Aider \u00e0 apaiser les comportements excessifs (sauts et aboiements intempestifs, chien qui tourne ou tr\u00e9pigne).","breadcrumb":{"@id":"https:\/\/www.vetorino.com\/veterinaire\/briancon-05100\/boutique\/product\/proplan-relax-chien\/#breadcrumb"},"inLanguage":"fr-FR","potentialAction":[{"@type":"ReadAction","target":["https:\/\/www.vetorino.com\/veterinaire\/briancon-05100\/boutique\/product\/proplan-relax-chien\/"]}]},{"@type":"ImageObject","inLanguage":"fr-FR","@id":"https:\/\/www.vetorino.com\/veterinaire\/briancon-05100\/boutique\/product\/proplan-relax-chien\/#primaryimage","url":"https:\/\/www.vetorino.com\/boutique\/wp-content\/uploads\/2023\/04\/PURINA-1873920.jpg","contentUrl":"https:\/\/www.vetorino.com\/boutique\/wp-content\/uploads\/2023\/04\/PURINA-1873920.jpg","width":883,"height":883},{"@type":"BreadcrumbList","@id":"https:\/\/www.vetorino.com\/veterinaire\/briancon-05100\/boutique\/product\/proplan-relax-chien\/#breadcrumb","itemListElement":[{"@type":"ListItem","position":1,"name":"Accueil","item":"https:\/\/www.vetorino.com\/boutique\/"},{"@type":"ListItem","position":2,"name":"Produits","item":"https:\/\/www.vetorino.com\/boutique\/"},{"@type":"ListItem","position":3,"name":"Chien Relax +"}]},{"@type":"WebSite","@id":"https:\/\/www.vetorino.com\/boutique\/#website","url":"https:\/\/www.vetorino.com\/boutique\/","name":"V\u00e9torino","description":"","publisher":{"@id":"https:\/\/www.vetorino.com\/boutique\/#organization"},"potentialAction":[{"@type":"SearchAction","target":{"@type":"EntryPoint","urlTemplate":"https:\/\/www.vetorino.com\/boutique\/?s={search_term_string}"},"query-input":{"@type":"PropertyValueSpecification","valueRequired":true,"valueName":"search_term_string"}}],"inLanguage":"fr-FR"},{"@type":"Organization","@id":"https:\/\/www.vetorino.com\/boutique\/#organization","name":"V\u00e9torino","url":"https:\/\/www.vetorino.com\/boutique\/","logo":{"@type":"ImageObject","inLanguage":"fr-FR","@id":"https:\/\/www.vetorino.com\/boutique\/#\/schema\/logo\/image\/","url":"https:\/\/www.vetorino.com\/boutique\/wp-content\/uploads\/2024\/10\/logo.jpg","contentUrl":"https:\/\/www.vetorino.com\/boutique\/wp-content\/uploads\/2024\/10\/logo.jpg","width":1200,"height":610,"caption":"V\u00e9torino"},"image":{"@id":"https:\/\/www.vetorino.com\/boutique\/#\/schema\/logo\/image\/"},"sameAs":["https:\/\/www.facebook.com\/Vetorino\/","https:\/\/www.instagram.com\/vetorino_off\/","https:\/\/www.linkedin.com\/company\/vtorino\/"]}]},"product_brand":"Purina Pro Plan","product_price_amount":"31.95","product_price_currency":"EUR","og_availability":"out of stock","product_availability":"out of stock","product_retailer_item_id":"A-1873920","product_condition":"new"},"_links":{"self":[{"href":"https:\/\/www.vetorino.com\/veterinaire\/plouzevede-29440\/boutique\/wp-json\/wp\/v2\/product\/592716","targetHints":{"allow":["GET"]}}],"collection":[{"href":"https:\/\/www.vetorino.com\/veterinaire\/plouzevede-29440\/boutique\/wp-json\/wp\/v2\/product"}],"about":[{"href":"https:\/\/www.vetorino.com\/veterinaire\/plouzevede-29440\/boutique\/wp-json\/wp\/v2\/types\/product"}],"wp:featuredmedia":[{"embeddable":true,"href":"https:\/\/www.vetorino.com\/veterinaire\/plouzevede-29440\/boutique\/wp-json\/wp\/v2\/media\/592715"}],"wp:attachment":[{"href":"https:\/\/www.vetorino.com\/veterinaire\/plouzevede-29440\/boutique\/wp-json\/wp\/v2\/media?parent=592716"}],"wp:term":[{"taxonomy":"product_cat","embeddable":true,"href":"https:\/\/www.vetorino.com\/veterinaire\/plouzevede-29440\/boutique\/wp-json\/wp\/v2\/product_cat?post=592716"},{"taxonomy":"product_tag","embeddable":true,"href":"https:\/\/www.vetorino.com\/veterinaire\/plouzevede-29440\/boutique\/wp-json\/wp\/v2\/product_tag?post=592716"}],"curies":[{"name":"wp","href":"https:\/\/api.w.org\/{rel}","templated":true}]}}