{"id":600465,"date":"2023-04-23T17:23:38","date_gmt":"2023-04-23T15:23:38","guid":{"rendered":"https:\/\/www.vetorino.com\/boutique\/product\/tapis-de-lechage-pop-chat\/"},"modified":"2025-08-18T15:40:25","modified_gmt":"2025-08-18T13:40:25","slug":"tapis-de-lechage-pop-chat","status":"publish","type":"product","link":"https:\/\/www.vetorino.com\/veterinaire\/plouzevede-29440\/boutique\/product\/tapis-de-lechage-pop-chat\/","title":{"rendered":"Tapis L\u00e9chage Pop \u2013 chat, chien"},"content":{"rendered":"<p><strong>Tapis de l\u00e9chage pour lutter contre l\u2019anxi\u00e9t\u00e9 ou l\u2019ennui chez le chien et le chat.<\/strong><\/p>\n<p>Forme carr\u00e9e, motifs croix, dot\u00e9 de ventouses permettant de fixer le tapis.<\/p>\n<p><strong>Avantages :<\/strong><\/p>\n<ul>\n<li>Entretien de l&#8217;hygi\u00e8ne bucco-dentaire gr\u00e2ce au l\u00e9chage tout en facilitant la digestion et r\u00e9duisant l&#8217;alimentation.<\/li>\n<li>Stimule l&#8217;animal mentalement, \u00e9vite l&#8217;ennui.<\/li>\n<li>Distrait l&#8217;animal en cas de soin en consultation ou \u00e0 la maison.<\/li>\n<li>Peut \u00eatre utilis\u00e9 avec des aliments froids ou chauds.<\/li>\n<li>Compatible avec le micro-ondes et le cong\u00e9lateur.<\/li>\n<li>Lavable au lave-vaisselle.<\/li>\n<\/ul>\n<p><strong>Dimensions :<em>\u00a0<\/em><\/strong><em>18,6 x 18,6 cm<\/em><\/p>\n","protected":false},"excerpt":{"rendered":"<div id=\"short_description_block\">\n<div id=\"short_description_content\" class=\"rte align_justify\">\n<div id=\"short_description_block\">\n<div id=\"short_description_content\" class=\"rte align_justify\">\n<p><strong>Tapis de l\u00e9chage pour lutter contre l\u2019anxi\u00e9t\u00e9 ou l\u2019ennui chez le chien et le chat.<\/strong><\/p>\n<p>Forme carr\u00e9e, motifs croix, dot\u00e9 de ventouses permettant de fixer le tapis.<\/p>\n<p><strong>Avantages :<\/strong><\/p>\n<ul>\n<li>Entretien de l&#8217;hygi\u00e8ne bucco-dentaire gr\u00e2ce au l\u00e9chage tout en facilitant la digestion et r\u00e9duisant l&#8217;alimentation.<\/li>\n<li>Stimule l&#8217;animal mentalement, \u00e9vite l&#8217;ennui.<\/li>\n<li>Distrait l&#8217;animal en cas de soin en consultation ou \u00e0 la maison.<\/li>\n<li>Peut \u00eatre utilis\u00e9 avec des aliments froids ou chauds.<\/li>\n<li>Compatible avec le micro-ondes et le cong\u00e9lateur.<\/li>\n<li>Lavable au lave-vaisselle.<\/li>\n<\/ul>\n<p><strong>Dimensions :<em>\u00a0<\/em><\/strong><em>18,6 x 18,6 cm<\/em><\/p>\n<\/div>\n<\/div>\n<\/div>\n<\/div>\n","protected":false},"featured_media":1455922,"template":"","meta":[],"product_cat":[12548,12550,2697,2698,12606,12607,12620,12621],"product_tag":[],"class_list":{"0":"post-600465","1":"product","2":"type-product","3":"status-publish","4":"has-post-thumbnail","6":"product_cat-accessoire-du-chat","7":"product_cat-accessoires-du-chien","8":"product_cat-chat","9":"product_cat-chien","10":"product_cat-gamelles-pour-chat","11":"product_cat-gamelles-pour-chien","12":"product_cat-jeux-educatifs-pour-chat","13":"product_cat-jeux-educatifs-pour-chien","14":"pa_marque-vetopop","16":"first","17":"instock","18":"taxable","19":"shipping-taxable","20":"purchasable","21":"product-type-simple"},"yoast_head":"<!-- This site is optimized with the Yoast SEO plugin v27.3 - https:\/\/yoast.com\/product\/yoast-seo-wordpress\/ -->\n<title>Tapis L\u00e9chage Pop \u2013 chat, chien V\u00e9topop - V\u00e9torino<\/title>\n<meta name=\"description\" content=\"Tapis de l\u00e9chage pour lutter contre l\u2019anxi\u00e9t\u00e9 ou l\u2019ennui chez le chien et le chat.  Forme carr\u00e9e, motifs croix, dot\u00e9 de ventouses permettant de fixer le tapis.  Avantages :   Entretien de l&#039;hygi\u00e8ne bucco-dentaire gr\u00e2ce au l\u00e9chage tout en facilitant la digestion et r\u00e9duisant l&#039;alimentation.  Stimule l&#039;animal mentalement, \u00e9vite l&#039;ennui.  Distrait l&#039;animal en cas de soin en consultation ou \u00e0 la maison.  Peut \u00eatre utilis\u00e9 avec des aliments froids ou chauds.  Compatible avec le micro-ondes et le cong\u00e9lateur.  Lavable au lave-vaisselle.  Dimensions :\u00a018,6 x 18,6 cm\" \/>\n<meta name=\"robots\" content=\"noindex, nofollow\" \/>\n<meta property=\"og:locale\" content=\"fr_FR\" \/>\n<meta property=\"og:type\" content=\"article\" \/>\n<meta property=\"og:title\" content=\"Tapis L\u00e9chage Pop \u2013 chat, chien V\u00e9topop - V\u00e9torino\" \/>\n<meta property=\"og:description\" content=\"Tapis de l\u00e9chage pour lutter contre l\u2019anxi\u00e9t\u00e9 ou l\u2019ennui chez le chien et le chat.  Forme carr\u00e9e, motifs croix, dot\u00e9 de ventouses permettant de fixer le tapis.  Avantages :   Entretien de l&#039;hygi\u00e8ne bucco-dentaire gr\u00e2ce au l\u00e9chage tout en facilitant la digestion et r\u00e9duisant l&#039;alimentation.  Stimule l&#039;animal mentalement, \u00e9vite l&#039;ennui.  Distrait l&#039;animal en cas de soin en consultation ou \u00e0 la maison.  Peut \u00eatre utilis\u00e9 avec des aliments froids ou chauds.  Compatible avec le micro-ondes et le cong\u00e9lateur.  Lavable au lave-vaisselle.  Dimensions :\u00a018,6 x 18,6 cm\" \/>\n<meta property=\"og:url\" content=\"https:\/\/www.vetorino.com\/veterinaire\/plouzevede-29440\/boutique\/product\/tapis-de-lechage-pop-chat\/\" \/>\n<meta property=\"og:site_name\" content=\"V\u00e9torino\" \/>\n<meta property=\"article:publisher\" content=\"https:\/\/www.facebook.com\/Vetorino\/\" \/>\n<meta property=\"article:modified_time\" content=\"2025-08-18T13:40:25+00:00\" \/>\n<meta property=\"og:image\" content=\"https:\/\/www.vetorino.com\/boutique\/wp-content\/uploads\/2023\/04\/tapis-de-lechage-pop.jpg\" \/>\n\t<meta property=\"og:image:width\" content=\"450\" \/>\n\t<meta property=\"og:image:height\" content=\"450\" \/>\n\t<meta property=\"og:image:type\" content=\"image\/jpeg\" \/>\n<meta name=\"twitter:card\" content=\"summary_large_image\" \/>\n<meta name=\"twitter:label1\" content=\"Prix\" \/>\n\t<meta name=\"twitter:data1\" content=\"9,24&euro;\" \/>\n\t<meta name=\"twitter:label2\" content=\"Disponibilit\u00e9\" \/>\n\t<meta name=\"twitter:data2\" content=\"En stock\" \/>\n<script type=\"application\/ld+json\" class=\"yoast-schema-graph\">{\"@context\":\"https:\\\/\\\/schema.org\",\"@graph\":[{\"@type\":\"WebPage\",\"@id\":\"https:\\\/\\\/www.vetorino.com\\\/veterinaire\\\/pontarlier-25300\\\/boutique\\\/product\\\/tapis-de-lechage-pop-chat\\\/\",\"url\":\"https:\\\/\\\/www.vetorino.com\\\/veterinaire\\\/pontarlier-25300\\\/boutique\\\/product\\\/tapis-de-lechage-pop-chat\\\/\",\"name\":\"Tapis L\u00e9chage Pop \u2013 chat, chien V\u00e9topop - V\u00e9torino\",\"isPartOf\":{\"@id\":\"https:\\\/\\\/www.vetorino.com\\\/boutique\\\/#website\"},\"primaryImageOfPage\":{\"@id\":\"https:\\\/\\\/www.vetorino.com\\\/veterinaire\\\/pontarlier-25300\\\/boutique\\\/product\\\/tapis-de-lechage-pop-chat\\\/#primaryimage\"},\"image\":{\"@id\":\"https:\\\/\\\/www.vetorino.com\\\/veterinaire\\\/pontarlier-25300\\\/boutique\\\/product\\\/tapis-de-lechage-pop-chat\\\/#primaryimage\"},\"thumbnailUrl\":\"https:\\\/\\\/www.vetorino.com\\\/boutique\\\/wp-content\\\/uploads\\\/2023\\\/04\\\/tapis-de-lechage-pop.jpg\",\"datePublished\":\"2023-04-23T15:23:38+00:00\",\"dateModified\":\"2025-08-18T13:40:25+00:00\",\"description\":\"Tapis de l\u00e9chage pour lutter contre l\u2019anxi\u00e9t\u00e9 ou l\u2019ennui chez le chien et le chat. Forme carr\u00e9e, motifs croix, dot\u00e9 de ventouses permettant de fixer le tapis. Avantages : Entretien de l'hygi\u00e8ne bucco-dentaire gr\u00e2ce au l\u00e9chage tout en facilitant la digestion et r\u00e9duisant l'alimentation. Stimule l'animal mentalement, \u00e9vite l'ennui. Distrait l'animal en cas de soin en consultation ou \u00e0 la maison. Peut \u00eatre utilis\u00e9 avec des aliments froids ou chauds. Compatible avec le micro-ondes et le cong\u00e9lateur. Lavable au lave-vaisselle. Dimensions :\u00a018,6 x 18,6 cm\",\"breadcrumb\":{\"@id\":\"https:\\\/\\\/www.vetorino.com\\\/veterinaire\\\/pontarlier-25300\\\/boutique\\\/product\\\/tapis-de-lechage-pop-chat\\\/#breadcrumb\"},\"inLanguage\":\"fr-FR\",\"potentialAction\":[{\"@type\":\"ReadAction\",\"target\":[\"https:\\\/\\\/www.vetorino.com\\\/veterinaire\\\/pontarlier-25300\\\/boutique\\\/product\\\/tapis-de-lechage-pop-chat\\\/\"]}]},{\"@type\":\"ImageObject\",\"inLanguage\":\"fr-FR\",\"@id\":\"https:\\\/\\\/www.vetorino.com\\\/veterinaire\\\/pontarlier-25300\\\/boutique\\\/product\\\/tapis-de-lechage-pop-chat\\\/#primaryimage\",\"url\":\"https:\\\/\\\/www.vetorino.com\\\/boutique\\\/wp-content\\\/uploads\\\/2023\\\/04\\\/tapis-de-lechage-pop.jpg\",\"contentUrl\":\"https:\\\/\\\/www.vetorino.com\\\/boutique\\\/wp-content\\\/uploads\\\/2023\\\/04\\\/tapis-de-lechage-pop.jpg\",\"width\":450,\"height\":450},{\"@type\":\"BreadcrumbList\",\"@id\":\"https:\\\/\\\/www.vetorino.com\\\/veterinaire\\\/pontarlier-25300\\\/boutique\\\/product\\\/tapis-de-lechage-pop-chat\\\/#breadcrumb\",\"itemListElement\":[{\"@type\":\"ListItem\",\"position\":1,\"name\":\"Accueil\",\"item\":\"https:\\\/\\\/www.vetorino.com\\\/boutique\\\/\"},{\"@type\":\"ListItem\",\"position\":2,\"name\":\"Produits\",\"item\":\"https:\\\/\\\/www.vetorino.com\\\/boutique\\\/\"},{\"@type\":\"ListItem\",\"position\":3,\"name\":\"Tapis L\u00e9chage Pop \u2013 chat, chien\"}]},{\"@type\":\"WebSite\",\"@id\":\"https:\\\/\\\/www.vetorino.com\\\/boutique\\\/#website\",\"url\":\"https:\\\/\\\/www.vetorino.com\\\/boutique\\\/\",\"name\":\"V\u00e9torino\",\"description\":\"\",\"publisher\":{\"@id\":\"https:\\\/\\\/www.vetorino.com\\\/boutique\\\/#organization\"},\"potentialAction\":[{\"@type\":\"SearchAction\",\"target\":{\"@type\":\"EntryPoint\",\"urlTemplate\":\"https:\\\/\\\/www.vetorino.com\\\/boutique\\\/?s={search_term_string}\"},\"query-input\":{\"@type\":\"PropertyValueSpecification\",\"valueRequired\":true,\"valueName\":\"search_term_string\"}}],\"inLanguage\":\"fr-FR\"},{\"@type\":\"Organization\",\"@id\":\"https:\\\/\\\/www.vetorino.com\\\/boutique\\\/#organization\",\"name\":\"V\u00e9torino\",\"url\":\"https:\\\/\\\/www.vetorino.com\\\/boutique\\\/\",\"logo\":{\"@type\":\"ImageObject\",\"inLanguage\":\"fr-FR\",\"@id\":\"https:\\\/\\\/www.vetorino.com\\\/boutique\\\/#\\\/schema\\\/logo\\\/image\\\/\",\"url\":\"https:\\\/\\\/www.vetorino.com\\\/boutique\\\/wp-content\\\/uploads\\\/2024\\\/10\\\/logo.jpg\",\"contentUrl\":\"https:\\\/\\\/www.vetorino.com\\\/boutique\\\/wp-content\\\/uploads\\\/2024\\\/10\\\/logo.jpg\",\"width\":1200,\"height\":610,\"caption\":\"V\u00e9torino\"},\"image\":{\"@id\":\"https:\\\/\\\/www.vetorino.com\\\/boutique\\\/#\\\/schema\\\/logo\\\/image\\\/\"},\"sameAs\":[\"https:\\\/\\\/www.facebook.com\\\/Vetorino\\\/\",\"https:\\\/\\\/www.instagram.com\\\/vetorino_off\\\/\",\"https:\\\/\\\/www.linkedin.com\\\/company\\\/vtorino\\\/\"]}]}<\/script>\n<meta property=\"product:brand\" content=\"V\u00e9topop\" \/>\n<meta property=\"product:price:amount\" content=\"9.24\" \/>\n<meta property=\"product:price:currency\" content=\"EUR\" \/>\n<meta property=\"og:availability\" content=\"instock\" \/>\n<meta property=\"product:availability\" content=\"instock\" \/>\n<meta property=\"product:retailer_item_id\" content=\"A-1136550\" \/>\n<meta property=\"product:condition\" content=\"new\" \/>\n<!-- \/ Yoast SEO plugin. -->","yoast_head_json":{"title":"Tapis L\u00e9chage Pop \u2013 chat, chien V\u00e9topop - V\u00e9torino","description":"Tapis de l\u00e9chage pour lutter contre l\u2019anxi\u00e9t\u00e9 ou l\u2019ennui chez le chien et le chat.  Forme carr\u00e9e, motifs croix, dot\u00e9 de ventouses permettant de fixer le tapis.  Avantages :   Entretien de l'hygi\u00e8ne bucco-dentaire gr\u00e2ce au l\u00e9chage tout en facilitant la digestion et r\u00e9duisant l'alimentation.  Stimule l'animal mentalement, \u00e9vite l'ennui.  Distrait l'animal en cas de soin en consultation ou \u00e0 la maison.  Peut \u00eatre utilis\u00e9 avec des aliments froids ou chauds.  Compatible avec le micro-ondes et le cong\u00e9lateur.  Lavable au lave-vaisselle.  Dimensions :\u00a018,6 x 18,6 cm","robots":{"index":"noindex","follow":"nofollow"},"og_locale":"fr_FR","og_type":"article","og_title":"Tapis L\u00e9chage Pop \u2013 chat, chien V\u00e9topop - V\u00e9torino","og_description":"Tapis de l\u00e9chage pour lutter contre l\u2019anxi\u00e9t\u00e9 ou l\u2019ennui chez le chien et le chat.  Forme carr\u00e9e, motifs croix, dot\u00e9 de ventouses permettant de fixer le tapis.  Avantages :   Entretien de l'hygi\u00e8ne bucco-dentaire gr\u00e2ce au l\u00e9chage tout en facilitant la digestion et r\u00e9duisant l'alimentation.  Stimule l'animal mentalement, \u00e9vite l'ennui.  Distrait l'animal en cas de soin en consultation ou \u00e0 la maison.  Peut \u00eatre utilis\u00e9 avec des aliments froids ou chauds.  Compatible avec le micro-ondes et le cong\u00e9lateur.  Lavable au lave-vaisselle.  Dimensions :\u00a018,6 x 18,6 cm","og_url":"https:\/\/www.vetorino.com\/veterinaire\/plouzevede-29440\/boutique\/product\/tapis-de-lechage-pop-chat\/","og_site_name":"V\u00e9torino","article_publisher":"https:\/\/www.facebook.com\/Vetorino\/","article_modified_time":"2025-08-18T13:40:25+00:00","og_image":[{"width":450,"height":450,"url":"https:\/\/www.vetorino.com\/boutique\/wp-content\/uploads\/2023\/04\/tapis-de-lechage-pop.jpg","type":"image\/jpeg"}],"twitter_card":"summary_large_image","twitter_misc":{"Prix":"9,24&euro;","Disponibilit\u00e9":"En stock"},"schema":{"@context":"https:\/\/schema.org","@graph":[{"@type":"WebPage","@id":"https:\/\/www.vetorino.com\/veterinaire\/pontarlier-25300\/boutique\/product\/tapis-de-lechage-pop-chat\/","url":"https:\/\/www.vetorino.com\/veterinaire\/pontarlier-25300\/boutique\/product\/tapis-de-lechage-pop-chat\/","name":"Tapis L\u00e9chage Pop \u2013 chat, chien V\u00e9topop - V\u00e9torino","isPartOf":{"@id":"https:\/\/www.vetorino.com\/boutique\/#website"},"primaryImageOfPage":{"@id":"https:\/\/www.vetorino.com\/veterinaire\/pontarlier-25300\/boutique\/product\/tapis-de-lechage-pop-chat\/#primaryimage"},"image":{"@id":"https:\/\/www.vetorino.com\/veterinaire\/pontarlier-25300\/boutique\/product\/tapis-de-lechage-pop-chat\/#primaryimage"},"thumbnailUrl":"https:\/\/www.vetorino.com\/boutique\/wp-content\/uploads\/2023\/04\/tapis-de-lechage-pop.jpg","datePublished":"2023-04-23T15:23:38+00:00","dateModified":"2025-08-18T13:40:25+00:00","description":"Tapis de l\u00e9chage pour lutter contre l\u2019anxi\u00e9t\u00e9 ou l\u2019ennui chez le chien et le chat. Forme carr\u00e9e, motifs croix, dot\u00e9 de ventouses permettant de fixer le tapis. Avantages : Entretien de l'hygi\u00e8ne bucco-dentaire gr\u00e2ce au l\u00e9chage tout en facilitant la digestion et r\u00e9duisant l'alimentation. Stimule l'animal mentalement, \u00e9vite l'ennui. Distrait l'animal en cas de soin en consultation ou \u00e0 la maison. Peut \u00eatre utilis\u00e9 avec des aliments froids ou chauds. Compatible avec le micro-ondes et le cong\u00e9lateur. Lavable au lave-vaisselle. Dimensions :\u00a018,6 x 18,6 cm","breadcrumb":{"@id":"https:\/\/www.vetorino.com\/veterinaire\/pontarlier-25300\/boutique\/product\/tapis-de-lechage-pop-chat\/#breadcrumb"},"inLanguage":"fr-FR","potentialAction":[{"@type":"ReadAction","target":["https:\/\/www.vetorino.com\/veterinaire\/pontarlier-25300\/boutique\/product\/tapis-de-lechage-pop-chat\/"]}]},{"@type":"ImageObject","inLanguage":"fr-FR","@id":"https:\/\/www.vetorino.com\/veterinaire\/pontarlier-25300\/boutique\/product\/tapis-de-lechage-pop-chat\/#primaryimage","url":"https:\/\/www.vetorino.com\/boutique\/wp-content\/uploads\/2023\/04\/tapis-de-lechage-pop.jpg","contentUrl":"https:\/\/www.vetorino.com\/boutique\/wp-content\/uploads\/2023\/04\/tapis-de-lechage-pop.jpg","width":450,"height":450},{"@type":"BreadcrumbList","@id":"https:\/\/www.vetorino.com\/veterinaire\/pontarlier-25300\/boutique\/product\/tapis-de-lechage-pop-chat\/#breadcrumb","itemListElement":[{"@type":"ListItem","position":1,"name":"Accueil","item":"https:\/\/www.vetorino.com\/boutique\/"},{"@type":"ListItem","position":2,"name":"Produits","item":"https:\/\/www.vetorino.com\/boutique\/"},{"@type":"ListItem","position":3,"name":"Tapis L\u00e9chage Pop \u2013 chat, chien"}]},{"@type":"WebSite","@id":"https:\/\/www.vetorino.com\/boutique\/#website","url":"https:\/\/www.vetorino.com\/boutique\/","name":"V\u00e9torino","description":"","publisher":{"@id":"https:\/\/www.vetorino.com\/boutique\/#organization"},"potentialAction":[{"@type":"SearchAction","target":{"@type":"EntryPoint","urlTemplate":"https:\/\/www.vetorino.com\/boutique\/?s={search_term_string}"},"query-input":{"@type":"PropertyValueSpecification","valueRequired":true,"valueName":"search_term_string"}}],"inLanguage":"fr-FR"},{"@type":"Organization","@id":"https:\/\/www.vetorino.com\/boutique\/#organization","name":"V\u00e9torino","url":"https:\/\/www.vetorino.com\/boutique\/","logo":{"@type":"ImageObject","inLanguage":"fr-FR","@id":"https:\/\/www.vetorino.com\/boutique\/#\/schema\/logo\/image\/","url":"https:\/\/www.vetorino.com\/boutique\/wp-content\/uploads\/2024\/10\/logo.jpg","contentUrl":"https:\/\/www.vetorino.com\/boutique\/wp-content\/uploads\/2024\/10\/logo.jpg","width":1200,"height":610,"caption":"V\u00e9torino"},"image":{"@id":"https:\/\/www.vetorino.com\/boutique\/#\/schema\/logo\/image\/"},"sameAs":["https:\/\/www.facebook.com\/Vetorino\/","https:\/\/www.instagram.com\/vetorino_off\/","https:\/\/www.linkedin.com\/company\/vtorino\/"]}]},"product_brand":"V\u00e9topop","product_price_amount":"9.24","product_price_currency":"EUR","og_availability":"instock","product_availability":"instock","product_retailer_item_id":"A-1136550","product_condition":"new"},"_links":{"self":[{"href":"https:\/\/www.vetorino.com\/veterinaire\/plouzevede-29440\/boutique\/wp-json\/wp\/v2\/product\/600465","targetHints":{"allow":["GET"]}}],"collection":[{"href":"https:\/\/www.vetorino.com\/veterinaire\/plouzevede-29440\/boutique\/wp-json\/wp\/v2\/product"}],"about":[{"href":"https:\/\/www.vetorino.com\/veterinaire\/plouzevede-29440\/boutique\/wp-json\/wp\/v2\/types\/product"}],"wp:featuredmedia":[{"embeddable":true,"href":"https:\/\/www.vetorino.com\/veterinaire\/plouzevede-29440\/boutique\/wp-json\/wp\/v2\/media\/1455922"}],"wp:attachment":[{"href":"https:\/\/www.vetorino.com\/veterinaire\/plouzevede-29440\/boutique\/wp-json\/wp\/v2\/media?parent=600465"}],"wp:term":[{"taxonomy":"product_cat","embeddable":true,"href":"https:\/\/www.vetorino.com\/veterinaire\/plouzevede-29440\/boutique\/wp-json\/wp\/v2\/product_cat?post=600465"},{"taxonomy":"product_tag","embeddable":true,"href":"https:\/\/www.vetorino.com\/veterinaire\/plouzevede-29440\/boutique\/wp-json\/wp\/v2\/product_tag?post=600465"}],"curies":[{"name":"wp","href":"https:\/\/api.w.org\/{rel}","templated":true}]}}