{"id":614986,"date":"2023-05-15T12:09:59","date_gmt":"2023-05-15T10:09:59","guid":{"rendered":"https:\/\/www.vetorino.com\/boutique\/?post_type=product&#038;p=614986"},"modified":"2025-11-12T17:16:14","modified_gmt":"2025-11-12T16:16:14","slug":"patee-metabolic-chien-12x370g-prescription-diet-copie","status":"publish","type":"product","link":"https:\/\/www.vetorino.com\/veterinaire\/plouzevede-29440\/boutique\/product\/patee-metabolic-chien-12x370g-prescription-diet-copie\/","title":{"rendered":"Chat On-Care Mijot\u00e9 Poulet"},"content":{"rendered":"<p><strong>Nourriture en bo\u00eete sp\u00e9cialement formul\u00e9e pour nourrir et soutenir les chats atteints de maladies graves, lorsqu&#8217;ils ne veulent ni manger, ni boire.<\/strong><\/p>\n<p><strong>Utilisation :<\/strong><\/p>\n<ul>\n<li>N\u00e9oplasies<\/li>\n<li>Anorexie<\/li>\n<li>Cachexie et perte de poids<\/li>\n<li>Asth\u00e9nie, malnutrition &amp; convalescence<\/li>\n<li>\u00c9tats hyperm\u00e9taboliques<\/li>\n<li>Chirurgie (pr\u00e9- et post-op\u00e9ratoire)<\/li>\n<\/ul>\n<p><strong>Contre indications :<\/strong><\/p>\n<ul>\n<li>Chatons en croissance, chattes gestantes ou allaitantes.<\/li>\n<li>Chats atteints de maladies r\u00e9nales, d&#8217;hyperlipid\u00e9mie, de pancr\u00e9atite, ayant des ant\u00e9c\u00e9dents de pancr\u00e9atite ou pr\u00e9sentant un risque de pancr\u00e9atite.<\/li>\n<\/ul>\n<p><strong>Bienfaits essentiels :<\/strong><\/p>\n<ul>\n<li>Formul\u00e9 avec un go\u00fbt irr\u00e9sistible pour inciter \u00e0 la prise alimentaire d\u00e8s le premier repas.<\/li>\n<li>Une nutrition optimale, riche en calories et en prot\u00e9ines hautement digestibles, pour aider votre chat \u00e0 maintenir son activit\u00e9 quotidienne.<\/li>\n<li>Con\u00e7u avec le m\u00e9lange d&#8217;ingr\u00e9dients ActivBiome+ prouv\u00e9 pour nourrir les bact\u00e9ries intestinales b\u00e9n\u00e9fiques et favoriser l&#8217;\u00e9quilibre du microbiome gastro-intestinal.<\/li>\n<li>D\u00e9velopp\u00e9 par des nutritionnistes et v\u00e9t\u00e9rinaires sp\u00e9cifiquement pour aider \u00e0 nourrir et \u00e0 soutenir les chats qui luttent contre des maladies graves.<\/li>\n<\/ul>\n<p><strong>Il est important de confirmer avec votre v\u00e9t\u00e9rinaire que cette alimentation correspond aux besoins de votre animal.<\/strong><\/p>\n","protected":false},"excerpt":{"rendered":"<p><strong>Nourriture en bo\u00eete sp\u00e9cialement formul\u00e9e pour nourrir et soutenir les chats atteints de maladies graves, lorsqu&#8217;ils ne veulent ni manger, ni boire.<\/strong><\/p>\n<p>&nbsp;<\/p>\n<p><strong>Utilisation :<\/strong><\/p>\n<ul>\n<li>N\u00e9oplasies<\/li>\n<li>Anorexie<\/li>\n<li>Cachexie et perte de poids<\/li>\n<li>Asth\u00e9nie, malnutrition &amp; convalescence<\/li>\n<li>\u00c9tats hyperm\u00e9taboliques<\/li>\n<li>Chirurgie (pr\u00e9- et post-op\u00e9ratoire)<\/li>\n<\/ul>\n<p><strong>\u00a0<\/strong><\/p>\n","protected":false},"featured_media":614988,"template":"","meta":[],"product_cat":[12551,12581,2697,15481],"product_tag":[],"class_list":{"0":"post-614986","1":"product","2":"type-product","3":"status-publish","4":"has-post-thumbnail","6":"product_cat-alimentation-du-chat","7":"product_cat-alimentation-medicalisee-pour-chat","8":"product_cat-chat","9":"product_cat-convalescence-du-chat","10":"pa_marque-hills-pet-nutrition","12":"first","13":"instock","14":"taxable","15":"shipping-taxable","16":"purchasable","17":"product-type-simple"},"yoast_head":"<!-- This site is optimized with the Yoast SEO plugin v27.3 - https:\/\/yoast.com\/product\/yoast-seo-wordpress\/ -->\n<title>Prescription Diet (Hill&#039;s) Chat On-Care Mijot\u00e9 Poulet Hill&#039;s - V\u00e9torino<\/title>\n<meta name=\"description\" content=\"Nourriture en bo\u00eete sp\u00e9cialement formul\u00e9e pour nourrir et soutenir les chats atteints de maladies graves, lorsqu&#039;ils ne veulent ni manger, ni boire.  &nbsp;  Utilisation :   N\u00e9oplasies  Anorexie  Cachexie et perte de poids  Asth\u00e9nie, malnutrition &amp; convalescence  \u00c9tats hyperm\u00e9taboliques  Chirurgie (pr\u00e9- et post-op\u00e9ratoire)  \u00a0\" \/>\n<meta name=\"robots\" content=\"noindex, nofollow\" \/>\n<meta property=\"og:locale\" content=\"fr_FR\" \/>\n<meta property=\"og:type\" content=\"article\" \/>\n<meta property=\"og:title\" content=\"Prescription Diet (Hill&#039;s) Chat On-Care Mijot\u00e9 Poulet Hill&#039;s - V\u00e9torino\" \/>\n<meta property=\"og:description\" content=\"Nourriture en bo\u00eete sp\u00e9cialement formul\u00e9e pour nourrir et soutenir les chats atteints de maladies graves, lorsqu&#039;ils ne veulent ni manger, ni boire.  &nbsp;  Utilisation :   N\u00e9oplasies  Anorexie  Cachexie et perte de poids  Asth\u00e9nie, malnutrition &amp; convalescence  \u00c9tats hyperm\u00e9taboliques  Chirurgie (pr\u00e9- et post-op\u00e9ratoire)  \u00a0\" \/>\n<meta property=\"og:url\" content=\"https:\/\/www.vetorino.com\/veterinaire\/plouzevede-29440\/boutique\/product\/patee-metabolic-chien-12x370g-prescription-diet-copie\/\" \/>\n<meta property=\"og:site_name\" content=\"V\u00e9torino\" \/>\n<meta property=\"article:publisher\" content=\"https:\/\/www.facebook.com\/Vetorino\/\" \/>\n<meta property=\"article:modified_time\" content=\"2025-11-12T16:16:14+00:00\" \/>\n<meta property=\"og:image\" content=\"https:\/\/www.vetorino.com\/boutique\/wp-content\/uploads\/2023\/05\/52742048154_1-prescription-diet-chat-on-care-boites-2-1.jpg\" \/>\n\t<meta property=\"og:image:width\" content=\"1000\" \/>\n\t<meta property=\"og:image:height\" content=\"1000\" \/>\n\t<meta property=\"og:image:type\" content=\"image\/jpeg\" \/>\n<meta name=\"twitter:card\" content=\"summary_large_image\" \/>\n<meta name=\"twitter:label1\" content=\"Prix\" \/>\n\t<meta name=\"twitter:data1\" content=\"45,79&euro;\" \/>\n\t<meta name=\"twitter:label2\" content=\"Disponibilit\u00e9\" \/>\n\t<meta name=\"twitter:data2\" content=\"En stock\" \/>\n<script type=\"application\/ld+json\" class=\"yoast-schema-graph\">{\"@context\":\"https:\\\/\\\/schema.org\",\"@graph\":[{\"@type\":\"WebPage\",\"@id\":\"https:\\\/\\\/www.vetorino.com\\\/veterinaire\\\/briancon-05100\\\/boutique\\\/product\\\/patee-metabolic-chien-12x370g-prescription-diet-copie\\\/\",\"url\":\"https:\\\/\\\/www.vetorino.com\\\/veterinaire\\\/briancon-05100\\\/boutique\\\/product\\\/patee-metabolic-chien-12x370g-prescription-diet-copie\\\/\",\"name\":\"Prescription Diet (Hill's) Chat On-Care Mijot\u00e9 Poulet Hill's - V\u00e9torino\",\"isPartOf\":{\"@id\":\"https:\\\/\\\/www.vetorino.com\\\/boutique\\\/#website\"},\"primaryImageOfPage\":{\"@id\":\"https:\\\/\\\/www.vetorino.com\\\/veterinaire\\\/briancon-05100\\\/boutique\\\/product\\\/patee-metabolic-chien-12x370g-prescription-diet-copie\\\/#primaryimage\"},\"image\":{\"@id\":\"https:\\\/\\\/www.vetorino.com\\\/veterinaire\\\/briancon-05100\\\/boutique\\\/product\\\/patee-metabolic-chien-12x370g-prescription-diet-copie\\\/#primaryimage\"},\"thumbnailUrl\":\"https:\\\/\\\/www.vetorino.com\\\/boutique\\\/wp-content\\\/uploads\\\/2023\\\/05\\\/52742048154_1-prescription-diet-chat-on-care-boites-2-1.jpg\",\"datePublished\":\"2023-05-15T10:09:59+00:00\",\"dateModified\":\"2025-11-12T16:16:14+00:00\",\"description\":\"Nourriture en bo\u00eete sp\u00e9cialement formul\u00e9e pour nourrir et soutenir les chats atteints de maladies graves, lorsqu'ils ne veulent ni manger, ni boire. &nbsp; Utilisation : N\u00e9oplasies Anorexie Cachexie et perte de poids Asth\u00e9nie, malnutrition &amp; convalescence \u00c9tats hyperm\u00e9taboliques Chirurgie (pr\u00e9- et post-op\u00e9ratoire) \u00a0\",\"breadcrumb\":{\"@id\":\"https:\\\/\\\/www.vetorino.com\\\/veterinaire\\\/briancon-05100\\\/boutique\\\/product\\\/patee-metabolic-chien-12x370g-prescription-diet-copie\\\/#breadcrumb\"},\"inLanguage\":\"fr-FR\",\"potentialAction\":[{\"@type\":\"ReadAction\",\"target\":[\"https:\\\/\\\/www.vetorino.com\\\/veterinaire\\\/briancon-05100\\\/boutique\\\/product\\\/patee-metabolic-chien-12x370g-prescription-diet-copie\\\/\"]}]},{\"@type\":\"ImageObject\",\"inLanguage\":\"fr-FR\",\"@id\":\"https:\\\/\\\/www.vetorino.com\\\/veterinaire\\\/briancon-05100\\\/boutique\\\/product\\\/patee-metabolic-chien-12x370g-prescription-diet-copie\\\/#primaryimage\",\"url\":\"https:\\\/\\\/www.vetorino.com\\\/boutique\\\/wp-content\\\/uploads\\\/2023\\\/05\\\/52742048154_1-prescription-diet-chat-on-care-boites-2-1.jpg\",\"contentUrl\":\"https:\\\/\\\/www.vetorino.com\\\/boutique\\\/wp-content\\\/uploads\\\/2023\\\/05\\\/52742048154_1-prescription-diet-chat-on-care-boites-2-1.jpg\",\"width\":1000,\"height\":1000},{\"@type\":\"BreadcrumbList\",\"@id\":\"https:\\\/\\\/www.vetorino.com\\\/veterinaire\\\/briancon-05100\\\/boutique\\\/product\\\/patee-metabolic-chien-12x370g-prescription-diet-copie\\\/#breadcrumb\",\"itemListElement\":[{\"@type\":\"ListItem\",\"position\":1,\"name\":\"Accueil\",\"item\":\"https:\\\/\\\/www.vetorino.com\\\/boutique\\\/\"},{\"@type\":\"ListItem\",\"position\":2,\"name\":\"Produits\",\"item\":\"https:\\\/\\\/www.vetorino.com\\\/boutique\\\/\"},{\"@type\":\"ListItem\",\"position\":3,\"name\":\"Chat On-Care Mijot\u00e9 Poulet\"}]},{\"@type\":\"WebSite\",\"@id\":\"https:\\\/\\\/www.vetorino.com\\\/boutique\\\/#website\",\"url\":\"https:\\\/\\\/www.vetorino.com\\\/boutique\\\/\",\"name\":\"V\u00e9torino\",\"description\":\"\",\"publisher\":{\"@id\":\"https:\\\/\\\/www.vetorino.com\\\/boutique\\\/#organization\"},\"potentialAction\":[{\"@type\":\"SearchAction\",\"target\":{\"@type\":\"EntryPoint\",\"urlTemplate\":\"https:\\\/\\\/www.vetorino.com\\\/boutique\\\/?s={search_term_string}\"},\"query-input\":{\"@type\":\"PropertyValueSpecification\",\"valueRequired\":true,\"valueName\":\"search_term_string\"}}],\"inLanguage\":\"fr-FR\"},{\"@type\":\"Organization\",\"@id\":\"https:\\\/\\\/www.vetorino.com\\\/boutique\\\/#organization\",\"name\":\"V\u00e9torino\",\"url\":\"https:\\\/\\\/www.vetorino.com\\\/boutique\\\/\",\"logo\":{\"@type\":\"ImageObject\",\"inLanguage\":\"fr-FR\",\"@id\":\"https:\\\/\\\/www.vetorino.com\\\/boutique\\\/#\\\/schema\\\/logo\\\/image\\\/\",\"url\":\"https:\\\/\\\/www.vetorino.com\\\/boutique\\\/wp-content\\\/uploads\\\/2024\\\/10\\\/logo.jpg\",\"contentUrl\":\"https:\\\/\\\/www.vetorino.com\\\/boutique\\\/wp-content\\\/uploads\\\/2024\\\/10\\\/logo.jpg\",\"width\":1200,\"height\":610,\"caption\":\"V\u00e9torino\"},\"image\":{\"@id\":\"https:\\\/\\\/www.vetorino.com\\\/boutique\\\/#\\\/schema\\\/logo\\\/image\\\/\"},\"sameAs\":[\"https:\\\/\\\/www.facebook.com\\\/Vetorino\\\/\",\"https:\\\/\\\/www.instagram.com\\\/vetorino_off\\\/\",\"https:\\\/\\\/www.linkedin.com\\\/company\\\/vtorino\\\/\"]}]}<\/script>\n<meta property=\"product:brand\" content=\"Hill&#039;s\" \/>\n<meta property=\"product:price:amount\" content=\"45.79\" \/>\n<meta property=\"product:price:currency\" content=\"EUR\" \/>\n<meta property=\"og:availability\" content=\"instock\" \/>\n<meta property=\"product:availability\" content=\"instock\" \/>\n<meta property=\"product:retailer_item_id\" content=\"A-1875900\" \/>\n<meta property=\"product:condition\" content=\"new\" \/>\n<!-- \/ Yoast SEO plugin. -->","yoast_head_json":{"title":"Prescription Diet (Hill's) Chat On-Care Mijot\u00e9 Poulet Hill's - V\u00e9torino","description":"Nourriture en bo\u00eete sp\u00e9cialement formul\u00e9e pour nourrir et soutenir les chats atteints de maladies graves, lorsqu'ils ne veulent ni manger, ni boire.  &nbsp;  Utilisation :   N\u00e9oplasies  Anorexie  Cachexie et perte de poids  Asth\u00e9nie, malnutrition &amp; convalescence  \u00c9tats hyperm\u00e9taboliques  Chirurgie (pr\u00e9- et post-op\u00e9ratoire)  \u00a0","robots":{"index":"noindex","follow":"nofollow"},"og_locale":"fr_FR","og_type":"article","og_title":"Prescription Diet (Hill's) Chat On-Care Mijot\u00e9 Poulet Hill's - V\u00e9torino","og_description":"Nourriture en bo\u00eete sp\u00e9cialement formul\u00e9e pour nourrir et soutenir les chats atteints de maladies graves, lorsqu'ils ne veulent ni manger, ni boire.  &nbsp;  Utilisation :   N\u00e9oplasies  Anorexie  Cachexie et perte de poids  Asth\u00e9nie, malnutrition &amp; convalescence  \u00c9tats hyperm\u00e9taboliques  Chirurgie (pr\u00e9- et post-op\u00e9ratoire)  \u00a0","og_url":"https:\/\/www.vetorino.com\/veterinaire\/plouzevede-29440\/boutique\/product\/patee-metabolic-chien-12x370g-prescription-diet-copie\/","og_site_name":"V\u00e9torino","article_publisher":"https:\/\/www.facebook.com\/Vetorino\/","article_modified_time":"2025-11-12T16:16:14+00:00","og_image":[{"width":1000,"height":1000,"url":"https:\/\/www.vetorino.com\/boutique\/wp-content\/uploads\/2023\/05\/52742048154_1-prescription-diet-chat-on-care-boites-2-1.jpg","type":"image\/jpeg"}],"twitter_card":"summary_large_image","twitter_misc":{"Prix":"45,79&euro;","Disponibilit\u00e9":"En stock"},"schema":{"@context":"https:\/\/schema.org","@graph":[{"@type":"WebPage","@id":"https:\/\/www.vetorino.com\/veterinaire\/briancon-05100\/boutique\/product\/patee-metabolic-chien-12x370g-prescription-diet-copie\/","url":"https:\/\/www.vetorino.com\/veterinaire\/briancon-05100\/boutique\/product\/patee-metabolic-chien-12x370g-prescription-diet-copie\/","name":"Prescription Diet (Hill's) Chat On-Care Mijot\u00e9 Poulet Hill's - V\u00e9torino","isPartOf":{"@id":"https:\/\/www.vetorino.com\/boutique\/#website"},"primaryImageOfPage":{"@id":"https:\/\/www.vetorino.com\/veterinaire\/briancon-05100\/boutique\/product\/patee-metabolic-chien-12x370g-prescription-diet-copie\/#primaryimage"},"image":{"@id":"https:\/\/www.vetorino.com\/veterinaire\/briancon-05100\/boutique\/product\/patee-metabolic-chien-12x370g-prescription-diet-copie\/#primaryimage"},"thumbnailUrl":"https:\/\/www.vetorino.com\/boutique\/wp-content\/uploads\/2023\/05\/52742048154_1-prescription-diet-chat-on-care-boites-2-1.jpg","datePublished":"2023-05-15T10:09:59+00:00","dateModified":"2025-11-12T16:16:14+00:00","description":"Nourriture en bo\u00eete sp\u00e9cialement formul\u00e9e pour nourrir et soutenir les chats atteints de maladies graves, lorsqu'ils ne veulent ni manger, ni boire. &nbsp; Utilisation : N\u00e9oplasies Anorexie Cachexie et perte de poids Asth\u00e9nie, malnutrition &amp; convalescence \u00c9tats hyperm\u00e9taboliques Chirurgie (pr\u00e9- et post-op\u00e9ratoire) \u00a0","breadcrumb":{"@id":"https:\/\/www.vetorino.com\/veterinaire\/briancon-05100\/boutique\/product\/patee-metabolic-chien-12x370g-prescription-diet-copie\/#breadcrumb"},"inLanguage":"fr-FR","potentialAction":[{"@type":"ReadAction","target":["https:\/\/www.vetorino.com\/veterinaire\/briancon-05100\/boutique\/product\/patee-metabolic-chien-12x370g-prescription-diet-copie\/"]}]},{"@type":"ImageObject","inLanguage":"fr-FR","@id":"https:\/\/www.vetorino.com\/veterinaire\/briancon-05100\/boutique\/product\/patee-metabolic-chien-12x370g-prescription-diet-copie\/#primaryimage","url":"https:\/\/www.vetorino.com\/boutique\/wp-content\/uploads\/2023\/05\/52742048154_1-prescription-diet-chat-on-care-boites-2-1.jpg","contentUrl":"https:\/\/www.vetorino.com\/boutique\/wp-content\/uploads\/2023\/05\/52742048154_1-prescription-diet-chat-on-care-boites-2-1.jpg","width":1000,"height":1000},{"@type":"BreadcrumbList","@id":"https:\/\/www.vetorino.com\/veterinaire\/briancon-05100\/boutique\/product\/patee-metabolic-chien-12x370g-prescription-diet-copie\/#breadcrumb","itemListElement":[{"@type":"ListItem","position":1,"name":"Accueil","item":"https:\/\/www.vetorino.com\/boutique\/"},{"@type":"ListItem","position":2,"name":"Produits","item":"https:\/\/www.vetorino.com\/boutique\/"},{"@type":"ListItem","position":3,"name":"Chat On-Care Mijot\u00e9 Poulet"}]},{"@type":"WebSite","@id":"https:\/\/www.vetorino.com\/boutique\/#website","url":"https:\/\/www.vetorino.com\/boutique\/","name":"V\u00e9torino","description":"","publisher":{"@id":"https:\/\/www.vetorino.com\/boutique\/#organization"},"potentialAction":[{"@type":"SearchAction","target":{"@type":"EntryPoint","urlTemplate":"https:\/\/www.vetorino.com\/boutique\/?s={search_term_string}"},"query-input":{"@type":"PropertyValueSpecification","valueRequired":true,"valueName":"search_term_string"}}],"inLanguage":"fr-FR"},{"@type":"Organization","@id":"https:\/\/www.vetorino.com\/boutique\/#organization","name":"V\u00e9torino","url":"https:\/\/www.vetorino.com\/boutique\/","logo":{"@type":"ImageObject","inLanguage":"fr-FR","@id":"https:\/\/www.vetorino.com\/boutique\/#\/schema\/logo\/image\/","url":"https:\/\/www.vetorino.com\/boutique\/wp-content\/uploads\/2024\/10\/logo.jpg","contentUrl":"https:\/\/www.vetorino.com\/boutique\/wp-content\/uploads\/2024\/10\/logo.jpg","width":1200,"height":610,"caption":"V\u00e9torino"},"image":{"@id":"https:\/\/www.vetorino.com\/boutique\/#\/schema\/logo\/image\/"},"sameAs":["https:\/\/www.facebook.com\/Vetorino\/","https:\/\/www.instagram.com\/vetorino_off\/","https:\/\/www.linkedin.com\/company\/vtorino\/"]}]},"product_brand":"Hill's","product_price_amount":"45.79","product_price_currency":"EUR","og_availability":"instock","product_availability":"instock","product_retailer_item_id":"A-1875900","product_condition":"new"},"_links":{"self":[{"href":"https:\/\/www.vetorino.com\/veterinaire\/plouzevede-29440\/boutique\/wp-json\/wp\/v2\/product\/614986","targetHints":{"allow":["GET"]}}],"collection":[{"href":"https:\/\/www.vetorino.com\/veterinaire\/plouzevede-29440\/boutique\/wp-json\/wp\/v2\/product"}],"about":[{"href":"https:\/\/www.vetorino.com\/veterinaire\/plouzevede-29440\/boutique\/wp-json\/wp\/v2\/types\/product"}],"wp:featuredmedia":[{"embeddable":true,"href":"https:\/\/www.vetorino.com\/veterinaire\/plouzevede-29440\/boutique\/wp-json\/wp\/v2\/media\/614988"}],"wp:attachment":[{"href":"https:\/\/www.vetorino.com\/veterinaire\/plouzevede-29440\/boutique\/wp-json\/wp\/v2\/media?parent=614986"}],"wp:term":[{"taxonomy":"product_cat","embeddable":true,"href":"https:\/\/www.vetorino.com\/veterinaire\/plouzevede-29440\/boutique\/wp-json\/wp\/v2\/product_cat?post=614986"},{"taxonomy":"product_tag","embeddable":true,"href":"https:\/\/www.vetorino.com\/veterinaire\/plouzevede-29440\/boutique\/wp-json\/wp\/v2\/product_tag?post=614986"}],"curies":[{"name":"wp","href":"https:\/\/api.w.org\/{rel}","templated":true}]}}