{"id":615095,"date":"2023-05-15T14:42:24","date_gmt":"2023-05-15T12:42:24","guid":{"rendered":"https:\/\/www.vetorino.com\/boutique\/product\/gamelle-et-jeu-trixie\/"},"modified":"2023-05-15T15:03:37","modified_gmt":"2023-05-15T13:03:37","slug":"gamelle-et-jeu-trixie","status":"publish","type":"product","link":"https:\/\/www.vetorino.com\/veterinaire\/plouzevede-29440\/boutique\/product\/gamelle-et-jeu-trixie\/","title":{"rendered":"Tunnel Feeder de Trixie"},"content":{"rendered":"<div id=\"description\" class=\"product-data__item--content \" aria-labelledby=\"tab-label-amcustomtabs_tabs_1-title\">\n<div class=\"am-custom-tab am-custom-tab-1\">\n<div class=\"am-custom-tab am-custom-tab-1\">\n<div class=\"product attribute description content-wrapper\">\n<div class=\"value reset-pagebuilder\">\n<p>Les chat sont des animaux curieux et joueurs par nature. ils ont besoin de challenges pour rester en bonne forme physique et mentale.<\/p>\n<p>Ce Tunnel Feeder r\u00e9pond aux besoins naturels des chats et entraine leur habilet\u00e9.<\/p>\n<p>Caract\u00e9ristiques :<\/p>\n<ul>\n<li>la nourriture tombe du r\u00e9cipient dans les 6 diff\u00e9rents tubes<\/li>\n<li>con\u00e7u par l&#8217;experte des chats Helena Dbal\u00fd<\/li>\n<li>la quantit\u00e9 de nourriture peut \u00eatre r\u00e9gul\u00e9e<\/li>\n<li>peut aussi s&#8217;utiliser pour l&#8217;alimentation quotidienne avec la nourriture s\u00e8che<\/li>\n<li>pour les chats \u00e2g\u00e9s de plus de 3 mois<\/li>\n<li>anti-d\u00e9rapant gr\u00e2ce \u00e0 l&#8217;anneau en caoutchouc<\/li>\n<li>en plastique<\/li>\n<li>conforme \u00e0 la protection des animaux selon \u00a7 18 (AT)<\/li>\n<\/ul>\n<p>Dimensions :\u00a0\u00f8 28 \u00d7 14 cm<\/p>\n<\/div>\n<\/div>\n<\/div>\n<\/div>\n<\/div>\n<div id=\"related-products\" class=\"product-data__item--content has-related-products\" aria-labelledby=\"tab-label-amcustomtabs_tabs_12-title\">\n<div class=\"am-custom-tab am-custom-tab-12\">\n<div class=\"am-custom-tab am-custom-tab-12\">\n<div class=\"block related page-products\" data-limit=\"5\" data-shuffle=\"1\"><\/div>\n<\/div>\n<\/div>\n<\/div>\n","protected":false},"excerpt":{"rendered":"<p>Avec le\u00a0<strong>Cat Activity Tunnel Feeder<\/strong>, vous faites pratiquer une activit\u00e9 physique et intellectuelle \u00e0 votre chat. C&#8217;est l&#8217;accessoire id\u00e9al pour les chats d&#8217;appartement ou ceux ayant les mouvements limit\u00e9es. Vous pouvez mettre aussi bien des friandises, que la ration quotidienne de croquettes. Elles se r\u00e9partiront \u00e0 travers les six tuyaux, ce qui\u00a0 incitera \u00e0 votre chat de fouiller pour trouver sa r\u00e9compense. Chaque tuyau a une inclinaison diff\u00e9rente permettant ainsi de compliquer la t\u00e2che et forcer votre f\u00e9lin \u00e0 y mettre du sien pour r\u00e9cup\u00e9rer la nourriture. La quantit\u00e9 de nourriture peut \u00eatre r\u00e9gul\u00e9e afin d&#8217;\u00eatre utilis\u00e9 comme jeu ou comme technique d&#8217;alimentation quotidienne.<\/p>\n","protected":false},"featured_media":602155,"template":"","meta":[],"product_cat":[12548,2697,12620],"product_tag":[],"class_list":{"0":"post-615095","1":"product","2":"type-product","3":"status-publish","4":"has-post-thumbnail","6":"product_cat-accessoire-du-chat","7":"product_cat-chat","8":"product_cat-jeux-educatifs-pour-chat","9":"pa_marque-trixie","11":"first","12":"instock","13":"taxable","14":"shipping-taxable","15":"purchasable","16":"product-type-simple"},"yoast_head":"<!-- This site is optimized with the Yoast SEO plugin v27.3 - https:\/\/yoast.com\/product\/yoast-seo-wordpress\/ -->\n<title>Tunnel Feeder de Trixie Trixie - V\u00e9torino<\/title>\n<meta name=\"description\" content=\"Avec le\u00a0Cat Activity Tunnel Feeder, vous faites pratiquer une activit\u00e9 physique et intellectuelle \u00e0 votre chat. C&#039;est l&#039;accessoire id\u00e9al pour les chats d&#039;appartement ou ceux ayant les mouvements limit\u00e9es. Vous pouvez mettre aussi bien des friandises, que la ration quotidienne de croquettes. Elles se r\u00e9partiront \u00e0 travers les six tuyaux, ce qui\u00a0 incitera \u00e0 votre chat de fouiller pour trouver sa r\u00e9compense. Chaque tuyau a une inclinaison diff\u00e9rente permettant ainsi de compliquer la t\u00e2che et forcer votre f\u00e9lin \u00e0 y mettre du sien pour r\u00e9cup\u00e9rer la nourriture. La quantit\u00e9 de nourriture peut \u00eatre r\u00e9gul\u00e9e afin d&#039;\u00eatre utilis\u00e9 comme jeu ou comme technique d&#039;alimentation quotidienne.\" \/>\n<meta name=\"robots\" content=\"noindex, nofollow\" \/>\n<meta property=\"og:locale\" content=\"fr_FR\" \/>\n<meta property=\"og:type\" content=\"article\" \/>\n<meta property=\"og:title\" content=\"Tunnel Feeder de Trixie Trixie - V\u00e9torino\" \/>\n<meta property=\"og:description\" content=\"Avec le\u00a0Cat Activity Tunnel Feeder, vous faites pratiquer une activit\u00e9 physique et intellectuelle \u00e0 votre chat. C&#039;est l&#039;accessoire id\u00e9al pour les chats d&#039;appartement ou ceux ayant les mouvements limit\u00e9es. Vous pouvez mettre aussi bien des friandises, que la ration quotidienne de croquettes. Elles se r\u00e9partiront \u00e0 travers les six tuyaux, ce qui\u00a0 incitera \u00e0 votre chat de fouiller pour trouver sa r\u00e9compense. Chaque tuyau a une inclinaison diff\u00e9rente permettant ainsi de compliquer la t\u00e2che et forcer votre f\u00e9lin \u00e0 y mettre du sien pour r\u00e9cup\u00e9rer la nourriture. La quantit\u00e9 de nourriture peut \u00eatre r\u00e9gul\u00e9e afin d&#039;\u00eatre utilis\u00e9 comme jeu ou comme technique d&#039;alimentation quotidienne.\" \/>\n<meta property=\"og:url\" content=\"https:\/\/www.vetorino.com\/veterinaire\/plouzevede-29440\/boutique\/product\/gamelle-et-jeu-trixie\/\" \/>\n<meta property=\"og:site_name\" content=\"V\u00e9torino\" \/>\n<meta property=\"article:publisher\" content=\"https:\/\/www.facebook.com\/Vetorino\/\" \/>\n<meta property=\"article:modified_time\" content=\"2023-05-15T13:03:37+00:00\" \/>\n<meta property=\"og:image\" content=\"https:\/\/www.vetorino.com\/boutique\/wp-content\/uploads\/2023\/04\/tunnel-feeder-jeux-de-strategie-pour-chat-trixie.jpg\" \/>\n\t<meta property=\"og:image:width\" content=\"800\" \/>\n\t<meta property=\"og:image:height\" content=\"800\" \/>\n\t<meta property=\"og:image:type\" content=\"image\/jpeg\" \/>\n<meta name=\"twitter:card\" content=\"summary_large_image\" \/>\n<meta name=\"twitter:label1\" content=\"Prix\" \/>\n\t<meta name=\"twitter:data1\" content=\"21,22&euro;\" \/>\n\t<meta name=\"twitter:label2\" content=\"Disponibilit\u00e9\" \/>\n\t<meta name=\"twitter:data2\" content=\"En stock\" \/>\n<script type=\"application\/ld+json\" class=\"yoast-schema-graph\">{\"@context\":\"https:\\\/\\\/schema.org\",\"@graph\":[{\"@type\":\"WebPage\",\"@id\":\"https:\\\/\\\/www.vetorino.com\\\/veterinaire\\\/capestang-34310\\\/boutique\\\/product\\\/gamelle-et-jeu-trixie\\\/\",\"url\":\"https:\\\/\\\/www.vetorino.com\\\/veterinaire\\\/capestang-34310\\\/boutique\\\/product\\\/gamelle-et-jeu-trixie\\\/\",\"name\":\"Tunnel Feeder de Trixie Trixie - V\u00e9torino\",\"isPartOf\":{\"@id\":\"https:\\\/\\\/www.vetorino.com\\\/boutique\\\/#website\"},\"primaryImageOfPage\":{\"@id\":\"https:\\\/\\\/www.vetorino.com\\\/veterinaire\\\/capestang-34310\\\/boutique\\\/product\\\/gamelle-et-jeu-trixie\\\/#primaryimage\"},\"image\":{\"@id\":\"https:\\\/\\\/www.vetorino.com\\\/veterinaire\\\/capestang-34310\\\/boutique\\\/product\\\/gamelle-et-jeu-trixie\\\/#primaryimage\"},\"thumbnailUrl\":\"https:\\\/\\\/www.vetorino.com\\\/boutique\\\/wp-content\\\/uploads\\\/2023\\\/04\\\/tunnel-feeder-jeux-de-strategie-pour-chat-trixie.jpg\",\"datePublished\":\"2023-05-15T12:42:24+00:00\",\"dateModified\":\"2023-05-15T13:03:37+00:00\",\"description\":\"Avec le\u00a0Cat Activity Tunnel Feeder, vous faites pratiquer une activit\u00e9 physique et intellectuelle \u00e0 votre chat. C'est l'accessoire id\u00e9al pour les chats d'appartement ou ceux ayant les mouvements limit\u00e9es. Vous pouvez mettre aussi bien des friandises, que la ration quotidienne de croquettes. Elles se r\u00e9partiront \u00e0 travers les six tuyaux, ce qui\u00a0 incitera \u00e0 votre chat de fouiller pour trouver sa r\u00e9compense. Chaque tuyau a une inclinaison diff\u00e9rente permettant ainsi de compliquer la t\u00e2che et forcer votre f\u00e9lin \u00e0 y mettre du sien pour r\u00e9cup\u00e9rer la nourriture. La quantit\u00e9 de nourriture peut \u00eatre r\u00e9gul\u00e9e afin d'\u00eatre utilis\u00e9 comme jeu ou comme technique d'alimentation quotidienne.\",\"breadcrumb\":{\"@id\":\"https:\\\/\\\/www.vetorino.com\\\/veterinaire\\\/capestang-34310\\\/boutique\\\/product\\\/gamelle-et-jeu-trixie\\\/#breadcrumb\"},\"inLanguage\":\"fr-FR\",\"potentialAction\":[{\"@type\":\"ReadAction\",\"target\":[\"https:\\\/\\\/www.vetorino.com\\\/veterinaire\\\/capestang-34310\\\/boutique\\\/product\\\/gamelle-et-jeu-trixie\\\/\"]}]},{\"@type\":\"ImageObject\",\"inLanguage\":\"fr-FR\",\"@id\":\"https:\\\/\\\/www.vetorino.com\\\/veterinaire\\\/capestang-34310\\\/boutique\\\/product\\\/gamelle-et-jeu-trixie\\\/#primaryimage\",\"url\":\"https:\\\/\\\/www.vetorino.com\\\/boutique\\\/wp-content\\\/uploads\\\/2023\\\/04\\\/tunnel-feeder-jeux-de-strategie-pour-chat-trixie.jpg\",\"contentUrl\":\"https:\\\/\\\/www.vetorino.com\\\/boutique\\\/wp-content\\\/uploads\\\/2023\\\/04\\\/tunnel-feeder-jeux-de-strategie-pour-chat-trixie.jpg\",\"width\":800,\"height\":800},{\"@type\":\"BreadcrumbList\",\"@id\":\"https:\\\/\\\/www.vetorino.com\\\/veterinaire\\\/capestang-34310\\\/boutique\\\/product\\\/gamelle-et-jeu-trixie\\\/#breadcrumb\",\"itemListElement\":[{\"@type\":\"ListItem\",\"position\":1,\"name\":\"Accueil\",\"item\":\"https:\\\/\\\/www.vetorino.com\\\/boutique\\\/\"},{\"@type\":\"ListItem\",\"position\":2,\"name\":\"Produits\",\"item\":\"https:\\\/\\\/www.vetorino.com\\\/boutique\\\/\"},{\"@type\":\"ListItem\",\"position\":3,\"name\":\"Tunnel Feeder de Trixie\"}]},{\"@type\":\"WebSite\",\"@id\":\"https:\\\/\\\/www.vetorino.com\\\/boutique\\\/#website\",\"url\":\"https:\\\/\\\/www.vetorino.com\\\/boutique\\\/\",\"name\":\"V\u00e9torino\",\"description\":\"\",\"publisher\":{\"@id\":\"https:\\\/\\\/www.vetorino.com\\\/boutique\\\/#organization\"},\"potentialAction\":[{\"@type\":\"SearchAction\",\"target\":{\"@type\":\"EntryPoint\",\"urlTemplate\":\"https:\\\/\\\/www.vetorino.com\\\/boutique\\\/?s={search_term_string}\"},\"query-input\":{\"@type\":\"PropertyValueSpecification\",\"valueRequired\":true,\"valueName\":\"search_term_string\"}}],\"inLanguage\":\"fr-FR\"},{\"@type\":\"Organization\",\"@id\":\"https:\\\/\\\/www.vetorino.com\\\/boutique\\\/#organization\",\"name\":\"V\u00e9torino\",\"url\":\"https:\\\/\\\/www.vetorino.com\\\/boutique\\\/\",\"logo\":{\"@type\":\"ImageObject\",\"inLanguage\":\"fr-FR\",\"@id\":\"https:\\\/\\\/www.vetorino.com\\\/boutique\\\/#\\\/schema\\\/logo\\\/image\\\/\",\"url\":\"https:\\\/\\\/www.vetorino.com\\\/boutique\\\/wp-content\\\/uploads\\\/2024\\\/10\\\/logo.jpg\",\"contentUrl\":\"https:\\\/\\\/www.vetorino.com\\\/boutique\\\/wp-content\\\/uploads\\\/2024\\\/10\\\/logo.jpg\",\"width\":1200,\"height\":610,\"caption\":\"V\u00e9torino\"},\"image\":{\"@id\":\"https:\\\/\\\/www.vetorino.com\\\/boutique\\\/#\\\/schema\\\/logo\\\/image\\\/\"},\"sameAs\":[\"https:\\\/\\\/www.facebook.com\\\/Vetorino\\\/\",\"https:\\\/\\\/www.instagram.com\\\/vetorino_off\\\/\",\"https:\\\/\\\/www.linkedin.com\\\/company\\\/vtorino\\\/\"]}]}<\/script>\n<meta property=\"product:brand\" content=\"Trixie\" \/>\n<meta property=\"product:price:amount\" content=\"21.22\" \/>\n<meta property=\"product:price:currency\" content=\"EUR\" \/>\n<meta property=\"og:availability\" content=\"instock\" \/>\n<meta property=\"product:availability\" content=\"instock\" \/>\n<meta property=\"product:retailer_item_id\" content=\"A-1011270\" \/>\n<meta property=\"product:condition\" content=\"new\" \/>\n<!-- \/ Yoast SEO plugin. -->","yoast_head_json":{"title":"Tunnel Feeder de Trixie Trixie - V\u00e9torino","description":"Avec le\u00a0Cat Activity Tunnel Feeder, vous faites pratiquer une activit\u00e9 physique et intellectuelle \u00e0 votre chat. C'est l'accessoire id\u00e9al pour les chats d'appartement ou ceux ayant les mouvements limit\u00e9es. Vous pouvez mettre aussi bien des friandises, que la ration quotidienne de croquettes. Elles se r\u00e9partiront \u00e0 travers les six tuyaux, ce qui\u00a0 incitera \u00e0 votre chat de fouiller pour trouver sa r\u00e9compense. Chaque tuyau a une inclinaison diff\u00e9rente permettant ainsi de compliquer la t\u00e2che et forcer votre f\u00e9lin \u00e0 y mettre du sien pour r\u00e9cup\u00e9rer la nourriture. La quantit\u00e9 de nourriture peut \u00eatre r\u00e9gul\u00e9e afin d'\u00eatre utilis\u00e9 comme jeu ou comme technique d'alimentation quotidienne.","robots":{"index":"noindex","follow":"nofollow"},"og_locale":"fr_FR","og_type":"article","og_title":"Tunnel Feeder de Trixie Trixie - V\u00e9torino","og_description":"Avec le\u00a0Cat Activity Tunnel Feeder, vous faites pratiquer une activit\u00e9 physique et intellectuelle \u00e0 votre chat. C'est l'accessoire id\u00e9al pour les chats d'appartement ou ceux ayant les mouvements limit\u00e9es. Vous pouvez mettre aussi bien des friandises, que la ration quotidienne de croquettes. Elles se r\u00e9partiront \u00e0 travers les six tuyaux, ce qui\u00a0 incitera \u00e0 votre chat de fouiller pour trouver sa r\u00e9compense. Chaque tuyau a une inclinaison diff\u00e9rente permettant ainsi de compliquer la t\u00e2che et forcer votre f\u00e9lin \u00e0 y mettre du sien pour r\u00e9cup\u00e9rer la nourriture. La quantit\u00e9 de nourriture peut \u00eatre r\u00e9gul\u00e9e afin d'\u00eatre utilis\u00e9 comme jeu ou comme technique d'alimentation quotidienne.","og_url":"https:\/\/www.vetorino.com\/veterinaire\/plouzevede-29440\/boutique\/product\/gamelle-et-jeu-trixie\/","og_site_name":"V\u00e9torino","article_publisher":"https:\/\/www.facebook.com\/Vetorino\/","article_modified_time":"2023-05-15T13:03:37+00:00","og_image":[{"width":800,"height":800,"url":"https:\/\/www.vetorino.com\/boutique\/wp-content\/uploads\/2023\/04\/tunnel-feeder-jeux-de-strategie-pour-chat-trixie.jpg","type":"image\/jpeg"}],"twitter_card":"summary_large_image","twitter_misc":{"Prix":"21,22&euro;","Disponibilit\u00e9":"En stock"},"schema":{"@context":"https:\/\/schema.org","@graph":[{"@type":"WebPage","@id":"https:\/\/www.vetorino.com\/veterinaire\/capestang-34310\/boutique\/product\/gamelle-et-jeu-trixie\/","url":"https:\/\/www.vetorino.com\/veterinaire\/capestang-34310\/boutique\/product\/gamelle-et-jeu-trixie\/","name":"Tunnel Feeder de Trixie Trixie - V\u00e9torino","isPartOf":{"@id":"https:\/\/www.vetorino.com\/boutique\/#website"},"primaryImageOfPage":{"@id":"https:\/\/www.vetorino.com\/veterinaire\/capestang-34310\/boutique\/product\/gamelle-et-jeu-trixie\/#primaryimage"},"image":{"@id":"https:\/\/www.vetorino.com\/veterinaire\/capestang-34310\/boutique\/product\/gamelle-et-jeu-trixie\/#primaryimage"},"thumbnailUrl":"https:\/\/www.vetorino.com\/boutique\/wp-content\/uploads\/2023\/04\/tunnel-feeder-jeux-de-strategie-pour-chat-trixie.jpg","datePublished":"2023-05-15T12:42:24+00:00","dateModified":"2023-05-15T13:03:37+00:00","description":"Avec le\u00a0Cat Activity Tunnel Feeder, vous faites pratiquer une activit\u00e9 physique et intellectuelle \u00e0 votre chat. C'est l'accessoire id\u00e9al pour les chats d'appartement ou ceux ayant les mouvements limit\u00e9es. Vous pouvez mettre aussi bien des friandises, que la ration quotidienne de croquettes. Elles se r\u00e9partiront \u00e0 travers les six tuyaux, ce qui\u00a0 incitera \u00e0 votre chat de fouiller pour trouver sa r\u00e9compense. Chaque tuyau a une inclinaison diff\u00e9rente permettant ainsi de compliquer la t\u00e2che et forcer votre f\u00e9lin \u00e0 y mettre du sien pour r\u00e9cup\u00e9rer la nourriture. La quantit\u00e9 de nourriture peut \u00eatre r\u00e9gul\u00e9e afin d'\u00eatre utilis\u00e9 comme jeu ou comme technique d'alimentation quotidienne.","breadcrumb":{"@id":"https:\/\/www.vetorino.com\/veterinaire\/capestang-34310\/boutique\/product\/gamelle-et-jeu-trixie\/#breadcrumb"},"inLanguage":"fr-FR","potentialAction":[{"@type":"ReadAction","target":["https:\/\/www.vetorino.com\/veterinaire\/capestang-34310\/boutique\/product\/gamelle-et-jeu-trixie\/"]}]},{"@type":"ImageObject","inLanguage":"fr-FR","@id":"https:\/\/www.vetorino.com\/veterinaire\/capestang-34310\/boutique\/product\/gamelle-et-jeu-trixie\/#primaryimage","url":"https:\/\/www.vetorino.com\/boutique\/wp-content\/uploads\/2023\/04\/tunnel-feeder-jeux-de-strategie-pour-chat-trixie.jpg","contentUrl":"https:\/\/www.vetorino.com\/boutique\/wp-content\/uploads\/2023\/04\/tunnel-feeder-jeux-de-strategie-pour-chat-trixie.jpg","width":800,"height":800},{"@type":"BreadcrumbList","@id":"https:\/\/www.vetorino.com\/veterinaire\/capestang-34310\/boutique\/product\/gamelle-et-jeu-trixie\/#breadcrumb","itemListElement":[{"@type":"ListItem","position":1,"name":"Accueil","item":"https:\/\/www.vetorino.com\/boutique\/"},{"@type":"ListItem","position":2,"name":"Produits","item":"https:\/\/www.vetorino.com\/boutique\/"},{"@type":"ListItem","position":3,"name":"Tunnel Feeder de Trixie"}]},{"@type":"WebSite","@id":"https:\/\/www.vetorino.com\/boutique\/#website","url":"https:\/\/www.vetorino.com\/boutique\/","name":"V\u00e9torino","description":"","publisher":{"@id":"https:\/\/www.vetorino.com\/boutique\/#organization"},"potentialAction":[{"@type":"SearchAction","target":{"@type":"EntryPoint","urlTemplate":"https:\/\/www.vetorino.com\/boutique\/?s={search_term_string}"},"query-input":{"@type":"PropertyValueSpecification","valueRequired":true,"valueName":"search_term_string"}}],"inLanguage":"fr-FR"},{"@type":"Organization","@id":"https:\/\/www.vetorino.com\/boutique\/#organization","name":"V\u00e9torino","url":"https:\/\/www.vetorino.com\/boutique\/","logo":{"@type":"ImageObject","inLanguage":"fr-FR","@id":"https:\/\/www.vetorino.com\/boutique\/#\/schema\/logo\/image\/","url":"https:\/\/www.vetorino.com\/boutique\/wp-content\/uploads\/2024\/10\/logo.jpg","contentUrl":"https:\/\/www.vetorino.com\/boutique\/wp-content\/uploads\/2024\/10\/logo.jpg","width":1200,"height":610,"caption":"V\u00e9torino"},"image":{"@id":"https:\/\/www.vetorino.com\/boutique\/#\/schema\/logo\/image\/"},"sameAs":["https:\/\/www.facebook.com\/Vetorino\/","https:\/\/www.instagram.com\/vetorino_off\/","https:\/\/www.linkedin.com\/company\/vtorino\/"]}]},"product_brand":"Trixie","product_price_amount":"21.22","product_price_currency":"EUR","og_availability":"instock","product_availability":"instock","product_retailer_item_id":"A-1011270","product_condition":"new"},"_links":{"self":[{"href":"https:\/\/www.vetorino.com\/veterinaire\/plouzevede-29440\/boutique\/wp-json\/wp\/v2\/product\/615095","targetHints":{"allow":["GET"]}}],"collection":[{"href":"https:\/\/www.vetorino.com\/veterinaire\/plouzevede-29440\/boutique\/wp-json\/wp\/v2\/product"}],"about":[{"href":"https:\/\/www.vetorino.com\/veterinaire\/plouzevede-29440\/boutique\/wp-json\/wp\/v2\/types\/product"}],"wp:featuredmedia":[{"embeddable":true,"href":"https:\/\/www.vetorino.com\/veterinaire\/plouzevede-29440\/boutique\/wp-json\/wp\/v2\/media\/602155"}],"wp:attachment":[{"href":"https:\/\/www.vetorino.com\/veterinaire\/plouzevede-29440\/boutique\/wp-json\/wp\/v2\/media?parent=615095"}],"wp:term":[{"taxonomy":"product_cat","embeddable":true,"href":"https:\/\/www.vetorino.com\/veterinaire\/plouzevede-29440\/boutique\/wp-json\/wp\/v2\/product_cat?post=615095"},{"taxonomy":"product_tag","embeddable":true,"href":"https:\/\/www.vetorino.com\/veterinaire\/plouzevede-29440\/boutique\/wp-json\/wp\/v2\/product_tag?post=615095"}],"curies":[{"name":"wp","href":"https:\/\/api.w.org\/{rel}","templated":true}]}}