{"id":619100,"date":"2023-05-22T10:39:41","date_gmt":"2023-05-22T08:39:41","guid":{"rendered":"https:\/\/www.vetorino.com\/boutique\/product\/oleoderm\/"},"modified":"2023-09-11T17:33:06","modified_gmt":"2023-09-11T15:33:06","slug":"oleoderm","status":"publish","type":"product","link":"https:\/\/www.vetorino.com\/veterinaire\/plouzevede-29440\/boutique\/product\/oleoderm\/","title":{"rendered":"Oleoderm"},"content":{"rendered":"<p>Suppl\u00e9ment nutritionnel d&#8217;acides gras om\u00e9ga-3 provenant d&#8217;huile de poisson. Agit contre l&#8217;inflammation et r\u00e9duit consid\u00e9rablement les signes d&#8217;allergie chez les chiens et les chats.<\/p>\n<p>R\u00e9duction des signes cliniques associ\u00e9s aux hypersensibilit\u00e9s cutan\u00e9es (comme les atopies, les piq\u00fbres de puces, les r\u00e9actions adverses aux aliments, la dermatite s\u00e9borrh\u00e9ique, la dermatite miliaire et autres affections), tels que :<\/p>\n<ul>\n<li>R\u00e9ponse inflammatoire de la peau<\/li>\n<li>\u00c9ryth\u00e8me<\/li>\n<li>S\u00e9cheresse<\/li>\n<li>Alop\u00e9cie<\/li>\n<li>L\u00e9sions cutan\u00e9es dues \u00e0 l&#8217;automutilation<\/li>\n<li>Prurit<\/li>\n<li>Hyperk\u00e9ratose<\/li>\n<li>R\u00e9g\u00e9n\u00e9ration correcte de la peau et du pelage.<\/li>\n<\/ul>\n<p>COMPOSITION<\/p>\n<ul>\n<li>EPA (acide eicosapenta\u00e9no\u00efque)<\/li>\n<li>DHA (acide docosahexa\u00e9no\u00efque)<\/li>\n<li>GLA (acide gamma-linol\u00e9nique)<\/li>\n<li>LA (acide linol\u00e9ique)<\/li>\n<li>Vitamine B1<\/li>\n<li>Vitamine B2<\/li>\n<li>Vitamine B6<\/li>\n<li>Pantoth\u00e9nate de calcium (vitamine B5)<\/li>\n<li>Vitamine B12<\/li>\n<li>Acide folique<\/li>\n<li>Biotine<\/li>\n<li>Zinc<\/li>\n<\/ul>\n","protected":false},"excerpt":{"rendered":"<p>Suppl\u00e9ment nutritionnel d&#8217;acides gras om\u00e9ga-3 provenant d&#8217;huile de poisson. Agit contre l&#8217;inflammation et r\u00e9duit consid\u00e9rablement les signes d&#8217;allergie chez les chiens et les chats.<\/p>\n","protected":false},"featured_media":619103,"template":"","meta":[],"product_cat":[12551,12552,2730,2738,2697,2698],"product_tag":[],"class_list":{"0":"post-619100","1":"product","2":"type-product","3":"status-publish","4":"has-post-thumbnail","6":"product_cat-alimentation-du-chat","7":"product_cat-alimentation-du-chien","8":"product_cat-aliments-complementaires-pour-chat","9":"product_cat-aliments-complementaires-pour-chien","10":"product_cat-chat","11":"product_cat-chien","12":"pa_marque-pharmadiet","14":"first","15":"instock","16":"taxable","17":"shipping-taxable","18":"purchasable","19":"product-type-simple"},"yoast_head":"<!-- This site is optimized with the Yoast SEO plugin v27.3 - https:\/\/yoast.com\/product\/yoast-seo-wordpress\/ -->\n<title>Oleoderm Pharmadiet - V\u00e9torino<\/title>\n<meta name=\"description\" content=\"Suppl\u00e9ment nutritionnel d&#039;acides gras om\u00e9ga-3 provenant d&#039;huile de poisson. Agit contre l&#039;inflammation et r\u00e9duit consid\u00e9rablement les signes d&#039;allergie chez les chiens et les chats.\" \/>\n<meta name=\"robots\" content=\"noindex, nofollow\" \/>\n<meta property=\"og:locale\" content=\"fr_FR\" \/>\n<meta property=\"og:type\" content=\"article\" \/>\n<meta property=\"og:title\" content=\"Oleoderm Pharmadiet - V\u00e9torino\" \/>\n<meta property=\"og:description\" content=\"Suppl\u00e9ment nutritionnel d&#039;acides gras om\u00e9ga-3 provenant d&#039;huile de poisson. Agit contre l&#039;inflammation et r\u00e9duit consid\u00e9rablement les signes d&#039;allergie chez les chiens et les chats.\" \/>\n<meta property=\"og:url\" content=\"https:\/\/www.vetorino.com\/veterinaire\/plouzevede-29440\/boutique\/product\/oleoderm\/\" \/>\n<meta property=\"og:site_name\" content=\"V\u00e9torino\" \/>\n<meta property=\"article:publisher\" content=\"https:\/\/www.facebook.com\/Vetorino\/\" \/>\n<meta property=\"article:modified_time\" content=\"2023-09-11T15:33:06+00:00\" \/>\n<meta property=\"og:image\" content=\"https:\/\/www.vetorino.com\/boutique\/wp-content\/uploads\/2023\/05\/pharmadiet-oleoderm-360-capsules.jpg\" \/>\n\t<meta property=\"og:image:width\" content=\"544\" \/>\n\t<meta property=\"og:image:height\" content=\"495\" \/>\n\t<meta property=\"og:image:type\" content=\"image\/jpeg\" \/>\n<meta name=\"twitter:card\" content=\"summary_large_image\" \/>\n<meta name=\"twitter:label1\" content=\"Prix\" \/>\n\t<meta name=\"twitter:data1\" content=\"162,97&euro;\" \/>\n\t<meta name=\"twitter:label2\" content=\"Disponibilit\u00e9\" \/>\n\t<meta name=\"twitter:data2\" content=\"En stock\" \/>\n<script type=\"application\/ld+json\" class=\"yoast-schema-graph\">{\"@context\":\"https:\\\/\\\/schema.org\",\"@graph\":[{\"@type\":\"WebPage\",\"@id\":\"https:\\\/\\\/www.vetorino.com\\\/boutique\\\/product\\\/oleoderm\\\/\",\"url\":\"https:\\\/\\\/www.vetorino.com\\\/boutique\\\/product\\\/oleoderm\\\/\",\"name\":\"Oleoderm Pharmadiet - V\u00e9torino\",\"isPartOf\":{\"@id\":\"https:\\\/\\\/www.vetorino.com\\\/boutique\\\/#website\"},\"primaryImageOfPage\":{\"@id\":\"https:\\\/\\\/www.vetorino.com\\\/boutique\\\/product\\\/oleoderm\\\/#primaryimage\"},\"image\":{\"@id\":\"https:\\\/\\\/www.vetorino.com\\\/boutique\\\/product\\\/oleoderm\\\/#primaryimage\"},\"thumbnailUrl\":\"https:\\\/\\\/www.vetorino.com\\\/boutique\\\/wp-content\\\/uploads\\\/2023\\\/05\\\/pharmadiet-oleoderm-360-capsules.jpg\",\"datePublished\":\"2023-05-22T08:39:41+00:00\",\"dateModified\":\"2023-09-11T15:33:06+00:00\",\"description\":\"Suppl\u00e9ment nutritionnel d'acides gras om\u00e9ga-3 provenant d'huile de poisson. Agit contre l'inflammation et r\u00e9duit consid\u00e9rablement les signes d'allergie chez les chiens et les chats.\",\"breadcrumb\":{\"@id\":\"https:\\\/\\\/www.vetorino.com\\\/boutique\\\/product\\\/oleoderm\\\/#breadcrumb\"},\"inLanguage\":\"fr-FR\",\"potentialAction\":[{\"@type\":\"ReadAction\",\"target\":[\"https:\\\/\\\/www.vetorino.com\\\/boutique\\\/product\\\/oleoderm\\\/\"]}]},{\"@type\":\"ImageObject\",\"inLanguage\":\"fr-FR\",\"@id\":\"https:\\\/\\\/www.vetorino.com\\\/boutique\\\/product\\\/oleoderm\\\/#primaryimage\",\"url\":\"https:\\\/\\\/www.vetorino.com\\\/boutique\\\/wp-content\\\/uploads\\\/2023\\\/05\\\/pharmadiet-oleoderm-360-capsules.jpg\",\"contentUrl\":\"https:\\\/\\\/www.vetorino.com\\\/boutique\\\/wp-content\\\/uploads\\\/2023\\\/05\\\/pharmadiet-oleoderm-360-capsules.jpg\",\"width\":544,\"height\":495},{\"@type\":\"BreadcrumbList\",\"@id\":\"https:\\\/\\\/www.vetorino.com\\\/boutique\\\/product\\\/oleoderm\\\/#breadcrumb\",\"itemListElement\":[{\"@type\":\"ListItem\",\"position\":1,\"name\":\"Accueil\",\"item\":\"https:\\\/\\\/www.vetorino.com\\\/boutique\\\/\"},{\"@type\":\"ListItem\",\"position\":2,\"name\":\"Produits\",\"item\":\"https:\\\/\\\/www.vetorino.com\\\/boutique\\\/\"},{\"@type\":\"ListItem\",\"position\":3,\"name\":\"Oleoderm\"}]},{\"@type\":\"WebSite\",\"@id\":\"https:\\\/\\\/www.vetorino.com\\\/boutique\\\/#website\",\"url\":\"https:\\\/\\\/www.vetorino.com\\\/boutique\\\/\",\"name\":\"V\u00e9torino\",\"description\":\"\",\"publisher\":{\"@id\":\"https:\\\/\\\/www.vetorino.com\\\/boutique\\\/#organization\"},\"potentialAction\":[{\"@type\":\"SearchAction\",\"target\":{\"@type\":\"EntryPoint\",\"urlTemplate\":\"https:\\\/\\\/www.vetorino.com\\\/boutique\\\/?s={search_term_string}\"},\"query-input\":{\"@type\":\"PropertyValueSpecification\",\"valueRequired\":true,\"valueName\":\"search_term_string\"}}],\"inLanguage\":\"fr-FR\"},{\"@type\":\"Organization\",\"@id\":\"https:\\\/\\\/www.vetorino.com\\\/boutique\\\/#organization\",\"name\":\"V\u00e9torino\",\"url\":\"https:\\\/\\\/www.vetorino.com\\\/boutique\\\/\",\"logo\":{\"@type\":\"ImageObject\",\"inLanguage\":\"fr-FR\",\"@id\":\"https:\\\/\\\/www.vetorino.com\\\/boutique\\\/#\\\/schema\\\/logo\\\/image\\\/\",\"url\":\"https:\\\/\\\/www.vetorino.com\\\/boutique\\\/wp-content\\\/uploads\\\/2024\\\/10\\\/logo.jpg\",\"contentUrl\":\"https:\\\/\\\/www.vetorino.com\\\/boutique\\\/wp-content\\\/uploads\\\/2024\\\/10\\\/logo.jpg\",\"width\":1200,\"height\":610,\"caption\":\"V\u00e9torino\"},\"image\":{\"@id\":\"https:\\\/\\\/www.vetorino.com\\\/boutique\\\/#\\\/schema\\\/logo\\\/image\\\/\"},\"sameAs\":[\"https:\\\/\\\/www.facebook.com\\\/Vetorino\\\/\",\"https:\\\/\\\/www.instagram.com\\\/vetorino_off\\\/\",\"https:\\\/\\\/www.linkedin.com\\\/company\\\/vtorino\\\/\"]}]}<\/script>\n<meta property=\"product:brand\" content=\"Pharmadiet\" \/>\n<meta property=\"product:price:amount\" content=\"162.97\" \/>\n<meta property=\"product:price:currency\" content=\"EUR\" \/>\n<meta property=\"og:availability\" content=\"instock\" \/>\n<meta property=\"product:availability\" content=\"instock\" \/>\n<meta property=\"product:retailer_item_id\" content=\"A-1875020\" \/>\n<meta property=\"product:condition\" content=\"new\" \/>\n<!-- \/ Yoast SEO plugin. -->","yoast_head_json":{"title":"Oleoderm Pharmadiet - V\u00e9torino","description":"Suppl\u00e9ment nutritionnel d'acides gras om\u00e9ga-3 provenant d'huile de poisson. Agit contre l'inflammation et r\u00e9duit consid\u00e9rablement les signes d'allergie chez les chiens et les chats.","robots":{"index":"noindex","follow":"nofollow"},"og_locale":"fr_FR","og_type":"article","og_title":"Oleoderm Pharmadiet - V\u00e9torino","og_description":"Suppl\u00e9ment nutritionnel d'acides gras om\u00e9ga-3 provenant d'huile de poisson. Agit contre l'inflammation et r\u00e9duit consid\u00e9rablement les signes d'allergie chez les chiens et les chats.","og_url":"https:\/\/www.vetorino.com\/veterinaire\/plouzevede-29440\/boutique\/product\/oleoderm\/","og_site_name":"V\u00e9torino","article_publisher":"https:\/\/www.facebook.com\/Vetorino\/","article_modified_time":"2023-09-11T15:33:06+00:00","og_image":[{"width":544,"height":495,"url":"https:\/\/www.vetorino.com\/boutique\/wp-content\/uploads\/2023\/05\/pharmadiet-oleoderm-360-capsules.jpg","type":"image\/jpeg"}],"twitter_card":"summary_large_image","twitter_misc":{"Prix":"162,97&euro;","Disponibilit\u00e9":"En stock"},"schema":{"@context":"https:\/\/schema.org","@graph":[{"@type":"WebPage","@id":"https:\/\/www.vetorino.com\/boutique\/product\/oleoderm\/","url":"https:\/\/www.vetorino.com\/boutique\/product\/oleoderm\/","name":"Oleoderm Pharmadiet - V\u00e9torino","isPartOf":{"@id":"https:\/\/www.vetorino.com\/boutique\/#website"},"primaryImageOfPage":{"@id":"https:\/\/www.vetorino.com\/boutique\/product\/oleoderm\/#primaryimage"},"image":{"@id":"https:\/\/www.vetorino.com\/boutique\/product\/oleoderm\/#primaryimage"},"thumbnailUrl":"https:\/\/www.vetorino.com\/boutique\/wp-content\/uploads\/2023\/05\/pharmadiet-oleoderm-360-capsules.jpg","datePublished":"2023-05-22T08:39:41+00:00","dateModified":"2023-09-11T15:33:06+00:00","description":"Suppl\u00e9ment nutritionnel d'acides gras om\u00e9ga-3 provenant d'huile de poisson. Agit contre l'inflammation et r\u00e9duit consid\u00e9rablement les signes d'allergie chez les chiens et les chats.","breadcrumb":{"@id":"https:\/\/www.vetorino.com\/boutique\/product\/oleoderm\/#breadcrumb"},"inLanguage":"fr-FR","potentialAction":[{"@type":"ReadAction","target":["https:\/\/www.vetorino.com\/boutique\/product\/oleoderm\/"]}]},{"@type":"ImageObject","inLanguage":"fr-FR","@id":"https:\/\/www.vetorino.com\/boutique\/product\/oleoderm\/#primaryimage","url":"https:\/\/www.vetorino.com\/boutique\/wp-content\/uploads\/2023\/05\/pharmadiet-oleoderm-360-capsules.jpg","contentUrl":"https:\/\/www.vetorino.com\/boutique\/wp-content\/uploads\/2023\/05\/pharmadiet-oleoderm-360-capsules.jpg","width":544,"height":495},{"@type":"BreadcrumbList","@id":"https:\/\/www.vetorino.com\/boutique\/product\/oleoderm\/#breadcrumb","itemListElement":[{"@type":"ListItem","position":1,"name":"Accueil","item":"https:\/\/www.vetorino.com\/boutique\/"},{"@type":"ListItem","position":2,"name":"Produits","item":"https:\/\/www.vetorino.com\/boutique\/"},{"@type":"ListItem","position":3,"name":"Oleoderm"}]},{"@type":"WebSite","@id":"https:\/\/www.vetorino.com\/boutique\/#website","url":"https:\/\/www.vetorino.com\/boutique\/","name":"V\u00e9torino","description":"","publisher":{"@id":"https:\/\/www.vetorino.com\/boutique\/#organization"},"potentialAction":[{"@type":"SearchAction","target":{"@type":"EntryPoint","urlTemplate":"https:\/\/www.vetorino.com\/boutique\/?s={search_term_string}"},"query-input":{"@type":"PropertyValueSpecification","valueRequired":true,"valueName":"search_term_string"}}],"inLanguage":"fr-FR"},{"@type":"Organization","@id":"https:\/\/www.vetorino.com\/boutique\/#organization","name":"V\u00e9torino","url":"https:\/\/www.vetorino.com\/boutique\/","logo":{"@type":"ImageObject","inLanguage":"fr-FR","@id":"https:\/\/www.vetorino.com\/boutique\/#\/schema\/logo\/image\/","url":"https:\/\/www.vetorino.com\/boutique\/wp-content\/uploads\/2024\/10\/logo.jpg","contentUrl":"https:\/\/www.vetorino.com\/boutique\/wp-content\/uploads\/2024\/10\/logo.jpg","width":1200,"height":610,"caption":"V\u00e9torino"},"image":{"@id":"https:\/\/www.vetorino.com\/boutique\/#\/schema\/logo\/image\/"},"sameAs":["https:\/\/www.facebook.com\/Vetorino\/","https:\/\/www.instagram.com\/vetorino_off\/","https:\/\/www.linkedin.com\/company\/vtorino\/"]}]},"product_brand":"Pharmadiet","product_price_amount":"162.97","product_price_currency":"EUR","og_availability":"instock","product_availability":"instock","product_retailer_item_id":"A-1875020","product_condition":"new"},"_links":{"self":[{"href":"https:\/\/www.vetorino.com\/veterinaire\/plouzevede-29440\/boutique\/wp-json\/wp\/v2\/product\/619100","targetHints":{"allow":["GET"]}}],"collection":[{"href":"https:\/\/www.vetorino.com\/veterinaire\/plouzevede-29440\/boutique\/wp-json\/wp\/v2\/product"}],"about":[{"href":"https:\/\/www.vetorino.com\/veterinaire\/plouzevede-29440\/boutique\/wp-json\/wp\/v2\/types\/product"}],"wp:featuredmedia":[{"embeddable":true,"href":"https:\/\/www.vetorino.com\/veterinaire\/plouzevede-29440\/boutique\/wp-json\/wp\/v2\/media\/619103"}],"wp:attachment":[{"href":"https:\/\/www.vetorino.com\/veterinaire\/plouzevede-29440\/boutique\/wp-json\/wp\/v2\/media?parent=619100"}],"wp:term":[{"taxonomy":"product_cat","embeddable":true,"href":"https:\/\/www.vetorino.com\/veterinaire\/plouzevede-29440\/boutique\/wp-json\/wp\/v2\/product_cat?post=619100"},{"taxonomy":"product_tag","embeddable":true,"href":"https:\/\/www.vetorino.com\/veterinaire\/plouzevede-29440\/boutique\/wp-json\/wp\/v2\/product_tag?post=619100"}],"curies":[{"name":"wp","href":"https:\/\/api.w.org\/{rel}","templated":true}]}}