{"id":620578,"date":"2023-05-24T05:35:08","date_gmt":"2023-05-24T03:35:08","guid":{"rendered":"https:\/\/www.vetorino.com\/boutique\/product\/dog-sensitivity-control-au-poulet-boites\/"},"modified":"2025-11-25T14:59:39","modified_gmt":"2025-11-25T13:59:39","slug":"dog-sensitivity-control-au-poulet-boites","status":"publish","type":"product","link":"https:\/\/www.vetorino.com\/veterinaire\/plouzevede-29440\/boutique\/product\/dog-sensitivity-control-au-poulet-boites\/","title":{"rendered":"Sensitivity Control Poulet &#8211; chien"},"content":{"rendered":"<p class=\"page-title\"><strong>Royal Canin Dog Sensitivity Control Poulet est un aliment di\u00e9t\u00e9tique pour chiens en cas d\u2019intol\u00e9rances alimentaires. Source de prot\u00e9ines : Poulet<\/strong><\/p>\n<p class=\"page-title\"><strong><br \/>\nUtilisation :<\/strong><\/p>\n<ul>\n<li>Chien\u00a0sujet aux intol\u00e9rances alimentaire<\/li>\n<\/ul>\n<p><strong>Bienfaits essentiels :<\/strong><\/p>\n<div class=\"tr\">\n<div class=\"atout_txt td\">\n<ul>\n<li>Le poulet et le riz sont rarement associ\u00e9s \u00e0 l&#8217;hypersensibilit\u00e9 alimentaire et ont une\u00a0<strong>tr\u00e8s bonne digestibilit\u00e9<\/strong>.<\/li>\n<li>Cette approche\u00a0<strong>diminue le risque de r\u00e9action allergique<\/strong>\u00a0chez le chien.<\/li>\n<li>Des doses massives de biotine, de niacine et d&#8217;acide panthot\u00e9nique associ\u00e9es au complexe zinc-acide linol\u00e9ique diminuent les pertes trans\u00e9pidermiques en eau et\u00a0<strong>renforcent l&#8217;effet barri\u00e8re de l&#8217;\u00e9piderme<\/strong>.<\/li>\n<\/ul>\n<p><strong>Cet aliment est destin\u00e9 \u00e0 la prise en charge nutritionnelle d\u2019une maladie. Pour la sant\u00e9 de votre chien, il est recommand\u00e9 de consulter votre v\u00e9t\u00e9rinaire et de respecter scrupuleusement ses recommandations nutritionnelles.<\/strong><\/p>\n<p><strong>Demander conseil \u00e0 un v\u00e9t\u00e9rinaire avant utilisation.<\/strong><\/p>\n<\/div>\n<\/div>\n","protected":false},"excerpt":{"rendered":"<p class=\"page-title\"><strong>Royal Canin Dog Sensitivity Control Poulet est un aliment di\u00e9t\u00e9tique pour chiens en cas d\u2019intol\u00e9rances alimentaires. Source de prot\u00e9ines : Poulet<\/strong><\/p>\n<p class=\"page-title\"><strong>Utilisation :<\/strong><\/p>\n<ul>\n<li>Chien sujet aux intol\u00e9rances alimentaire<\/li>\n<\/ul>\n<p><strong>Demander conseil \u00e0 un v\u00e9t\u00e9rinaire avant utilisation.<\/strong><\/p>\n","protected":false},"featured_media":620577,"template":"","meta":[],"product_cat":[12552,12582,2698],"product_tag":[],"class_list":{"0":"post-620578","1":"product","2":"type-product","3":"status-publish","4":"has-post-thumbnail","6":"product_cat-alimentation-du-chien","7":"product_cat-alimentation-medicalisee-pour-chien","8":"product_cat-chien","9":"pa_marque-royal-canin","11":"first","12":"instock","13":"taxable","14":"shipping-taxable","15":"purchasable","16":"product-type-variable"},"yoast_head":"<!-- This site is optimized with the Yoast SEO plugin v27.3 - https:\/\/yoast.com\/product\/yoast-seo-wordpress\/ -->\n<title>Veterinary Diet (Royal Canin) Sensitivity Control Poulet - chien Royal Canin - V\u00e9torino<\/title>\n<meta name=\"description\" content=\"Royal Canin Dog Sensitivity Control Poulet est un aliment di\u00e9t\u00e9tique pour chiens en cas d\u2019intol\u00e9rances alimentaires. Source de prot\u00e9ines : Poulet Utilisation :    Chien sujet aux intol\u00e9rances alimentaire  Demander conseil \u00e0 un v\u00e9t\u00e9rinaire avant utilisation.\" \/>\n<meta name=\"robots\" content=\"noindex, nofollow\" \/>\n<meta property=\"og:locale\" content=\"fr_FR\" \/>\n<meta property=\"og:type\" content=\"article\" \/>\n<meta property=\"og:title\" content=\"Veterinary Diet (Royal Canin) Sensitivity Control Poulet - chien Royal Canin - V\u00e9torino\" \/>\n<meta property=\"og:description\" content=\"Royal Canin Dog Sensitivity Control Poulet est un aliment di\u00e9t\u00e9tique pour chiens en cas d\u2019intol\u00e9rances alimentaires. Source de prot\u00e9ines : Poulet Utilisation :    Chien sujet aux intol\u00e9rances alimentaire  Demander conseil \u00e0 un v\u00e9t\u00e9rinaire avant utilisation.\" \/>\n<meta property=\"og:url\" content=\"https:\/\/www.vetorino.com\/veterinaire\/plouzevede-29440\/boutique\/product\/dog-sensitivity-control-au-poulet-boites\/\" \/>\n<meta property=\"og:site_name\" content=\"V\u00e9torino\" \/>\n<meta property=\"article:publisher\" content=\"https:\/\/www.facebook.com\/Vetorino\/\" \/>\n<meta property=\"article:modified_time\" content=\"2025-11-25T13:59:39+00:00\" \/>\n<meta property=\"og:image\" content=\"https:\/\/www.vetorino.com\/boutique\/wp-content\/uploads\/2023\/05\/ROYALCANIN-1838940.jpg\" \/>\n\t<meta property=\"og:image:width\" content=\"581\" \/>\n\t<meta property=\"og:image:height\" content=\"600\" \/>\n\t<meta property=\"og:image:type\" content=\"image\/jpeg\" \/>\n<meta name=\"twitter:card\" content=\"summary_large_image\" \/>\n<meta name=\"twitter:label1\" content=\"Disponibilit\u00e9\" \/>\n\t<meta name=\"twitter:data1\" content=\"En stock\" \/>\n<script type=\"application\/ld+json\" class=\"yoast-schema-graph\">{\"@context\":\"https:\\\/\\\/schema.org\",\"@graph\":[{\"@type\":\"WebPage\",\"@id\":\"https:\\\/\\\/www.vetorino.com\\\/veterinaire\\\/briancon-05100\\\/boutique\\\/product\\\/dog-sensitivity-control-au-poulet-boites\\\/\",\"url\":\"https:\\\/\\\/www.vetorino.com\\\/veterinaire\\\/briancon-05100\\\/boutique\\\/product\\\/dog-sensitivity-control-au-poulet-boites\\\/\",\"name\":\"Veterinary Diet (Royal Canin) Sensitivity Control Poulet - chien Royal Canin - V\u00e9torino\",\"isPartOf\":{\"@id\":\"https:\\\/\\\/www.vetorino.com\\\/boutique\\\/#website\"},\"primaryImageOfPage\":{\"@id\":\"https:\\\/\\\/www.vetorino.com\\\/veterinaire\\\/briancon-05100\\\/boutique\\\/product\\\/dog-sensitivity-control-au-poulet-boites\\\/#primaryimage\"},\"image\":{\"@id\":\"https:\\\/\\\/www.vetorino.com\\\/veterinaire\\\/briancon-05100\\\/boutique\\\/product\\\/dog-sensitivity-control-au-poulet-boites\\\/#primaryimage\"},\"thumbnailUrl\":\"https:\\\/\\\/www.vetorino.com\\\/boutique\\\/wp-content\\\/uploads\\\/2023\\\/05\\\/ROYALCANIN-1838940.jpg\",\"datePublished\":\"2023-05-24T03:35:08+00:00\",\"dateModified\":\"2025-11-25T13:59:39+00:00\",\"description\":\"Royal Canin Dog Sensitivity Control Poulet est un aliment di\u00e9t\u00e9tique pour chiens en cas d\u2019intol\u00e9rances alimentaires. Source de prot\u00e9ines : Poulet Utilisation : Chien sujet aux intol\u00e9rances alimentaire Demander conseil \u00e0 un v\u00e9t\u00e9rinaire avant utilisation.\",\"breadcrumb\":{\"@id\":\"https:\\\/\\\/www.vetorino.com\\\/veterinaire\\\/briancon-05100\\\/boutique\\\/product\\\/dog-sensitivity-control-au-poulet-boites\\\/#breadcrumb\"},\"inLanguage\":\"fr-FR\",\"potentialAction\":[{\"@type\":\"ReadAction\",\"target\":[\"https:\\\/\\\/www.vetorino.com\\\/veterinaire\\\/briancon-05100\\\/boutique\\\/product\\\/dog-sensitivity-control-au-poulet-boites\\\/\"]}]},{\"@type\":\"ImageObject\",\"inLanguage\":\"fr-FR\",\"@id\":\"https:\\\/\\\/www.vetorino.com\\\/veterinaire\\\/briancon-05100\\\/boutique\\\/product\\\/dog-sensitivity-control-au-poulet-boites\\\/#primaryimage\",\"url\":\"https:\\\/\\\/www.vetorino.com\\\/boutique\\\/wp-content\\\/uploads\\\/2023\\\/05\\\/ROYALCANIN-1838940.jpg\",\"contentUrl\":\"https:\\\/\\\/www.vetorino.com\\\/boutique\\\/wp-content\\\/uploads\\\/2023\\\/05\\\/ROYALCANIN-1838940.jpg\",\"width\":581,\"height\":600},{\"@type\":\"BreadcrumbList\",\"@id\":\"https:\\\/\\\/www.vetorino.com\\\/veterinaire\\\/briancon-05100\\\/boutique\\\/product\\\/dog-sensitivity-control-au-poulet-boites\\\/#breadcrumb\",\"itemListElement\":[{\"@type\":\"ListItem\",\"position\":1,\"name\":\"Accueil\",\"item\":\"https:\\\/\\\/www.vetorino.com\\\/boutique\\\/\"},{\"@type\":\"ListItem\",\"position\":2,\"name\":\"Produits\",\"item\":\"https:\\\/\\\/www.vetorino.com\\\/boutique\\\/\"},{\"@type\":\"ListItem\",\"position\":3,\"name\":\"Sensitivity Control Poulet &#8211; chien\"}]},{\"@type\":\"WebSite\",\"@id\":\"https:\\\/\\\/www.vetorino.com\\\/boutique\\\/#website\",\"url\":\"https:\\\/\\\/www.vetorino.com\\\/boutique\\\/\",\"name\":\"V\u00e9torino\",\"description\":\"\",\"publisher\":{\"@id\":\"https:\\\/\\\/www.vetorino.com\\\/boutique\\\/#organization\"},\"potentialAction\":[{\"@type\":\"SearchAction\",\"target\":{\"@type\":\"EntryPoint\",\"urlTemplate\":\"https:\\\/\\\/www.vetorino.com\\\/boutique\\\/?s={search_term_string}\"},\"query-input\":{\"@type\":\"PropertyValueSpecification\",\"valueRequired\":true,\"valueName\":\"search_term_string\"}}],\"inLanguage\":\"fr-FR\"},{\"@type\":\"Organization\",\"@id\":\"https:\\\/\\\/www.vetorino.com\\\/boutique\\\/#organization\",\"name\":\"V\u00e9torino\",\"url\":\"https:\\\/\\\/www.vetorino.com\\\/boutique\\\/\",\"logo\":{\"@type\":\"ImageObject\",\"inLanguage\":\"fr-FR\",\"@id\":\"https:\\\/\\\/www.vetorino.com\\\/boutique\\\/#\\\/schema\\\/logo\\\/image\\\/\",\"url\":\"https:\\\/\\\/www.vetorino.com\\\/boutique\\\/wp-content\\\/uploads\\\/2024\\\/10\\\/logo.jpg\",\"contentUrl\":\"https:\\\/\\\/www.vetorino.com\\\/boutique\\\/wp-content\\\/uploads\\\/2024\\\/10\\\/logo.jpg\",\"width\":1200,\"height\":610,\"caption\":\"V\u00e9torino\"},\"image\":{\"@id\":\"https:\\\/\\\/www.vetorino.com\\\/boutique\\\/#\\\/schema\\\/logo\\\/image\\\/\"},\"sameAs\":[\"https:\\\/\\\/www.facebook.com\\\/Vetorino\\\/\",\"https:\\\/\\\/www.instagram.com\\\/vetorino_off\\\/\",\"https:\\\/\\\/www.linkedin.com\\\/company\\\/vtorino\\\/\"]}]}<\/script>\n<meta property=\"product:brand\" content=\"Royal Canin\" \/>\n<meta property=\"og:availability\" content=\"instock\" \/>\n<meta property=\"product:availability\" content=\"instock\" \/>\n<meta property=\"product:condition\" content=\"new\" \/>\n<!-- \/ Yoast SEO plugin. -->","yoast_head_json":{"title":"Veterinary Diet (Royal Canin) Sensitivity Control Poulet - chien Royal Canin - V\u00e9torino","description":"Royal Canin Dog Sensitivity Control Poulet est un aliment di\u00e9t\u00e9tique pour chiens en cas d\u2019intol\u00e9rances alimentaires. Source de prot\u00e9ines : Poulet Utilisation :    Chien sujet aux intol\u00e9rances alimentaire  Demander conseil \u00e0 un v\u00e9t\u00e9rinaire avant utilisation.","robots":{"index":"noindex","follow":"nofollow"},"og_locale":"fr_FR","og_type":"article","og_title":"Veterinary Diet (Royal Canin) Sensitivity Control Poulet - chien Royal Canin - V\u00e9torino","og_description":"Royal Canin Dog Sensitivity Control Poulet est un aliment di\u00e9t\u00e9tique pour chiens en cas d\u2019intol\u00e9rances alimentaires. Source de prot\u00e9ines : Poulet Utilisation :    Chien sujet aux intol\u00e9rances alimentaire  Demander conseil \u00e0 un v\u00e9t\u00e9rinaire avant utilisation.","og_url":"https:\/\/www.vetorino.com\/veterinaire\/plouzevede-29440\/boutique\/product\/dog-sensitivity-control-au-poulet-boites\/","og_site_name":"V\u00e9torino","article_publisher":"https:\/\/www.facebook.com\/Vetorino\/","article_modified_time":"2025-11-25T13:59:39+00:00","og_image":[{"width":581,"height":600,"url":"https:\/\/www.vetorino.com\/boutique\/wp-content\/uploads\/2023\/05\/ROYALCANIN-1838940.jpg","type":"image\/jpeg"}],"twitter_card":"summary_large_image","twitter_misc":{"Disponibilit\u00e9":"En stock"},"schema":{"@context":"https:\/\/schema.org","@graph":[{"@type":"WebPage","@id":"https:\/\/www.vetorino.com\/veterinaire\/briancon-05100\/boutique\/product\/dog-sensitivity-control-au-poulet-boites\/","url":"https:\/\/www.vetorino.com\/veterinaire\/briancon-05100\/boutique\/product\/dog-sensitivity-control-au-poulet-boites\/","name":"Veterinary Diet (Royal Canin) Sensitivity Control Poulet - chien Royal Canin - V\u00e9torino","isPartOf":{"@id":"https:\/\/www.vetorino.com\/boutique\/#website"},"primaryImageOfPage":{"@id":"https:\/\/www.vetorino.com\/veterinaire\/briancon-05100\/boutique\/product\/dog-sensitivity-control-au-poulet-boites\/#primaryimage"},"image":{"@id":"https:\/\/www.vetorino.com\/veterinaire\/briancon-05100\/boutique\/product\/dog-sensitivity-control-au-poulet-boites\/#primaryimage"},"thumbnailUrl":"https:\/\/www.vetorino.com\/boutique\/wp-content\/uploads\/2023\/05\/ROYALCANIN-1838940.jpg","datePublished":"2023-05-24T03:35:08+00:00","dateModified":"2025-11-25T13:59:39+00:00","description":"Royal Canin Dog Sensitivity Control Poulet est un aliment di\u00e9t\u00e9tique pour chiens en cas d\u2019intol\u00e9rances alimentaires. Source de prot\u00e9ines : Poulet Utilisation : Chien sujet aux intol\u00e9rances alimentaire Demander conseil \u00e0 un v\u00e9t\u00e9rinaire avant utilisation.","breadcrumb":{"@id":"https:\/\/www.vetorino.com\/veterinaire\/briancon-05100\/boutique\/product\/dog-sensitivity-control-au-poulet-boites\/#breadcrumb"},"inLanguage":"fr-FR","potentialAction":[{"@type":"ReadAction","target":["https:\/\/www.vetorino.com\/veterinaire\/briancon-05100\/boutique\/product\/dog-sensitivity-control-au-poulet-boites\/"]}]},{"@type":"ImageObject","inLanguage":"fr-FR","@id":"https:\/\/www.vetorino.com\/veterinaire\/briancon-05100\/boutique\/product\/dog-sensitivity-control-au-poulet-boites\/#primaryimage","url":"https:\/\/www.vetorino.com\/boutique\/wp-content\/uploads\/2023\/05\/ROYALCANIN-1838940.jpg","contentUrl":"https:\/\/www.vetorino.com\/boutique\/wp-content\/uploads\/2023\/05\/ROYALCANIN-1838940.jpg","width":581,"height":600},{"@type":"BreadcrumbList","@id":"https:\/\/www.vetorino.com\/veterinaire\/briancon-05100\/boutique\/product\/dog-sensitivity-control-au-poulet-boites\/#breadcrumb","itemListElement":[{"@type":"ListItem","position":1,"name":"Accueil","item":"https:\/\/www.vetorino.com\/boutique\/"},{"@type":"ListItem","position":2,"name":"Produits","item":"https:\/\/www.vetorino.com\/boutique\/"},{"@type":"ListItem","position":3,"name":"Sensitivity Control Poulet &#8211; chien"}]},{"@type":"WebSite","@id":"https:\/\/www.vetorino.com\/boutique\/#website","url":"https:\/\/www.vetorino.com\/boutique\/","name":"V\u00e9torino","description":"","publisher":{"@id":"https:\/\/www.vetorino.com\/boutique\/#organization"},"potentialAction":[{"@type":"SearchAction","target":{"@type":"EntryPoint","urlTemplate":"https:\/\/www.vetorino.com\/boutique\/?s={search_term_string}"},"query-input":{"@type":"PropertyValueSpecification","valueRequired":true,"valueName":"search_term_string"}}],"inLanguage":"fr-FR"},{"@type":"Organization","@id":"https:\/\/www.vetorino.com\/boutique\/#organization","name":"V\u00e9torino","url":"https:\/\/www.vetorino.com\/boutique\/","logo":{"@type":"ImageObject","inLanguage":"fr-FR","@id":"https:\/\/www.vetorino.com\/boutique\/#\/schema\/logo\/image\/","url":"https:\/\/www.vetorino.com\/boutique\/wp-content\/uploads\/2024\/10\/logo.jpg","contentUrl":"https:\/\/www.vetorino.com\/boutique\/wp-content\/uploads\/2024\/10\/logo.jpg","width":1200,"height":610,"caption":"V\u00e9torino"},"image":{"@id":"https:\/\/www.vetorino.com\/boutique\/#\/schema\/logo\/image\/"},"sameAs":["https:\/\/www.facebook.com\/Vetorino\/","https:\/\/www.instagram.com\/vetorino_off\/","https:\/\/www.linkedin.com\/company\/vtorino\/"]}]},"product_brand":"Royal Canin","og_availability":"instock","product_availability":"instock","product_condition":"new"},"_links":{"self":[{"href":"https:\/\/www.vetorino.com\/veterinaire\/plouzevede-29440\/boutique\/wp-json\/wp\/v2\/product\/620578","targetHints":{"allow":["GET"]}}],"collection":[{"href":"https:\/\/www.vetorino.com\/veterinaire\/plouzevede-29440\/boutique\/wp-json\/wp\/v2\/product"}],"about":[{"href":"https:\/\/www.vetorino.com\/veterinaire\/plouzevede-29440\/boutique\/wp-json\/wp\/v2\/types\/product"}],"wp:featuredmedia":[{"embeddable":true,"href":"https:\/\/www.vetorino.com\/veterinaire\/plouzevede-29440\/boutique\/wp-json\/wp\/v2\/media\/620577"}],"wp:attachment":[{"href":"https:\/\/www.vetorino.com\/veterinaire\/plouzevede-29440\/boutique\/wp-json\/wp\/v2\/media?parent=620578"}],"wp:term":[{"taxonomy":"product_cat","embeddable":true,"href":"https:\/\/www.vetorino.com\/veterinaire\/plouzevede-29440\/boutique\/wp-json\/wp\/v2\/product_cat?post=620578"},{"taxonomy":"product_tag","embeddable":true,"href":"https:\/\/www.vetorino.com\/veterinaire\/plouzevede-29440\/boutique\/wp-json\/wp\/v2\/product_tag?post=620578"}],"curies":[{"name":"wp","href":"https:\/\/api.w.org\/{rel}","templated":true}]}}