{"id":627972,"date":"2023-06-04T05:35:16","date_gmt":"2023-06-04T03:35:16","guid":{"rendered":"https:\/\/www.vetorino.com\/boutique\/product\/feline-biome-kit-dessai\/"},"modified":"2024-06-03T10:50:10","modified_gmt":"2024-06-03T08:50:10","slug":"feline-biome-kit-dessai","status":"publish","type":"product","link":"https:\/\/www.vetorino.com\/veterinaire\/plouzevede-29440\/boutique\/product\/feline-biome-kit-dessai\/","title":{"rendered":"Kit D&#8217;essai Hill&#8217;s Prescription Diet Feline Biome"},"content":{"rendered":"<p><strong>Hill&#8217;s PRESCRIPTION DIET Biome<\/strong> est un aliment pour chat \u00e0 haute teneur en fibres avec un m\u00e9lange exclusif de pr\u00e9biotiques cliniquement prouv\u00e9 pour <strong>favoriser des selles form\u00e9es et r\u00e9guli\u00e8res<\/strong> en seulement 24 heures et pour aider \u00e0 r\u00e9duire le risque de r\u00e9cidive.<\/p>\n<p>Il est sp\u00e9cialement formul\u00e9 pour <strong>favoriser des selles saines et soutenir la sant\u00e9 digestive en g\u00e9n\u00e9ral<\/strong>.<\/p>\n<p>Cet aliment pour chat pour la sant\u00e9 digestive favorise \u00e9galement un environnement urinaire qui r\u00e9duit le risque de d\u00e9velopper des cristaux de struvite et d\u2019oxalate de calcium. Cet aliment humide est <strong>\u00e9labor\u00e9 avec du poulet<\/strong> dont les chats raffolent.<\/p>\n<p>La sant\u00e9 digestive de votre chat peut \u00eatre affect\u00e9e par de nombreux facteurs et en cas de troubles digestifs, animal et propri\u00e9taire vivent une exp\u00e9rience d\u00e9sagr\u00e9able.<\/p>\n<p>La bonne nouvelle est que vous pouvez aider votre chat \u00e0 se sentir mieux gr\u00e2ce \u00e0 une alimentation qui r\u00e9volutionne l&#8217;approche des troubles digestifs r\u00e9pondant aux fibres en mettant la sant\u00e9 du microbiome intestinal &#8211; l&#8217;\u00e9cosyst\u00e8me intestinal unique de votre animal &#8211; au premier plan de la sant\u00e9 gastro-intestinale.<\/p>\n<p>Les avantages de\u00a0<strong>Hill&#8217;s PRESCRIPTION DIET Biome :<\/strong><\/p>\n<ul>\n<li>Cliniquement prouv\u00e9 pour favoriser des selles form\u00e9es et r\u00e9guli\u00e8res en seulement 24 heures et pour aider \u00e0 r\u00e9duire le risque de r\u00e9cidive des troubles digestifs.<\/li>\n<li>\u00c9labor\u00e9 avec la technologie d&#8217;ingr\u00e9dients exclusive ActivBiome+ d\u00e9montr\u00e9e pour nourrir les bact\u00e9ries intestinales b\u00e9n\u00e9fiques et soutenir un \u00e9quilibre sain du microbiome gastro-intestinal.<\/li>\n<li>M\u00e9lange unique de fibres pr\u00e9biotiques pour favoriser la r\u00e9gularit\u00e9 du transit intestinal et aider \u00e0 \u00e9quilibrer la fonction digestive.<\/li>\n<li>Teneur \u00e9lev\u00e9e en acides gras Om\u00e9ga-3 (DHA et EPA)<\/li>\n<\/ul>\n","protected":false},"excerpt":{"rendered":"<div class=\"plDet\">\n<p>Hill&#8217;s PRESCRIPTION DIET <strong>Gastrointestinal Biome Digestive Care<\/strong> pour Chat est sp\u00e9cialement formul\u00e9 par les nutritionnistes et les v\u00e9t\u00e9rinaires de Hill&#8217;s pour soutenir la sant\u00e9 digestive de votre chat.<\/p>\n<p>Retrouvez un sachet de 300g de croquettes et 2 sachets repas de 85g<\/p>\n<\/div>\n","protected":false},"featured_media":866139,"template":"","meta":[],"product_cat":[12551,12581,12583,2697,12631,12635],"product_tag":[],"class_list":{"0":"post-627972","1":"product","2":"type-product","3":"status-publish","4":"has-post-thumbnail","6":"product_cat-alimentation-du-chat","7":"product_cat-alimentation-medicalisee-pour-chat","8":"product_cat-alimentation-premium-pour-chat","9":"product_cat-chat","10":"product_cat-sortie-du-chat","11":"product_cat-systeme-digestif-du-chat","12":"pa_marque-hills-pet-nutrition","14":"first","15":"instock","16":"taxable","17":"shipping-taxable","18":"purchasable","19":"product-type-simple"},"yoast_head":"<!-- This site is optimized with the Yoast SEO plugin v27.3 - https:\/\/yoast.com\/product\/yoast-seo-wordpress\/ -->\n<title>Prescription Diet (Hill&#039;s) Kit D&#039;essai Hill&#039;s Prescription Diet Feline Biome Hill&#039;s - V\u00e9torino<\/title>\n<meta name=\"description\" content=\"Hill&#039;s PRESCRIPTION DIET Gastrointestinal Biome Digestive Care pour Chat est sp\u00e9cialement formul\u00e9 par les nutritionnistes et les v\u00e9t\u00e9rinaires de Hill&#039;s pour soutenir la sant\u00e9 digestive de votre chat.  Retrouvez un sachet de 300g de croquettes et 2 sachets repas de 85g\" \/>\n<meta name=\"robots\" content=\"noindex, nofollow\" \/>\n<meta property=\"og:locale\" content=\"fr_FR\" \/>\n<meta property=\"og:type\" content=\"article\" \/>\n<meta property=\"og:title\" content=\"Prescription Diet (Hill&#039;s) Kit D&#039;essai Hill&#039;s Prescription Diet Feline Biome Hill&#039;s - V\u00e9torino\" \/>\n<meta property=\"og:description\" content=\"Hill&#039;s PRESCRIPTION DIET Gastrointestinal Biome Digestive Care pour Chat est sp\u00e9cialement formul\u00e9 par les nutritionnistes et les v\u00e9t\u00e9rinaires de Hill&#039;s pour soutenir la sant\u00e9 digestive de votre chat.  Retrouvez un sachet de 300g de croquettes et 2 sachets repas de 85g\" \/>\n<meta property=\"og:url\" content=\"https:\/\/www.vetorino.com\/veterinaire\/plouzevede-29440\/boutique\/product\/feline-biome-kit-dessai\/\" \/>\n<meta property=\"og:site_name\" content=\"V\u00e9torino\" \/>\n<meta property=\"article:publisher\" content=\"https:\/\/www.facebook.com\/Vetorino\/\" \/>\n<meta property=\"article:modified_time\" content=\"2024-06-03T08:50:10+00:00\" \/>\n<meta property=\"og:image\" content=\"https:\/\/www.vetorino.com\/boutique\/wp-content\/uploads\/2023\/06\/314_54.jpg\" \/>\n\t<meta property=\"og:image:width\" content=\"600\" \/>\n\t<meta property=\"og:image:height\" content=\"600\" \/>\n\t<meta property=\"og:image:type\" content=\"image\/jpeg\" \/>\n<meta name=\"twitter:card\" content=\"summary_large_image\" \/>\n<meta name=\"twitter:label1\" content=\"Prix\" \/>\n\t<meta name=\"twitter:data1\" content=\"9,35&euro;\" \/>\n\t<meta name=\"twitter:label2\" content=\"Disponibilit\u00e9\" \/>\n\t<meta name=\"twitter:data2\" content=\"En stock\" \/>\n<script type=\"application\/ld+json\" class=\"yoast-schema-graph\">{\"@context\":\"https:\\\/\\\/schema.org\",\"@graph\":[{\"@type\":\"WebPage\",\"@id\":\"https:\\\/\\\/www.vetorino.com\\\/veterinaire\\\/briancon-05100\\\/boutique\\\/product\\\/feline-biome-kit-dessai\\\/\",\"url\":\"https:\\\/\\\/www.vetorino.com\\\/veterinaire\\\/briancon-05100\\\/boutique\\\/product\\\/feline-biome-kit-dessai\\\/\",\"name\":\"Prescription Diet (Hill's) Kit D'essai Hill's Prescription Diet Feline Biome Hill's - V\u00e9torino\",\"isPartOf\":{\"@id\":\"https:\\\/\\\/www.vetorino.com\\\/boutique\\\/#website\"},\"primaryImageOfPage\":{\"@id\":\"https:\\\/\\\/www.vetorino.com\\\/veterinaire\\\/briancon-05100\\\/boutique\\\/product\\\/feline-biome-kit-dessai\\\/#primaryimage\"},\"image\":{\"@id\":\"https:\\\/\\\/www.vetorino.com\\\/veterinaire\\\/briancon-05100\\\/boutique\\\/product\\\/feline-biome-kit-dessai\\\/#primaryimage\"},\"thumbnailUrl\":\"https:\\\/\\\/www.vetorino.com\\\/boutique\\\/wp-content\\\/uploads\\\/2023\\\/06\\\/314_54.jpg\",\"datePublished\":\"2023-06-04T03:35:16+00:00\",\"dateModified\":\"2024-06-03T08:50:10+00:00\",\"description\":\"Hill's PRESCRIPTION DIET Gastrointestinal Biome Digestive Care pour Chat est sp\u00e9cialement formul\u00e9 par les nutritionnistes et les v\u00e9t\u00e9rinaires de Hill's pour soutenir la sant\u00e9 digestive de votre chat. Retrouvez un sachet de 300g de croquettes et 2 sachets repas de 85g\",\"breadcrumb\":{\"@id\":\"https:\\\/\\\/www.vetorino.com\\\/veterinaire\\\/briancon-05100\\\/boutique\\\/product\\\/feline-biome-kit-dessai\\\/#breadcrumb\"},\"inLanguage\":\"fr-FR\",\"potentialAction\":[{\"@type\":\"ReadAction\",\"target\":[\"https:\\\/\\\/www.vetorino.com\\\/veterinaire\\\/briancon-05100\\\/boutique\\\/product\\\/feline-biome-kit-dessai\\\/\"]}]},{\"@type\":\"ImageObject\",\"inLanguage\":\"fr-FR\",\"@id\":\"https:\\\/\\\/www.vetorino.com\\\/veterinaire\\\/briancon-05100\\\/boutique\\\/product\\\/feline-biome-kit-dessai\\\/#primaryimage\",\"url\":\"https:\\\/\\\/www.vetorino.com\\\/boutique\\\/wp-content\\\/uploads\\\/2023\\\/06\\\/314_54.jpg\",\"contentUrl\":\"https:\\\/\\\/www.vetorino.com\\\/boutique\\\/wp-content\\\/uploads\\\/2023\\\/06\\\/314_54.jpg\",\"width\":600,\"height\":600},{\"@type\":\"BreadcrumbList\",\"@id\":\"https:\\\/\\\/www.vetorino.com\\\/veterinaire\\\/briancon-05100\\\/boutique\\\/product\\\/feline-biome-kit-dessai\\\/#breadcrumb\",\"itemListElement\":[{\"@type\":\"ListItem\",\"position\":1,\"name\":\"Accueil\",\"item\":\"https:\\\/\\\/www.vetorino.com\\\/boutique\\\/\"},{\"@type\":\"ListItem\",\"position\":2,\"name\":\"Produits\",\"item\":\"https:\\\/\\\/www.vetorino.com\\\/boutique\\\/\"},{\"@type\":\"ListItem\",\"position\":3,\"name\":\"Kit D&#8217;essai Hill&#8217;s Prescription Diet Feline Biome\"}]},{\"@type\":\"WebSite\",\"@id\":\"https:\\\/\\\/www.vetorino.com\\\/boutique\\\/#website\",\"url\":\"https:\\\/\\\/www.vetorino.com\\\/boutique\\\/\",\"name\":\"V\u00e9torino\",\"description\":\"\",\"publisher\":{\"@id\":\"https:\\\/\\\/www.vetorino.com\\\/boutique\\\/#organization\"},\"potentialAction\":[{\"@type\":\"SearchAction\",\"target\":{\"@type\":\"EntryPoint\",\"urlTemplate\":\"https:\\\/\\\/www.vetorino.com\\\/boutique\\\/?s={search_term_string}\"},\"query-input\":{\"@type\":\"PropertyValueSpecification\",\"valueRequired\":true,\"valueName\":\"search_term_string\"}}],\"inLanguage\":\"fr-FR\"},{\"@type\":\"Organization\",\"@id\":\"https:\\\/\\\/www.vetorino.com\\\/boutique\\\/#organization\",\"name\":\"V\u00e9torino\",\"url\":\"https:\\\/\\\/www.vetorino.com\\\/boutique\\\/\",\"logo\":{\"@type\":\"ImageObject\",\"inLanguage\":\"fr-FR\",\"@id\":\"https:\\\/\\\/www.vetorino.com\\\/boutique\\\/#\\\/schema\\\/logo\\\/image\\\/\",\"url\":\"https:\\\/\\\/www.vetorino.com\\\/boutique\\\/wp-content\\\/uploads\\\/2024\\\/10\\\/logo.jpg\",\"contentUrl\":\"https:\\\/\\\/www.vetorino.com\\\/boutique\\\/wp-content\\\/uploads\\\/2024\\\/10\\\/logo.jpg\",\"width\":1200,\"height\":610,\"caption\":\"V\u00e9torino\"},\"image\":{\"@id\":\"https:\\\/\\\/www.vetorino.com\\\/boutique\\\/#\\\/schema\\\/logo\\\/image\\\/\"},\"sameAs\":[\"https:\\\/\\\/www.facebook.com\\\/Vetorino\\\/\",\"https:\\\/\\\/www.instagram.com\\\/vetorino_off\\\/\",\"https:\\\/\\\/www.linkedin.com\\\/company\\\/vtorino\\\/\"]}]}<\/script>\n<meta property=\"product:brand\" content=\"Hill&#039;s\" \/>\n<meta property=\"product:price:amount\" content=\"9.35\" \/>\n<meta property=\"product:price:currency\" content=\"EUR\" \/>\n<meta property=\"og:availability\" content=\"instock\" \/>\n<meta property=\"product:availability\" content=\"instock\" \/>\n<meta property=\"product:retailer_item_id\" content=\"A-1876030\" \/>\n<meta property=\"product:condition\" content=\"new\" \/>\n<!-- \/ Yoast SEO plugin. -->","yoast_head_json":{"title":"Prescription Diet (Hill's) Kit D'essai Hill's Prescription Diet Feline Biome Hill's - V\u00e9torino","description":"Hill's PRESCRIPTION DIET Gastrointestinal Biome Digestive Care pour Chat est sp\u00e9cialement formul\u00e9 par les nutritionnistes et les v\u00e9t\u00e9rinaires de Hill's pour soutenir la sant\u00e9 digestive de votre chat.  Retrouvez un sachet de 300g de croquettes et 2 sachets repas de 85g","robots":{"index":"noindex","follow":"nofollow"},"og_locale":"fr_FR","og_type":"article","og_title":"Prescription Diet (Hill's) Kit D'essai Hill's Prescription Diet Feline Biome Hill's - V\u00e9torino","og_description":"Hill's PRESCRIPTION DIET Gastrointestinal Biome Digestive Care pour Chat est sp\u00e9cialement formul\u00e9 par les nutritionnistes et les v\u00e9t\u00e9rinaires de Hill's pour soutenir la sant\u00e9 digestive de votre chat.  Retrouvez un sachet de 300g de croquettes et 2 sachets repas de 85g","og_url":"https:\/\/www.vetorino.com\/veterinaire\/plouzevede-29440\/boutique\/product\/feline-biome-kit-dessai\/","og_site_name":"V\u00e9torino","article_publisher":"https:\/\/www.facebook.com\/Vetorino\/","article_modified_time":"2024-06-03T08:50:10+00:00","og_image":[{"width":600,"height":600,"url":"https:\/\/www.vetorino.com\/boutique\/wp-content\/uploads\/2023\/06\/314_54.jpg","type":"image\/jpeg"}],"twitter_card":"summary_large_image","twitter_misc":{"Prix":"9,35&euro;","Disponibilit\u00e9":"En stock"},"schema":{"@context":"https:\/\/schema.org","@graph":[{"@type":"WebPage","@id":"https:\/\/www.vetorino.com\/veterinaire\/briancon-05100\/boutique\/product\/feline-biome-kit-dessai\/","url":"https:\/\/www.vetorino.com\/veterinaire\/briancon-05100\/boutique\/product\/feline-biome-kit-dessai\/","name":"Prescription Diet (Hill's) Kit D'essai Hill's Prescription Diet Feline Biome Hill's - V\u00e9torino","isPartOf":{"@id":"https:\/\/www.vetorino.com\/boutique\/#website"},"primaryImageOfPage":{"@id":"https:\/\/www.vetorino.com\/veterinaire\/briancon-05100\/boutique\/product\/feline-biome-kit-dessai\/#primaryimage"},"image":{"@id":"https:\/\/www.vetorino.com\/veterinaire\/briancon-05100\/boutique\/product\/feline-biome-kit-dessai\/#primaryimage"},"thumbnailUrl":"https:\/\/www.vetorino.com\/boutique\/wp-content\/uploads\/2023\/06\/314_54.jpg","datePublished":"2023-06-04T03:35:16+00:00","dateModified":"2024-06-03T08:50:10+00:00","description":"Hill's PRESCRIPTION DIET Gastrointestinal Biome Digestive Care pour Chat est sp\u00e9cialement formul\u00e9 par les nutritionnistes et les v\u00e9t\u00e9rinaires de Hill's pour soutenir la sant\u00e9 digestive de votre chat. Retrouvez un sachet de 300g de croquettes et 2 sachets repas de 85g","breadcrumb":{"@id":"https:\/\/www.vetorino.com\/veterinaire\/briancon-05100\/boutique\/product\/feline-biome-kit-dessai\/#breadcrumb"},"inLanguage":"fr-FR","potentialAction":[{"@type":"ReadAction","target":["https:\/\/www.vetorino.com\/veterinaire\/briancon-05100\/boutique\/product\/feline-biome-kit-dessai\/"]}]},{"@type":"ImageObject","inLanguage":"fr-FR","@id":"https:\/\/www.vetorino.com\/veterinaire\/briancon-05100\/boutique\/product\/feline-biome-kit-dessai\/#primaryimage","url":"https:\/\/www.vetorino.com\/boutique\/wp-content\/uploads\/2023\/06\/314_54.jpg","contentUrl":"https:\/\/www.vetorino.com\/boutique\/wp-content\/uploads\/2023\/06\/314_54.jpg","width":600,"height":600},{"@type":"BreadcrumbList","@id":"https:\/\/www.vetorino.com\/veterinaire\/briancon-05100\/boutique\/product\/feline-biome-kit-dessai\/#breadcrumb","itemListElement":[{"@type":"ListItem","position":1,"name":"Accueil","item":"https:\/\/www.vetorino.com\/boutique\/"},{"@type":"ListItem","position":2,"name":"Produits","item":"https:\/\/www.vetorino.com\/boutique\/"},{"@type":"ListItem","position":3,"name":"Kit D&#8217;essai Hill&#8217;s Prescription Diet Feline Biome"}]},{"@type":"WebSite","@id":"https:\/\/www.vetorino.com\/boutique\/#website","url":"https:\/\/www.vetorino.com\/boutique\/","name":"V\u00e9torino","description":"","publisher":{"@id":"https:\/\/www.vetorino.com\/boutique\/#organization"},"potentialAction":[{"@type":"SearchAction","target":{"@type":"EntryPoint","urlTemplate":"https:\/\/www.vetorino.com\/boutique\/?s={search_term_string}"},"query-input":{"@type":"PropertyValueSpecification","valueRequired":true,"valueName":"search_term_string"}}],"inLanguage":"fr-FR"},{"@type":"Organization","@id":"https:\/\/www.vetorino.com\/boutique\/#organization","name":"V\u00e9torino","url":"https:\/\/www.vetorino.com\/boutique\/","logo":{"@type":"ImageObject","inLanguage":"fr-FR","@id":"https:\/\/www.vetorino.com\/boutique\/#\/schema\/logo\/image\/","url":"https:\/\/www.vetorino.com\/boutique\/wp-content\/uploads\/2024\/10\/logo.jpg","contentUrl":"https:\/\/www.vetorino.com\/boutique\/wp-content\/uploads\/2024\/10\/logo.jpg","width":1200,"height":610,"caption":"V\u00e9torino"},"image":{"@id":"https:\/\/www.vetorino.com\/boutique\/#\/schema\/logo\/image\/"},"sameAs":["https:\/\/www.facebook.com\/Vetorino\/","https:\/\/www.instagram.com\/vetorino_off\/","https:\/\/www.linkedin.com\/company\/vtorino\/"]}]},"product_brand":"Hill's","product_price_amount":"9.35","product_price_currency":"EUR","og_availability":"instock","product_availability":"instock","product_retailer_item_id":"A-1876030","product_condition":"new"},"_links":{"self":[{"href":"https:\/\/www.vetorino.com\/veterinaire\/plouzevede-29440\/boutique\/wp-json\/wp\/v2\/product\/627972","targetHints":{"allow":["GET"]}}],"collection":[{"href":"https:\/\/www.vetorino.com\/veterinaire\/plouzevede-29440\/boutique\/wp-json\/wp\/v2\/product"}],"about":[{"href":"https:\/\/www.vetorino.com\/veterinaire\/plouzevede-29440\/boutique\/wp-json\/wp\/v2\/types\/product"}],"wp:featuredmedia":[{"embeddable":true,"href":"https:\/\/www.vetorino.com\/veterinaire\/plouzevede-29440\/boutique\/wp-json\/wp\/v2\/media\/866139"}],"wp:attachment":[{"href":"https:\/\/www.vetorino.com\/veterinaire\/plouzevede-29440\/boutique\/wp-json\/wp\/v2\/media?parent=627972"}],"wp:term":[{"taxonomy":"product_cat","embeddable":true,"href":"https:\/\/www.vetorino.com\/veterinaire\/plouzevede-29440\/boutique\/wp-json\/wp\/v2\/product_cat?post=627972"},{"taxonomy":"product_tag","embeddable":true,"href":"https:\/\/www.vetorino.com\/veterinaire\/plouzevede-29440\/boutique\/wp-json\/wp\/v2\/product_tag?post=627972"}],"curies":[{"name":"wp","href":"https:\/\/api.w.org\/{rel}","templated":true}]}}