{"id":633631,"date":"2023-06-12T12:16:36","date_gmt":"2023-06-12T10:16:36","guid":{"rendered":"https:\/\/www.vetorino.com\/boutique\/product\/preference-chien-mini-4\/"},"modified":"2023-12-15T14:53:47","modified_gmt":"2023-12-15T13:53:47","slug":"preference-chien-mini-4","status":"publish","type":"product","link":"https:\/\/www.vetorino.com\/veterinaire\/plouzevede-29440\/boutique\/product\/preference-chien-mini-4\/","title":{"rendered":"Chien mini"},"content":{"rendered":"<p><span data-sheets-root=\"1\" data-sheets-value=\"{&quot;1&quot;:2,&quot;2&quot;:&quot;* Une croquette en forme de c\u0153ur pour une action m\u00e9canique optimale lors de la mastication et une r\u00e9duction de la formation de tartre.\\n* Un RPC adapt\u00e9 aux chiens de petites races. (RPC : Rapport Protido Calorique)\\n* Formule enrichie en acides gras Omega 3 pour diminuer le risque inflammatoire et renforcer l\u2019immunit\u00e9, pour un pelage brillant et une peau saine.\\n\\nFabrication Fran\u00e7aise - Sacherie recyclable.\\n\\nProbioactiFAP\u00ae: Sant\u00e9 du Microbiote digestif\\nDes produits issus de la technologie FAP\u00ae (Facteur d\u2019Assimilation Process) et d\u2019un process exclusif, au service de la sant\u00e9 du microbiote digestif propre \u00e0 chaque animal. \\nAssociation naturelle de mol\u00e9cules probioactives (pr\u00e9 et postbiotiques), les ProbioactiFAP\u00ae agissent tout au long du tractus digestif pour pr\u00e9venir les d\u00e9s\u00e9quilibres de la flore, renforcer l\u2019int\u00e9grit\u00e9 de la paroi digestive et l\u2019immunit\u00e9.\\n\\nCroquettes forme C\u0153ur\\nDiam\u00e8tre\u2009: 10mm +\/- 2mm\\n\u00e9paisseur\u2009: 4mm +\/- 2mm&quot;}\" data-sheets-userformat=\"{&quot;2&quot;:12995,&quot;3&quot;:{&quot;1&quot;:0},&quot;4&quot;:{&quot;1&quot;:2,&quot;2&quot;:16777215},&quot;9&quot;:0,&quot;10&quot;:0,&quot;12&quot;:0,&quot;15&quot;:&quot;Calibri&quot;,&quot;16&quot;:11}\">* Une croquette en forme de c\u0153ur pour une action m\u00e9canique optimale lors de la mastication et une r\u00e9duction de la formation de tartre.<br \/>\n* Un RPC adapt\u00e9 aux chiens de petites races. (RPC : Rapport Protido Calorique)<br \/>\n* Formule enrichie en acides gras Omega 3 pour diminuer le risque inflammatoire et renforcer l\u2019immunit\u00e9, pour un pelage brillant et une peau saine.<\/p>\n<p>Fabrication Fran\u00e7aise &#8211; Sacherie recyclable.<\/p>\n<p>ProbioactiFAP\u00ae: Sant\u00e9 du Microbiote digestif<br \/>\nDes produits issus de la technologie FAP\u00ae (Facteur d\u2019Assimilation Process) et d\u2019un process exclusif, au service de la sant\u00e9 du microbiote digestif propre \u00e0 chaque animal.<br \/>\nAssociation naturelle de mol\u00e9cules probioactives (pr\u00e9 et postbiotiques), les ProbioactiFAP\u00ae agissent tout au long du tractus digestif pour pr\u00e9venir les d\u00e9s\u00e9quilibres de la flore, renforcer l\u2019int\u00e9grit\u00e9 de la paroi digestive et l\u2019immunit\u00e9.<\/p>\n<p>Croquettes forme C\u0153ur<br \/>\nDiam\u00e8tre\u2009: 10mm +\/- 2mm<br \/>\n\u00e9paisseur\u2009: 4mm +\/- 2mm<\/span><\/p>\n","protected":false},"excerpt":{"rendered":"<div id=\"product-description-short-5237\"><span data-sheets-root=\"1\" data-sheets-value=\"{&quot;1&quot;:2,&quot;2&quot;:&quot;Aliment complet pour tous les petits chiens jusqu\u2019\u00e0 10 kg.\\nConvient aux chiens st\u00e9rilis\u00e9s.&quot;}\" data-sheets-userformat=\"{&quot;2&quot;:13251,&quot;3&quot;:{&quot;1&quot;:0},&quot;4&quot;:{&quot;1&quot;:2,&quot;2&quot;:16777215},&quot;9&quot;:0,&quot;10&quot;:0,&quot;11&quot;:4,&quot;12&quot;:0,&quot;15&quot;:&quot;Calibri&quot;,&quot;16&quot;:11}\">Aliment complet pour tous les petits chiens jusqu\u2019\u00e0 10 kg.<br \/>\nConvient aux chiens st\u00e9rilis\u00e9s.<\/span><\/div>\n","protected":false},"featured_media":776175,"template":"","meta":[],"product_cat":[12552,12584,2698],"product_tag":[],"class_list":{"0":"post-633631","1":"product","2":"type-product","3":"status-publish","4":"has-post-thumbnail","6":"product_cat-alimentation-du-chien","7":"product_cat-alimentation-premium-pour-chien","8":"product_cat-chien","9":"pa_marque-preference","11":"first","12":"instock","13":"taxable","14":"shipping-taxable","15":"purchasable","16":"product-type-simple"},"yoast_head":"<!-- This site is optimized with the Yoast SEO plugin v27.3 - https:\/\/yoast.com\/product\/yoast-seo-wordpress\/ -->\n<title>Chien mini Pr\u00e9f\u00e9rence - V\u00e9torino<\/title>\n<meta name=\"description\" content=\"Aliment complet pour tous les petits chiens jusqu\u2019\u00e0 10 kg. Convient aux chiens st\u00e9rilis\u00e9s.\" \/>\n<meta name=\"robots\" content=\"noindex, nofollow\" \/>\n<meta property=\"og:locale\" content=\"fr_FR\" \/>\n<meta property=\"og:type\" content=\"article\" \/>\n<meta property=\"og:title\" content=\"Chien mini Pr\u00e9f\u00e9rence - V\u00e9torino\" \/>\n<meta property=\"og:description\" content=\"Aliment complet pour tous les petits chiens jusqu\u2019\u00e0 10 kg. Convient aux chiens st\u00e9rilis\u00e9s.\" \/>\n<meta property=\"og:url\" content=\"https:\/\/www.vetorino.com\/veterinaire\/plouzevede-29440\/boutique\/product\/preference-chien-mini-4\/\" \/>\n<meta property=\"og:site_name\" content=\"V\u00e9torino\" \/>\n<meta property=\"article:publisher\" content=\"https:\/\/www.facebook.com\/Vetorino\/\" \/>\n<meta property=\"article:modified_time\" content=\"2023-12-15T13:53:47+00:00\" \/>\n<meta property=\"og:image\" content=\"https:\/\/www.vetorino.com\/boutique\/wp-content\/uploads\/2023\/06\/chien-mini.webp\" \/>\n\t<meta property=\"og:image:width\" content=\"540\" \/>\n\t<meta property=\"og:image:height\" content=\"540\" \/>\n\t<meta property=\"og:image:type\" content=\"image\/webp\" \/>\n<meta name=\"twitter:card\" content=\"summary_large_image\" \/>\n<meta name=\"twitter:label1\" content=\"Prix\" \/>\n\t<meta name=\"twitter:data1\" content=\"19,76&euro;\" \/>\n\t<meta name=\"twitter:label2\" content=\"Disponibilit\u00e9\" \/>\n\t<meta name=\"twitter:data2\" content=\"En stock\" \/>\n<script type=\"application\/ld+json\" class=\"yoast-schema-graph\">{\"@context\":\"https:\\\/\\\/schema.org\",\"@graph\":[{\"@type\":\"WebPage\",\"@id\":\"https:\\\/\\\/www.vetorino.com\\\/veterinaire\\\/saint-berthevin-53220\\\/boutique\\\/product\\\/preference-chien-mini-4\\\/\",\"url\":\"https:\\\/\\\/www.vetorino.com\\\/veterinaire\\\/saint-berthevin-53220\\\/boutique\\\/product\\\/preference-chien-mini-4\\\/\",\"name\":\"Chien mini Pr\u00e9f\u00e9rence - V\u00e9torino\",\"isPartOf\":{\"@id\":\"https:\\\/\\\/www.vetorino.com\\\/boutique\\\/#website\"},\"primaryImageOfPage\":{\"@id\":\"https:\\\/\\\/www.vetorino.com\\\/veterinaire\\\/saint-berthevin-53220\\\/boutique\\\/product\\\/preference-chien-mini-4\\\/#primaryimage\"},\"image\":{\"@id\":\"https:\\\/\\\/www.vetorino.com\\\/veterinaire\\\/saint-berthevin-53220\\\/boutique\\\/product\\\/preference-chien-mini-4\\\/#primaryimage\"},\"thumbnailUrl\":\"https:\\\/\\\/www.vetorino.com\\\/boutique\\\/wp-content\\\/uploads\\\/2023\\\/06\\\/chien-mini.webp\",\"datePublished\":\"2023-06-12T10:16:36+00:00\",\"dateModified\":\"2023-12-15T13:53:47+00:00\",\"description\":\"Aliment complet pour tous les petits chiens jusqu\u2019\u00e0 10 kg. Convient aux chiens st\u00e9rilis\u00e9s.\",\"breadcrumb\":{\"@id\":\"https:\\\/\\\/www.vetorino.com\\\/veterinaire\\\/saint-berthevin-53220\\\/boutique\\\/product\\\/preference-chien-mini-4\\\/#breadcrumb\"},\"inLanguage\":\"fr-FR\",\"potentialAction\":[{\"@type\":\"ReadAction\",\"target\":[\"https:\\\/\\\/www.vetorino.com\\\/veterinaire\\\/saint-berthevin-53220\\\/boutique\\\/product\\\/preference-chien-mini-4\\\/\"]}]},{\"@type\":\"ImageObject\",\"inLanguage\":\"fr-FR\",\"@id\":\"https:\\\/\\\/www.vetorino.com\\\/veterinaire\\\/saint-berthevin-53220\\\/boutique\\\/product\\\/preference-chien-mini-4\\\/#primaryimage\",\"url\":\"https:\\\/\\\/www.vetorino.com\\\/boutique\\\/wp-content\\\/uploads\\\/2023\\\/06\\\/chien-mini.webp\",\"contentUrl\":\"https:\\\/\\\/www.vetorino.com\\\/boutique\\\/wp-content\\\/uploads\\\/2023\\\/06\\\/chien-mini.webp\",\"width\":540,\"height\":540},{\"@type\":\"BreadcrumbList\",\"@id\":\"https:\\\/\\\/www.vetorino.com\\\/veterinaire\\\/saint-berthevin-53220\\\/boutique\\\/product\\\/preference-chien-mini-4\\\/#breadcrumb\",\"itemListElement\":[{\"@type\":\"ListItem\",\"position\":1,\"name\":\"Accueil\",\"item\":\"https:\\\/\\\/www.vetorino.com\\\/boutique\\\/\"},{\"@type\":\"ListItem\",\"position\":2,\"name\":\"Produits\",\"item\":\"https:\\\/\\\/www.vetorino.com\\\/boutique\\\/\"},{\"@type\":\"ListItem\",\"position\":3,\"name\":\"Chien mini\"}]},{\"@type\":\"WebSite\",\"@id\":\"https:\\\/\\\/www.vetorino.com\\\/boutique\\\/#website\",\"url\":\"https:\\\/\\\/www.vetorino.com\\\/boutique\\\/\",\"name\":\"V\u00e9torino\",\"description\":\"\",\"publisher\":{\"@id\":\"https:\\\/\\\/www.vetorino.com\\\/boutique\\\/#organization\"},\"potentialAction\":[{\"@type\":\"SearchAction\",\"target\":{\"@type\":\"EntryPoint\",\"urlTemplate\":\"https:\\\/\\\/www.vetorino.com\\\/boutique\\\/?s={search_term_string}\"},\"query-input\":{\"@type\":\"PropertyValueSpecification\",\"valueRequired\":true,\"valueName\":\"search_term_string\"}}],\"inLanguage\":\"fr-FR\"},{\"@type\":\"Organization\",\"@id\":\"https:\\\/\\\/www.vetorino.com\\\/boutique\\\/#organization\",\"name\":\"V\u00e9torino\",\"url\":\"https:\\\/\\\/www.vetorino.com\\\/boutique\\\/\",\"logo\":{\"@type\":\"ImageObject\",\"inLanguage\":\"fr-FR\",\"@id\":\"https:\\\/\\\/www.vetorino.com\\\/boutique\\\/#\\\/schema\\\/logo\\\/image\\\/\",\"url\":\"https:\\\/\\\/www.vetorino.com\\\/boutique\\\/wp-content\\\/uploads\\\/2024\\\/10\\\/logo.jpg\",\"contentUrl\":\"https:\\\/\\\/www.vetorino.com\\\/boutique\\\/wp-content\\\/uploads\\\/2024\\\/10\\\/logo.jpg\",\"width\":1200,\"height\":610,\"caption\":\"V\u00e9torino\"},\"image\":{\"@id\":\"https:\\\/\\\/www.vetorino.com\\\/boutique\\\/#\\\/schema\\\/logo\\\/image\\\/\"},\"sameAs\":[\"https:\\\/\\\/www.facebook.com\\\/Vetorino\\\/\",\"https:\\\/\\\/www.instagram.com\\\/vetorino_off\\\/\",\"https:\\\/\\\/www.linkedin.com\\\/company\\\/vtorino\\\/\"]}]}<\/script>\n<meta property=\"product:brand\" content=\"Pr\u00e9f\u00e9rence\" \/>\n<meta property=\"product:price:amount\" content=\"19.76\" \/>\n<meta property=\"product:price:currency\" content=\"EUR\" \/>\n<meta property=\"og:availability\" content=\"instock\" \/>\n<meta property=\"product:availability\" content=\"instock\" \/>\n<meta property=\"product:retailer_item_id\" content=\"A-1871510\" \/>\n<meta property=\"product:condition\" content=\"new\" \/>\n<!-- \/ Yoast SEO plugin. -->","yoast_head_json":{"title":"Chien mini Pr\u00e9f\u00e9rence - V\u00e9torino","description":"Aliment complet pour tous les petits chiens jusqu\u2019\u00e0 10 kg. Convient aux chiens st\u00e9rilis\u00e9s.","robots":{"index":"noindex","follow":"nofollow"},"og_locale":"fr_FR","og_type":"article","og_title":"Chien mini Pr\u00e9f\u00e9rence - V\u00e9torino","og_description":"Aliment complet pour tous les petits chiens jusqu\u2019\u00e0 10 kg. Convient aux chiens st\u00e9rilis\u00e9s.","og_url":"https:\/\/www.vetorino.com\/veterinaire\/plouzevede-29440\/boutique\/product\/preference-chien-mini-4\/","og_site_name":"V\u00e9torino","article_publisher":"https:\/\/www.facebook.com\/Vetorino\/","article_modified_time":"2023-12-15T13:53:47+00:00","og_image":[{"width":540,"height":540,"url":"https:\/\/www.vetorino.com\/boutique\/wp-content\/uploads\/2023\/06\/chien-mini.webp","type":"image\/webp"}],"twitter_card":"summary_large_image","twitter_misc":{"Prix":"19,76&euro;","Disponibilit\u00e9":"En stock"},"schema":{"@context":"https:\/\/schema.org","@graph":[{"@type":"WebPage","@id":"https:\/\/www.vetorino.com\/veterinaire\/saint-berthevin-53220\/boutique\/product\/preference-chien-mini-4\/","url":"https:\/\/www.vetorino.com\/veterinaire\/saint-berthevin-53220\/boutique\/product\/preference-chien-mini-4\/","name":"Chien mini Pr\u00e9f\u00e9rence - V\u00e9torino","isPartOf":{"@id":"https:\/\/www.vetorino.com\/boutique\/#website"},"primaryImageOfPage":{"@id":"https:\/\/www.vetorino.com\/veterinaire\/saint-berthevin-53220\/boutique\/product\/preference-chien-mini-4\/#primaryimage"},"image":{"@id":"https:\/\/www.vetorino.com\/veterinaire\/saint-berthevin-53220\/boutique\/product\/preference-chien-mini-4\/#primaryimage"},"thumbnailUrl":"https:\/\/www.vetorino.com\/boutique\/wp-content\/uploads\/2023\/06\/chien-mini.webp","datePublished":"2023-06-12T10:16:36+00:00","dateModified":"2023-12-15T13:53:47+00:00","description":"Aliment complet pour tous les petits chiens jusqu\u2019\u00e0 10 kg. Convient aux chiens st\u00e9rilis\u00e9s.","breadcrumb":{"@id":"https:\/\/www.vetorino.com\/veterinaire\/saint-berthevin-53220\/boutique\/product\/preference-chien-mini-4\/#breadcrumb"},"inLanguage":"fr-FR","potentialAction":[{"@type":"ReadAction","target":["https:\/\/www.vetorino.com\/veterinaire\/saint-berthevin-53220\/boutique\/product\/preference-chien-mini-4\/"]}]},{"@type":"ImageObject","inLanguage":"fr-FR","@id":"https:\/\/www.vetorino.com\/veterinaire\/saint-berthevin-53220\/boutique\/product\/preference-chien-mini-4\/#primaryimage","url":"https:\/\/www.vetorino.com\/boutique\/wp-content\/uploads\/2023\/06\/chien-mini.webp","contentUrl":"https:\/\/www.vetorino.com\/boutique\/wp-content\/uploads\/2023\/06\/chien-mini.webp","width":540,"height":540},{"@type":"BreadcrumbList","@id":"https:\/\/www.vetorino.com\/veterinaire\/saint-berthevin-53220\/boutique\/product\/preference-chien-mini-4\/#breadcrumb","itemListElement":[{"@type":"ListItem","position":1,"name":"Accueil","item":"https:\/\/www.vetorino.com\/boutique\/"},{"@type":"ListItem","position":2,"name":"Produits","item":"https:\/\/www.vetorino.com\/boutique\/"},{"@type":"ListItem","position":3,"name":"Chien mini"}]},{"@type":"WebSite","@id":"https:\/\/www.vetorino.com\/boutique\/#website","url":"https:\/\/www.vetorino.com\/boutique\/","name":"V\u00e9torino","description":"","publisher":{"@id":"https:\/\/www.vetorino.com\/boutique\/#organization"},"potentialAction":[{"@type":"SearchAction","target":{"@type":"EntryPoint","urlTemplate":"https:\/\/www.vetorino.com\/boutique\/?s={search_term_string}"},"query-input":{"@type":"PropertyValueSpecification","valueRequired":true,"valueName":"search_term_string"}}],"inLanguage":"fr-FR"},{"@type":"Organization","@id":"https:\/\/www.vetorino.com\/boutique\/#organization","name":"V\u00e9torino","url":"https:\/\/www.vetorino.com\/boutique\/","logo":{"@type":"ImageObject","inLanguage":"fr-FR","@id":"https:\/\/www.vetorino.com\/boutique\/#\/schema\/logo\/image\/","url":"https:\/\/www.vetorino.com\/boutique\/wp-content\/uploads\/2024\/10\/logo.jpg","contentUrl":"https:\/\/www.vetorino.com\/boutique\/wp-content\/uploads\/2024\/10\/logo.jpg","width":1200,"height":610,"caption":"V\u00e9torino"},"image":{"@id":"https:\/\/www.vetorino.com\/boutique\/#\/schema\/logo\/image\/"},"sameAs":["https:\/\/www.facebook.com\/Vetorino\/","https:\/\/www.instagram.com\/vetorino_off\/","https:\/\/www.linkedin.com\/company\/vtorino\/"]}]},"product_brand":"Pr\u00e9f\u00e9rence","product_price_amount":"19.76","product_price_currency":"EUR","og_availability":"instock","product_availability":"instock","product_retailer_item_id":"A-1871510","product_condition":"new"},"_links":{"self":[{"href":"https:\/\/www.vetorino.com\/veterinaire\/plouzevede-29440\/boutique\/wp-json\/wp\/v2\/product\/633631","targetHints":{"allow":["GET"]}}],"collection":[{"href":"https:\/\/www.vetorino.com\/veterinaire\/plouzevede-29440\/boutique\/wp-json\/wp\/v2\/product"}],"about":[{"href":"https:\/\/www.vetorino.com\/veterinaire\/plouzevede-29440\/boutique\/wp-json\/wp\/v2\/types\/product"}],"wp:featuredmedia":[{"embeddable":true,"href":"https:\/\/www.vetorino.com\/veterinaire\/plouzevede-29440\/boutique\/wp-json\/wp\/v2\/media\/776175"}],"wp:attachment":[{"href":"https:\/\/www.vetorino.com\/veterinaire\/plouzevede-29440\/boutique\/wp-json\/wp\/v2\/media?parent=633631"}],"wp:term":[{"taxonomy":"product_cat","embeddable":true,"href":"https:\/\/www.vetorino.com\/veterinaire\/plouzevede-29440\/boutique\/wp-json\/wp\/v2\/product_cat?post=633631"},{"taxonomy":"product_tag","embeddable":true,"href":"https:\/\/www.vetorino.com\/veterinaire\/plouzevede-29440\/boutique\/wp-json\/wp\/v2\/product_tag?post=633631"}],"curies":[{"name":"wp","href":"https:\/\/api.w.org\/{rel}","templated":true}]}}