{"id":684660,"date":"2023-08-30T05:35:12","date_gmt":"2023-08-30T03:35:12","guid":{"rendered":"https:\/\/www.vetorino.com\/boutique\/product\/vet-hpm-cat-kj1-early-kidney-joint\/"},"modified":"2024-06-05T16:50:08","modified_gmt":"2024-06-05T14:50:08","slug":"vet-hpm-cat-kj1-early-kidney-joint","status":"publish","type":"product","link":"https:\/\/www.vetorino.com\/veterinaire\/plouzevede-29440\/boutique\/product\/vet-hpm-cat-kj1-early-kidney-joint\/","title":{"rendered":"Cat KJ1 Early Kidney Joint"},"content":{"rendered":"<p><span style=\"font-weight: 400;\">VETERINARY HPM<\/span><span style=\"font-weight: 400;\">\u00ae<\/span><span style=\"font-weight: 400;\"> est une g\u00e9n\u00e9ration de nutrition pour chat cr\u00e9\u00e9e pour \u00eatre au plus proche des besoins nutritionnels des carnivores.\u00a0<\/span><\/p>\n<ul>\n<li style=\"font-weight: 400;\" aria-level=\"1\"><span style=\"font-weight: 400;\">Riche en prot\u00e9ines, dont environ 90% de prot\u00e9ines animales (1er ingr\u00e9dient) et pauvre en glucides*<\/span><\/li>\n<li style=\"font-weight: 400;\" aria-level=\"1\"><span style=\"font-weight: 400;\">Haute app\u00e9tence<\/span><\/li>\n<li style=\"font-weight: 400;\" aria-level=\"1\"><span style=\"font-weight: 400;\">Fabrication fran\u00e7aise sans gluten, sans colorant, ni ar\u00f4me artificiel ajout\u00e9s<\/span><\/li>\n<li style=\"font-weight: 400;\" aria-level=\"1\"><span style=\"font-weight: 400;\">Ingr\u00e9dients sant\u00e9 de haute qualit\u00e9 s\u00e9lectionn\u00e9s par nos v\u00e9t\u00e9rinaires nutritionnistes<\/span><\/li>\n<li style=\"font-weight: 400;\" aria-level=\"1\"><span style=\"font-weight: 400;\">Mati\u00e8res premi\u00e8res v\u00e9g\u00e9tales issues de cultures non-OGM<\/span><\/li>\n<li style=\"font-weight: 400;\" aria-level=\"1\"><span style=\"font-weight: 400;\">Bas\u00e9e sur des \u00e9tudes scientifiques, avec 36 communications \u00e0 l&#8217;appui<\/span><\/li>\n<\/ul>\n<p><span style=\"font-weight: 400;\">Nos aliments di\u00e9t\u00e9tiques permettent d\u2019aller plus loin que la prise en charge nutritionnelle d\u2019un probl\u00e8me de sant\u00e9 sp\u00e9cifique : NUTRITION 360\u00b0 permet de prendre en charge les d\u00e9sordres associ\u00e9s (qui peuvent toucher d\u2019autres organes ou fonctions) et de soutenir les autres fonctions.<\/span><\/p>\n<p><i><span style=\"font-weight: 400;\">* \u00e0 l&#8217;exception des aliments Kidney support, Hypoallergy, Sensitive digest et Sensitive digest neutered<\/span><\/i><\/p>\n<p><b>B\u00e9n\u00e9fices sant\u00e9 :<\/b><\/p>\n<ul>\n<li style=\"font-weight: 400;\" aria-level=\"1\"><span style=\"font-weight: 400;\">Soutien de la fonction r\u00e9nale en cas de maladie r\u00e9nale chronique au stade avanc\u00e9 (tr\u00e8s faible taux de phosphore, teneur limit\u00e9e en prot\u00e9ines adapt\u00e9e au stade avanc\u00e9 de la maladie r\u00e9nale)<\/span><\/li>\n<li style=\"font-weight: 400;\" aria-level=\"1\"><span style=\"font-weight: 400;\">Soutien des articulations et de la mobilit\u00e9, aide \u00e0 la gestion de l&#8217;ost\u00e9oarthrose (prot\u00e9ines de haute qualit\u00e9 principalement d&#8217;origine animale)<\/span><\/li>\n<li style=\"font-weight: 400;\" aria-level=\"1\"><span style=\"font-weight: 400;\">Haute teneur en om\u00e9ga 3 dont DHA<\/span><\/li>\n<li style=\"font-weight: 400;\" aria-level=\"1\"><span style=\"font-weight: 400;\">Compensation de la baisse d&#8217;app\u00e9tit (haute app\u00e9tence, aliment riche en \u00e9nergie et nutriments pour \u00e9viter la d\u00e9nutrition)<\/span><\/li>\n<\/ul>\n<p><span style=\"font-weight: 400;\">L&#8217;aliment peut \u00eatre donn\u00e9 en association avec la mousse Kidney &amp; Joint concentr\u00e9e en \u00e9nergie pour un programme nutritionnel optimal combinant aliments secs et humides.<\/span><\/p>\n","protected":false},"excerpt":{"rendered":"<p><strong>Croquettes formul\u00e9es pour le soutien du m\u00e9tabolisme des articulations en cas d&#8217;arthrose et de la fonction r\u00e9nale.<\/strong><\/p>\n<p><strong>Utilisation :<\/strong><\/p>\n<ul>\n<li>Chat sujet \u00e0 l&#8217;arthrose<\/li>\n<li>Soutien de la fonction r\u00e9nale<\/li>\n<\/ul>\n","protected":false},"featured_media":684774,"template":"","meta":[],"product_cat":[12551,12581,2697,12641],"product_tag":[],"class_list":{"0":"post-684660","1":"product","2":"type-product","3":"status-publish","4":"has-post-thumbnail","6":"product_cat-alimentation-du-chat","7":"product_cat-alimentation-medicalisee-pour-chat","8":"product_cat-chat","9":"product_cat-systeme-renal-du-chat","10":"pa_marque-virbac","12":"first","13":"instock","14":"taxable","15":"shipping-taxable","16":"purchasable","17":"product-type-variable"},"yoast_head":"<!-- This site is optimized with the Yoast SEO plugin v27.3 - https:\/\/yoast.com\/product\/yoast-seo-wordpress\/ -->\n<title>Veterinary HPM (Virbac) Cat KJ1 Early Kidney Joint Virbac - V\u00e9torino<\/title>\n<meta name=\"description\" content=\"Croquettes formul\u00e9es pour le soutien du m\u00e9tabolisme des articulations en cas d&#039;arthrose et de la fonction r\u00e9nale.  Utilisation :   Chat sujet \u00e0 l&#039;arthrose  Soutien de la fonction r\u00e9nale\" \/>\n<meta name=\"robots\" content=\"noindex, nofollow\" \/>\n<meta property=\"og:locale\" content=\"fr_FR\" \/>\n<meta property=\"og:type\" content=\"article\" \/>\n<meta property=\"og:title\" content=\"Veterinary HPM (Virbac) Cat KJ1 Early Kidney Joint Virbac - V\u00e9torino\" \/>\n<meta property=\"og:description\" content=\"Croquettes formul\u00e9es pour le soutien du m\u00e9tabolisme des articulations en cas d&#039;arthrose et de la fonction r\u00e9nale.  Utilisation :   Chat sujet \u00e0 l&#039;arthrose  Soutien de la fonction r\u00e9nale\" \/>\n<meta property=\"og:url\" content=\"https:\/\/www.vetorino.com\/veterinaire\/plouzevede-29440\/boutique\/product\/vet-hpm-cat-kj1-early-kidney-joint\/\" \/>\n<meta property=\"og:site_name\" content=\"V\u00e9torino\" \/>\n<meta property=\"article:publisher\" content=\"https:\/\/www.facebook.com\/Vetorino\/\" \/>\n<meta property=\"article:modified_time\" content=\"2024-06-05T14:50:08+00:00\" \/>\n<meta property=\"og:image\" content=\"https:\/\/www.vetorino.com\/boutique\/wp-content\/uploads\/2023\/08\/360188_Bag_HPM-Early-Kidney-Cat_3KG_face.png\" \/>\n\t<meta property=\"og:image:width\" content=\"2000\" \/>\n\t<meta property=\"og:image:height\" content=\"2000\" \/>\n\t<meta property=\"og:image:type\" content=\"image\/png\" \/>\n<meta name=\"twitter:card\" content=\"summary_large_image\" \/>\n<meta name=\"twitter:label1\" content=\"Disponibilit\u00e9\" \/>\n\t<meta name=\"twitter:data1\" content=\"En stock\" \/>\n<script type=\"application\/ld+json\" class=\"yoast-schema-graph\">{\"@context\":\"https:\\\/\\\/schema.org\",\"@graph\":[{\"@type\":\"WebPage\",\"@id\":\"https:\\\/\\\/www.vetorino.com\\\/veterinaire\\\/pontarlier-25300\\\/boutique\\\/product\\\/vet-hpm-cat-kj1-early-kidney-joint\\\/\",\"url\":\"https:\\\/\\\/www.vetorino.com\\\/veterinaire\\\/pontarlier-25300\\\/boutique\\\/product\\\/vet-hpm-cat-kj1-early-kidney-joint\\\/\",\"name\":\"Veterinary HPM (Virbac) Cat KJ1 Early Kidney Joint Virbac - V\u00e9torino\",\"isPartOf\":{\"@id\":\"https:\\\/\\\/www.vetorino.com\\\/boutique\\\/#website\"},\"primaryImageOfPage\":{\"@id\":\"https:\\\/\\\/www.vetorino.com\\\/veterinaire\\\/pontarlier-25300\\\/boutique\\\/product\\\/vet-hpm-cat-kj1-early-kidney-joint\\\/#primaryimage\"},\"image\":{\"@id\":\"https:\\\/\\\/www.vetorino.com\\\/veterinaire\\\/pontarlier-25300\\\/boutique\\\/product\\\/vet-hpm-cat-kj1-early-kidney-joint\\\/#primaryimage\"},\"thumbnailUrl\":\"https:\\\/\\\/www.vetorino.com\\\/boutique\\\/wp-content\\\/uploads\\\/2023\\\/08\\\/360188_Bag_HPM-Early-Kidney-Cat_3KG_face.png\",\"datePublished\":\"2023-08-30T03:35:12+00:00\",\"dateModified\":\"2024-06-05T14:50:08+00:00\",\"description\":\"Croquettes formul\u00e9es pour le soutien du m\u00e9tabolisme des articulations en cas d'arthrose et de la fonction r\u00e9nale. Utilisation : Chat sujet \u00e0 l'arthrose Soutien de la fonction r\u00e9nale\",\"breadcrumb\":{\"@id\":\"https:\\\/\\\/www.vetorino.com\\\/veterinaire\\\/pontarlier-25300\\\/boutique\\\/product\\\/vet-hpm-cat-kj1-early-kidney-joint\\\/#breadcrumb\"},\"inLanguage\":\"fr-FR\",\"potentialAction\":[{\"@type\":\"ReadAction\",\"target\":[\"https:\\\/\\\/www.vetorino.com\\\/veterinaire\\\/pontarlier-25300\\\/boutique\\\/product\\\/vet-hpm-cat-kj1-early-kidney-joint\\\/\"]}]},{\"@type\":\"ImageObject\",\"inLanguage\":\"fr-FR\",\"@id\":\"https:\\\/\\\/www.vetorino.com\\\/veterinaire\\\/pontarlier-25300\\\/boutique\\\/product\\\/vet-hpm-cat-kj1-early-kidney-joint\\\/#primaryimage\",\"url\":\"https:\\\/\\\/www.vetorino.com\\\/boutique\\\/wp-content\\\/uploads\\\/2023\\\/08\\\/360188_Bag_HPM-Early-Kidney-Cat_3KG_face.png\",\"contentUrl\":\"https:\\\/\\\/www.vetorino.com\\\/boutique\\\/wp-content\\\/uploads\\\/2023\\\/08\\\/360188_Bag_HPM-Early-Kidney-Cat_3KG_face.png\",\"width\":2000,\"height\":2000},{\"@type\":\"BreadcrumbList\",\"@id\":\"https:\\\/\\\/www.vetorino.com\\\/veterinaire\\\/pontarlier-25300\\\/boutique\\\/product\\\/vet-hpm-cat-kj1-early-kidney-joint\\\/#breadcrumb\",\"itemListElement\":[{\"@type\":\"ListItem\",\"position\":1,\"name\":\"Accueil\",\"item\":\"https:\\\/\\\/www.vetorino.com\\\/boutique\\\/\"},{\"@type\":\"ListItem\",\"position\":2,\"name\":\"Produits\",\"item\":\"https:\\\/\\\/www.vetorino.com\\\/boutique\\\/\"},{\"@type\":\"ListItem\",\"position\":3,\"name\":\"Cat KJ1 Early Kidney Joint\"}]},{\"@type\":\"WebSite\",\"@id\":\"https:\\\/\\\/www.vetorino.com\\\/boutique\\\/#website\",\"url\":\"https:\\\/\\\/www.vetorino.com\\\/boutique\\\/\",\"name\":\"V\u00e9torino\",\"description\":\"\",\"publisher\":{\"@id\":\"https:\\\/\\\/www.vetorino.com\\\/boutique\\\/#organization\"},\"potentialAction\":[{\"@type\":\"SearchAction\",\"target\":{\"@type\":\"EntryPoint\",\"urlTemplate\":\"https:\\\/\\\/www.vetorino.com\\\/boutique\\\/?s={search_term_string}\"},\"query-input\":{\"@type\":\"PropertyValueSpecification\",\"valueRequired\":true,\"valueName\":\"search_term_string\"}}],\"inLanguage\":\"fr-FR\"},{\"@type\":\"Organization\",\"@id\":\"https:\\\/\\\/www.vetorino.com\\\/boutique\\\/#organization\",\"name\":\"V\u00e9torino\",\"url\":\"https:\\\/\\\/www.vetorino.com\\\/boutique\\\/\",\"logo\":{\"@type\":\"ImageObject\",\"inLanguage\":\"fr-FR\",\"@id\":\"https:\\\/\\\/www.vetorino.com\\\/boutique\\\/#\\\/schema\\\/logo\\\/image\\\/\",\"url\":\"https:\\\/\\\/www.vetorino.com\\\/boutique\\\/wp-content\\\/uploads\\\/2024\\\/10\\\/logo.jpg\",\"contentUrl\":\"https:\\\/\\\/www.vetorino.com\\\/boutique\\\/wp-content\\\/uploads\\\/2024\\\/10\\\/logo.jpg\",\"width\":1200,\"height\":610,\"caption\":\"V\u00e9torino\"},\"image\":{\"@id\":\"https:\\\/\\\/www.vetorino.com\\\/boutique\\\/#\\\/schema\\\/logo\\\/image\\\/\"},\"sameAs\":[\"https:\\\/\\\/www.facebook.com\\\/Vetorino\\\/\",\"https:\\\/\\\/www.instagram.com\\\/vetorino_off\\\/\",\"https:\\\/\\\/www.linkedin.com\\\/company\\\/vtorino\\\/\"]}]}<\/script>\n<meta property=\"product:brand\" content=\"Virbac\" \/>\n<meta property=\"og:availability\" content=\"instock\" \/>\n<meta property=\"product:availability\" content=\"instock\" \/>\n<meta property=\"product:condition\" content=\"new\" \/>\n<!-- \/ Yoast SEO plugin. -->","yoast_head_json":{"title":"Veterinary HPM (Virbac) Cat KJ1 Early Kidney Joint Virbac - V\u00e9torino","description":"Croquettes formul\u00e9es pour le soutien du m\u00e9tabolisme des articulations en cas d'arthrose et de la fonction r\u00e9nale.  Utilisation :   Chat sujet \u00e0 l'arthrose  Soutien de la fonction r\u00e9nale","robots":{"index":"noindex","follow":"nofollow"},"og_locale":"fr_FR","og_type":"article","og_title":"Veterinary HPM (Virbac) Cat KJ1 Early Kidney Joint Virbac - V\u00e9torino","og_description":"Croquettes formul\u00e9es pour le soutien du m\u00e9tabolisme des articulations en cas d'arthrose et de la fonction r\u00e9nale.  Utilisation :   Chat sujet \u00e0 l'arthrose  Soutien de la fonction r\u00e9nale","og_url":"https:\/\/www.vetorino.com\/veterinaire\/plouzevede-29440\/boutique\/product\/vet-hpm-cat-kj1-early-kidney-joint\/","og_site_name":"V\u00e9torino","article_publisher":"https:\/\/www.facebook.com\/Vetorino\/","article_modified_time":"2024-06-05T14:50:08+00:00","og_image":[{"width":2000,"height":2000,"url":"https:\/\/www.vetorino.com\/boutique\/wp-content\/uploads\/2023\/08\/360188_Bag_HPM-Early-Kidney-Cat_3KG_face.png","type":"image\/png"}],"twitter_card":"summary_large_image","twitter_misc":{"Disponibilit\u00e9":"En stock"},"schema":{"@context":"https:\/\/schema.org","@graph":[{"@type":"WebPage","@id":"https:\/\/www.vetorino.com\/veterinaire\/pontarlier-25300\/boutique\/product\/vet-hpm-cat-kj1-early-kidney-joint\/","url":"https:\/\/www.vetorino.com\/veterinaire\/pontarlier-25300\/boutique\/product\/vet-hpm-cat-kj1-early-kidney-joint\/","name":"Veterinary HPM (Virbac) Cat KJ1 Early Kidney Joint Virbac - V\u00e9torino","isPartOf":{"@id":"https:\/\/www.vetorino.com\/boutique\/#website"},"primaryImageOfPage":{"@id":"https:\/\/www.vetorino.com\/veterinaire\/pontarlier-25300\/boutique\/product\/vet-hpm-cat-kj1-early-kidney-joint\/#primaryimage"},"image":{"@id":"https:\/\/www.vetorino.com\/veterinaire\/pontarlier-25300\/boutique\/product\/vet-hpm-cat-kj1-early-kidney-joint\/#primaryimage"},"thumbnailUrl":"https:\/\/www.vetorino.com\/boutique\/wp-content\/uploads\/2023\/08\/360188_Bag_HPM-Early-Kidney-Cat_3KG_face.png","datePublished":"2023-08-30T03:35:12+00:00","dateModified":"2024-06-05T14:50:08+00:00","description":"Croquettes formul\u00e9es pour le soutien du m\u00e9tabolisme des articulations en cas d'arthrose et de la fonction r\u00e9nale. Utilisation : Chat sujet \u00e0 l'arthrose Soutien de la fonction r\u00e9nale","breadcrumb":{"@id":"https:\/\/www.vetorino.com\/veterinaire\/pontarlier-25300\/boutique\/product\/vet-hpm-cat-kj1-early-kidney-joint\/#breadcrumb"},"inLanguage":"fr-FR","potentialAction":[{"@type":"ReadAction","target":["https:\/\/www.vetorino.com\/veterinaire\/pontarlier-25300\/boutique\/product\/vet-hpm-cat-kj1-early-kidney-joint\/"]}]},{"@type":"ImageObject","inLanguage":"fr-FR","@id":"https:\/\/www.vetorino.com\/veterinaire\/pontarlier-25300\/boutique\/product\/vet-hpm-cat-kj1-early-kidney-joint\/#primaryimage","url":"https:\/\/www.vetorino.com\/boutique\/wp-content\/uploads\/2023\/08\/360188_Bag_HPM-Early-Kidney-Cat_3KG_face.png","contentUrl":"https:\/\/www.vetorino.com\/boutique\/wp-content\/uploads\/2023\/08\/360188_Bag_HPM-Early-Kidney-Cat_3KG_face.png","width":2000,"height":2000},{"@type":"BreadcrumbList","@id":"https:\/\/www.vetorino.com\/veterinaire\/pontarlier-25300\/boutique\/product\/vet-hpm-cat-kj1-early-kidney-joint\/#breadcrumb","itemListElement":[{"@type":"ListItem","position":1,"name":"Accueil","item":"https:\/\/www.vetorino.com\/boutique\/"},{"@type":"ListItem","position":2,"name":"Produits","item":"https:\/\/www.vetorino.com\/boutique\/"},{"@type":"ListItem","position":3,"name":"Cat KJ1 Early Kidney Joint"}]},{"@type":"WebSite","@id":"https:\/\/www.vetorino.com\/boutique\/#website","url":"https:\/\/www.vetorino.com\/boutique\/","name":"V\u00e9torino","description":"","publisher":{"@id":"https:\/\/www.vetorino.com\/boutique\/#organization"},"potentialAction":[{"@type":"SearchAction","target":{"@type":"EntryPoint","urlTemplate":"https:\/\/www.vetorino.com\/boutique\/?s={search_term_string}"},"query-input":{"@type":"PropertyValueSpecification","valueRequired":true,"valueName":"search_term_string"}}],"inLanguage":"fr-FR"},{"@type":"Organization","@id":"https:\/\/www.vetorino.com\/boutique\/#organization","name":"V\u00e9torino","url":"https:\/\/www.vetorino.com\/boutique\/","logo":{"@type":"ImageObject","inLanguage":"fr-FR","@id":"https:\/\/www.vetorino.com\/boutique\/#\/schema\/logo\/image\/","url":"https:\/\/www.vetorino.com\/boutique\/wp-content\/uploads\/2024\/10\/logo.jpg","contentUrl":"https:\/\/www.vetorino.com\/boutique\/wp-content\/uploads\/2024\/10\/logo.jpg","width":1200,"height":610,"caption":"V\u00e9torino"},"image":{"@id":"https:\/\/www.vetorino.com\/boutique\/#\/schema\/logo\/image\/"},"sameAs":["https:\/\/www.facebook.com\/Vetorino\/","https:\/\/www.instagram.com\/vetorino_off\/","https:\/\/www.linkedin.com\/company\/vtorino\/"]}]},"product_brand":"Virbac","og_availability":"instock","product_availability":"instock","product_condition":"new"},"_links":{"self":[{"href":"https:\/\/www.vetorino.com\/veterinaire\/plouzevede-29440\/boutique\/wp-json\/wp\/v2\/product\/684660","targetHints":{"allow":["GET"]}}],"collection":[{"href":"https:\/\/www.vetorino.com\/veterinaire\/plouzevede-29440\/boutique\/wp-json\/wp\/v2\/product"}],"about":[{"href":"https:\/\/www.vetorino.com\/veterinaire\/plouzevede-29440\/boutique\/wp-json\/wp\/v2\/types\/product"}],"wp:featuredmedia":[{"embeddable":true,"href":"https:\/\/www.vetorino.com\/veterinaire\/plouzevede-29440\/boutique\/wp-json\/wp\/v2\/media\/684774"}],"wp:attachment":[{"href":"https:\/\/www.vetorino.com\/veterinaire\/plouzevede-29440\/boutique\/wp-json\/wp\/v2\/media?parent=684660"}],"wp:term":[{"taxonomy":"product_cat","embeddable":true,"href":"https:\/\/www.vetorino.com\/veterinaire\/plouzevede-29440\/boutique\/wp-json\/wp\/v2\/product_cat?post=684660"},{"taxonomy":"product_tag","embeddable":true,"href":"https:\/\/www.vetorino.com\/veterinaire\/plouzevede-29440\/boutique\/wp-json\/wp\/v2\/product_tag?post=684660"}],"curies":[{"name":"wp","href":"https:\/\/api.w.org\/{rel}","templated":true}]}}