{"id":809173,"date":"2024-01-18T15:03:52","date_gmt":"2024-01-18T14:03:52","guid":{"rendered":"https:\/\/www.vetorino.com\/boutique\/product\/allerderm-foam-cleanser\/"},"modified":"2025-06-30T14:57:31","modified_gmt":"2025-06-30T12:57:31","slug":"allerderm-foam-cleanser","status":"publish","type":"product","link":"https:\/\/www.vetorino.com\/veterinaire\/plouzevede-29440\/boutique\/product\/allerderm-foam-cleanser\/","title":{"rendered":"Allerderm Mousse Nettoyante"},"content":{"rendered":"<p><strong>Mousse nettoyante qui \u00e9limine rapidement la salet\u00e9, sans rin\u00e7age.<\/strong><\/p>\n<p><strong>Utilisation :<\/strong><\/p>\n<ul>\n<li>Nettoyage sans eau pour chiens et chats.<\/li>\n<\/ul>\n<p><strong>Avantages :<\/strong><\/p>\n<ul>\n<li>Id\u00e9al pour les animaux qui n\u2019aiment pas \u00eatre lav\u00e9s et leur \u00e9viter le stress de l\u2019heure du bain et les \u00e9claboussures.<\/li>\n<li>En d\u00e9placement : pas d\u2019acc\u00e8s \u00e0 l\u2019eau courante ? Pas de probl\u00e8me !<\/li>\n<li>Pratique entre les bains pour un rafra\u00eechissement rapide.<\/li>\n<li>Permet un nettoyage rapide et cibl\u00e9.<\/li>\n<li>L\u2019eau micellaire est connue pour ses vertus nettoyantes et hydratantes. Elle permet notamment de pr\u00e9server la barri\u00e8re cutan\u00e9e tout en neutralisant les odeurs, sans irriter la peau de l\u2019animal.<\/li>\n<\/ul>\n<p><strong>Mode d&#8217;emploi :<\/strong><\/p>\n<ul>\n<li>Appuyez sur la pompe pour mettre de la mousse dans votre main ou sur un mouchoir en papier.<\/li>\n<li>Appliquez la mousse sur la zone \u00e0 nettoyer.<\/li>\n<li>Massez d\u00e9licatement la zone pour la nettoyer correctement.<\/li>\n<li>Essuyez l\u2019exc\u00e9dent \u00e0 l\u2019aide d\u2019un mouchoir ou d\u2019une serviette.<\/li>\n<li>R\u00e9p\u00e9tez, si n\u00e9cessaire.<\/li>\n<li>Pour un r\u00e9sultat visuel optimal, laissez s\u00e9cher le pelage, puis brossez.<\/li>\n<\/ul>\n","protected":false},"excerpt":{"rendered":"<p><strong>Mousse nettoyante qui \u00e9limine rapidement la salet\u00e9, sans rin\u00e7age.<\/strong><\/p>\n<p><strong>Utilisation :<\/strong><\/p>\n<ul>\n<li>Nettoyage sans eau pour chiens et chats.<\/li>\n<\/ul>\n","protected":false},"featured_media":860866,"template":"","meta":[],"product_cat":[2697,2698,12611,12612,12560,12561],"product_tag":[],"class_list":{"0":"post-809173","1":"product","2":"type-product","3":"status-publish","4":"has-post-thumbnail","6":"product_cat-chat","7":"product_cat-chien","8":"product_cat-hygiene-de-la-peau-et-du-pelage-du-chat","9":"product_cat-hygiene-de-la-peau-et-du-pelage-du-chien","10":"product_cat-hygiene-du-chat","11":"product_cat-hygiene-du-chien","12":"pa_marque-virbac","14":"first","15":"instock","16":"taxable","17":"shipping-taxable","18":"purchasable","19":"product-type-simple"},"yoast_head":"<!-- This site is optimized with the Yoast SEO plugin v27.3 - https:\/\/yoast.com\/product\/yoast-seo-wordpress\/ -->\n<title>Allerderm Mousse Nettoyante Virbac - V\u00e9torino<\/title>\n<meta name=\"description\" content=\"Mousse nettoyante qui \u00e9limine rapidement la salet\u00e9, sans rin\u00e7age.  Utilisation :   Nettoyage sans eau pour chiens et chats.\" \/>\n<meta name=\"robots\" content=\"noindex, nofollow\" \/>\n<meta property=\"og:locale\" content=\"fr_FR\" \/>\n<meta property=\"og:type\" content=\"article\" \/>\n<meta property=\"og:title\" content=\"Allerderm Mousse Nettoyante Virbac - V\u00e9torino\" \/>\n<meta property=\"og:description\" content=\"Mousse nettoyante qui \u00e9limine rapidement la salet\u00e9, sans rin\u00e7age.  Utilisation :   Nettoyage sans eau pour chiens et chats.\" \/>\n<meta property=\"og:url\" content=\"https:\/\/www.vetorino.com\/veterinaire\/plouzevede-29440\/boutique\/product\/allerderm-foam-cleanser\/\" \/>\n<meta property=\"og:site_name\" content=\"V\u00e9torino\" \/>\n<meta property=\"article:publisher\" content=\"https:\/\/www.facebook.com\/Vetorino\/\" \/>\n<meta property=\"article:modified_time\" content=\"2025-06-30T12:57:31+00:00\" \/>\n<meta property=\"og:image\" content=\"https:\/\/www.vetorino.com\/boutique\/wp-content\/uploads\/2024\/01\/309223_Bottle_Allerderm-foam_200ml_left.png\" \/>\n\t<meta property=\"og:image:width\" content=\"2000\" \/>\n\t<meta property=\"og:image:height\" content=\"2000\" \/>\n\t<meta property=\"og:image:type\" content=\"image\/png\" \/>\n<meta name=\"twitter:card\" content=\"summary_large_image\" \/>\n<meta name=\"twitter:label1\" content=\"Prix\" \/>\n\t<meta name=\"twitter:data1\" content=\"14,55&euro;\" \/>\n\t<meta name=\"twitter:label2\" content=\"Disponibilit\u00e9\" \/>\n\t<meta name=\"twitter:data2\" content=\"En stock\" \/>\n<script type=\"application\/ld+json\" class=\"yoast-schema-graph\">{\"@context\":\"https:\\\/\\\/schema.org\",\"@graph\":[{\"@type\":\"WebPage\",\"@id\":\"https:\\\/\\\/www.vetorino.com\\\/veterinaire\\\/pontarlier-25300\\\/boutique\\\/product\\\/allerderm-foam-cleanser\\\/\",\"url\":\"https:\\\/\\\/www.vetorino.com\\\/veterinaire\\\/pontarlier-25300\\\/boutique\\\/product\\\/allerderm-foam-cleanser\\\/\",\"name\":\"Allerderm Mousse Nettoyante Virbac - V\u00e9torino\",\"isPartOf\":{\"@id\":\"https:\\\/\\\/www.vetorino.com\\\/boutique\\\/#website\"},\"primaryImageOfPage\":{\"@id\":\"https:\\\/\\\/www.vetorino.com\\\/veterinaire\\\/pontarlier-25300\\\/boutique\\\/product\\\/allerderm-foam-cleanser\\\/#primaryimage\"},\"image\":{\"@id\":\"https:\\\/\\\/www.vetorino.com\\\/veterinaire\\\/pontarlier-25300\\\/boutique\\\/product\\\/allerderm-foam-cleanser\\\/#primaryimage\"},\"thumbnailUrl\":\"https:\\\/\\\/www.vetorino.com\\\/boutique\\\/wp-content\\\/uploads\\\/2024\\\/01\\\/309223_Bottle_Allerderm-foam_200ml_left.png\",\"datePublished\":\"2024-01-18T14:03:52+00:00\",\"dateModified\":\"2025-06-30T12:57:31+00:00\",\"description\":\"Mousse nettoyante qui \u00e9limine rapidement la salet\u00e9, sans rin\u00e7age. Utilisation : Nettoyage sans eau pour chiens et chats.\",\"breadcrumb\":{\"@id\":\"https:\\\/\\\/www.vetorino.com\\\/veterinaire\\\/pontarlier-25300\\\/boutique\\\/product\\\/allerderm-foam-cleanser\\\/#breadcrumb\"},\"inLanguage\":\"fr-FR\",\"potentialAction\":[{\"@type\":\"ReadAction\",\"target\":[\"https:\\\/\\\/www.vetorino.com\\\/veterinaire\\\/pontarlier-25300\\\/boutique\\\/product\\\/allerderm-foam-cleanser\\\/\"]}]},{\"@type\":\"ImageObject\",\"inLanguage\":\"fr-FR\",\"@id\":\"https:\\\/\\\/www.vetorino.com\\\/veterinaire\\\/pontarlier-25300\\\/boutique\\\/product\\\/allerderm-foam-cleanser\\\/#primaryimage\",\"url\":\"https:\\\/\\\/www.vetorino.com\\\/boutique\\\/wp-content\\\/uploads\\\/2024\\\/01\\\/309223_Bottle_Allerderm-foam_200ml_left.png\",\"contentUrl\":\"https:\\\/\\\/www.vetorino.com\\\/boutique\\\/wp-content\\\/uploads\\\/2024\\\/01\\\/309223_Bottle_Allerderm-foam_200ml_left.png\",\"width\":2000,\"height\":2000,\"caption\":\"mousse nettoyante\"},{\"@type\":\"BreadcrumbList\",\"@id\":\"https:\\\/\\\/www.vetorino.com\\\/veterinaire\\\/pontarlier-25300\\\/boutique\\\/product\\\/allerderm-foam-cleanser\\\/#breadcrumb\",\"itemListElement\":[{\"@type\":\"ListItem\",\"position\":1,\"name\":\"Accueil\",\"item\":\"https:\\\/\\\/www.vetorino.com\\\/boutique\\\/\"},{\"@type\":\"ListItem\",\"position\":2,\"name\":\"Produits\",\"item\":\"https:\\\/\\\/www.vetorino.com\\\/boutique\\\/\"},{\"@type\":\"ListItem\",\"position\":3,\"name\":\"Allerderm Mousse Nettoyante\"}]},{\"@type\":\"WebSite\",\"@id\":\"https:\\\/\\\/www.vetorino.com\\\/boutique\\\/#website\",\"url\":\"https:\\\/\\\/www.vetorino.com\\\/boutique\\\/\",\"name\":\"V\u00e9torino\",\"description\":\"\",\"publisher\":{\"@id\":\"https:\\\/\\\/www.vetorino.com\\\/boutique\\\/#organization\"},\"potentialAction\":[{\"@type\":\"SearchAction\",\"target\":{\"@type\":\"EntryPoint\",\"urlTemplate\":\"https:\\\/\\\/www.vetorino.com\\\/boutique\\\/?s={search_term_string}\"},\"query-input\":{\"@type\":\"PropertyValueSpecification\",\"valueRequired\":true,\"valueName\":\"search_term_string\"}}],\"inLanguage\":\"fr-FR\"},{\"@type\":\"Organization\",\"@id\":\"https:\\\/\\\/www.vetorino.com\\\/boutique\\\/#organization\",\"name\":\"V\u00e9torino\",\"url\":\"https:\\\/\\\/www.vetorino.com\\\/boutique\\\/\",\"logo\":{\"@type\":\"ImageObject\",\"inLanguage\":\"fr-FR\",\"@id\":\"https:\\\/\\\/www.vetorino.com\\\/boutique\\\/#\\\/schema\\\/logo\\\/image\\\/\",\"url\":\"https:\\\/\\\/www.vetorino.com\\\/boutique\\\/wp-content\\\/uploads\\\/2024\\\/10\\\/logo.jpg\",\"contentUrl\":\"https:\\\/\\\/www.vetorino.com\\\/boutique\\\/wp-content\\\/uploads\\\/2024\\\/10\\\/logo.jpg\",\"width\":1200,\"height\":610,\"caption\":\"V\u00e9torino\"},\"image\":{\"@id\":\"https:\\\/\\\/www.vetorino.com\\\/boutique\\\/#\\\/schema\\\/logo\\\/image\\\/\"},\"sameAs\":[\"https:\\\/\\\/www.facebook.com\\\/Vetorino\\\/\",\"https:\\\/\\\/www.instagram.com\\\/vetorino_off\\\/\",\"https:\\\/\\\/www.linkedin.com\\\/company\\\/vtorino\\\/\"]}]}<\/script>\n<meta property=\"product:brand\" content=\"Virbac\" \/>\n<meta property=\"product:price:amount\" content=\"14.55\" \/>\n<meta property=\"product:price:currency\" content=\"EUR\" \/>\n<meta property=\"og:availability\" content=\"instock\" \/>\n<meta property=\"product:availability\" content=\"instock\" \/>\n<meta property=\"product:retailer_item_id\" content=\"A-1881150\" \/>\n<meta property=\"product:condition\" content=\"new\" \/>\n<!-- \/ Yoast SEO plugin. -->","yoast_head_json":{"title":"Allerderm Mousse Nettoyante Virbac - V\u00e9torino","description":"Mousse nettoyante qui \u00e9limine rapidement la salet\u00e9, sans rin\u00e7age.  Utilisation :   Nettoyage sans eau pour chiens et chats.","robots":{"index":"noindex","follow":"nofollow"},"og_locale":"fr_FR","og_type":"article","og_title":"Allerderm Mousse Nettoyante Virbac - V\u00e9torino","og_description":"Mousse nettoyante qui \u00e9limine rapidement la salet\u00e9, sans rin\u00e7age.  Utilisation :   Nettoyage sans eau pour chiens et chats.","og_url":"https:\/\/www.vetorino.com\/veterinaire\/plouzevede-29440\/boutique\/product\/allerderm-foam-cleanser\/","og_site_name":"V\u00e9torino","article_publisher":"https:\/\/www.facebook.com\/Vetorino\/","article_modified_time":"2025-06-30T12:57:31+00:00","og_image":[{"width":2000,"height":2000,"url":"https:\/\/www.vetorino.com\/boutique\/wp-content\/uploads\/2024\/01\/309223_Bottle_Allerderm-foam_200ml_left.png","type":"image\/png"}],"twitter_card":"summary_large_image","twitter_misc":{"Prix":"14,55&euro;","Disponibilit\u00e9":"En stock"},"schema":{"@context":"https:\/\/schema.org","@graph":[{"@type":"WebPage","@id":"https:\/\/www.vetorino.com\/veterinaire\/pontarlier-25300\/boutique\/product\/allerderm-foam-cleanser\/","url":"https:\/\/www.vetorino.com\/veterinaire\/pontarlier-25300\/boutique\/product\/allerderm-foam-cleanser\/","name":"Allerderm Mousse Nettoyante Virbac - V\u00e9torino","isPartOf":{"@id":"https:\/\/www.vetorino.com\/boutique\/#website"},"primaryImageOfPage":{"@id":"https:\/\/www.vetorino.com\/veterinaire\/pontarlier-25300\/boutique\/product\/allerderm-foam-cleanser\/#primaryimage"},"image":{"@id":"https:\/\/www.vetorino.com\/veterinaire\/pontarlier-25300\/boutique\/product\/allerderm-foam-cleanser\/#primaryimage"},"thumbnailUrl":"https:\/\/www.vetorino.com\/boutique\/wp-content\/uploads\/2024\/01\/309223_Bottle_Allerderm-foam_200ml_left.png","datePublished":"2024-01-18T14:03:52+00:00","dateModified":"2025-06-30T12:57:31+00:00","description":"Mousse nettoyante qui \u00e9limine rapidement la salet\u00e9, sans rin\u00e7age. Utilisation : Nettoyage sans eau pour chiens et chats.","breadcrumb":{"@id":"https:\/\/www.vetorino.com\/veterinaire\/pontarlier-25300\/boutique\/product\/allerderm-foam-cleanser\/#breadcrumb"},"inLanguage":"fr-FR","potentialAction":[{"@type":"ReadAction","target":["https:\/\/www.vetorino.com\/veterinaire\/pontarlier-25300\/boutique\/product\/allerderm-foam-cleanser\/"]}]},{"@type":"ImageObject","inLanguage":"fr-FR","@id":"https:\/\/www.vetorino.com\/veterinaire\/pontarlier-25300\/boutique\/product\/allerderm-foam-cleanser\/#primaryimage","url":"https:\/\/www.vetorino.com\/boutique\/wp-content\/uploads\/2024\/01\/309223_Bottle_Allerderm-foam_200ml_left.png","contentUrl":"https:\/\/www.vetorino.com\/boutique\/wp-content\/uploads\/2024\/01\/309223_Bottle_Allerderm-foam_200ml_left.png","width":2000,"height":2000,"caption":"mousse nettoyante"},{"@type":"BreadcrumbList","@id":"https:\/\/www.vetorino.com\/veterinaire\/pontarlier-25300\/boutique\/product\/allerderm-foam-cleanser\/#breadcrumb","itemListElement":[{"@type":"ListItem","position":1,"name":"Accueil","item":"https:\/\/www.vetorino.com\/boutique\/"},{"@type":"ListItem","position":2,"name":"Produits","item":"https:\/\/www.vetorino.com\/boutique\/"},{"@type":"ListItem","position":3,"name":"Allerderm Mousse Nettoyante"}]},{"@type":"WebSite","@id":"https:\/\/www.vetorino.com\/boutique\/#website","url":"https:\/\/www.vetorino.com\/boutique\/","name":"V\u00e9torino","description":"","publisher":{"@id":"https:\/\/www.vetorino.com\/boutique\/#organization"},"potentialAction":[{"@type":"SearchAction","target":{"@type":"EntryPoint","urlTemplate":"https:\/\/www.vetorino.com\/boutique\/?s={search_term_string}"},"query-input":{"@type":"PropertyValueSpecification","valueRequired":true,"valueName":"search_term_string"}}],"inLanguage":"fr-FR"},{"@type":"Organization","@id":"https:\/\/www.vetorino.com\/boutique\/#organization","name":"V\u00e9torino","url":"https:\/\/www.vetorino.com\/boutique\/","logo":{"@type":"ImageObject","inLanguage":"fr-FR","@id":"https:\/\/www.vetorino.com\/boutique\/#\/schema\/logo\/image\/","url":"https:\/\/www.vetorino.com\/boutique\/wp-content\/uploads\/2024\/10\/logo.jpg","contentUrl":"https:\/\/www.vetorino.com\/boutique\/wp-content\/uploads\/2024\/10\/logo.jpg","width":1200,"height":610,"caption":"V\u00e9torino"},"image":{"@id":"https:\/\/www.vetorino.com\/boutique\/#\/schema\/logo\/image\/"},"sameAs":["https:\/\/www.facebook.com\/Vetorino\/","https:\/\/www.instagram.com\/vetorino_off\/","https:\/\/www.linkedin.com\/company\/vtorino\/"]}]},"product_brand":"Virbac","product_price_amount":"14.55","product_price_currency":"EUR","og_availability":"instock","product_availability":"instock","product_retailer_item_id":"A-1881150","product_condition":"new"},"_links":{"self":[{"href":"https:\/\/www.vetorino.com\/veterinaire\/plouzevede-29440\/boutique\/wp-json\/wp\/v2\/product\/809173","targetHints":{"allow":["GET"]}}],"collection":[{"href":"https:\/\/www.vetorino.com\/veterinaire\/plouzevede-29440\/boutique\/wp-json\/wp\/v2\/product"}],"about":[{"href":"https:\/\/www.vetorino.com\/veterinaire\/plouzevede-29440\/boutique\/wp-json\/wp\/v2\/types\/product"}],"wp:featuredmedia":[{"embeddable":true,"href":"https:\/\/www.vetorino.com\/veterinaire\/plouzevede-29440\/boutique\/wp-json\/wp\/v2\/media\/860866"}],"wp:attachment":[{"href":"https:\/\/www.vetorino.com\/veterinaire\/plouzevede-29440\/boutique\/wp-json\/wp\/v2\/media?parent=809173"}],"wp:term":[{"taxonomy":"product_cat","embeddable":true,"href":"https:\/\/www.vetorino.com\/veterinaire\/plouzevede-29440\/boutique\/wp-json\/wp\/v2\/product_cat?post=809173"},{"taxonomy":"product_tag","embeddable":true,"href":"https:\/\/www.vetorino.com\/veterinaire\/plouzevede-29440\/boutique\/wp-json\/wp\/v2\/product_tag?post=809173"}],"curies":[{"name":"wp","href":"https:\/\/api.w.org\/{rel}","templated":true}]}}