{"id":809980,"date":"2024-01-19T10:04:35","date_gmt":"2024-01-19T09:04:35","guid":{"rendered":"https:\/\/www.vetorino.com\/boutique\/product\/allermyl-shampooing-nf\/"},"modified":"2024-03-08T12:21:47","modified_gmt":"2024-03-08T11:21:47","slug":"allermyl-shampooing-nf","status":"publish","type":"product","link":"https:\/\/www.vetorino.com\/veterinaire\/plouzevede-29440\/boutique\/product\/allermyl-shampooing-nf\/","title":{"rendered":"Shampoing Allermyl"},"content":{"rendered":"<p><b>ALLERMYL\u00ae est un shampooing DERMATOLOGIQUE doux, sans savon, hypoallerg\u00e9nique, con\u00e7u pour un usage fr\u00e9quent afin d\u2019am\u00e9liorer l&#8217;\u00e9tat de la peau et du pelage des chiens et des chats de tout \u00e2ges, \u00e0 la peau sensible et irrit\u00e9e.<\/b><\/p>\n<p>Il apaise, hydrate et pr\u00e9serve l&#8217;int\u00e9grit\u00e9 de la barri\u00e8re cutan\u00e9e et l&#8217;\u00e9quilibre microbien naturel.<\/p>\n<p><strong>Utilisation :<\/strong><\/p>\n<p>Chiens et chats\u00a0\u00e0 la peau s\u00e8che, irrit\u00e9e et\/ou sensible<\/p>\n<p><strong>Avantages :<\/strong><\/p>\n<ul>\n<li>Le complexe lipidique cutan\u00e9 est compos\u00e9 de c\u00e9ramides, d&#8217;acides gras essentiels et de cholest\u00e9rol pour aider \u00e0 pr\u00e9server la structure et l&#8217;hydratation de la peau.<\/li>\n<li>ALLERMYL\u00ae contient la technologie S-I-S et un complexe lipidique cutan\u00e9. La technologie S-I-S est une combinaison de deux technologies qui, ensemble, permettent de maintenir une flore cutan\u00e9e saine et d\u2019am\u00e9liorer la vitalit\u00e9 de la peau :<br \/>\nLa Glycotechnologie est une association de saccharides, connus pour r\u00e9duire l&#8217;adh\u00e9sion de certains micro-organismes ind\u00e9sirables \u00e0 la peau.<br \/>\nLa technologie D\u00e9fensines associe deux extraits naturels de plantes (extraits de boldo et de reine-des-pr\u00e9s) qui stimulent la barri\u00e8re de d\u00e9fense naturelle.<\/li>\n<\/ul>\n<p><strong>Mode d&#8217;emploi :<\/strong><\/p>\n<p>Mouiller le pelage, appliquer le shampooing, masser et rincer. R\u00e9p\u00e9ter l\u2019application, laisser agir 5 \u00e0 10 minutes, puis rincer de nouveau.<br \/>\nUtiliser 2 \u00e0 3 fois par semaine pendant 3 semaines, ou selon les conseils de votre v\u00e9t\u00e9rinaire.<br \/>\nR\u00e9p\u00e9ter l\u2019op\u00e9ration en laissant agir le shampooing 3 \u00e0 10 minutes, puis rincer \u00e0 l\u2019eau claire.<\/p>\n<p>Utiliser 2 \u00e0 3 fois par semaine pendant 3 semaines, ou selon la recommandation de votre v\u00e9t\u00e9rinaire.<\/p>\n<p><strong>Ce produit est destin\u00e9 \u00e0 l&#8217;usage v\u00e9t\u00e9rinaire. Avant tout achat, nous vous conseillons de demander conseil \u00e0 votre v\u00e9t\u00e9rinaire.<\/strong><\/p>\n","protected":false},"excerpt":{"rendered":"<p><b>ALLERMYL\u00ae est un shampooing DERMATOLOGIQUE doux, sans savon, hypoallerg\u00e9nique, con\u00e7u pour un usage fr\u00e9quent afin d\u2019am\u00e9liorer l&#8217;\u00e9tat de la peau et du pelage des chiens et des chats de tout \u00e2ges, \u00e0 la peau sensible et irrit\u00e9e.<\/b><\/p>\n<p><strong>Utilisation :<\/strong><\/p>\n<p>Chiens et chats\u00a0\u00e0 la peau s\u00e8che, irrit\u00e9e et\/ou sensible<\/p>\n","protected":false},"featured_media":860889,"template":"","meta":[],"product_cat":[2697,2698,12611,12612,12560,12561],"product_tag":[],"class_list":{"0":"post-809980","1":"product","2":"type-product","3":"status-publish","4":"has-post-thumbnail","6":"product_cat-chat","7":"product_cat-chien","8":"product_cat-hygiene-de-la-peau-et-du-pelage-du-chat","9":"product_cat-hygiene-de-la-peau-et-du-pelage-du-chien","10":"product_cat-hygiene-du-chat","11":"product_cat-hygiene-du-chien","12":"pa_marque-virbac","14":"first","15":"instock","16":"taxable","17":"shipping-taxable","18":"purchasable","19":"product-type-variable"},"yoast_head":"<!-- This site is optimized with the Yoast SEO plugin v27.3 - https:\/\/yoast.com\/product\/yoast-seo-wordpress\/ -->\n<title>Shampoing Allermyl Virbac - V\u00e9torino<\/title>\n<meta name=\"description\" content=\"ALLERMYL\u00ae est un shampooing DERMATOLOGIQUE doux, sans savon, hypoallerg\u00e9nique, con\u00e7u pour un usage fr\u00e9quent afin d\u2019am\u00e9liorer l&#039;\u00e9tat de la peau et du pelage des chiens et des chats de tout \u00e2ges, \u00e0 la peau sensible et irrit\u00e9e.  Utilisation :  Chiens et chats\u00a0\u00e0 la peau s\u00e8che, irrit\u00e9e et\/ou sensible\" \/>\n<meta name=\"robots\" content=\"noindex, nofollow\" \/>\n<meta property=\"og:locale\" content=\"fr_FR\" \/>\n<meta property=\"og:type\" content=\"article\" \/>\n<meta property=\"og:title\" content=\"Shampoing Allermyl Virbac - V\u00e9torino\" \/>\n<meta property=\"og:description\" content=\"ALLERMYL\u00ae est un shampooing DERMATOLOGIQUE doux, sans savon, hypoallerg\u00e9nique, con\u00e7u pour un usage fr\u00e9quent afin d\u2019am\u00e9liorer l&#039;\u00e9tat de la peau et du pelage des chiens et des chats de tout \u00e2ges, \u00e0 la peau sensible et irrit\u00e9e.  Utilisation :  Chiens et chats\u00a0\u00e0 la peau s\u00e8che, irrit\u00e9e et\/ou sensible\" \/>\n<meta property=\"og:url\" content=\"https:\/\/www.vetorino.com\/veterinaire\/plouzevede-29440\/boutique\/product\/allermyl-shampooing-nf\/\" \/>\n<meta property=\"og:site_name\" content=\"V\u00e9torino\" \/>\n<meta property=\"article:publisher\" content=\"https:\/\/www.facebook.com\/Vetorino\/\" \/>\n<meta property=\"article:modified_time\" content=\"2024-03-08T11:21:47+00:00\" \/>\n<meta property=\"og:image\" content=\"https:\/\/www.vetorino.com\/boutique\/wp-content\/uploads\/2024\/01\/allermyl-600x600-1.png\" \/>\n\t<meta property=\"og:image:width\" content=\"600\" \/>\n\t<meta property=\"og:image:height\" content=\"600\" \/>\n\t<meta property=\"og:image:type\" content=\"image\/png\" \/>\n<meta name=\"twitter:card\" content=\"summary_large_image\" \/>\n<meta name=\"twitter:label1\" content=\"Disponibilit\u00e9\" \/>\n\t<meta name=\"twitter:data1\" content=\"En stock\" \/>\n<script type=\"application\/ld+json\" class=\"yoast-schema-graph\">{\"@context\":\"https:\\\/\\\/schema.org\",\"@graph\":[{\"@type\":\"WebPage\",\"@id\":\"https:\\\/\\\/www.vetorino.com\\\/veterinaire\\\/pontarlier-25300\\\/boutique\\\/product\\\/allermyl-shampooing-nf\\\/\",\"url\":\"https:\\\/\\\/www.vetorino.com\\\/veterinaire\\\/pontarlier-25300\\\/boutique\\\/product\\\/allermyl-shampooing-nf\\\/\",\"name\":\"Shampoing Allermyl Virbac - V\u00e9torino\",\"isPartOf\":{\"@id\":\"https:\\\/\\\/www.vetorino.com\\\/boutique\\\/#website\"},\"primaryImageOfPage\":{\"@id\":\"https:\\\/\\\/www.vetorino.com\\\/veterinaire\\\/pontarlier-25300\\\/boutique\\\/product\\\/allermyl-shampooing-nf\\\/#primaryimage\"},\"image\":{\"@id\":\"https:\\\/\\\/www.vetorino.com\\\/veterinaire\\\/pontarlier-25300\\\/boutique\\\/product\\\/allermyl-shampooing-nf\\\/#primaryimage\"},\"thumbnailUrl\":\"https:\\\/\\\/www.vetorino.com\\\/boutique\\\/wp-content\\\/uploads\\\/2024\\\/01\\\/allermyl-600x600-1.png\",\"datePublished\":\"2024-01-19T09:04:35+00:00\",\"dateModified\":\"2024-03-08T11:21:47+00:00\",\"description\":\"ALLERMYL\u00ae est un shampooing DERMATOLOGIQUE doux, sans savon, hypoallerg\u00e9nique, con\u00e7u pour un usage fr\u00e9quent afin d\u2019am\u00e9liorer l'\u00e9tat de la peau et du pelage des chiens et des chats de tout \u00e2ges, \u00e0 la peau sensible et irrit\u00e9e. Utilisation : Chiens et chats\u00a0\u00e0 la peau s\u00e8che, irrit\u00e9e et\\\/ou sensible\",\"breadcrumb\":{\"@id\":\"https:\\\/\\\/www.vetorino.com\\\/veterinaire\\\/pontarlier-25300\\\/boutique\\\/product\\\/allermyl-shampooing-nf\\\/#breadcrumb\"},\"inLanguage\":\"fr-FR\",\"potentialAction\":[{\"@type\":\"ReadAction\",\"target\":[\"https:\\\/\\\/www.vetorino.com\\\/veterinaire\\\/pontarlier-25300\\\/boutique\\\/product\\\/allermyl-shampooing-nf\\\/\"]}]},{\"@type\":\"ImageObject\",\"inLanguage\":\"fr-FR\",\"@id\":\"https:\\\/\\\/www.vetorino.com\\\/veterinaire\\\/pontarlier-25300\\\/boutique\\\/product\\\/allermyl-shampooing-nf\\\/#primaryimage\",\"url\":\"https:\\\/\\\/www.vetorino.com\\\/boutique\\\/wp-content\\\/uploads\\\/2024\\\/01\\\/allermyl-600x600-1.png\",\"contentUrl\":\"https:\\\/\\\/www.vetorino.com\\\/boutique\\\/wp-content\\\/uploads\\\/2024\\\/01\\\/allermyl-600x600-1.png\",\"width\":600,\"height\":600},{\"@type\":\"BreadcrumbList\",\"@id\":\"https:\\\/\\\/www.vetorino.com\\\/veterinaire\\\/pontarlier-25300\\\/boutique\\\/product\\\/allermyl-shampooing-nf\\\/#breadcrumb\",\"itemListElement\":[{\"@type\":\"ListItem\",\"position\":1,\"name\":\"Accueil\",\"item\":\"https:\\\/\\\/www.vetorino.com\\\/boutique\\\/\"},{\"@type\":\"ListItem\",\"position\":2,\"name\":\"Produits\",\"item\":\"https:\\\/\\\/www.vetorino.com\\\/boutique\\\/\"},{\"@type\":\"ListItem\",\"position\":3,\"name\":\"Shampoing Allermyl\"}]},{\"@type\":\"WebSite\",\"@id\":\"https:\\\/\\\/www.vetorino.com\\\/boutique\\\/#website\",\"url\":\"https:\\\/\\\/www.vetorino.com\\\/boutique\\\/\",\"name\":\"V\u00e9torino\",\"description\":\"\",\"publisher\":{\"@id\":\"https:\\\/\\\/www.vetorino.com\\\/boutique\\\/#organization\"},\"potentialAction\":[{\"@type\":\"SearchAction\",\"target\":{\"@type\":\"EntryPoint\",\"urlTemplate\":\"https:\\\/\\\/www.vetorino.com\\\/boutique\\\/?s={search_term_string}\"},\"query-input\":{\"@type\":\"PropertyValueSpecification\",\"valueRequired\":true,\"valueName\":\"search_term_string\"}}],\"inLanguage\":\"fr-FR\"},{\"@type\":\"Organization\",\"@id\":\"https:\\\/\\\/www.vetorino.com\\\/boutique\\\/#organization\",\"name\":\"V\u00e9torino\",\"url\":\"https:\\\/\\\/www.vetorino.com\\\/boutique\\\/\",\"logo\":{\"@type\":\"ImageObject\",\"inLanguage\":\"fr-FR\",\"@id\":\"https:\\\/\\\/www.vetorino.com\\\/boutique\\\/#\\\/schema\\\/logo\\\/image\\\/\",\"url\":\"https:\\\/\\\/www.vetorino.com\\\/boutique\\\/wp-content\\\/uploads\\\/2024\\\/10\\\/logo.jpg\",\"contentUrl\":\"https:\\\/\\\/www.vetorino.com\\\/boutique\\\/wp-content\\\/uploads\\\/2024\\\/10\\\/logo.jpg\",\"width\":1200,\"height\":610,\"caption\":\"V\u00e9torino\"},\"image\":{\"@id\":\"https:\\\/\\\/www.vetorino.com\\\/boutique\\\/#\\\/schema\\\/logo\\\/image\\\/\"},\"sameAs\":[\"https:\\\/\\\/www.facebook.com\\\/Vetorino\\\/\",\"https:\\\/\\\/www.instagram.com\\\/vetorino_off\\\/\",\"https:\\\/\\\/www.linkedin.com\\\/company\\\/vtorino\\\/\"]}]}<\/script>\n<meta property=\"product:brand\" content=\"Virbac\" \/>\n<meta property=\"og:availability\" content=\"instock\" \/>\n<meta property=\"product:availability\" content=\"instock\" \/>\n<meta property=\"product:condition\" content=\"new\" \/>\n<!-- \/ Yoast SEO plugin. -->","yoast_head_json":{"title":"Shampoing Allermyl Virbac - V\u00e9torino","description":"ALLERMYL\u00ae est un shampooing DERMATOLOGIQUE doux, sans savon, hypoallerg\u00e9nique, con\u00e7u pour un usage fr\u00e9quent afin d\u2019am\u00e9liorer l'\u00e9tat de la peau et du pelage des chiens et des chats de tout \u00e2ges, \u00e0 la peau sensible et irrit\u00e9e.  Utilisation :  Chiens et chats\u00a0\u00e0 la peau s\u00e8che, irrit\u00e9e et\/ou sensible","robots":{"index":"noindex","follow":"nofollow"},"og_locale":"fr_FR","og_type":"article","og_title":"Shampoing Allermyl Virbac - V\u00e9torino","og_description":"ALLERMYL\u00ae est un shampooing DERMATOLOGIQUE doux, sans savon, hypoallerg\u00e9nique, con\u00e7u pour un usage fr\u00e9quent afin d\u2019am\u00e9liorer l'\u00e9tat de la peau et du pelage des chiens et des chats de tout \u00e2ges, \u00e0 la peau sensible et irrit\u00e9e.  Utilisation :  Chiens et chats\u00a0\u00e0 la peau s\u00e8che, irrit\u00e9e et\/ou sensible","og_url":"https:\/\/www.vetorino.com\/veterinaire\/plouzevede-29440\/boutique\/product\/allermyl-shampooing-nf\/","og_site_name":"V\u00e9torino","article_publisher":"https:\/\/www.facebook.com\/Vetorino\/","article_modified_time":"2024-03-08T11:21:47+00:00","og_image":[{"width":600,"height":600,"url":"https:\/\/www.vetorino.com\/boutique\/wp-content\/uploads\/2024\/01\/allermyl-600x600-1.png","type":"image\/png"}],"twitter_card":"summary_large_image","twitter_misc":{"Disponibilit\u00e9":"En stock"},"schema":{"@context":"https:\/\/schema.org","@graph":[{"@type":"WebPage","@id":"https:\/\/www.vetorino.com\/veterinaire\/pontarlier-25300\/boutique\/product\/allermyl-shampooing-nf\/","url":"https:\/\/www.vetorino.com\/veterinaire\/pontarlier-25300\/boutique\/product\/allermyl-shampooing-nf\/","name":"Shampoing Allermyl Virbac - V\u00e9torino","isPartOf":{"@id":"https:\/\/www.vetorino.com\/boutique\/#website"},"primaryImageOfPage":{"@id":"https:\/\/www.vetorino.com\/veterinaire\/pontarlier-25300\/boutique\/product\/allermyl-shampooing-nf\/#primaryimage"},"image":{"@id":"https:\/\/www.vetorino.com\/veterinaire\/pontarlier-25300\/boutique\/product\/allermyl-shampooing-nf\/#primaryimage"},"thumbnailUrl":"https:\/\/www.vetorino.com\/boutique\/wp-content\/uploads\/2024\/01\/allermyl-600x600-1.png","datePublished":"2024-01-19T09:04:35+00:00","dateModified":"2024-03-08T11:21:47+00:00","description":"ALLERMYL\u00ae est un shampooing DERMATOLOGIQUE doux, sans savon, hypoallerg\u00e9nique, con\u00e7u pour un usage fr\u00e9quent afin d\u2019am\u00e9liorer l'\u00e9tat de la peau et du pelage des chiens et des chats de tout \u00e2ges, \u00e0 la peau sensible et irrit\u00e9e. Utilisation : Chiens et chats\u00a0\u00e0 la peau s\u00e8che, irrit\u00e9e et\/ou sensible","breadcrumb":{"@id":"https:\/\/www.vetorino.com\/veterinaire\/pontarlier-25300\/boutique\/product\/allermyl-shampooing-nf\/#breadcrumb"},"inLanguage":"fr-FR","potentialAction":[{"@type":"ReadAction","target":["https:\/\/www.vetorino.com\/veterinaire\/pontarlier-25300\/boutique\/product\/allermyl-shampooing-nf\/"]}]},{"@type":"ImageObject","inLanguage":"fr-FR","@id":"https:\/\/www.vetorino.com\/veterinaire\/pontarlier-25300\/boutique\/product\/allermyl-shampooing-nf\/#primaryimage","url":"https:\/\/www.vetorino.com\/boutique\/wp-content\/uploads\/2024\/01\/allermyl-600x600-1.png","contentUrl":"https:\/\/www.vetorino.com\/boutique\/wp-content\/uploads\/2024\/01\/allermyl-600x600-1.png","width":600,"height":600},{"@type":"BreadcrumbList","@id":"https:\/\/www.vetorino.com\/veterinaire\/pontarlier-25300\/boutique\/product\/allermyl-shampooing-nf\/#breadcrumb","itemListElement":[{"@type":"ListItem","position":1,"name":"Accueil","item":"https:\/\/www.vetorino.com\/boutique\/"},{"@type":"ListItem","position":2,"name":"Produits","item":"https:\/\/www.vetorino.com\/boutique\/"},{"@type":"ListItem","position":3,"name":"Shampoing Allermyl"}]},{"@type":"WebSite","@id":"https:\/\/www.vetorino.com\/boutique\/#website","url":"https:\/\/www.vetorino.com\/boutique\/","name":"V\u00e9torino","description":"","publisher":{"@id":"https:\/\/www.vetorino.com\/boutique\/#organization"},"potentialAction":[{"@type":"SearchAction","target":{"@type":"EntryPoint","urlTemplate":"https:\/\/www.vetorino.com\/boutique\/?s={search_term_string}"},"query-input":{"@type":"PropertyValueSpecification","valueRequired":true,"valueName":"search_term_string"}}],"inLanguage":"fr-FR"},{"@type":"Organization","@id":"https:\/\/www.vetorino.com\/boutique\/#organization","name":"V\u00e9torino","url":"https:\/\/www.vetorino.com\/boutique\/","logo":{"@type":"ImageObject","inLanguage":"fr-FR","@id":"https:\/\/www.vetorino.com\/boutique\/#\/schema\/logo\/image\/","url":"https:\/\/www.vetorino.com\/boutique\/wp-content\/uploads\/2024\/10\/logo.jpg","contentUrl":"https:\/\/www.vetorino.com\/boutique\/wp-content\/uploads\/2024\/10\/logo.jpg","width":1200,"height":610,"caption":"V\u00e9torino"},"image":{"@id":"https:\/\/www.vetorino.com\/boutique\/#\/schema\/logo\/image\/"},"sameAs":["https:\/\/www.facebook.com\/Vetorino\/","https:\/\/www.instagram.com\/vetorino_off\/","https:\/\/www.linkedin.com\/company\/vtorino\/"]}]},"product_brand":"Virbac","og_availability":"instock","product_availability":"instock","product_condition":"new"},"_links":{"self":[{"href":"https:\/\/www.vetorino.com\/veterinaire\/plouzevede-29440\/boutique\/wp-json\/wp\/v2\/product\/809980","targetHints":{"allow":["GET"]}}],"collection":[{"href":"https:\/\/www.vetorino.com\/veterinaire\/plouzevede-29440\/boutique\/wp-json\/wp\/v2\/product"}],"about":[{"href":"https:\/\/www.vetorino.com\/veterinaire\/plouzevede-29440\/boutique\/wp-json\/wp\/v2\/types\/product"}],"wp:featuredmedia":[{"embeddable":true,"href":"https:\/\/www.vetorino.com\/veterinaire\/plouzevede-29440\/boutique\/wp-json\/wp\/v2\/media\/860889"}],"wp:attachment":[{"href":"https:\/\/www.vetorino.com\/veterinaire\/plouzevede-29440\/boutique\/wp-json\/wp\/v2\/media?parent=809980"}],"wp:term":[{"taxonomy":"product_cat","embeddable":true,"href":"https:\/\/www.vetorino.com\/veterinaire\/plouzevede-29440\/boutique\/wp-json\/wp\/v2\/product_cat?post=809980"},{"taxonomy":"product_tag","embeddable":true,"href":"https:\/\/www.vetorino.com\/veterinaire\/plouzevede-29440\/boutique\/wp-json\/wp\/v2\/product_tag?post=809980"}],"curies":[{"name":"wp","href":"https:\/\/api.w.org\/{rel}","templated":true}]}}