{"id":810005,"date":"2024-01-19T10:09:02","date_gmt":"2024-01-19T09:09:02","guid":{"rendered":"https:\/\/www.vetorino.com\/boutique\/product\/sebolytic-nf\/"},"modified":"2024-03-08T12:25:13","modified_gmt":"2024-03-08T11:25:13","slug":"sebolytic-nf","status":"publish","type":"product","link":"https:\/\/www.vetorino.com\/veterinaire\/plouzevede-29440\/boutique\/product\/sebolytic-nf\/","title":{"rendered":"Shampoing Sebolytic"},"content":{"rendered":"<p><strong>Le shampooing SEBOLYTIC est un nettoyant unique qui \u00e9limine les squames, les cro\u00fbtes et les exc\u00e8s de s\u00e9bum pr\u00e9sents \u00e0 la surface de la peau chez les chiens et les chats.<\/strong><\/p>\n<p><strong>Utilisation :<\/strong><\/p>\n<p>Chiens et chats pr\u00e9sentant une peau grasse, squameuse et malodorante.<\/p>\n<p><strong>Avantages :<\/strong><\/p>\n<ul>\n<li>Ce shampooing aide \u00e0 la <strong>gestion des \u00e9tats k\u00e9ratos\u00e9borrh\u00e9iques du chien et du chat.<\/strong> Sa teneur en acide salicylique lui permet de <strong>d\u00e9coller squames et couches de k\u00e9ratine<\/strong> de sa peau. Les om\u00e9ga 6 et om\u00e9ga 3 pr\u00e9sents dans la formule participent \u00e0 la reconstruction de la peau tandis que la piroctone olamine a une action anti-microbienne et anti-fongique.<\/li>\n<li>La <strong>technologie SIS<\/strong> participe \u00e0 la <strong>stimulation des d\u00e9fenses microbiennes naturelles<\/strong> de la peau et la renforce.<\/li>\n<li>Aide \u00e0 la <strong>reconstruction de la peau<\/strong> de votre chien ou de votre chat en \u00e9liminant les squames et les d\u00e9bris cutan\u00e9s \u00e0 l\u2019origine des d\u00e9mangeaisons.<\/li>\n<li>La pr\u00e9sence d\u2019huile essentielle de Melaleuca <strong>r\u00e9gule l\u2019odeur corporelle<\/strong> de votre animal et participe \u00e0 la bonne sant\u00e9 de sa peau en <strong>diminuant les d\u00e9mangeaisons.<\/strong><\/li>\n<\/ul>\n<p><strong>Mode d&#8217;emploi :<\/strong><\/p>\n<p>Mouiller le pelage de votre animal \u00e0 l\u2019eau ti\u00e8de puis appliquer SEBOLYTIC TM Shampoing, en mesurant la quantit\u00e9 correspondante au poids de votre animal gr\u00e2ce au bouchon doseur (30 mL). Masser puis rincer.<\/p>\n<p>R\u00e9p\u00e9ter l\u2019op\u00e9ration en laissant agir le shampooing 3 \u00e0 10 minutes, puis rincer abondamment \u00e0 l\u2019eau ti\u00e8de.<\/p>\n<p>Utiliser 2 \u00e0 3 fois par semaine pendant 3 semaines ou selon les recommandations de votre v\u00e9t\u00e9rinaire.<\/p>\n","protected":false},"excerpt":{"rendered":"<p><strong>Le shampooing SEBOLYTIC est un nettoyant unique qui \u00e9limine les squames, les cro\u00fbtes et les exc\u00e8s de s\u00e9bum pr\u00e9sents \u00e0 la surface de la peau chez les chiens et les chats.<\/strong><\/p>\n<p><strong>Utilisation :<\/strong><\/p>\n<p>Chiens et chats pr\u00e9sentant un exc\u00e8s de s\u00e9bum<\/p>\n","protected":false},"featured_media":831877,"template":"","meta":[],"product_cat":[2697,2698,12611,12612,12560,12561],"product_tag":[],"class_list":{"0":"post-810005","1":"product","2":"type-product","3":"status-publish","4":"has-post-thumbnail","6":"product_cat-chat","7":"product_cat-chien","8":"product_cat-hygiene-de-la-peau-et-du-pelage-du-chat","9":"product_cat-hygiene-de-la-peau-et-du-pelage-du-chien","10":"product_cat-hygiene-du-chat","11":"product_cat-hygiene-du-chien","12":"pa_marque-virbac","14":"first","15":"instock","16":"taxable","17":"shipping-taxable","18":"purchasable","19":"product-type-variable"},"yoast_head":"<!-- This site is optimized with the Yoast SEO plugin v27.3 - https:\/\/yoast.com\/product\/yoast-seo-wordpress\/ -->\n<title>Shampoing Sebolytic Virbac - V\u00e9torino<\/title>\n<meta name=\"description\" content=\"Le shampooing SEBOLYTIC est un nettoyant unique qui \u00e9limine les squames, les cro\u00fbtes et les exc\u00e8s de s\u00e9bum pr\u00e9sents \u00e0 la surface de la peau chez les chiens et les chats.  Utilisation :  Chiens et chats pr\u00e9sentant un exc\u00e8s de s\u00e9bum\" \/>\n<meta name=\"robots\" content=\"noindex, nofollow\" \/>\n<meta property=\"og:locale\" content=\"fr_FR\" \/>\n<meta property=\"og:type\" content=\"article\" \/>\n<meta property=\"og:title\" content=\"Shampoing Sebolytic Virbac - V\u00e9torino\" \/>\n<meta property=\"og:description\" content=\"Le shampooing SEBOLYTIC est un nettoyant unique qui \u00e9limine les squames, les cro\u00fbtes et les exc\u00e8s de s\u00e9bum pr\u00e9sents \u00e0 la surface de la peau chez les chiens et les chats.  Utilisation :  Chiens et chats pr\u00e9sentant un exc\u00e8s de s\u00e9bum\" \/>\n<meta property=\"og:url\" content=\"https:\/\/www.vetorino.com\/veterinaire\/plouzevede-29440\/boutique\/product\/sebolytic-nf\/\" \/>\n<meta property=\"og:site_name\" content=\"V\u00e9torino\" \/>\n<meta property=\"article:publisher\" content=\"https:\/\/www.facebook.com\/Vetorino\/\" \/>\n<meta property=\"article:modified_time\" content=\"2024-03-08T11:25:13+00:00\" \/>\n<meta property=\"og:image\" content=\"https:\/\/www.vetorino.com\/boutique\/wp-content\/uploads\/2024\/01\/Sebolytic-Shampoing.png\" \/>\n\t<meta property=\"og:image:width\" content=\"800\" \/>\n\t<meta property=\"og:image:height\" content=\"800\" \/>\n\t<meta property=\"og:image:type\" content=\"image\/png\" \/>\n<meta name=\"twitter:card\" content=\"summary_large_image\" \/>\n<meta name=\"twitter:label1\" content=\"Disponibilit\u00e9\" \/>\n\t<meta name=\"twitter:data1\" content=\"En stock\" \/>\n<script type=\"application\/ld+json\" class=\"yoast-schema-graph\">{\"@context\":\"https:\\\/\\\/schema.org\",\"@graph\":[{\"@type\":\"WebPage\",\"@id\":\"https:\\\/\\\/www.vetorino.com\\\/veterinaire\\\/pontarlier-25300\\\/boutique\\\/product\\\/sebolytic-nf\\\/\",\"url\":\"https:\\\/\\\/www.vetorino.com\\\/veterinaire\\\/pontarlier-25300\\\/boutique\\\/product\\\/sebolytic-nf\\\/\",\"name\":\"Shampoing Sebolytic Virbac - V\u00e9torino\",\"isPartOf\":{\"@id\":\"https:\\\/\\\/www.vetorino.com\\\/boutique\\\/#website\"},\"primaryImageOfPage\":{\"@id\":\"https:\\\/\\\/www.vetorino.com\\\/veterinaire\\\/pontarlier-25300\\\/boutique\\\/product\\\/sebolytic-nf\\\/#primaryimage\"},\"image\":{\"@id\":\"https:\\\/\\\/www.vetorino.com\\\/veterinaire\\\/pontarlier-25300\\\/boutique\\\/product\\\/sebolytic-nf\\\/#primaryimage\"},\"thumbnailUrl\":\"https:\\\/\\\/www.vetorino.com\\\/boutique\\\/wp-content\\\/uploads\\\/2024\\\/01\\\/Sebolytic-Shampoing.png\",\"datePublished\":\"2024-01-19T09:09:02+00:00\",\"dateModified\":\"2024-03-08T11:25:13+00:00\",\"description\":\"Le shampooing SEBOLYTIC est un nettoyant unique qui \u00e9limine les squames, les cro\u00fbtes et les exc\u00e8s de s\u00e9bum pr\u00e9sents \u00e0 la surface de la peau chez les chiens et les chats. Utilisation : Chiens et chats pr\u00e9sentant un exc\u00e8s de s\u00e9bum\",\"breadcrumb\":{\"@id\":\"https:\\\/\\\/www.vetorino.com\\\/veterinaire\\\/pontarlier-25300\\\/boutique\\\/product\\\/sebolytic-nf\\\/#breadcrumb\"},\"inLanguage\":\"fr-FR\",\"potentialAction\":[{\"@type\":\"ReadAction\",\"target\":[\"https:\\\/\\\/www.vetorino.com\\\/veterinaire\\\/pontarlier-25300\\\/boutique\\\/product\\\/sebolytic-nf\\\/\"]}]},{\"@type\":\"ImageObject\",\"inLanguage\":\"fr-FR\",\"@id\":\"https:\\\/\\\/www.vetorino.com\\\/veterinaire\\\/pontarlier-25300\\\/boutique\\\/product\\\/sebolytic-nf\\\/#primaryimage\",\"url\":\"https:\\\/\\\/www.vetorino.com\\\/boutique\\\/wp-content\\\/uploads\\\/2024\\\/01\\\/Sebolytic-Shampoing.png\",\"contentUrl\":\"https:\\\/\\\/www.vetorino.com\\\/boutique\\\/wp-content\\\/uploads\\\/2024\\\/01\\\/Sebolytic-Shampoing.png\",\"width\":800,\"height\":800},{\"@type\":\"BreadcrumbList\",\"@id\":\"https:\\\/\\\/www.vetorino.com\\\/veterinaire\\\/pontarlier-25300\\\/boutique\\\/product\\\/sebolytic-nf\\\/#breadcrumb\",\"itemListElement\":[{\"@type\":\"ListItem\",\"position\":1,\"name\":\"Accueil\",\"item\":\"https:\\\/\\\/www.vetorino.com\\\/boutique\\\/\"},{\"@type\":\"ListItem\",\"position\":2,\"name\":\"Produits\",\"item\":\"https:\\\/\\\/www.vetorino.com\\\/boutique\\\/\"},{\"@type\":\"ListItem\",\"position\":3,\"name\":\"Shampoing Sebolytic\"}]},{\"@type\":\"WebSite\",\"@id\":\"https:\\\/\\\/www.vetorino.com\\\/boutique\\\/#website\",\"url\":\"https:\\\/\\\/www.vetorino.com\\\/boutique\\\/\",\"name\":\"V\u00e9torino\",\"description\":\"\",\"publisher\":{\"@id\":\"https:\\\/\\\/www.vetorino.com\\\/boutique\\\/#organization\"},\"potentialAction\":[{\"@type\":\"SearchAction\",\"target\":{\"@type\":\"EntryPoint\",\"urlTemplate\":\"https:\\\/\\\/www.vetorino.com\\\/boutique\\\/?s={search_term_string}\"},\"query-input\":{\"@type\":\"PropertyValueSpecification\",\"valueRequired\":true,\"valueName\":\"search_term_string\"}}],\"inLanguage\":\"fr-FR\"},{\"@type\":\"Organization\",\"@id\":\"https:\\\/\\\/www.vetorino.com\\\/boutique\\\/#organization\",\"name\":\"V\u00e9torino\",\"url\":\"https:\\\/\\\/www.vetorino.com\\\/boutique\\\/\",\"logo\":{\"@type\":\"ImageObject\",\"inLanguage\":\"fr-FR\",\"@id\":\"https:\\\/\\\/www.vetorino.com\\\/boutique\\\/#\\\/schema\\\/logo\\\/image\\\/\",\"url\":\"https:\\\/\\\/www.vetorino.com\\\/boutique\\\/wp-content\\\/uploads\\\/2024\\\/10\\\/logo.jpg\",\"contentUrl\":\"https:\\\/\\\/www.vetorino.com\\\/boutique\\\/wp-content\\\/uploads\\\/2024\\\/10\\\/logo.jpg\",\"width\":1200,\"height\":610,\"caption\":\"V\u00e9torino\"},\"image\":{\"@id\":\"https:\\\/\\\/www.vetorino.com\\\/boutique\\\/#\\\/schema\\\/logo\\\/image\\\/\"},\"sameAs\":[\"https:\\\/\\\/www.facebook.com\\\/Vetorino\\\/\",\"https:\\\/\\\/www.instagram.com\\\/vetorino_off\\\/\",\"https:\\\/\\\/www.linkedin.com\\\/company\\\/vtorino\\\/\"]}]}<\/script>\n<meta property=\"product:brand\" content=\"Virbac\" \/>\n<meta property=\"og:availability\" content=\"instock\" \/>\n<meta property=\"product:availability\" content=\"instock\" \/>\n<meta property=\"product:condition\" content=\"new\" \/>\n<!-- \/ Yoast SEO plugin. -->","yoast_head_json":{"title":"Shampoing Sebolytic Virbac - V\u00e9torino","description":"Le shampooing SEBOLYTIC est un nettoyant unique qui \u00e9limine les squames, les cro\u00fbtes et les exc\u00e8s de s\u00e9bum pr\u00e9sents \u00e0 la surface de la peau chez les chiens et les chats.  Utilisation :  Chiens et chats pr\u00e9sentant un exc\u00e8s de s\u00e9bum","robots":{"index":"noindex","follow":"nofollow"},"og_locale":"fr_FR","og_type":"article","og_title":"Shampoing Sebolytic Virbac - V\u00e9torino","og_description":"Le shampooing SEBOLYTIC est un nettoyant unique qui \u00e9limine les squames, les cro\u00fbtes et les exc\u00e8s de s\u00e9bum pr\u00e9sents \u00e0 la surface de la peau chez les chiens et les chats.  Utilisation :  Chiens et chats pr\u00e9sentant un exc\u00e8s de s\u00e9bum","og_url":"https:\/\/www.vetorino.com\/veterinaire\/plouzevede-29440\/boutique\/product\/sebolytic-nf\/","og_site_name":"V\u00e9torino","article_publisher":"https:\/\/www.facebook.com\/Vetorino\/","article_modified_time":"2024-03-08T11:25:13+00:00","og_image":[{"width":800,"height":800,"url":"https:\/\/www.vetorino.com\/boutique\/wp-content\/uploads\/2024\/01\/Sebolytic-Shampoing.png","type":"image\/png"}],"twitter_card":"summary_large_image","twitter_misc":{"Disponibilit\u00e9":"En stock"},"schema":{"@context":"https:\/\/schema.org","@graph":[{"@type":"WebPage","@id":"https:\/\/www.vetorino.com\/veterinaire\/pontarlier-25300\/boutique\/product\/sebolytic-nf\/","url":"https:\/\/www.vetorino.com\/veterinaire\/pontarlier-25300\/boutique\/product\/sebolytic-nf\/","name":"Shampoing Sebolytic Virbac - V\u00e9torino","isPartOf":{"@id":"https:\/\/www.vetorino.com\/boutique\/#website"},"primaryImageOfPage":{"@id":"https:\/\/www.vetorino.com\/veterinaire\/pontarlier-25300\/boutique\/product\/sebolytic-nf\/#primaryimage"},"image":{"@id":"https:\/\/www.vetorino.com\/veterinaire\/pontarlier-25300\/boutique\/product\/sebolytic-nf\/#primaryimage"},"thumbnailUrl":"https:\/\/www.vetorino.com\/boutique\/wp-content\/uploads\/2024\/01\/Sebolytic-Shampoing.png","datePublished":"2024-01-19T09:09:02+00:00","dateModified":"2024-03-08T11:25:13+00:00","description":"Le shampooing SEBOLYTIC est un nettoyant unique qui \u00e9limine les squames, les cro\u00fbtes et les exc\u00e8s de s\u00e9bum pr\u00e9sents \u00e0 la surface de la peau chez les chiens et les chats. Utilisation : Chiens et chats pr\u00e9sentant un exc\u00e8s de s\u00e9bum","breadcrumb":{"@id":"https:\/\/www.vetorino.com\/veterinaire\/pontarlier-25300\/boutique\/product\/sebolytic-nf\/#breadcrumb"},"inLanguage":"fr-FR","potentialAction":[{"@type":"ReadAction","target":["https:\/\/www.vetorino.com\/veterinaire\/pontarlier-25300\/boutique\/product\/sebolytic-nf\/"]}]},{"@type":"ImageObject","inLanguage":"fr-FR","@id":"https:\/\/www.vetorino.com\/veterinaire\/pontarlier-25300\/boutique\/product\/sebolytic-nf\/#primaryimage","url":"https:\/\/www.vetorino.com\/boutique\/wp-content\/uploads\/2024\/01\/Sebolytic-Shampoing.png","contentUrl":"https:\/\/www.vetorino.com\/boutique\/wp-content\/uploads\/2024\/01\/Sebolytic-Shampoing.png","width":800,"height":800},{"@type":"BreadcrumbList","@id":"https:\/\/www.vetorino.com\/veterinaire\/pontarlier-25300\/boutique\/product\/sebolytic-nf\/#breadcrumb","itemListElement":[{"@type":"ListItem","position":1,"name":"Accueil","item":"https:\/\/www.vetorino.com\/boutique\/"},{"@type":"ListItem","position":2,"name":"Produits","item":"https:\/\/www.vetorino.com\/boutique\/"},{"@type":"ListItem","position":3,"name":"Shampoing Sebolytic"}]},{"@type":"WebSite","@id":"https:\/\/www.vetorino.com\/boutique\/#website","url":"https:\/\/www.vetorino.com\/boutique\/","name":"V\u00e9torino","description":"","publisher":{"@id":"https:\/\/www.vetorino.com\/boutique\/#organization"},"potentialAction":[{"@type":"SearchAction","target":{"@type":"EntryPoint","urlTemplate":"https:\/\/www.vetorino.com\/boutique\/?s={search_term_string}"},"query-input":{"@type":"PropertyValueSpecification","valueRequired":true,"valueName":"search_term_string"}}],"inLanguage":"fr-FR"},{"@type":"Organization","@id":"https:\/\/www.vetorino.com\/boutique\/#organization","name":"V\u00e9torino","url":"https:\/\/www.vetorino.com\/boutique\/","logo":{"@type":"ImageObject","inLanguage":"fr-FR","@id":"https:\/\/www.vetorino.com\/boutique\/#\/schema\/logo\/image\/","url":"https:\/\/www.vetorino.com\/boutique\/wp-content\/uploads\/2024\/10\/logo.jpg","contentUrl":"https:\/\/www.vetorino.com\/boutique\/wp-content\/uploads\/2024\/10\/logo.jpg","width":1200,"height":610,"caption":"V\u00e9torino"},"image":{"@id":"https:\/\/www.vetorino.com\/boutique\/#\/schema\/logo\/image\/"},"sameAs":["https:\/\/www.facebook.com\/Vetorino\/","https:\/\/www.instagram.com\/vetorino_off\/","https:\/\/www.linkedin.com\/company\/vtorino\/"]}]},"product_brand":"Virbac","og_availability":"instock","product_availability":"instock","product_condition":"new"},"_links":{"self":[{"href":"https:\/\/www.vetorino.com\/veterinaire\/plouzevede-29440\/boutique\/wp-json\/wp\/v2\/product\/810005","targetHints":{"allow":["GET"]}}],"collection":[{"href":"https:\/\/www.vetorino.com\/veterinaire\/plouzevede-29440\/boutique\/wp-json\/wp\/v2\/product"}],"about":[{"href":"https:\/\/www.vetorino.com\/veterinaire\/plouzevede-29440\/boutique\/wp-json\/wp\/v2\/types\/product"}],"wp:featuredmedia":[{"embeddable":true,"href":"https:\/\/www.vetorino.com\/veterinaire\/plouzevede-29440\/boutique\/wp-json\/wp\/v2\/media\/831877"}],"wp:attachment":[{"href":"https:\/\/www.vetorino.com\/veterinaire\/plouzevede-29440\/boutique\/wp-json\/wp\/v2\/media?parent=810005"}],"wp:term":[{"taxonomy":"product_cat","embeddable":true,"href":"https:\/\/www.vetorino.com\/veterinaire\/plouzevede-29440\/boutique\/wp-json\/wp\/v2\/product_cat?post=810005"},{"taxonomy":"product_tag","embeddable":true,"href":"https:\/\/www.vetorino.com\/veterinaire\/plouzevede-29440\/boutique\/wp-json\/wp\/v2\/product_tag?post=810005"}],"curies":[{"name":"wp","href":"https:\/\/api.w.org\/{rel}","templated":true}]}}