{"id":850645,"date":"2024-02-28T05:35:09","date_gmt":"2024-02-28T04:35:09","guid":{"rendered":"https:\/\/www.vetorino.com\/boutique\/product\/friandises-dentaires-chat\/"},"modified":"2025-02-20T16:44:04","modified_gmt":"2025-02-20T15:44:04","slug":"friandises-dentaires-chat","status":"publish","type":"product","link":"https:\/\/www.vetorino.com\/veterinaire\/plouzevede-29440\/boutique\/product\/friandises-dentaires-chat\/","title":{"rendered":"Friandises dentaires chat"},"content":{"rendered":"<p>En moyenne, 85% des chats ont des probl\u00e8mes dentaires caus\u00e9s principalement par les d\u00e9p\u00f4ts de tartre et de plaque dentaire. Certaines friandises peuvent vous aider \u00e0 combattre le tartre et la plaque dentaire, comme les friandises <strong>Beaphar Dents Saines \u00e0 la chlorophylle<\/strong>.<\/p>\n<h3>Caract\u00e9ristiques des friandises pour chat dents saines \u00e0 la chlorophylle<\/h3>\n<p>Les friandises <strong>Beaphar Dents saines \u00e0 la chlorophylle<\/strong> ont \u00e9t\u00e9 con\u00e7ues pour faire plaisir aux chats tout en pr\u00e9servant leur hygi\u00e8ne dentaire. Enrichis en fluor et en chlorophylle, ces encas pour chat sont sp\u00e9cialement formul\u00e9s pour combattre le tartre et la plaque dentaire. Cette recette garantit \u00e9galement une haleine fra\u00eeche.<\/p>\n<p>Vous pouvez donner entre 5 \u00e0 10 friandises par jour \u00e0 votre chat. Il est conseill\u00e9 de ranger ce sachet fraicheur pour chat refermable dans un endroit frais et sec afin de conserver toute sa saveur.<\/p>\n<p>Il est aussi recommand\u00e9 de mettre de l&#8217;eau fra\u00eeche \u00e0 la disposition de votre chat pour l&#8217;hydrater convenablement.<\/p>\n","protected":false},"excerpt":{"rendered":"<p>En moyenne, 85% des chats ont des probl\u00e8mes dentaires caus\u00e9s principalement par les d\u00e9p\u00f4ts de tartre et de plaque dentaire. Certaines friandises peuvent vous aider \u00e0 combattre le tartre et la plaque dentaire, comme les friandises <strong>Beaphar Dents Saines \u00e0 la chlorophylle<\/strong>.<\/p>\n","protected":false},"featured_media":858652,"template":"","meta":[],"product_cat":[12551,2697,2733,12609,12560],"product_tag":[],"class_list":{"0":"post-850645","1":"product","2":"type-product","3":"status-publish","4":"has-post-thumbnail","6":"product_cat-alimentation-du-chat","7":"product_cat-chat","8":"product_cat-friandises-pour-chat","9":"product_cat-hygiene-bucco-dentaire-du-chat","10":"product_cat-hygiene-du-chat","11":"pa_marque-beaphar","13":"first","14":"instock","15":"taxable","16":"shipping-taxable","17":"purchasable","18":"product-type-simple"},"yoast_head":"<!-- This site is optimized with the Yoast SEO plugin v27.3 - https:\/\/yoast.com\/product\/yoast-seo-wordpress\/ -->\n<title>Friandises dentaires chat Beaphar - V\u00e9torino<\/title>\n<meta name=\"description\" content=\"En moyenne, 85% des chats ont des probl\u00e8mes dentaires caus\u00e9s principalement par les d\u00e9p\u00f4ts de tartre et de plaque dentaire. Certaines friandises peuvent vous aider \u00e0 combattre le tartre et la plaque dentaire, comme les friandises Beaphar Dents Saines \u00e0 la chlorophylle.\" \/>\n<meta name=\"robots\" content=\"noindex, nofollow\" \/>\n<meta property=\"og:locale\" content=\"fr_FR\" \/>\n<meta property=\"og:type\" content=\"article\" \/>\n<meta property=\"og:title\" content=\"Friandises dentaires chat Beaphar - V\u00e9torino\" \/>\n<meta property=\"og:description\" content=\"En moyenne, 85% des chats ont des probl\u00e8mes dentaires caus\u00e9s principalement par les d\u00e9p\u00f4ts de tartre et de plaque dentaire. Certaines friandises peuvent vous aider \u00e0 combattre le tartre et la plaque dentaire, comme les friandises Beaphar Dents Saines \u00e0 la chlorophylle.\" \/>\n<meta property=\"og:url\" content=\"https:\/\/www.vetorino.com\/veterinaire\/plouzevede-29440\/boutique\/product\/friandises-dentaires-chat\/\" \/>\n<meta property=\"og:site_name\" content=\"V\u00e9torino\" \/>\n<meta property=\"article:publisher\" content=\"https:\/\/www.facebook.com\/Vetorino\/\" \/>\n<meta property=\"article:modified_time\" content=\"2025-02-20T15:44:04+00:00\" \/>\n<meta property=\"og:image\" content=\"https:\/\/www.vetorino.com\/boutique\/wp-content\/uploads\/2024\/02\/BEAPHAR-1882740.png\" \/>\n\t<meta property=\"og:image:width\" content=\"1000\" \/>\n\t<meta property=\"og:image:height\" content=\"1000\" \/>\n\t<meta property=\"og:image:type\" content=\"image\/png\" \/>\n<meta name=\"twitter:card\" content=\"summary_large_image\" \/>\n<meta name=\"twitter:label1\" content=\"Prix\" \/>\n\t<meta name=\"twitter:data1\" content=\"2,91&euro;\" \/>\n\t<meta name=\"twitter:label2\" content=\"Disponibilit\u00e9\" \/>\n\t<meta name=\"twitter:data2\" content=\"En stock\" \/>\n<script type=\"application\/ld+json\" class=\"yoast-schema-graph\">{\"@context\":\"https:\\\/\\\/schema.org\",\"@graph\":[{\"@type\":\"WebPage\",\"@id\":\"https:\\\/\\\/www.vetorino.com\\\/boutique\\\/product\\\/friandises-dentaires-chat\\\/\",\"url\":\"https:\\\/\\\/www.vetorino.com\\\/boutique\\\/product\\\/friandises-dentaires-chat\\\/\",\"name\":\"Friandises dentaires chat Beaphar - V\u00e9torino\",\"isPartOf\":{\"@id\":\"https:\\\/\\\/www.vetorino.com\\\/boutique\\\/#website\"},\"primaryImageOfPage\":{\"@id\":\"https:\\\/\\\/www.vetorino.com\\\/boutique\\\/product\\\/friandises-dentaires-chat\\\/#primaryimage\"},\"image\":{\"@id\":\"https:\\\/\\\/www.vetorino.com\\\/boutique\\\/product\\\/friandises-dentaires-chat\\\/#primaryimage\"},\"thumbnailUrl\":\"https:\\\/\\\/www.vetorino.com\\\/boutique\\\/wp-content\\\/uploads\\\/2024\\\/02\\\/BEAPHAR-1882740.png\",\"datePublished\":\"2024-02-28T04:35:09+00:00\",\"dateModified\":\"2025-02-20T15:44:04+00:00\",\"description\":\"En moyenne, 85% des chats ont des probl\u00e8mes dentaires caus\u00e9s principalement par les d\u00e9p\u00f4ts de tartre et de plaque dentaire. Certaines friandises peuvent vous aider \u00e0 combattre le tartre et la plaque dentaire, comme les friandises Beaphar Dents Saines \u00e0 la chlorophylle.\",\"breadcrumb\":{\"@id\":\"https:\\\/\\\/www.vetorino.com\\\/boutique\\\/product\\\/friandises-dentaires-chat\\\/#breadcrumb\"},\"inLanguage\":\"fr-FR\",\"potentialAction\":[{\"@type\":\"ReadAction\",\"target\":[\"https:\\\/\\\/www.vetorino.com\\\/boutique\\\/product\\\/friandises-dentaires-chat\\\/\"]}]},{\"@type\":\"ImageObject\",\"inLanguage\":\"fr-FR\",\"@id\":\"https:\\\/\\\/www.vetorino.com\\\/boutique\\\/product\\\/friandises-dentaires-chat\\\/#primaryimage\",\"url\":\"https:\\\/\\\/www.vetorino.com\\\/boutique\\\/wp-content\\\/uploads\\\/2024\\\/02\\\/BEAPHAR-1882740.png\",\"contentUrl\":\"https:\\\/\\\/www.vetorino.com\\\/boutique\\\/wp-content\\\/uploads\\\/2024\\\/02\\\/BEAPHAR-1882740.png\",\"width\":1000,\"height\":1000},{\"@type\":\"BreadcrumbList\",\"@id\":\"https:\\\/\\\/www.vetorino.com\\\/boutique\\\/product\\\/friandises-dentaires-chat\\\/#breadcrumb\",\"itemListElement\":[{\"@type\":\"ListItem\",\"position\":1,\"name\":\"Accueil\",\"item\":\"https:\\\/\\\/www.vetorino.com\\\/boutique\\\/\"},{\"@type\":\"ListItem\",\"position\":2,\"name\":\"Produits\",\"item\":\"https:\\\/\\\/www.vetorino.com\\\/boutique\\\/\"},{\"@type\":\"ListItem\",\"position\":3,\"name\":\"Friandises dentaires chat\"}]},{\"@type\":\"WebSite\",\"@id\":\"https:\\\/\\\/www.vetorino.com\\\/boutique\\\/#website\",\"url\":\"https:\\\/\\\/www.vetorino.com\\\/boutique\\\/\",\"name\":\"V\u00e9torino\",\"description\":\"\",\"publisher\":{\"@id\":\"https:\\\/\\\/www.vetorino.com\\\/boutique\\\/#organization\"},\"potentialAction\":[{\"@type\":\"SearchAction\",\"target\":{\"@type\":\"EntryPoint\",\"urlTemplate\":\"https:\\\/\\\/www.vetorino.com\\\/boutique\\\/?s={search_term_string}\"},\"query-input\":{\"@type\":\"PropertyValueSpecification\",\"valueRequired\":true,\"valueName\":\"search_term_string\"}}],\"inLanguage\":\"fr-FR\"},{\"@type\":\"Organization\",\"@id\":\"https:\\\/\\\/www.vetorino.com\\\/boutique\\\/#organization\",\"name\":\"V\u00e9torino\",\"url\":\"https:\\\/\\\/www.vetorino.com\\\/boutique\\\/\",\"logo\":{\"@type\":\"ImageObject\",\"inLanguage\":\"fr-FR\",\"@id\":\"https:\\\/\\\/www.vetorino.com\\\/boutique\\\/#\\\/schema\\\/logo\\\/image\\\/\",\"url\":\"https:\\\/\\\/www.vetorino.com\\\/boutique\\\/wp-content\\\/uploads\\\/2024\\\/10\\\/logo.jpg\",\"contentUrl\":\"https:\\\/\\\/www.vetorino.com\\\/boutique\\\/wp-content\\\/uploads\\\/2024\\\/10\\\/logo.jpg\",\"width\":1200,\"height\":610,\"caption\":\"V\u00e9torino\"},\"image\":{\"@id\":\"https:\\\/\\\/www.vetorino.com\\\/boutique\\\/#\\\/schema\\\/logo\\\/image\\\/\"},\"sameAs\":[\"https:\\\/\\\/www.facebook.com\\\/Vetorino\\\/\",\"https:\\\/\\\/www.instagram.com\\\/vetorino_off\\\/\",\"https:\\\/\\\/www.linkedin.com\\\/company\\\/vtorino\\\/\"]}]}<\/script>\n<meta property=\"product:brand\" content=\"Beaphar\" \/>\n<meta property=\"product:price:amount\" content=\"2.91\" \/>\n<meta property=\"product:price:currency\" content=\"EUR\" \/>\n<meta property=\"og:availability\" content=\"instock\" \/>\n<meta property=\"product:availability\" content=\"instock\" \/>\n<meta property=\"product:retailer_item_id\" content=\"A-1882740\" \/>\n<meta property=\"product:condition\" content=\"new\" \/>\n<!-- \/ Yoast SEO plugin. -->","yoast_head_json":{"title":"Friandises dentaires chat Beaphar - V\u00e9torino","description":"En moyenne, 85% des chats ont des probl\u00e8mes dentaires caus\u00e9s principalement par les d\u00e9p\u00f4ts de tartre et de plaque dentaire. Certaines friandises peuvent vous aider \u00e0 combattre le tartre et la plaque dentaire, comme les friandises Beaphar Dents Saines \u00e0 la chlorophylle.","robots":{"index":"noindex","follow":"nofollow"},"og_locale":"fr_FR","og_type":"article","og_title":"Friandises dentaires chat Beaphar - V\u00e9torino","og_description":"En moyenne, 85% des chats ont des probl\u00e8mes dentaires caus\u00e9s principalement par les d\u00e9p\u00f4ts de tartre et de plaque dentaire. Certaines friandises peuvent vous aider \u00e0 combattre le tartre et la plaque dentaire, comme les friandises Beaphar Dents Saines \u00e0 la chlorophylle.","og_url":"https:\/\/www.vetorino.com\/veterinaire\/plouzevede-29440\/boutique\/product\/friandises-dentaires-chat\/","og_site_name":"V\u00e9torino","article_publisher":"https:\/\/www.facebook.com\/Vetorino\/","article_modified_time":"2025-02-20T15:44:04+00:00","og_image":[{"width":1000,"height":1000,"url":"https:\/\/www.vetorino.com\/boutique\/wp-content\/uploads\/2024\/02\/BEAPHAR-1882740.png","type":"image\/png"}],"twitter_card":"summary_large_image","twitter_misc":{"Prix":"2,91&euro;","Disponibilit\u00e9":"En stock"},"schema":{"@context":"https:\/\/schema.org","@graph":[{"@type":"WebPage","@id":"https:\/\/www.vetorino.com\/boutique\/product\/friandises-dentaires-chat\/","url":"https:\/\/www.vetorino.com\/boutique\/product\/friandises-dentaires-chat\/","name":"Friandises dentaires chat Beaphar - V\u00e9torino","isPartOf":{"@id":"https:\/\/www.vetorino.com\/boutique\/#website"},"primaryImageOfPage":{"@id":"https:\/\/www.vetorino.com\/boutique\/product\/friandises-dentaires-chat\/#primaryimage"},"image":{"@id":"https:\/\/www.vetorino.com\/boutique\/product\/friandises-dentaires-chat\/#primaryimage"},"thumbnailUrl":"https:\/\/www.vetorino.com\/boutique\/wp-content\/uploads\/2024\/02\/BEAPHAR-1882740.png","datePublished":"2024-02-28T04:35:09+00:00","dateModified":"2025-02-20T15:44:04+00:00","description":"En moyenne, 85% des chats ont des probl\u00e8mes dentaires caus\u00e9s principalement par les d\u00e9p\u00f4ts de tartre et de plaque dentaire. Certaines friandises peuvent vous aider \u00e0 combattre le tartre et la plaque dentaire, comme les friandises Beaphar Dents Saines \u00e0 la chlorophylle.","breadcrumb":{"@id":"https:\/\/www.vetorino.com\/boutique\/product\/friandises-dentaires-chat\/#breadcrumb"},"inLanguage":"fr-FR","potentialAction":[{"@type":"ReadAction","target":["https:\/\/www.vetorino.com\/boutique\/product\/friandises-dentaires-chat\/"]}]},{"@type":"ImageObject","inLanguage":"fr-FR","@id":"https:\/\/www.vetorino.com\/boutique\/product\/friandises-dentaires-chat\/#primaryimage","url":"https:\/\/www.vetorino.com\/boutique\/wp-content\/uploads\/2024\/02\/BEAPHAR-1882740.png","contentUrl":"https:\/\/www.vetorino.com\/boutique\/wp-content\/uploads\/2024\/02\/BEAPHAR-1882740.png","width":1000,"height":1000},{"@type":"BreadcrumbList","@id":"https:\/\/www.vetorino.com\/boutique\/product\/friandises-dentaires-chat\/#breadcrumb","itemListElement":[{"@type":"ListItem","position":1,"name":"Accueil","item":"https:\/\/www.vetorino.com\/boutique\/"},{"@type":"ListItem","position":2,"name":"Produits","item":"https:\/\/www.vetorino.com\/boutique\/"},{"@type":"ListItem","position":3,"name":"Friandises dentaires chat"}]},{"@type":"WebSite","@id":"https:\/\/www.vetorino.com\/boutique\/#website","url":"https:\/\/www.vetorino.com\/boutique\/","name":"V\u00e9torino","description":"","publisher":{"@id":"https:\/\/www.vetorino.com\/boutique\/#organization"},"potentialAction":[{"@type":"SearchAction","target":{"@type":"EntryPoint","urlTemplate":"https:\/\/www.vetorino.com\/boutique\/?s={search_term_string}"},"query-input":{"@type":"PropertyValueSpecification","valueRequired":true,"valueName":"search_term_string"}}],"inLanguage":"fr-FR"},{"@type":"Organization","@id":"https:\/\/www.vetorino.com\/boutique\/#organization","name":"V\u00e9torino","url":"https:\/\/www.vetorino.com\/boutique\/","logo":{"@type":"ImageObject","inLanguage":"fr-FR","@id":"https:\/\/www.vetorino.com\/boutique\/#\/schema\/logo\/image\/","url":"https:\/\/www.vetorino.com\/boutique\/wp-content\/uploads\/2024\/10\/logo.jpg","contentUrl":"https:\/\/www.vetorino.com\/boutique\/wp-content\/uploads\/2024\/10\/logo.jpg","width":1200,"height":610,"caption":"V\u00e9torino"},"image":{"@id":"https:\/\/www.vetorino.com\/boutique\/#\/schema\/logo\/image\/"},"sameAs":["https:\/\/www.facebook.com\/Vetorino\/","https:\/\/www.instagram.com\/vetorino_off\/","https:\/\/www.linkedin.com\/company\/vtorino\/"]}]},"product_brand":"Beaphar","product_price_amount":"2.91","product_price_currency":"EUR","og_availability":"instock","product_availability":"instock","product_retailer_item_id":"A-1882740","product_condition":"new"},"_links":{"self":[{"href":"https:\/\/www.vetorino.com\/veterinaire\/plouzevede-29440\/boutique\/wp-json\/wp\/v2\/product\/850645","targetHints":{"allow":["GET"]}}],"collection":[{"href":"https:\/\/www.vetorino.com\/veterinaire\/plouzevede-29440\/boutique\/wp-json\/wp\/v2\/product"}],"about":[{"href":"https:\/\/www.vetorino.com\/veterinaire\/plouzevede-29440\/boutique\/wp-json\/wp\/v2\/types\/product"}],"wp:featuredmedia":[{"embeddable":true,"href":"https:\/\/www.vetorino.com\/veterinaire\/plouzevede-29440\/boutique\/wp-json\/wp\/v2\/media\/858652"}],"wp:attachment":[{"href":"https:\/\/www.vetorino.com\/veterinaire\/plouzevede-29440\/boutique\/wp-json\/wp\/v2\/media?parent=850645"}],"wp:term":[{"taxonomy":"product_cat","embeddable":true,"href":"https:\/\/www.vetorino.com\/veterinaire\/plouzevede-29440\/boutique\/wp-json\/wp\/v2\/product_cat?post=850645"},{"taxonomy":"product_tag","embeddable":true,"href":"https:\/\/www.vetorino.com\/veterinaire\/plouzevede-29440\/boutique\/wp-json\/wp\/v2\/product_tag?post=850645"}],"curies":[{"name":"wp","href":"https:\/\/api.w.org\/{rel}","templated":true}]}}