{"id":859761,"date":"2024-03-07T10:08:31","date_gmt":"2024-03-07T09:08:31","guid":{"rendered":"https:\/\/www.vetorino.com\/boutique\/product\/ekycush-control\/"},"modified":"2025-02-19T16:19:45","modified_gmt":"2025-02-19T15:19:45","slug":"ekycush-control","status":"publish","type":"product","link":"https:\/\/www.vetorino.com\/veterinaire\/plouzevede-29440\/boutique\/product\/ekycush-control\/","title":{"rendered":"Ekycush Control"},"content":{"rendered":"<p>Ekycush Control est un <strong>compl\u00e9ment alimentaire<\/strong> sp\u00e9cialement formul\u00e9 <strong>pour les chevaux et poneys atteints du syndrome de Cushing.<\/strong> Il fournit un<strong> soutien nutritionnel adapt\u00e9<\/strong> \u00e0 leurs besoins pour leur <strong>redonner du confort.<\/strong><\/p>\n<p>La formule de ce compl\u00e9ment est compos\u00e9e d&#8217;<strong>ingr\u00e9dients soigneusement s\u00e9lectionn\u00e9s<\/strong> tels que le <strong>gattilier, le mucuna, le ginkgo biloba, la cannelle et la vitamine A.<\/strong> Ces ingr\u00e9dients <strong>agissent en synergie pour soutenir les chevaux touch\u00e9s par le syndrome de Cushing.<\/strong> La formule ne contient <strong>ni ingr\u00e9dients d&#8217;origine animale ni colorants.<\/strong><\/p>\n<p>Le produit contient du mucuna, ce qui le rend <strong>inappropri\u00e9 pour une utilisation chez les chevaux en comp\u00e9tition<\/strong>. La pr\u00e9sence de gattilier rend \u00e9galement son utilisation <strong>d\u00e9conseill\u00e9e chez les juments gestantes ou en lactation.<\/strong><\/p>\n<p>Gr\u00e2ce \u00e0 ses<strong> ingr\u00e9dients sp\u00e9cifiquement s\u00e9lectionn\u00e9s<\/strong>, ce produit offre un<strong> soutien nutritionnel<\/strong> adapt\u00e9 pour aider les chevaux atteints du syndrome de Cushing \u00e0 <strong>retrouver leur confort.<\/strong><\/p>\n<p><strong>Dans quels cas utiliser Ekycush control ?<\/strong><\/p>\n<p>Sur les chevaux de plus de 15 ans pr\u00e9sentant des troubles endocriniens et le syndrome de Cushing (DPIH).<\/p>\n<p><strong>Conseils d&#8217;utilisation :\u00a0<\/strong><\/p>\n<p>Vous pouvez utiliser Ekycush Control de deux mani\u00e8res, que votre cheval soit sous traitement ou non : en le donnant de mani\u00e8re ponctuelle pendant les p\u00e9riodes \u00e0 risque, comme les changements de saison, ou en l&#8217;administrant de mani\u00e8re continue tout au long de l&#8217;ann\u00e9e.<\/p>\n<p><strong>Bienfaits essentiels :\u00a0<\/strong><\/p>\n<ul>\n<li>Soutien nutritionnel adapt\u00e9 aux chevaux atteints du syndrome de Cushing (DPIH).<\/li>\n<li>Formule contenant des ingr\u00e9dients sp\u00e9cifiquement s\u00e9lectionn\u00e9s.<\/li>\n<li>Sans ingr\u00e9dients d&#8217;origine animale et sans colorant.<\/li>\n<li>Peut-\u00eatre utilis\u00e9 ponctuellement ou en continu toute l&#8217;ann\u00e9e.<\/li>\n<li>Dosage ajustable en fonction des besoins de chaque animal.<\/li>\n<li>Permet jusqu&#8217;\u00e0 60 jours d&#8217;utilisation en dose de soutien.<\/li>\n<\/ul>\n","protected":false},"excerpt":{"rendered":"<p><strong>Apports nutritionnels compl\u00e9mentaires adapt\u00e9s au soutien des chevaux et poneys atteints du syndrome de Cushing (DPIH).<\/strong><\/p>\n<p><strong>Bienfaits essentiels :\u00a0<\/strong><\/p>\n<ul>\n<li>Soutien nutritionnel adapt\u00e9 aux chevaux atteints du syndrome de Cushing (DPIH).<\/li>\n<li>Formule contenant des ingr\u00e9dients sp\u00e9cifiquement s\u00e9lectionn\u00e9s.<\/li>\n<li>Sans ingr\u00e9dients d&#8217;origine animale et sans colorant.<\/li>\n<li>Peut-\u00eatre utilis\u00e9 ponctuellement ou en continu toute l&#8217;ann\u00e9e.<\/li>\n<li>Dosage ajustable en fonction des besoins de chaque animal.<\/li>\n<li>Permet jusqu&#8217;\u00e0 60 jours d&#8217;utilisation en dose de soutien.<\/li>\n<\/ul>\n<p><strong>Demandez conseil \u00e0 votre v\u00e9t\u00e9rinaire.<\/strong><\/p>\n","protected":false},"featured_media":859783,"template":"","meta":[],"product_cat":[12547,14072,12571],"product_tag":[],"class_list":{"0":"post-859761","1":"product","2":"type-product","3":"status-publish","4":"has-post-thumbnail","6":"product_cat-cheval","7":"product_cat-dietetique-et-complements-alimentaires-du-cheval","8":"product_cat-tonus-vitalite-du-cheval","9":"pa_marque-audevard","11":"first","12":"instock","13":"taxable","14":"shipping-taxable","15":"purchasable","16":"product-type-variable"},"yoast_head":"<!-- This site is optimized with the Yoast SEO plugin v27.3 - https:\/\/yoast.com\/product\/yoast-seo-wordpress\/ -->\n<title>Ekycush Control Audevard - V\u00e9torino<\/title>\n<meta name=\"description\" content=\"Apports nutritionnels compl\u00e9mentaires adapt\u00e9s au soutien des chevaux et poneys atteints du syndrome de Cushing (DPIH).  Bienfaits essentiels :\u00a0   Soutien nutritionnel adapt\u00e9 aux chevaux atteints du syndrome de Cushing (DPIH).  Formule contenant des ingr\u00e9dients sp\u00e9cifiquement s\u00e9lectionn\u00e9s.  Sans ingr\u00e9dients d&#039;origine animale et sans colorant.  Peut-\u00eatre utilis\u00e9 ponctuellement ou en continu toute l&#039;ann\u00e9e.  Dosage ajustable en fonction des besoins de chaque animal.  Permet jusqu&#039;\u00e0 60 jours d&#039;utilisation en dose de soutien.  Demandez conseil \u00e0 votre v\u00e9t\u00e9rinaire.\" \/>\n<meta name=\"robots\" content=\"noindex, nofollow\" \/>\n<meta property=\"og:locale\" content=\"fr_FR\" \/>\n<meta property=\"og:type\" content=\"article\" \/>\n<meta property=\"og:title\" content=\"Ekycush Control Audevard - V\u00e9torino\" \/>\n<meta property=\"og:description\" content=\"Apports nutritionnels compl\u00e9mentaires adapt\u00e9s au soutien des chevaux et poneys atteints du syndrome de Cushing (DPIH).  Bienfaits essentiels :\u00a0   Soutien nutritionnel adapt\u00e9 aux chevaux atteints du syndrome de Cushing (DPIH).  Formule contenant des ingr\u00e9dients sp\u00e9cifiquement s\u00e9lectionn\u00e9s.  Sans ingr\u00e9dients d&#039;origine animale et sans colorant.  Peut-\u00eatre utilis\u00e9 ponctuellement ou en continu toute l&#039;ann\u00e9e.  Dosage ajustable en fonction des besoins de chaque animal.  Permet jusqu&#039;\u00e0 60 jours d&#039;utilisation en dose de soutien.  Demandez conseil \u00e0 votre v\u00e9t\u00e9rinaire.\" \/>\n<meta property=\"og:url\" content=\"https:\/\/www.vetorino.com\/veterinaire\/plouzevede-29440\/boutique\/product\/ekycush-control\/\" \/>\n<meta property=\"og:site_name\" content=\"V\u00e9torino\" \/>\n<meta property=\"article:publisher\" content=\"https:\/\/www.facebook.com\/Vetorino\/\" \/>\n<meta property=\"article:modified_time\" content=\"2025-02-19T15:19:45+00:00\" \/>\n<meta property=\"og:image\" content=\"https:\/\/www.vetorino.com\/boutique\/wp-content\/uploads\/2024\/03\/ekycush-control.png\" \/>\n\t<meta property=\"og:image:width\" content=\"500\" \/>\n\t<meta property=\"og:image:height\" content=\"500\" \/>\n\t<meta property=\"og:image:type\" content=\"image\/png\" \/>\n<meta name=\"twitter:card\" content=\"summary_large_image\" \/>\n<meta name=\"twitter:label1\" content=\"Disponibilit\u00e9\" \/>\n\t<meta name=\"twitter:data1\" content=\"En stock\" \/>\n<script type=\"application\/ld+json\" class=\"yoast-schema-graph\">{\"@context\":\"https:\\\/\\\/schema.org\",\"@graph\":[{\"@type\":\"WebPage\",\"@id\":\"https:\\\/\\\/www.vetorino.com\\\/boutique\\\/product\\\/ekycush-control\\\/\",\"url\":\"https:\\\/\\\/www.vetorino.com\\\/boutique\\\/product\\\/ekycush-control\\\/\",\"name\":\"Ekycush Control Audevard - V\u00e9torino\",\"isPartOf\":{\"@id\":\"https:\\\/\\\/www.vetorino.com\\\/boutique\\\/#website\"},\"primaryImageOfPage\":{\"@id\":\"https:\\\/\\\/www.vetorino.com\\\/boutique\\\/product\\\/ekycush-control\\\/#primaryimage\"},\"image\":{\"@id\":\"https:\\\/\\\/www.vetorino.com\\\/boutique\\\/product\\\/ekycush-control\\\/#primaryimage\"},\"thumbnailUrl\":\"https:\\\/\\\/www.vetorino.com\\\/boutique\\\/wp-content\\\/uploads\\\/2024\\\/03\\\/ekycush-control.png\",\"datePublished\":\"2024-03-07T09:08:31+00:00\",\"dateModified\":\"2025-02-19T15:19:45+00:00\",\"description\":\"Apports nutritionnels compl\u00e9mentaires adapt\u00e9s au soutien des chevaux et poneys atteints du syndrome de Cushing (DPIH). Bienfaits essentiels :\u00a0 Soutien nutritionnel adapt\u00e9 aux chevaux atteints du syndrome de Cushing (DPIH). Formule contenant des ingr\u00e9dients sp\u00e9cifiquement s\u00e9lectionn\u00e9s. Sans ingr\u00e9dients d'origine animale et sans colorant. Peut-\u00eatre utilis\u00e9 ponctuellement ou en continu toute l'ann\u00e9e. Dosage ajustable en fonction des besoins de chaque animal. Permet jusqu'\u00e0 60 jours d'utilisation en dose de soutien. Demandez conseil \u00e0 votre v\u00e9t\u00e9rinaire.\",\"breadcrumb\":{\"@id\":\"https:\\\/\\\/www.vetorino.com\\\/boutique\\\/product\\\/ekycush-control\\\/#breadcrumb\"},\"inLanguage\":\"fr-FR\",\"potentialAction\":[{\"@type\":\"ReadAction\",\"target\":[\"https:\\\/\\\/www.vetorino.com\\\/boutique\\\/product\\\/ekycush-control\\\/\"]}]},{\"@type\":\"ImageObject\",\"inLanguage\":\"fr-FR\",\"@id\":\"https:\\\/\\\/www.vetorino.com\\\/boutique\\\/product\\\/ekycush-control\\\/#primaryimage\",\"url\":\"https:\\\/\\\/www.vetorino.com\\\/boutique\\\/wp-content\\\/uploads\\\/2024\\\/03\\\/ekycush-control.png\",\"contentUrl\":\"https:\\\/\\\/www.vetorino.com\\\/boutique\\\/wp-content\\\/uploads\\\/2024\\\/03\\\/ekycush-control.png\",\"width\":500,\"height\":500},{\"@type\":\"BreadcrumbList\",\"@id\":\"https:\\\/\\\/www.vetorino.com\\\/boutique\\\/product\\\/ekycush-control\\\/#breadcrumb\",\"itemListElement\":[{\"@type\":\"ListItem\",\"position\":1,\"name\":\"Accueil\",\"item\":\"https:\\\/\\\/www.vetorino.com\\\/boutique\\\/\"},{\"@type\":\"ListItem\",\"position\":2,\"name\":\"Produits\",\"item\":\"https:\\\/\\\/www.vetorino.com\\\/boutique\\\/\"},{\"@type\":\"ListItem\",\"position\":3,\"name\":\"Ekycush Control\"}]},{\"@type\":\"WebSite\",\"@id\":\"https:\\\/\\\/www.vetorino.com\\\/boutique\\\/#website\",\"url\":\"https:\\\/\\\/www.vetorino.com\\\/boutique\\\/\",\"name\":\"V\u00e9torino\",\"description\":\"\",\"publisher\":{\"@id\":\"https:\\\/\\\/www.vetorino.com\\\/boutique\\\/#organization\"},\"potentialAction\":[{\"@type\":\"SearchAction\",\"target\":{\"@type\":\"EntryPoint\",\"urlTemplate\":\"https:\\\/\\\/www.vetorino.com\\\/boutique\\\/?s={search_term_string}\"},\"query-input\":{\"@type\":\"PropertyValueSpecification\",\"valueRequired\":true,\"valueName\":\"search_term_string\"}}],\"inLanguage\":\"fr-FR\"},{\"@type\":\"Organization\",\"@id\":\"https:\\\/\\\/www.vetorino.com\\\/boutique\\\/#organization\",\"name\":\"V\u00e9torino\",\"url\":\"https:\\\/\\\/www.vetorino.com\\\/boutique\\\/\",\"logo\":{\"@type\":\"ImageObject\",\"inLanguage\":\"fr-FR\",\"@id\":\"https:\\\/\\\/www.vetorino.com\\\/boutique\\\/#\\\/schema\\\/logo\\\/image\\\/\",\"url\":\"https:\\\/\\\/www.vetorino.com\\\/boutique\\\/wp-content\\\/uploads\\\/2024\\\/10\\\/logo.jpg\",\"contentUrl\":\"https:\\\/\\\/www.vetorino.com\\\/boutique\\\/wp-content\\\/uploads\\\/2024\\\/10\\\/logo.jpg\",\"width\":1200,\"height\":610,\"caption\":\"V\u00e9torino\"},\"image\":{\"@id\":\"https:\\\/\\\/www.vetorino.com\\\/boutique\\\/#\\\/schema\\\/logo\\\/image\\\/\"},\"sameAs\":[\"https:\\\/\\\/www.facebook.com\\\/Vetorino\\\/\",\"https:\\\/\\\/www.instagram.com\\\/vetorino_off\\\/\",\"https:\\\/\\\/www.linkedin.com\\\/company\\\/vtorino\\\/\"]}]}<\/script>\n<meta property=\"product:brand\" content=\"Audevard\" \/>\n<meta property=\"og:availability\" content=\"instock\" \/>\n<meta property=\"product:availability\" content=\"instock\" \/>\n<meta property=\"product:condition\" content=\"new\" \/>\n<!-- \/ Yoast SEO plugin. -->","yoast_head_json":{"title":"Ekycush Control Audevard - V\u00e9torino","description":"Apports nutritionnels compl\u00e9mentaires adapt\u00e9s au soutien des chevaux et poneys atteints du syndrome de Cushing (DPIH).  Bienfaits essentiels :\u00a0   Soutien nutritionnel adapt\u00e9 aux chevaux atteints du syndrome de Cushing (DPIH).  Formule contenant des ingr\u00e9dients sp\u00e9cifiquement s\u00e9lectionn\u00e9s.  Sans ingr\u00e9dients d'origine animale et sans colorant.  Peut-\u00eatre utilis\u00e9 ponctuellement ou en continu toute l'ann\u00e9e.  Dosage ajustable en fonction des besoins de chaque animal.  Permet jusqu'\u00e0 60 jours d'utilisation en dose de soutien.  Demandez conseil \u00e0 votre v\u00e9t\u00e9rinaire.","robots":{"index":"noindex","follow":"nofollow"},"og_locale":"fr_FR","og_type":"article","og_title":"Ekycush Control Audevard - V\u00e9torino","og_description":"Apports nutritionnels compl\u00e9mentaires adapt\u00e9s au soutien des chevaux et poneys atteints du syndrome de Cushing (DPIH).  Bienfaits essentiels :\u00a0   Soutien nutritionnel adapt\u00e9 aux chevaux atteints du syndrome de Cushing (DPIH).  Formule contenant des ingr\u00e9dients sp\u00e9cifiquement s\u00e9lectionn\u00e9s.  Sans ingr\u00e9dients d'origine animale et sans colorant.  Peut-\u00eatre utilis\u00e9 ponctuellement ou en continu toute l'ann\u00e9e.  Dosage ajustable en fonction des besoins de chaque animal.  Permet jusqu'\u00e0 60 jours d'utilisation en dose de soutien.  Demandez conseil \u00e0 votre v\u00e9t\u00e9rinaire.","og_url":"https:\/\/www.vetorino.com\/veterinaire\/plouzevede-29440\/boutique\/product\/ekycush-control\/","og_site_name":"V\u00e9torino","article_publisher":"https:\/\/www.facebook.com\/Vetorino\/","article_modified_time":"2025-02-19T15:19:45+00:00","og_image":[{"width":500,"height":500,"url":"https:\/\/www.vetorino.com\/boutique\/wp-content\/uploads\/2024\/03\/ekycush-control.png","type":"image\/png"}],"twitter_card":"summary_large_image","twitter_misc":{"Disponibilit\u00e9":"En stock"},"schema":{"@context":"https:\/\/schema.org","@graph":[{"@type":"WebPage","@id":"https:\/\/www.vetorino.com\/boutique\/product\/ekycush-control\/","url":"https:\/\/www.vetorino.com\/boutique\/product\/ekycush-control\/","name":"Ekycush Control Audevard - V\u00e9torino","isPartOf":{"@id":"https:\/\/www.vetorino.com\/boutique\/#website"},"primaryImageOfPage":{"@id":"https:\/\/www.vetorino.com\/boutique\/product\/ekycush-control\/#primaryimage"},"image":{"@id":"https:\/\/www.vetorino.com\/boutique\/product\/ekycush-control\/#primaryimage"},"thumbnailUrl":"https:\/\/www.vetorino.com\/boutique\/wp-content\/uploads\/2024\/03\/ekycush-control.png","datePublished":"2024-03-07T09:08:31+00:00","dateModified":"2025-02-19T15:19:45+00:00","description":"Apports nutritionnels compl\u00e9mentaires adapt\u00e9s au soutien des chevaux et poneys atteints du syndrome de Cushing (DPIH). Bienfaits essentiels :\u00a0 Soutien nutritionnel adapt\u00e9 aux chevaux atteints du syndrome de Cushing (DPIH). Formule contenant des ingr\u00e9dients sp\u00e9cifiquement s\u00e9lectionn\u00e9s. Sans ingr\u00e9dients d'origine animale et sans colorant. Peut-\u00eatre utilis\u00e9 ponctuellement ou en continu toute l'ann\u00e9e. Dosage ajustable en fonction des besoins de chaque animal. Permet jusqu'\u00e0 60 jours d'utilisation en dose de soutien. Demandez conseil \u00e0 votre v\u00e9t\u00e9rinaire.","breadcrumb":{"@id":"https:\/\/www.vetorino.com\/boutique\/product\/ekycush-control\/#breadcrumb"},"inLanguage":"fr-FR","potentialAction":[{"@type":"ReadAction","target":["https:\/\/www.vetorino.com\/boutique\/product\/ekycush-control\/"]}]},{"@type":"ImageObject","inLanguage":"fr-FR","@id":"https:\/\/www.vetorino.com\/boutique\/product\/ekycush-control\/#primaryimage","url":"https:\/\/www.vetorino.com\/boutique\/wp-content\/uploads\/2024\/03\/ekycush-control.png","contentUrl":"https:\/\/www.vetorino.com\/boutique\/wp-content\/uploads\/2024\/03\/ekycush-control.png","width":500,"height":500},{"@type":"BreadcrumbList","@id":"https:\/\/www.vetorino.com\/boutique\/product\/ekycush-control\/#breadcrumb","itemListElement":[{"@type":"ListItem","position":1,"name":"Accueil","item":"https:\/\/www.vetorino.com\/boutique\/"},{"@type":"ListItem","position":2,"name":"Produits","item":"https:\/\/www.vetorino.com\/boutique\/"},{"@type":"ListItem","position":3,"name":"Ekycush Control"}]},{"@type":"WebSite","@id":"https:\/\/www.vetorino.com\/boutique\/#website","url":"https:\/\/www.vetorino.com\/boutique\/","name":"V\u00e9torino","description":"","publisher":{"@id":"https:\/\/www.vetorino.com\/boutique\/#organization"},"potentialAction":[{"@type":"SearchAction","target":{"@type":"EntryPoint","urlTemplate":"https:\/\/www.vetorino.com\/boutique\/?s={search_term_string}"},"query-input":{"@type":"PropertyValueSpecification","valueRequired":true,"valueName":"search_term_string"}}],"inLanguage":"fr-FR"},{"@type":"Organization","@id":"https:\/\/www.vetorino.com\/boutique\/#organization","name":"V\u00e9torino","url":"https:\/\/www.vetorino.com\/boutique\/","logo":{"@type":"ImageObject","inLanguage":"fr-FR","@id":"https:\/\/www.vetorino.com\/boutique\/#\/schema\/logo\/image\/","url":"https:\/\/www.vetorino.com\/boutique\/wp-content\/uploads\/2024\/10\/logo.jpg","contentUrl":"https:\/\/www.vetorino.com\/boutique\/wp-content\/uploads\/2024\/10\/logo.jpg","width":1200,"height":610,"caption":"V\u00e9torino"},"image":{"@id":"https:\/\/www.vetorino.com\/boutique\/#\/schema\/logo\/image\/"},"sameAs":["https:\/\/www.facebook.com\/Vetorino\/","https:\/\/www.instagram.com\/vetorino_off\/","https:\/\/www.linkedin.com\/company\/vtorino\/"]}]},"product_brand":"Audevard","og_availability":"instock","product_availability":"instock","product_condition":"new"},"_links":{"self":[{"href":"https:\/\/www.vetorino.com\/veterinaire\/plouzevede-29440\/boutique\/wp-json\/wp\/v2\/product\/859761","targetHints":{"allow":["GET"]}}],"collection":[{"href":"https:\/\/www.vetorino.com\/veterinaire\/plouzevede-29440\/boutique\/wp-json\/wp\/v2\/product"}],"about":[{"href":"https:\/\/www.vetorino.com\/veterinaire\/plouzevede-29440\/boutique\/wp-json\/wp\/v2\/types\/product"}],"wp:featuredmedia":[{"embeddable":true,"href":"https:\/\/www.vetorino.com\/veterinaire\/plouzevede-29440\/boutique\/wp-json\/wp\/v2\/media\/859783"}],"wp:attachment":[{"href":"https:\/\/www.vetorino.com\/veterinaire\/plouzevede-29440\/boutique\/wp-json\/wp\/v2\/media?parent=859761"}],"wp:term":[{"taxonomy":"product_cat","embeddable":true,"href":"https:\/\/www.vetorino.com\/veterinaire\/plouzevede-29440\/boutique\/wp-json\/wp\/v2\/product_cat?post=859761"},{"taxonomy":"product_tag","embeddable":true,"href":"https:\/\/www.vetorino.com\/veterinaire\/plouzevede-29440\/boutique\/wp-json\/wp\/v2\/product_tag?post=859761"}],"curies":[{"name":"wp","href":"https:\/\/api.w.org\/{rel}","templated":true}]}}