{"id":897463,"date":"2024-04-16T14:53:08","date_gmt":"2024-04-16T12:53:08","guid":{"rendered":"https:\/\/www.vetorino.com\/boutique\/product\/furminator-deshedding-cheval\/"},"modified":"2024-04-22T12:30:32","modified_gmt":"2024-04-22T10:30:32","slug":"furminator-deshedding-cheval","status":"publish","type":"product","link":"https:\/\/www.vetorino.com\/veterinaire\/plouzevede-29440\/boutique\/product\/furminator-deshedding-cheval\/","title":{"rendered":"FURminator \u00c9quid\u00e9s"},"content":{"rendered":"<p><strong>La lame deShedding en acier inoxydable atteint facilement le sous-poil pour retirer en toute s\u00e9curit\u00e9 les poils morts sans endommager le poil de couverture ni risquer de couper la peau.<\/strong><\/p>\n<h4 class=\"headline-sm mb-8\">B\u00e9n\u00e9fices cl\u00e9s<\/h4>\n<ul class=\"features list-check\">\n<li style=\"list-style-type: none\">\n<ul class=\"features list-check\">\n<li>La lame en acier inoxydable \u00e9limine facilement et en toute s\u00e9curit\u00e9 les poils morts et le sous-poil<\/li>\n<\/ul>\n<\/li>\n<\/ul>\n<ul class=\"features list-check\">\n<li>Toilettez votre animal sans risquer d\u2019endommager le poil de couverture ni de couper la peau.<\/li>\n<li>Skin Guard\u00ae emp\u00eache les bords de s\u2019enfoncer<\/li>\n<li>Le bord incurv\u00e9 s\u2019adapte \u00e0 la morphologie naturelle de l\u2019animal<\/li>\n<li>Bouton-poussoir FURejector\u00ae \u00e9vacuant facilement les poils retenus par l&#8217;outil<\/li>\n<li>L\u2019\u00e9tui de protection de la lame pr\u00e9serve les dents des dommages lorsque l\u2019outil est rang\u00e9<\/li>\n<li>Manche ergonomique gage de confort et de simplicit\u00e9 d&#8217;utilisation<\/li>\n<li>R\u00e9duit le pelage d\u2019hiver et la perte de poils de jusqu\u2019\u00e0 90 %.<\/li>\n<li>Convient \u00e0 toutes les races et \u00e0 toutes les \u00e9tapes de la vie<\/li>\n<\/ul>\n<p>&nbsp;<\/p>\n","protected":false},"excerpt":{"rendered":"<p>Le FURminator\u00ae Undercoat deShedding Tool pour les chevaux de toutes races et \u00e0 toutes les \u00e9tapes de la vie aide \u00e0 retirer le pelage d\u2019hiver et r\u00e9duit la quantit\u00e9 de poils morts de jusqu\u2019\u00e0 90 %.<\/p>\n","protected":false},"featured_media":902298,"template":"","meta":[],"product_cat":[12549,12547,12762,12760,12565],"product_tag":[],"class_list":{"0":"post-897463","1":"product","2":"type-product","3":"status-publish","4":"has-post-thumbnail","6":"product_cat-accessoires-du-cheval","7":"product_cat-cheval","8":"product_cat-hygiene-des-batiments","9":"product_cat-materiel-et-equipement-du-cheval","10":"product_cat-peau-corne-crin-du-cheval","11":"pa_marque-furminator","13":"first","14":"outofstock","15":"taxable","16":"shipping-taxable","17":"purchasable","18":"product-type-simple"},"yoast_head":"<!-- This site is optimized with the Yoast SEO plugin v27.3 - https:\/\/yoast.com\/product\/yoast-seo-wordpress\/ -->\n<title>FURminator \u00c9quid\u00e9s Furminator - V\u00e9torino<\/title>\n<meta name=\"description\" content=\"Le FURminator\u00ae Undercoat deShedding Tool pour les chevaux de toutes races et \u00e0 toutes les \u00e9tapes de la vie aide \u00e0 retirer le pelage d\u2019hiver et r\u00e9duit la quantit\u00e9 de poils morts de jusqu\u2019\u00e0 90 %.\" \/>\n<meta name=\"robots\" content=\"noindex, nofollow\" \/>\n<meta property=\"og:locale\" content=\"fr_FR\" \/>\n<meta property=\"og:type\" content=\"article\" \/>\n<meta property=\"og:title\" content=\"FURminator \u00c9quid\u00e9s Furminator - V\u00e9torino\" \/>\n<meta property=\"og:description\" content=\"Le FURminator\u00ae Undercoat deShedding Tool pour les chevaux de toutes races et \u00e0 toutes les \u00e9tapes de la vie aide \u00e0 retirer le pelage d\u2019hiver et r\u00e9duit la quantit\u00e9 de poils morts de jusqu\u2019\u00e0 90 %.\" \/>\n<meta property=\"og:url\" content=\"https:\/\/www.vetorino.com\/veterinaire\/plouzevede-29440\/boutique\/product\/furminator-deshedding-cheval\/\" \/>\n<meta property=\"og:site_name\" content=\"V\u00e9torino\" \/>\n<meta property=\"article:publisher\" content=\"https:\/\/www.facebook.com\/Vetorino\/\" \/>\n<meta property=\"article:modified_time\" content=\"2024-04-22T10:30:32+00:00\" \/>\n<meta property=\"og:image\" content=\"https:\/\/www.vetorino.com\/boutique\/wp-content\/uploads\/2024\/04\/csm_TR30391_741454_26062f0ea7.webp\" \/>\n\t<meta property=\"og:image:width\" content=\"800\" \/>\n\t<meta property=\"og:image:height\" content=\"800\" \/>\n\t<meta property=\"og:image:type\" content=\"image\/webp\" \/>\n<meta name=\"twitter:card\" content=\"summary_large_image\" \/>\n<meta name=\"twitter:label1\" content=\"Prix\" \/>\n\t<meta name=\"twitter:data1\" content=\"51,59&euro;\" \/>\n\t<meta name=\"twitter:label2\" content=\"Disponibilit\u00e9\" \/>\n\t<meta name=\"twitter:data2\" content=\"Rupture de stock\" \/>\n<script type=\"application\/ld+json\" class=\"yoast-schema-graph\">{\"@context\":\"https:\\\/\\\/schema.org\",\"@graph\":[{\"@type\":\"WebPage\",\"@id\":\"https:\\\/\\\/www.vetorino.com\\\/boutique\\\/product\\\/furminator-deshedding-cheval\\\/\",\"url\":\"https:\\\/\\\/www.vetorino.com\\\/boutique\\\/product\\\/furminator-deshedding-cheval\\\/\",\"name\":\"FURminator \u00c9quid\u00e9s Furminator - V\u00e9torino\",\"isPartOf\":{\"@id\":\"https:\\\/\\\/www.vetorino.com\\\/boutique\\\/#website\"},\"primaryImageOfPage\":{\"@id\":\"https:\\\/\\\/www.vetorino.com\\\/boutique\\\/product\\\/furminator-deshedding-cheval\\\/#primaryimage\"},\"image\":{\"@id\":\"https:\\\/\\\/www.vetorino.com\\\/boutique\\\/product\\\/furminator-deshedding-cheval\\\/#primaryimage\"},\"thumbnailUrl\":\"https:\\\/\\\/www.vetorino.com\\\/boutique\\\/wp-content\\\/uploads\\\/2024\\\/04\\\/csm_TR30391_741454_26062f0ea7.webp\",\"datePublished\":\"2024-04-16T12:53:08+00:00\",\"dateModified\":\"2024-04-22T10:30:32+00:00\",\"description\":\"Le FURminator\u00ae Undercoat deShedding Tool pour les chevaux de toutes races et \u00e0 toutes les \u00e9tapes de la vie aide \u00e0 retirer le pelage d\u2019hiver et r\u00e9duit la quantit\u00e9 de poils morts de jusqu\u2019\u00e0 90 %.\",\"breadcrumb\":{\"@id\":\"https:\\\/\\\/www.vetorino.com\\\/boutique\\\/product\\\/furminator-deshedding-cheval\\\/#breadcrumb\"},\"inLanguage\":\"fr-FR\",\"potentialAction\":[{\"@type\":\"ReadAction\",\"target\":[\"https:\\\/\\\/www.vetorino.com\\\/boutique\\\/product\\\/furminator-deshedding-cheval\\\/\"]}]},{\"@type\":\"ImageObject\",\"inLanguage\":\"fr-FR\",\"@id\":\"https:\\\/\\\/www.vetorino.com\\\/boutique\\\/product\\\/furminator-deshedding-cheval\\\/#primaryimage\",\"url\":\"https:\\\/\\\/www.vetorino.com\\\/boutique\\\/wp-content\\\/uploads\\\/2024\\\/04\\\/csm_TR30391_741454_26062f0ea7.webp\",\"contentUrl\":\"https:\\\/\\\/www.vetorino.com\\\/boutique\\\/wp-content\\\/uploads\\\/2024\\\/04\\\/csm_TR30391_741454_26062f0ea7.webp\",\"width\":800,\"height\":800},{\"@type\":\"BreadcrumbList\",\"@id\":\"https:\\\/\\\/www.vetorino.com\\\/boutique\\\/product\\\/furminator-deshedding-cheval\\\/#breadcrumb\",\"itemListElement\":[{\"@type\":\"ListItem\",\"position\":1,\"name\":\"Accueil\",\"item\":\"https:\\\/\\\/www.vetorino.com\\\/boutique\\\/\"},{\"@type\":\"ListItem\",\"position\":2,\"name\":\"Produits\",\"item\":\"https:\\\/\\\/www.vetorino.com\\\/boutique\\\/\"},{\"@type\":\"ListItem\",\"position\":3,\"name\":\"FURminator \u00c9quid\u00e9s\"}]},{\"@type\":\"WebSite\",\"@id\":\"https:\\\/\\\/www.vetorino.com\\\/boutique\\\/#website\",\"url\":\"https:\\\/\\\/www.vetorino.com\\\/boutique\\\/\",\"name\":\"V\u00e9torino\",\"description\":\"\",\"publisher\":{\"@id\":\"https:\\\/\\\/www.vetorino.com\\\/boutique\\\/#organization\"},\"potentialAction\":[{\"@type\":\"SearchAction\",\"target\":{\"@type\":\"EntryPoint\",\"urlTemplate\":\"https:\\\/\\\/www.vetorino.com\\\/boutique\\\/?s={search_term_string}\"},\"query-input\":{\"@type\":\"PropertyValueSpecification\",\"valueRequired\":true,\"valueName\":\"search_term_string\"}}],\"inLanguage\":\"fr-FR\"},{\"@type\":\"Organization\",\"@id\":\"https:\\\/\\\/www.vetorino.com\\\/boutique\\\/#organization\",\"name\":\"V\u00e9torino\",\"url\":\"https:\\\/\\\/www.vetorino.com\\\/boutique\\\/\",\"logo\":{\"@type\":\"ImageObject\",\"inLanguage\":\"fr-FR\",\"@id\":\"https:\\\/\\\/www.vetorino.com\\\/boutique\\\/#\\\/schema\\\/logo\\\/image\\\/\",\"url\":\"https:\\\/\\\/www.vetorino.com\\\/boutique\\\/wp-content\\\/uploads\\\/2024\\\/10\\\/logo.jpg\",\"contentUrl\":\"https:\\\/\\\/www.vetorino.com\\\/boutique\\\/wp-content\\\/uploads\\\/2024\\\/10\\\/logo.jpg\",\"width\":1200,\"height\":610,\"caption\":\"V\u00e9torino\"},\"image\":{\"@id\":\"https:\\\/\\\/www.vetorino.com\\\/boutique\\\/#\\\/schema\\\/logo\\\/image\\\/\"},\"sameAs\":[\"https:\\\/\\\/www.facebook.com\\\/Vetorino\\\/\",\"https:\\\/\\\/www.instagram.com\\\/vetorino_off\\\/\",\"https:\\\/\\\/www.linkedin.com\\\/company\\\/vtorino\\\/\"]}]}<\/script>\n<meta property=\"product:brand\" content=\"Furminator\" \/>\n<meta property=\"product:price:amount\" content=\"51.59\" \/>\n<meta property=\"product:price:currency\" content=\"EUR\" \/>\n<meta property=\"og:availability\" content=\"out of stock\" \/>\n<meta property=\"product:availability\" content=\"out of stock\" \/>\n<meta property=\"product:retailer_item_id\" content=\"A-1092920\" \/>\n<meta property=\"product:condition\" content=\"new\" \/>\n<!-- \/ Yoast SEO plugin. -->","yoast_head_json":{"title":"FURminator \u00c9quid\u00e9s Furminator - V\u00e9torino","description":"Le FURminator\u00ae Undercoat deShedding Tool pour les chevaux de toutes races et \u00e0 toutes les \u00e9tapes de la vie aide \u00e0 retirer le pelage d\u2019hiver et r\u00e9duit la quantit\u00e9 de poils morts de jusqu\u2019\u00e0 90 %.","robots":{"index":"noindex","follow":"nofollow"},"og_locale":"fr_FR","og_type":"article","og_title":"FURminator \u00c9quid\u00e9s Furminator - V\u00e9torino","og_description":"Le FURminator\u00ae Undercoat deShedding Tool pour les chevaux de toutes races et \u00e0 toutes les \u00e9tapes de la vie aide \u00e0 retirer le pelage d\u2019hiver et r\u00e9duit la quantit\u00e9 de poils morts de jusqu\u2019\u00e0 90 %.","og_url":"https:\/\/www.vetorino.com\/veterinaire\/plouzevede-29440\/boutique\/product\/furminator-deshedding-cheval\/","og_site_name":"V\u00e9torino","article_publisher":"https:\/\/www.facebook.com\/Vetorino\/","article_modified_time":"2024-04-22T10:30:32+00:00","og_image":[{"width":800,"height":800,"url":"https:\/\/www.vetorino.com\/boutique\/wp-content\/uploads\/2024\/04\/csm_TR30391_741454_26062f0ea7.webp","type":"image\/webp"}],"twitter_card":"summary_large_image","twitter_misc":{"Prix":"51,59&euro;","Disponibilit\u00e9":"Rupture de stock"},"schema":{"@context":"https:\/\/schema.org","@graph":[{"@type":"WebPage","@id":"https:\/\/www.vetorino.com\/boutique\/product\/furminator-deshedding-cheval\/","url":"https:\/\/www.vetorino.com\/boutique\/product\/furminator-deshedding-cheval\/","name":"FURminator \u00c9quid\u00e9s Furminator - V\u00e9torino","isPartOf":{"@id":"https:\/\/www.vetorino.com\/boutique\/#website"},"primaryImageOfPage":{"@id":"https:\/\/www.vetorino.com\/boutique\/product\/furminator-deshedding-cheval\/#primaryimage"},"image":{"@id":"https:\/\/www.vetorino.com\/boutique\/product\/furminator-deshedding-cheval\/#primaryimage"},"thumbnailUrl":"https:\/\/www.vetorino.com\/boutique\/wp-content\/uploads\/2024\/04\/csm_TR30391_741454_26062f0ea7.webp","datePublished":"2024-04-16T12:53:08+00:00","dateModified":"2024-04-22T10:30:32+00:00","description":"Le FURminator\u00ae Undercoat deShedding Tool pour les chevaux de toutes races et \u00e0 toutes les \u00e9tapes de la vie aide \u00e0 retirer le pelage d\u2019hiver et r\u00e9duit la quantit\u00e9 de poils morts de jusqu\u2019\u00e0 90 %.","breadcrumb":{"@id":"https:\/\/www.vetorino.com\/boutique\/product\/furminator-deshedding-cheval\/#breadcrumb"},"inLanguage":"fr-FR","potentialAction":[{"@type":"ReadAction","target":["https:\/\/www.vetorino.com\/boutique\/product\/furminator-deshedding-cheval\/"]}]},{"@type":"ImageObject","inLanguage":"fr-FR","@id":"https:\/\/www.vetorino.com\/boutique\/product\/furminator-deshedding-cheval\/#primaryimage","url":"https:\/\/www.vetorino.com\/boutique\/wp-content\/uploads\/2024\/04\/csm_TR30391_741454_26062f0ea7.webp","contentUrl":"https:\/\/www.vetorino.com\/boutique\/wp-content\/uploads\/2024\/04\/csm_TR30391_741454_26062f0ea7.webp","width":800,"height":800},{"@type":"BreadcrumbList","@id":"https:\/\/www.vetorino.com\/boutique\/product\/furminator-deshedding-cheval\/#breadcrumb","itemListElement":[{"@type":"ListItem","position":1,"name":"Accueil","item":"https:\/\/www.vetorino.com\/boutique\/"},{"@type":"ListItem","position":2,"name":"Produits","item":"https:\/\/www.vetorino.com\/boutique\/"},{"@type":"ListItem","position":3,"name":"FURminator \u00c9quid\u00e9s"}]},{"@type":"WebSite","@id":"https:\/\/www.vetorino.com\/boutique\/#website","url":"https:\/\/www.vetorino.com\/boutique\/","name":"V\u00e9torino","description":"","publisher":{"@id":"https:\/\/www.vetorino.com\/boutique\/#organization"},"potentialAction":[{"@type":"SearchAction","target":{"@type":"EntryPoint","urlTemplate":"https:\/\/www.vetorino.com\/boutique\/?s={search_term_string}"},"query-input":{"@type":"PropertyValueSpecification","valueRequired":true,"valueName":"search_term_string"}}],"inLanguage":"fr-FR"},{"@type":"Organization","@id":"https:\/\/www.vetorino.com\/boutique\/#organization","name":"V\u00e9torino","url":"https:\/\/www.vetorino.com\/boutique\/","logo":{"@type":"ImageObject","inLanguage":"fr-FR","@id":"https:\/\/www.vetorino.com\/boutique\/#\/schema\/logo\/image\/","url":"https:\/\/www.vetorino.com\/boutique\/wp-content\/uploads\/2024\/10\/logo.jpg","contentUrl":"https:\/\/www.vetorino.com\/boutique\/wp-content\/uploads\/2024\/10\/logo.jpg","width":1200,"height":610,"caption":"V\u00e9torino"},"image":{"@id":"https:\/\/www.vetorino.com\/boutique\/#\/schema\/logo\/image\/"},"sameAs":["https:\/\/www.facebook.com\/Vetorino\/","https:\/\/www.instagram.com\/vetorino_off\/","https:\/\/www.linkedin.com\/company\/vtorino\/"]}]},"product_brand":"Furminator","product_price_amount":"51.59","product_price_currency":"EUR","og_availability":"out of stock","product_availability":"out of stock","product_retailer_item_id":"A-1092920","product_condition":"new"},"_links":{"self":[{"href":"https:\/\/www.vetorino.com\/veterinaire\/plouzevede-29440\/boutique\/wp-json\/wp\/v2\/product\/897463","targetHints":{"allow":["GET"]}}],"collection":[{"href":"https:\/\/www.vetorino.com\/veterinaire\/plouzevede-29440\/boutique\/wp-json\/wp\/v2\/product"}],"about":[{"href":"https:\/\/www.vetorino.com\/veterinaire\/plouzevede-29440\/boutique\/wp-json\/wp\/v2\/types\/product"}],"wp:featuredmedia":[{"embeddable":true,"href":"https:\/\/www.vetorino.com\/veterinaire\/plouzevede-29440\/boutique\/wp-json\/wp\/v2\/media\/902298"}],"wp:attachment":[{"href":"https:\/\/www.vetorino.com\/veterinaire\/plouzevede-29440\/boutique\/wp-json\/wp\/v2\/media?parent=897463"}],"wp:term":[{"taxonomy":"product_cat","embeddable":true,"href":"https:\/\/www.vetorino.com\/veterinaire\/plouzevede-29440\/boutique\/wp-json\/wp\/v2\/product_cat?post=897463"},{"taxonomy":"product_tag","embeddable":true,"href":"https:\/\/www.vetorino.com\/veterinaire\/plouzevede-29440\/boutique\/wp-json\/wp\/v2\/product_tag?post=897463"}],"curies":[{"name":"wp","href":"https:\/\/api.w.org\/{rel}","templated":true}]}}