{"id":914794,"date":"2024-05-06T09:45:36","date_gmt":"2024-05-06T07:45:36","guid":{"rendered":"https:\/\/www.vetorino.com\/boutique\/product\/pro-fibre-lapin-2\/"},"modified":"2024-05-06T09:56:42","modified_gmt":"2024-05-06T07:56:42","slug":"pro-fibre-lapin-2","status":"publish","type":"product","link":"https:\/\/www.vetorino.com\/veterinaire\/plouzevede-29440\/boutique\/product\/pro-fibre-lapin-2\/","title":{"rendered":"Pro-Fibre pour lapin"},"content":{"rendered":"<p><strong>Contribue \u00e0 une fonction digestive physiologique optimale.<\/strong><\/p>\n<p><strong>Utilisation :<\/strong><\/p>\n<ul>\n<li>Pour les lapins.<\/li>\n<li>Contribue \u00e0 une fonction digestive physiologique optimale et \u00e0 la sant\u00e9 de l\u2019intestin. Pro fibre contient un probiotique, des pr\u00e9biotiques ainsi que des fibres solubles et insolubles.<\/li>\n<\/ul>\n<p><strong>Mode d&#8217;emploi :<\/strong><\/p>\n<p>Donner \u00bd \u00e0 2 cuill\u00e8res doseuses par jour selon le poids du lapin dans un autre r\u00e9cipient que le r\u00e9cipient contenant l\u2019alimentation habituelle.<\/p>\n<p><strong>Avantages :<\/strong><\/p>\n<ul>\n<li>Aide au maintien de l&#8217;\u00e9quilibre digestif.<\/li>\n<li>Permet de pr\u00e9venir et de corriger les d\u00e9sagr\u00e9ments digestifs.<\/li>\n<\/ul>\n","protected":false},"excerpt":{"rendered":"<p><strong>Pro-Fibre pour lapin est un aliment compl\u00e9mentaire pour lapin, qui se pr\u00e9sente sous forme de granul\u00e9 aromatis\u00e9 au pissenlit. Riche en fibres, en probiotique et en pr\u00e9biotiques, il contribue \u00e0 une fonction digestive optimale et au bien-\u00eatre de l\u2019intestin au quotidien lors de dysbiose ou en cas de stress important.<\/strong><\/p>\n<p><b>Utilisation<\/b><\/p>\n<p>Maintient de l&#8217;\u00e9quilibre digestive\u00a0et de la sant\u00e9 de l&#8217;intestin chez le lapin.<\/p>\n","protected":false},"featured_media":914805,"template":"","meta":[],"product_cat":[12578,12659,12665,12563],"product_tag":[],"class_list":{"0":"post-914794","1":"product","2":"type-product","3":"status-publish","4":"has-post-thumbnail","6":"product_cat-alimentation-du-lapin","7":"product_cat-alimentation-medicalisee-pour-lapin","8":"product_cat-complement-nutritionnel-pour-lapin","9":"product_cat-lapin","10":"pa_marque-tvm","12":"first","13":"instock","14":"taxable","15":"shipping-taxable","16":"purchasable","17":"product-type-simple"},"yoast_head":"<!-- This site is optimized with the Yoast SEO plugin v27.3 - https:\/\/yoast.com\/product\/yoast-seo-wordpress\/ -->\n<title>Pro-Fibre pour lapin D\u00f4mes Pharma TVM - V\u00e9torino<\/title>\n<meta name=\"description\" content=\"Pro-Fibre pour lapin est un aliment compl\u00e9mentaire pour lapin, qui se pr\u00e9sente sous forme de granul\u00e9 aromatis\u00e9 au pissenlit. Riche en fibres, en probiotique et en pr\u00e9biotiques, il contribue \u00e0 une fonction digestive optimale et au bien-\u00eatre de l\u2019intestin au quotidien lors de dysbiose ou en cas de stress important.  Utilisation  Maintient de l&#039;\u00e9quilibre digestive\u00a0et de la sant\u00e9 de l&#039;intestin chez le lapin.\" \/>\n<meta name=\"robots\" content=\"noindex, nofollow\" \/>\n<meta property=\"og:locale\" content=\"fr_FR\" \/>\n<meta property=\"og:type\" content=\"article\" \/>\n<meta property=\"og:title\" content=\"Pro-Fibre pour lapin D\u00f4mes Pharma TVM - V\u00e9torino\" \/>\n<meta property=\"og:description\" content=\"Pro-Fibre pour lapin est un aliment compl\u00e9mentaire pour lapin, qui se pr\u00e9sente sous forme de granul\u00e9 aromatis\u00e9 au pissenlit. Riche en fibres, en probiotique et en pr\u00e9biotiques, il contribue \u00e0 une fonction digestive optimale et au bien-\u00eatre de l\u2019intestin au quotidien lors de dysbiose ou en cas de stress important.  Utilisation  Maintient de l&#039;\u00e9quilibre digestive\u00a0et de la sant\u00e9 de l&#039;intestin chez le lapin.\" \/>\n<meta property=\"og:url\" content=\"https:\/\/www.vetorino.com\/veterinaire\/plouzevede-29440\/boutique\/product\/pro-fibre-lapin-2\/\" \/>\n<meta property=\"og:site_name\" content=\"V\u00e9torino\" \/>\n<meta property=\"article:publisher\" content=\"https:\/\/www.facebook.com\/Vetorino\/\" \/>\n<meta property=\"article:modified_time\" content=\"2024-05-06T07:56:42+00:00\" \/>\n<meta property=\"og:image\" content=\"https:\/\/www.vetorino.com\/boutique\/wp-content\/uploads\/2024\/05\/pro-fibre-pour-lapin-1.webp\" \/>\n\t<meta property=\"og:image:width\" content=\"800\" \/>\n\t<meta property=\"og:image:height\" content=\"800\" \/>\n\t<meta property=\"og:image:type\" content=\"image\/webp\" \/>\n<meta name=\"twitter:card\" content=\"summary_large_image\" \/>\n<meta name=\"twitter:label1\" content=\"Prix\" \/>\n\t<meta name=\"twitter:data1\" content=\"26,74&euro;\" \/>\n\t<meta name=\"twitter:label2\" content=\"Disponibilit\u00e9\" \/>\n\t<meta name=\"twitter:data2\" content=\"En stock\" \/>\n<script type=\"application\/ld+json\" class=\"yoast-schema-graph\">{\"@context\":\"https:\\\/\\\/schema.org\",\"@graph\":[{\"@type\":\"WebPage\",\"@id\":\"https:\\\/\\\/www.vetorino.com\\\/boutique\\\/product\\\/pro-fibre-lapin-2\\\/\",\"url\":\"https:\\\/\\\/www.vetorino.com\\\/boutique\\\/product\\\/pro-fibre-lapin-2\\\/\",\"name\":\"Pro-Fibre pour lapin D\u00f4mes Pharma TVM - V\u00e9torino\",\"isPartOf\":{\"@id\":\"https:\\\/\\\/www.vetorino.com\\\/boutique\\\/#website\"},\"primaryImageOfPage\":{\"@id\":\"https:\\\/\\\/www.vetorino.com\\\/boutique\\\/product\\\/pro-fibre-lapin-2\\\/#primaryimage\"},\"image\":{\"@id\":\"https:\\\/\\\/www.vetorino.com\\\/boutique\\\/product\\\/pro-fibre-lapin-2\\\/#primaryimage\"},\"thumbnailUrl\":\"https:\\\/\\\/www.vetorino.com\\\/boutique\\\/wp-content\\\/uploads\\\/2024\\\/05\\\/pro-fibre-pour-lapin-1.webp\",\"datePublished\":\"2024-05-06T07:45:36+00:00\",\"dateModified\":\"2024-05-06T07:56:42+00:00\",\"description\":\"Pro-Fibre pour lapin est un aliment compl\u00e9mentaire pour lapin, qui se pr\u00e9sente sous forme de granul\u00e9 aromatis\u00e9 au pissenlit. Riche en fibres, en probiotique et en pr\u00e9biotiques, il contribue \u00e0 une fonction digestive optimale et au bien-\u00eatre de l\u2019intestin au quotidien lors de dysbiose ou en cas de stress important. Utilisation Maintient de l'\u00e9quilibre digestive\u00a0et de la sant\u00e9 de l'intestin chez le lapin.\",\"breadcrumb\":{\"@id\":\"https:\\\/\\\/www.vetorino.com\\\/boutique\\\/product\\\/pro-fibre-lapin-2\\\/#breadcrumb\"},\"inLanguage\":\"fr-FR\",\"potentialAction\":[{\"@type\":\"ReadAction\",\"target\":[\"https:\\\/\\\/www.vetorino.com\\\/boutique\\\/product\\\/pro-fibre-lapin-2\\\/\"]}]},{\"@type\":\"ImageObject\",\"inLanguage\":\"fr-FR\",\"@id\":\"https:\\\/\\\/www.vetorino.com\\\/boutique\\\/product\\\/pro-fibre-lapin-2\\\/#primaryimage\",\"url\":\"https:\\\/\\\/www.vetorino.com\\\/boutique\\\/wp-content\\\/uploads\\\/2024\\\/05\\\/pro-fibre-pour-lapin-1.webp\",\"contentUrl\":\"https:\\\/\\\/www.vetorino.com\\\/boutique\\\/wp-content\\\/uploads\\\/2024\\\/05\\\/pro-fibre-pour-lapin-1.webp\",\"width\":800,\"height\":800},{\"@type\":\"BreadcrumbList\",\"@id\":\"https:\\\/\\\/www.vetorino.com\\\/boutique\\\/product\\\/pro-fibre-lapin-2\\\/#breadcrumb\",\"itemListElement\":[{\"@type\":\"ListItem\",\"position\":1,\"name\":\"Accueil\",\"item\":\"https:\\\/\\\/www.vetorino.com\\\/boutique\\\/\"},{\"@type\":\"ListItem\",\"position\":2,\"name\":\"Produits\",\"item\":\"https:\\\/\\\/www.vetorino.com\\\/boutique\\\/\"},{\"@type\":\"ListItem\",\"position\":3,\"name\":\"Pro-Fibre pour lapin\"}]},{\"@type\":\"WebSite\",\"@id\":\"https:\\\/\\\/www.vetorino.com\\\/boutique\\\/#website\",\"url\":\"https:\\\/\\\/www.vetorino.com\\\/boutique\\\/\",\"name\":\"V\u00e9torino\",\"description\":\"\",\"publisher\":{\"@id\":\"https:\\\/\\\/www.vetorino.com\\\/boutique\\\/#organization\"},\"potentialAction\":[{\"@type\":\"SearchAction\",\"target\":{\"@type\":\"EntryPoint\",\"urlTemplate\":\"https:\\\/\\\/www.vetorino.com\\\/boutique\\\/?s={search_term_string}\"},\"query-input\":{\"@type\":\"PropertyValueSpecification\",\"valueRequired\":true,\"valueName\":\"search_term_string\"}}],\"inLanguage\":\"fr-FR\"},{\"@type\":\"Organization\",\"@id\":\"https:\\\/\\\/www.vetorino.com\\\/boutique\\\/#organization\",\"name\":\"V\u00e9torino\",\"url\":\"https:\\\/\\\/www.vetorino.com\\\/boutique\\\/\",\"logo\":{\"@type\":\"ImageObject\",\"inLanguage\":\"fr-FR\",\"@id\":\"https:\\\/\\\/www.vetorino.com\\\/boutique\\\/#\\\/schema\\\/logo\\\/image\\\/\",\"url\":\"https:\\\/\\\/www.vetorino.com\\\/boutique\\\/wp-content\\\/uploads\\\/2024\\\/10\\\/logo.jpg\",\"contentUrl\":\"https:\\\/\\\/www.vetorino.com\\\/boutique\\\/wp-content\\\/uploads\\\/2024\\\/10\\\/logo.jpg\",\"width\":1200,\"height\":610,\"caption\":\"V\u00e9torino\"},\"image\":{\"@id\":\"https:\\\/\\\/www.vetorino.com\\\/boutique\\\/#\\\/schema\\\/logo\\\/image\\\/\"},\"sameAs\":[\"https:\\\/\\\/www.facebook.com\\\/Vetorino\\\/\",\"https:\\\/\\\/www.instagram.com\\\/vetorino_off\\\/\",\"https:\\\/\\\/www.linkedin.com\\\/company\\\/vtorino\\\/\"]}]}<\/script>\n<meta property=\"product:brand\" content=\"D\u00f4mes Pharma TVM\" \/>\n<meta property=\"product:price:amount\" content=\"26.74\" \/>\n<meta property=\"product:price:currency\" content=\"EUR\" \/>\n<meta property=\"og:availability\" content=\"instock\" \/>\n<meta property=\"product:availability\" content=\"instock\" \/>\n<meta property=\"product:retailer_item_id\" content=\"A-1883280\" \/>\n<meta property=\"product:condition\" content=\"new\" \/>\n<!-- \/ Yoast SEO plugin. -->","yoast_head_json":{"title":"Pro-Fibre pour lapin D\u00f4mes Pharma TVM - V\u00e9torino","description":"Pro-Fibre pour lapin est un aliment compl\u00e9mentaire pour lapin, qui se pr\u00e9sente sous forme de granul\u00e9 aromatis\u00e9 au pissenlit. Riche en fibres, en probiotique et en pr\u00e9biotiques, il contribue \u00e0 une fonction digestive optimale et au bien-\u00eatre de l\u2019intestin au quotidien lors de dysbiose ou en cas de stress important.  Utilisation  Maintient de l'\u00e9quilibre digestive\u00a0et de la sant\u00e9 de l'intestin chez le lapin.","robots":{"index":"noindex","follow":"nofollow"},"og_locale":"fr_FR","og_type":"article","og_title":"Pro-Fibre pour lapin D\u00f4mes Pharma TVM - V\u00e9torino","og_description":"Pro-Fibre pour lapin est un aliment compl\u00e9mentaire pour lapin, qui se pr\u00e9sente sous forme de granul\u00e9 aromatis\u00e9 au pissenlit. Riche en fibres, en probiotique et en pr\u00e9biotiques, il contribue \u00e0 une fonction digestive optimale et au bien-\u00eatre de l\u2019intestin au quotidien lors de dysbiose ou en cas de stress important.  Utilisation  Maintient de l'\u00e9quilibre digestive\u00a0et de la sant\u00e9 de l'intestin chez le lapin.","og_url":"https:\/\/www.vetorino.com\/veterinaire\/plouzevede-29440\/boutique\/product\/pro-fibre-lapin-2\/","og_site_name":"V\u00e9torino","article_publisher":"https:\/\/www.facebook.com\/Vetorino\/","article_modified_time":"2024-05-06T07:56:42+00:00","og_image":[{"width":800,"height":800,"url":"https:\/\/www.vetorino.com\/boutique\/wp-content\/uploads\/2024\/05\/pro-fibre-pour-lapin-1.webp","type":"image\/webp"}],"twitter_card":"summary_large_image","twitter_misc":{"Prix":"26,74&euro;","Disponibilit\u00e9":"En stock"},"schema":{"@context":"https:\/\/schema.org","@graph":[{"@type":"WebPage","@id":"https:\/\/www.vetorino.com\/boutique\/product\/pro-fibre-lapin-2\/","url":"https:\/\/www.vetorino.com\/boutique\/product\/pro-fibre-lapin-2\/","name":"Pro-Fibre pour lapin D\u00f4mes Pharma TVM - V\u00e9torino","isPartOf":{"@id":"https:\/\/www.vetorino.com\/boutique\/#website"},"primaryImageOfPage":{"@id":"https:\/\/www.vetorino.com\/boutique\/product\/pro-fibre-lapin-2\/#primaryimage"},"image":{"@id":"https:\/\/www.vetorino.com\/boutique\/product\/pro-fibre-lapin-2\/#primaryimage"},"thumbnailUrl":"https:\/\/www.vetorino.com\/boutique\/wp-content\/uploads\/2024\/05\/pro-fibre-pour-lapin-1.webp","datePublished":"2024-05-06T07:45:36+00:00","dateModified":"2024-05-06T07:56:42+00:00","description":"Pro-Fibre pour lapin est un aliment compl\u00e9mentaire pour lapin, qui se pr\u00e9sente sous forme de granul\u00e9 aromatis\u00e9 au pissenlit. Riche en fibres, en probiotique et en pr\u00e9biotiques, il contribue \u00e0 une fonction digestive optimale et au bien-\u00eatre de l\u2019intestin au quotidien lors de dysbiose ou en cas de stress important. Utilisation Maintient de l'\u00e9quilibre digestive\u00a0et de la sant\u00e9 de l'intestin chez le lapin.","breadcrumb":{"@id":"https:\/\/www.vetorino.com\/boutique\/product\/pro-fibre-lapin-2\/#breadcrumb"},"inLanguage":"fr-FR","potentialAction":[{"@type":"ReadAction","target":["https:\/\/www.vetorino.com\/boutique\/product\/pro-fibre-lapin-2\/"]}]},{"@type":"ImageObject","inLanguage":"fr-FR","@id":"https:\/\/www.vetorino.com\/boutique\/product\/pro-fibre-lapin-2\/#primaryimage","url":"https:\/\/www.vetorino.com\/boutique\/wp-content\/uploads\/2024\/05\/pro-fibre-pour-lapin-1.webp","contentUrl":"https:\/\/www.vetorino.com\/boutique\/wp-content\/uploads\/2024\/05\/pro-fibre-pour-lapin-1.webp","width":800,"height":800},{"@type":"BreadcrumbList","@id":"https:\/\/www.vetorino.com\/boutique\/product\/pro-fibre-lapin-2\/#breadcrumb","itemListElement":[{"@type":"ListItem","position":1,"name":"Accueil","item":"https:\/\/www.vetorino.com\/boutique\/"},{"@type":"ListItem","position":2,"name":"Produits","item":"https:\/\/www.vetorino.com\/boutique\/"},{"@type":"ListItem","position":3,"name":"Pro-Fibre pour lapin"}]},{"@type":"WebSite","@id":"https:\/\/www.vetorino.com\/boutique\/#website","url":"https:\/\/www.vetorino.com\/boutique\/","name":"V\u00e9torino","description":"","publisher":{"@id":"https:\/\/www.vetorino.com\/boutique\/#organization"},"potentialAction":[{"@type":"SearchAction","target":{"@type":"EntryPoint","urlTemplate":"https:\/\/www.vetorino.com\/boutique\/?s={search_term_string}"},"query-input":{"@type":"PropertyValueSpecification","valueRequired":true,"valueName":"search_term_string"}}],"inLanguage":"fr-FR"},{"@type":"Organization","@id":"https:\/\/www.vetorino.com\/boutique\/#organization","name":"V\u00e9torino","url":"https:\/\/www.vetorino.com\/boutique\/","logo":{"@type":"ImageObject","inLanguage":"fr-FR","@id":"https:\/\/www.vetorino.com\/boutique\/#\/schema\/logo\/image\/","url":"https:\/\/www.vetorino.com\/boutique\/wp-content\/uploads\/2024\/10\/logo.jpg","contentUrl":"https:\/\/www.vetorino.com\/boutique\/wp-content\/uploads\/2024\/10\/logo.jpg","width":1200,"height":610,"caption":"V\u00e9torino"},"image":{"@id":"https:\/\/www.vetorino.com\/boutique\/#\/schema\/logo\/image\/"},"sameAs":["https:\/\/www.facebook.com\/Vetorino\/","https:\/\/www.instagram.com\/vetorino_off\/","https:\/\/www.linkedin.com\/company\/vtorino\/"]}]},"product_brand":"D\u00f4mes Pharma TVM","product_price_amount":"26.74","product_price_currency":"EUR","og_availability":"instock","product_availability":"instock","product_retailer_item_id":"A-1883280","product_condition":"new"},"_links":{"self":[{"href":"https:\/\/www.vetorino.com\/veterinaire\/plouzevede-29440\/boutique\/wp-json\/wp\/v2\/product\/914794","targetHints":{"allow":["GET"]}}],"collection":[{"href":"https:\/\/www.vetorino.com\/veterinaire\/plouzevede-29440\/boutique\/wp-json\/wp\/v2\/product"}],"about":[{"href":"https:\/\/www.vetorino.com\/veterinaire\/plouzevede-29440\/boutique\/wp-json\/wp\/v2\/types\/product"}],"wp:featuredmedia":[{"embeddable":true,"href":"https:\/\/www.vetorino.com\/veterinaire\/plouzevede-29440\/boutique\/wp-json\/wp\/v2\/media\/914805"}],"wp:attachment":[{"href":"https:\/\/www.vetorino.com\/veterinaire\/plouzevede-29440\/boutique\/wp-json\/wp\/v2\/media?parent=914794"}],"wp:term":[{"taxonomy":"product_cat","embeddable":true,"href":"https:\/\/www.vetorino.com\/veterinaire\/plouzevede-29440\/boutique\/wp-json\/wp\/v2\/product_cat?post=914794"},{"taxonomy":"product_tag","embeddable":true,"href":"https:\/\/www.vetorino.com\/veterinaire\/plouzevede-29440\/boutique\/wp-json\/wp\/v2\/product_tag?post=914794"}],"curies":[{"name":"wp","href":"https:\/\/api.w.org\/{rel}","templated":true}]}}