{"id":914811,"date":"2024-05-06T09:57:19","date_gmt":"2024-05-06T07:57:19","guid":{"rendered":"https:\/\/www.vetorino.com\/boutique\/product\/hydralap-lapin-2\/"},"modified":"2024-07-03T09:42:23","modified_gmt":"2024-07-03T07:42:23","slug":"hydralap-lapin-2","status":"publish","type":"product","link":"https:\/\/www.vetorino.com\/veterinaire\/plouzevede-29440\/boutique\/product\/hydralap-lapin-2\/","title":{"rendered":"Hydrala"},"content":{"rendered":"<p><strong>Chez le lapin, Hydralap est un aliment compl\u00e9mentaire sous forme de poudre soluble. Il permet de soutenir la sant\u00e9 intestinale avec des \u00e9lectrolytes et des vitamines, \u00e0 utiliser lors de r\u00e9hydratation.<\/strong><\/p>\n<p><strong>Utilisation :<\/strong><\/p>\n<ul>\n<li>Pour les lapins<\/li>\n<li>Maintien de l&#8217;hydratation<\/li>\n<\/ul>\n<p><strong>Mode d&#8217;emploi<\/strong><\/p>\n<p>Un sachet par jour par animal \u00e0 diluer dans l\u2019eau de boisson. Pour une solution isotonique 1 sachet dans 50 mL d\u2019eau.<\/p>\n<p><strong>Avantages :<\/strong><\/p>\n<ul>\n<li>Aide au maintien de l&#8217;hydratation<\/li>\n<li>Permet une hydratation optimale en cas d&#8217;urgence (diarrh\u00e9e, coup de chaud, anorexie&#8230;)<\/li>\n<\/ul>\n","protected":false},"excerpt":{"rendered":"<p><strong>Hydralap\u00ae est un aliment compl\u00e9mentaire pour lapin, qui se pr\u00e9sente sous forme de poudre soluble aromatis\u00e9e au pissenlit. Riche en \u00e9lectrolytes, en vitamines, en probiotique et en pr\u00e9biotiques, il permet de maintenir une hydratation optimale lors de diarrh\u00e9e, de coup de chaleur ou d&#8217;anorexie.<\/strong><\/p>\n<p><strong>Utilisation<\/strong><\/p>\n<ul>\n<li>Pr\u00e9vention de\u00a0la de\u0301shydratation\u00a0en cas de risques (forte chaleur, diarrhe\u0301es, anorexie&#8230;)<\/li>\n<\/ul>\n","protected":false},"featured_media":914813,"template":"","meta":[],"product_cat":[12578,12659,12665,12563],"product_tag":[],"class_list":{"0":"post-914811","1":"product","2":"type-product","3":"status-publish","4":"has-post-thumbnail","6":"product_cat-alimentation-du-lapin","7":"product_cat-alimentation-medicalisee-pour-lapin","8":"product_cat-complement-nutritionnel-pour-lapin","9":"product_cat-lapin","10":"pa_marque-tvm","12":"first","13":"instock","14":"taxable","15":"shipping-taxable","16":"purchasable","17":"product-type-simple"},"yoast_head":"<!-- This site is optimized with the Yoast SEO plugin v27.3 - https:\/\/yoast.com\/product\/yoast-seo-wordpress\/ -->\n<title>Hydrala D\u00f4mes Pharma TVM - V\u00e9torino<\/title>\n<meta name=\"description\" content=\"Hydralap\u00ae est un aliment compl\u00e9mentaire pour lapin, qui se pr\u00e9sente sous forme de poudre soluble aromatis\u00e9e au pissenlit. Riche en \u00e9lectrolytes, en vitamines, en probiotique et en pr\u00e9biotiques, il permet de maintenir une hydratation optimale lors de diarrh\u00e9e, de coup de chaleur ou d&#039;anorexie.  Utilisation   Pr\u00e9vention de\u00a0la de\u0301shydratation\u00a0en cas de risques (forte chaleur, diarrhe\u0301es, anorexie...)\" \/>\n<meta name=\"robots\" content=\"noindex, nofollow\" \/>\n<meta property=\"og:locale\" content=\"fr_FR\" \/>\n<meta property=\"og:type\" content=\"article\" \/>\n<meta property=\"og:title\" content=\"Hydrala D\u00f4mes Pharma TVM - V\u00e9torino\" \/>\n<meta property=\"og:description\" content=\"Hydralap\u00ae est un aliment compl\u00e9mentaire pour lapin, qui se pr\u00e9sente sous forme de poudre soluble aromatis\u00e9e au pissenlit. Riche en \u00e9lectrolytes, en vitamines, en probiotique et en pr\u00e9biotiques, il permet de maintenir une hydratation optimale lors de diarrh\u00e9e, de coup de chaleur ou d&#039;anorexie.  Utilisation   Pr\u00e9vention de\u00a0la de\u0301shydratation\u00a0en cas de risques (forte chaleur, diarrhe\u0301es, anorexie...)\" \/>\n<meta property=\"og:url\" content=\"https:\/\/www.vetorino.com\/veterinaire\/plouzevede-29440\/boutique\/product\/hydralap-lapin-2\/\" \/>\n<meta property=\"og:site_name\" content=\"V\u00e9torino\" \/>\n<meta property=\"article:publisher\" content=\"https:\/\/www.facebook.com\/Vetorino\/\" \/>\n<meta property=\"article:modified_time\" content=\"2024-07-03T07:42:23+00:00\" \/>\n<meta property=\"og:image\" content=\"https:\/\/www.vetorino.com\/boutique\/wp-content\/uploads\/2024\/05\/hydralap-1.webp\" \/>\n\t<meta property=\"og:image:width\" content=\"800\" \/>\n\t<meta property=\"og:image:height\" content=\"800\" \/>\n\t<meta property=\"og:image:type\" content=\"image\/webp\" \/>\n<meta name=\"twitter:card\" content=\"summary_large_image\" \/>\n<meta name=\"twitter:label1\" content=\"Prix\" \/>\n\t<meta name=\"twitter:data1\" content=\"11,58&euro;\" \/>\n\t<meta name=\"twitter:label2\" content=\"Disponibilit\u00e9\" \/>\n\t<meta name=\"twitter:data2\" content=\"En stock\" \/>\n<script type=\"application\/ld+json\" class=\"yoast-schema-graph\">{\"@context\":\"https:\\\/\\\/schema.org\",\"@graph\":[{\"@type\":\"WebPage\",\"@id\":\"https:\\\/\\\/www.vetorino.com\\\/boutique\\\/product\\\/hydralap-lapin-2\\\/\",\"url\":\"https:\\\/\\\/www.vetorino.com\\\/boutique\\\/product\\\/hydralap-lapin-2\\\/\",\"name\":\"Hydrala D\u00f4mes Pharma TVM - V\u00e9torino\",\"isPartOf\":{\"@id\":\"https:\\\/\\\/www.vetorino.com\\\/boutique\\\/#website\"},\"primaryImageOfPage\":{\"@id\":\"https:\\\/\\\/www.vetorino.com\\\/boutique\\\/product\\\/hydralap-lapin-2\\\/#primaryimage\"},\"image\":{\"@id\":\"https:\\\/\\\/www.vetorino.com\\\/boutique\\\/product\\\/hydralap-lapin-2\\\/#primaryimage\"},\"thumbnailUrl\":\"https:\\\/\\\/www.vetorino.com\\\/boutique\\\/wp-content\\\/uploads\\\/2024\\\/05\\\/hydralap-1.webp\",\"datePublished\":\"2024-05-06T07:57:19+00:00\",\"dateModified\":\"2024-07-03T07:42:23+00:00\",\"description\":\"Hydralap\u00ae est un aliment compl\u00e9mentaire pour lapin, qui se pr\u00e9sente sous forme de poudre soluble aromatis\u00e9e au pissenlit. Riche en \u00e9lectrolytes, en vitamines, en probiotique et en pr\u00e9biotiques, il permet de maintenir une hydratation optimale lors de diarrh\u00e9e, de coup de chaleur ou d'anorexie. Utilisation Pr\u00e9vention de\u00a0la de\u0301shydratation\u00a0en cas de risques (forte chaleur, diarrhe\u0301es, anorexie...)\",\"breadcrumb\":{\"@id\":\"https:\\\/\\\/www.vetorino.com\\\/boutique\\\/product\\\/hydralap-lapin-2\\\/#breadcrumb\"},\"inLanguage\":\"fr-FR\",\"potentialAction\":[{\"@type\":\"ReadAction\",\"target\":[\"https:\\\/\\\/www.vetorino.com\\\/boutique\\\/product\\\/hydralap-lapin-2\\\/\"]}]},{\"@type\":\"ImageObject\",\"inLanguage\":\"fr-FR\",\"@id\":\"https:\\\/\\\/www.vetorino.com\\\/boutique\\\/product\\\/hydralap-lapin-2\\\/#primaryimage\",\"url\":\"https:\\\/\\\/www.vetorino.com\\\/boutique\\\/wp-content\\\/uploads\\\/2024\\\/05\\\/hydralap-1.webp\",\"contentUrl\":\"https:\\\/\\\/www.vetorino.com\\\/boutique\\\/wp-content\\\/uploads\\\/2024\\\/05\\\/hydralap-1.webp\",\"width\":800,\"height\":800},{\"@type\":\"BreadcrumbList\",\"@id\":\"https:\\\/\\\/www.vetorino.com\\\/boutique\\\/product\\\/hydralap-lapin-2\\\/#breadcrumb\",\"itemListElement\":[{\"@type\":\"ListItem\",\"position\":1,\"name\":\"Accueil\",\"item\":\"https:\\\/\\\/www.vetorino.com\\\/boutique\\\/\"},{\"@type\":\"ListItem\",\"position\":2,\"name\":\"Produits\",\"item\":\"https:\\\/\\\/www.vetorino.com\\\/boutique\\\/\"},{\"@type\":\"ListItem\",\"position\":3,\"name\":\"Hydrala\"}]},{\"@type\":\"WebSite\",\"@id\":\"https:\\\/\\\/www.vetorino.com\\\/boutique\\\/#website\",\"url\":\"https:\\\/\\\/www.vetorino.com\\\/boutique\\\/\",\"name\":\"V\u00e9torino\",\"description\":\"\",\"publisher\":{\"@id\":\"https:\\\/\\\/www.vetorino.com\\\/boutique\\\/#organization\"},\"potentialAction\":[{\"@type\":\"SearchAction\",\"target\":{\"@type\":\"EntryPoint\",\"urlTemplate\":\"https:\\\/\\\/www.vetorino.com\\\/boutique\\\/?s={search_term_string}\"},\"query-input\":{\"@type\":\"PropertyValueSpecification\",\"valueRequired\":true,\"valueName\":\"search_term_string\"}}],\"inLanguage\":\"fr-FR\"},{\"@type\":\"Organization\",\"@id\":\"https:\\\/\\\/www.vetorino.com\\\/boutique\\\/#organization\",\"name\":\"V\u00e9torino\",\"url\":\"https:\\\/\\\/www.vetorino.com\\\/boutique\\\/\",\"logo\":{\"@type\":\"ImageObject\",\"inLanguage\":\"fr-FR\",\"@id\":\"https:\\\/\\\/www.vetorino.com\\\/boutique\\\/#\\\/schema\\\/logo\\\/image\\\/\",\"url\":\"https:\\\/\\\/www.vetorino.com\\\/boutique\\\/wp-content\\\/uploads\\\/2024\\\/10\\\/logo.jpg\",\"contentUrl\":\"https:\\\/\\\/www.vetorino.com\\\/boutique\\\/wp-content\\\/uploads\\\/2024\\\/10\\\/logo.jpg\",\"width\":1200,\"height\":610,\"caption\":\"V\u00e9torino\"},\"image\":{\"@id\":\"https:\\\/\\\/www.vetorino.com\\\/boutique\\\/#\\\/schema\\\/logo\\\/image\\\/\"},\"sameAs\":[\"https:\\\/\\\/www.facebook.com\\\/Vetorino\\\/\",\"https:\\\/\\\/www.instagram.com\\\/vetorino_off\\\/\",\"https:\\\/\\\/www.linkedin.com\\\/company\\\/vtorino\\\/\"]}]}<\/script>\n<meta property=\"product:brand\" content=\"D\u00f4mes Pharma TVM\" \/>\n<meta property=\"product:price:amount\" content=\"11.58\" \/>\n<meta property=\"product:price:currency\" content=\"EUR\" \/>\n<meta property=\"og:availability\" content=\"instock\" \/>\n<meta property=\"product:availability\" content=\"instock\" \/>\n<meta property=\"product:retailer_item_id\" content=\"A-1883260\" \/>\n<meta property=\"product:condition\" content=\"new\" \/>\n<!-- \/ Yoast SEO plugin. -->","yoast_head_json":{"title":"Hydrala D\u00f4mes Pharma TVM - V\u00e9torino","description":"Hydralap\u00ae est un aliment compl\u00e9mentaire pour lapin, qui se pr\u00e9sente sous forme de poudre soluble aromatis\u00e9e au pissenlit. Riche en \u00e9lectrolytes, en vitamines, en probiotique et en pr\u00e9biotiques, il permet de maintenir une hydratation optimale lors de diarrh\u00e9e, de coup de chaleur ou d'anorexie.  Utilisation   Pr\u00e9vention de\u00a0la de\u0301shydratation\u00a0en cas de risques (forte chaleur, diarrhe\u0301es, anorexie...)","robots":{"index":"noindex","follow":"nofollow"},"og_locale":"fr_FR","og_type":"article","og_title":"Hydrala D\u00f4mes Pharma TVM - V\u00e9torino","og_description":"Hydralap\u00ae est un aliment compl\u00e9mentaire pour lapin, qui se pr\u00e9sente sous forme de poudre soluble aromatis\u00e9e au pissenlit. Riche en \u00e9lectrolytes, en vitamines, en probiotique et en pr\u00e9biotiques, il permet de maintenir une hydratation optimale lors de diarrh\u00e9e, de coup de chaleur ou d'anorexie.  Utilisation   Pr\u00e9vention de\u00a0la de\u0301shydratation\u00a0en cas de risques (forte chaleur, diarrhe\u0301es, anorexie...)","og_url":"https:\/\/www.vetorino.com\/veterinaire\/plouzevede-29440\/boutique\/product\/hydralap-lapin-2\/","og_site_name":"V\u00e9torino","article_publisher":"https:\/\/www.facebook.com\/Vetorino\/","article_modified_time":"2024-07-03T07:42:23+00:00","og_image":[{"width":800,"height":800,"url":"https:\/\/www.vetorino.com\/boutique\/wp-content\/uploads\/2024\/05\/hydralap-1.webp","type":"image\/webp"}],"twitter_card":"summary_large_image","twitter_misc":{"Prix":"11,58&euro;","Disponibilit\u00e9":"En stock"},"schema":{"@context":"https:\/\/schema.org","@graph":[{"@type":"WebPage","@id":"https:\/\/www.vetorino.com\/boutique\/product\/hydralap-lapin-2\/","url":"https:\/\/www.vetorino.com\/boutique\/product\/hydralap-lapin-2\/","name":"Hydrala D\u00f4mes Pharma TVM - V\u00e9torino","isPartOf":{"@id":"https:\/\/www.vetorino.com\/boutique\/#website"},"primaryImageOfPage":{"@id":"https:\/\/www.vetorino.com\/boutique\/product\/hydralap-lapin-2\/#primaryimage"},"image":{"@id":"https:\/\/www.vetorino.com\/boutique\/product\/hydralap-lapin-2\/#primaryimage"},"thumbnailUrl":"https:\/\/www.vetorino.com\/boutique\/wp-content\/uploads\/2024\/05\/hydralap-1.webp","datePublished":"2024-05-06T07:57:19+00:00","dateModified":"2024-07-03T07:42:23+00:00","description":"Hydralap\u00ae est un aliment compl\u00e9mentaire pour lapin, qui se pr\u00e9sente sous forme de poudre soluble aromatis\u00e9e au pissenlit. Riche en \u00e9lectrolytes, en vitamines, en probiotique et en pr\u00e9biotiques, il permet de maintenir une hydratation optimale lors de diarrh\u00e9e, de coup de chaleur ou d'anorexie. Utilisation Pr\u00e9vention de\u00a0la de\u0301shydratation\u00a0en cas de risques (forte chaleur, diarrhe\u0301es, anorexie...)","breadcrumb":{"@id":"https:\/\/www.vetorino.com\/boutique\/product\/hydralap-lapin-2\/#breadcrumb"},"inLanguage":"fr-FR","potentialAction":[{"@type":"ReadAction","target":["https:\/\/www.vetorino.com\/boutique\/product\/hydralap-lapin-2\/"]}]},{"@type":"ImageObject","inLanguage":"fr-FR","@id":"https:\/\/www.vetorino.com\/boutique\/product\/hydralap-lapin-2\/#primaryimage","url":"https:\/\/www.vetorino.com\/boutique\/wp-content\/uploads\/2024\/05\/hydralap-1.webp","contentUrl":"https:\/\/www.vetorino.com\/boutique\/wp-content\/uploads\/2024\/05\/hydralap-1.webp","width":800,"height":800},{"@type":"BreadcrumbList","@id":"https:\/\/www.vetorino.com\/boutique\/product\/hydralap-lapin-2\/#breadcrumb","itemListElement":[{"@type":"ListItem","position":1,"name":"Accueil","item":"https:\/\/www.vetorino.com\/boutique\/"},{"@type":"ListItem","position":2,"name":"Produits","item":"https:\/\/www.vetorino.com\/boutique\/"},{"@type":"ListItem","position":3,"name":"Hydrala"}]},{"@type":"WebSite","@id":"https:\/\/www.vetorino.com\/boutique\/#website","url":"https:\/\/www.vetorino.com\/boutique\/","name":"V\u00e9torino","description":"","publisher":{"@id":"https:\/\/www.vetorino.com\/boutique\/#organization"},"potentialAction":[{"@type":"SearchAction","target":{"@type":"EntryPoint","urlTemplate":"https:\/\/www.vetorino.com\/boutique\/?s={search_term_string}"},"query-input":{"@type":"PropertyValueSpecification","valueRequired":true,"valueName":"search_term_string"}}],"inLanguage":"fr-FR"},{"@type":"Organization","@id":"https:\/\/www.vetorino.com\/boutique\/#organization","name":"V\u00e9torino","url":"https:\/\/www.vetorino.com\/boutique\/","logo":{"@type":"ImageObject","inLanguage":"fr-FR","@id":"https:\/\/www.vetorino.com\/boutique\/#\/schema\/logo\/image\/","url":"https:\/\/www.vetorino.com\/boutique\/wp-content\/uploads\/2024\/10\/logo.jpg","contentUrl":"https:\/\/www.vetorino.com\/boutique\/wp-content\/uploads\/2024\/10\/logo.jpg","width":1200,"height":610,"caption":"V\u00e9torino"},"image":{"@id":"https:\/\/www.vetorino.com\/boutique\/#\/schema\/logo\/image\/"},"sameAs":["https:\/\/www.facebook.com\/Vetorino\/","https:\/\/www.instagram.com\/vetorino_off\/","https:\/\/www.linkedin.com\/company\/vtorino\/"]}]},"product_brand":"D\u00f4mes Pharma TVM","product_price_amount":"11.58","product_price_currency":"EUR","og_availability":"instock","product_availability":"instock","product_retailer_item_id":"A-1883260","product_condition":"new"},"_links":{"self":[{"href":"https:\/\/www.vetorino.com\/veterinaire\/plouzevede-29440\/boutique\/wp-json\/wp\/v2\/product\/914811","targetHints":{"allow":["GET"]}}],"collection":[{"href":"https:\/\/www.vetorino.com\/veterinaire\/plouzevede-29440\/boutique\/wp-json\/wp\/v2\/product"}],"about":[{"href":"https:\/\/www.vetorino.com\/veterinaire\/plouzevede-29440\/boutique\/wp-json\/wp\/v2\/types\/product"}],"wp:featuredmedia":[{"embeddable":true,"href":"https:\/\/www.vetorino.com\/veterinaire\/plouzevede-29440\/boutique\/wp-json\/wp\/v2\/media\/914813"}],"wp:attachment":[{"href":"https:\/\/www.vetorino.com\/veterinaire\/plouzevede-29440\/boutique\/wp-json\/wp\/v2\/media?parent=914811"}],"wp:term":[{"taxonomy":"product_cat","embeddable":true,"href":"https:\/\/www.vetorino.com\/veterinaire\/plouzevede-29440\/boutique\/wp-json\/wp\/v2\/product_cat?post=914811"},{"taxonomy":"product_tag","embeddable":true,"href":"https:\/\/www.vetorino.com\/veterinaire\/plouzevede-29440\/boutique\/wp-json\/wp\/v2\/product_tag?post=914811"}],"curies":[{"name":"wp","href":"https:\/\/api.w.org\/{rel}","templated":true}]}}