{"id":33529,"date":"2020-03-04T21:57:14","date_gmt":"2020-03-04T20:57:14","guid":{"rendered":"https:\/\/www.vetorino.com\/boutique\/product\/cage-sky-kennel\/"},"modified":"2022-01-14T09:46:56","modified_gmt":"2022-01-14T08:46:56","slug":"cage-sky-kennel","status":"publish","type":"product","link":"https:\/\/www.vetorino.com\/veterinaire\/pontarlier-25300\/boutique\/product\/cage-sky-kennel\/","title":{"rendered":"Cage Sky Kennel"},"content":{"rendered":"<div class='hidden'> Pet Mate <\/div>\n<p><b>Caract\u00e9risiques<\/b><br \/>\u00a0Cette cage en plastique r\u00e9sistant\u00a0peut \u00eatre utilis\u00e9e en voiture et en train. Elle est \u00e9galement agr\u00e9\u00e9e pour le transport en avion. La cage est facile \u00e0 assembler (ne n\u00e9cessite pas de tournevis) et comprend une porte (fermeture 2 points), des grilles d&#8217;a\u00e9ration en m\u00e9tal et une poign\u00e9e de transport. Elle peut \u00eatre transform\u00e9e en couchage ou en chenil de d\u00e9pannage.Livr\u00e9e avec 2 gamelles.Dimensions : 810 x 570 x 610 mm.<br \/><b>Bon \u00e0 savoir<\/b><br \/>Demandez conseil \u00e0 votre v\u00e9t\u00e9rinaire et lire attentivement la notice avant utilisation.Prenez en compte la taille de votre compagnon avant de choisir une cage de transport. L&#8217;animal doit pouvoir se tenir debout. Sa t\u00eate ou ses oreilles ne doivent pas toucher le haut de la cage. Il doit pouvoir se retourner et se coucher \u00e0 l&#8217;int\u00e9rieur.<\/p>\n","protected":false},"excerpt":{"rendered":"<p>La cage de transport SKY KENNEL pour chien vous permet de transporter votre compagnon en toute s\u00e9curit\u00e9.<\/p>\n","protected":false},"featured_media":76947,"template":"","meta":[],"product_cat":[12550,2776,2698,2777],"product_tag":[],"class_list":{"0":"post-33529","1":"product","2":"type-product","3":"status-publish","4":"has-post-thumbnail","6":"product_cat-accessoires-du-chien","7":"product_cat-cages-et-transport-pour-chien","8":"product_cat-chien","9":"product_cat-colliers-laisses-et-harnais-pour-chien","10":"pa_marque-pet-mate","12":"first","13":"instock","14":"taxable","15":"shipping-taxable","16":"purchasable","17":"product-type-variable"},"yoast_head":"<!-- This site is optimized with the Yoast SEO plugin v27.3 - https:\/\/yoast.com\/product\/yoast-seo-wordpress\/ -->\n<title>Cage Sky Kennel Pet Mate - V\u00e9torino<\/title>\n<meta name=\"description\" content=\"La cage de transport SKY KENNEL pour chien vous permet de transporter votre compagnon en toute s\u00e9curit\u00e9.\" \/>\n<meta name=\"robots\" content=\"noindex, nofollow\" \/>\n<meta property=\"og:locale\" content=\"fr_FR\" \/>\n<meta property=\"og:type\" content=\"article\" \/>\n<meta property=\"og:title\" content=\"Cage Sky Kennel Pet Mate - V\u00e9torino\" \/>\n<meta property=\"og:description\" content=\"La cage de transport SKY KENNEL pour chien vous permet de transporter votre compagnon en toute s\u00e9curit\u00e9.\" \/>\n<meta property=\"og:url\" content=\"https:\/\/www.vetorino.com\/veterinaire\/pontarlier-25300\/boutique\/product\/cage-sky-kennel\/\" \/>\n<meta property=\"og:site_name\" content=\"V\u00e9torino\" \/>\n<meta property=\"article:publisher\" content=\"https:\/\/www.facebook.com\/Vetorino\/\" \/>\n<meta property=\"article:modified_time\" content=\"2022-01-14T08:46:56+00:00\" \/>\n<meta property=\"og:image\" content=\"https:\/\/www.vetorino.com\/boutique\/wp-content\/uploads\/2020\/03\/cage-de-transport-sky-kennel-t3-chien-81-x-57-x-61-cm-31.jpg\" \/>\n\t<meta property=\"og:image:width\" content=\"800\" \/>\n\t<meta property=\"og:image:height\" content=\"800\" \/>\n\t<meta property=\"og:image:type\" content=\"image\/jpeg\" \/>\n<meta name=\"twitter:card\" content=\"summary_large_image\" \/>\n<meta name=\"twitter:label1\" content=\"Disponibilit\u00e9\" \/>\n\t<meta name=\"twitter:data1\" content=\"En stock\" \/>\n<script type=\"application\/ld+json\" class=\"yoast-schema-graph\">{\"@context\":\"https:\\\/\\\/schema.org\",\"@graph\":[{\"@type\":\"WebPage\",\"@id\":\"https:\\\/\\\/www.vetorino.com\\\/boutique\\\/product\\\/cage-sky-kennel\\\/\",\"url\":\"https:\\\/\\\/www.vetorino.com\\\/boutique\\\/product\\\/cage-sky-kennel\\\/\",\"name\":\"Cage Sky Kennel Pet Mate - V\u00e9torino\",\"isPartOf\":{\"@id\":\"https:\\\/\\\/www.vetorino.com\\\/boutique\\\/#website\"},\"primaryImageOfPage\":{\"@id\":\"https:\\\/\\\/www.vetorino.com\\\/boutique\\\/product\\\/cage-sky-kennel\\\/#primaryimage\"},\"image\":{\"@id\":\"https:\\\/\\\/www.vetorino.com\\\/boutique\\\/product\\\/cage-sky-kennel\\\/#primaryimage\"},\"thumbnailUrl\":\"https:\\\/\\\/www.vetorino.com\\\/boutique\\\/wp-content\\\/uploads\\\/2020\\\/03\\\/cage-de-transport-sky-kennel-t3-chien-81-x-57-x-61-cm-31.jpg\",\"datePublished\":\"2020-03-04T20:57:14+00:00\",\"dateModified\":\"2022-01-14T08:46:56+00:00\",\"description\":\"La cage de transport SKY KENNEL pour chien vous permet de transporter votre compagnon en toute s\u00e9curit\u00e9.\",\"breadcrumb\":{\"@id\":\"https:\\\/\\\/www.vetorino.com\\\/boutique\\\/product\\\/cage-sky-kennel\\\/#breadcrumb\"},\"inLanguage\":\"fr-FR\",\"potentialAction\":[{\"@type\":\"ReadAction\",\"target\":[\"https:\\\/\\\/www.vetorino.com\\\/boutique\\\/product\\\/cage-sky-kennel\\\/\"]}]},{\"@type\":\"ImageObject\",\"inLanguage\":\"fr-FR\",\"@id\":\"https:\\\/\\\/www.vetorino.com\\\/boutique\\\/product\\\/cage-sky-kennel\\\/#primaryimage\",\"url\":\"https:\\\/\\\/www.vetorino.com\\\/boutique\\\/wp-content\\\/uploads\\\/2020\\\/03\\\/cage-de-transport-sky-kennel-t3-chien-81-x-57-x-61-cm-31.jpg\",\"contentUrl\":\"https:\\\/\\\/www.vetorino.com\\\/boutique\\\/wp-content\\\/uploads\\\/2020\\\/03\\\/cage-de-transport-sky-kennel-t3-chien-81-x-57-x-61-cm-31.jpg\",\"width\":800,\"height\":800},{\"@type\":\"BreadcrumbList\",\"@id\":\"https:\\\/\\\/www.vetorino.com\\\/boutique\\\/product\\\/cage-sky-kennel\\\/#breadcrumb\",\"itemListElement\":[{\"@type\":\"ListItem\",\"position\":1,\"name\":\"Accueil\",\"item\":\"https:\\\/\\\/www.vetorino.com\\\/boutique\\\/\"},{\"@type\":\"ListItem\",\"position\":2,\"name\":\"Produits\",\"item\":\"https:\\\/\\\/www.vetorino.com\\\/boutique\\\/\"},{\"@type\":\"ListItem\",\"position\":3,\"name\":\"Cage Sky Kennel\"}]},{\"@type\":\"WebSite\",\"@id\":\"https:\\\/\\\/www.vetorino.com\\\/boutique\\\/#website\",\"url\":\"https:\\\/\\\/www.vetorino.com\\\/boutique\\\/\",\"name\":\"V\u00e9torino\",\"description\":\"\",\"publisher\":{\"@id\":\"https:\\\/\\\/www.vetorino.com\\\/boutique\\\/#organization\"},\"potentialAction\":[{\"@type\":\"SearchAction\",\"target\":{\"@type\":\"EntryPoint\",\"urlTemplate\":\"https:\\\/\\\/www.vetorino.com\\\/boutique\\\/?s={search_term_string}\"},\"query-input\":{\"@type\":\"PropertyValueSpecification\",\"valueRequired\":true,\"valueName\":\"search_term_string\"}}],\"inLanguage\":\"fr-FR\"},{\"@type\":\"Organization\",\"@id\":\"https:\\\/\\\/www.vetorino.com\\\/boutique\\\/#organization\",\"name\":\"V\u00e9torino\",\"url\":\"https:\\\/\\\/www.vetorino.com\\\/boutique\\\/\",\"logo\":{\"@type\":\"ImageObject\",\"inLanguage\":\"fr-FR\",\"@id\":\"https:\\\/\\\/www.vetorino.com\\\/boutique\\\/#\\\/schema\\\/logo\\\/image\\\/\",\"url\":\"https:\\\/\\\/www.vetorino.com\\\/boutique\\\/wp-content\\\/uploads\\\/2024\\\/10\\\/logo.jpg\",\"contentUrl\":\"https:\\\/\\\/www.vetorino.com\\\/boutique\\\/wp-content\\\/uploads\\\/2024\\\/10\\\/logo.jpg\",\"width\":1200,\"height\":610,\"caption\":\"V\u00e9torino\"},\"image\":{\"@id\":\"https:\\\/\\\/www.vetorino.com\\\/boutique\\\/#\\\/schema\\\/logo\\\/image\\\/\"},\"sameAs\":[\"https:\\\/\\\/www.facebook.com\\\/Vetorino\\\/\",\"https:\\\/\\\/www.instagram.com\\\/vetorino_off\\\/\",\"https:\\\/\\\/www.linkedin.com\\\/company\\\/vtorino\\\/\"]}]}<\/script>\n<meta property=\"product:brand\" content=\"Pet Mate\" \/>\n<meta property=\"og:availability\" content=\"instock\" \/>\n<meta property=\"product:availability\" content=\"instock\" \/>\n<meta property=\"product:condition\" content=\"new\" \/>\n<!-- \/ Yoast SEO plugin. -->","yoast_head_json":{"title":"Cage Sky Kennel Pet Mate - V\u00e9torino","description":"La cage de transport SKY KENNEL pour chien vous permet de transporter votre compagnon en toute s\u00e9curit\u00e9.","robots":{"index":"noindex","follow":"nofollow"},"og_locale":"fr_FR","og_type":"article","og_title":"Cage Sky Kennel Pet Mate - V\u00e9torino","og_description":"La cage de transport SKY KENNEL pour chien vous permet de transporter votre compagnon en toute s\u00e9curit\u00e9.","og_url":"https:\/\/www.vetorino.com\/veterinaire\/pontarlier-25300\/boutique\/product\/cage-sky-kennel\/","og_site_name":"V\u00e9torino","article_publisher":"https:\/\/www.facebook.com\/Vetorino\/","article_modified_time":"2022-01-14T08:46:56+00:00","og_image":[{"width":800,"height":800,"url":"https:\/\/www.vetorino.com\/boutique\/wp-content\/uploads\/2020\/03\/cage-de-transport-sky-kennel-t3-chien-81-x-57-x-61-cm-31.jpg","type":"image\/jpeg"}],"twitter_card":"summary_large_image","twitter_misc":{"Disponibilit\u00e9":"En stock"},"schema":{"@context":"https:\/\/schema.org","@graph":[{"@type":"WebPage","@id":"https:\/\/www.vetorino.com\/boutique\/product\/cage-sky-kennel\/","url":"https:\/\/www.vetorino.com\/boutique\/product\/cage-sky-kennel\/","name":"Cage Sky Kennel Pet Mate - V\u00e9torino","isPartOf":{"@id":"https:\/\/www.vetorino.com\/boutique\/#website"},"primaryImageOfPage":{"@id":"https:\/\/www.vetorino.com\/boutique\/product\/cage-sky-kennel\/#primaryimage"},"image":{"@id":"https:\/\/www.vetorino.com\/boutique\/product\/cage-sky-kennel\/#primaryimage"},"thumbnailUrl":"https:\/\/www.vetorino.com\/boutique\/wp-content\/uploads\/2020\/03\/cage-de-transport-sky-kennel-t3-chien-81-x-57-x-61-cm-31.jpg","datePublished":"2020-03-04T20:57:14+00:00","dateModified":"2022-01-14T08:46:56+00:00","description":"La cage de transport SKY KENNEL pour chien vous permet de transporter votre compagnon en toute s\u00e9curit\u00e9.","breadcrumb":{"@id":"https:\/\/www.vetorino.com\/boutique\/product\/cage-sky-kennel\/#breadcrumb"},"inLanguage":"fr-FR","potentialAction":[{"@type":"ReadAction","target":["https:\/\/www.vetorino.com\/boutique\/product\/cage-sky-kennel\/"]}]},{"@type":"ImageObject","inLanguage":"fr-FR","@id":"https:\/\/www.vetorino.com\/boutique\/product\/cage-sky-kennel\/#primaryimage","url":"https:\/\/www.vetorino.com\/boutique\/wp-content\/uploads\/2020\/03\/cage-de-transport-sky-kennel-t3-chien-81-x-57-x-61-cm-31.jpg","contentUrl":"https:\/\/www.vetorino.com\/boutique\/wp-content\/uploads\/2020\/03\/cage-de-transport-sky-kennel-t3-chien-81-x-57-x-61-cm-31.jpg","width":800,"height":800},{"@type":"BreadcrumbList","@id":"https:\/\/www.vetorino.com\/boutique\/product\/cage-sky-kennel\/#breadcrumb","itemListElement":[{"@type":"ListItem","position":1,"name":"Accueil","item":"https:\/\/www.vetorino.com\/boutique\/"},{"@type":"ListItem","position":2,"name":"Produits","item":"https:\/\/www.vetorino.com\/boutique\/"},{"@type":"ListItem","position":3,"name":"Cage Sky Kennel"}]},{"@type":"WebSite","@id":"https:\/\/www.vetorino.com\/boutique\/#website","url":"https:\/\/www.vetorino.com\/boutique\/","name":"V\u00e9torino","description":"","publisher":{"@id":"https:\/\/www.vetorino.com\/boutique\/#organization"},"potentialAction":[{"@type":"SearchAction","target":{"@type":"EntryPoint","urlTemplate":"https:\/\/www.vetorino.com\/boutique\/?s={search_term_string}"},"query-input":{"@type":"PropertyValueSpecification","valueRequired":true,"valueName":"search_term_string"}}],"inLanguage":"fr-FR"},{"@type":"Organization","@id":"https:\/\/www.vetorino.com\/boutique\/#organization","name":"V\u00e9torino","url":"https:\/\/www.vetorino.com\/boutique\/","logo":{"@type":"ImageObject","inLanguage":"fr-FR","@id":"https:\/\/www.vetorino.com\/boutique\/#\/schema\/logo\/image\/","url":"https:\/\/www.vetorino.com\/boutique\/wp-content\/uploads\/2024\/10\/logo.jpg","contentUrl":"https:\/\/www.vetorino.com\/boutique\/wp-content\/uploads\/2024\/10\/logo.jpg","width":1200,"height":610,"caption":"V\u00e9torino"},"image":{"@id":"https:\/\/www.vetorino.com\/boutique\/#\/schema\/logo\/image\/"},"sameAs":["https:\/\/www.facebook.com\/Vetorino\/","https:\/\/www.instagram.com\/vetorino_off\/","https:\/\/www.linkedin.com\/company\/vtorino\/"]}]},"product_brand":"Pet Mate","og_availability":"instock","product_availability":"instock","product_condition":"new"},"_links":{"self":[{"href":"https:\/\/www.vetorino.com\/veterinaire\/pontarlier-25300\/boutique\/wp-json\/wp\/v2\/product\/33529","targetHints":{"allow":["GET"]}}],"collection":[{"href":"https:\/\/www.vetorino.com\/veterinaire\/pontarlier-25300\/boutique\/wp-json\/wp\/v2\/product"}],"about":[{"href":"https:\/\/www.vetorino.com\/veterinaire\/pontarlier-25300\/boutique\/wp-json\/wp\/v2\/types\/product"}],"wp:featuredmedia":[{"embeddable":true,"href":"https:\/\/www.vetorino.com\/veterinaire\/pontarlier-25300\/boutique\/wp-json\/wp\/v2\/media\/76947"}],"wp:attachment":[{"href":"https:\/\/www.vetorino.com\/veterinaire\/pontarlier-25300\/boutique\/wp-json\/wp\/v2\/media?parent=33529"}],"wp:term":[{"taxonomy":"product_cat","embeddable":true,"href":"https:\/\/www.vetorino.com\/veterinaire\/pontarlier-25300\/boutique\/wp-json\/wp\/v2\/product_cat?post=33529"},{"taxonomy":"product_tag","embeddable":true,"href":"https:\/\/www.vetorino.com\/veterinaire\/pontarlier-25300\/boutique\/wp-json\/wp\/v2\/product_tag?post=33529"}],"curies":[{"name":"wp","href":"https:\/\/api.w.org\/{rel}","templated":true}]}}