{"id":34443,"date":"2020-03-04T22:02:14","date_gmt":"2020-03-04T21:02:14","guid":{"rendered":"https:\/\/www.vetorino.com\/boutique\/product\/jouet-distributeur-balle\/"},"modified":"2025-11-17T09:53:16","modified_gmt":"2025-11-17T08:53:16","slug":"jouet-distributeur-balle","status":"publish","type":"product","link":"https:\/\/www.vetorino.com\/veterinaire\/ponteleccia-20218\/boutique\/product\/jouet-distributeur-balle\/","title":{"rendered":"Jouet Distributeur &#8211; Chat"},"content":{"rendered":"<div class=\"hidden\">\n<p><strong>Jouet id\u00e9al pour les chats s\u00e9dentaires<\/strong> qui tendent \u00e0 l\u2019embonpoint ou<strong>\u00a0pour les chats actifs pour chasser l\u2019ennui.<\/strong><\/p>\n<p>Remplissez la balle de croquettes ou de friandises. Quand le chat fait rouler la balle, il acc\u00e8de \u00e0 la nourriture. Une m\u00e9thode saine pour nourrir votre chat !<\/p>\n<\/div>\n","protected":false},"excerpt":{"rendered":"<div class=\"hidden\">\n<p><strong>Jouet id\u00e9al pour les chats s\u00e9dentaires<\/strong> qui tendent \u00e0 l\u2019embonpoint ou<strong>\u00a0pour les chats actifs pour chasser l\u2019ennui.<\/strong><\/p>\n<p>Remplissez la balle de croquettes ou de friandises. Quand le chat fait rouler la balle, il acc\u00e8de \u00e0 la nourriture. Une m\u00e9thode saine pour nourrir votre chat !<\/p>\n<\/div>\n","protected":false},"featured_media":77022,"template":"","meta":[],"product_cat":[12548,2697,12620],"product_tag":[],"class_list":{"0":"post-34443","1":"product","2":"type-product","3":"status-publish","4":"has-post-thumbnail","6":"product_cat-accessoire-du-chat","7":"product_cat-chat","8":"product_cat-jeux-educatifs-pour-chat","9":"pa_marque-petsafe","11":"first","12":"instock","13":"taxable","14":"shipping-taxable","15":"purchasable","16":"product-type-simple"},"yoast_head":"<!-- This site is optimized with the Yoast SEO plugin v26.7 - https:\/\/yoast.com\/wordpress\/plugins\/seo\/ -->\n<title>Jouet Distributeur - Chat PetSafe - V\u00e9torino<\/title>\n<meta name=\"description\" content=\"Jouet id\u00e9al pour les chats s\u00e9dentaires qui tendent \u00e0 l\u2019embonpoint ou\u00a0pour les chats actifs pour chasser l\u2019ennui.  Remplissez la balle de croquettes ou de friandises. Quand le chat fait rouler la balle, il acc\u00e8de \u00e0 la nourriture. Une m\u00e9thode saine pour nourrir votre chat !\" \/>\n<meta name=\"robots\" content=\"noindex, nofollow\" \/>\n<meta property=\"og:locale\" content=\"fr_FR\" \/>\n<meta property=\"og:type\" content=\"article\" \/>\n<meta property=\"og:title\" content=\"Jouet Distributeur - Chat PetSafe - V\u00e9torino\" \/>\n<meta property=\"og:description\" content=\"Jouet id\u00e9al pour les chats s\u00e9dentaires qui tendent \u00e0 l\u2019embonpoint ou\u00a0pour les chats actifs pour chasser l\u2019ennui.  Remplissez la balle de croquettes ou de friandises. Quand le chat fait rouler la balle, il acc\u00e8de \u00e0 la nourriture. Une m\u00e9thode saine pour nourrir votre chat !\" \/>\n<meta property=\"og:url\" content=\"https:\/\/www.vetorino.com\/veterinaire\/ponteleccia-20218\/boutique\/product\/jouet-distributeur-balle\/\" \/>\n<meta property=\"og:site_name\" content=\"V\u00e9torino\" \/>\n<meta property=\"article:publisher\" content=\"https:\/\/www.facebook.com\/Vetorino\/\" \/>\n<meta property=\"article:modified_time\" content=\"2025-11-17T08:53:16+00:00\" \/>\n<meta property=\"og:image\" content=\"https:\/\/www.vetorino.com\/boutique\/wp-content\/uploads\/2020\/03\/jouet-distributeur-balle-chat-15.jpg\" \/>\n\t<meta property=\"og:image:width\" content=\"800\" \/>\n\t<meta property=\"og:image:height\" content=\"800\" \/>\n\t<meta property=\"og:image:type\" content=\"image\/jpeg\" \/>\n<meta name=\"twitter:card\" content=\"summary_large_image\" \/>\n<meta name=\"twitter:label1\" content=\"Prix\" \/>\n\t<meta name=\"twitter:data1\" content=\"9,30&euro;\" \/>\n\t<meta name=\"twitter:label2\" content=\"Disponibilit\u00e9\" \/>\n\t<meta name=\"twitter:data2\" content=\"En stock\" \/>\n<script type=\"application\/ld+json\" class=\"yoast-schema-graph\">{\"@context\":\"https:\/\/schema.org\",\"@graph\":[{\"@type\":\"WebPage\",\"@id\":\"https:\/\/www.vetorino.com\/boutique\/product\/jouet-distributeur-balle\/\",\"url\":\"https:\/\/www.vetorino.com\/boutique\/product\/jouet-distributeur-balle\/\",\"name\":\"Jouet Distributeur - Chat PetSafe - V\u00e9torino\",\"isPartOf\":{\"@id\":\"https:\/\/www.vetorino.com\/boutique\/#website\"},\"primaryImageOfPage\":{\"@id\":\"https:\/\/www.vetorino.com\/boutique\/product\/jouet-distributeur-balle\/#primaryimage\"},\"image\":{\"@id\":\"https:\/\/www.vetorino.com\/boutique\/product\/jouet-distributeur-balle\/#primaryimage\"},\"thumbnailUrl\":\"https:\/\/www.vetorino.com\/boutique\/wp-content\/uploads\/2020\/03\/jouet-distributeur-balle-chat-15.jpg\",\"datePublished\":\"2020-03-04T21:02:14+00:00\",\"dateModified\":\"2025-11-17T08:53:16+00:00\",\"description\":\"Jouet id\u00e9al pour les chats s\u00e9dentaires qui tendent \u00e0 l\u2019embonpoint ou\u00a0pour les chats actifs pour chasser l\u2019ennui. Remplissez la balle de croquettes ou de friandises. Quand le chat fait rouler la balle, il acc\u00e8de \u00e0 la nourriture. Une m\u00e9thode saine pour nourrir votre chat !\",\"breadcrumb\":{\"@id\":\"https:\/\/www.vetorino.com\/boutique\/product\/jouet-distributeur-balle\/#breadcrumb\"},\"inLanguage\":\"fr-FR\",\"potentialAction\":[{\"@type\":\"ReadAction\",\"target\":[\"https:\/\/www.vetorino.com\/boutique\/product\/jouet-distributeur-balle\/\"]}]},{\"@type\":\"ImageObject\",\"inLanguage\":\"fr-FR\",\"@id\":\"https:\/\/www.vetorino.com\/boutique\/product\/jouet-distributeur-balle\/#primaryimage\",\"url\":\"https:\/\/www.vetorino.com\/boutique\/wp-content\/uploads\/2020\/03\/jouet-distributeur-balle-chat-15.jpg\",\"contentUrl\":\"https:\/\/www.vetorino.com\/boutique\/wp-content\/uploads\/2020\/03\/jouet-distributeur-balle-chat-15.jpg\",\"width\":800,\"height\":800},{\"@type\":\"BreadcrumbList\",\"@id\":\"https:\/\/www.vetorino.com\/boutique\/product\/jouet-distributeur-balle\/#breadcrumb\",\"itemListElement\":[{\"@type\":\"ListItem\",\"position\":1,\"name\":\"Accueil\",\"item\":\"https:\/\/www.vetorino.com\/boutique\/\"},{\"@type\":\"ListItem\",\"position\":2,\"name\":\"Produits\",\"item\":\"https:\/\/www.vetorino.com\/boutique\/\"},{\"@type\":\"ListItem\",\"position\":3,\"name\":\"Jouet Distributeur &#8211; Chat\"}]},{\"@type\":\"WebSite\",\"@id\":\"https:\/\/www.vetorino.com\/boutique\/#website\",\"url\":\"https:\/\/www.vetorino.com\/boutique\/\",\"name\":\"V\u00e9torino\",\"description\":\"\",\"publisher\":{\"@id\":\"https:\/\/www.vetorino.com\/boutique\/#organization\"},\"potentialAction\":[{\"@type\":\"SearchAction\",\"target\":{\"@type\":\"EntryPoint\",\"urlTemplate\":\"https:\/\/www.vetorino.com\/boutique\/?s={search_term_string}\"},\"query-input\":{\"@type\":\"PropertyValueSpecification\",\"valueRequired\":true,\"valueName\":\"search_term_string\"}}],\"inLanguage\":\"fr-FR\"},{\"@type\":\"Organization\",\"@id\":\"https:\/\/www.vetorino.com\/boutique\/#organization\",\"name\":\"V\u00e9torino\",\"url\":\"https:\/\/www.vetorino.com\/boutique\/\",\"logo\":{\"@type\":\"ImageObject\",\"inLanguage\":\"fr-FR\",\"@id\":\"https:\/\/www.vetorino.com\/boutique\/#\/schema\/logo\/image\/\",\"url\":\"https:\/\/www.vetorino.com\/boutique\/wp-content\/uploads\/2024\/10\/logo.jpg\",\"contentUrl\":\"https:\/\/www.vetorino.com\/boutique\/wp-content\/uploads\/2024\/10\/logo.jpg\",\"width\":1200,\"height\":610,\"caption\":\"V\u00e9torino\"},\"image\":{\"@id\":\"https:\/\/www.vetorino.com\/boutique\/#\/schema\/logo\/image\/\"},\"sameAs\":[\"https:\/\/www.facebook.com\/Vetorino\/\",\"https:\/\/www.instagram.com\/vetorino_off\/\",\"https:\/\/www.linkedin.com\/company\/vtorino\/\"]}]}<\/script>\n<meta property=\"product:brand\" content=\"PetSafe\" \/>\n<meta property=\"product:price:amount\" content=\"9.30\" \/>\n<meta property=\"product:price:currency\" content=\"EUR\" \/>\n<meta property=\"og:availability\" content=\"instock\" \/>\n<meta property=\"product:availability\" content=\"instock\" \/>\n<meta property=\"product:retailer_item_id\" content=\"A-8246344\" \/>\n<meta property=\"product:condition\" content=\"new\" \/>\n<!-- \/ Yoast SEO plugin. -->","yoast_head_json":{"title":"Jouet Distributeur - Chat PetSafe - V\u00e9torino","description":"Jouet id\u00e9al pour les chats s\u00e9dentaires qui tendent \u00e0 l\u2019embonpoint ou\u00a0pour les chats actifs pour chasser l\u2019ennui.  Remplissez la balle de croquettes ou de friandises. Quand le chat fait rouler la balle, il acc\u00e8de \u00e0 la nourriture. Une m\u00e9thode saine pour nourrir votre chat !","robots":{"index":"noindex","follow":"nofollow"},"og_locale":"fr_FR","og_type":"article","og_title":"Jouet Distributeur - Chat PetSafe - V\u00e9torino","og_description":"Jouet id\u00e9al pour les chats s\u00e9dentaires qui tendent \u00e0 l\u2019embonpoint ou\u00a0pour les chats actifs pour chasser l\u2019ennui.  Remplissez la balle de croquettes ou de friandises. Quand le chat fait rouler la balle, il acc\u00e8de \u00e0 la nourriture. Une m\u00e9thode saine pour nourrir votre chat !","og_url":"https:\/\/www.vetorino.com\/veterinaire\/ponteleccia-20218\/boutique\/product\/jouet-distributeur-balle\/","og_site_name":"V\u00e9torino","article_publisher":"https:\/\/www.facebook.com\/Vetorino\/","article_modified_time":"2025-11-17T08:53:16+00:00","og_image":[{"width":800,"height":800,"url":"https:\/\/www.vetorino.com\/boutique\/wp-content\/uploads\/2020\/03\/jouet-distributeur-balle-chat-15.jpg","type":"image\/jpeg"}],"twitter_card":"summary_large_image","twitter_misc":{"Prix":"9,30&euro;","Disponibilit\u00e9":"En stock"},"schema":{"@context":"https:\/\/schema.org","@graph":[{"@type":"WebPage","@id":"https:\/\/www.vetorino.com\/boutique\/product\/jouet-distributeur-balle\/","url":"https:\/\/www.vetorino.com\/boutique\/product\/jouet-distributeur-balle\/","name":"Jouet Distributeur - Chat PetSafe - V\u00e9torino","isPartOf":{"@id":"https:\/\/www.vetorino.com\/boutique\/#website"},"primaryImageOfPage":{"@id":"https:\/\/www.vetorino.com\/boutique\/product\/jouet-distributeur-balle\/#primaryimage"},"image":{"@id":"https:\/\/www.vetorino.com\/boutique\/product\/jouet-distributeur-balle\/#primaryimage"},"thumbnailUrl":"https:\/\/www.vetorino.com\/boutique\/wp-content\/uploads\/2020\/03\/jouet-distributeur-balle-chat-15.jpg","datePublished":"2020-03-04T21:02:14+00:00","dateModified":"2025-11-17T08:53:16+00:00","description":"Jouet id\u00e9al pour les chats s\u00e9dentaires qui tendent \u00e0 l\u2019embonpoint ou\u00a0pour les chats actifs pour chasser l\u2019ennui. Remplissez la balle de croquettes ou de friandises. Quand le chat fait rouler la balle, il acc\u00e8de \u00e0 la nourriture. Une m\u00e9thode saine pour nourrir votre chat !","breadcrumb":{"@id":"https:\/\/www.vetorino.com\/boutique\/product\/jouet-distributeur-balle\/#breadcrumb"},"inLanguage":"fr-FR","potentialAction":[{"@type":"ReadAction","target":["https:\/\/www.vetorino.com\/boutique\/product\/jouet-distributeur-balle\/"]}]},{"@type":"ImageObject","inLanguage":"fr-FR","@id":"https:\/\/www.vetorino.com\/boutique\/product\/jouet-distributeur-balle\/#primaryimage","url":"https:\/\/www.vetorino.com\/boutique\/wp-content\/uploads\/2020\/03\/jouet-distributeur-balle-chat-15.jpg","contentUrl":"https:\/\/www.vetorino.com\/boutique\/wp-content\/uploads\/2020\/03\/jouet-distributeur-balle-chat-15.jpg","width":800,"height":800},{"@type":"BreadcrumbList","@id":"https:\/\/www.vetorino.com\/boutique\/product\/jouet-distributeur-balle\/#breadcrumb","itemListElement":[{"@type":"ListItem","position":1,"name":"Accueil","item":"https:\/\/www.vetorino.com\/boutique\/"},{"@type":"ListItem","position":2,"name":"Produits","item":"https:\/\/www.vetorino.com\/boutique\/"},{"@type":"ListItem","position":3,"name":"Jouet Distributeur &#8211; Chat"}]},{"@type":"WebSite","@id":"https:\/\/www.vetorino.com\/boutique\/#website","url":"https:\/\/www.vetorino.com\/boutique\/","name":"V\u00e9torino","description":"","publisher":{"@id":"https:\/\/www.vetorino.com\/boutique\/#organization"},"potentialAction":[{"@type":"SearchAction","target":{"@type":"EntryPoint","urlTemplate":"https:\/\/www.vetorino.com\/boutique\/?s={search_term_string}"},"query-input":{"@type":"PropertyValueSpecification","valueRequired":true,"valueName":"search_term_string"}}],"inLanguage":"fr-FR"},{"@type":"Organization","@id":"https:\/\/www.vetorino.com\/boutique\/#organization","name":"V\u00e9torino","url":"https:\/\/www.vetorino.com\/boutique\/","logo":{"@type":"ImageObject","inLanguage":"fr-FR","@id":"https:\/\/www.vetorino.com\/boutique\/#\/schema\/logo\/image\/","url":"https:\/\/www.vetorino.com\/boutique\/wp-content\/uploads\/2024\/10\/logo.jpg","contentUrl":"https:\/\/www.vetorino.com\/boutique\/wp-content\/uploads\/2024\/10\/logo.jpg","width":1200,"height":610,"caption":"V\u00e9torino"},"image":{"@id":"https:\/\/www.vetorino.com\/boutique\/#\/schema\/logo\/image\/"},"sameAs":["https:\/\/www.facebook.com\/Vetorino\/","https:\/\/www.instagram.com\/vetorino_off\/","https:\/\/www.linkedin.com\/company\/vtorino\/"]}]},"product_brand":"PetSafe","product_price_amount":"9.30","product_price_currency":"EUR","og_availability":"instock","product_availability":"instock","product_retailer_item_id":"A-8246344","product_condition":"new"},"_links":{"self":[{"href":"https:\/\/www.vetorino.com\/veterinaire\/ponteleccia-20218\/boutique\/wp-json\/wp\/v2\/product\/34443","targetHints":{"allow":["GET"]}}],"collection":[{"href":"https:\/\/www.vetorino.com\/veterinaire\/ponteleccia-20218\/boutique\/wp-json\/wp\/v2\/product"}],"about":[{"href":"https:\/\/www.vetorino.com\/veterinaire\/ponteleccia-20218\/boutique\/wp-json\/wp\/v2\/types\/product"}],"wp:featuredmedia":[{"embeddable":true,"href":"https:\/\/www.vetorino.com\/veterinaire\/ponteleccia-20218\/boutique\/wp-json\/wp\/v2\/media\/77022"}],"wp:attachment":[{"href":"https:\/\/www.vetorino.com\/veterinaire\/ponteleccia-20218\/boutique\/wp-json\/wp\/v2\/media?parent=34443"}],"wp:term":[{"taxonomy":"product_cat","embeddable":true,"href":"https:\/\/www.vetorino.com\/veterinaire\/ponteleccia-20218\/boutique\/wp-json\/wp\/v2\/product_cat?post=34443"},{"taxonomy":"product_tag","embeddable":true,"href":"https:\/\/www.vetorino.com\/veterinaire\/ponteleccia-20218\/boutique\/wp-json\/wp\/v2\/product_tag?post=34443"}],"curies":[{"name":"wp","href":"https:\/\/api.w.org\/{rel}","templated":true}]}}