{"id":100285,"date":"2020-06-30T01:42:18","date_gmt":"2020-06-29T23:42:18","guid":{"rendered":"https:\/\/www.vetorino.com\/boutique\/product\/os-a-macher-8in1-delight-strong-noue\/"},"modified":"2026-04-27T17:50:43","modified_gmt":"2026-04-27T15:50:43","slug":"os-a-macher-8in1-delight-strong-noue","status":"publish","type":"product","link":"https:\/\/www.vetorino.com\/veterinaire\/preenpailsaintsamson-53140\/boutique\/product\/os-a-macher-8in1-delight-strong-noue\/","title":{"rendered":"Os \u00e0 m\u00e2cher 8in1 Delights Strong"},"content":{"rendered":"<p class=\"intro\"><strong>Friandise savoureuse<\/strong>, solide et respectueuse de la sant\u00e9 de votre chien !<\/p>\n<p class=\"intro\">Tr\u00e8s ferme, cet os est<strong> garni d\u2019une d\u00e9licieuse viande de poulet<\/strong> compress\u00e9e dans une <strong>peau de b\u0153uf<\/strong> tr\u00e8s ferme de<strong> qualit\u00e9 sup\u00e9rieure<\/strong>.<\/p>\n<p class=\"intro\">Cette friandise est <strong>id\u00e9al pour r\u00e9compenser votre toutou<\/strong>, ne contient ni colorant, ni ar\u00f4me artificiel.<\/p>\n<p>Ces produits tr\u00e8s sains contiennent <strong>peu de mati\u00e8res grasses<\/strong> et favorisent une bonne <strong>hygi\u00e8ne bucco-dentaire<\/strong>.<\/p>\n","protected":false},"excerpt":{"rendered":"<p class=\"intro\"><strong>Friandise savoureuse<\/strong>, solide et respectueuse de la sant\u00e9 de votre chien !<\/p>\n<p class=\"intro\">Tr\u00e8s ferme, cet os est<strong> garni d\u2019une d\u00e9licieuse viande de poulet<\/strong> compress\u00e9e dans une <strong>peau de b\u0153uf<\/strong> tr\u00e8s ferme de<strong> qualit\u00e9 sup\u00e9rieure<\/strong>.<\/p>\n<p class=\"intro\">Cette friandise est <strong>id\u00e9al pour r\u00e9compenser votre toutou<\/strong>, ne contient ni colorant, ni ar\u00f4me artificiel.<\/p>\n<p>Ces produits tr\u00e8s sains contiennent <strong>peu de mati\u00e8res grasses<\/strong> et favorisent une bonne <strong>hygi\u00e8ne bucco-dentaire<\/strong>.<\/p>\n","protected":false},"featured_media":1810906,"template":"","meta":[],"product_cat":[2698,12603],"product_tag":[],"class_list":{"0":"post-100285","1":"product","2":"type-product","3":"status-publish","4":"has-post-thumbnail","6":"product_cat-chien","7":"product_cat-friandises-pour-chien","8":"pa_marque-8in1","10":"first","11":"instock","12":"taxable","13":"shipping-taxable","14":"purchasable","15":"product-type-variable"},"yoast_head":"<!-- This site is optimized with the Yoast SEO plugin v27.5 - https:\/\/yoast.com\/product\/yoast-seo-wordpress\/ -->\n<title>Os \u00e0 m\u00e2cher 8in1 Delights Strong 8in1 - V\u00e9torino<\/title>\n<meta name=\"description\" content=\"Friandise savoureuse, solide et respectueuse de la sant\u00e9 de votre chien ! Tr\u00e8s ferme, cet os est garni d\u2019une d\u00e9licieuse viande de poulet compress\u00e9e dans une peau de b\u0153uf tr\u00e8s ferme de qualit\u00e9 sup\u00e9rieure. Cette friandise est id\u00e9al pour r\u00e9compenser votre toutou, ne contient ni colorant, ni ar\u00f4me artificiel. Ces produits tr\u00e8s sains contiennent peu de mati\u00e8res grasses et favorisent une bonne hygi\u00e8ne bucco-dentaire.\" \/>\n<meta name=\"robots\" content=\"noindex, nofollow\" \/>\n<meta property=\"og:locale\" content=\"fr_FR\" \/>\n<meta property=\"og:type\" content=\"article\" \/>\n<meta property=\"og:title\" content=\"Os \u00e0 m\u00e2cher 8in1 Delights Strong 8in1 - V\u00e9torino\" \/>\n<meta property=\"og:description\" content=\"Friandise savoureuse, solide et respectueuse de la sant\u00e9 de votre chien ! Tr\u00e8s ferme, cet os est garni d\u2019une d\u00e9licieuse viande de poulet compress\u00e9e dans une peau de b\u0153uf tr\u00e8s ferme de qualit\u00e9 sup\u00e9rieure. Cette friandise est id\u00e9al pour r\u00e9compenser votre toutou, ne contient ni colorant, ni ar\u00f4me artificiel. Ces produits tr\u00e8s sains contiennent peu de mati\u00e8res grasses et favorisent une bonne hygi\u00e8ne bucco-dentaire.\" \/>\n<meta property=\"og:url\" content=\"https:\/\/www.vetorino.com\/veterinaire\/preenpailsaintsamson-53140\/boutique\/product\/os-a-macher-8in1-delight-strong-noue\/\" \/>\n<meta property=\"og:site_name\" content=\"V\u00e9torino\" \/>\n<meta property=\"article:publisher\" content=\"https:\/\/www.facebook.com\/Vetorino\/\" \/>\n<meta property=\"article:modified_time\" content=\"2026-04-27T15:50:43+00:00\" \/>\n<meta property=\"og:image\" content=\"https:\/\/www.vetorino.com\/boutique\/wp-content\/uploads\/2020\/03\/friandise-8in1-os-a-macher-delight-strong-m.jpg\" \/>\n\t<meta property=\"og:image:width\" content=\"800\" \/>\n\t<meta property=\"og:image:height\" content=\"800\" \/>\n\t<meta property=\"og:image:type\" content=\"image\/jpeg\" \/>\n<meta name=\"twitter:card\" content=\"summary_large_image\" \/>\n<meta name=\"twitter:label1\" content=\"Disponibilit\u00e9\" \/>\n\t<meta name=\"twitter:data1\" content=\"En stock\" \/>\n<script type=\"application\/ld+json\" class=\"yoast-schema-graph\">{\"@context\":\"https:\\\/\\\/schema.org\",\"@graph\":[{\"@type\":\"WebPage\",\"@id\":\"https:\\\/\\\/www.vetorino.com\\\/boutique\\\/product\\\/os-a-macher-8in1-delight-strong-noue\\\/\",\"url\":\"https:\\\/\\\/www.vetorino.com\\\/boutique\\\/product\\\/os-a-macher-8in1-delight-strong-noue\\\/\",\"name\":\"Os \u00e0 m\u00e2cher 8in1 Delights Strong 8in1 - V\u00e9torino\",\"isPartOf\":{\"@id\":\"https:\\\/\\\/www.vetorino.com\\\/boutique\\\/#website\"},\"primaryImageOfPage\":{\"@id\":\"https:\\\/\\\/www.vetorino.com\\\/boutique\\\/product\\\/os-a-macher-8in1-delight-strong-noue\\\/#primaryimage\"},\"image\":{\"@id\":\"https:\\\/\\\/www.vetorino.com\\\/boutique\\\/product\\\/os-a-macher-8in1-delight-strong-noue\\\/#primaryimage\"},\"thumbnailUrl\":\"https:\\\/\\\/www.vetorino.com\\\/boutique\\\/wp-content\\\/uploads\\\/2020\\\/03\\\/friandise-8in1-os-a-macher-delight-strong-m.jpg\",\"datePublished\":\"2020-06-29T23:42:18+00:00\",\"dateModified\":\"2026-04-27T15:50:43+00:00\",\"description\":\"Friandise savoureuse, solide et respectueuse de la sant\u00e9 de votre chien ! Tr\u00e8s ferme, cet os est garni d\u2019une d\u00e9licieuse viande de poulet compress\u00e9e dans une peau de b\u0153uf tr\u00e8s ferme de qualit\u00e9 sup\u00e9rieure. Cette friandise est id\u00e9al pour r\u00e9compenser votre toutou, ne contient ni colorant, ni ar\u00f4me artificiel. Ces produits tr\u00e8s sains contiennent peu de mati\u00e8res grasses et favorisent une bonne hygi\u00e8ne bucco-dentaire.\",\"breadcrumb\":{\"@id\":\"https:\\\/\\\/www.vetorino.com\\\/boutique\\\/product\\\/os-a-macher-8in1-delight-strong-noue\\\/#breadcrumb\"},\"inLanguage\":\"fr-FR\",\"potentialAction\":[{\"@type\":\"ReadAction\",\"target\":[\"https:\\\/\\\/www.vetorino.com\\\/boutique\\\/product\\\/os-a-macher-8in1-delight-strong-noue\\\/\"]}]},{\"@type\":\"ImageObject\",\"inLanguage\":\"fr-FR\",\"@id\":\"https:\\\/\\\/www.vetorino.com\\\/boutique\\\/product\\\/os-a-macher-8in1-delight-strong-noue\\\/#primaryimage\",\"url\":\"https:\\\/\\\/www.vetorino.com\\\/boutique\\\/wp-content\\\/uploads\\\/2020\\\/03\\\/friandise-8in1-os-a-macher-delight-strong-m.jpg\",\"contentUrl\":\"https:\\\/\\\/www.vetorino.com\\\/boutique\\\/wp-content\\\/uploads\\\/2020\\\/03\\\/friandise-8in1-os-a-macher-delight-strong-m.jpg\",\"width\":800,\"height\":800},{\"@type\":\"BreadcrumbList\",\"@id\":\"https:\\\/\\\/www.vetorino.com\\\/boutique\\\/product\\\/os-a-macher-8in1-delight-strong-noue\\\/#breadcrumb\",\"itemListElement\":[{\"@type\":\"ListItem\",\"position\":1,\"name\":\"Accueil\",\"item\":\"https:\\\/\\\/www.vetorino.com\\\/boutique\\\/\"},{\"@type\":\"ListItem\",\"position\":2,\"name\":\"Produits\",\"item\":\"https:\\\/\\\/www.vetorino.com\\\/boutique\\\/\"},{\"@type\":\"ListItem\",\"position\":3,\"name\":\"Os \u00e0 m\u00e2cher 8in1 Delights Strong\"}]},{\"@type\":\"WebSite\",\"@id\":\"https:\\\/\\\/www.vetorino.com\\\/boutique\\\/#website\",\"url\":\"https:\\\/\\\/www.vetorino.com\\\/boutique\\\/\",\"name\":\"V\u00e9torino\",\"description\":\"\",\"publisher\":{\"@id\":\"https:\\\/\\\/www.vetorino.com\\\/boutique\\\/#organization\"},\"potentialAction\":[{\"@type\":\"SearchAction\",\"target\":{\"@type\":\"EntryPoint\",\"urlTemplate\":\"https:\\\/\\\/www.vetorino.com\\\/boutique\\\/?s={search_term_string}\"},\"query-input\":{\"@type\":\"PropertyValueSpecification\",\"valueRequired\":true,\"valueName\":\"search_term_string\"}}],\"inLanguage\":\"fr-FR\"},{\"@type\":\"Organization\",\"@id\":\"https:\\\/\\\/www.vetorino.com\\\/boutique\\\/#organization\",\"name\":\"V\u00e9torino\",\"url\":\"https:\\\/\\\/www.vetorino.com\\\/boutique\\\/\",\"logo\":{\"@type\":\"ImageObject\",\"inLanguage\":\"fr-FR\",\"@id\":\"https:\\\/\\\/www.vetorino.com\\\/boutique\\\/#\\\/schema\\\/logo\\\/image\\\/\",\"url\":\"https:\\\/\\\/www.vetorino.com\\\/boutique\\\/wp-content\\\/uploads\\\/2024\\\/10\\\/logo.jpg\",\"contentUrl\":\"https:\\\/\\\/www.vetorino.com\\\/boutique\\\/wp-content\\\/uploads\\\/2024\\\/10\\\/logo.jpg\",\"width\":1200,\"height\":610,\"caption\":\"V\u00e9torino\"},\"image\":{\"@id\":\"https:\\\/\\\/www.vetorino.com\\\/boutique\\\/#\\\/schema\\\/logo\\\/image\\\/\"},\"sameAs\":[\"https:\\\/\\\/www.facebook.com\\\/Vetorino\\\/\",\"https:\\\/\\\/www.instagram.com\\\/vetorino_off\\\/\",\"https:\\\/\\\/www.linkedin.com\\\/company\\\/vtorino\\\/\"]}]}<\/script>\n<meta property=\"product:brand\" content=\"8in1\" \/>\n<meta property=\"og:availability\" content=\"instock\" \/>\n<meta property=\"product:availability\" content=\"instock\" \/>\n<meta property=\"product:condition\" content=\"new\" \/>\n<!-- \/ Yoast SEO plugin. -->","yoast_head_json":{"title":"Os \u00e0 m\u00e2cher 8in1 Delights Strong 8in1 - V\u00e9torino","description":"Friandise savoureuse, solide et respectueuse de la sant\u00e9 de votre chien ! Tr\u00e8s ferme, cet os est garni d\u2019une d\u00e9licieuse viande de poulet compress\u00e9e dans une peau de b\u0153uf tr\u00e8s ferme de qualit\u00e9 sup\u00e9rieure. Cette friandise est id\u00e9al pour r\u00e9compenser votre toutou, ne contient ni colorant, ni ar\u00f4me artificiel. Ces produits tr\u00e8s sains contiennent peu de mati\u00e8res grasses et favorisent une bonne hygi\u00e8ne bucco-dentaire.","robots":{"index":"noindex","follow":"nofollow"},"og_locale":"fr_FR","og_type":"article","og_title":"Os \u00e0 m\u00e2cher 8in1 Delights Strong 8in1 - V\u00e9torino","og_description":"Friandise savoureuse, solide et respectueuse de la sant\u00e9 de votre chien ! Tr\u00e8s ferme, cet os est garni d\u2019une d\u00e9licieuse viande de poulet compress\u00e9e dans une peau de b\u0153uf tr\u00e8s ferme de qualit\u00e9 sup\u00e9rieure. Cette friandise est id\u00e9al pour r\u00e9compenser votre toutou, ne contient ni colorant, ni ar\u00f4me artificiel. Ces produits tr\u00e8s sains contiennent peu de mati\u00e8res grasses et favorisent une bonne hygi\u00e8ne bucco-dentaire.","og_url":"https:\/\/www.vetorino.com\/veterinaire\/preenpailsaintsamson-53140\/boutique\/product\/os-a-macher-8in1-delight-strong-noue\/","og_site_name":"V\u00e9torino","article_publisher":"https:\/\/www.facebook.com\/Vetorino\/","article_modified_time":"2026-04-27T15:50:43+00:00","og_image":[{"width":800,"height":800,"url":"https:\/\/www.vetorino.com\/boutique\/wp-content\/uploads\/2020\/03\/friandise-8in1-os-a-macher-delight-strong-m.jpg","type":"image\/jpeg"}],"twitter_card":"summary_large_image","twitter_misc":{"Disponibilit\u00e9":"En stock"},"schema":{"@context":"https:\/\/schema.org","@graph":[{"@type":"WebPage","@id":"https:\/\/www.vetorino.com\/boutique\/product\/os-a-macher-8in1-delight-strong-noue\/","url":"https:\/\/www.vetorino.com\/boutique\/product\/os-a-macher-8in1-delight-strong-noue\/","name":"Os \u00e0 m\u00e2cher 8in1 Delights Strong 8in1 - V\u00e9torino","isPartOf":{"@id":"https:\/\/www.vetorino.com\/boutique\/#website"},"primaryImageOfPage":{"@id":"https:\/\/www.vetorino.com\/boutique\/product\/os-a-macher-8in1-delight-strong-noue\/#primaryimage"},"image":{"@id":"https:\/\/www.vetorino.com\/boutique\/product\/os-a-macher-8in1-delight-strong-noue\/#primaryimage"},"thumbnailUrl":"https:\/\/www.vetorino.com\/boutique\/wp-content\/uploads\/2020\/03\/friandise-8in1-os-a-macher-delight-strong-m.jpg","datePublished":"2020-06-29T23:42:18+00:00","dateModified":"2026-04-27T15:50:43+00:00","description":"Friandise savoureuse, solide et respectueuse de la sant\u00e9 de votre chien ! Tr\u00e8s ferme, cet os est garni d\u2019une d\u00e9licieuse viande de poulet compress\u00e9e dans une peau de b\u0153uf tr\u00e8s ferme de qualit\u00e9 sup\u00e9rieure. Cette friandise est id\u00e9al pour r\u00e9compenser votre toutou, ne contient ni colorant, ni ar\u00f4me artificiel. Ces produits tr\u00e8s sains contiennent peu de mati\u00e8res grasses et favorisent une bonne hygi\u00e8ne bucco-dentaire.","breadcrumb":{"@id":"https:\/\/www.vetorino.com\/boutique\/product\/os-a-macher-8in1-delight-strong-noue\/#breadcrumb"},"inLanguage":"fr-FR","potentialAction":[{"@type":"ReadAction","target":["https:\/\/www.vetorino.com\/boutique\/product\/os-a-macher-8in1-delight-strong-noue\/"]}]},{"@type":"ImageObject","inLanguage":"fr-FR","@id":"https:\/\/www.vetorino.com\/boutique\/product\/os-a-macher-8in1-delight-strong-noue\/#primaryimage","url":"https:\/\/www.vetorino.com\/boutique\/wp-content\/uploads\/2020\/03\/friandise-8in1-os-a-macher-delight-strong-m.jpg","contentUrl":"https:\/\/www.vetorino.com\/boutique\/wp-content\/uploads\/2020\/03\/friandise-8in1-os-a-macher-delight-strong-m.jpg","width":800,"height":800},{"@type":"BreadcrumbList","@id":"https:\/\/www.vetorino.com\/boutique\/product\/os-a-macher-8in1-delight-strong-noue\/#breadcrumb","itemListElement":[{"@type":"ListItem","position":1,"name":"Accueil","item":"https:\/\/www.vetorino.com\/boutique\/"},{"@type":"ListItem","position":2,"name":"Produits","item":"https:\/\/www.vetorino.com\/boutique\/"},{"@type":"ListItem","position":3,"name":"Os \u00e0 m\u00e2cher 8in1 Delights Strong"}]},{"@type":"WebSite","@id":"https:\/\/www.vetorino.com\/boutique\/#website","url":"https:\/\/www.vetorino.com\/boutique\/","name":"V\u00e9torino","description":"","publisher":{"@id":"https:\/\/www.vetorino.com\/boutique\/#organization"},"potentialAction":[{"@type":"SearchAction","target":{"@type":"EntryPoint","urlTemplate":"https:\/\/www.vetorino.com\/boutique\/?s={search_term_string}"},"query-input":{"@type":"PropertyValueSpecification","valueRequired":true,"valueName":"search_term_string"}}],"inLanguage":"fr-FR"},{"@type":"Organization","@id":"https:\/\/www.vetorino.com\/boutique\/#organization","name":"V\u00e9torino","url":"https:\/\/www.vetorino.com\/boutique\/","logo":{"@type":"ImageObject","inLanguage":"fr-FR","@id":"https:\/\/www.vetorino.com\/boutique\/#\/schema\/logo\/image\/","url":"https:\/\/www.vetorino.com\/boutique\/wp-content\/uploads\/2024\/10\/logo.jpg","contentUrl":"https:\/\/www.vetorino.com\/boutique\/wp-content\/uploads\/2024\/10\/logo.jpg","width":1200,"height":610,"caption":"V\u00e9torino"},"image":{"@id":"https:\/\/www.vetorino.com\/boutique\/#\/schema\/logo\/image\/"},"sameAs":["https:\/\/www.facebook.com\/Vetorino\/","https:\/\/www.instagram.com\/vetorino_off\/","https:\/\/www.linkedin.com\/company\/vtorino\/"]}]},"product_brand":"8in1","og_availability":"instock","product_availability":"instock","product_condition":"new"},"_links":{"self":[{"href":"https:\/\/www.vetorino.com\/veterinaire\/preenpailsaintsamson-53140\/boutique\/wp-json\/wp\/v2\/product\/100285","targetHints":{"allow":["GET"]}}],"collection":[{"href":"https:\/\/www.vetorino.com\/veterinaire\/preenpailsaintsamson-53140\/boutique\/wp-json\/wp\/v2\/product"}],"about":[{"href":"https:\/\/www.vetorino.com\/veterinaire\/preenpailsaintsamson-53140\/boutique\/wp-json\/wp\/v2\/types\/product"}],"wp:featuredmedia":[{"embeddable":true,"href":"https:\/\/www.vetorino.com\/veterinaire\/preenpailsaintsamson-53140\/boutique\/wp-json\/wp\/v2\/media\/1810906"}],"wp:attachment":[{"href":"https:\/\/www.vetorino.com\/veterinaire\/preenpailsaintsamson-53140\/boutique\/wp-json\/wp\/v2\/media?parent=100285"}],"wp:term":[{"taxonomy":"product_cat","embeddable":true,"href":"https:\/\/www.vetorino.com\/veterinaire\/preenpailsaintsamson-53140\/boutique\/wp-json\/wp\/v2\/product_cat?post=100285"},{"taxonomy":"product_tag","embeddable":true,"href":"https:\/\/www.vetorino.com\/veterinaire\/preenpailsaintsamson-53140\/boutique\/wp-json\/wp\/v2\/product_tag?post=100285"}],"curies":[{"name":"wp","href":"https:\/\/api.w.org\/{rel}","templated":true}]}}