{"id":1810602,"date":"2026-04-27T12:26:46","date_gmt":"2026-04-27T10:26:46","guid":{"rendered":"https:\/\/www.vetorino.com\/boutique\/product\/friandises-sabot-de-veau\/"},"modified":"2026-04-27T15:25:41","modified_gmt":"2026-04-27T13:25:41","slug":"friandises-sabot-de-veau","status":"publish","type":"product","link":"https:\/\/www.vetorino.com\/veterinaire\/preenpailsaintsamson-53140\/boutique\/product\/friandises-sabot-de-veau\/","title":{"rendered":"Friandises Sabot de Veau &#8211; chien"},"content":{"rendered":"<p>Cette<strong> corne \u00e0 m\u00e2cher<\/strong> durable est recommand\u00e9e pour tous les chiens et chiots \u00e0 partir de 3\/4 mois qui font leurs dents dessus.<\/p>\n<p>Le sabot peut \u00eatre rempli de p\u00e2t\u00e9e ou autre friandise ou m\u00eame congel\u00e9 pour plus de plaisir !<\/p>\n<p><strong>Caract\u00e9ristiques :\u00a0<\/strong><\/p>\n<ul>\n<li>100 % naturel.<\/li>\n<li>Id\u00e9al pour chiens en surpoids car pauvre en graisses.<\/li>\n<li>Convient aux chiens d\u00e8s 3\/4 mois si la nourriture solide \u00e0 \u00e9t\u00e9 introduite.<\/li>\n<li>Sans c\u00e9r\u00e9ales ni gluten.<\/li>\n<li>Sans additifs ni conservateurs.<\/li>\n<\/ul>\n<p>Comme il s&#8217;agit de produits naturels, leur forme, <strong>couleur, taille et poids peuvent varier<\/strong>.<\/p>\n<p><strong>Pr\u00e9cautions :\u00a0<\/strong><\/p>\n<p>Ce produit est une friandise et non une source d&#8217;alimentation.<br \/>\nA donner comme collation ou r\u00e9compense selon l&#8217;\u00e2ge, le poids et l&#8217;activit\u00e9 de votre animal et en ajustant sa ration journali\u00e8re de nourriture en cons\u00e9quence.<br \/>\nLaissez toujours de l&#8217;eau fra\u00eeche \u00e0 disposition de votre animal.<br \/>\nNe le laissez jamais sans surveillance lorsqu&#8217;il m\u00e2che et mastique ces produits.<\/p>\n","protected":false},"excerpt":{"rendered":"<p><strong>Corne \u00e0 m\u00e2cher <\/strong>\u00a0est recommand\u00e9e pour tous les chiens et chiots \u00e0 partir de 3\/4 mois qui font leurs dents dessus.<\/p>\n<p><strong>Caract\u00e9ristiques :\u00a0<\/strong><\/p>\n<ul>\n<li>100 % naturel.<\/li>\n<li>Id\u00e9al pour chiens en surpoids car pauvre en graisses.<\/li>\n<li>Convient aux chiens d\u00e8s 3\/4 mois si la nourriture solide \u00e0 \u00e9t\u00e9 introduite.<\/li>\n<li>Sans c\u00e9r\u00e9ales ni gluten.<\/li>\n<li>Sans additifs ni conservateurs.<\/li>\n<\/ul>\n","protected":false},"featured_media":1810755,"template":"","meta":[],"product_cat":[12552,2698,12603],"product_tag":[],"class_list":{"0":"post-1810602","1":"product","2":"type-product","3":"status-publish","4":"has-post-thumbnail","6":"product_cat-alimentation-du-chien","7":"product_cat-chien","8":"product_cat-friandises-pour-chien","9":"pa_marque-apetite-store","11":"first","12":"instock","13":"taxable","14":"shipping-taxable","15":"purchasable","16":"product-type-simple"},"yoast_head":"<!-- This site is optimized with the Yoast SEO plugin v27.5 - https:\/\/yoast.com\/product\/yoast-seo-wordpress\/ -->\n<title>Friandises Sabot de Veau - chien APETITE STORE - V\u00e9torino<\/title>\n<meta name=\"description\" content=\"Corne \u00e0 m\u00e2cher \u00a0est recommand\u00e9e pour tous les chiens et chiots \u00e0 partir de 3\/4 mois qui font leurs dents dessus.  Caract\u00e9ristiques :\u00a0   100 % naturel.  Id\u00e9al pour chiens en surpoids car pauvre en graisses.  Convient aux chiens d\u00e8s 3\/4 mois si la nourriture solide \u00e0 \u00e9t\u00e9 introduite.  Sans c\u00e9r\u00e9ales ni gluten.  Sans additifs ni conservateurs.\" \/>\n<meta name=\"robots\" content=\"noindex, nofollow\" \/>\n<meta property=\"og:locale\" content=\"fr_FR\" \/>\n<meta property=\"og:type\" content=\"article\" \/>\n<meta property=\"og:title\" content=\"Friandises Sabot de Veau - chien APETITE STORE - V\u00e9torino\" \/>\n<meta property=\"og:description\" content=\"Corne \u00e0 m\u00e2cher \u00a0est recommand\u00e9e pour tous les chiens et chiots \u00e0 partir de 3\/4 mois qui font leurs dents dessus.  Caract\u00e9ristiques :\u00a0   100 % naturel.  Id\u00e9al pour chiens en surpoids car pauvre en graisses.  Convient aux chiens d\u00e8s 3\/4 mois si la nourriture solide \u00e0 \u00e9t\u00e9 introduite.  Sans c\u00e9r\u00e9ales ni gluten.  Sans additifs ni conservateurs.\" \/>\n<meta property=\"og:url\" content=\"https:\/\/www.vetorino.com\/veterinaire\/preenpailsaintsamson-53140\/boutique\/product\/friandises-sabot-de-veau\/\" \/>\n<meta property=\"og:site_name\" content=\"V\u00e9torino\" \/>\n<meta property=\"article:publisher\" content=\"https:\/\/www.facebook.com\/Vetorino\/\" \/>\n<meta property=\"article:modified_time\" content=\"2026-04-27T13:25:41+00:00\" \/>\n<meta property=\"og:image\" content=\"https:\/\/www.vetorino.com\/boutique\/wp-content\/uploads\/2026\/04\/sabot_de_veau_chiefriandise.webp\" \/>\n\t<meta property=\"og:image:width\" content=\"1043\" \/>\n\t<meta property=\"og:image:height\" content=\"1043\" \/>\n\t<meta property=\"og:image:type\" content=\"image\/webp\" \/>\n<meta name=\"twitter:card\" content=\"summary_large_image\" \/>\n<meta name=\"twitter:label1\" content=\"Prix\" \/>\n\t<meta name=\"twitter:data1\" content=\"5,19&euro;\" \/>\n\t<meta name=\"twitter:label2\" content=\"Disponibilit\u00e9\" \/>\n\t<meta name=\"twitter:data2\" content=\"En stock\" \/>\n<script type=\"application\/ld+json\" class=\"yoast-schema-graph\">{\"@context\":\"https:\\\/\\\/schema.org\",\"@graph\":[{\"@type\":\"WebPage\",\"@id\":\"https:\\\/\\\/www.vetorino.com\\\/boutique\\\/product\\\/friandises-sabot-de-veau\\\/\",\"url\":\"https:\\\/\\\/www.vetorino.com\\\/boutique\\\/product\\\/friandises-sabot-de-veau\\\/\",\"name\":\"Friandises Sabot de Veau - chien APETITE STORE - V\u00e9torino\",\"isPartOf\":{\"@id\":\"https:\\\/\\\/www.vetorino.com\\\/boutique\\\/#website\"},\"primaryImageOfPage\":{\"@id\":\"https:\\\/\\\/www.vetorino.com\\\/boutique\\\/product\\\/friandises-sabot-de-veau\\\/#primaryimage\"},\"image\":{\"@id\":\"https:\\\/\\\/www.vetorino.com\\\/boutique\\\/product\\\/friandises-sabot-de-veau\\\/#primaryimage\"},\"thumbnailUrl\":\"https:\\\/\\\/www.vetorino.com\\\/boutique\\\/wp-content\\\/uploads\\\/2026\\\/04\\\/sabot_de_veau_chiefriandise.webp\",\"datePublished\":\"2026-04-27T10:26:46+00:00\",\"dateModified\":\"2026-04-27T13:25:41+00:00\",\"description\":\"Corne \u00e0 m\u00e2cher \u00a0est recommand\u00e9e pour tous les chiens et chiots \u00e0 partir de 3\\\/4 mois qui font leurs dents dessus. Caract\u00e9ristiques :\u00a0 100 % naturel. Id\u00e9al pour chiens en surpoids car pauvre en graisses. Convient aux chiens d\u00e8s 3\\\/4 mois si la nourriture solide \u00e0 \u00e9t\u00e9 introduite. Sans c\u00e9r\u00e9ales ni gluten. Sans additifs ni conservateurs.\",\"breadcrumb\":{\"@id\":\"https:\\\/\\\/www.vetorino.com\\\/boutique\\\/product\\\/friandises-sabot-de-veau\\\/#breadcrumb\"},\"inLanguage\":\"fr-FR\",\"potentialAction\":[{\"@type\":\"ReadAction\",\"target\":[\"https:\\\/\\\/www.vetorino.com\\\/boutique\\\/product\\\/friandises-sabot-de-veau\\\/\"]}]},{\"@type\":\"ImageObject\",\"inLanguage\":\"fr-FR\",\"@id\":\"https:\\\/\\\/www.vetorino.com\\\/boutique\\\/product\\\/friandises-sabot-de-veau\\\/#primaryimage\",\"url\":\"https:\\\/\\\/www.vetorino.com\\\/boutique\\\/wp-content\\\/uploads\\\/2026\\\/04\\\/sabot_de_veau_chiefriandise.webp\",\"contentUrl\":\"https:\\\/\\\/www.vetorino.com\\\/boutique\\\/wp-content\\\/uploads\\\/2026\\\/04\\\/sabot_de_veau_chiefriandise.webp\",\"width\":1043,\"height\":1043},{\"@type\":\"BreadcrumbList\",\"@id\":\"https:\\\/\\\/www.vetorino.com\\\/boutique\\\/product\\\/friandises-sabot-de-veau\\\/#breadcrumb\",\"itemListElement\":[{\"@type\":\"ListItem\",\"position\":1,\"name\":\"Accueil\",\"item\":\"https:\\\/\\\/www.vetorino.com\\\/boutique\\\/\"},{\"@type\":\"ListItem\",\"position\":2,\"name\":\"Produits\",\"item\":\"https:\\\/\\\/www.vetorino.com\\\/boutique\\\/\"},{\"@type\":\"ListItem\",\"position\":3,\"name\":\"Friandises Sabot de Veau &#8211; chien\"}]},{\"@type\":\"WebSite\",\"@id\":\"https:\\\/\\\/www.vetorino.com\\\/boutique\\\/#website\",\"url\":\"https:\\\/\\\/www.vetorino.com\\\/boutique\\\/\",\"name\":\"V\u00e9torino\",\"description\":\"\",\"publisher\":{\"@id\":\"https:\\\/\\\/www.vetorino.com\\\/boutique\\\/#organization\"},\"potentialAction\":[{\"@type\":\"SearchAction\",\"target\":{\"@type\":\"EntryPoint\",\"urlTemplate\":\"https:\\\/\\\/www.vetorino.com\\\/boutique\\\/?s={search_term_string}\"},\"query-input\":{\"@type\":\"PropertyValueSpecification\",\"valueRequired\":true,\"valueName\":\"search_term_string\"}}],\"inLanguage\":\"fr-FR\"},{\"@type\":\"Organization\",\"@id\":\"https:\\\/\\\/www.vetorino.com\\\/boutique\\\/#organization\",\"name\":\"V\u00e9torino\",\"url\":\"https:\\\/\\\/www.vetorino.com\\\/boutique\\\/\",\"logo\":{\"@type\":\"ImageObject\",\"inLanguage\":\"fr-FR\",\"@id\":\"https:\\\/\\\/www.vetorino.com\\\/boutique\\\/#\\\/schema\\\/logo\\\/image\\\/\",\"url\":\"https:\\\/\\\/www.vetorino.com\\\/boutique\\\/wp-content\\\/uploads\\\/2024\\\/10\\\/logo.jpg\",\"contentUrl\":\"https:\\\/\\\/www.vetorino.com\\\/boutique\\\/wp-content\\\/uploads\\\/2024\\\/10\\\/logo.jpg\",\"width\":1200,\"height\":610,\"caption\":\"V\u00e9torino\"},\"image\":{\"@id\":\"https:\\\/\\\/www.vetorino.com\\\/boutique\\\/#\\\/schema\\\/logo\\\/image\\\/\"},\"sameAs\":[\"https:\\\/\\\/www.facebook.com\\\/Vetorino\\\/\",\"https:\\\/\\\/www.instagram.com\\\/vetorino_off\\\/\",\"https:\\\/\\\/www.linkedin.com\\\/company\\\/vtorino\\\/\"]}]}<\/script>\n<meta property=\"product:brand\" content=\"APETITE STORE\" \/>\n<meta property=\"product:price:amount\" content=\"5.19\" \/>\n<meta property=\"product:price:currency\" content=\"EUR\" \/>\n<meta property=\"og:availability\" content=\"instock\" \/>\n<meta property=\"product:availability\" content=\"instock\" \/>\n<meta property=\"product:retailer_item_id\" content=\"C-FRI115\" \/>\n<meta property=\"product:condition\" content=\"new\" \/>\n<!-- \/ Yoast SEO plugin. -->","yoast_head_json":{"title":"Friandises Sabot de Veau - chien APETITE STORE - V\u00e9torino","description":"Corne \u00e0 m\u00e2cher \u00a0est recommand\u00e9e pour tous les chiens et chiots \u00e0 partir de 3\/4 mois qui font leurs dents dessus.  Caract\u00e9ristiques :\u00a0   100 % naturel.  Id\u00e9al pour chiens en surpoids car pauvre en graisses.  Convient aux chiens d\u00e8s 3\/4 mois si la nourriture solide \u00e0 \u00e9t\u00e9 introduite.  Sans c\u00e9r\u00e9ales ni gluten.  Sans additifs ni conservateurs.","robots":{"index":"noindex","follow":"nofollow"},"og_locale":"fr_FR","og_type":"article","og_title":"Friandises Sabot de Veau - chien APETITE STORE - V\u00e9torino","og_description":"Corne \u00e0 m\u00e2cher \u00a0est recommand\u00e9e pour tous les chiens et chiots \u00e0 partir de 3\/4 mois qui font leurs dents dessus.  Caract\u00e9ristiques :\u00a0   100 % naturel.  Id\u00e9al pour chiens en surpoids car pauvre en graisses.  Convient aux chiens d\u00e8s 3\/4 mois si la nourriture solide \u00e0 \u00e9t\u00e9 introduite.  Sans c\u00e9r\u00e9ales ni gluten.  Sans additifs ni conservateurs.","og_url":"https:\/\/www.vetorino.com\/veterinaire\/preenpailsaintsamson-53140\/boutique\/product\/friandises-sabot-de-veau\/","og_site_name":"V\u00e9torino","article_publisher":"https:\/\/www.facebook.com\/Vetorino\/","article_modified_time":"2026-04-27T13:25:41+00:00","og_image":[{"width":1043,"height":1043,"url":"https:\/\/www.vetorino.com\/boutique\/wp-content\/uploads\/2026\/04\/sabot_de_veau_chiefriandise.webp","type":"image\/webp"}],"twitter_card":"summary_large_image","twitter_misc":{"Prix":"5,19&euro;","Disponibilit\u00e9":"En stock"},"schema":{"@context":"https:\/\/schema.org","@graph":[{"@type":"WebPage","@id":"https:\/\/www.vetorino.com\/boutique\/product\/friandises-sabot-de-veau\/","url":"https:\/\/www.vetorino.com\/boutique\/product\/friandises-sabot-de-veau\/","name":"Friandises Sabot de Veau - chien APETITE STORE - V\u00e9torino","isPartOf":{"@id":"https:\/\/www.vetorino.com\/boutique\/#website"},"primaryImageOfPage":{"@id":"https:\/\/www.vetorino.com\/boutique\/product\/friandises-sabot-de-veau\/#primaryimage"},"image":{"@id":"https:\/\/www.vetorino.com\/boutique\/product\/friandises-sabot-de-veau\/#primaryimage"},"thumbnailUrl":"https:\/\/www.vetorino.com\/boutique\/wp-content\/uploads\/2026\/04\/sabot_de_veau_chiefriandise.webp","datePublished":"2026-04-27T10:26:46+00:00","dateModified":"2026-04-27T13:25:41+00:00","description":"Corne \u00e0 m\u00e2cher \u00a0est recommand\u00e9e pour tous les chiens et chiots \u00e0 partir de 3\/4 mois qui font leurs dents dessus. Caract\u00e9ristiques :\u00a0 100 % naturel. Id\u00e9al pour chiens en surpoids car pauvre en graisses. Convient aux chiens d\u00e8s 3\/4 mois si la nourriture solide \u00e0 \u00e9t\u00e9 introduite. Sans c\u00e9r\u00e9ales ni gluten. Sans additifs ni conservateurs.","breadcrumb":{"@id":"https:\/\/www.vetorino.com\/boutique\/product\/friandises-sabot-de-veau\/#breadcrumb"},"inLanguage":"fr-FR","potentialAction":[{"@type":"ReadAction","target":["https:\/\/www.vetorino.com\/boutique\/product\/friandises-sabot-de-veau\/"]}]},{"@type":"ImageObject","inLanguage":"fr-FR","@id":"https:\/\/www.vetorino.com\/boutique\/product\/friandises-sabot-de-veau\/#primaryimage","url":"https:\/\/www.vetorino.com\/boutique\/wp-content\/uploads\/2026\/04\/sabot_de_veau_chiefriandise.webp","contentUrl":"https:\/\/www.vetorino.com\/boutique\/wp-content\/uploads\/2026\/04\/sabot_de_veau_chiefriandise.webp","width":1043,"height":1043},{"@type":"BreadcrumbList","@id":"https:\/\/www.vetorino.com\/boutique\/product\/friandises-sabot-de-veau\/#breadcrumb","itemListElement":[{"@type":"ListItem","position":1,"name":"Accueil","item":"https:\/\/www.vetorino.com\/boutique\/"},{"@type":"ListItem","position":2,"name":"Produits","item":"https:\/\/www.vetorino.com\/boutique\/"},{"@type":"ListItem","position":3,"name":"Friandises Sabot de Veau &#8211; chien"}]},{"@type":"WebSite","@id":"https:\/\/www.vetorino.com\/boutique\/#website","url":"https:\/\/www.vetorino.com\/boutique\/","name":"V\u00e9torino","description":"","publisher":{"@id":"https:\/\/www.vetorino.com\/boutique\/#organization"},"potentialAction":[{"@type":"SearchAction","target":{"@type":"EntryPoint","urlTemplate":"https:\/\/www.vetorino.com\/boutique\/?s={search_term_string}"},"query-input":{"@type":"PropertyValueSpecification","valueRequired":true,"valueName":"search_term_string"}}],"inLanguage":"fr-FR"},{"@type":"Organization","@id":"https:\/\/www.vetorino.com\/boutique\/#organization","name":"V\u00e9torino","url":"https:\/\/www.vetorino.com\/boutique\/","logo":{"@type":"ImageObject","inLanguage":"fr-FR","@id":"https:\/\/www.vetorino.com\/boutique\/#\/schema\/logo\/image\/","url":"https:\/\/www.vetorino.com\/boutique\/wp-content\/uploads\/2024\/10\/logo.jpg","contentUrl":"https:\/\/www.vetorino.com\/boutique\/wp-content\/uploads\/2024\/10\/logo.jpg","width":1200,"height":610,"caption":"V\u00e9torino"},"image":{"@id":"https:\/\/www.vetorino.com\/boutique\/#\/schema\/logo\/image\/"},"sameAs":["https:\/\/www.facebook.com\/Vetorino\/","https:\/\/www.instagram.com\/vetorino_off\/","https:\/\/www.linkedin.com\/company\/vtorino\/"]}]},"product_brand":"APETITE STORE","product_price_amount":"5.19","product_price_currency":"EUR","og_availability":"instock","product_availability":"instock","product_retailer_item_id":"C-FRI115","product_condition":"new"},"_links":{"self":[{"href":"https:\/\/www.vetorino.com\/veterinaire\/preenpailsaintsamson-53140\/boutique\/wp-json\/wp\/v2\/product\/1810602","targetHints":{"allow":["GET"]}}],"collection":[{"href":"https:\/\/www.vetorino.com\/veterinaire\/preenpailsaintsamson-53140\/boutique\/wp-json\/wp\/v2\/product"}],"about":[{"href":"https:\/\/www.vetorino.com\/veterinaire\/preenpailsaintsamson-53140\/boutique\/wp-json\/wp\/v2\/types\/product"}],"wp:featuredmedia":[{"embeddable":true,"href":"https:\/\/www.vetorino.com\/veterinaire\/preenpailsaintsamson-53140\/boutique\/wp-json\/wp\/v2\/media\/1810755"}],"wp:attachment":[{"href":"https:\/\/www.vetorino.com\/veterinaire\/preenpailsaintsamson-53140\/boutique\/wp-json\/wp\/v2\/media?parent=1810602"}],"wp:term":[{"taxonomy":"product_cat","embeddable":true,"href":"https:\/\/www.vetorino.com\/veterinaire\/preenpailsaintsamson-53140\/boutique\/wp-json\/wp\/v2\/product_cat?post=1810602"},{"taxonomy":"product_tag","embeddable":true,"href":"https:\/\/www.vetorino.com\/veterinaire\/preenpailsaintsamson-53140\/boutique\/wp-json\/wp\/v2\/product_tag?post=1810602"}],"curies":[{"name":"wp","href":"https:\/\/api.w.org\/{rel}","templated":true}]}}