{"id":1810687,"date":"2026-04-27T14:06:57","date_gmt":"2026-04-27T12:06:57","guid":{"rendered":"https:\/\/www.vetorino.com\/boutique\/product\/friandises-pack-mastication-faibles-calories\/"},"modified":"2026-04-28T18:12:20","modified_gmt":"2026-04-28T16:12:20","slug":"friandises-pack-mastication-faibles-calories","status":"publish","type":"product","link":"https:\/\/www.vetorino.com\/veterinaire\/preenpailsaintsamson-53140\/boutique\/product\/friandises-pack-mastication-faibles-calories\/","title":{"rendered":"Friandises Pack Mastication Low Calories &#8211; chien"},"content":{"rendered":"<p>Le pack mastication Faibles Calories sont des <strong>d\u00e9licieuses friandises naturelles<\/strong> sp\u00e9cialement con\u00e7ues<strong> pour les chiens qui ont tendance \u00e0 prendre facilement du poids<\/strong>.<\/p>\n<p>Ces friandises &#8220;hypocaloriques&#8221; sont<strong> 100 % naturelles et saines<\/strong>, ce qui signifie que votre compagnon \u00e0 quatre pattes peut savourer une gamme compl\u00e8te de saveurs et de textures sans se soucier des calories.<\/p>\n<p>Convient aux <strong>chiots et chiens \u00e2g\u00e9s de plus de 4 mois<\/strong>.<\/p>\n<p>Le pack comprend :<\/p>\n<ul>\n<li>2 oreilles de boeuf.<\/li>\n<li>50g de tripes de boeuf.<\/li>\n<li>50g de friandises d&#8217;\u00e9ducation saveur lapin.<\/li>\n<li>2\u00a0peaux de chameau.<\/li>\n<li>2\u00a0peau de cerf.<\/li>\n<li>1 sabot de boeuf.<\/li>\n<li>2 oreilles d&#8217;agneau.<\/li>\n<li>1 nerf de boeuf.<\/li>\n<li>2\u00a0lamelles de peau de poissons.<\/li>\n<\/ul>\n<p><strong>Comme il s&#8217;agit de produits naturels, leur forme, couleur, taille et poids peuvent varier.<\/strong><\/p>\n<p><strong>Indications<\/strong> :<\/p>\n<p>Ce produit est une friandise et non une source d&#8217;alimentation.<br \/>\nA donner comme collation ou r\u00e9compense selon l&#8217;\u00e2ge, le poids et l&#8217;activit\u00e9 de votre animal et en ajustant sa ration journali\u00e8re de nourriture en cons\u00e9quence.<br \/>\nLaissez toujours de l&#8217;eau fra\u00eeche \u00e0 disposition de votre animal.<br \/>\nNe le laissez jamais sans surveillance lorsqu&#8217;il m\u00e2che et mastique ces produits.<\/p>\n","protected":false},"excerpt":{"rendered":"<p>Le pack mastication Faibles Calories sont des <strong>d\u00e9licieuses friandises naturelles<\/strong> sp\u00e9cialement con\u00e7ues<strong> pour les chiens qui ont tendance \u00e0 prendre facilement du poids<\/strong>.<\/p>\n<p>Ces friandises &#8220;hypocaloriques&#8221; sont<strong> 100 % naturelles et saines<\/strong>, ce qui signifie que votre compagnon \u00e0 quatre pattes peut savourer une gamme compl\u00e8te de saveurs et de textures sans se soucier des calories.<\/p>\n<p>Convient aux <strong>chiots et chiens \u00e2g\u00e9s de plus de 4 mois<\/strong>.<\/p>\n","protected":false},"featured_media":1810801,"template":"","meta":[],"product_cat":[12552,2698,12603],"product_tag":[],"class_list":{"0":"post-1810687","1":"product","2":"type-product","3":"status-publish","4":"has-post-thumbnail","6":"product_cat-alimentation-du-chien","7":"product_cat-chien","8":"product_cat-friandises-pour-chien","9":"pa_marque-kawaii-compagny","11":"first","12":"outofstock","13":"taxable","14":"shipping-taxable","15":"purchasable","16":"product-type-simple"},"yoast_head":"<!-- This site is optimized with the Yoast SEO plugin v27.5 - https:\/\/yoast.com\/product\/yoast-seo-wordpress\/ -->\n<title>Friandises Pack Mastication Low Calories - chien Kawaii Compagny - V\u00e9torino<\/title>\n<meta name=\"description\" content=\"Le pack mastication Faibles Calories sont des d\u00e9licieuses friandises naturelles sp\u00e9cialement con\u00e7ues pour les chiens qui ont tendance \u00e0 prendre facilement du poids.  Ces friandises &quot;hypocaloriques&quot; sont 100 % naturelles et saines, ce qui signifie que votre compagnon \u00e0 quatre pattes peut savourer une gamme compl\u00e8te de saveurs et de textures sans se soucier des calories.  Convient aux chiots et chiens \u00e2g\u00e9s de plus de 4 mois.\" \/>\n<meta name=\"robots\" content=\"noindex, nofollow\" \/>\n<meta property=\"og:locale\" content=\"fr_FR\" \/>\n<meta property=\"og:type\" content=\"article\" \/>\n<meta property=\"og:title\" content=\"Friandises Pack Mastication Low Calories - chien Kawaii Compagny - V\u00e9torino\" \/>\n<meta property=\"og:description\" content=\"Le pack mastication Faibles Calories sont des d\u00e9licieuses friandises naturelles sp\u00e9cialement con\u00e7ues pour les chiens qui ont tendance \u00e0 prendre facilement du poids.  Ces friandises &quot;hypocaloriques&quot; sont 100 % naturelles et saines, ce qui signifie que votre compagnon \u00e0 quatre pattes peut savourer une gamme compl\u00e8te de saveurs et de textures sans se soucier des calories.  Convient aux chiots et chiens \u00e2g\u00e9s de plus de 4 mois.\" \/>\n<meta property=\"og:url\" content=\"https:\/\/www.vetorino.com\/veterinaire\/preenpailsaintsamson-53140\/boutique\/product\/friandises-pack-mastication-faibles-calories\/\" \/>\n<meta property=\"og:site_name\" content=\"V\u00e9torino\" \/>\n<meta property=\"article:publisher\" content=\"https:\/\/www.facebook.com\/Vetorino\/\" \/>\n<meta property=\"article:modified_time\" content=\"2026-04-28T16:12:20+00:00\" \/>\n<meta property=\"og:image\" content=\"https:\/\/www.vetorino.com\/boutique\/wp-content\/uploads\/2026\/04\/box_mastication_faible_en_calorie_1200x.webp\" \/>\n\t<meta property=\"og:image:width\" content=\"1024\" \/>\n\t<meta property=\"og:image:height\" content=\"1024\" \/>\n\t<meta property=\"og:image:type\" content=\"image\/webp\" \/>\n<meta name=\"twitter:card\" content=\"summary_large_image\" \/>\n<meta name=\"twitter:label1\" content=\"Prix\" \/>\n\t<meta name=\"twitter:data1\" content=\"19,52&euro;\" \/>\n\t<meta name=\"twitter:label2\" content=\"Disponibilit\u00e9\" \/>\n\t<meta name=\"twitter:data2\" content=\"Rupture de stock\" \/>\n<script type=\"application\/ld+json\" class=\"yoast-schema-graph\">{\"@context\":\"https:\\\/\\\/schema.org\",\"@graph\":[{\"@type\":\"WebPage\",\"@id\":\"https:\\\/\\\/www.vetorino.com\\\/boutique\\\/product\\\/friandises-pack-mastication-faibles-calories\\\/\",\"url\":\"https:\\\/\\\/www.vetorino.com\\\/boutique\\\/product\\\/friandises-pack-mastication-faibles-calories\\\/\",\"name\":\"Friandises Pack Mastication Low Calories - chien Kawaii Compagny - V\u00e9torino\",\"isPartOf\":{\"@id\":\"https:\\\/\\\/www.vetorino.com\\\/boutique\\\/#website\"},\"primaryImageOfPage\":{\"@id\":\"https:\\\/\\\/www.vetorino.com\\\/boutique\\\/product\\\/friandises-pack-mastication-faibles-calories\\\/#primaryimage\"},\"image\":{\"@id\":\"https:\\\/\\\/www.vetorino.com\\\/boutique\\\/product\\\/friandises-pack-mastication-faibles-calories\\\/#primaryimage\"},\"thumbnailUrl\":\"https:\\\/\\\/www.vetorino.com\\\/boutique\\\/wp-content\\\/uploads\\\/2026\\\/04\\\/box_mastication_faible_en_calorie_1200x.webp\",\"datePublished\":\"2026-04-27T12:06:57+00:00\",\"dateModified\":\"2026-04-28T16:12:20+00:00\",\"description\":\"Le pack mastication Faibles Calories sont des d\u00e9licieuses friandises naturelles sp\u00e9cialement con\u00e7ues pour les chiens qui ont tendance \u00e0 prendre facilement du poids. Ces friandises \\\"hypocaloriques\\\" sont 100 % naturelles et saines, ce qui signifie que votre compagnon \u00e0 quatre pattes peut savourer une gamme compl\u00e8te de saveurs et de textures sans se soucier des calories. Convient aux chiots et chiens \u00e2g\u00e9s de plus de 4 mois.\",\"breadcrumb\":{\"@id\":\"https:\\\/\\\/www.vetorino.com\\\/boutique\\\/product\\\/friandises-pack-mastication-faibles-calories\\\/#breadcrumb\"},\"inLanguage\":\"fr-FR\",\"potentialAction\":[{\"@type\":\"ReadAction\",\"target\":[\"https:\\\/\\\/www.vetorino.com\\\/boutique\\\/product\\\/friandises-pack-mastication-faibles-calories\\\/\"]}]},{\"@type\":\"ImageObject\",\"inLanguage\":\"fr-FR\",\"@id\":\"https:\\\/\\\/www.vetorino.com\\\/boutique\\\/product\\\/friandises-pack-mastication-faibles-calories\\\/#primaryimage\",\"url\":\"https:\\\/\\\/www.vetorino.com\\\/boutique\\\/wp-content\\\/uploads\\\/2026\\\/04\\\/box_mastication_faible_en_calorie_1200x.webp\",\"contentUrl\":\"https:\\\/\\\/www.vetorino.com\\\/boutique\\\/wp-content\\\/uploads\\\/2026\\\/04\\\/box_mastication_faible_en_calorie_1200x.webp\",\"width\":1024,\"height\":1024},{\"@type\":\"BreadcrumbList\",\"@id\":\"https:\\\/\\\/www.vetorino.com\\\/boutique\\\/product\\\/friandises-pack-mastication-faibles-calories\\\/#breadcrumb\",\"itemListElement\":[{\"@type\":\"ListItem\",\"position\":1,\"name\":\"Accueil\",\"item\":\"https:\\\/\\\/www.vetorino.com\\\/boutique\\\/\"},{\"@type\":\"ListItem\",\"position\":2,\"name\":\"Produits\",\"item\":\"https:\\\/\\\/www.vetorino.com\\\/boutique\\\/\"},{\"@type\":\"ListItem\",\"position\":3,\"name\":\"Friandises Pack Mastication Low Calories &#8211; chien\"}]},{\"@type\":\"WebSite\",\"@id\":\"https:\\\/\\\/www.vetorino.com\\\/boutique\\\/#website\",\"url\":\"https:\\\/\\\/www.vetorino.com\\\/boutique\\\/\",\"name\":\"V\u00e9torino\",\"description\":\"\",\"publisher\":{\"@id\":\"https:\\\/\\\/www.vetorino.com\\\/boutique\\\/#organization\"},\"potentialAction\":[{\"@type\":\"SearchAction\",\"target\":{\"@type\":\"EntryPoint\",\"urlTemplate\":\"https:\\\/\\\/www.vetorino.com\\\/boutique\\\/?s={search_term_string}\"},\"query-input\":{\"@type\":\"PropertyValueSpecification\",\"valueRequired\":true,\"valueName\":\"search_term_string\"}}],\"inLanguage\":\"fr-FR\"},{\"@type\":\"Organization\",\"@id\":\"https:\\\/\\\/www.vetorino.com\\\/boutique\\\/#organization\",\"name\":\"V\u00e9torino\",\"url\":\"https:\\\/\\\/www.vetorino.com\\\/boutique\\\/\",\"logo\":{\"@type\":\"ImageObject\",\"inLanguage\":\"fr-FR\",\"@id\":\"https:\\\/\\\/www.vetorino.com\\\/boutique\\\/#\\\/schema\\\/logo\\\/image\\\/\",\"url\":\"https:\\\/\\\/www.vetorino.com\\\/boutique\\\/wp-content\\\/uploads\\\/2024\\\/10\\\/logo.jpg\",\"contentUrl\":\"https:\\\/\\\/www.vetorino.com\\\/boutique\\\/wp-content\\\/uploads\\\/2024\\\/10\\\/logo.jpg\",\"width\":1200,\"height\":610,\"caption\":\"V\u00e9torino\"},\"image\":{\"@id\":\"https:\\\/\\\/www.vetorino.com\\\/boutique\\\/#\\\/schema\\\/logo\\\/image\\\/\"},\"sameAs\":[\"https:\\\/\\\/www.facebook.com\\\/Vetorino\\\/\",\"https:\\\/\\\/www.instagram.com\\\/vetorino_off\\\/\",\"https:\\\/\\\/www.linkedin.com\\\/company\\\/vtorino\\\/\"]}]}<\/script>\n<meta property=\"product:brand\" content=\"Kawaii Compagny\" \/>\n<meta property=\"product:price:amount\" content=\"19.52\" \/>\n<meta property=\"product:price:currency\" content=\"EUR\" \/>\n<meta property=\"og:availability\" content=\"out of stock\" \/>\n<meta property=\"product:availability\" content=\"out of stock\" \/>\n<meta property=\"product:retailer_item_id\" content=\"C-FRI148\" \/>\n<meta property=\"product:condition\" content=\"new\" \/>\n<!-- \/ Yoast SEO plugin. -->","yoast_head_json":{"title":"Friandises Pack Mastication Low Calories - chien Kawaii Compagny - V\u00e9torino","description":"Le pack mastication Faibles Calories sont des d\u00e9licieuses friandises naturelles sp\u00e9cialement con\u00e7ues pour les chiens qui ont tendance \u00e0 prendre facilement du poids.  Ces friandises \"hypocaloriques\" sont 100 % naturelles et saines, ce qui signifie que votre compagnon \u00e0 quatre pattes peut savourer une gamme compl\u00e8te de saveurs et de textures sans se soucier des calories.  Convient aux chiots et chiens \u00e2g\u00e9s de plus de 4 mois.","robots":{"index":"noindex","follow":"nofollow"},"og_locale":"fr_FR","og_type":"article","og_title":"Friandises Pack Mastication Low Calories - chien Kawaii Compagny - V\u00e9torino","og_description":"Le pack mastication Faibles Calories sont des d\u00e9licieuses friandises naturelles sp\u00e9cialement con\u00e7ues pour les chiens qui ont tendance \u00e0 prendre facilement du poids.  Ces friandises \"hypocaloriques\" sont 100 % naturelles et saines, ce qui signifie que votre compagnon \u00e0 quatre pattes peut savourer une gamme compl\u00e8te de saveurs et de textures sans se soucier des calories.  Convient aux chiots et chiens \u00e2g\u00e9s de plus de 4 mois.","og_url":"https:\/\/www.vetorino.com\/veterinaire\/preenpailsaintsamson-53140\/boutique\/product\/friandises-pack-mastication-faibles-calories\/","og_site_name":"V\u00e9torino","article_publisher":"https:\/\/www.facebook.com\/Vetorino\/","article_modified_time":"2026-04-28T16:12:20+00:00","og_image":[{"width":1024,"height":1024,"url":"https:\/\/www.vetorino.com\/boutique\/wp-content\/uploads\/2026\/04\/box_mastication_faible_en_calorie_1200x.webp","type":"image\/webp"}],"twitter_card":"summary_large_image","twitter_misc":{"Prix":"19,52&euro;","Disponibilit\u00e9":"Rupture de stock"},"schema":{"@context":"https:\/\/schema.org","@graph":[{"@type":"WebPage","@id":"https:\/\/www.vetorino.com\/boutique\/product\/friandises-pack-mastication-faibles-calories\/","url":"https:\/\/www.vetorino.com\/boutique\/product\/friandises-pack-mastication-faibles-calories\/","name":"Friandises Pack Mastication Low Calories - chien Kawaii Compagny - V\u00e9torino","isPartOf":{"@id":"https:\/\/www.vetorino.com\/boutique\/#website"},"primaryImageOfPage":{"@id":"https:\/\/www.vetorino.com\/boutique\/product\/friandises-pack-mastication-faibles-calories\/#primaryimage"},"image":{"@id":"https:\/\/www.vetorino.com\/boutique\/product\/friandises-pack-mastication-faibles-calories\/#primaryimage"},"thumbnailUrl":"https:\/\/www.vetorino.com\/boutique\/wp-content\/uploads\/2026\/04\/box_mastication_faible_en_calorie_1200x.webp","datePublished":"2026-04-27T12:06:57+00:00","dateModified":"2026-04-28T16:12:20+00:00","description":"Le pack mastication Faibles Calories sont des d\u00e9licieuses friandises naturelles sp\u00e9cialement con\u00e7ues pour les chiens qui ont tendance \u00e0 prendre facilement du poids. Ces friandises \"hypocaloriques\" sont 100 % naturelles et saines, ce qui signifie que votre compagnon \u00e0 quatre pattes peut savourer une gamme compl\u00e8te de saveurs et de textures sans se soucier des calories. Convient aux chiots et chiens \u00e2g\u00e9s de plus de 4 mois.","breadcrumb":{"@id":"https:\/\/www.vetorino.com\/boutique\/product\/friandises-pack-mastication-faibles-calories\/#breadcrumb"},"inLanguage":"fr-FR","potentialAction":[{"@type":"ReadAction","target":["https:\/\/www.vetorino.com\/boutique\/product\/friandises-pack-mastication-faibles-calories\/"]}]},{"@type":"ImageObject","inLanguage":"fr-FR","@id":"https:\/\/www.vetorino.com\/boutique\/product\/friandises-pack-mastication-faibles-calories\/#primaryimage","url":"https:\/\/www.vetorino.com\/boutique\/wp-content\/uploads\/2026\/04\/box_mastication_faible_en_calorie_1200x.webp","contentUrl":"https:\/\/www.vetorino.com\/boutique\/wp-content\/uploads\/2026\/04\/box_mastication_faible_en_calorie_1200x.webp","width":1024,"height":1024},{"@type":"BreadcrumbList","@id":"https:\/\/www.vetorino.com\/boutique\/product\/friandises-pack-mastication-faibles-calories\/#breadcrumb","itemListElement":[{"@type":"ListItem","position":1,"name":"Accueil","item":"https:\/\/www.vetorino.com\/boutique\/"},{"@type":"ListItem","position":2,"name":"Produits","item":"https:\/\/www.vetorino.com\/boutique\/"},{"@type":"ListItem","position":3,"name":"Friandises Pack Mastication Low Calories &#8211; chien"}]},{"@type":"WebSite","@id":"https:\/\/www.vetorino.com\/boutique\/#website","url":"https:\/\/www.vetorino.com\/boutique\/","name":"V\u00e9torino","description":"","publisher":{"@id":"https:\/\/www.vetorino.com\/boutique\/#organization"},"potentialAction":[{"@type":"SearchAction","target":{"@type":"EntryPoint","urlTemplate":"https:\/\/www.vetorino.com\/boutique\/?s={search_term_string}"},"query-input":{"@type":"PropertyValueSpecification","valueRequired":true,"valueName":"search_term_string"}}],"inLanguage":"fr-FR"},{"@type":"Organization","@id":"https:\/\/www.vetorino.com\/boutique\/#organization","name":"V\u00e9torino","url":"https:\/\/www.vetorino.com\/boutique\/","logo":{"@type":"ImageObject","inLanguage":"fr-FR","@id":"https:\/\/www.vetorino.com\/boutique\/#\/schema\/logo\/image\/","url":"https:\/\/www.vetorino.com\/boutique\/wp-content\/uploads\/2024\/10\/logo.jpg","contentUrl":"https:\/\/www.vetorino.com\/boutique\/wp-content\/uploads\/2024\/10\/logo.jpg","width":1200,"height":610,"caption":"V\u00e9torino"},"image":{"@id":"https:\/\/www.vetorino.com\/boutique\/#\/schema\/logo\/image\/"},"sameAs":["https:\/\/www.facebook.com\/Vetorino\/","https:\/\/www.instagram.com\/vetorino_off\/","https:\/\/www.linkedin.com\/company\/vtorino\/"]}]},"product_brand":"Kawaii Compagny","product_price_amount":"19.52","product_price_currency":"EUR","og_availability":"out of stock","product_availability":"out of stock","product_retailer_item_id":"C-FRI148","product_condition":"new"},"_links":{"self":[{"href":"https:\/\/www.vetorino.com\/veterinaire\/preenpailsaintsamson-53140\/boutique\/wp-json\/wp\/v2\/product\/1810687","targetHints":{"allow":["GET"]}}],"collection":[{"href":"https:\/\/www.vetorino.com\/veterinaire\/preenpailsaintsamson-53140\/boutique\/wp-json\/wp\/v2\/product"}],"about":[{"href":"https:\/\/www.vetorino.com\/veterinaire\/preenpailsaintsamson-53140\/boutique\/wp-json\/wp\/v2\/types\/product"}],"wp:featuredmedia":[{"embeddable":true,"href":"https:\/\/www.vetorino.com\/veterinaire\/preenpailsaintsamson-53140\/boutique\/wp-json\/wp\/v2\/media\/1810801"}],"wp:attachment":[{"href":"https:\/\/www.vetorino.com\/veterinaire\/preenpailsaintsamson-53140\/boutique\/wp-json\/wp\/v2\/media?parent=1810687"}],"wp:term":[{"taxonomy":"product_cat","embeddable":true,"href":"https:\/\/www.vetorino.com\/veterinaire\/preenpailsaintsamson-53140\/boutique\/wp-json\/wp\/v2\/product_cat?post=1810687"},{"taxonomy":"product_tag","embeddable":true,"href":"https:\/\/www.vetorino.com\/veterinaire\/preenpailsaintsamson-53140\/boutique\/wp-json\/wp\/v2\/product_tag?post=1810687"}],"curies":[{"name":"wp","href":"https:\/\/api.w.org\/{rel}","templated":true}]}}