{"id":1810708,"date":"2026-04-27T14:32:21","date_gmt":"2026-04-27T12:32:21","guid":{"rendered":"https:\/\/www.vetorino.com\/boutique\/product\/friandises-filet-de-poulet\/"},"modified":"2026-04-27T17:26:58","modified_gmt":"2026-04-27T15:26:58","slug":"friandises-filet-de-poulet","status":"publish","type":"product","link":"https:\/\/www.vetorino.com\/veterinaire\/preenpailsaintsamson-53140\/boutique\/product\/friandises-filet-de-poulet\/","title":{"rendered":"Friandises Filet de Poulet"},"content":{"rendered":"<p>Ces <strong>friandises tendres et savoureuses <\/strong>sont fabriqu\u00e9es \u00e0 partir de <strong>100% de viande de poulet<\/strong> qualit\u00e9 premium, elles sont <strong>riches en prot\u00e9ines<\/strong> mais<strong> faibles en gras<\/strong>.<\/p>\n<p>Elles sont id\u00e9ales pour les chiens tr\u00e8s gourmands.<\/p>\n<p>Utilisez ces <strong>d\u00e9licieuses<\/strong> gourmandises pour chiens lors des s\u00e9ances d&#8217;\u00e9ducation ou dans la journ\u00e9e entre les repas.<\/p>\n<ul>\n<li>100% poulet, sans sel, sans gluten, sans produits chimiques.<\/li>\n<li>Convient aux chiens de toute race et tout \u00e2ge.<\/li>\n<li>Riche en glucosamine et chondro\u00eftine pour soutenir la sant\u00e9 et la mobilit\u00e9 des articulations.<\/li>\n<li>Longue dur\u00e9e de conservation (\u00e0 l&#8217;abri de l&#8217;humidit\u00e9 et du soleil, au sec et au frais).<\/li>\n<li>Pour les chiens et chiots \u00e0 partir de 3\/4 mois.<\/li>\n<\/ul>\n<p><strong>Ration journali\u00e8re :<\/strong><\/p>\n<p>Ce produit est une friandise et non une source d&#8217;alimentation.<br \/>\nA donner comme collation ou r\u00e9compense selon l&#8217;\u00e2ge, le poids et l&#8217;activit\u00e9 de votre animal et en ajustant sa ration journali\u00e8re de nourriture en cons\u00e9quence.<br \/>\nLaissez toujours de l&#8217;eau fra\u00eeche \u00e0 disposition de votre animal.<br \/>\nNe le laissez jamais sans surveillance lorsqu&#8217;il m\u00e2che et mastique ces produits.<\/p>\n","protected":false},"excerpt":{"rendered":"<p>F<strong>riandises tendres et savoureuses<\/strong>\u00a0fabriqu\u00e9es \u00e0 partir de <strong>100% de viande de poulet<\/strong> qualit\u00e9 premium.<\/p>\n<p><strong>Riches en prot\u00e9ines<\/strong> et<strong>\u00a0faibles en gras<\/strong>.<\/p>\n<ul>\n<li>100% poulet, sans sel, sans gluten, sans produits chimiques.<\/li>\n<li>Convient aux chiens de toute race et tout \u00e2ge \u00e0 partir de 3\/4 mois.<\/li>\n<li>Riche en glucosamine et chondro\u00eftine pour soutenir la sant\u00e9 et la mobilit\u00e9 des articulations.<\/li>\n<li>Longue dur\u00e9e de conservation<\/li>\n<\/ul>\n","protected":false},"featured_media":1810886,"template":"","meta":[],"product_cat":[12552,2698,12603],"product_tag":[],"class_list":{"0":"post-1810708","1":"product","2":"type-product","3":"status-publish","4":"has-post-thumbnail","6":"product_cat-alimentation-du-chien","7":"product_cat-chien","8":"product_cat-friandises-pour-chien","9":"pa_marque-kawaii-compagny","11":"first","12":"instock","13":"taxable","14":"shipping-taxable","15":"purchasable","16":"product-type-simple"},"yoast_head":"<!-- This site is optimized with the Yoast SEO plugin v27.5 - https:\/\/yoast.com\/product\/yoast-seo-wordpress\/ -->\n<title>Friandises Filet de Poulet Kawaii Compagny - V\u00e9torino<\/title>\n<meta name=\"description\" content=\"Friandises tendres et savoureuses\u00a0fabriqu\u00e9es \u00e0 partir de 100% de viande de poulet qualit\u00e9 premium.  Riches en prot\u00e9ines et\u00a0faibles en gras.   100% poulet, sans sel, sans gluten, sans produits chimiques.  Convient aux chiens de toute race et tout \u00e2ge \u00e0 partir de 3\/4 mois.  Riche en glucosamine et chondro\u00eftine pour soutenir la sant\u00e9 et la mobilit\u00e9 des articulations.  Longue dur\u00e9e de conservation\" \/>\n<meta name=\"robots\" content=\"noindex, nofollow\" \/>\n<meta property=\"og:locale\" content=\"fr_FR\" \/>\n<meta property=\"og:type\" content=\"article\" \/>\n<meta property=\"og:title\" content=\"Friandises Filet de Poulet Kawaii Compagny - V\u00e9torino\" \/>\n<meta property=\"og:description\" content=\"Friandises tendres et savoureuses\u00a0fabriqu\u00e9es \u00e0 partir de 100% de viande de poulet qualit\u00e9 premium.  Riches en prot\u00e9ines et\u00a0faibles en gras.   100% poulet, sans sel, sans gluten, sans produits chimiques.  Convient aux chiens de toute race et tout \u00e2ge \u00e0 partir de 3\/4 mois.  Riche en glucosamine et chondro\u00eftine pour soutenir la sant\u00e9 et la mobilit\u00e9 des articulations.  Longue dur\u00e9e de conservation\" \/>\n<meta property=\"og:url\" content=\"https:\/\/www.vetorino.com\/veterinaire\/preenpailsaintsamson-53140\/boutique\/product\/friandises-filet-de-poulet\/\" \/>\n<meta property=\"og:site_name\" content=\"V\u00e9torino\" \/>\n<meta property=\"article:publisher\" content=\"https:\/\/www.facebook.com\/Vetorino\/\" \/>\n<meta property=\"article:modified_time\" content=\"2026-04-27T15:26:58+00:00\" \/>\n<meta property=\"og:image\" content=\"https:\/\/www.vetorino.com\/boutique\/wp-content\/uploads\/2026\/04\/filet-poulet-seche.webp\" \/>\n\t<meta property=\"og:image:width\" content=\"1200\" \/>\n\t<meta property=\"og:image:height\" content=\"900\" \/>\n\t<meta property=\"og:image:type\" content=\"image\/webp\" \/>\n<meta name=\"twitter:card\" content=\"summary_large_image\" \/>\n<meta name=\"twitter:label1\" content=\"Prix\" \/>\n\t<meta name=\"twitter:data1\" content=\"4,40&euro;\" \/>\n\t<meta name=\"twitter:label2\" content=\"Disponibilit\u00e9\" \/>\n\t<meta name=\"twitter:data2\" content=\"En stock\" \/>\n<script type=\"application\/ld+json\" class=\"yoast-schema-graph\">{\"@context\":\"https:\\\/\\\/schema.org\",\"@graph\":[{\"@type\":\"WebPage\",\"@id\":\"https:\\\/\\\/www.vetorino.com\\\/boutique\\\/product\\\/friandises-filet-de-poulet\\\/\",\"url\":\"https:\\\/\\\/www.vetorino.com\\\/boutique\\\/product\\\/friandises-filet-de-poulet\\\/\",\"name\":\"Friandises Filet de Poulet Kawaii Compagny - V\u00e9torino\",\"isPartOf\":{\"@id\":\"https:\\\/\\\/www.vetorino.com\\\/boutique\\\/#website\"},\"primaryImageOfPage\":{\"@id\":\"https:\\\/\\\/www.vetorino.com\\\/boutique\\\/product\\\/friandises-filet-de-poulet\\\/#primaryimage\"},\"image\":{\"@id\":\"https:\\\/\\\/www.vetorino.com\\\/boutique\\\/product\\\/friandises-filet-de-poulet\\\/#primaryimage\"},\"thumbnailUrl\":\"https:\\\/\\\/www.vetorino.com\\\/boutique\\\/wp-content\\\/uploads\\\/2026\\\/04\\\/filet-poulet-seche.webp\",\"datePublished\":\"2026-04-27T12:32:21+00:00\",\"dateModified\":\"2026-04-27T15:26:58+00:00\",\"description\":\"Friandises tendres et savoureuses\u00a0fabriqu\u00e9es \u00e0 partir de 100% de viande de poulet qualit\u00e9 premium. Riches en prot\u00e9ines et\u00a0faibles en gras. 100% poulet, sans sel, sans gluten, sans produits chimiques. Convient aux chiens de toute race et tout \u00e2ge \u00e0 partir de 3\\\/4 mois. Riche en glucosamine et chondro\u00eftine pour soutenir la sant\u00e9 et la mobilit\u00e9 des articulations. Longue dur\u00e9e de conservation\",\"breadcrumb\":{\"@id\":\"https:\\\/\\\/www.vetorino.com\\\/boutique\\\/product\\\/friandises-filet-de-poulet\\\/#breadcrumb\"},\"inLanguage\":\"fr-FR\",\"potentialAction\":[{\"@type\":\"ReadAction\",\"target\":[\"https:\\\/\\\/www.vetorino.com\\\/boutique\\\/product\\\/friandises-filet-de-poulet\\\/\"]}]},{\"@type\":\"ImageObject\",\"inLanguage\":\"fr-FR\",\"@id\":\"https:\\\/\\\/www.vetorino.com\\\/boutique\\\/product\\\/friandises-filet-de-poulet\\\/#primaryimage\",\"url\":\"https:\\\/\\\/www.vetorino.com\\\/boutique\\\/wp-content\\\/uploads\\\/2026\\\/04\\\/filet-poulet-seche.webp\",\"contentUrl\":\"https:\\\/\\\/www.vetorino.com\\\/boutique\\\/wp-content\\\/uploads\\\/2026\\\/04\\\/filet-poulet-seche.webp\",\"width\":1200,\"height\":900},{\"@type\":\"BreadcrumbList\",\"@id\":\"https:\\\/\\\/www.vetorino.com\\\/boutique\\\/product\\\/friandises-filet-de-poulet\\\/#breadcrumb\",\"itemListElement\":[{\"@type\":\"ListItem\",\"position\":1,\"name\":\"Accueil\",\"item\":\"https:\\\/\\\/www.vetorino.com\\\/boutique\\\/\"},{\"@type\":\"ListItem\",\"position\":2,\"name\":\"Produits\",\"item\":\"https:\\\/\\\/www.vetorino.com\\\/boutique\\\/\"},{\"@type\":\"ListItem\",\"position\":3,\"name\":\"Friandises Filet de Poulet\"}]},{\"@type\":\"WebSite\",\"@id\":\"https:\\\/\\\/www.vetorino.com\\\/boutique\\\/#website\",\"url\":\"https:\\\/\\\/www.vetorino.com\\\/boutique\\\/\",\"name\":\"V\u00e9torino\",\"description\":\"\",\"publisher\":{\"@id\":\"https:\\\/\\\/www.vetorino.com\\\/boutique\\\/#organization\"},\"potentialAction\":[{\"@type\":\"SearchAction\",\"target\":{\"@type\":\"EntryPoint\",\"urlTemplate\":\"https:\\\/\\\/www.vetorino.com\\\/boutique\\\/?s={search_term_string}\"},\"query-input\":{\"@type\":\"PropertyValueSpecification\",\"valueRequired\":true,\"valueName\":\"search_term_string\"}}],\"inLanguage\":\"fr-FR\"},{\"@type\":\"Organization\",\"@id\":\"https:\\\/\\\/www.vetorino.com\\\/boutique\\\/#organization\",\"name\":\"V\u00e9torino\",\"url\":\"https:\\\/\\\/www.vetorino.com\\\/boutique\\\/\",\"logo\":{\"@type\":\"ImageObject\",\"inLanguage\":\"fr-FR\",\"@id\":\"https:\\\/\\\/www.vetorino.com\\\/boutique\\\/#\\\/schema\\\/logo\\\/image\\\/\",\"url\":\"https:\\\/\\\/www.vetorino.com\\\/boutique\\\/wp-content\\\/uploads\\\/2024\\\/10\\\/logo.jpg\",\"contentUrl\":\"https:\\\/\\\/www.vetorino.com\\\/boutique\\\/wp-content\\\/uploads\\\/2024\\\/10\\\/logo.jpg\",\"width\":1200,\"height\":610,\"caption\":\"V\u00e9torino\"},\"image\":{\"@id\":\"https:\\\/\\\/www.vetorino.com\\\/boutique\\\/#\\\/schema\\\/logo\\\/image\\\/\"},\"sameAs\":[\"https:\\\/\\\/www.facebook.com\\\/Vetorino\\\/\",\"https:\\\/\\\/www.instagram.com\\\/vetorino_off\\\/\",\"https:\\\/\\\/www.linkedin.com\\\/company\\\/vtorino\\\/\"]}]}<\/script>\n<meta property=\"product:brand\" content=\"Kawaii Compagny\" \/>\n<meta property=\"product:price:amount\" content=\"4.40\" \/>\n<meta property=\"product:price:currency\" content=\"EUR\" \/>\n<meta property=\"og:availability\" content=\"instock\" \/>\n<meta property=\"product:availability\" content=\"instock\" \/>\n<meta property=\"product:retailer_item_id\" content=\"C-FRI130\" \/>\n<meta property=\"product:condition\" content=\"new\" \/>\n<!-- \/ Yoast SEO plugin. -->","yoast_head_json":{"title":"Friandises Filet de Poulet Kawaii Compagny - V\u00e9torino","description":"Friandises tendres et savoureuses\u00a0fabriqu\u00e9es \u00e0 partir de 100% de viande de poulet qualit\u00e9 premium.  Riches en prot\u00e9ines et\u00a0faibles en gras.   100% poulet, sans sel, sans gluten, sans produits chimiques.  Convient aux chiens de toute race et tout \u00e2ge \u00e0 partir de 3\/4 mois.  Riche en glucosamine et chondro\u00eftine pour soutenir la sant\u00e9 et la mobilit\u00e9 des articulations.  Longue dur\u00e9e de conservation","robots":{"index":"noindex","follow":"nofollow"},"og_locale":"fr_FR","og_type":"article","og_title":"Friandises Filet de Poulet Kawaii Compagny - V\u00e9torino","og_description":"Friandises tendres et savoureuses\u00a0fabriqu\u00e9es \u00e0 partir de 100% de viande de poulet qualit\u00e9 premium.  Riches en prot\u00e9ines et\u00a0faibles en gras.   100% poulet, sans sel, sans gluten, sans produits chimiques.  Convient aux chiens de toute race et tout \u00e2ge \u00e0 partir de 3\/4 mois.  Riche en glucosamine et chondro\u00eftine pour soutenir la sant\u00e9 et la mobilit\u00e9 des articulations.  Longue dur\u00e9e de conservation","og_url":"https:\/\/www.vetorino.com\/veterinaire\/preenpailsaintsamson-53140\/boutique\/product\/friandises-filet-de-poulet\/","og_site_name":"V\u00e9torino","article_publisher":"https:\/\/www.facebook.com\/Vetorino\/","article_modified_time":"2026-04-27T15:26:58+00:00","og_image":[{"width":1200,"height":900,"url":"https:\/\/www.vetorino.com\/boutique\/wp-content\/uploads\/2026\/04\/filet-poulet-seche.webp","type":"image\/webp"}],"twitter_card":"summary_large_image","twitter_misc":{"Prix":"4,40&euro;","Disponibilit\u00e9":"En stock"},"schema":{"@context":"https:\/\/schema.org","@graph":[{"@type":"WebPage","@id":"https:\/\/www.vetorino.com\/boutique\/product\/friandises-filet-de-poulet\/","url":"https:\/\/www.vetorino.com\/boutique\/product\/friandises-filet-de-poulet\/","name":"Friandises Filet de Poulet Kawaii Compagny - V\u00e9torino","isPartOf":{"@id":"https:\/\/www.vetorino.com\/boutique\/#website"},"primaryImageOfPage":{"@id":"https:\/\/www.vetorino.com\/boutique\/product\/friandises-filet-de-poulet\/#primaryimage"},"image":{"@id":"https:\/\/www.vetorino.com\/boutique\/product\/friandises-filet-de-poulet\/#primaryimage"},"thumbnailUrl":"https:\/\/www.vetorino.com\/boutique\/wp-content\/uploads\/2026\/04\/filet-poulet-seche.webp","datePublished":"2026-04-27T12:32:21+00:00","dateModified":"2026-04-27T15:26:58+00:00","description":"Friandises tendres et savoureuses\u00a0fabriqu\u00e9es \u00e0 partir de 100% de viande de poulet qualit\u00e9 premium. Riches en prot\u00e9ines et\u00a0faibles en gras. 100% poulet, sans sel, sans gluten, sans produits chimiques. Convient aux chiens de toute race et tout \u00e2ge \u00e0 partir de 3\/4 mois. Riche en glucosamine et chondro\u00eftine pour soutenir la sant\u00e9 et la mobilit\u00e9 des articulations. Longue dur\u00e9e de conservation","breadcrumb":{"@id":"https:\/\/www.vetorino.com\/boutique\/product\/friandises-filet-de-poulet\/#breadcrumb"},"inLanguage":"fr-FR","potentialAction":[{"@type":"ReadAction","target":["https:\/\/www.vetorino.com\/boutique\/product\/friandises-filet-de-poulet\/"]}]},{"@type":"ImageObject","inLanguage":"fr-FR","@id":"https:\/\/www.vetorino.com\/boutique\/product\/friandises-filet-de-poulet\/#primaryimage","url":"https:\/\/www.vetorino.com\/boutique\/wp-content\/uploads\/2026\/04\/filet-poulet-seche.webp","contentUrl":"https:\/\/www.vetorino.com\/boutique\/wp-content\/uploads\/2026\/04\/filet-poulet-seche.webp","width":1200,"height":900},{"@type":"BreadcrumbList","@id":"https:\/\/www.vetorino.com\/boutique\/product\/friandises-filet-de-poulet\/#breadcrumb","itemListElement":[{"@type":"ListItem","position":1,"name":"Accueil","item":"https:\/\/www.vetorino.com\/boutique\/"},{"@type":"ListItem","position":2,"name":"Produits","item":"https:\/\/www.vetorino.com\/boutique\/"},{"@type":"ListItem","position":3,"name":"Friandises Filet de Poulet"}]},{"@type":"WebSite","@id":"https:\/\/www.vetorino.com\/boutique\/#website","url":"https:\/\/www.vetorino.com\/boutique\/","name":"V\u00e9torino","description":"","publisher":{"@id":"https:\/\/www.vetorino.com\/boutique\/#organization"},"potentialAction":[{"@type":"SearchAction","target":{"@type":"EntryPoint","urlTemplate":"https:\/\/www.vetorino.com\/boutique\/?s={search_term_string}"},"query-input":{"@type":"PropertyValueSpecification","valueRequired":true,"valueName":"search_term_string"}}],"inLanguage":"fr-FR"},{"@type":"Organization","@id":"https:\/\/www.vetorino.com\/boutique\/#organization","name":"V\u00e9torino","url":"https:\/\/www.vetorino.com\/boutique\/","logo":{"@type":"ImageObject","inLanguage":"fr-FR","@id":"https:\/\/www.vetorino.com\/boutique\/#\/schema\/logo\/image\/","url":"https:\/\/www.vetorino.com\/boutique\/wp-content\/uploads\/2024\/10\/logo.jpg","contentUrl":"https:\/\/www.vetorino.com\/boutique\/wp-content\/uploads\/2024\/10\/logo.jpg","width":1200,"height":610,"caption":"V\u00e9torino"},"image":{"@id":"https:\/\/www.vetorino.com\/boutique\/#\/schema\/logo\/image\/"},"sameAs":["https:\/\/www.facebook.com\/Vetorino\/","https:\/\/www.instagram.com\/vetorino_off\/","https:\/\/www.linkedin.com\/company\/vtorino\/"]}]},"product_brand":"Kawaii Compagny","product_price_amount":"4.40","product_price_currency":"EUR","og_availability":"instock","product_availability":"instock","product_retailer_item_id":"C-FRI130","product_condition":"new"},"_links":{"self":[{"href":"https:\/\/www.vetorino.com\/veterinaire\/preenpailsaintsamson-53140\/boutique\/wp-json\/wp\/v2\/product\/1810708","targetHints":{"allow":["GET"]}}],"collection":[{"href":"https:\/\/www.vetorino.com\/veterinaire\/preenpailsaintsamson-53140\/boutique\/wp-json\/wp\/v2\/product"}],"about":[{"href":"https:\/\/www.vetorino.com\/veterinaire\/preenpailsaintsamson-53140\/boutique\/wp-json\/wp\/v2\/types\/product"}],"wp:featuredmedia":[{"embeddable":true,"href":"https:\/\/www.vetorino.com\/veterinaire\/preenpailsaintsamson-53140\/boutique\/wp-json\/wp\/v2\/media\/1810886"}],"wp:attachment":[{"href":"https:\/\/www.vetorino.com\/veterinaire\/preenpailsaintsamson-53140\/boutique\/wp-json\/wp\/v2\/media?parent=1810708"}],"wp:term":[{"taxonomy":"product_cat","embeddable":true,"href":"https:\/\/www.vetorino.com\/veterinaire\/preenpailsaintsamson-53140\/boutique\/wp-json\/wp\/v2\/product_cat?post=1810708"},{"taxonomy":"product_tag","embeddable":true,"href":"https:\/\/www.vetorino.com\/veterinaire\/preenpailsaintsamson-53140\/boutique\/wp-json\/wp\/v2\/product_tag?post=1810708"}],"curies":[{"name":"wp","href":"https:\/\/api.w.org\/{rel}","templated":true}]}}