{"id":1162478,"date":"2025-01-06T22:32:51","date_gmt":"2025-01-06T21:32:51","guid":{"rendered":"https:\/\/www.vetorino.com\/boutique\/product\/spirugel\/"},"modified":"2026-01-21T12:28:49","modified_gmt":"2026-01-21T11:28:49","slug":"spirugel","status":"publish","type":"product","link":"https:\/\/www.vetorino.com\/veterinaire\/prunelli-di-fiumorbo-20243\/boutique\/product\/spirugel\/","title":{"rendered":"Spirugel"},"content":{"rendered":"<p>Le compl\u00e9ment alimentaire\u00a0<strong>Spirugel\u00a0<\/strong>participe au soutien de l&#8217;immunit\u00e9 gr\u00e2ce \u00e0 l&#8217;apport de phycocyanine aux propri\u00e9t\u00e9s antioxydantes et anti-radicalaires chez le chien, le chat et les NAC.<\/p>\n<p>La phycocyanine (pigment bleu) est un antioxydant puissant. Elle est utilis\u00e9e pour le soutien immunitaire. Il est \u00e9galement montr\u00e9 qu&#8217;elle est hypolipid\u00e9miante, qu&#8217;elle joue un r\u00f4le dans la protection du foie, des reins et qu&#8217;elle stimule la r\u00e9g\u00e9n\u00e9ration et la r\u00e9activation des cellules B du pancr\u00e9as.<\/p>\n<p><strong>Utilisations :<\/strong><\/p>\n<ul>\n<li>En cas d&#8217;inflammation : gingivite, douleurs articulaires (associer \u00e0 ALGICROC).<\/li>\n<li>Aux animaux \u00e2g\u00e9s prenant des m\u00e9dicaments.<\/li>\n<li>Pour soutenir et r\u00e9guler l&#8217;immunit\u00e9 : probl\u00e8me de peau, gingivite chronique, chats FIV et FELV positifs, animaux atteints de maladies d\u00e9g\u00e9n\u00e9ratives chroniques.<\/li>\n<li>Cancer\u00a0(ne pas donner pendant la radioth\u00e9rapie, mais avant et apr\u00e8s).<\/li>\n<li>Aux animaux convalescents.<\/li>\n<li>Pendant la gestation et la lactation si n\u00e9cessaire.<\/li>\n<li>Apr\u00e8s une intervention chirurgicale.<\/li>\n<li>En cas d&#8217;an\u00e9mie.<\/li>\n<li>Entra\u00eenements sportifs.<\/li>\n<\/ul>\n<p><strong>Demandez conseil \u00e0 votre v\u00e9t\u00e9rinaire.<\/strong><\/p>\n","protected":false},"excerpt":{"rendered":"<p><strong>Aliment compl\u00e9mentaire sous forme de gel fluide \u00e0 base de spiruline pour chiens, chats et NAC.<\/strong><\/p>\n<p>Le compl\u00e9ment alimentaire\u00a0Spirugel\u00a0<strong>participe au soutien de l&#8217;immunit\u00e9<\/strong> <strong>gr\u00e2ce \u00e0 l&#8217;apport de phycocyanine aux propri\u00e9t\u00e9s antioxydantes et anti-radicalaires<\/strong> chez le chien, le chat et les NAC.<\/p>\n","protected":false},"featured_media":1164584,"template":"","meta":[],"product_cat":[2730,2738,2697,2698,2744,15841,2727,12570,15842],"product_tag":[],"class_list":{"0":"post-1162478","1":"product","2":"type-product","3":"status-publish","4":"has-post-thumbnail","6":"product_cat-aliments-complementaires-pour-chat","7":"product_cat-aliments-complementaires-pour-chien","8":"product_cat-chat","9":"product_cat-chien","10":"product_cat-furet","11":"product_cat-lapins","12":"product_cat-nac","13":"product_cat-rongeur","14":"product_cat-rongeurs","15":"pa_marque-labbea","17":"first","18":"instock","19":"taxable","20":"shipping-taxable","21":"purchasable","22":"product-type-variable"},"yoast_head":"<!-- This site is optimized with the Yoast SEO plugin v27.3 - https:\/\/yoast.com\/product\/yoast-seo-wordpress\/ -->\n<title>Spirugel Labbea - V\u00e9torino<\/title>\n<meta name=\"description\" content=\"Aliment compl\u00e9mentaire sous forme de gel fluide \u00e0 base de spiruline pour chiens, chats et NAC.  Le compl\u00e9ment alimentaire\u00a0Spirugel\u00a0participe au soutien de l&#039;immunit\u00e9 gr\u00e2ce \u00e0 l&#039;apport de phycocyanine aux propri\u00e9t\u00e9s antioxydantes et anti-radicalaires chez le chien, le chat et les NAC.\" \/>\n<meta name=\"robots\" content=\"noindex, nofollow\" \/>\n<meta property=\"og:locale\" content=\"fr_FR\" \/>\n<meta property=\"og:type\" content=\"article\" \/>\n<meta property=\"og:title\" content=\"Spirugel Labbea - V\u00e9torino\" \/>\n<meta property=\"og:description\" content=\"Aliment compl\u00e9mentaire sous forme de gel fluide \u00e0 base de spiruline pour chiens, chats et NAC.  Le compl\u00e9ment alimentaire\u00a0Spirugel\u00a0participe au soutien de l&#039;immunit\u00e9 gr\u00e2ce \u00e0 l&#039;apport de phycocyanine aux propri\u00e9t\u00e9s antioxydantes et anti-radicalaires chez le chien, le chat et les NAC.\" \/>\n<meta property=\"og:url\" content=\"https:\/\/www.vetorino.com\/veterinaire\/prunelli-di-fiumorbo-20243\/boutique\/product\/spirugel\/\" \/>\n<meta property=\"og:site_name\" content=\"V\u00e9torino\" \/>\n<meta property=\"article:publisher\" content=\"https:\/\/www.facebook.com\/Vetorino\/\" \/>\n<meta property=\"article:modified_time\" content=\"2026-01-21T11:28:49+00:00\" \/>\n<meta property=\"og:image\" content=\"https:\/\/www.vetorino.com\/boutique\/wp-content\/uploads\/2025\/01\/format_visuel_site_-_600x600_1__1_1-1.png\" \/>\n\t<meta property=\"og:image:width\" content=\"600\" \/>\n\t<meta property=\"og:image:height\" content=\"600\" \/>\n\t<meta property=\"og:image:type\" content=\"image\/png\" \/>\n<meta name=\"twitter:card\" content=\"summary_large_image\" \/>\n<meta name=\"twitter:label1\" content=\"Disponibilit\u00e9\" \/>\n\t<meta name=\"twitter:data1\" content=\"En stock\" \/>\n<script type=\"application\/ld+json\" class=\"yoast-schema-graph\">{\"@context\":\"https:\\\/\\\/schema.org\",\"@graph\":[{\"@type\":\"WebPage\",\"@id\":\"https:\\\/\\\/www.vetorino.com\\\/boutique\\\/product\\\/spirugel\\\/\",\"url\":\"https:\\\/\\\/www.vetorino.com\\\/boutique\\\/product\\\/spirugel\\\/\",\"name\":\"Spirugel Labbea - V\u00e9torino\",\"isPartOf\":{\"@id\":\"https:\\\/\\\/www.vetorino.com\\\/boutique\\\/#website\"},\"primaryImageOfPage\":{\"@id\":\"https:\\\/\\\/www.vetorino.com\\\/boutique\\\/product\\\/spirugel\\\/#primaryimage\"},\"image\":{\"@id\":\"https:\\\/\\\/www.vetorino.com\\\/boutique\\\/product\\\/spirugel\\\/#primaryimage\"},\"thumbnailUrl\":\"https:\\\/\\\/www.vetorino.com\\\/boutique\\\/wp-content\\\/uploads\\\/2025\\\/01\\\/format_visuel_site_-_600x600_1__1_1-1.png\",\"datePublished\":\"2025-01-06T21:32:51+00:00\",\"dateModified\":\"2026-01-21T11:28:49+00:00\",\"description\":\"Aliment compl\u00e9mentaire sous forme de gel fluide \u00e0 base de spiruline pour chiens, chats et NAC. Le compl\u00e9ment alimentaire\u00a0Spirugel\u00a0participe au soutien de l'immunit\u00e9 gr\u00e2ce \u00e0 l'apport de phycocyanine aux propri\u00e9t\u00e9s antioxydantes et anti-radicalaires chez le chien, le chat et les NAC.\",\"breadcrumb\":{\"@id\":\"https:\\\/\\\/www.vetorino.com\\\/boutique\\\/product\\\/spirugel\\\/#breadcrumb\"},\"inLanguage\":\"fr-FR\",\"potentialAction\":[{\"@type\":\"ReadAction\",\"target\":[\"https:\\\/\\\/www.vetorino.com\\\/boutique\\\/product\\\/spirugel\\\/\"]}]},{\"@type\":\"ImageObject\",\"inLanguage\":\"fr-FR\",\"@id\":\"https:\\\/\\\/www.vetorino.com\\\/boutique\\\/product\\\/spirugel\\\/#primaryimage\",\"url\":\"https:\\\/\\\/www.vetorino.com\\\/boutique\\\/wp-content\\\/uploads\\\/2025\\\/01\\\/format_visuel_site_-_600x600_1__1_1-1.png\",\"contentUrl\":\"https:\\\/\\\/www.vetorino.com\\\/boutique\\\/wp-content\\\/uploads\\\/2025\\\/01\\\/format_visuel_site_-_600x600_1__1_1-1.png\",\"width\":600,\"height\":600},{\"@type\":\"BreadcrumbList\",\"@id\":\"https:\\\/\\\/www.vetorino.com\\\/boutique\\\/product\\\/spirugel\\\/#breadcrumb\",\"itemListElement\":[{\"@type\":\"ListItem\",\"position\":1,\"name\":\"Accueil\",\"item\":\"https:\\\/\\\/www.vetorino.com\\\/boutique\\\/\"},{\"@type\":\"ListItem\",\"position\":2,\"name\":\"Produits\",\"item\":\"https:\\\/\\\/www.vetorino.com\\\/boutique\\\/\"},{\"@type\":\"ListItem\",\"position\":3,\"name\":\"Spirugel\"}]},{\"@type\":\"WebSite\",\"@id\":\"https:\\\/\\\/www.vetorino.com\\\/boutique\\\/#website\",\"url\":\"https:\\\/\\\/www.vetorino.com\\\/boutique\\\/\",\"name\":\"V\u00e9torino\",\"description\":\"\",\"publisher\":{\"@id\":\"https:\\\/\\\/www.vetorino.com\\\/boutique\\\/#organization\"},\"potentialAction\":[{\"@type\":\"SearchAction\",\"target\":{\"@type\":\"EntryPoint\",\"urlTemplate\":\"https:\\\/\\\/www.vetorino.com\\\/boutique\\\/?s={search_term_string}\"},\"query-input\":{\"@type\":\"PropertyValueSpecification\",\"valueRequired\":true,\"valueName\":\"search_term_string\"}}],\"inLanguage\":\"fr-FR\"},{\"@type\":\"Organization\",\"@id\":\"https:\\\/\\\/www.vetorino.com\\\/boutique\\\/#organization\",\"name\":\"V\u00e9torino\",\"url\":\"https:\\\/\\\/www.vetorino.com\\\/boutique\\\/\",\"logo\":{\"@type\":\"ImageObject\",\"inLanguage\":\"fr-FR\",\"@id\":\"https:\\\/\\\/www.vetorino.com\\\/boutique\\\/#\\\/schema\\\/logo\\\/image\\\/\",\"url\":\"https:\\\/\\\/www.vetorino.com\\\/boutique\\\/wp-content\\\/uploads\\\/2024\\\/10\\\/logo.jpg\",\"contentUrl\":\"https:\\\/\\\/www.vetorino.com\\\/boutique\\\/wp-content\\\/uploads\\\/2024\\\/10\\\/logo.jpg\",\"width\":1200,\"height\":610,\"caption\":\"V\u00e9torino\"},\"image\":{\"@id\":\"https:\\\/\\\/www.vetorino.com\\\/boutique\\\/#\\\/schema\\\/logo\\\/image\\\/\"},\"sameAs\":[\"https:\\\/\\\/www.facebook.com\\\/Vetorino\\\/\",\"https:\\\/\\\/www.instagram.com\\\/vetorino_off\\\/\",\"https:\\\/\\\/www.linkedin.com\\\/company\\\/vtorino\\\/\"]}]}<\/script>\n<meta property=\"product:brand\" content=\"Labbea\" \/>\n<meta property=\"og:availability\" content=\"instock\" \/>\n<meta property=\"product:availability\" content=\"instock\" \/>\n<meta property=\"product:condition\" content=\"new\" \/>\n<!-- \/ Yoast SEO plugin. -->","yoast_head_json":{"title":"Spirugel Labbea - V\u00e9torino","description":"Aliment compl\u00e9mentaire sous forme de gel fluide \u00e0 base de spiruline pour chiens, chats et NAC.  Le compl\u00e9ment alimentaire\u00a0Spirugel\u00a0participe au soutien de l'immunit\u00e9 gr\u00e2ce \u00e0 l'apport de phycocyanine aux propri\u00e9t\u00e9s antioxydantes et anti-radicalaires chez le chien, le chat et les NAC.","robots":{"index":"noindex","follow":"nofollow"},"og_locale":"fr_FR","og_type":"article","og_title":"Spirugel Labbea - V\u00e9torino","og_description":"Aliment compl\u00e9mentaire sous forme de gel fluide \u00e0 base de spiruline pour chiens, chats et NAC.  Le compl\u00e9ment alimentaire\u00a0Spirugel\u00a0participe au soutien de l'immunit\u00e9 gr\u00e2ce \u00e0 l'apport de phycocyanine aux propri\u00e9t\u00e9s antioxydantes et anti-radicalaires chez le chien, le chat et les NAC.","og_url":"https:\/\/www.vetorino.com\/veterinaire\/prunelli-di-fiumorbo-20243\/boutique\/product\/spirugel\/","og_site_name":"V\u00e9torino","article_publisher":"https:\/\/www.facebook.com\/Vetorino\/","article_modified_time":"2026-01-21T11:28:49+00:00","og_image":[{"width":600,"height":600,"url":"https:\/\/www.vetorino.com\/boutique\/wp-content\/uploads\/2025\/01\/format_visuel_site_-_600x600_1__1_1-1.png","type":"image\/png"}],"twitter_card":"summary_large_image","twitter_misc":{"Disponibilit\u00e9":"En stock"},"schema":{"@context":"https:\/\/schema.org","@graph":[{"@type":"WebPage","@id":"https:\/\/www.vetorino.com\/boutique\/product\/spirugel\/","url":"https:\/\/www.vetorino.com\/boutique\/product\/spirugel\/","name":"Spirugel Labbea - V\u00e9torino","isPartOf":{"@id":"https:\/\/www.vetorino.com\/boutique\/#website"},"primaryImageOfPage":{"@id":"https:\/\/www.vetorino.com\/boutique\/product\/spirugel\/#primaryimage"},"image":{"@id":"https:\/\/www.vetorino.com\/boutique\/product\/spirugel\/#primaryimage"},"thumbnailUrl":"https:\/\/www.vetorino.com\/boutique\/wp-content\/uploads\/2025\/01\/format_visuel_site_-_600x600_1__1_1-1.png","datePublished":"2025-01-06T21:32:51+00:00","dateModified":"2026-01-21T11:28:49+00:00","description":"Aliment compl\u00e9mentaire sous forme de gel fluide \u00e0 base de spiruline pour chiens, chats et NAC. Le compl\u00e9ment alimentaire\u00a0Spirugel\u00a0participe au soutien de l'immunit\u00e9 gr\u00e2ce \u00e0 l'apport de phycocyanine aux propri\u00e9t\u00e9s antioxydantes et anti-radicalaires chez le chien, le chat et les NAC.","breadcrumb":{"@id":"https:\/\/www.vetorino.com\/boutique\/product\/spirugel\/#breadcrumb"},"inLanguage":"fr-FR","potentialAction":[{"@type":"ReadAction","target":["https:\/\/www.vetorino.com\/boutique\/product\/spirugel\/"]}]},{"@type":"ImageObject","inLanguage":"fr-FR","@id":"https:\/\/www.vetorino.com\/boutique\/product\/spirugel\/#primaryimage","url":"https:\/\/www.vetorino.com\/boutique\/wp-content\/uploads\/2025\/01\/format_visuel_site_-_600x600_1__1_1-1.png","contentUrl":"https:\/\/www.vetorino.com\/boutique\/wp-content\/uploads\/2025\/01\/format_visuel_site_-_600x600_1__1_1-1.png","width":600,"height":600},{"@type":"BreadcrumbList","@id":"https:\/\/www.vetorino.com\/boutique\/product\/spirugel\/#breadcrumb","itemListElement":[{"@type":"ListItem","position":1,"name":"Accueil","item":"https:\/\/www.vetorino.com\/boutique\/"},{"@type":"ListItem","position":2,"name":"Produits","item":"https:\/\/www.vetorino.com\/boutique\/"},{"@type":"ListItem","position":3,"name":"Spirugel"}]},{"@type":"WebSite","@id":"https:\/\/www.vetorino.com\/boutique\/#website","url":"https:\/\/www.vetorino.com\/boutique\/","name":"V\u00e9torino","description":"","publisher":{"@id":"https:\/\/www.vetorino.com\/boutique\/#organization"},"potentialAction":[{"@type":"SearchAction","target":{"@type":"EntryPoint","urlTemplate":"https:\/\/www.vetorino.com\/boutique\/?s={search_term_string}"},"query-input":{"@type":"PropertyValueSpecification","valueRequired":true,"valueName":"search_term_string"}}],"inLanguage":"fr-FR"},{"@type":"Organization","@id":"https:\/\/www.vetorino.com\/boutique\/#organization","name":"V\u00e9torino","url":"https:\/\/www.vetorino.com\/boutique\/","logo":{"@type":"ImageObject","inLanguage":"fr-FR","@id":"https:\/\/www.vetorino.com\/boutique\/#\/schema\/logo\/image\/","url":"https:\/\/www.vetorino.com\/boutique\/wp-content\/uploads\/2024\/10\/logo.jpg","contentUrl":"https:\/\/www.vetorino.com\/boutique\/wp-content\/uploads\/2024\/10\/logo.jpg","width":1200,"height":610,"caption":"V\u00e9torino"},"image":{"@id":"https:\/\/www.vetorino.com\/boutique\/#\/schema\/logo\/image\/"},"sameAs":["https:\/\/www.facebook.com\/Vetorino\/","https:\/\/www.instagram.com\/vetorino_off\/","https:\/\/www.linkedin.com\/company\/vtorino\/"]}]},"product_brand":"Labbea","og_availability":"instock","product_availability":"instock","product_condition":"new"},"_links":{"self":[{"href":"https:\/\/www.vetorino.com\/veterinaire\/prunelli-di-fiumorbo-20243\/boutique\/wp-json\/wp\/v2\/product\/1162478","targetHints":{"allow":["GET"]}}],"collection":[{"href":"https:\/\/www.vetorino.com\/veterinaire\/prunelli-di-fiumorbo-20243\/boutique\/wp-json\/wp\/v2\/product"}],"about":[{"href":"https:\/\/www.vetorino.com\/veterinaire\/prunelli-di-fiumorbo-20243\/boutique\/wp-json\/wp\/v2\/types\/product"}],"wp:featuredmedia":[{"embeddable":true,"href":"https:\/\/www.vetorino.com\/veterinaire\/prunelli-di-fiumorbo-20243\/boutique\/wp-json\/wp\/v2\/media\/1164584"}],"wp:attachment":[{"href":"https:\/\/www.vetorino.com\/veterinaire\/prunelli-di-fiumorbo-20243\/boutique\/wp-json\/wp\/v2\/media?parent=1162478"}],"wp:term":[{"taxonomy":"product_cat","embeddable":true,"href":"https:\/\/www.vetorino.com\/veterinaire\/prunelli-di-fiumorbo-20243\/boutique\/wp-json\/wp\/v2\/product_cat?post=1162478"},{"taxonomy":"product_tag","embeddable":true,"href":"https:\/\/www.vetorino.com\/veterinaire\/prunelli-di-fiumorbo-20243\/boutique\/wp-json\/wp\/v2\/product_tag?post=1162478"}],"curies":[{"name":"wp","href":"https:\/\/api.w.org\/{rel}","templated":true}]}}