{"id":1292715,"date":"2025-04-16T16:49:59","date_gmt":"2025-04-16T14:49:59","guid":{"rendered":"https:\/\/www.vetorino.com\/boutique\/product\/pro-plan-cat-fortiflora-plus\/"},"modified":"2025-05-06T11:30:31","modified_gmt":"2025-05-06T09:30:31","slug":"pro-plan-cat-fortiflora-plus","status":"publish","type":"product","link":"https:\/\/www.vetorino.com\/veterinaire\/prunelli-di-fiumorbo-20243\/boutique\/product\/pro-plan-cat-fortiflora-plus\/","title":{"rendered":"Chat Fortiflora Plus"},"content":{"rendered":"<p>Une combinaison puissante de probiotiques et de pr\u00e9biotiques uniques pour chats dont il est prouv\u00e9 qu&#8217;ils aident \u00e0 <strong>maintenir un microbiome intestinal sain<\/strong>\u00a0\u00e0 long terme.<\/p>\n<p>Contient la m\u00eame souche probiotique que FortiFlora\u00ae, issue de 15 ann\u00e9es de recherche scientifique, pour aider \u00e0<strong> soutenir la sant\u00e9 intestinale<\/strong> et <strong>favoriser un syst\u00e8me immunitaire fort<\/strong>.<\/p>\n<p>De plus, il contient une fibre pr\u00e9biotique d&#8217;origine v\u00e9g\u00e9tale (psyllium), pour stimuler la <strong>croissance de bact\u00e9ries b\u00e9n\u00e9fiques dans l&#8217;intestin<\/strong>.<\/p>\n<p><strong>Go\u00fbt savoureux <\/strong>: tr\u00e8s facilement accept\u00e9, ce probiotique pour chats PRO PLAN\u00ae peut \u00eatre ais\u00e9ment saupoudr\u00e9 sur la nourriture de votre animal de compagnie.<\/p>\n","protected":false},"excerpt":{"rendered":"<div id=\"product-description-short-5915\">\n<p>FortiFlora\u00ae PLUS, de PURINA\u00ae PRO PLAN\u00ae, est une <strong>alliance unique de pr\u00e9biotique et probiotique<\/strong> permettant une action symbiotique et utilisable pour <strong>chats de tous \u00e2ges<\/strong> (\u00e0 partir du sevrage).<\/p>\n<p>Prouv\u00e9 pour aider \u00e0 <strong>maintenir un microbiome intestinal en bonne sant\u00e9<\/strong> et<strong> renforcer les d\u00e9fenses naturelles<\/strong>.<\/p>\n<p>Chaque sachet contient un taux garanti de probiotique viable (microencapsul\u00e9 pour une meilleur stabilit\u00e9 et efficacit\u00e9) combin\u00e9 \u00e0 un pr\u00e9biotique d&#8217;origine v\u00e9g\u00e9tale.<\/p>\n<\/div>\n<div class=\"product-actions\">\n<div class=\"product-variants\"><\/div>\n<div class=\"mdj_product_master\"><\/div>\n<div class=\"mdc_product_actions_block\">\n<div class=\"mdc_product_infos_display\"><\/div>\n<\/div>\n<\/div>\n","protected":false},"featured_media":1317982,"template":"","meta":[],"product_cat":[12551,2730,2697],"product_tag":[],"class_list":{"0":"post-1292715","1":"product","2":"type-product","3":"status-publish","4":"has-post-thumbnail","6":"product_cat-alimentation-du-chat","7":"product_cat-aliments-complementaires-pour-chat","8":"product_cat-chat","9":"pa_marque-purina","11":"first","12":"outofstock","13":"taxable","14":"shipping-taxable","15":"purchasable","16":"product-type-simple"},"yoast_head":"<!-- This site is optimized with the Yoast SEO plugin v27.3 - https:\/\/yoast.com\/product\/yoast-seo-wordpress\/ -->\n<title>Proplan Chat Fortiflora Plus Purina Pro Plan - V\u00e9torino<\/title>\n<meta name=\"description\" content=\"FortiFlora\u00ae PLUS, de PURINA\u00ae PRO PLAN\u00ae, est une alliance unique de pr\u00e9biotique et probiotique permettant une action symbiotique et utilisable pour chats de tous \u00e2ges (\u00e0 partir du sevrage).  Prouv\u00e9 pour aider \u00e0 maintenir un microbiome intestinal en bonne sant\u00e9 et renforcer les d\u00e9fenses naturelles.  Chaque sachet contient un taux garanti de probiotique viable (microencapsul\u00e9 pour une meilleur stabilit\u00e9 et efficacit\u00e9) combin\u00e9 \u00e0 un pr\u00e9biotique d&#039;origine v\u00e9g\u00e9tale.\" \/>\n<meta name=\"robots\" content=\"noindex, nofollow\" \/>\n<meta property=\"og:locale\" content=\"fr_FR\" \/>\n<meta property=\"og:type\" content=\"article\" \/>\n<meta property=\"og:title\" content=\"Proplan Chat Fortiflora Plus Purina Pro Plan - V\u00e9torino\" \/>\n<meta property=\"og:description\" content=\"FortiFlora\u00ae PLUS, de PURINA\u00ae PRO PLAN\u00ae, est une alliance unique de pr\u00e9biotique et probiotique permettant une action symbiotique et utilisable pour chats de tous \u00e2ges (\u00e0 partir du sevrage).  Prouv\u00e9 pour aider \u00e0 maintenir un microbiome intestinal en bonne sant\u00e9 et renforcer les d\u00e9fenses naturelles.  Chaque sachet contient un taux garanti de probiotique viable (microencapsul\u00e9 pour une meilleur stabilit\u00e9 et efficacit\u00e9) combin\u00e9 \u00e0 un pr\u00e9biotique d&#039;origine v\u00e9g\u00e9tale.\" \/>\n<meta property=\"og:url\" content=\"https:\/\/www.vetorino.com\/veterinaire\/prunelli-di-fiumorbo-20243\/boutique\/product\/pro-plan-cat-fortiflora-plus\/\" \/>\n<meta property=\"og:site_name\" content=\"V\u00e9torino\" \/>\n<meta property=\"article:publisher\" content=\"https:\/\/www.facebook.com\/Vetorino\/\" \/>\n<meta property=\"article:modified_time\" content=\"2025-05-06T09:30:31+00:00\" \/>\n<meta property=\"og:image\" content=\"https:\/\/www.vetorino.com\/boutique\/wp-content\/uploads\/2025\/04\/purina-proplan-veterinary-diets-fortiflora-plus-probiotiques-prebiotiques-pour-chat.webp\" \/>\n\t<meta property=\"og:image:width\" content=\"800\" \/>\n\t<meta property=\"og:image:height\" content=\"800\" \/>\n\t<meta property=\"og:image:type\" content=\"image\/webp\" \/>\n<meta name=\"twitter:card\" content=\"summary_large_image\" \/>\n<meta name=\"twitter:label1\" content=\"Prix\" \/>\n\t<meta name=\"twitter:data1\" content=\"44,38&euro;\" \/>\n\t<meta name=\"twitter:label2\" content=\"Disponibilit\u00e9\" \/>\n\t<meta name=\"twitter:data2\" content=\"Rupture de stock\" \/>\n<script type=\"application\/ld+json\" class=\"yoast-schema-graph\">{\"@context\":\"https:\\\/\\\/schema.org\",\"@graph\":[{\"@type\":\"WebPage\",\"@id\":\"https:\\\/\\\/www.vetorino.com\\\/veterinaire\\\/briancon-05100\\\/boutique\\\/product\\\/pro-plan-cat-fortiflora-plus\\\/\",\"url\":\"https:\\\/\\\/www.vetorino.com\\\/veterinaire\\\/briancon-05100\\\/boutique\\\/product\\\/pro-plan-cat-fortiflora-plus\\\/\",\"name\":\"Proplan Chat Fortiflora Plus Purina Pro Plan - V\u00e9torino\",\"isPartOf\":{\"@id\":\"https:\\\/\\\/www.vetorino.com\\\/boutique\\\/#website\"},\"primaryImageOfPage\":{\"@id\":\"https:\\\/\\\/www.vetorino.com\\\/veterinaire\\\/briancon-05100\\\/boutique\\\/product\\\/pro-plan-cat-fortiflora-plus\\\/#primaryimage\"},\"image\":{\"@id\":\"https:\\\/\\\/www.vetorino.com\\\/veterinaire\\\/briancon-05100\\\/boutique\\\/product\\\/pro-plan-cat-fortiflora-plus\\\/#primaryimage\"},\"thumbnailUrl\":\"https:\\\/\\\/www.vetorino.com\\\/boutique\\\/wp-content\\\/uploads\\\/2025\\\/04\\\/purina-proplan-veterinary-diets-fortiflora-plus-probiotiques-prebiotiques-pour-chat.webp\",\"datePublished\":\"2025-04-16T14:49:59+00:00\",\"dateModified\":\"2025-05-06T09:30:31+00:00\",\"description\":\"FortiFlora\u00ae PLUS, de PURINA\u00ae PRO PLAN\u00ae, est une alliance unique de pr\u00e9biotique et probiotique permettant une action symbiotique et utilisable pour chats de tous \u00e2ges (\u00e0 partir du sevrage). Prouv\u00e9 pour aider \u00e0 maintenir un microbiome intestinal en bonne sant\u00e9 et renforcer les d\u00e9fenses naturelles. Chaque sachet contient un taux garanti de probiotique viable (microencapsul\u00e9 pour une meilleur stabilit\u00e9 et efficacit\u00e9) combin\u00e9 \u00e0 un pr\u00e9biotique d'origine v\u00e9g\u00e9tale.\",\"breadcrumb\":{\"@id\":\"https:\\\/\\\/www.vetorino.com\\\/veterinaire\\\/briancon-05100\\\/boutique\\\/product\\\/pro-plan-cat-fortiflora-plus\\\/#breadcrumb\"},\"inLanguage\":\"fr-FR\",\"potentialAction\":[{\"@type\":\"ReadAction\",\"target\":[\"https:\\\/\\\/www.vetorino.com\\\/veterinaire\\\/briancon-05100\\\/boutique\\\/product\\\/pro-plan-cat-fortiflora-plus\\\/\"]}]},{\"@type\":\"ImageObject\",\"inLanguage\":\"fr-FR\",\"@id\":\"https:\\\/\\\/www.vetorino.com\\\/veterinaire\\\/briancon-05100\\\/boutique\\\/product\\\/pro-plan-cat-fortiflora-plus\\\/#primaryimage\",\"url\":\"https:\\\/\\\/www.vetorino.com\\\/boutique\\\/wp-content\\\/uploads\\\/2025\\\/04\\\/purina-proplan-veterinary-diets-fortiflora-plus-probiotiques-prebiotiques-pour-chat.webp\",\"contentUrl\":\"https:\\\/\\\/www.vetorino.com\\\/boutique\\\/wp-content\\\/uploads\\\/2025\\\/04\\\/purina-proplan-veterinary-diets-fortiflora-plus-probiotiques-prebiotiques-pour-chat.webp\",\"width\":800,\"height\":800},{\"@type\":\"BreadcrumbList\",\"@id\":\"https:\\\/\\\/www.vetorino.com\\\/veterinaire\\\/briancon-05100\\\/boutique\\\/product\\\/pro-plan-cat-fortiflora-plus\\\/#breadcrumb\",\"itemListElement\":[{\"@type\":\"ListItem\",\"position\":1,\"name\":\"Accueil\",\"item\":\"https:\\\/\\\/www.vetorino.com\\\/boutique\\\/\"},{\"@type\":\"ListItem\",\"position\":2,\"name\":\"Produits\",\"item\":\"https:\\\/\\\/www.vetorino.com\\\/boutique\\\/\"},{\"@type\":\"ListItem\",\"position\":3,\"name\":\"Chat Fortiflora Plus\"}]},{\"@type\":\"WebSite\",\"@id\":\"https:\\\/\\\/www.vetorino.com\\\/boutique\\\/#website\",\"url\":\"https:\\\/\\\/www.vetorino.com\\\/boutique\\\/\",\"name\":\"V\u00e9torino\",\"description\":\"\",\"publisher\":{\"@id\":\"https:\\\/\\\/www.vetorino.com\\\/boutique\\\/#organization\"},\"potentialAction\":[{\"@type\":\"SearchAction\",\"target\":{\"@type\":\"EntryPoint\",\"urlTemplate\":\"https:\\\/\\\/www.vetorino.com\\\/boutique\\\/?s={search_term_string}\"},\"query-input\":{\"@type\":\"PropertyValueSpecification\",\"valueRequired\":true,\"valueName\":\"search_term_string\"}}],\"inLanguage\":\"fr-FR\"},{\"@type\":\"Organization\",\"@id\":\"https:\\\/\\\/www.vetorino.com\\\/boutique\\\/#organization\",\"name\":\"V\u00e9torino\",\"url\":\"https:\\\/\\\/www.vetorino.com\\\/boutique\\\/\",\"logo\":{\"@type\":\"ImageObject\",\"inLanguage\":\"fr-FR\",\"@id\":\"https:\\\/\\\/www.vetorino.com\\\/boutique\\\/#\\\/schema\\\/logo\\\/image\\\/\",\"url\":\"https:\\\/\\\/www.vetorino.com\\\/boutique\\\/wp-content\\\/uploads\\\/2024\\\/10\\\/logo.jpg\",\"contentUrl\":\"https:\\\/\\\/www.vetorino.com\\\/boutique\\\/wp-content\\\/uploads\\\/2024\\\/10\\\/logo.jpg\",\"width\":1200,\"height\":610,\"caption\":\"V\u00e9torino\"},\"image\":{\"@id\":\"https:\\\/\\\/www.vetorino.com\\\/boutique\\\/#\\\/schema\\\/logo\\\/image\\\/\"},\"sameAs\":[\"https:\\\/\\\/www.facebook.com\\\/Vetorino\\\/\",\"https:\\\/\\\/www.instagram.com\\\/vetorino_off\\\/\",\"https:\\\/\\\/www.linkedin.com\\\/company\\\/vtorino\\\/\"]}]}<\/script>\n<meta property=\"product:brand\" content=\"Purina Pro Plan\" \/>\n<meta property=\"product:price:amount\" content=\"44.38\" \/>\n<meta property=\"product:price:currency\" content=\"EUR\" \/>\n<meta property=\"og:availability\" content=\"out of stock\" \/>\n<meta property=\"product:availability\" content=\"out of stock\" \/>\n<meta property=\"product:retailer_item_id\" content=\"A-1891130\" \/>\n<meta property=\"product:condition\" content=\"new\" \/>\n<!-- \/ Yoast SEO plugin. -->","yoast_head_json":{"title":"Proplan Chat Fortiflora Plus Purina Pro Plan - V\u00e9torino","description":"FortiFlora\u00ae PLUS, de PURINA\u00ae PRO PLAN\u00ae, est une alliance unique de pr\u00e9biotique et probiotique permettant une action symbiotique et utilisable pour chats de tous \u00e2ges (\u00e0 partir du sevrage).  Prouv\u00e9 pour aider \u00e0 maintenir un microbiome intestinal en bonne sant\u00e9 et renforcer les d\u00e9fenses naturelles.  Chaque sachet contient un taux garanti de probiotique viable (microencapsul\u00e9 pour une meilleur stabilit\u00e9 et efficacit\u00e9) combin\u00e9 \u00e0 un pr\u00e9biotique d'origine v\u00e9g\u00e9tale.","robots":{"index":"noindex","follow":"nofollow"},"og_locale":"fr_FR","og_type":"article","og_title":"Proplan Chat Fortiflora Plus Purina Pro Plan - V\u00e9torino","og_description":"FortiFlora\u00ae PLUS, de PURINA\u00ae PRO PLAN\u00ae, est une alliance unique de pr\u00e9biotique et probiotique permettant une action symbiotique et utilisable pour chats de tous \u00e2ges (\u00e0 partir du sevrage).  Prouv\u00e9 pour aider \u00e0 maintenir un microbiome intestinal en bonne sant\u00e9 et renforcer les d\u00e9fenses naturelles.  Chaque sachet contient un taux garanti de probiotique viable (microencapsul\u00e9 pour une meilleur stabilit\u00e9 et efficacit\u00e9) combin\u00e9 \u00e0 un pr\u00e9biotique d'origine v\u00e9g\u00e9tale.","og_url":"https:\/\/www.vetorino.com\/veterinaire\/prunelli-di-fiumorbo-20243\/boutique\/product\/pro-plan-cat-fortiflora-plus\/","og_site_name":"V\u00e9torino","article_publisher":"https:\/\/www.facebook.com\/Vetorino\/","article_modified_time":"2025-05-06T09:30:31+00:00","og_image":[{"width":800,"height":800,"url":"https:\/\/www.vetorino.com\/boutique\/wp-content\/uploads\/2025\/04\/purina-proplan-veterinary-diets-fortiflora-plus-probiotiques-prebiotiques-pour-chat.webp","type":"image\/webp"}],"twitter_card":"summary_large_image","twitter_misc":{"Prix":"44,38&euro;","Disponibilit\u00e9":"Rupture de stock"},"schema":{"@context":"https:\/\/schema.org","@graph":[{"@type":"WebPage","@id":"https:\/\/www.vetorino.com\/veterinaire\/briancon-05100\/boutique\/product\/pro-plan-cat-fortiflora-plus\/","url":"https:\/\/www.vetorino.com\/veterinaire\/briancon-05100\/boutique\/product\/pro-plan-cat-fortiflora-plus\/","name":"Proplan Chat Fortiflora Plus Purina Pro Plan - V\u00e9torino","isPartOf":{"@id":"https:\/\/www.vetorino.com\/boutique\/#website"},"primaryImageOfPage":{"@id":"https:\/\/www.vetorino.com\/veterinaire\/briancon-05100\/boutique\/product\/pro-plan-cat-fortiflora-plus\/#primaryimage"},"image":{"@id":"https:\/\/www.vetorino.com\/veterinaire\/briancon-05100\/boutique\/product\/pro-plan-cat-fortiflora-plus\/#primaryimage"},"thumbnailUrl":"https:\/\/www.vetorino.com\/boutique\/wp-content\/uploads\/2025\/04\/purina-proplan-veterinary-diets-fortiflora-plus-probiotiques-prebiotiques-pour-chat.webp","datePublished":"2025-04-16T14:49:59+00:00","dateModified":"2025-05-06T09:30:31+00:00","description":"FortiFlora\u00ae PLUS, de PURINA\u00ae PRO PLAN\u00ae, est une alliance unique de pr\u00e9biotique et probiotique permettant une action symbiotique et utilisable pour chats de tous \u00e2ges (\u00e0 partir du sevrage). Prouv\u00e9 pour aider \u00e0 maintenir un microbiome intestinal en bonne sant\u00e9 et renforcer les d\u00e9fenses naturelles. Chaque sachet contient un taux garanti de probiotique viable (microencapsul\u00e9 pour une meilleur stabilit\u00e9 et efficacit\u00e9) combin\u00e9 \u00e0 un pr\u00e9biotique d'origine v\u00e9g\u00e9tale.","breadcrumb":{"@id":"https:\/\/www.vetorino.com\/veterinaire\/briancon-05100\/boutique\/product\/pro-plan-cat-fortiflora-plus\/#breadcrumb"},"inLanguage":"fr-FR","potentialAction":[{"@type":"ReadAction","target":["https:\/\/www.vetorino.com\/veterinaire\/briancon-05100\/boutique\/product\/pro-plan-cat-fortiflora-plus\/"]}]},{"@type":"ImageObject","inLanguage":"fr-FR","@id":"https:\/\/www.vetorino.com\/veterinaire\/briancon-05100\/boutique\/product\/pro-plan-cat-fortiflora-plus\/#primaryimage","url":"https:\/\/www.vetorino.com\/boutique\/wp-content\/uploads\/2025\/04\/purina-proplan-veterinary-diets-fortiflora-plus-probiotiques-prebiotiques-pour-chat.webp","contentUrl":"https:\/\/www.vetorino.com\/boutique\/wp-content\/uploads\/2025\/04\/purina-proplan-veterinary-diets-fortiflora-plus-probiotiques-prebiotiques-pour-chat.webp","width":800,"height":800},{"@type":"BreadcrumbList","@id":"https:\/\/www.vetorino.com\/veterinaire\/briancon-05100\/boutique\/product\/pro-plan-cat-fortiflora-plus\/#breadcrumb","itemListElement":[{"@type":"ListItem","position":1,"name":"Accueil","item":"https:\/\/www.vetorino.com\/boutique\/"},{"@type":"ListItem","position":2,"name":"Produits","item":"https:\/\/www.vetorino.com\/boutique\/"},{"@type":"ListItem","position":3,"name":"Chat Fortiflora Plus"}]},{"@type":"WebSite","@id":"https:\/\/www.vetorino.com\/boutique\/#website","url":"https:\/\/www.vetorino.com\/boutique\/","name":"V\u00e9torino","description":"","publisher":{"@id":"https:\/\/www.vetorino.com\/boutique\/#organization"},"potentialAction":[{"@type":"SearchAction","target":{"@type":"EntryPoint","urlTemplate":"https:\/\/www.vetorino.com\/boutique\/?s={search_term_string}"},"query-input":{"@type":"PropertyValueSpecification","valueRequired":true,"valueName":"search_term_string"}}],"inLanguage":"fr-FR"},{"@type":"Organization","@id":"https:\/\/www.vetorino.com\/boutique\/#organization","name":"V\u00e9torino","url":"https:\/\/www.vetorino.com\/boutique\/","logo":{"@type":"ImageObject","inLanguage":"fr-FR","@id":"https:\/\/www.vetorino.com\/boutique\/#\/schema\/logo\/image\/","url":"https:\/\/www.vetorino.com\/boutique\/wp-content\/uploads\/2024\/10\/logo.jpg","contentUrl":"https:\/\/www.vetorino.com\/boutique\/wp-content\/uploads\/2024\/10\/logo.jpg","width":1200,"height":610,"caption":"V\u00e9torino"},"image":{"@id":"https:\/\/www.vetorino.com\/boutique\/#\/schema\/logo\/image\/"},"sameAs":["https:\/\/www.facebook.com\/Vetorino\/","https:\/\/www.instagram.com\/vetorino_off\/","https:\/\/www.linkedin.com\/company\/vtorino\/"]}]},"product_brand":"Purina Pro Plan","product_price_amount":"44.38","product_price_currency":"EUR","og_availability":"out of stock","product_availability":"out of stock","product_retailer_item_id":"A-1891130","product_condition":"new"},"_links":{"self":[{"href":"https:\/\/www.vetorino.com\/veterinaire\/prunelli-di-fiumorbo-20243\/boutique\/wp-json\/wp\/v2\/product\/1292715","targetHints":{"allow":["GET"]}}],"collection":[{"href":"https:\/\/www.vetorino.com\/veterinaire\/prunelli-di-fiumorbo-20243\/boutique\/wp-json\/wp\/v2\/product"}],"about":[{"href":"https:\/\/www.vetorino.com\/veterinaire\/prunelli-di-fiumorbo-20243\/boutique\/wp-json\/wp\/v2\/types\/product"}],"wp:featuredmedia":[{"embeddable":true,"href":"https:\/\/www.vetorino.com\/veterinaire\/prunelli-di-fiumorbo-20243\/boutique\/wp-json\/wp\/v2\/media\/1317982"}],"wp:attachment":[{"href":"https:\/\/www.vetorino.com\/veterinaire\/prunelli-di-fiumorbo-20243\/boutique\/wp-json\/wp\/v2\/media?parent=1292715"}],"wp:term":[{"taxonomy":"product_cat","embeddable":true,"href":"https:\/\/www.vetorino.com\/veterinaire\/prunelli-di-fiumorbo-20243\/boutique\/wp-json\/wp\/v2\/product_cat?post=1292715"},{"taxonomy":"product_tag","embeddable":true,"href":"https:\/\/www.vetorino.com\/veterinaire\/prunelli-di-fiumorbo-20243\/boutique\/wp-json\/wp\/v2\/product_tag?post=1292715"}],"curies":[{"name":"wp","href":"https:\/\/api.w.org\/{rel}","templated":true}]}}