{"id":131338,"date":"2020-11-27T00:34:53","date_gmt":"2020-11-26T23:34:53","guid":{"rendered":"https:\/\/www.vetorino.com\/boutique\/product\/specific-chien-c-bio-w-poisson\/"},"modified":"2025-09-01T16:42:08","modified_gmt":"2025-09-01T14:42:08","slug":"specific-chien-c-bio-w-poisson","status":"publish","type":"product","link":"https:\/\/www.vetorino.com\/veterinaire\/prunelli-di-fiumorbo-20243\/boutique\/product\/specific-chien-c-bio-w-poisson\/","title":{"rendered":"C-BIO-W Organic Fish &#8211; chien"},"content":{"rendered":"<p><strong>Aliment complet et \u00e9quilibr\u00e9 destin\u00e9 au chien adulte de toutes races. Cet aliment est constitu\u00e9 d&#8217;au moins 95% d&#8217;ingr\u00e9dients d&#8217;origine biologique contr\u00f4l\u00e9e.<\/strong><\/p>\n<p><strong>Utilisation :<br \/>\n<\/strong><\/p>\n<ul>\n<li>Alimentation quotidienne du chien adulte, st\u00e9rilis\u00e9 ou non.<\/li>\n<\/ul>\n<p><strong>Bienfaits essentiels :<\/strong><\/p>\n<ul>\n<li>Les ingr\u00e9dients hautement digestibles de qualit\u00e9 sup\u00e9rieure garantissent un\u00a0<strong>apport optimal de nutriments \u00e0 partir de l\u2019alimentation, tout en r\u00e9duisant le volume des selles<\/strong>.<\/li>\n<li>L\u2019\u00e9peautre\u00a0<em>(Triticum spelta)<\/em>, issu de l\u2019agriculture biologique contr\u00f4l\u00e9e, est la<strong>\u00a0principale source de glucides<\/strong>.<\/li>\n<li>L\u2019aliment complet et \u00e9quilibr\u00e9 fournit aux chiens adultes t<strong>ous les nutriments n\u00e9cessaires pour une vie en bonne sant\u00e9, qu\u2019ils soient st\u00e9rilis\u00e9s ou non<\/strong>.<\/li>\n<li>Les ingr\u00e9dients sont\u00a0<strong>issus de l\u2019agriculture biologique<\/strong>\u00a0\u00e0 concurrence d\u2019au moins 95%. SPECIFIC\u2122 C-BIO-W Organic a re\u00e7u le<strong>\u00a0label bio d\u00e9cern\u00e9 par Austria Bio Garantie<\/strong>, l\u2019organisme autrichien de contr\u00f4le de l\u2019agriculture biologique faisant partie des plus r\u00e9put\u00e9s au niveau europ\u00e9en.<\/li>\n<\/ul>\n","protected":false},"excerpt":{"rendered":"<p><strong>Aliment complet et \u00e9quilibr\u00e9 destin\u00e9 au chien adulte de toutes races. Cet aliment est constitu\u00e9 d&#8217;au moins 95% d&#8217;ingr\u00e9dients d&#8217;origine biologique contr\u00f4l\u00e9e.<\/strong><\/p>\n<p><strong>Utilisation :<br \/>\n<\/strong><\/p>\n<ul>\n<li>Alimentation quotidienne du chien adulte, st\u00e9rilis\u00e9 ou non.<\/li>\n<\/ul>\n","protected":false},"featured_media":160331,"template":"","meta":[],"product_cat":[12552,12584,2698],"product_tag":[],"class_list":{"0":"post-131338","1":"product","2":"type-product","3":"status-publish","4":"has-post-thumbnail","6":"product_cat-alimentation-du-chien","7":"product_cat-alimentation-premium-pour-chien","8":"product_cat-chien","9":"pa_marque-specific","11":"first","12":"instock","13":"taxable","14":"shipping-taxable","15":"purchasable","16":"product-type-simple"},"yoast_head":"<!-- This site is optimized with the Yoast SEO plugin v27.3 - https:\/\/yoast.com\/product\/yoast-seo-wordpress\/ -->\n<title>C-BIO-W Organic Fish - chien Specific - V\u00e9torino<\/title>\n<meta name=\"description\" content=\"Aliment complet et \u00e9quilibr\u00e9 destin\u00e9 au chien adulte de toutes races. Cet aliment est constitu\u00e9 d&#039;au moins 95% d&#039;ingr\u00e9dients d&#039;origine biologique contr\u00f4l\u00e9e.  Utilisation :    Alimentation quotidienne du chien adulte, st\u00e9rilis\u00e9 ou non.\" \/>\n<meta name=\"robots\" content=\"noindex, nofollow\" \/>\n<meta property=\"og:locale\" content=\"fr_FR\" \/>\n<meta property=\"og:type\" content=\"article\" \/>\n<meta property=\"og:title\" content=\"C-BIO-W Organic Fish - chien Specific - V\u00e9torino\" \/>\n<meta property=\"og:description\" content=\"Aliment complet et \u00e9quilibr\u00e9 destin\u00e9 au chien adulte de toutes races. Cet aliment est constitu\u00e9 d&#039;au moins 95% d&#039;ingr\u00e9dients d&#039;origine biologique contr\u00f4l\u00e9e.  Utilisation :    Alimentation quotidienne du chien adulte, st\u00e9rilis\u00e9 ou non.\" \/>\n<meta property=\"og:url\" content=\"https:\/\/www.vetorino.com\/veterinaire\/prunelli-di-fiumorbo-20243\/boutique\/product\/specific-chien-c-bio-w-poisson\/\" \/>\n<meta property=\"og:site_name\" content=\"V\u00e9torino\" \/>\n<meta property=\"article:publisher\" content=\"https:\/\/www.facebook.com\/Vetorino\/\" \/>\n<meta property=\"article:modified_time\" content=\"2025-09-01T14:42:08+00:00\" \/>\n<meta property=\"og:image\" content=\"https:\/\/www.vetorino.com\/boutique\/wp-content\/uploads\/2020\/11\/chien-c-bio-w-organic-fish.jpg\" \/>\n\t<meta property=\"og:image:width\" content=\"800\" \/>\n\t<meta property=\"og:image:height\" content=\"800\" \/>\n\t<meta property=\"og:image:type\" content=\"image\/jpeg\" \/>\n<meta name=\"twitter:card\" content=\"summary_large_image\" \/>\n<meta name=\"twitter:label1\" content=\"Prix\" \/>\n\t<meta name=\"twitter:data1\" content=\"8,65&euro;\" \/>\n\t<meta name=\"twitter:label2\" content=\"Disponibilit\u00e9\" \/>\n\t<meta name=\"twitter:data2\" content=\"En stock\" \/>\n<script type=\"application\/ld+json\" class=\"yoast-schema-graph\">{\"@context\":\"https:\\\/\\\/schema.org\",\"@graph\":[{\"@type\":\"WebPage\",\"@id\":\"https:\\\/\\\/www.vetorino.com\\\/boutique\\\/product\\\/specific-chien-c-bio-w-poisson\\\/\",\"url\":\"https:\\\/\\\/www.vetorino.com\\\/boutique\\\/product\\\/specific-chien-c-bio-w-poisson\\\/\",\"name\":\"C-BIO-W Organic Fish - chien Specific - V\u00e9torino\",\"isPartOf\":{\"@id\":\"https:\\\/\\\/www.vetorino.com\\\/boutique\\\/#website\"},\"primaryImageOfPage\":{\"@id\":\"https:\\\/\\\/www.vetorino.com\\\/boutique\\\/product\\\/specific-chien-c-bio-w-poisson\\\/#primaryimage\"},\"image\":{\"@id\":\"https:\\\/\\\/www.vetorino.com\\\/boutique\\\/product\\\/specific-chien-c-bio-w-poisson\\\/#primaryimage\"},\"thumbnailUrl\":\"https:\\\/\\\/www.vetorino.com\\\/boutique\\\/wp-content\\\/uploads\\\/2020\\\/11\\\/chien-c-bio-w-organic-fish.jpg\",\"datePublished\":\"2020-11-26T23:34:53+00:00\",\"dateModified\":\"2025-09-01T14:42:08+00:00\",\"description\":\"Aliment complet et \u00e9quilibr\u00e9 destin\u00e9 au chien adulte de toutes races. Cet aliment est constitu\u00e9 d'au moins 95% d'ingr\u00e9dients d'origine biologique contr\u00f4l\u00e9e. Utilisation : Alimentation quotidienne du chien adulte, st\u00e9rilis\u00e9 ou non.\",\"breadcrumb\":{\"@id\":\"https:\\\/\\\/www.vetorino.com\\\/boutique\\\/product\\\/specific-chien-c-bio-w-poisson\\\/#breadcrumb\"},\"inLanguage\":\"fr-FR\",\"potentialAction\":[{\"@type\":\"ReadAction\",\"target\":[\"https:\\\/\\\/www.vetorino.com\\\/boutique\\\/product\\\/specific-chien-c-bio-w-poisson\\\/\"]}]},{\"@type\":\"ImageObject\",\"inLanguage\":\"fr-FR\",\"@id\":\"https:\\\/\\\/www.vetorino.com\\\/boutique\\\/product\\\/specific-chien-c-bio-w-poisson\\\/#primaryimage\",\"url\":\"https:\\\/\\\/www.vetorino.com\\\/boutique\\\/wp-content\\\/uploads\\\/2020\\\/11\\\/chien-c-bio-w-organic-fish.jpg\",\"contentUrl\":\"https:\\\/\\\/www.vetorino.com\\\/boutique\\\/wp-content\\\/uploads\\\/2020\\\/11\\\/chien-c-bio-w-organic-fish.jpg\",\"width\":800,\"height\":800},{\"@type\":\"BreadcrumbList\",\"@id\":\"https:\\\/\\\/www.vetorino.com\\\/boutique\\\/product\\\/specific-chien-c-bio-w-poisson\\\/#breadcrumb\",\"itemListElement\":[{\"@type\":\"ListItem\",\"position\":1,\"name\":\"Accueil\",\"item\":\"https:\\\/\\\/www.vetorino.com\\\/boutique\\\/\"},{\"@type\":\"ListItem\",\"position\":2,\"name\":\"Produits\",\"item\":\"https:\\\/\\\/www.vetorino.com\\\/boutique\\\/\"},{\"@type\":\"ListItem\",\"position\":3,\"name\":\"C-BIO-W Organic Fish &#8211; chien\"}]},{\"@type\":\"WebSite\",\"@id\":\"https:\\\/\\\/www.vetorino.com\\\/boutique\\\/#website\",\"url\":\"https:\\\/\\\/www.vetorino.com\\\/boutique\\\/\",\"name\":\"V\u00e9torino\",\"description\":\"\",\"publisher\":{\"@id\":\"https:\\\/\\\/www.vetorino.com\\\/boutique\\\/#organization\"},\"potentialAction\":[{\"@type\":\"SearchAction\",\"target\":{\"@type\":\"EntryPoint\",\"urlTemplate\":\"https:\\\/\\\/www.vetorino.com\\\/boutique\\\/?s={search_term_string}\"},\"query-input\":{\"@type\":\"PropertyValueSpecification\",\"valueRequired\":true,\"valueName\":\"search_term_string\"}}],\"inLanguage\":\"fr-FR\"},{\"@type\":\"Organization\",\"@id\":\"https:\\\/\\\/www.vetorino.com\\\/boutique\\\/#organization\",\"name\":\"V\u00e9torino\",\"url\":\"https:\\\/\\\/www.vetorino.com\\\/boutique\\\/\",\"logo\":{\"@type\":\"ImageObject\",\"inLanguage\":\"fr-FR\",\"@id\":\"https:\\\/\\\/www.vetorino.com\\\/boutique\\\/#\\\/schema\\\/logo\\\/image\\\/\",\"url\":\"https:\\\/\\\/www.vetorino.com\\\/boutique\\\/wp-content\\\/uploads\\\/2024\\\/10\\\/logo.jpg\",\"contentUrl\":\"https:\\\/\\\/www.vetorino.com\\\/boutique\\\/wp-content\\\/uploads\\\/2024\\\/10\\\/logo.jpg\",\"width\":1200,\"height\":610,\"caption\":\"V\u00e9torino\"},\"image\":{\"@id\":\"https:\\\/\\\/www.vetorino.com\\\/boutique\\\/#\\\/schema\\\/logo\\\/image\\\/\"},\"sameAs\":[\"https:\\\/\\\/www.facebook.com\\\/Vetorino\\\/\",\"https:\\\/\\\/www.instagram.com\\\/vetorino_off\\\/\",\"https:\\\/\\\/www.linkedin.com\\\/company\\\/vtorino\\\/\"]}]}<\/script>\n<meta property=\"product:brand\" content=\"Specific\" \/>\n<meta property=\"product:price:amount\" content=\"8.65\" \/>\n<meta property=\"product:price:currency\" content=\"EUR\" \/>\n<meta property=\"og:availability\" content=\"instock\" \/>\n<meta property=\"product:availability\" content=\"instock\" \/>\n<meta property=\"product:retailer_item_id\" content=\"A-1853040\" \/>\n<meta property=\"product:condition\" content=\"new\" \/>\n<!-- \/ Yoast SEO plugin. -->","yoast_head_json":{"title":"C-BIO-W Organic Fish - chien Specific - V\u00e9torino","description":"Aliment complet et \u00e9quilibr\u00e9 destin\u00e9 au chien adulte de toutes races. Cet aliment est constitu\u00e9 d'au moins 95% d'ingr\u00e9dients d'origine biologique contr\u00f4l\u00e9e.  Utilisation :    Alimentation quotidienne du chien adulte, st\u00e9rilis\u00e9 ou non.","robots":{"index":"noindex","follow":"nofollow"},"og_locale":"fr_FR","og_type":"article","og_title":"C-BIO-W Organic Fish - chien Specific - V\u00e9torino","og_description":"Aliment complet et \u00e9quilibr\u00e9 destin\u00e9 au chien adulte de toutes races. Cet aliment est constitu\u00e9 d'au moins 95% d'ingr\u00e9dients d'origine biologique contr\u00f4l\u00e9e.  Utilisation :    Alimentation quotidienne du chien adulte, st\u00e9rilis\u00e9 ou non.","og_url":"https:\/\/www.vetorino.com\/veterinaire\/prunelli-di-fiumorbo-20243\/boutique\/product\/specific-chien-c-bio-w-poisson\/","og_site_name":"V\u00e9torino","article_publisher":"https:\/\/www.facebook.com\/Vetorino\/","article_modified_time":"2025-09-01T14:42:08+00:00","og_image":[{"width":800,"height":800,"url":"https:\/\/www.vetorino.com\/boutique\/wp-content\/uploads\/2020\/11\/chien-c-bio-w-organic-fish.jpg","type":"image\/jpeg"}],"twitter_card":"summary_large_image","twitter_misc":{"Prix":"8,65&euro;","Disponibilit\u00e9":"En stock"},"schema":{"@context":"https:\/\/schema.org","@graph":[{"@type":"WebPage","@id":"https:\/\/www.vetorino.com\/boutique\/product\/specific-chien-c-bio-w-poisson\/","url":"https:\/\/www.vetorino.com\/boutique\/product\/specific-chien-c-bio-w-poisson\/","name":"C-BIO-W Organic Fish - chien Specific - V\u00e9torino","isPartOf":{"@id":"https:\/\/www.vetorino.com\/boutique\/#website"},"primaryImageOfPage":{"@id":"https:\/\/www.vetorino.com\/boutique\/product\/specific-chien-c-bio-w-poisson\/#primaryimage"},"image":{"@id":"https:\/\/www.vetorino.com\/boutique\/product\/specific-chien-c-bio-w-poisson\/#primaryimage"},"thumbnailUrl":"https:\/\/www.vetorino.com\/boutique\/wp-content\/uploads\/2020\/11\/chien-c-bio-w-organic-fish.jpg","datePublished":"2020-11-26T23:34:53+00:00","dateModified":"2025-09-01T14:42:08+00:00","description":"Aliment complet et \u00e9quilibr\u00e9 destin\u00e9 au chien adulte de toutes races. Cet aliment est constitu\u00e9 d'au moins 95% d'ingr\u00e9dients d'origine biologique contr\u00f4l\u00e9e. Utilisation : Alimentation quotidienne du chien adulte, st\u00e9rilis\u00e9 ou non.","breadcrumb":{"@id":"https:\/\/www.vetorino.com\/boutique\/product\/specific-chien-c-bio-w-poisson\/#breadcrumb"},"inLanguage":"fr-FR","potentialAction":[{"@type":"ReadAction","target":["https:\/\/www.vetorino.com\/boutique\/product\/specific-chien-c-bio-w-poisson\/"]}]},{"@type":"ImageObject","inLanguage":"fr-FR","@id":"https:\/\/www.vetorino.com\/boutique\/product\/specific-chien-c-bio-w-poisson\/#primaryimage","url":"https:\/\/www.vetorino.com\/boutique\/wp-content\/uploads\/2020\/11\/chien-c-bio-w-organic-fish.jpg","contentUrl":"https:\/\/www.vetorino.com\/boutique\/wp-content\/uploads\/2020\/11\/chien-c-bio-w-organic-fish.jpg","width":800,"height":800},{"@type":"BreadcrumbList","@id":"https:\/\/www.vetorino.com\/boutique\/product\/specific-chien-c-bio-w-poisson\/#breadcrumb","itemListElement":[{"@type":"ListItem","position":1,"name":"Accueil","item":"https:\/\/www.vetorino.com\/boutique\/"},{"@type":"ListItem","position":2,"name":"Produits","item":"https:\/\/www.vetorino.com\/boutique\/"},{"@type":"ListItem","position":3,"name":"C-BIO-W Organic Fish &#8211; chien"}]},{"@type":"WebSite","@id":"https:\/\/www.vetorino.com\/boutique\/#website","url":"https:\/\/www.vetorino.com\/boutique\/","name":"V\u00e9torino","description":"","publisher":{"@id":"https:\/\/www.vetorino.com\/boutique\/#organization"},"potentialAction":[{"@type":"SearchAction","target":{"@type":"EntryPoint","urlTemplate":"https:\/\/www.vetorino.com\/boutique\/?s={search_term_string}"},"query-input":{"@type":"PropertyValueSpecification","valueRequired":true,"valueName":"search_term_string"}}],"inLanguage":"fr-FR"},{"@type":"Organization","@id":"https:\/\/www.vetorino.com\/boutique\/#organization","name":"V\u00e9torino","url":"https:\/\/www.vetorino.com\/boutique\/","logo":{"@type":"ImageObject","inLanguage":"fr-FR","@id":"https:\/\/www.vetorino.com\/boutique\/#\/schema\/logo\/image\/","url":"https:\/\/www.vetorino.com\/boutique\/wp-content\/uploads\/2024\/10\/logo.jpg","contentUrl":"https:\/\/www.vetorino.com\/boutique\/wp-content\/uploads\/2024\/10\/logo.jpg","width":1200,"height":610,"caption":"V\u00e9torino"},"image":{"@id":"https:\/\/www.vetorino.com\/boutique\/#\/schema\/logo\/image\/"},"sameAs":["https:\/\/www.facebook.com\/Vetorino\/","https:\/\/www.instagram.com\/vetorino_off\/","https:\/\/www.linkedin.com\/company\/vtorino\/"]}]},"product_brand":"Specific","product_price_amount":"8.65","product_price_currency":"EUR","og_availability":"instock","product_availability":"instock","product_retailer_item_id":"A-1853040","product_condition":"new"},"_links":{"self":[{"href":"https:\/\/www.vetorino.com\/veterinaire\/prunelli-di-fiumorbo-20243\/boutique\/wp-json\/wp\/v2\/product\/131338","targetHints":{"allow":["GET"]}}],"collection":[{"href":"https:\/\/www.vetorino.com\/veterinaire\/prunelli-di-fiumorbo-20243\/boutique\/wp-json\/wp\/v2\/product"}],"about":[{"href":"https:\/\/www.vetorino.com\/veterinaire\/prunelli-di-fiumorbo-20243\/boutique\/wp-json\/wp\/v2\/types\/product"}],"wp:featuredmedia":[{"embeddable":true,"href":"https:\/\/www.vetorino.com\/veterinaire\/prunelli-di-fiumorbo-20243\/boutique\/wp-json\/wp\/v2\/media\/160331"}],"wp:attachment":[{"href":"https:\/\/www.vetorino.com\/veterinaire\/prunelli-di-fiumorbo-20243\/boutique\/wp-json\/wp\/v2\/media?parent=131338"}],"wp:term":[{"taxonomy":"product_cat","embeddable":true,"href":"https:\/\/www.vetorino.com\/veterinaire\/prunelli-di-fiumorbo-20243\/boutique\/wp-json\/wp\/v2\/product_cat?post=131338"},{"taxonomy":"product_tag","embeddable":true,"href":"https:\/\/www.vetorino.com\/veterinaire\/prunelli-di-fiumorbo-20243\/boutique\/wp-json\/wp\/v2\/product_tag?post=131338"}],"curies":[{"name":"wp","href":"https:\/\/api.w.org\/{rel}","templated":true}]}}