{"id":131536,"date":"2020-11-27T00:54:06","date_gmt":"2020-11-26T23:54:06","guid":{"rendered":"https:\/\/www.vetorino.com\/boutique\/product\/tonivet-chaton\/"},"modified":"2025-07-02T05:35:47","modified_gmt":"2025-07-02T03:35:47","slug":"tonivet-chaton","status":"publish","type":"product","link":"https:\/\/www.vetorino.com\/veterinaire\/prunelli-di-fiumorbo-20243\/boutique\/product\/tonivet-chaton\/","title":{"rendered":"Chaton Poulet"},"content":{"rendered":"<p>TONIVET CHATON, riche en poulet, est un<strong> aliment hautement digestible<\/strong>, dont les ingr\u00e9dients ont \u00e9t\u00e9 s\u00e9lectionn\u00e9s pour apporter au<strong> chat en croissance<\/strong> tous les nutriments n\u00e9cessaires \u00e0 leur d\u00e9veloppement.<\/p>\n<p>Il<strong> renforce le syst\u00e8me digestif<\/strong> et <strong>participe au confort de l\u2019appareil urinaire<\/strong>. Il convient au<strong> chaton st\u00e9rilis\u00e9, non st\u00e9rilis\u00e9 et \u00e0 la chatte en gestation ou en lactation.\u00a0<\/strong><\/p>\n<p><strong>Taille de la croquette : 3 mm\u00a0<\/strong><\/p>\n<p><strong>Utilisation :<\/strong><\/p>\n<ul>\n<li>Chaton de 2 mois \u00e0 1 an<\/li>\n<\/ul>\n<p><strong>1. Croissance optimale :\u00a0<\/strong><br \/>\nLes ingr\u00e9dients ont \u00e9t\u00e9 s\u00e9lectionn\u00e9s pour apporter au chat en croissance tous les nutriments n\u00e9cessaires \u00e0 leur d\u00e9veloppement.<\/p>\n<p><strong>2. Confort urinaire\u00a0 :<\/strong><br \/>\nAliment formul\u00e9 pour soutenir l\u2019appareil urinaire gr\u00e2ce \u00e0 l\u2019incorporation d\u2019acidifiant urinaire et au contr\u00f4le du pH urinaire. L\u2019ajout de ch\u00e9lateurs de Phosphore, de Calcium ainsi que la maitrise des teneurs min\u00e9rales aidera l\u2019appareil urinaire \u00e0 lutter contre l\u2019apparition de calculs.<\/p>\n<p><strong>3. Beaut\u00e9 de la peau et du pelage :<\/strong><br \/>\nFormule nutritionnelle enrichie en huile d\u2019anchois et de sardines sauvages, poissons s\u00e9lectionn\u00e9s pour leur teneur accrue en acides gras essentiels Om\u00e9ga 3 (EPA, DHA). La graisse de canard, quant \u00e0 elle, procure l\u2019apport n\u00e9cessaire en acides gras Om\u00e9ga 6 (LA, GLA) permettant ainsi un ratio Om\u00e9ga 3\/6 optimal.<br \/>\nLa concentration importante en prot\u00e9ines d\u2019origine animale et notamment en acides amin\u00e9s soufr\u00e9s et aromatiques agira directement sur la r\u00e9g\u00e9n\u00e9ration de la k\u00e9ratine et le soutien de la pigmentation du poil.<br \/>\nRiche en vitamines du groupe B, la levure de bi\u00e8re favorisera la brillance du poil.<\/p>\n<p><strong>4. Immunit\u00e9 digestive :<\/strong><br \/>\nIngr\u00e9dients s\u00e9lectionn\u00e9s pour leur haute tol\u00e9rance digestive assurant une absorption optimale des nutriments.<br \/>\nIncorporation de pr\u00e9biotiques de type levure de bi\u00e8re, parois de levures (\u00df-glucanes &amp; MOS) et inuline de chicor\u00e9e (FOS) afin de renforcer le syst\u00e8me immunitaire et l\u2019int\u00e9grit\u00e9 intestinale.<\/p>\n<p><strong>5. Lutte contre le \u00ab stress oxydatif \u00bb :<\/strong><br \/>\nLe s\u00e9l\u00e9nium est un antioxydant secondaire cellulaire dont le but est d\u2019aider \u00e0 prot\u00e9ger les cellules contre les radicaux libres form\u00e9s par plusieurs types d\u2019agents quotidiens (\u00e2ge, respiration, stress, surpoids, fatigue, r\u00e9action immunitaire, pollution, &#8230;). Son r\u00f4le est de r\u00e9duire la part de radicaux libres pr\u00e9sente dans l\u2019organisme et pr\u00e9venir l\u2019apparition de pathologies li\u00e9es au stress oxydatif (vieillissement c\u00e9r\u00e9bral, cancer, diminution des fonctions cognitives, maladies cardiaques, probl\u00e8mes dermatologiques, probl\u00e8mes urinaires, allergies chroniques et maladies de la peau).<\/p>\n","protected":false},"excerpt":{"rendered":"<p><strong>TONIVET CHATON<\/strong> apporte<strong> tous les nutriments n\u00e9cessaires \u00e0 la croissance du chaton<\/strong> gr\u00e2ce \u00e0 un apport \u00e9nerg\u00e9tique prot\u00e9ique optimal et poss\u00e8de une <strong>taille adapt\u00e9e \u00e0 leur morphologie.<\/strong><\/p>\n<p>Il contribue \u00e0 une <strong>digestion optimale<\/strong> et aide au <strong>bon \u00e9quilibre de la flore intestinale.<\/strong> D\u00e8s le plus jeune \u00e2ge il <strong>favorisera le soutien articulaire<\/strong> (glucosamine, chondro\u00eftine, om\u00e9ga 3), <strong>le pelage brillant<\/strong> (acides amin\u00e9s soufr\u00e9s) et <strong>le confort urinaire<\/strong> (artichaut, ch\u00e9lateurs, apport min\u00e9ral contr\u00f4l\u00e9).<\/p>\n<p>Cet aliment convient parfaitement \u00e0 la<strong> chatte en gestation ou en lactation<\/strong>. R\u00e9pond aux besoins du <strong>chat st\u00e9rilis\u00e9.<\/strong><\/p>\n","protected":false},"featured_media":1371741,"template":"","meta":[],"product_cat":[12551,12583,2697],"product_tag":[],"class_list":{"0":"post-131536","1":"product","2":"type-product","3":"status-publish","4":"has-post-thumbnail","6":"product_cat-alimentation-du-chat","7":"product_cat-alimentation-premium-pour-chat","8":"product_cat-chat","9":"pa_marque-tonivet","11":"first","12":"instock","13":"taxable","14":"shipping-taxable","15":"purchasable","16":"product-type-variable"},"yoast_head":"<!-- This site is optimized with the Yoast SEO plugin v27.3 - https:\/\/yoast.com\/product\/yoast-seo-wordpress\/ -->\n<title>Chaton Poulet Tonivet - V\u00e9torino<\/title>\n<meta name=\"description\" content=\"TONIVET CHATON apporte tous les nutriments n\u00e9cessaires \u00e0 la croissance du chaton gr\u00e2ce \u00e0 un apport \u00e9nerg\u00e9tique prot\u00e9ique optimal et poss\u00e8de une taille adapt\u00e9e \u00e0 leur morphologie.  Il contribue \u00e0 une digestion optimale et aide au bon \u00e9quilibre de la flore intestinale. D\u00e8s le plus jeune \u00e2ge il favorisera le soutien articulaire (glucosamine, chondro\u00eftine, om\u00e9ga 3), le pelage brillant (acides amin\u00e9s soufr\u00e9s) et le confort urinaire (artichaut, ch\u00e9lateurs, apport min\u00e9ral contr\u00f4l\u00e9).  Cet aliment convient parfaitement \u00e0 la chatte en gestation ou en lactation. R\u00e9pond aux besoins du chat st\u00e9rilis\u00e9.\" \/>\n<meta name=\"robots\" content=\"noindex, nofollow\" \/>\n<meta property=\"og:locale\" content=\"fr_FR\" \/>\n<meta property=\"og:type\" content=\"article\" \/>\n<meta property=\"og:title\" content=\"Chaton Poulet Tonivet - V\u00e9torino\" \/>\n<meta property=\"og:description\" content=\"TONIVET CHATON apporte tous les nutriments n\u00e9cessaires \u00e0 la croissance du chaton gr\u00e2ce \u00e0 un apport \u00e9nerg\u00e9tique prot\u00e9ique optimal et poss\u00e8de une taille adapt\u00e9e \u00e0 leur morphologie.  Il contribue \u00e0 une digestion optimale et aide au bon \u00e9quilibre de la flore intestinale. D\u00e8s le plus jeune \u00e2ge il favorisera le soutien articulaire (glucosamine, chondro\u00eftine, om\u00e9ga 3), le pelage brillant (acides amin\u00e9s soufr\u00e9s) et le confort urinaire (artichaut, ch\u00e9lateurs, apport min\u00e9ral contr\u00f4l\u00e9).  Cet aliment convient parfaitement \u00e0 la chatte en gestation ou en lactation. R\u00e9pond aux besoins du chat st\u00e9rilis\u00e9.\" \/>\n<meta property=\"og:url\" content=\"https:\/\/www.vetorino.com\/veterinaire\/prunelli-di-fiumorbo-20243\/boutique\/product\/tonivet-chaton\/\" \/>\n<meta property=\"og:site_name\" content=\"V\u00e9torino\" \/>\n<meta property=\"article:publisher\" content=\"https:\/\/www.facebook.com\/Vetorino\/\" \/>\n<meta property=\"article:modified_time\" content=\"2025-07-02T03:35:47+00:00\" \/>\n<meta property=\"og:image\" content=\"https:\/\/www.vetorino.com\/boutique\/wp-content\/uploads\/2020\/11\/tonivet-chaton-poulet-2.webp\" \/>\n\t<meta property=\"og:image:width\" content=\"800\" \/>\n\t<meta property=\"og:image:height\" content=\"800\" \/>\n\t<meta property=\"og:image:type\" content=\"image\/webp\" \/>\n<meta name=\"twitter:card\" content=\"summary_large_image\" \/>\n<meta name=\"twitter:label1\" content=\"Disponibilit\u00e9\" \/>\n\t<meta name=\"twitter:data1\" content=\"En stock\" \/>\n<script type=\"application\/ld+json\" class=\"yoast-schema-graph\">{\"@context\":\"https:\\\/\\\/schema.org\",\"@graph\":[{\"@type\":\"WebPage\",\"@id\":\"https:\\\/\\\/www.vetorino.com\\\/boutique\\\/product\\\/tonivet-chaton\\\/\",\"url\":\"https:\\\/\\\/www.vetorino.com\\\/boutique\\\/product\\\/tonivet-chaton\\\/\",\"name\":\"Chaton Poulet Tonivet - V\u00e9torino\",\"isPartOf\":{\"@id\":\"https:\\\/\\\/www.vetorino.com\\\/boutique\\\/#website\"},\"primaryImageOfPage\":{\"@id\":\"https:\\\/\\\/www.vetorino.com\\\/boutique\\\/product\\\/tonivet-chaton\\\/#primaryimage\"},\"image\":{\"@id\":\"https:\\\/\\\/www.vetorino.com\\\/boutique\\\/product\\\/tonivet-chaton\\\/#primaryimage\"},\"thumbnailUrl\":\"https:\\\/\\\/www.vetorino.com\\\/boutique\\\/wp-content\\\/uploads\\\/2020\\\/11\\\/tonivet-chaton-poulet-2.webp\",\"datePublished\":\"2020-11-26T23:54:06+00:00\",\"dateModified\":\"2025-07-02T03:35:47+00:00\",\"description\":\"TONIVET CHATON apporte tous les nutriments n\u00e9cessaires \u00e0 la croissance du chaton gr\u00e2ce \u00e0 un apport \u00e9nerg\u00e9tique prot\u00e9ique optimal et poss\u00e8de une taille adapt\u00e9e \u00e0 leur morphologie. Il contribue \u00e0 une digestion optimale et aide au bon \u00e9quilibre de la flore intestinale. D\u00e8s le plus jeune \u00e2ge il favorisera le soutien articulaire (glucosamine, chondro\u00eftine, om\u00e9ga 3), le pelage brillant (acides amin\u00e9s soufr\u00e9s) et le confort urinaire (artichaut, ch\u00e9lateurs, apport min\u00e9ral contr\u00f4l\u00e9). Cet aliment convient parfaitement \u00e0 la chatte en gestation ou en lactation. R\u00e9pond aux besoins du chat st\u00e9rilis\u00e9.\",\"breadcrumb\":{\"@id\":\"https:\\\/\\\/www.vetorino.com\\\/boutique\\\/product\\\/tonivet-chaton\\\/#breadcrumb\"},\"inLanguage\":\"fr-FR\",\"potentialAction\":[{\"@type\":\"ReadAction\",\"target\":[\"https:\\\/\\\/www.vetorino.com\\\/boutique\\\/product\\\/tonivet-chaton\\\/\"]}]},{\"@type\":\"ImageObject\",\"inLanguage\":\"fr-FR\",\"@id\":\"https:\\\/\\\/www.vetorino.com\\\/boutique\\\/product\\\/tonivet-chaton\\\/#primaryimage\",\"url\":\"https:\\\/\\\/www.vetorino.com\\\/boutique\\\/wp-content\\\/uploads\\\/2020\\\/11\\\/tonivet-chaton-poulet-2.webp\",\"contentUrl\":\"https:\\\/\\\/www.vetorino.com\\\/boutique\\\/wp-content\\\/uploads\\\/2020\\\/11\\\/tonivet-chaton-poulet-2.webp\",\"width\":800,\"height\":800},{\"@type\":\"BreadcrumbList\",\"@id\":\"https:\\\/\\\/www.vetorino.com\\\/boutique\\\/product\\\/tonivet-chaton\\\/#breadcrumb\",\"itemListElement\":[{\"@type\":\"ListItem\",\"position\":1,\"name\":\"Accueil\",\"item\":\"https:\\\/\\\/www.vetorino.com\\\/boutique\\\/\"},{\"@type\":\"ListItem\",\"position\":2,\"name\":\"Produits\",\"item\":\"https:\\\/\\\/www.vetorino.com\\\/boutique\\\/\"},{\"@type\":\"ListItem\",\"position\":3,\"name\":\"Chaton Poulet\"}]},{\"@type\":\"WebSite\",\"@id\":\"https:\\\/\\\/www.vetorino.com\\\/boutique\\\/#website\",\"url\":\"https:\\\/\\\/www.vetorino.com\\\/boutique\\\/\",\"name\":\"V\u00e9torino\",\"description\":\"\",\"publisher\":{\"@id\":\"https:\\\/\\\/www.vetorino.com\\\/boutique\\\/#organization\"},\"potentialAction\":[{\"@type\":\"SearchAction\",\"target\":{\"@type\":\"EntryPoint\",\"urlTemplate\":\"https:\\\/\\\/www.vetorino.com\\\/boutique\\\/?s={search_term_string}\"},\"query-input\":{\"@type\":\"PropertyValueSpecification\",\"valueRequired\":true,\"valueName\":\"search_term_string\"}}],\"inLanguage\":\"fr-FR\"},{\"@type\":\"Organization\",\"@id\":\"https:\\\/\\\/www.vetorino.com\\\/boutique\\\/#organization\",\"name\":\"V\u00e9torino\",\"url\":\"https:\\\/\\\/www.vetorino.com\\\/boutique\\\/\",\"logo\":{\"@type\":\"ImageObject\",\"inLanguage\":\"fr-FR\",\"@id\":\"https:\\\/\\\/www.vetorino.com\\\/boutique\\\/#\\\/schema\\\/logo\\\/image\\\/\",\"url\":\"https:\\\/\\\/www.vetorino.com\\\/boutique\\\/wp-content\\\/uploads\\\/2024\\\/10\\\/logo.jpg\",\"contentUrl\":\"https:\\\/\\\/www.vetorino.com\\\/boutique\\\/wp-content\\\/uploads\\\/2024\\\/10\\\/logo.jpg\",\"width\":1200,\"height\":610,\"caption\":\"V\u00e9torino\"},\"image\":{\"@id\":\"https:\\\/\\\/www.vetorino.com\\\/boutique\\\/#\\\/schema\\\/logo\\\/image\\\/\"},\"sameAs\":[\"https:\\\/\\\/www.facebook.com\\\/Vetorino\\\/\",\"https:\\\/\\\/www.instagram.com\\\/vetorino_off\\\/\",\"https:\\\/\\\/www.linkedin.com\\\/company\\\/vtorino\\\/\"]}]}<\/script>\n<meta property=\"product:brand\" content=\"Tonivet\" \/>\n<meta property=\"og:availability\" content=\"instock\" \/>\n<meta property=\"product:availability\" content=\"instock\" \/>\n<meta property=\"product:condition\" content=\"new\" \/>\n<!-- \/ Yoast SEO plugin. -->","yoast_head_json":{"title":"Chaton Poulet Tonivet - V\u00e9torino","description":"TONIVET CHATON apporte tous les nutriments n\u00e9cessaires \u00e0 la croissance du chaton gr\u00e2ce \u00e0 un apport \u00e9nerg\u00e9tique prot\u00e9ique optimal et poss\u00e8de une taille adapt\u00e9e \u00e0 leur morphologie.  Il contribue \u00e0 une digestion optimale et aide au bon \u00e9quilibre de la flore intestinale. D\u00e8s le plus jeune \u00e2ge il favorisera le soutien articulaire (glucosamine, chondro\u00eftine, om\u00e9ga 3), le pelage brillant (acides amin\u00e9s soufr\u00e9s) et le confort urinaire (artichaut, ch\u00e9lateurs, apport min\u00e9ral contr\u00f4l\u00e9).  Cet aliment convient parfaitement \u00e0 la chatte en gestation ou en lactation. R\u00e9pond aux besoins du chat st\u00e9rilis\u00e9.","robots":{"index":"noindex","follow":"nofollow"},"og_locale":"fr_FR","og_type":"article","og_title":"Chaton Poulet Tonivet - V\u00e9torino","og_description":"TONIVET CHATON apporte tous les nutriments n\u00e9cessaires \u00e0 la croissance du chaton gr\u00e2ce \u00e0 un apport \u00e9nerg\u00e9tique prot\u00e9ique optimal et poss\u00e8de une taille adapt\u00e9e \u00e0 leur morphologie.  Il contribue \u00e0 une digestion optimale et aide au bon \u00e9quilibre de la flore intestinale. D\u00e8s le plus jeune \u00e2ge il favorisera le soutien articulaire (glucosamine, chondro\u00eftine, om\u00e9ga 3), le pelage brillant (acides amin\u00e9s soufr\u00e9s) et le confort urinaire (artichaut, ch\u00e9lateurs, apport min\u00e9ral contr\u00f4l\u00e9).  Cet aliment convient parfaitement \u00e0 la chatte en gestation ou en lactation. R\u00e9pond aux besoins du chat st\u00e9rilis\u00e9.","og_url":"https:\/\/www.vetorino.com\/veterinaire\/prunelli-di-fiumorbo-20243\/boutique\/product\/tonivet-chaton\/","og_site_name":"V\u00e9torino","article_publisher":"https:\/\/www.facebook.com\/Vetorino\/","article_modified_time":"2025-07-02T03:35:47+00:00","og_image":[{"width":800,"height":800,"url":"https:\/\/www.vetorino.com\/boutique\/wp-content\/uploads\/2020\/11\/tonivet-chaton-poulet-2.webp","type":"image\/webp"}],"twitter_card":"summary_large_image","twitter_misc":{"Disponibilit\u00e9":"En stock"},"schema":{"@context":"https:\/\/schema.org","@graph":[{"@type":"WebPage","@id":"https:\/\/www.vetorino.com\/boutique\/product\/tonivet-chaton\/","url":"https:\/\/www.vetorino.com\/boutique\/product\/tonivet-chaton\/","name":"Chaton Poulet Tonivet - V\u00e9torino","isPartOf":{"@id":"https:\/\/www.vetorino.com\/boutique\/#website"},"primaryImageOfPage":{"@id":"https:\/\/www.vetorino.com\/boutique\/product\/tonivet-chaton\/#primaryimage"},"image":{"@id":"https:\/\/www.vetorino.com\/boutique\/product\/tonivet-chaton\/#primaryimage"},"thumbnailUrl":"https:\/\/www.vetorino.com\/boutique\/wp-content\/uploads\/2020\/11\/tonivet-chaton-poulet-2.webp","datePublished":"2020-11-26T23:54:06+00:00","dateModified":"2025-07-02T03:35:47+00:00","description":"TONIVET CHATON apporte tous les nutriments n\u00e9cessaires \u00e0 la croissance du chaton gr\u00e2ce \u00e0 un apport \u00e9nerg\u00e9tique prot\u00e9ique optimal et poss\u00e8de une taille adapt\u00e9e \u00e0 leur morphologie. Il contribue \u00e0 une digestion optimale et aide au bon \u00e9quilibre de la flore intestinale. D\u00e8s le plus jeune \u00e2ge il favorisera le soutien articulaire (glucosamine, chondro\u00eftine, om\u00e9ga 3), le pelage brillant (acides amin\u00e9s soufr\u00e9s) et le confort urinaire (artichaut, ch\u00e9lateurs, apport min\u00e9ral contr\u00f4l\u00e9). Cet aliment convient parfaitement \u00e0 la chatte en gestation ou en lactation. R\u00e9pond aux besoins du chat st\u00e9rilis\u00e9.","breadcrumb":{"@id":"https:\/\/www.vetorino.com\/boutique\/product\/tonivet-chaton\/#breadcrumb"},"inLanguage":"fr-FR","potentialAction":[{"@type":"ReadAction","target":["https:\/\/www.vetorino.com\/boutique\/product\/tonivet-chaton\/"]}]},{"@type":"ImageObject","inLanguage":"fr-FR","@id":"https:\/\/www.vetorino.com\/boutique\/product\/tonivet-chaton\/#primaryimage","url":"https:\/\/www.vetorino.com\/boutique\/wp-content\/uploads\/2020\/11\/tonivet-chaton-poulet-2.webp","contentUrl":"https:\/\/www.vetorino.com\/boutique\/wp-content\/uploads\/2020\/11\/tonivet-chaton-poulet-2.webp","width":800,"height":800},{"@type":"BreadcrumbList","@id":"https:\/\/www.vetorino.com\/boutique\/product\/tonivet-chaton\/#breadcrumb","itemListElement":[{"@type":"ListItem","position":1,"name":"Accueil","item":"https:\/\/www.vetorino.com\/boutique\/"},{"@type":"ListItem","position":2,"name":"Produits","item":"https:\/\/www.vetorino.com\/boutique\/"},{"@type":"ListItem","position":3,"name":"Chaton Poulet"}]},{"@type":"WebSite","@id":"https:\/\/www.vetorino.com\/boutique\/#website","url":"https:\/\/www.vetorino.com\/boutique\/","name":"V\u00e9torino","description":"","publisher":{"@id":"https:\/\/www.vetorino.com\/boutique\/#organization"},"potentialAction":[{"@type":"SearchAction","target":{"@type":"EntryPoint","urlTemplate":"https:\/\/www.vetorino.com\/boutique\/?s={search_term_string}"},"query-input":{"@type":"PropertyValueSpecification","valueRequired":true,"valueName":"search_term_string"}}],"inLanguage":"fr-FR"},{"@type":"Organization","@id":"https:\/\/www.vetorino.com\/boutique\/#organization","name":"V\u00e9torino","url":"https:\/\/www.vetorino.com\/boutique\/","logo":{"@type":"ImageObject","inLanguage":"fr-FR","@id":"https:\/\/www.vetorino.com\/boutique\/#\/schema\/logo\/image\/","url":"https:\/\/www.vetorino.com\/boutique\/wp-content\/uploads\/2024\/10\/logo.jpg","contentUrl":"https:\/\/www.vetorino.com\/boutique\/wp-content\/uploads\/2024\/10\/logo.jpg","width":1200,"height":610,"caption":"V\u00e9torino"},"image":{"@id":"https:\/\/www.vetorino.com\/boutique\/#\/schema\/logo\/image\/"},"sameAs":["https:\/\/www.facebook.com\/Vetorino\/","https:\/\/www.instagram.com\/vetorino_off\/","https:\/\/www.linkedin.com\/company\/vtorino\/"]}]},"product_brand":"Tonivet","og_availability":"instock","product_availability":"instock","product_condition":"new"},"_links":{"self":[{"href":"https:\/\/www.vetorino.com\/veterinaire\/prunelli-di-fiumorbo-20243\/boutique\/wp-json\/wp\/v2\/product\/131536","targetHints":{"allow":["GET"]}}],"collection":[{"href":"https:\/\/www.vetorino.com\/veterinaire\/prunelli-di-fiumorbo-20243\/boutique\/wp-json\/wp\/v2\/product"}],"about":[{"href":"https:\/\/www.vetorino.com\/veterinaire\/prunelli-di-fiumorbo-20243\/boutique\/wp-json\/wp\/v2\/types\/product"}],"wp:featuredmedia":[{"embeddable":true,"href":"https:\/\/www.vetorino.com\/veterinaire\/prunelli-di-fiumorbo-20243\/boutique\/wp-json\/wp\/v2\/media\/1371741"}],"wp:attachment":[{"href":"https:\/\/www.vetorino.com\/veterinaire\/prunelli-di-fiumorbo-20243\/boutique\/wp-json\/wp\/v2\/media?parent=131536"}],"wp:term":[{"taxonomy":"product_cat","embeddable":true,"href":"https:\/\/www.vetorino.com\/veterinaire\/prunelli-di-fiumorbo-20243\/boutique\/wp-json\/wp\/v2\/product_cat?post=131536"},{"taxonomy":"product_tag","embeddable":true,"href":"https:\/\/www.vetorino.com\/veterinaire\/prunelli-di-fiumorbo-20243\/boutique\/wp-json\/wp\/v2\/product_tag?post=131536"}],"curies":[{"name":"wp","href":"https:\/\/api.w.org\/{rel}","templated":true}]}}