{"id":132622,"date":"2020-11-27T04:37:41","date_gmt":"2020-11-27T03:37:41","guid":{"rendered":"https:\/\/www.vetorino.com\/boutique\/product\/proplan-cat-junior-poulet-boite\/"},"modified":"2025-11-12T12:09:17","modified_gmt":"2025-11-12T11:09:17","slug":"proplan-cat-junior-poulet-boite","status":"publish","type":"product","link":"https:\/\/www.vetorino.com\/veterinaire\/prunelli-di-fiumorbo-20243\/boutique\/product\/proplan-cat-junior-poulet-boite\/","title":{"rendered":"Kitten Mousse Poulet &#8211; chaton"},"content":{"rendered":"<p><strong>Proplan Purina Cat Kitten Poulet <\/strong>est un aliment complet pour chatons. Faites plaisir \u00e0 votre chat en lui offrant un repas \u00e0 la fois d\u00e9licieux et nourrissant. Mousse Riche En Poulet.<\/p>\n<p><strong>Utilisation :<\/strong><\/p>\n<ul>\n<li>Chaton en pleine croissance<\/li>\n<\/ul>\n<p><strong>Bienfaits essentiels :<\/strong><\/p>\n<ul>\n<li><strong>Mousse riche en poulet et texture moelleuse<\/strong>, tr\u00e8s facile \u00e0 mastiquer pour votre chaton.<\/li>\n<li>Association d\u2019antioxydants puissants, d\u2019acides gras essentiels et de min\u00e9raux pour <strong>aider \u00e0 renforcer les d\u00e9fenses naturelles.\u00a0<\/strong><\/li>\n<li>Teneur \u00e9lev\u00e9e en prot\u00e9ines, \u00e9nergie et vitamines <strong>pour une croissance optimale<\/strong>.<\/li>\n<li>Poulet de haute qualit\u00e9 et prot\u00e9ines de poisson : <strong>hautement digestible<\/strong>.<\/li>\n<li>Teneurs \u00e9lev\u00e9es en vitamine E et zinc pour une<strong> protection optimale<\/strong>.<\/li>\n<li>Contient du DHA (nutriment pr\u00e9sent dans le lait maternel) <strong>pour le d\u00e9veloppement du cerveau et de la vue du chaton.<\/strong><\/li>\n<\/ul>\n","protected":false},"excerpt":{"rendered":"<p><strong>Proplan Purina Cat Kitten Poulet <\/strong>est un aliment complet pour chatons. Faites plaisir \u00e0 votre chat en lui offrant un repas \u00e0 la fois d\u00e9licieux et nourrissant. Mousse Riche En Poulet.<\/p>\n<p><strong>Utilisation :<\/strong><\/p>\n<ul>\n<li>Chaton en pleine croissance<\/li>\n<\/ul>\n","protected":false},"featured_media":809342,"template":"","meta":[],"product_cat":[12551,12583,2697],"product_tag":[],"class_list":{"0":"post-132622","1":"product","2":"type-product","3":"status-publish","4":"has-post-thumbnail","6":"product_cat-alimentation-du-chat","7":"product_cat-alimentation-premium-pour-chat","8":"product_cat-chat","9":"pa_marque-purina","11":"first","12":"instock","13":"taxable","14":"shipping-taxable","15":"purchasable","16":"product-type-variable"},"yoast_head":"<!-- This site is optimized with the Yoast SEO plugin v27.3 - https:\/\/yoast.com\/product\/yoast-seo-wordpress\/ -->\n<title>Proplan Kitten Mousse Poulet - chaton Purina Pro Plan - V\u00e9torino<\/title>\n<meta name=\"description\" content=\"Proplan Purina Cat Kitten Poulet est un aliment complet pour chatons. Faites plaisir \u00e0 votre chat en lui offrant un repas \u00e0 la fois d\u00e9licieux et nourrissant. Mousse Riche En Poulet.  Utilisation :   Chaton en pleine croissance\" \/>\n<meta name=\"robots\" content=\"noindex, nofollow\" \/>\n<meta property=\"og:locale\" content=\"fr_FR\" \/>\n<meta property=\"og:type\" content=\"article\" \/>\n<meta property=\"og:title\" content=\"Proplan Kitten Mousse Poulet - chaton Purina Pro Plan - V\u00e9torino\" \/>\n<meta property=\"og:description\" content=\"Proplan Purina Cat Kitten Poulet est un aliment complet pour chatons. Faites plaisir \u00e0 votre chat en lui offrant un repas \u00e0 la fois d\u00e9licieux et nourrissant. Mousse Riche En Poulet.  Utilisation :   Chaton en pleine croissance\" \/>\n<meta property=\"og:url\" content=\"https:\/\/www.vetorino.com\/veterinaire\/prunelli-di-fiumorbo-20243\/boutique\/product\/proplan-cat-junior-poulet-boite\/\" \/>\n<meta property=\"og:site_name\" content=\"V\u00e9torino\" \/>\n<meta property=\"article:publisher\" content=\"https:\/\/www.facebook.com\/Vetorino\/\" \/>\n<meta property=\"article:modified_time\" content=\"2025-11-12T11:09:17+00:00\" \/>\n<meta property=\"og:image\" content=\"https:\/\/www.vetorino.com\/boutique\/wp-content\/uploads\/2020\/11\/2_6.jpg\" \/>\n\t<meta property=\"og:image:width\" content=\"380\" \/>\n\t<meta property=\"og:image:height\" content=\"380\" \/>\n\t<meta property=\"og:image:type\" content=\"image\/jpeg\" \/>\n<meta name=\"twitter:card\" content=\"summary_large_image\" \/>\n<meta name=\"twitter:label1\" content=\"Disponibilit\u00e9\" \/>\n\t<meta name=\"twitter:data1\" content=\"En stock\" \/>\n<script type=\"application\/ld+json\" class=\"yoast-schema-graph\">{\"@context\":\"https:\\\/\\\/schema.org\",\"@graph\":[{\"@type\":\"WebPage\",\"@id\":\"https:\\\/\\\/www.vetorino.com\\\/veterinaire\\\/briancon-05100\\\/boutique\\\/product\\\/proplan-cat-junior-poulet-boite\\\/\",\"url\":\"https:\\\/\\\/www.vetorino.com\\\/veterinaire\\\/briancon-05100\\\/boutique\\\/product\\\/proplan-cat-junior-poulet-boite\\\/\",\"name\":\"Proplan Kitten Mousse Poulet - chaton Purina Pro Plan - V\u00e9torino\",\"isPartOf\":{\"@id\":\"https:\\\/\\\/www.vetorino.com\\\/boutique\\\/#website\"},\"primaryImageOfPage\":{\"@id\":\"https:\\\/\\\/www.vetorino.com\\\/veterinaire\\\/briancon-05100\\\/boutique\\\/product\\\/proplan-cat-junior-poulet-boite\\\/#primaryimage\"},\"image\":{\"@id\":\"https:\\\/\\\/www.vetorino.com\\\/veterinaire\\\/briancon-05100\\\/boutique\\\/product\\\/proplan-cat-junior-poulet-boite\\\/#primaryimage\"},\"thumbnailUrl\":\"https:\\\/\\\/www.vetorino.com\\\/boutique\\\/wp-content\\\/uploads\\\/2020\\\/11\\\/2_6.jpg\",\"datePublished\":\"2020-11-27T03:37:41+00:00\",\"dateModified\":\"2025-11-12T11:09:17+00:00\",\"description\":\"Proplan Purina Cat Kitten Poulet est un aliment complet pour chatons. Faites plaisir \u00e0 votre chat en lui offrant un repas \u00e0 la fois d\u00e9licieux et nourrissant. Mousse Riche En Poulet. Utilisation : Chaton en pleine croissance\",\"breadcrumb\":{\"@id\":\"https:\\\/\\\/www.vetorino.com\\\/veterinaire\\\/briancon-05100\\\/boutique\\\/product\\\/proplan-cat-junior-poulet-boite\\\/#breadcrumb\"},\"inLanguage\":\"fr-FR\",\"potentialAction\":[{\"@type\":\"ReadAction\",\"target\":[\"https:\\\/\\\/www.vetorino.com\\\/veterinaire\\\/briancon-05100\\\/boutique\\\/product\\\/proplan-cat-junior-poulet-boite\\\/\"]}]},{\"@type\":\"ImageObject\",\"inLanguage\":\"fr-FR\",\"@id\":\"https:\\\/\\\/www.vetorino.com\\\/veterinaire\\\/briancon-05100\\\/boutique\\\/product\\\/proplan-cat-junior-poulet-boite\\\/#primaryimage\",\"url\":\"https:\\\/\\\/www.vetorino.com\\\/boutique\\\/wp-content\\\/uploads\\\/2020\\\/11\\\/2_6.jpg\",\"contentUrl\":\"https:\\\/\\\/www.vetorino.com\\\/boutique\\\/wp-content\\\/uploads\\\/2020\\\/11\\\/2_6.jpg\",\"width\":380,\"height\":380},{\"@type\":\"BreadcrumbList\",\"@id\":\"https:\\\/\\\/www.vetorino.com\\\/veterinaire\\\/briancon-05100\\\/boutique\\\/product\\\/proplan-cat-junior-poulet-boite\\\/#breadcrumb\",\"itemListElement\":[{\"@type\":\"ListItem\",\"position\":1,\"name\":\"Accueil\",\"item\":\"https:\\\/\\\/www.vetorino.com\\\/boutique\\\/\"},{\"@type\":\"ListItem\",\"position\":2,\"name\":\"Produits\",\"item\":\"https:\\\/\\\/www.vetorino.com\\\/boutique\\\/\"},{\"@type\":\"ListItem\",\"position\":3,\"name\":\"Kitten Mousse Poulet &#8211; chaton\"}]},{\"@type\":\"WebSite\",\"@id\":\"https:\\\/\\\/www.vetorino.com\\\/boutique\\\/#website\",\"url\":\"https:\\\/\\\/www.vetorino.com\\\/boutique\\\/\",\"name\":\"V\u00e9torino\",\"description\":\"\",\"publisher\":{\"@id\":\"https:\\\/\\\/www.vetorino.com\\\/boutique\\\/#organization\"},\"potentialAction\":[{\"@type\":\"SearchAction\",\"target\":{\"@type\":\"EntryPoint\",\"urlTemplate\":\"https:\\\/\\\/www.vetorino.com\\\/boutique\\\/?s={search_term_string}\"},\"query-input\":{\"@type\":\"PropertyValueSpecification\",\"valueRequired\":true,\"valueName\":\"search_term_string\"}}],\"inLanguage\":\"fr-FR\"},{\"@type\":\"Organization\",\"@id\":\"https:\\\/\\\/www.vetorino.com\\\/boutique\\\/#organization\",\"name\":\"V\u00e9torino\",\"url\":\"https:\\\/\\\/www.vetorino.com\\\/boutique\\\/\",\"logo\":{\"@type\":\"ImageObject\",\"inLanguage\":\"fr-FR\",\"@id\":\"https:\\\/\\\/www.vetorino.com\\\/boutique\\\/#\\\/schema\\\/logo\\\/image\\\/\",\"url\":\"https:\\\/\\\/www.vetorino.com\\\/boutique\\\/wp-content\\\/uploads\\\/2024\\\/10\\\/logo.jpg\",\"contentUrl\":\"https:\\\/\\\/www.vetorino.com\\\/boutique\\\/wp-content\\\/uploads\\\/2024\\\/10\\\/logo.jpg\",\"width\":1200,\"height\":610,\"caption\":\"V\u00e9torino\"},\"image\":{\"@id\":\"https:\\\/\\\/www.vetorino.com\\\/boutique\\\/#\\\/schema\\\/logo\\\/image\\\/\"},\"sameAs\":[\"https:\\\/\\\/www.facebook.com\\\/Vetorino\\\/\",\"https:\\\/\\\/www.instagram.com\\\/vetorino_off\\\/\",\"https:\\\/\\\/www.linkedin.com\\\/company\\\/vtorino\\\/\"]}]}<\/script>\n<meta property=\"product:brand\" content=\"Purina Pro Plan\" \/>\n<meta property=\"og:availability\" content=\"instock\" \/>\n<meta property=\"product:availability\" content=\"instock\" \/>\n<meta property=\"product:condition\" content=\"new\" \/>\n<!-- \/ Yoast SEO plugin. -->","yoast_head_json":{"title":"Proplan Kitten Mousse Poulet - chaton Purina Pro Plan - V\u00e9torino","description":"Proplan Purina Cat Kitten Poulet est un aliment complet pour chatons. Faites plaisir \u00e0 votre chat en lui offrant un repas \u00e0 la fois d\u00e9licieux et nourrissant. Mousse Riche En Poulet.  Utilisation :   Chaton en pleine croissance","robots":{"index":"noindex","follow":"nofollow"},"og_locale":"fr_FR","og_type":"article","og_title":"Proplan Kitten Mousse Poulet - chaton Purina Pro Plan - V\u00e9torino","og_description":"Proplan Purina Cat Kitten Poulet est un aliment complet pour chatons. Faites plaisir \u00e0 votre chat en lui offrant un repas \u00e0 la fois d\u00e9licieux et nourrissant. Mousse Riche En Poulet.  Utilisation :   Chaton en pleine croissance","og_url":"https:\/\/www.vetorino.com\/veterinaire\/prunelli-di-fiumorbo-20243\/boutique\/product\/proplan-cat-junior-poulet-boite\/","og_site_name":"V\u00e9torino","article_publisher":"https:\/\/www.facebook.com\/Vetorino\/","article_modified_time":"2025-11-12T11:09:17+00:00","og_image":[{"width":380,"height":380,"url":"https:\/\/www.vetorino.com\/boutique\/wp-content\/uploads\/2020\/11\/2_6.jpg","type":"image\/jpeg"}],"twitter_card":"summary_large_image","twitter_misc":{"Disponibilit\u00e9":"En stock"},"schema":{"@context":"https:\/\/schema.org","@graph":[{"@type":"WebPage","@id":"https:\/\/www.vetorino.com\/veterinaire\/briancon-05100\/boutique\/product\/proplan-cat-junior-poulet-boite\/","url":"https:\/\/www.vetorino.com\/veterinaire\/briancon-05100\/boutique\/product\/proplan-cat-junior-poulet-boite\/","name":"Proplan Kitten Mousse Poulet - chaton Purina Pro Plan - V\u00e9torino","isPartOf":{"@id":"https:\/\/www.vetorino.com\/boutique\/#website"},"primaryImageOfPage":{"@id":"https:\/\/www.vetorino.com\/veterinaire\/briancon-05100\/boutique\/product\/proplan-cat-junior-poulet-boite\/#primaryimage"},"image":{"@id":"https:\/\/www.vetorino.com\/veterinaire\/briancon-05100\/boutique\/product\/proplan-cat-junior-poulet-boite\/#primaryimage"},"thumbnailUrl":"https:\/\/www.vetorino.com\/boutique\/wp-content\/uploads\/2020\/11\/2_6.jpg","datePublished":"2020-11-27T03:37:41+00:00","dateModified":"2025-11-12T11:09:17+00:00","description":"Proplan Purina Cat Kitten Poulet est un aliment complet pour chatons. Faites plaisir \u00e0 votre chat en lui offrant un repas \u00e0 la fois d\u00e9licieux et nourrissant. Mousse Riche En Poulet. Utilisation : Chaton en pleine croissance","breadcrumb":{"@id":"https:\/\/www.vetorino.com\/veterinaire\/briancon-05100\/boutique\/product\/proplan-cat-junior-poulet-boite\/#breadcrumb"},"inLanguage":"fr-FR","potentialAction":[{"@type":"ReadAction","target":["https:\/\/www.vetorino.com\/veterinaire\/briancon-05100\/boutique\/product\/proplan-cat-junior-poulet-boite\/"]}]},{"@type":"ImageObject","inLanguage":"fr-FR","@id":"https:\/\/www.vetorino.com\/veterinaire\/briancon-05100\/boutique\/product\/proplan-cat-junior-poulet-boite\/#primaryimage","url":"https:\/\/www.vetorino.com\/boutique\/wp-content\/uploads\/2020\/11\/2_6.jpg","contentUrl":"https:\/\/www.vetorino.com\/boutique\/wp-content\/uploads\/2020\/11\/2_6.jpg","width":380,"height":380},{"@type":"BreadcrumbList","@id":"https:\/\/www.vetorino.com\/veterinaire\/briancon-05100\/boutique\/product\/proplan-cat-junior-poulet-boite\/#breadcrumb","itemListElement":[{"@type":"ListItem","position":1,"name":"Accueil","item":"https:\/\/www.vetorino.com\/boutique\/"},{"@type":"ListItem","position":2,"name":"Produits","item":"https:\/\/www.vetorino.com\/boutique\/"},{"@type":"ListItem","position":3,"name":"Kitten Mousse Poulet &#8211; chaton"}]},{"@type":"WebSite","@id":"https:\/\/www.vetorino.com\/boutique\/#website","url":"https:\/\/www.vetorino.com\/boutique\/","name":"V\u00e9torino","description":"","publisher":{"@id":"https:\/\/www.vetorino.com\/boutique\/#organization"},"potentialAction":[{"@type":"SearchAction","target":{"@type":"EntryPoint","urlTemplate":"https:\/\/www.vetorino.com\/boutique\/?s={search_term_string}"},"query-input":{"@type":"PropertyValueSpecification","valueRequired":true,"valueName":"search_term_string"}}],"inLanguage":"fr-FR"},{"@type":"Organization","@id":"https:\/\/www.vetorino.com\/boutique\/#organization","name":"V\u00e9torino","url":"https:\/\/www.vetorino.com\/boutique\/","logo":{"@type":"ImageObject","inLanguage":"fr-FR","@id":"https:\/\/www.vetorino.com\/boutique\/#\/schema\/logo\/image\/","url":"https:\/\/www.vetorino.com\/boutique\/wp-content\/uploads\/2024\/10\/logo.jpg","contentUrl":"https:\/\/www.vetorino.com\/boutique\/wp-content\/uploads\/2024\/10\/logo.jpg","width":1200,"height":610,"caption":"V\u00e9torino"},"image":{"@id":"https:\/\/www.vetorino.com\/boutique\/#\/schema\/logo\/image\/"},"sameAs":["https:\/\/www.facebook.com\/Vetorino\/","https:\/\/www.instagram.com\/vetorino_off\/","https:\/\/www.linkedin.com\/company\/vtorino\/"]}]},"product_brand":"Purina Pro Plan","og_availability":"instock","product_availability":"instock","product_condition":"new"},"_links":{"self":[{"href":"https:\/\/www.vetorino.com\/veterinaire\/prunelli-di-fiumorbo-20243\/boutique\/wp-json\/wp\/v2\/product\/132622","targetHints":{"allow":["GET"]}}],"collection":[{"href":"https:\/\/www.vetorino.com\/veterinaire\/prunelli-di-fiumorbo-20243\/boutique\/wp-json\/wp\/v2\/product"}],"about":[{"href":"https:\/\/www.vetorino.com\/veterinaire\/prunelli-di-fiumorbo-20243\/boutique\/wp-json\/wp\/v2\/types\/product"}],"wp:featuredmedia":[{"embeddable":true,"href":"https:\/\/www.vetorino.com\/veterinaire\/prunelli-di-fiumorbo-20243\/boutique\/wp-json\/wp\/v2\/media\/809342"}],"wp:attachment":[{"href":"https:\/\/www.vetorino.com\/veterinaire\/prunelli-di-fiumorbo-20243\/boutique\/wp-json\/wp\/v2\/media?parent=132622"}],"wp:term":[{"taxonomy":"product_cat","embeddable":true,"href":"https:\/\/www.vetorino.com\/veterinaire\/prunelli-di-fiumorbo-20243\/boutique\/wp-json\/wp\/v2\/product_cat?post=132622"},{"taxonomy":"product_tag","embeddable":true,"href":"https:\/\/www.vetorino.com\/veterinaire\/prunelli-di-fiumorbo-20243\/boutique\/wp-json\/wp\/v2\/product_tag?post=132622"}],"curies":[{"name":"wp","href":"https:\/\/api.w.org\/{rel}","templated":true}]}}