{"id":1359447,"date":"2025-06-05T05:35:06","date_gmt":"2025-06-05T03:35:06","guid":{"rendered":"https:\/\/www.vetorino.com\/boutique\/product\/advance-chien-snack-dental-care-medium-maxi\/"},"modified":"2025-11-18T11:48:38","modified_gmt":"2025-11-18T10:48:38","slug":"advance-chien-snack-dental-care-medium-maxi","status":"publish","type":"product","link":"https:\/\/www.vetorino.com\/veterinaire\/prunelli-di-fiumorbo-20243\/boutique\/product\/advance-chien-snack-dental-care-medium-maxi\/","title":{"rendered":"Chien Snack Dental Care Medium Maxi"},"content":{"rendered":"<p>L&#8217;aliment compl\u00e9mentaire Advance\u00a0Dental Care Stick Medium\/Maxi se pr\u00e9sente sous forme de friandise et a \u00e9t\u00e9 <strong>sp\u00e9cialement con\u00e7u pour soutenir l&#8217;hygi\u00e8ne dentaire de votre chien au quotidien.<\/strong><\/p>\n<p>Ainsi, prendre soin des dents de votre petit compagnon est non seulement <strong>agr\u00e9able pour lui<\/strong>, mais aussi\u00a0<strong>particuli\u00e8rement savoureux<\/strong>. Les friandises Dental Care Stick ont \u00e9t\u00e9 \u00e9labor\u00e9es pour les chiens adultes de taille moyenne \u00e0 grande.<\/p>\n<p>Gr\u00e2ce \u00e0 leur composition et \u00e0 leur texture particuli\u00e8res, ces b\u00e2tonnets \u00e0 m\u00e2cher contribuent \u00e0 r\u00e9duire la plaque dentaire et la formation de tartre. La pr\u00e9sence de<strong>\u00a0rainures\u00a0<\/strong>sur ces friandises contribue \u00e0 nettoyer m\u00e9caniquement les dents de votre chien. En plus d&#8217;aider au nettoyage des dents, les friandises Advance Dental Care Stick Medium\/Maxi contribuent \u00e0 une\u00a0<b>haleine fra\u00eeche<\/b>.<\/p>\n<p><b>Caract\u00e9ristiques des b\u00e2tonnets Advance Dental Stick Medium\/Maxi pour chien :<\/b><\/p>\n<ul>\n<li>Friandises fonctionnelles pour chien adulte de taille moyenne \u00e0 grande<\/li>\n<li><strong>Contribuent \u00e0 l&#8217;hygi\u00e8ne dentaire<\/strong>\u00a0: aident \u00e0 r\u00e9duire\u00a0 la plaque dentaire<\/li>\n<li><strong>Forme adapt\u00e9e<\/strong>\u00a0: b\u00e2tonnets avec des rainures, encouragent les\u00a0chiens \u00e0 mastiquer\u00a0davantage<\/li>\n<li><b>Effet nettoyant :<\/b>\u00a0contribuent \u00e0\u00a0\u00e9liminer les restes de nourriture des dents, aident \u00e0 r\u00e9duire la formation de tartre<\/li>\n<li><b>Haleine fra\u00eeche <\/b>: ingr\u00e9dients soigneusement s\u00e9lectionn\u00e9s pour contribuer \u00e0 l&#8217;hygi\u00e8ne bucco-dentaire<\/li>\n<li><strong>Go\u00fbt savoureux <\/strong>: savoureux b\u00e2tonnets \u00e0 m\u00e2cher<\/li>\n<li><b>Utilisation quotidienne : <\/b>peuvent \u00eatre administr\u00e9s au quotidien, id\u00e9als \u00e0 la fin des repas<\/li>\n<\/ul>\n","protected":false},"excerpt":{"rendered":"<p>Advance Dental Care Stick <strong>aide \u00e0 am\u00e9liorer la sant\u00e9 dentaire de votre chien<\/strong> avec des r\u00e9sultats visibles en 1 mois*<\/p>\n<p>Gr\u00e2ce \u00e0 sa formule \u00e0 l&#8217;efficacit\u00e9 scientifiquement prouv\u00e9e, votre chien aura une <strong>diminution du tartre et de la plaque dentaire<\/strong>, ainsi qu&#8217;une<strong> haleine plus fra\u00eeche. <\/strong><\/p>\n<p>Il se pr\u00e9sente sous la forme d&#8217;un b\u00e2tonnet sp\u00e9cialement con\u00e7u pour permettre l&#8217;\u00e9limination des r\u00e9sidus alimentaires sur les dents.<\/p>\n<p><em>*Selon les conclusions d&#8217;une \u00e9tude scientifique: 88% des chien r\u00e9duisent la formation de tartre, 82% r\u00e9duisent l&#8217;accumulation de plaque, 65% ont une haleine plus fra\u00eeche.<\/em><\/p>\n","protected":false},"featured_media":1360343,"template":"","meta":[],"product_cat":[12552,12584,2698,12603,12610],"product_tag":[],"class_list":{"0":"post-1359447","1":"product","2":"type-product","3":"status-publish","4":"has-post-thumbnail","6":"product_cat-alimentation-du-chien","7":"product_cat-alimentation-premium-pour-chien","8":"product_cat-chien","9":"product_cat-friandises-pour-chien","10":"product_cat-hygiene-bucco-dentaire-du-chien","11":"pa_marque-advance","13":"first","14":"instock","15":"taxable","16":"shipping-taxable","17":"purchasable","18":"product-type-variable"},"yoast_head":"<!-- This site is optimized with the Yoast SEO plugin v27.3 - https:\/\/yoast.com\/product\/yoast-seo-wordpress\/ -->\n<title>Chien Snack Dental Care Medium Maxi Advance - V\u00e9torino<\/title>\n<meta name=\"description\" content=\"Advance Dental Care Stick aide \u00e0 am\u00e9liorer la sant\u00e9 dentaire de votre chien avec des r\u00e9sultats visibles en 1 mois*  Gr\u00e2ce \u00e0 sa formule \u00e0 l&#039;efficacit\u00e9 scientifiquement prouv\u00e9e, votre chien aura une diminution du tartre et de la plaque dentaire, ainsi qu&#039;une haleine plus fra\u00eeche.   Il se pr\u00e9sente sous la forme d&#039;un b\u00e2tonnet sp\u00e9cialement con\u00e7u pour permettre l&#039;\u00e9limination des r\u00e9sidus alimentaires sur les dents.  *Selon les conclusions d&#039;une \u00e9tude scientifique: 88% des chien r\u00e9duisent la formation de tartre, 82% r\u00e9duisent l&#039;accumulation de plaque, 65% ont une haleine plus fra\u00eeche.\" \/>\n<meta name=\"robots\" content=\"noindex, nofollow\" \/>\n<meta property=\"og:locale\" content=\"fr_FR\" \/>\n<meta property=\"og:type\" content=\"article\" \/>\n<meta property=\"og:title\" content=\"Chien Snack Dental Care Medium Maxi Advance - V\u00e9torino\" \/>\n<meta property=\"og:description\" content=\"Advance Dental Care Stick aide \u00e0 am\u00e9liorer la sant\u00e9 dentaire de votre chien avec des r\u00e9sultats visibles en 1 mois*  Gr\u00e2ce \u00e0 sa formule \u00e0 l&#039;efficacit\u00e9 scientifiquement prouv\u00e9e, votre chien aura une diminution du tartre et de la plaque dentaire, ainsi qu&#039;une haleine plus fra\u00eeche.   Il se pr\u00e9sente sous la forme d&#039;un b\u00e2tonnet sp\u00e9cialement con\u00e7u pour permettre l&#039;\u00e9limination des r\u00e9sidus alimentaires sur les dents.  *Selon les conclusions d&#039;une \u00e9tude scientifique: 88% des chien r\u00e9duisent la formation de tartre, 82% r\u00e9duisent l&#039;accumulation de plaque, 65% ont une haleine plus fra\u00eeche.\" \/>\n<meta property=\"og:url\" content=\"https:\/\/www.vetorino.com\/veterinaire\/prunelli-di-fiumorbo-20243\/boutique\/product\/advance-chien-snack-dental-care-medium-maxi\/\" \/>\n<meta property=\"og:site_name\" content=\"V\u00e9torino\" \/>\n<meta property=\"article:publisher\" content=\"https:\/\/www.facebook.com\/Vetorino\/\" \/>\n<meta property=\"article:modified_time\" content=\"2025-11-18T10:48:38+00:00\" \/>\n<meta property=\"og:image\" content=\"https:\/\/www.vetorino.com\/boutique\/wp-content\/uploads\/2025\/06\/76899_pla_advance_dog_dentalcare_snack_medium_720g_hs_01_6.jpg\" \/>\n\t<meta property=\"og:image:width\" content=\"800\" \/>\n\t<meta property=\"og:image:height\" content=\"800\" \/>\n\t<meta property=\"og:image:type\" content=\"image\/jpeg\" \/>\n<meta name=\"twitter:card\" content=\"summary_large_image\" \/>\n<meta name=\"twitter:label1\" content=\"Disponibilit\u00e9\" \/>\n\t<meta name=\"twitter:data1\" content=\"En stock\" \/>\n<script type=\"application\/ld+json\" class=\"yoast-schema-graph\">{\"@context\":\"https:\\\/\\\/schema.org\",\"@graph\":[{\"@type\":\"WebPage\",\"@id\":\"https:\\\/\\\/www.vetorino.com\\\/veterinaire\\\/briancon-05100\\\/boutique\\\/product\\\/advance-chien-snack-dental-care-medium-maxi\\\/\",\"url\":\"https:\\\/\\\/www.vetorino.com\\\/veterinaire\\\/briancon-05100\\\/boutique\\\/product\\\/advance-chien-snack-dental-care-medium-maxi\\\/\",\"name\":\"Chien Snack Dental Care Medium Maxi Advance - V\u00e9torino\",\"isPartOf\":{\"@id\":\"https:\\\/\\\/www.vetorino.com\\\/boutique\\\/#website\"},\"primaryImageOfPage\":{\"@id\":\"https:\\\/\\\/www.vetorino.com\\\/veterinaire\\\/briancon-05100\\\/boutique\\\/product\\\/advance-chien-snack-dental-care-medium-maxi\\\/#primaryimage\"},\"image\":{\"@id\":\"https:\\\/\\\/www.vetorino.com\\\/veterinaire\\\/briancon-05100\\\/boutique\\\/product\\\/advance-chien-snack-dental-care-medium-maxi\\\/#primaryimage\"},\"thumbnailUrl\":\"https:\\\/\\\/www.vetorino.com\\\/boutique\\\/wp-content\\\/uploads\\\/2025\\\/06\\\/76899_pla_advance_dog_dentalcare_snack_medium_720g_hs_01_6.jpg\",\"datePublished\":\"2025-06-05T03:35:06+00:00\",\"dateModified\":\"2025-11-18T10:48:38+00:00\",\"description\":\"Advance Dental Care Stick aide \u00e0 am\u00e9liorer la sant\u00e9 dentaire de votre chien avec des r\u00e9sultats visibles en 1 mois* Gr\u00e2ce \u00e0 sa formule \u00e0 l'efficacit\u00e9 scientifiquement prouv\u00e9e, votre chien aura une diminution du tartre et de la plaque dentaire, ainsi qu'une haleine plus fra\u00eeche. Il se pr\u00e9sente sous la forme d'un b\u00e2tonnet sp\u00e9cialement con\u00e7u pour permettre l'\u00e9limination des r\u00e9sidus alimentaires sur les dents. *Selon les conclusions d'une \u00e9tude scientifique: 88% des chien r\u00e9duisent la formation de tartre, 82% r\u00e9duisent l'accumulation de plaque, 65% ont une haleine plus fra\u00eeche.\",\"breadcrumb\":{\"@id\":\"https:\\\/\\\/www.vetorino.com\\\/veterinaire\\\/briancon-05100\\\/boutique\\\/product\\\/advance-chien-snack-dental-care-medium-maxi\\\/#breadcrumb\"},\"inLanguage\":\"fr-FR\",\"potentialAction\":[{\"@type\":\"ReadAction\",\"target\":[\"https:\\\/\\\/www.vetorino.com\\\/veterinaire\\\/briancon-05100\\\/boutique\\\/product\\\/advance-chien-snack-dental-care-medium-maxi\\\/\"]}]},{\"@type\":\"ImageObject\",\"inLanguage\":\"fr-FR\",\"@id\":\"https:\\\/\\\/www.vetorino.com\\\/veterinaire\\\/briancon-05100\\\/boutique\\\/product\\\/advance-chien-snack-dental-care-medium-maxi\\\/#primaryimage\",\"url\":\"https:\\\/\\\/www.vetorino.com\\\/boutique\\\/wp-content\\\/uploads\\\/2025\\\/06\\\/76899_pla_advance_dog_dentalcare_snack_medium_720g_hs_01_6.jpg\",\"contentUrl\":\"https:\\\/\\\/www.vetorino.com\\\/boutique\\\/wp-content\\\/uploads\\\/2025\\\/06\\\/76899_pla_advance_dog_dentalcare_snack_medium_720g_hs_01_6.jpg\",\"width\":800,\"height\":800},{\"@type\":\"BreadcrumbList\",\"@id\":\"https:\\\/\\\/www.vetorino.com\\\/veterinaire\\\/briancon-05100\\\/boutique\\\/product\\\/advance-chien-snack-dental-care-medium-maxi\\\/#breadcrumb\",\"itemListElement\":[{\"@type\":\"ListItem\",\"position\":1,\"name\":\"Accueil\",\"item\":\"https:\\\/\\\/www.vetorino.com\\\/boutique\\\/\"},{\"@type\":\"ListItem\",\"position\":2,\"name\":\"Produits\",\"item\":\"https:\\\/\\\/www.vetorino.com\\\/boutique\\\/\"},{\"@type\":\"ListItem\",\"position\":3,\"name\":\"Chien Snack Dental Care Medium Maxi\"}]},{\"@type\":\"WebSite\",\"@id\":\"https:\\\/\\\/www.vetorino.com\\\/boutique\\\/#website\",\"url\":\"https:\\\/\\\/www.vetorino.com\\\/boutique\\\/\",\"name\":\"V\u00e9torino\",\"description\":\"\",\"publisher\":{\"@id\":\"https:\\\/\\\/www.vetorino.com\\\/boutique\\\/#organization\"},\"potentialAction\":[{\"@type\":\"SearchAction\",\"target\":{\"@type\":\"EntryPoint\",\"urlTemplate\":\"https:\\\/\\\/www.vetorino.com\\\/boutique\\\/?s={search_term_string}\"},\"query-input\":{\"@type\":\"PropertyValueSpecification\",\"valueRequired\":true,\"valueName\":\"search_term_string\"}}],\"inLanguage\":\"fr-FR\"},{\"@type\":\"Organization\",\"@id\":\"https:\\\/\\\/www.vetorino.com\\\/boutique\\\/#organization\",\"name\":\"V\u00e9torino\",\"url\":\"https:\\\/\\\/www.vetorino.com\\\/boutique\\\/\",\"logo\":{\"@type\":\"ImageObject\",\"inLanguage\":\"fr-FR\",\"@id\":\"https:\\\/\\\/www.vetorino.com\\\/boutique\\\/#\\\/schema\\\/logo\\\/image\\\/\",\"url\":\"https:\\\/\\\/www.vetorino.com\\\/boutique\\\/wp-content\\\/uploads\\\/2024\\\/10\\\/logo.jpg\",\"contentUrl\":\"https:\\\/\\\/www.vetorino.com\\\/boutique\\\/wp-content\\\/uploads\\\/2024\\\/10\\\/logo.jpg\",\"width\":1200,\"height\":610,\"caption\":\"V\u00e9torino\"},\"image\":{\"@id\":\"https:\\\/\\\/www.vetorino.com\\\/boutique\\\/#\\\/schema\\\/logo\\\/image\\\/\"},\"sameAs\":[\"https:\\\/\\\/www.facebook.com\\\/Vetorino\\\/\",\"https:\\\/\\\/www.instagram.com\\\/vetorino_off\\\/\",\"https:\\\/\\\/www.linkedin.com\\\/company\\\/vtorino\\\/\"]}]}<\/script>\n<meta property=\"product:brand\" content=\"Advance\" \/>\n<meta property=\"og:availability\" content=\"instock\" \/>\n<meta property=\"product:availability\" content=\"instock\" \/>\n<meta property=\"product:condition\" content=\"new\" \/>\n<!-- \/ Yoast SEO plugin. -->","yoast_head_json":{"title":"Chien Snack Dental Care Medium Maxi Advance - V\u00e9torino","description":"Advance Dental Care Stick aide \u00e0 am\u00e9liorer la sant\u00e9 dentaire de votre chien avec des r\u00e9sultats visibles en 1 mois*  Gr\u00e2ce \u00e0 sa formule \u00e0 l'efficacit\u00e9 scientifiquement prouv\u00e9e, votre chien aura une diminution du tartre et de la plaque dentaire, ainsi qu'une haleine plus fra\u00eeche.   Il se pr\u00e9sente sous la forme d'un b\u00e2tonnet sp\u00e9cialement con\u00e7u pour permettre l'\u00e9limination des r\u00e9sidus alimentaires sur les dents.  *Selon les conclusions d'une \u00e9tude scientifique: 88% des chien r\u00e9duisent la formation de tartre, 82% r\u00e9duisent l'accumulation de plaque, 65% ont une haleine plus fra\u00eeche.","robots":{"index":"noindex","follow":"nofollow"},"og_locale":"fr_FR","og_type":"article","og_title":"Chien Snack Dental Care Medium Maxi Advance - V\u00e9torino","og_description":"Advance Dental Care Stick aide \u00e0 am\u00e9liorer la sant\u00e9 dentaire de votre chien avec des r\u00e9sultats visibles en 1 mois*  Gr\u00e2ce \u00e0 sa formule \u00e0 l'efficacit\u00e9 scientifiquement prouv\u00e9e, votre chien aura une diminution du tartre et de la plaque dentaire, ainsi qu'une haleine plus fra\u00eeche.   Il se pr\u00e9sente sous la forme d'un b\u00e2tonnet sp\u00e9cialement con\u00e7u pour permettre l'\u00e9limination des r\u00e9sidus alimentaires sur les dents.  *Selon les conclusions d'une \u00e9tude scientifique: 88% des chien r\u00e9duisent la formation de tartre, 82% r\u00e9duisent l'accumulation de plaque, 65% ont une haleine plus fra\u00eeche.","og_url":"https:\/\/www.vetorino.com\/veterinaire\/prunelli-di-fiumorbo-20243\/boutique\/product\/advance-chien-snack-dental-care-medium-maxi\/","og_site_name":"V\u00e9torino","article_publisher":"https:\/\/www.facebook.com\/Vetorino\/","article_modified_time":"2025-11-18T10:48:38+00:00","og_image":[{"width":800,"height":800,"url":"https:\/\/www.vetorino.com\/boutique\/wp-content\/uploads\/2025\/06\/76899_pla_advance_dog_dentalcare_snack_medium_720g_hs_01_6.jpg","type":"image\/jpeg"}],"twitter_card":"summary_large_image","twitter_misc":{"Disponibilit\u00e9":"En stock"},"schema":{"@context":"https:\/\/schema.org","@graph":[{"@type":"WebPage","@id":"https:\/\/www.vetorino.com\/veterinaire\/briancon-05100\/boutique\/product\/advance-chien-snack-dental-care-medium-maxi\/","url":"https:\/\/www.vetorino.com\/veterinaire\/briancon-05100\/boutique\/product\/advance-chien-snack-dental-care-medium-maxi\/","name":"Chien Snack Dental Care Medium Maxi Advance - V\u00e9torino","isPartOf":{"@id":"https:\/\/www.vetorino.com\/boutique\/#website"},"primaryImageOfPage":{"@id":"https:\/\/www.vetorino.com\/veterinaire\/briancon-05100\/boutique\/product\/advance-chien-snack-dental-care-medium-maxi\/#primaryimage"},"image":{"@id":"https:\/\/www.vetorino.com\/veterinaire\/briancon-05100\/boutique\/product\/advance-chien-snack-dental-care-medium-maxi\/#primaryimage"},"thumbnailUrl":"https:\/\/www.vetorino.com\/boutique\/wp-content\/uploads\/2025\/06\/76899_pla_advance_dog_dentalcare_snack_medium_720g_hs_01_6.jpg","datePublished":"2025-06-05T03:35:06+00:00","dateModified":"2025-11-18T10:48:38+00:00","description":"Advance Dental Care Stick aide \u00e0 am\u00e9liorer la sant\u00e9 dentaire de votre chien avec des r\u00e9sultats visibles en 1 mois* Gr\u00e2ce \u00e0 sa formule \u00e0 l'efficacit\u00e9 scientifiquement prouv\u00e9e, votre chien aura une diminution du tartre et de la plaque dentaire, ainsi qu'une haleine plus fra\u00eeche. Il se pr\u00e9sente sous la forme d'un b\u00e2tonnet sp\u00e9cialement con\u00e7u pour permettre l'\u00e9limination des r\u00e9sidus alimentaires sur les dents. *Selon les conclusions d'une \u00e9tude scientifique: 88% des chien r\u00e9duisent la formation de tartre, 82% r\u00e9duisent l'accumulation de plaque, 65% ont une haleine plus fra\u00eeche.","breadcrumb":{"@id":"https:\/\/www.vetorino.com\/veterinaire\/briancon-05100\/boutique\/product\/advance-chien-snack-dental-care-medium-maxi\/#breadcrumb"},"inLanguage":"fr-FR","potentialAction":[{"@type":"ReadAction","target":["https:\/\/www.vetorino.com\/veterinaire\/briancon-05100\/boutique\/product\/advance-chien-snack-dental-care-medium-maxi\/"]}]},{"@type":"ImageObject","inLanguage":"fr-FR","@id":"https:\/\/www.vetorino.com\/veterinaire\/briancon-05100\/boutique\/product\/advance-chien-snack-dental-care-medium-maxi\/#primaryimage","url":"https:\/\/www.vetorino.com\/boutique\/wp-content\/uploads\/2025\/06\/76899_pla_advance_dog_dentalcare_snack_medium_720g_hs_01_6.jpg","contentUrl":"https:\/\/www.vetorino.com\/boutique\/wp-content\/uploads\/2025\/06\/76899_pla_advance_dog_dentalcare_snack_medium_720g_hs_01_6.jpg","width":800,"height":800},{"@type":"BreadcrumbList","@id":"https:\/\/www.vetorino.com\/veterinaire\/briancon-05100\/boutique\/product\/advance-chien-snack-dental-care-medium-maxi\/#breadcrumb","itemListElement":[{"@type":"ListItem","position":1,"name":"Accueil","item":"https:\/\/www.vetorino.com\/boutique\/"},{"@type":"ListItem","position":2,"name":"Produits","item":"https:\/\/www.vetorino.com\/boutique\/"},{"@type":"ListItem","position":3,"name":"Chien Snack Dental Care Medium Maxi"}]},{"@type":"WebSite","@id":"https:\/\/www.vetorino.com\/boutique\/#website","url":"https:\/\/www.vetorino.com\/boutique\/","name":"V\u00e9torino","description":"","publisher":{"@id":"https:\/\/www.vetorino.com\/boutique\/#organization"},"potentialAction":[{"@type":"SearchAction","target":{"@type":"EntryPoint","urlTemplate":"https:\/\/www.vetorino.com\/boutique\/?s={search_term_string}"},"query-input":{"@type":"PropertyValueSpecification","valueRequired":true,"valueName":"search_term_string"}}],"inLanguage":"fr-FR"},{"@type":"Organization","@id":"https:\/\/www.vetorino.com\/boutique\/#organization","name":"V\u00e9torino","url":"https:\/\/www.vetorino.com\/boutique\/","logo":{"@type":"ImageObject","inLanguage":"fr-FR","@id":"https:\/\/www.vetorino.com\/boutique\/#\/schema\/logo\/image\/","url":"https:\/\/www.vetorino.com\/boutique\/wp-content\/uploads\/2024\/10\/logo.jpg","contentUrl":"https:\/\/www.vetorino.com\/boutique\/wp-content\/uploads\/2024\/10\/logo.jpg","width":1200,"height":610,"caption":"V\u00e9torino"},"image":{"@id":"https:\/\/www.vetorino.com\/boutique\/#\/schema\/logo\/image\/"},"sameAs":["https:\/\/www.facebook.com\/Vetorino\/","https:\/\/www.instagram.com\/vetorino_off\/","https:\/\/www.linkedin.com\/company\/vtorino\/"]}]},"product_brand":"Advance","og_availability":"instock","product_availability":"instock","product_condition":"new"},"_links":{"self":[{"href":"https:\/\/www.vetorino.com\/veterinaire\/prunelli-di-fiumorbo-20243\/boutique\/wp-json\/wp\/v2\/product\/1359447","targetHints":{"allow":["GET"]}}],"collection":[{"href":"https:\/\/www.vetorino.com\/veterinaire\/prunelli-di-fiumorbo-20243\/boutique\/wp-json\/wp\/v2\/product"}],"about":[{"href":"https:\/\/www.vetorino.com\/veterinaire\/prunelli-di-fiumorbo-20243\/boutique\/wp-json\/wp\/v2\/types\/product"}],"wp:featuredmedia":[{"embeddable":true,"href":"https:\/\/www.vetorino.com\/veterinaire\/prunelli-di-fiumorbo-20243\/boutique\/wp-json\/wp\/v2\/media\/1360343"}],"wp:attachment":[{"href":"https:\/\/www.vetorino.com\/veterinaire\/prunelli-di-fiumorbo-20243\/boutique\/wp-json\/wp\/v2\/media?parent=1359447"}],"wp:term":[{"taxonomy":"product_cat","embeddable":true,"href":"https:\/\/www.vetorino.com\/veterinaire\/prunelli-di-fiumorbo-20243\/boutique\/wp-json\/wp\/v2\/product_cat?post=1359447"},{"taxonomy":"product_tag","embeddable":true,"href":"https:\/\/www.vetorino.com\/veterinaire\/prunelli-di-fiumorbo-20243\/boutique\/wp-json\/wp\/v2\/product_tag?post=1359447"}],"curies":[{"name":"wp","href":"https:\/\/api.w.org\/{rel}","templated":true}]}}