{"id":1359455,"date":"2025-06-05T05:35:11","date_gmt":"2025-06-05T03:35:11","guid":{"rendered":"https:\/\/www.vetorino.com\/boutique\/product\/advance-chien-snack-puppy\/"},"modified":"2025-12-02T11:29:31","modified_gmt":"2025-12-02T10:29:31","slug":"advance-chien-snack-puppy","status":"publish","type":"product","link":"https:\/\/www.vetorino.com\/veterinaire\/prunelli-di-fiumorbo-20243\/boutique\/product\/advance-chien-snack-puppy\/","title":{"rendered":"Chien Snack Puppy"},"content":{"rendered":"<p>Les friandises Advance Puppy Snack sont<strong> id\u00e9ales pour combler les petits creux de votre animal<\/strong> lors de ses prochaines aventures. La forme et la taille de ces biscuits <strong>moelleux\u00a0<\/strong>sont adapt\u00e9es \u00e0 la m\u00e2choire des chiens en pleine croissance et leur apportent de pr\u00e9cieux nutriments.<\/p>\n<p>Ces friandises en forme d&#8217;os contiennent des\u00a0<strong>pr\u00e9biotiques essentiels issus de l&#8217;inuline<\/strong>, qui peuvent contribuer \u00e0 une digestion optimale. Elles fournissent \u00e9galement des\u00a0<strong>acides gras essentiels om\u00e9ga-3 DHA<\/strong>, qui peuvent contribuer \u00e0 ce que les capacit\u00e9s cognitives et les fonctions c\u00e9r\u00e9brales de votre chiot se d\u00e9veloppent normalement.\u00a0Enfin, les friandises\u00a0Advance Puppy Snack plaisent \u00e0 de nombreux chiots gr\u00e2ce \u00e0 leur go\u00fbt savoureux.<br \/>\n<b>Caract\u00e9ristiques :<\/b><\/p>\n<ul>\n<li>Friandises savoureuses pour les chiots de 3 \u00e0 18 mois.<\/li>\n<li><strong>Formule BabyProtect<\/strong>\n<ul>\n<li><strong>Nucl\u00e9otides <\/strong>: aident \u00e0 soutenir les d\u00e9fenses naturelles de l&#8217;organisme.<\/li>\n<li><strong>Acides gras om\u00e9ga-3 DHA <\/strong>: contribuent au d\u00e9veloppement normal des fonctions c\u00e9r\u00e9brales et cognitives.<\/li>\n<li><strong>\u00c9quilibre de la flore intestinale <\/strong>: les pr\u00e9biotiques issus de l&#8217;inuline peuvent \u00eatre b\u00e9n\u00e9fiques pour la flore intestinale et la digestion.<\/li>\n<\/ul>\n<\/li>\n<li><b>D\u00e9licieuses :<\/b> recette au go\u00fbt irr\u00e9sistible qui assure une haute app\u00e9tence chez les chiots.<\/li>\n<li><b>Moelleuses <\/b>: texture l\u00e9g\u00e8re et d\u00e9licate.<\/li>\n<li><b>Forme adapt\u00e9e :<\/b> petites friandises en forme d&#8217;os, sp\u00e9cialement adapt\u00e9es \u00e0 la m\u00e2choire des chiots.<\/li>\n<li><b>Origine garantie :<\/b> fabricant espagnol sp\u00e9cialis\u00e9 dans l&#8217;alimentation animale depuis plus de 50 ans.<\/li>\n<li><strong>Sachet fra\u00eecheur<\/strong> refermable.<\/li>\n<\/ul>\n","protected":false},"excerpt":{"rendered":"<p>Advance Puppy est un<strong> snack savoureux id\u00e9al pour les chiots. <\/strong><\/p>\n<p>Contient des <strong>nucl\u00e9otides<\/strong>, des <strong>pr\u00e9biotiques naturels<\/strong> et des <strong>om\u00e9ga-3.\u00a0<\/strong><\/p>\n","protected":false},"featured_media":1360229,"template":"","meta":[],"product_cat":[12552,12584,2698,12603],"product_tag":[],"class_list":{"0":"post-1359455","1":"product","2":"type-product","3":"status-publish","4":"has-post-thumbnail","6":"product_cat-alimentation-du-chien","7":"product_cat-alimentation-premium-pour-chien","8":"product_cat-chien","9":"product_cat-friandises-pour-chien","10":"pa_marque-advance","12":"first","13":"instock","14":"taxable","15":"shipping-taxable","16":"purchasable","17":"product-type-simple"},"yoast_head":"<!-- This site is optimized with the Yoast SEO plugin v27.3 - https:\/\/yoast.com\/product\/yoast-seo-wordpress\/ -->\n<title>Chien Snack Puppy Advance - V\u00e9torino<\/title>\n<meta name=\"description\" content=\"Advance Puppy est un snack savoureux id\u00e9al pour les chiots.   Contient des nucl\u00e9otides, des pr\u00e9biotiques naturels et des om\u00e9ga-3.\u00a0\" \/>\n<meta name=\"robots\" content=\"noindex, nofollow\" \/>\n<meta property=\"og:locale\" content=\"fr_FR\" \/>\n<meta property=\"og:type\" content=\"article\" \/>\n<meta property=\"og:title\" content=\"Chien Snack Puppy Advance - V\u00e9torino\" \/>\n<meta property=\"og:description\" content=\"Advance Puppy est un snack savoureux id\u00e9al pour les chiots.   Contient des nucl\u00e9otides, des pr\u00e9biotiques naturels et des om\u00e9ga-3.\u00a0\" \/>\n<meta property=\"og:url\" content=\"https:\/\/www.vetorino.com\/veterinaire\/prunelli-di-fiumorbo-20243\/boutique\/product\/advance-chien-snack-puppy\/\" \/>\n<meta property=\"og:site_name\" content=\"V\u00e9torino\" \/>\n<meta property=\"article:publisher\" content=\"https:\/\/www.facebook.com\/Vetorino\/\" \/>\n<meta property=\"article:modified_time\" content=\"2025-12-02T10:29:31+00:00\" \/>\n<meta property=\"og:image\" content=\"https:\/\/www.vetorino.com\/boutique\/wp-content\/uploads\/2025\/06\/73063_pla_affinity_advance_puppy_snack_01_0.jpg\" \/>\n\t<meta property=\"og:image:width\" content=\"800\" \/>\n\t<meta property=\"og:image:height\" content=\"800\" \/>\n\t<meta property=\"og:image:type\" content=\"image\/jpeg\" \/>\n<meta name=\"twitter:card\" content=\"summary_large_image\" \/>\n<meta name=\"twitter:label1\" content=\"Prix\" \/>\n\t<meta name=\"twitter:data1\" content=\"32,16&euro;\" \/>\n\t<meta name=\"twitter:label2\" content=\"Disponibilit\u00e9\" \/>\n\t<meta name=\"twitter:data2\" content=\"En stock\" \/>\n<script type=\"application\/ld+json\" class=\"yoast-schema-graph\">{\"@context\":\"https:\\\/\\\/schema.org\",\"@graph\":[{\"@type\":\"WebPage\",\"@id\":\"https:\\\/\\\/www.vetorino.com\\\/veterinaire\\\/briancon-05100\\\/boutique\\\/product\\\/advance-chien-snack-puppy\\\/\",\"url\":\"https:\\\/\\\/www.vetorino.com\\\/veterinaire\\\/briancon-05100\\\/boutique\\\/product\\\/advance-chien-snack-puppy\\\/\",\"name\":\"Chien Snack Puppy Advance - V\u00e9torino\",\"isPartOf\":{\"@id\":\"https:\\\/\\\/www.vetorino.com\\\/boutique\\\/#website\"},\"primaryImageOfPage\":{\"@id\":\"https:\\\/\\\/www.vetorino.com\\\/veterinaire\\\/briancon-05100\\\/boutique\\\/product\\\/advance-chien-snack-puppy\\\/#primaryimage\"},\"image\":{\"@id\":\"https:\\\/\\\/www.vetorino.com\\\/veterinaire\\\/briancon-05100\\\/boutique\\\/product\\\/advance-chien-snack-puppy\\\/#primaryimage\"},\"thumbnailUrl\":\"https:\\\/\\\/www.vetorino.com\\\/boutique\\\/wp-content\\\/uploads\\\/2025\\\/06\\\/73063_pla_affinity_advance_puppy_snack_01_0.jpg\",\"datePublished\":\"2025-06-05T03:35:11+00:00\",\"dateModified\":\"2025-12-02T10:29:31+00:00\",\"description\":\"Advance Puppy est un snack savoureux id\u00e9al pour les chiots. Contient des nucl\u00e9otides, des pr\u00e9biotiques naturels et des om\u00e9ga-3.\u00a0\",\"breadcrumb\":{\"@id\":\"https:\\\/\\\/www.vetorino.com\\\/veterinaire\\\/briancon-05100\\\/boutique\\\/product\\\/advance-chien-snack-puppy\\\/#breadcrumb\"},\"inLanguage\":\"fr-FR\",\"potentialAction\":[{\"@type\":\"ReadAction\",\"target\":[\"https:\\\/\\\/www.vetorino.com\\\/veterinaire\\\/briancon-05100\\\/boutique\\\/product\\\/advance-chien-snack-puppy\\\/\"]}]},{\"@type\":\"ImageObject\",\"inLanguage\":\"fr-FR\",\"@id\":\"https:\\\/\\\/www.vetorino.com\\\/veterinaire\\\/briancon-05100\\\/boutique\\\/product\\\/advance-chien-snack-puppy\\\/#primaryimage\",\"url\":\"https:\\\/\\\/www.vetorino.com\\\/boutique\\\/wp-content\\\/uploads\\\/2025\\\/06\\\/73063_pla_affinity_advance_puppy_snack_01_0.jpg\",\"contentUrl\":\"https:\\\/\\\/www.vetorino.com\\\/boutique\\\/wp-content\\\/uploads\\\/2025\\\/06\\\/73063_pla_affinity_advance_puppy_snack_01_0.jpg\",\"width\":800,\"height\":800},{\"@type\":\"BreadcrumbList\",\"@id\":\"https:\\\/\\\/www.vetorino.com\\\/veterinaire\\\/briancon-05100\\\/boutique\\\/product\\\/advance-chien-snack-puppy\\\/#breadcrumb\",\"itemListElement\":[{\"@type\":\"ListItem\",\"position\":1,\"name\":\"Accueil\",\"item\":\"https:\\\/\\\/www.vetorino.com\\\/boutique\\\/\"},{\"@type\":\"ListItem\",\"position\":2,\"name\":\"Produits\",\"item\":\"https:\\\/\\\/www.vetorino.com\\\/boutique\\\/\"},{\"@type\":\"ListItem\",\"position\":3,\"name\":\"Chien Snack Puppy\"}]},{\"@type\":\"WebSite\",\"@id\":\"https:\\\/\\\/www.vetorino.com\\\/boutique\\\/#website\",\"url\":\"https:\\\/\\\/www.vetorino.com\\\/boutique\\\/\",\"name\":\"V\u00e9torino\",\"description\":\"\",\"publisher\":{\"@id\":\"https:\\\/\\\/www.vetorino.com\\\/boutique\\\/#organization\"},\"potentialAction\":[{\"@type\":\"SearchAction\",\"target\":{\"@type\":\"EntryPoint\",\"urlTemplate\":\"https:\\\/\\\/www.vetorino.com\\\/boutique\\\/?s={search_term_string}\"},\"query-input\":{\"@type\":\"PropertyValueSpecification\",\"valueRequired\":true,\"valueName\":\"search_term_string\"}}],\"inLanguage\":\"fr-FR\"},{\"@type\":\"Organization\",\"@id\":\"https:\\\/\\\/www.vetorino.com\\\/boutique\\\/#organization\",\"name\":\"V\u00e9torino\",\"url\":\"https:\\\/\\\/www.vetorino.com\\\/boutique\\\/\",\"logo\":{\"@type\":\"ImageObject\",\"inLanguage\":\"fr-FR\",\"@id\":\"https:\\\/\\\/www.vetorino.com\\\/boutique\\\/#\\\/schema\\\/logo\\\/image\\\/\",\"url\":\"https:\\\/\\\/www.vetorino.com\\\/boutique\\\/wp-content\\\/uploads\\\/2024\\\/10\\\/logo.jpg\",\"contentUrl\":\"https:\\\/\\\/www.vetorino.com\\\/boutique\\\/wp-content\\\/uploads\\\/2024\\\/10\\\/logo.jpg\",\"width\":1200,\"height\":610,\"caption\":\"V\u00e9torino\"},\"image\":{\"@id\":\"https:\\\/\\\/www.vetorino.com\\\/boutique\\\/#\\\/schema\\\/logo\\\/image\\\/\"},\"sameAs\":[\"https:\\\/\\\/www.facebook.com\\\/Vetorino\\\/\",\"https:\\\/\\\/www.instagram.com\\\/vetorino_off\\\/\",\"https:\\\/\\\/www.linkedin.com\\\/company\\\/vtorino\\\/\"]}]}<\/script>\n<meta property=\"product:brand\" content=\"Advance\" \/>\n<meta property=\"product:price:amount\" content=\"32.16\" \/>\n<meta property=\"product:price:currency\" content=\"EUR\" \/>\n<meta property=\"og:availability\" content=\"instock\" \/>\n<meta property=\"product:availability\" content=\"instock\" \/>\n<meta property=\"product:retailer_item_id\" content=\"A-1891740\" \/>\n<meta property=\"product:condition\" content=\"new\" \/>\n<!-- \/ Yoast SEO plugin. -->","yoast_head_json":{"title":"Chien Snack Puppy Advance - V\u00e9torino","description":"Advance Puppy est un snack savoureux id\u00e9al pour les chiots.   Contient des nucl\u00e9otides, des pr\u00e9biotiques naturels et des om\u00e9ga-3.\u00a0","robots":{"index":"noindex","follow":"nofollow"},"og_locale":"fr_FR","og_type":"article","og_title":"Chien Snack Puppy Advance - V\u00e9torino","og_description":"Advance Puppy est un snack savoureux id\u00e9al pour les chiots.   Contient des nucl\u00e9otides, des pr\u00e9biotiques naturels et des om\u00e9ga-3.\u00a0","og_url":"https:\/\/www.vetorino.com\/veterinaire\/prunelli-di-fiumorbo-20243\/boutique\/product\/advance-chien-snack-puppy\/","og_site_name":"V\u00e9torino","article_publisher":"https:\/\/www.facebook.com\/Vetorino\/","article_modified_time":"2025-12-02T10:29:31+00:00","og_image":[{"width":800,"height":800,"url":"https:\/\/www.vetorino.com\/boutique\/wp-content\/uploads\/2025\/06\/73063_pla_affinity_advance_puppy_snack_01_0.jpg","type":"image\/jpeg"}],"twitter_card":"summary_large_image","twitter_misc":{"Prix":"32,16&euro;","Disponibilit\u00e9":"En stock"},"schema":{"@context":"https:\/\/schema.org","@graph":[{"@type":"WebPage","@id":"https:\/\/www.vetorino.com\/veterinaire\/briancon-05100\/boutique\/product\/advance-chien-snack-puppy\/","url":"https:\/\/www.vetorino.com\/veterinaire\/briancon-05100\/boutique\/product\/advance-chien-snack-puppy\/","name":"Chien Snack Puppy Advance - V\u00e9torino","isPartOf":{"@id":"https:\/\/www.vetorino.com\/boutique\/#website"},"primaryImageOfPage":{"@id":"https:\/\/www.vetorino.com\/veterinaire\/briancon-05100\/boutique\/product\/advance-chien-snack-puppy\/#primaryimage"},"image":{"@id":"https:\/\/www.vetorino.com\/veterinaire\/briancon-05100\/boutique\/product\/advance-chien-snack-puppy\/#primaryimage"},"thumbnailUrl":"https:\/\/www.vetorino.com\/boutique\/wp-content\/uploads\/2025\/06\/73063_pla_affinity_advance_puppy_snack_01_0.jpg","datePublished":"2025-06-05T03:35:11+00:00","dateModified":"2025-12-02T10:29:31+00:00","description":"Advance Puppy est un snack savoureux id\u00e9al pour les chiots. Contient des nucl\u00e9otides, des pr\u00e9biotiques naturels et des om\u00e9ga-3.\u00a0","breadcrumb":{"@id":"https:\/\/www.vetorino.com\/veterinaire\/briancon-05100\/boutique\/product\/advance-chien-snack-puppy\/#breadcrumb"},"inLanguage":"fr-FR","potentialAction":[{"@type":"ReadAction","target":["https:\/\/www.vetorino.com\/veterinaire\/briancon-05100\/boutique\/product\/advance-chien-snack-puppy\/"]}]},{"@type":"ImageObject","inLanguage":"fr-FR","@id":"https:\/\/www.vetorino.com\/veterinaire\/briancon-05100\/boutique\/product\/advance-chien-snack-puppy\/#primaryimage","url":"https:\/\/www.vetorino.com\/boutique\/wp-content\/uploads\/2025\/06\/73063_pla_affinity_advance_puppy_snack_01_0.jpg","contentUrl":"https:\/\/www.vetorino.com\/boutique\/wp-content\/uploads\/2025\/06\/73063_pla_affinity_advance_puppy_snack_01_0.jpg","width":800,"height":800},{"@type":"BreadcrumbList","@id":"https:\/\/www.vetorino.com\/veterinaire\/briancon-05100\/boutique\/product\/advance-chien-snack-puppy\/#breadcrumb","itemListElement":[{"@type":"ListItem","position":1,"name":"Accueil","item":"https:\/\/www.vetorino.com\/boutique\/"},{"@type":"ListItem","position":2,"name":"Produits","item":"https:\/\/www.vetorino.com\/boutique\/"},{"@type":"ListItem","position":3,"name":"Chien Snack Puppy"}]},{"@type":"WebSite","@id":"https:\/\/www.vetorino.com\/boutique\/#website","url":"https:\/\/www.vetorino.com\/boutique\/","name":"V\u00e9torino","description":"","publisher":{"@id":"https:\/\/www.vetorino.com\/boutique\/#organization"},"potentialAction":[{"@type":"SearchAction","target":{"@type":"EntryPoint","urlTemplate":"https:\/\/www.vetorino.com\/boutique\/?s={search_term_string}"},"query-input":{"@type":"PropertyValueSpecification","valueRequired":true,"valueName":"search_term_string"}}],"inLanguage":"fr-FR"},{"@type":"Organization","@id":"https:\/\/www.vetorino.com\/boutique\/#organization","name":"V\u00e9torino","url":"https:\/\/www.vetorino.com\/boutique\/","logo":{"@type":"ImageObject","inLanguage":"fr-FR","@id":"https:\/\/www.vetorino.com\/boutique\/#\/schema\/logo\/image\/","url":"https:\/\/www.vetorino.com\/boutique\/wp-content\/uploads\/2024\/10\/logo.jpg","contentUrl":"https:\/\/www.vetorino.com\/boutique\/wp-content\/uploads\/2024\/10\/logo.jpg","width":1200,"height":610,"caption":"V\u00e9torino"},"image":{"@id":"https:\/\/www.vetorino.com\/boutique\/#\/schema\/logo\/image\/"},"sameAs":["https:\/\/www.facebook.com\/Vetorino\/","https:\/\/www.instagram.com\/vetorino_off\/","https:\/\/www.linkedin.com\/company\/vtorino\/"]}]},"product_brand":"Advance","product_price_amount":"32.16","product_price_currency":"EUR","og_availability":"instock","product_availability":"instock","product_retailer_item_id":"A-1891740","product_condition":"new"},"_links":{"self":[{"href":"https:\/\/www.vetorino.com\/veterinaire\/prunelli-di-fiumorbo-20243\/boutique\/wp-json\/wp\/v2\/product\/1359455","targetHints":{"allow":["GET"]}}],"collection":[{"href":"https:\/\/www.vetorino.com\/veterinaire\/prunelli-di-fiumorbo-20243\/boutique\/wp-json\/wp\/v2\/product"}],"about":[{"href":"https:\/\/www.vetorino.com\/veterinaire\/prunelli-di-fiumorbo-20243\/boutique\/wp-json\/wp\/v2\/types\/product"}],"wp:featuredmedia":[{"embeddable":true,"href":"https:\/\/www.vetorino.com\/veterinaire\/prunelli-di-fiumorbo-20243\/boutique\/wp-json\/wp\/v2\/media\/1360229"}],"wp:attachment":[{"href":"https:\/\/www.vetorino.com\/veterinaire\/prunelli-di-fiumorbo-20243\/boutique\/wp-json\/wp\/v2\/media?parent=1359455"}],"wp:term":[{"taxonomy":"product_cat","embeddable":true,"href":"https:\/\/www.vetorino.com\/veterinaire\/prunelli-di-fiumorbo-20243\/boutique\/wp-json\/wp\/v2\/product_cat?post=1359455"},{"taxonomy":"product_tag","embeddable":true,"href":"https:\/\/www.vetorino.com\/veterinaire\/prunelli-di-fiumorbo-20243\/boutique\/wp-json\/wp\/v2\/product_tag?post=1359455"}],"curies":[{"name":"wp","href":"https:\/\/api.w.org\/{rel}","templated":true}]}}