{"id":1362661,"date":"2025-06-07T05:35:11","date_gmt":"2025-06-07T03:35:11","guid":{"rendered":"https:\/\/www.vetorino.com\/boutique\/product\/advance-chien-senior-mini-poulet\/"},"modified":"2025-06-11T16:07:20","modified_gmt":"2025-06-11T14:07:20","slug":"advance-chien-senior-mini-poulet","status":"publish","type":"product","link":"https:\/\/www.vetorino.com\/veterinaire\/prunelli-di-fiumorbo-20243\/boutique\/product\/advance-chien-senior-mini-poulet\/","title":{"rendered":"Chien Vitality +8 Senior Mini Poulet"},"content":{"rendered":"<p>Advance Vitality Senior Mini +8 aide \u00e0 <strong>maintenir la vitalit\u00e9 des chiens de petite taille de plus de 8 ans.<\/strong> Il leur apporte 7\u00a0 bienfaits cl\u00e9s adapt\u00e9s \u00e0 leur \u00e2ge pour <strong>conserver une bonne qualit\u00e9 de vie. <\/strong><\/p>\n<p>C&#8217;est un aliment<strong> facile \u00e0 dig\u00e9rer<\/strong> et la taille des croquettes est adapt\u00e9e aux chiens de petite taille.<\/p>\n<p><strong>Microbiote sain<\/strong> : formule exclusive renforc\u00e9e avec Pr\u00e9biotiques, Probiotiques et Fibres. Sans conservateurs ni colorants artificiels ajout\u00e9s.<\/p>\n<p><strong>7 b\u00e9n\u00e9fices pour aider \u00e0 maintenir la qualit\u00e9 de vie :<\/strong><\/p>\n<ul>\n<li>Fonction cardiaque<\/li>\n<li>Soutien des articulations et des os<\/li>\n<li>Aide \u00e0 maintenir la masse musculaire<\/li>\n<li>Aide \u00e0 maintenir un poids id\u00e9al<\/li>\n<li>Digestion facile<\/li>\n<li>Soin de la peau et du pelage<\/li>\n<li>Aide \u00e0 am\u00e9liorer sa vitalit\u00e9<\/li>\n<\/ul>\n","protected":false},"excerpt":{"rendered":"<p><strong>Formule compl\u00e8te<\/strong> adapt\u00e9e pour chiens de petite taille (&lt; 10 kg) de plus de 8 ans.<\/p>\n<p><strong>Facile \u00e0 dig\u00e9rer<\/strong>, formul\u00e9 pour r\u00e9pondre aux besoins <strong>des chiens adultes de petite taille.<\/strong><\/p>\n<p>Il est \u00e9labor\u00e9 avec du poulet comme 1er ingr\u00e9dient. Il contribue au<strong> maintien de la masse musculaire<\/strong> gr\u00e2ce \u00e0 sa teneur en prot\u00e9ines de haute qualit\u00e9, et \u00e0 <strong>une peau saine<\/strong> et \u00e0 un<strong> pelage brillant <\/strong>gr\u00e2ce aux acides gras om\u00e9ga-6 et om\u00e9ga-3.<\/p>\n","protected":false},"featured_media":1356661,"template":"","meta":[],"product_cat":[12552,12584,2698],"product_tag":[],"class_list":{"0":"post-1362661","1":"product","2":"type-product","3":"status-publish","4":"has-post-thumbnail","6":"product_cat-alimentation-du-chien","7":"product_cat-alimentation-premium-pour-chien","8":"product_cat-chien","9":"pa_marque-advance","11":"first","12":"instock","13":"taxable","14":"shipping-taxable","15":"purchasable","16":"product-type-simple"},"yoast_head":"<!-- This site is optimized with the Yoast SEO plugin v27.3 - https:\/\/yoast.com\/product\/yoast-seo-wordpress\/ -->\n<title>Chien Vitality +8 Senior Mini Poulet Advance - V\u00e9torino<\/title>\n<meta name=\"description\" content=\"Formule compl\u00e8te adapt\u00e9e pour chiens de petite taille (&lt; 10 kg) de plus de 8 ans.  Facile \u00e0 dig\u00e9rer, formul\u00e9 pour r\u00e9pondre aux besoins des chiens adultes de petite taille.  Il est \u00e9labor\u00e9 avec du poulet comme 1er ingr\u00e9dient. Il contribue au maintien de la masse musculaire gr\u00e2ce \u00e0 sa teneur en prot\u00e9ines de haute qualit\u00e9, et \u00e0 une peau saine et \u00e0 un pelage brillant gr\u00e2ce aux acides gras om\u00e9ga-6 et om\u00e9ga-3.\" \/>\n<meta name=\"robots\" content=\"noindex, nofollow\" \/>\n<meta property=\"og:locale\" content=\"fr_FR\" \/>\n<meta property=\"og:type\" content=\"article\" \/>\n<meta property=\"og:title\" content=\"Chien Vitality +8 Senior Mini Poulet Advance - V\u00e9torino\" \/>\n<meta property=\"og:description\" content=\"Formule compl\u00e8te adapt\u00e9e pour chiens de petite taille (&lt; 10 kg) de plus de 8 ans.  Facile \u00e0 dig\u00e9rer, formul\u00e9 pour r\u00e9pondre aux besoins des chiens adultes de petite taille.  Il est \u00e9labor\u00e9 avec du poulet comme 1er ingr\u00e9dient. Il contribue au maintien de la masse musculaire gr\u00e2ce \u00e0 sa teneur en prot\u00e9ines de haute qualit\u00e9, et \u00e0 une peau saine et \u00e0 un pelage brillant gr\u00e2ce aux acides gras om\u00e9ga-6 et om\u00e9ga-3.\" \/>\n<meta property=\"og:url\" content=\"https:\/\/www.vetorino.com\/veterinaire\/prunelli-di-fiumorbo-20243\/boutique\/product\/advance-chien-senior-mini-poulet\/\" \/>\n<meta property=\"og:site_name\" content=\"V\u00e9torino\" \/>\n<meta property=\"article:publisher\" content=\"https:\/\/www.facebook.com\/Vetorino\/\" \/>\n<meta property=\"article:modified_time\" content=\"2025-06-11T14:07:20+00:00\" \/>\n<meta property=\"og:image\" content=\"https:\/\/www.vetorino.com\/boutique\/wp-content\/uploads\/2025\/06\/advance-active-defense-senior-vitality-chien-poulet.webp\" \/>\n\t<meta property=\"og:image:width\" content=\"800\" \/>\n\t<meta property=\"og:image:height\" content=\"800\" \/>\n\t<meta property=\"og:image:type\" content=\"image\/webp\" \/>\n<meta name=\"twitter:card\" content=\"summary_large_image\" \/>\n<meta name=\"twitter:label1\" content=\"Prix\" \/>\n\t<meta name=\"twitter:data1\" content=\"23,29&euro;\" \/>\n\t<meta name=\"twitter:label2\" content=\"Disponibilit\u00e9\" \/>\n\t<meta name=\"twitter:data2\" content=\"En stock\" \/>\n<script type=\"application\/ld+json\" class=\"yoast-schema-graph\">{\"@context\":\"https:\\\/\\\/schema.org\",\"@graph\":[{\"@type\":\"WebPage\",\"@id\":\"https:\\\/\\\/www.vetorino.com\\\/veterinaire\\\/briancon-05100\\\/boutique\\\/product\\\/advance-chien-senior-mini-poulet\\\/\",\"url\":\"https:\\\/\\\/www.vetorino.com\\\/veterinaire\\\/briancon-05100\\\/boutique\\\/product\\\/advance-chien-senior-mini-poulet\\\/\",\"name\":\"Chien Vitality +8 Senior Mini Poulet Advance - V\u00e9torino\",\"isPartOf\":{\"@id\":\"https:\\\/\\\/www.vetorino.com\\\/boutique\\\/#website\"},\"primaryImageOfPage\":{\"@id\":\"https:\\\/\\\/www.vetorino.com\\\/veterinaire\\\/briancon-05100\\\/boutique\\\/product\\\/advance-chien-senior-mini-poulet\\\/#primaryimage\"},\"image\":{\"@id\":\"https:\\\/\\\/www.vetorino.com\\\/veterinaire\\\/briancon-05100\\\/boutique\\\/product\\\/advance-chien-senior-mini-poulet\\\/#primaryimage\"},\"thumbnailUrl\":\"https:\\\/\\\/www.vetorino.com\\\/boutique\\\/wp-content\\\/uploads\\\/2025\\\/06\\\/advance-active-defense-senior-vitality-chien-poulet.webp\",\"datePublished\":\"2025-06-07T03:35:11+00:00\",\"dateModified\":\"2025-06-11T14:07:20+00:00\",\"description\":\"Formule compl\u00e8te adapt\u00e9e pour chiens de petite taille (&lt; 10 kg) de plus de 8 ans. Facile \u00e0 dig\u00e9rer, formul\u00e9 pour r\u00e9pondre aux besoins des chiens adultes de petite taille. Il est \u00e9labor\u00e9 avec du poulet comme 1er ingr\u00e9dient. Il contribue au maintien de la masse musculaire gr\u00e2ce \u00e0 sa teneur en prot\u00e9ines de haute qualit\u00e9, et \u00e0 une peau saine et \u00e0 un pelage brillant gr\u00e2ce aux acides gras om\u00e9ga-6 et om\u00e9ga-3.\",\"breadcrumb\":{\"@id\":\"https:\\\/\\\/www.vetorino.com\\\/veterinaire\\\/briancon-05100\\\/boutique\\\/product\\\/advance-chien-senior-mini-poulet\\\/#breadcrumb\"},\"inLanguage\":\"fr-FR\",\"potentialAction\":[{\"@type\":\"ReadAction\",\"target\":[\"https:\\\/\\\/www.vetorino.com\\\/veterinaire\\\/briancon-05100\\\/boutique\\\/product\\\/advance-chien-senior-mini-poulet\\\/\"]}]},{\"@type\":\"ImageObject\",\"inLanguage\":\"fr-FR\",\"@id\":\"https:\\\/\\\/www.vetorino.com\\\/veterinaire\\\/briancon-05100\\\/boutique\\\/product\\\/advance-chien-senior-mini-poulet\\\/#primaryimage\",\"url\":\"https:\\\/\\\/www.vetorino.com\\\/boutique\\\/wp-content\\\/uploads\\\/2025\\\/06\\\/advance-active-defense-senior-vitality-chien-poulet.webp\",\"contentUrl\":\"https:\\\/\\\/www.vetorino.com\\\/boutique\\\/wp-content\\\/uploads\\\/2025\\\/06\\\/advance-active-defense-senior-vitality-chien-poulet.webp\",\"width\":800,\"height\":800},{\"@type\":\"BreadcrumbList\",\"@id\":\"https:\\\/\\\/www.vetorino.com\\\/veterinaire\\\/briancon-05100\\\/boutique\\\/product\\\/advance-chien-senior-mini-poulet\\\/#breadcrumb\",\"itemListElement\":[{\"@type\":\"ListItem\",\"position\":1,\"name\":\"Accueil\",\"item\":\"https:\\\/\\\/www.vetorino.com\\\/boutique\\\/\"},{\"@type\":\"ListItem\",\"position\":2,\"name\":\"Produits\",\"item\":\"https:\\\/\\\/www.vetorino.com\\\/boutique\\\/\"},{\"@type\":\"ListItem\",\"position\":3,\"name\":\"Chien Vitality +8 Senior Mini Poulet\"}]},{\"@type\":\"WebSite\",\"@id\":\"https:\\\/\\\/www.vetorino.com\\\/boutique\\\/#website\",\"url\":\"https:\\\/\\\/www.vetorino.com\\\/boutique\\\/\",\"name\":\"V\u00e9torino\",\"description\":\"\",\"publisher\":{\"@id\":\"https:\\\/\\\/www.vetorino.com\\\/boutique\\\/#organization\"},\"potentialAction\":[{\"@type\":\"SearchAction\",\"target\":{\"@type\":\"EntryPoint\",\"urlTemplate\":\"https:\\\/\\\/www.vetorino.com\\\/boutique\\\/?s={search_term_string}\"},\"query-input\":{\"@type\":\"PropertyValueSpecification\",\"valueRequired\":true,\"valueName\":\"search_term_string\"}}],\"inLanguage\":\"fr-FR\"},{\"@type\":\"Organization\",\"@id\":\"https:\\\/\\\/www.vetorino.com\\\/boutique\\\/#organization\",\"name\":\"V\u00e9torino\",\"url\":\"https:\\\/\\\/www.vetorino.com\\\/boutique\\\/\",\"logo\":{\"@type\":\"ImageObject\",\"inLanguage\":\"fr-FR\",\"@id\":\"https:\\\/\\\/www.vetorino.com\\\/boutique\\\/#\\\/schema\\\/logo\\\/image\\\/\",\"url\":\"https:\\\/\\\/www.vetorino.com\\\/boutique\\\/wp-content\\\/uploads\\\/2024\\\/10\\\/logo.jpg\",\"contentUrl\":\"https:\\\/\\\/www.vetorino.com\\\/boutique\\\/wp-content\\\/uploads\\\/2024\\\/10\\\/logo.jpg\",\"width\":1200,\"height\":610,\"caption\":\"V\u00e9torino\"},\"image\":{\"@id\":\"https:\\\/\\\/www.vetorino.com\\\/boutique\\\/#\\\/schema\\\/logo\\\/image\\\/\"},\"sameAs\":[\"https:\\\/\\\/www.facebook.com\\\/Vetorino\\\/\",\"https:\\\/\\\/www.instagram.com\\\/vetorino_off\\\/\",\"https:\\\/\\\/www.linkedin.com\\\/company\\\/vtorino\\\/\"]}]}<\/script>\n<meta property=\"product:brand\" content=\"Advance\" \/>\n<meta property=\"product:price:amount\" content=\"23.29\" \/>\n<meta property=\"product:price:currency\" content=\"EUR\" \/>\n<meta property=\"og:availability\" content=\"instock\" \/>\n<meta property=\"product:availability\" content=\"instock\" \/>\n<meta property=\"product:retailer_item_id\" content=\"A-1891920\" \/>\n<meta property=\"product:condition\" content=\"new\" \/>\n<!-- \/ Yoast SEO plugin. -->","yoast_head_json":{"title":"Chien Vitality +8 Senior Mini Poulet Advance - V\u00e9torino","description":"Formule compl\u00e8te adapt\u00e9e pour chiens de petite taille (&lt; 10 kg) de plus de 8 ans.  Facile \u00e0 dig\u00e9rer, formul\u00e9 pour r\u00e9pondre aux besoins des chiens adultes de petite taille.  Il est \u00e9labor\u00e9 avec du poulet comme 1er ingr\u00e9dient. Il contribue au maintien de la masse musculaire gr\u00e2ce \u00e0 sa teneur en prot\u00e9ines de haute qualit\u00e9, et \u00e0 une peau saine et \u00e0 un pelage brillant gr\u00e2ce aux acides gras om\u00e9ga-6 et om\u00e9ga-3.","robots":{"index":"noindex","follow":"nofollow"},"og_locale":"fr_FR","og_type":"article","og_title":"Chien Vitality +8 Senior Mini Poulet Advance - V\u00e9torino","og_description":"Formule compl\u00e8te adapt\u00e9e pour chiens de petite taille (&lt; 10 kg) de plus de 8 ans.  Facile \u00e0 dig\u00e9rer, formul\u00e9 pour r\u00e9pondre aux besoins des chiens adultes de petite taille.  Il est \u00e9labor\u00e9 avec du poulet comme 1er ingr\u00e9dient. Il contribue au maintien de la masse musculaire gr\u00e2ce \u00e0 sa teneur en prot\u00e9ines de haute qualit\u00e9, et \u00e0 une peau saine et \u00e0 un pelage brillant gr\u00e2ce aux acides gras om\u00e9ga-6 et om\u00e9ga-3.","og_url":"https:\/\/www.vetorino.com\/veterinaire\/prunelli-di-fiumorbo-20243\/boutique\/product\/advance-chien-senior-mini-poulet\/","og_site_name":"V\u00e9torino","article_publisher":"https:\/\/www.facebook.com\/Vetorino\/","article_modified_time":"2025-06-11T14:07:20+00:00","og_image":[{"width":800,"height":800,"url":"https:\/\/www.vetorino.com\/boutique\/wp-content\/uploads\/2025\/06\/advance-active-defense-senior-vitality-chien-poulet.webp","type":"image\/webp"}],"twitter_card":"summary_large_image","twitter_misc":{"Prix":"23,29&euro;","Disponibilit\u00e9":"En stock"},"schema":{"@context":"https:\/\/schema.org","@graph":[{"@type":"WebPage","@id":"https:\/\/www.vetorino.com\/veterinaire\/briancon-05100\/boutique\/product\/advance-chien-senior-mini-poulet\/","url":"https:\/\/www.vetorino.com\/veterinaire\/briancon-05100\/boutique\/product\/advance-chien-senior-mini-poulet\/","name":"Chien Vitality +8 Senior Mini Poulet Advance - V\u00e9torino","isPartOf":{"@id":"https:\/\/www.vetorino.com\/boutique\/#website"},"primaryImageOfPage":{"@id":"https:\/\/www.vetorino.com\/veterinaire\/briancon-05100\/boutique\/product\/advance-chien-senior-mini-poulet\/#primaryimage"},"image":{"@id":"https:\/\/www.vetorino.com\/veterinaire\/briancon-05100\/boutique\/product\/advance-chien-senior-mini-poulet\/#primaryimage"},"thumbnailUrl":"https:\/\/www.vetorino.com\/boutique\/wp-content\/uploads\/2025\/06\/advance-active-defense-senior-vitality-chien-poulet.webp","datePublished":"2025-06-07T03:35:11+00:00","dateModified":"2025-06-11T14:07:20+00:00","description":"Formule compl\u00e8te adapt\u00e9e pour chiens de petite taille (&lt; 10 kg) de plus de 8 ans. Facile \u00e0 dig\u00e9rer, formul\u00e9 pour r\u00e9pondre aux besoins des chiens adultes de petite taille. Il est \u00e9labor\u00e9 avec du poulet comme 1er ingr\u00e9dient. Il contribue au maintien de la masse musculaire gr\u00e2ce \u00e0 sa teneur en prot\u00e9ines de haute qualit\u00e9, et \u00e0 une peau saine et \u00e0 un pelage brillant gr\u00e2ce aux acides gras om\u00e9ga-6 et om\u00e9ga-3.","breadcrumb":{"@id":"https:\/\/www.vetorino.com\/veterinaire\/briancon-05100\/boutique\/product\/advance-chien-senior-mini-poulet\/#breadcrumb"},"inLanguage":"fr-FR","potentialAction":[{"@type":"ReadAction","target":["https:\/\/www.vetorino.com\/veterinaire\/briancon-05100\/boutique\/product\/advance-chien-senior-mini-poulet\/"]}]},{"@type":"ImageObject","inLanguage":"fr-FR","@id":"https:\/\/www.vetorino.com\/veterinaire\/briancon-05100\/boutique\/product\/advance-chien-senior-mini-poulet\/#primaryimage","url":"https:\/\/www.vetorino.com\/boutique\/wp-content\/uploads\/2025\/06\/advance-active-defense-senior-vitality-chien-poulet.webp","contentUrl":"https:\/\/www.vetorino.com\/boutique\/wp-content\/uploads\/2025\/06\/advance-active-defense-senior-vitality-chien-poulet.webp","width":800,"height":800},{"@type":"BreadcrumbList","@id":"https:\/\/www.vetorino.com\/veterinaire\/briancon-05100\/boutique\/product\/advance-chien-senior-mini-poulet\/#breadcrumb","itemListElement":[{"@type":"ListItem","position":1,"name":"Accueil","item":"https:\/\/www.vetorino.com\/boutique\/"},{"@type":"ListItem","position":2,"name":"Produits","item":"https:\/\/www.vetorino.com\/boutique\/"},{"@type":"ListItem","position":3,"name":"Chien Vitality +8 Senior Mini Poulet"}]},{"@type":"WebSite","@id":"https:\/\/www.vetorino.com\/boutique\/#website","url":"https:\/\/www.vetorino.com\/boutique\/","name":"V\u00e9torino","description":"","publisher":{"@id":"https:\/\/www.vetorino.com\/boutique\/#organization"},"potentialAction":[{"@type":"SearchAction","target":{"@type":"EntryPoint","urlTemplate":"https:\/\/www.vetorino.com\/boutique\/?s={search_term_string}"},"query-input":{"@type":"PropertyValueSpecification","valueRequired":true,"valueName":"search_term_string"}}],"inLanguage":"fr-FR"},{"@type":"Organization","@id":"https:\/\/www.vetorino.com\/boutique\/#organization","name":"V\u00e9torino","url":"https:\/\/www.vetorino.com\/boutique\/","logo":{"@type":"ImageObject","inLanguage":"fr-FR","@id":"https:\/\/www.vetorino.com\/boutique\/#\/schema\/logo\/image\/","url":"https:\/\/www.vetorino.com\/boutique\/wp-content\/uploads\/2024\/10\/logo.jpg","contentUrl":"https:\/\/www.vetorino.com\/boutique\/wp-content\/uploads\/2024\/10\/logo.jpg","width":1200,"height":610,"caption":"V\u00e9torino"},"image":{"@id":"https:\/\/www.vetorino.com\/boutique\/#\/schema\/logo\/image\/"},"sameAs":["https:\/\/www.facebook.com\/Vetorino\/","https:\/\/www.instagram.com\/vetorino_off\/","https:\/\/www.linkedin.com\/company\/vtorino\/"]}]},"product_brand":"Advance","product_price_amount":"23.29","product_price_currency":"EUR","og_availability":"instock","product_availability":"instock","product_retailer_item_id":"A-1891920","product_condition":"new"},"_links":{"self":[{"href":"https:\/\/www.vetorino.com\/veterinaire\/prunelli-di-fiumorbo-20243\/boutique\/wp-json\/wp\/v2\/product\/1362661","targetHints":{"allow":["GET"]}}],"collection":[{"href":"https:\/\/www.vetorino.com\/veterinaire\/prunelli-di-fiumorbo-20243\/boutique\/wp-json\/wp\/v2\/product"}],"about":[{"href":"https:\/\/www.vetorino.com\/veterinaire\/prunelli-di-fiumorbo-20243\/boutique\/wp-json\/wp\/v2\/types\/product"}],"wp:featuredmedia":[{"embeddable":true,"href":"https:\/\/www.vetorino.com\/veterinaire\/prunelli-di-fiumorbo-20243\/boutique\/wp-json\/wp\/v2\/media\/1356661"}],"wp:attachment":[{"href":"https:\/\/www.vetorino.com\/veterinaire\/prunelli-di-fiumorbo-20243\/boutique\/wp-json\/wp\/v2\/media?parent=1362661"}],"wp:term":[{"taxonomy":"product_cat","embeddable":true,"href":"https:\/\/www.vetorino.com\/veterinaire\/prunelli-di-fiumorbo-20243\/boutique\/wp-json\/wp\/v2\/product_cat?post=1362661"},{"taxonomy":"product_tag","embeddable":true,"href":"https:\/\/www.vetorino.com\/veterinaire\/prunelli-di-fiumorbo-20243\/boutique\/wp-json\/wp\/v2\/product_tag?post=1362661"}],"curies":[{"name":"wp","href":"https:\/\/api.w.org\/{rel}","templated":true}]}}