{"id":1362664,"date":"2025-06-07T05:35:14","date_gmt":"2025-06-07T03:35:14","guid":{"rendered":"https:\/\/www.vetorino.com\/boutique\/product\/advance-chien-senior-vitality-7-medium-poulet\/"},"modified":"2025-09-30T15:08:44","modified_gmt":"2025-09-30T13:08:44","slug":"advance-chien-senior-vitality-7-medium-poulet","status":"publish","type":"product","link":"https:\/\/www.vetorino.com\/veterinaire\/prunelli-di-fiumorbo-20243\/boutique\/product\/advance-chien-senior-vitality-7-medium-poulet\/","title":{"rendered":"Chien Vitality +7 Senior Medium Poulet"},"content":{"rendered":"<p>\u00c0 7 ans, votre chien n&#8217;est pas encore tr\u00e8s \u00e2g\u00e9, mais il entame une nouvelle phase de sa vie et ses besoins alimentaires se modifient. C&#8217;est pourquoi la recette des croquettes\u00a0Advance Medium Senior a \u00e9t\u00e9 <strong>sp\u00e9cialement \u00e9labor\u00e9e pour les chiens de races moyennes<\/strong> \u00e0 partir de 7 ans.<\/p>\n<p>Ces croquettes contiennent du poulet en tant que source de prot\u00e9ines animales, ainsi que du riz en tant que\u00a0<strong>source de glucides faciles \u00e0 dig\u00e9rer<\/strong>. La teneur en prot\u00e9ines est parfaitement adapt\u00e9e afin de contribuer \u00e0 la <strong>pr\u00e9servation de la masse musculaire.<\/strong> De plus, les croquettes\u00a0Advance Medium Senior fournissent des\u00a0<strong>acides gras essentiels om\u00e9ga-3<\/strong>\u00a0qui peuvent contribuer \u00e0 une <strong>fonction c\u00e9r\u00e9brale<\/strong> normale. Enfin, la\u00a0<strong>formule ActiveDefense<\/strong>\u00a0soutient les d\u00e9fenses naturelles de votre animal.<\/p>\n<p><b>Caract\u00e9ristiques des croquettes Advance Medium Senior Vitality 7+ pour chien :<\/b><\/p>\n<ul>\n<li>Aliment complet de qualit\u00e9 pour chiens de races moyennes (10-30 kg) d\u00e8s 7 ans.<\/li>\n<li><strong>Teneur adapt\u00e9e en prot\u00e9ines :<\/strong> pour la pr\u00e9servation de la masse musculaire.<\/li>\n<li><strong>Formule ActiveDefense :<\/strong> avec de la vitamine C, des immuno-globulines et des polyph\u00e9nols naturels, peuvent soutenir les d\u00e9fenses immunitaires.<\/li>\n<li><b>Source d&#8217;acides gras om\u00e9ga-3 <\/b><strong>:<\/strong> peuvent soutenir une\u00a0fonction c\u00e9r\u00e9brale normale.<\/li>\n<li><strong>Au poulet et au riz : <\/strong>sources digestes de prot\u00e9ines et de glucides.<\/li>\n<li><b>Hygi\u00e8ne bucco-dentaire optimale : <\/b>croquettes \u00e0 effet brosse \u00e0 dents pour l&#8217;abrasion m\u00e9canique et pyrophosphates, peuvent r\u00e9duire le risque de formation de tartre et favoriser une haleine fra\u00eeche.<\/li>\n<li><b>Apportent de la taurine <\/b><strong>:\u00a0<\/strong>peut contribuer \u00e0 une fonction cardiaque normale.<\/li>\n<li><b>Croquettes de taille adapt\u00e9e :<\/b> pour la m\u00e2choire des chiens de taille moyenne.<\/li>\n<\/ul>\n","protected":false},"excerpt":{"rendered":"<p><strong>Croquettes digestes et de qualit\u00e9 pour chiens de races moyennes<\/strong> (10-30 kg) d\u00e8s 7 ans.<\/p>\n<p>Teneur adapt\u00e9e en prot\u00e9ines, acides gras om\u00e9ga-3 et taurine<strong> pour une fonction c\u00e9r\u00e9brale et cardiaque normale.<\/strong><\/p>\n","protected":false},"featured_media":1356760,"template":"","meta":[],"product_cat":[12552,12584,2698],"product_tag":[],"class_list":{"0":"post-1362664","1":"product","2":"type-product","3":"status-publish","4":"has-post-thumbnail","6":"product_cat-alimentation-du-chien","7":"product_cat-alimentation-premium-pour-chien","8":"product_cat-chien","9":"pa_marque-advance","11":"first","12":"instock","13":"taxable","14":"shipping-taxable","15":"purchasable","16":"product-type-variable"},"yoast_head":"<!-- This site is optimized with the Yoast SEO plugin v27.3 - https:\/\/yoast.com\/product\/yoast-seo-wordpress\/ -->\n<title>Chien Vitality +7 Senior Medium Poulet Advance - V\u00e9torino<\/title>\n<meta name=\"description\" content=\"Croquettes digestes et de qualit\u00e9 pour chiens de races moyennes (10-30 kg) d\u00e8s 7 ans.  Teneur adapt\u00e9e en prot\u00e9ines, acides gras om\u00e9ga-3 et taurine pour une fonction c\u00e9r\u00e9brale et cardiaque normale.\" \/>\n<meta name=\"robots\" content=\"noindex, nofollow\" \/>\n<meta property=\"og:locale\" content=\"fr_FR\" \/>\n<meta property=\"og:type\" content=\"article\" \/>\n<meta property=\"og:title\" content=\"Chien Vitality +7 Senior Medium Poulet Advance - V\u00e9torino\" \/>\n<meta property=\"og:description\" content=\"Croquettes digestes et de qualit\u00e9 pour chiens de races moyennes (10-30 kg) d\u00e8s 7 ans.  Teneur adapt\u00e9e en prot\u00e9ines, acides gras om\u00e9ga-3 et taurine pour une fonction c\u00e9r\u00e9brale et cardiaque normale.\" \/>\n<meta property=\"og:url\" content=\"https:\/\/www.vetorino.com\/veterinaire\/prunelli-di-fiumorbo-20243\/boutique\/product\/advance-chien-senior-vitality-7-medium-poulet\/\" \/>\n<meta property=\"og:site_name\" content=\"V\u00e9torino\" \/>\n<meta property=\"article:publisher\" content=\"https:\/\/www.facebook.com\/Vetorino\/\" \/>\n<meta property=\"article:modified_time\" content=\"2025-09-30T13:08:44+00:00\" \/>\n<meta property=\"og:image\" content=\"https:\/\/www.vetorino.com\/boutique\/wp-content\/uploads\/2025\/06\/advance-vitality-senior-croquettes.jpg\" \/>\n\t<meta property=\"og:image:width\" content=\"1208\" \/>\n\t<meta property=\"og:image:height\" content=\"1280\" \/>\n\t<meta property=\"og:image:type\" content=\"image\/jpeg\" \/>\n<meta name=\"twitter:card\" content=\"summary_large_image\" \/>\n<meta name=\"twitter:label1\" content=\"Disponibilit\u00e9\" \/>\n\t<meta name=\"twitter:data1\" content=\"En stock\" \/>\n<script type=\"application\/ld+json\" class=\"yoast-schema-graph\">{\"@context\":\"https:\\\/\\\/schema.org\",\"@graph\":[{\"@type\":\"WebPage\",\"@id\":\"https:\\\/\\\/www.vetorino.com\\\/veterinaire\\\/briancon-05100\\\/boutique\\\/product\\\/advance-chien-senior-vitality-7-medium-poulet\\\/\",\"url\":\"https:\\\/\\\/www.vetorino.com\\\/veterinaire\\\/briancon-05100\\\/boutique\\\/product\\\/advance-chien-senior-vitality-7-medium-poulet\\\/\",\"name\":\"Chien Vitality +7 Senior Medium Poulet Advance - V\u00e9torino\",\"isPartOf\":{\"@id\":\"https:\\\/\\\/www.vetorino.com\\\/boutique\\\/#website\"},\"primaryImageOfPage\":{\"@id\":\"https:\\\/\\\/www.vetorino.com\\\/veterinaire\\\/briancon-05100\\\/boutique\\\/product\\\/advance-chien-senior-vitality-7-medium-poulet\\\/#primaryimage\"},\"image\":{\"@id\":\"https:\\\/\\\/www.vetorino.com\\\/veterinaire\\\/briancon-05100\\\/boutique\\\/product\\\/advance-chien-senior-vitality-7-medium-poulet\\\/#primaryimage\"},\"thumbnailUrl\":\"https:\\\/\\\/www.vetorino.com\\\/boutique\\\/wp-content\\\/uploads\\\/2025\\\/06\\\/advance-vitality-senior-croquettes.jpg\",\"datePublished\":\"2025-06-07T03:35:14+00:00\",\"dateModified\":\"2025-09-30T13:08:44+00:00\",\"description\":\"Croquettes digestes et de qualit\u00e9 pour chiens de races moyennes (10-30 kg) d\u00e8s 7 ans. Teneur adapt\u00e9e en prot\u00e9ines, acides gras om\u00e9ga-3 et taurine pour une fonction c\u00e9r\u00e9brale et cardiaque normale.\",\"breadcrumb\":{\"@id\":\"https:\\\/\\\/www.vetorino.com\\\/veterinaire\\\/briancon-05100\\\/boutique\\\/product\\\/advance-chien-senior-vitality-7-medium-poulet\\\/#breadcrumb\"},\"inLanguage\":\"fr-FR\",\"potentialAction\":[{\"@type\":\"ReadAction\",\"target\":[\"https:\\\/\\\/www.vetorino.com\\\/veterinaire\\\/briancon-05100\\\/boutique\\\/product\\\/advance-chien-senior-vitality-7-medium-poulet\\\/\"]}]},{\"@type\":\"ImageObject\",\"inLanguage\":\"fr-FR\",\"@id\":\"https:\\\/\\\/www.vetorino.com\\\/veterinaire\\\/briancon-05100\\\/boutique\\\/product\\\/advance-chien-senior-vitality-7-medium-poulet\\\/#primaryimage\",\"url\":\"https:\\\/\\\/www.vetorino.com\\\/boutique\\\/wp-content\\\/uploads\\\/2025\\\/06\\\/advance-vitality-senior-croquettes.jpg\",\"contentUrl\":\"https:\\\/\\\/www.vetorino.com\\\/boutique\\\/wp-content\\\/uploads\\\/2025\\\/06\\\/advance-vitality-senior-croquettes.jpg\",\"width\":1208,\"height\":1280},{\"@type\":\"BreadcrumbList\",\"@id\":\"https:\\\/\\\/www.vetorino.com\\\/veterinaire\\\/briancon-05100\\\/boutique\\\/product\\\/advance-chien-senior-vitality-7-medium-poulet\\\/#breadcrumb\",\"itemListElement\":[{\"@type\":\"ListItem\",\"position\":1,\"name\":\"Accueil\",\"item\":\"https:\\\/\\\/www.vetorino.com\\\/boutique\\\/\"},{\"@type\":\"ListItem\",\"position\":2,\"name\":\"Produits\",\"item\":\"https:\\\/\\\/www.vetorino.com\\\/boutique\\\/\"},{\"@type\":\"ListItem\",\"position\":3,\"name\":\"Chien Vitality +7 Senior Medium Poulet\"}]},{\"@type\":\"WebSite\",\"@id\":\"https:\\\/\\\/www.vetorino.com\\\/boutique\\\/#website\",\"url\":\"https:\\\/\\\/www.vetorino.com\\\/boutique\\\/\",\"name\":\"V\u00e9torino\",\"description\":\"\",\"publisher\":{\"@id\":\"https:\\\/\\\/www.vetorino.com\\\/boutique\\\/#organization\"},\"potentialAction\":[{\"@type\":\"SearchAction\",\"target\":{\"@type\":\"EntryPoint\",\"urlTemplate\":\"https:\\\/\\\/www.vetorino.com\\\/boutique\\\/?s={search_term_string}\"},\"query-input\":{\"@type\":\"PropertyValueSpecification\",\"valueRequired\":true,\"valueName\":\"search_term_string\"}}],\"inLanguage\":\"fr-FR\"},{\"@type\":\"Organization\",\"@id\":\"https:\\\/\\\/www.vetorino.com\\\/boutique\\\/#organization\",\"name\":\"V\u00e9torino\",\"url\":\"https:\\\/\\\/www.vetorino.com\\\/boutique\\\/\",\"logo\":{\"@type\":\"ImageObject\",\"inLanguage\":\"fr-FR\",\"@id\":\"https:\\\/\\\/www.vetorino.com\\\/boutique\\\/#\\\/schema\\\/logo\\\/image\\\/\",\"url\":\"https:\\\/\\\/www.vetorino.com\\\/boutique\\\/wp-content\\\/uploads\\\/2024\\\/10\\\/logo.jpg\",\"contentUrl\":\"https:\\\/\\\/www.vetorino.com\\\/boutique\\\/wp-content\\\/uploads\\\/2024\\\/10\\\/logo.jpg\",\"width\":1200,\"height\":610,\"caption\":\"V\u00e9torino\"},\"image\":{\"@id\":\"https:\\\/\\\/www.vetorino.com\\\/boutique\\\/#\\\/schema\\\/logo\\\/image\\\/\"},\"sameAs\":[\"https:\\\/\\\/www.facebook.com\\\/Vetorino\\\/\",\"https:\\\/\\\/www.instagram.com\\\/vetorino_off\\\/\",\"https:\\\/\\\/www.linkedin.com\\\/company\\\/vtorino\\\/\"]}]}<\/script>\n<meta property=\"product:brand\" content=\"Advance\" \/>\n<meta property=\"og:availability\" content=\"instock\" \/>\n<meta property=\"product:availability\" content=\"instock\" \/>\n<meta property=\"product:condition\" content=\"new\" \/>\n<!-- \/ Yoast SEO plugin. -->","yoast_head_json":{"title":"Chien Vitality +7 Senior Medium Poulet Advance - V\u00e9torino","description":"Croquettes digestes et de qualit\u00e9 pour chiens de races moyennes (10-30 kg) d\u00e8s 7 ans.  Teneur adapt\u00e9e en prot\u00e9ines, acides gras om\u00e9ga-3 et taurine pour une fonction c\u00e9r\u00e9brale et cardiaque normale.","robots":{"index":"noindex","follow":"nofollow"},"og_locale":"fr_FR","og_type":"article","og_title":"Chien Vitality +7 Senior Medium Poulet Advance - V\u00e9torino","og_description":"Croquettes digestes et de qualit\u00e9 pour chiens de races moyennes (10-30 kg) d\u00e8s 7 ans.  Teneur adapt\u00e9e en prot\u00e9ines, acides gras om\u00e9ga-3 et taurine pour une fonction c\u00e9r\u00e9brale et cardiaque normale.","og_url":"https:\/\/www.vetorino.com\/veterinaire\/prunelli-di-fiumorbo-20243\/boutique\/product\/advance-chien-senior-vitality-7-medium-poulet\/","og_site_name":"V\u00e9torino","article_publisher":"https:\/\/www.facebook.com\/Vetorino\/","article_modified_time":"2025-09-30T13:08:44+00:00","og_image":[{"width":1208,"height":1280,"url":"https:\/\/www.vetorino.com\/boutique\/wp-content\/uploads\/2025\/06\/advance-vitality-senior-croquettes.jpg","type":"image\/jpeg"}],"twitter_card":"summary_large_image","twitter_misc":{"Disponibilit\u00e9":"En stock"},"schema":{"@context":"https:\/\/schema.org","@graph":[{"@type":"WebPage","@id":"https:\/\/www.vetorino.com\/veterinaire\/briancon-05100\/boutique\/product\/advance-chien-senior-vitality-7-medium-poulet\/","url":"https:\/\/www.vetorino.com\/veterinaire\/briancon-05100\/boutique\/product\/advance-chien-senior-vitality-7-medium-poulet\/","name":"Chien Vitality +7 Senior Medium Poulet Advance - V\u00e9torino","isPartOf":{"@id":"https:\/\/www.vetorino.com\/boutique\/#website"},"primaryImageOfPage":{"@id":"https:\/\/www.vetorino.com\/veterinaire\/briancon-05100\/boutique\/product\/advance-chien-senior-vitality-7-medium-poulet\/#primaryimage"},"image":{"@id":"https:\/\/www.vetorino.com\/veterinaire\/briancon-05100\/boutique\/product\/advance-chien-senior-vitality-7-medium-poulet\/#primaryimage"},"thumbnailUrl":"https:\/\/www.vetorino.com\/boutique\/wp-content\/uploads\/2025\/06\/advance-vitality-senior-croquettes.jpg","datePublished":"2025-06-07T03:35:14+00:00","dateModified":"2025-09-30T13:08:44+00:00","description":"Croquettes digestes et de qualit\u00e9 pour chiens de races moyennes (10-30 kg) d\u00e8s 7 ans. Teneur adapt\u00e9e en prot\u00e9ines, acides gras om\u00e9ga-3 et taurine pour une fonction c\u00e9r\u00e9brale et cardiaque normale.","breadcrumb":{"@id":"https:\/\/www.vetorino.com\/veterinaire\/briancon-05100\/boutique\/product\/advance-chien-senior-vitality-7-medium-poulet\/#breadcrumb"},"inLanguage":"fr-FR","potentialAction":[{"@type":"ReadAction","target":["https:\/\/www.vetorino.com\/veterinaire\/briancon-05100\/boutique\/product\/advance-chien-senior-vitality-7-medium-poulet\/"]}]},{"@type":"ImageObject","inLanguage":"fr-FR","@id":"https:\/\/www.vetorino.com\/veterinaire\/briancon-05100\/boutique\/product\/advance-chien-senior-vitality-7-medium-poulet\/#primaryimage","url":"https:\/\/www.vetorino.com\/boutique\/wp-content\/uploads\/2025\/06\/advance-vitality-senior-croquettes.jpg","contentUrl":"https:\/\/www.vetorino.com\/boutique\/wp-content\/uploads\/2025\/06\/advance-vitality-senior-croquettes.jpg","width":1208,"height":1280},{"@type":"BreadcrumbList","@id":"https:\/\/www.vetorino.com\/veterinaire\/briancon-05100\/boutique\/product\/advance-chien-senior-vitality-7-medium-poulet\/#breadcrumb","itemListElement":[{"@type":"ListItem","position":1,"name":"Accueil","item":"https:\/\/www.vetorino.com\/boutique\/"},{"@type":"ListItem","position":2,"name":"Produits","item":"https:\/\/www.vetorino.com\/boutique\/"},{"@type":"ListItem","position":3,"name":"Chien Vitality +7 Senior Medium Poulet"}]},{"@type":"WebSite","@id":"https:\/\/www.vetorino.com\/boutique\/#website","url":"https:\/\/www.vetorino.com\/boutique\/","name":"V\u00e9torino","description":"","publisher":{"@id":"https:\/\/www.vetorino.com\/boutique\/#organization"},"potentialAction":[{"@type":"SearchAction","target":{"@type":"EntryPoint","urlTemplate":"https:\/\/www.vetorino.com\/boutique\/?s={search_term_string}"},"query-input":{"@type":"PropertyValueSpecification","valueRequired":true,"valueName":"search_term_string"}}],"inLanguage":"fr-FR"},{"@type":"Organization","@id":"https:\/\/www.vetorino.com\/boutique\/#organization","name":"V\u00e9torino","url":"https:\/\/www.vetorino.com\/boutique\/","logo":{"@type":"ImageObject","inLanguage":"fr-FR","@id":"https:\/\/www.vetorino.com\/boutique\/#\/schema\/logo\/image\/","url":"https:\/\/www.vetorino.com\/boutique\/wp-content\/uploads\/2024\/10\/logo.jpg","contentUrl":"https:\/\/www.vetorino.com\/boutique\/wp-content\/uploads\/2024\/10\/logo.jpg","width":1200,"height":610,"caption":"V\u00e9torino"},"image":{"@id":"https:\/\/www.vetorino.com\/boutique\/#\/schema\/logo\/image\/"},"sameAs":["https:\/\/www.facebook.com\/Vetorino\/","https:\/\/www.instagram.com\/vetorino_off\/","https:\/\/www.linkedin.com\/company\/vtorino\/"]}]},"product_brand":"Advance","og_availability":"instock","product_availability":"instock","product_condition":"new"},"_links":{"self":[{"href":"https:\/\/www.vetorino.com\/veterinaire\/prunelli-di-fiumorbo-20243\/boutique\/wp-json\/wp\/v2\/product\/1362664","targetHints":{"allow":["GET"]}}],"collection":[{"href":"https:\/\/www.vetorino.com\/veterinaire\/prunelli-di-fiumorbo-20243\/boutique\/wp-json\/wp\/v2\/product"}],"about":[{"href":"https:\/\/www.vetorino.com\/veterinaire\/prunelli-di-fiumorbo-20243\/boutique\/wp-json\/wp\/v2\/types\/product"}],"wp:featuredmedia":[{"embeddable":true,"href":"https:\/\/www.vetorino.com\/veterinaire\/prunelli-di-fiumorbo-20243\/boutique\/wp-json\/wp\/v2\/media\/1356760"}],"wp:attachment":[{"href":"https:\/\/www.vetorino.com\/veterinaire\/prunelli-di-fiumorbo-20243\/boutique\/wp-json\/wp\/v2\/media?parent=1362664"}],"wp:term":[{"taxonomy":"product_cat","embeddable":true,"href":"https:\/\/www.vetorino.com\/veterinaire\/prunelli-di-fiumorbo-20243\/boutique\/wp-json\/wp\/v2\/product_cat?post=1362664"},{"taxonomy":"product_tag","embeddable":true,"href":"https:\/\/www.vetorino.com\/veterinaire\/prunelli-di-fiumorbo-20243\/boutique\/wp-json\/wp\/v2\/product_tag?post=1362664"}],"curies":[{"name":"wp","href":"https:\/\/api.w.org\/{rel}","templated":true}]}}