{"id":1362672,"date":"2025-06-07T05:35:19","date_gmt":"2025-06-07T03:35:19","guid":{"rendered":"https:\/\/www.vetorino.com\/boutique\/product\/advance-chat-hairball-sterilise-dinde\/"},"modified":"2025-10-29T17:28:53","modified_gmt":"2025-10-29T16:28:53","slug":"advance-chat-hairball-sterilise-dinde","status":"publish","type":"product","link":"https:\/\/www.vetorino.com\/veterinaire\/prunelli-di-fiumorbo-20243\/boutique\/product\/advance-chat-hairball-sterilise-dinde\/","title":{"rendered":"Chat Hairball St\u00e9rilis\u00e9 Dinde"},"content":{"rendered":"<p>Les croquettes Advance Sterilized Hairball ont \u00e9t\u00e9 d\u00e9velopp\u00e9es pour r\u00e9pondre aux besoins nutritionnels des chats st\u00e9rilis\u00e9s\/castr\u00e9s \u00e0 partir de 12 mois.<\/p>\n<p>Leur recette compl\u00e8te <strong>contribue\u00a0au contr\u00f4le du poids\u00a0et aide le chat \u00e0 maintenir son poids de forme<\/strong>. Le\u00a0m\u00e9lange d&#8217;extraits de malt\u00a0et de fibres\u00a0<strong>contribue \u00e0 la\u00a0r\u00e9duction de la formation de boules de poils dans l&#8217;estomac et \u00e0\u00a0l&#8217;\u00e9limination naturelle des poils ing\u00e9r\u00e9s.<\/strong><\/p>\n<p>Ces croquettes contiennent des<strong>\u00a0ingr\u00e9dients digestes,\u00a0<\/strong>comme de la dinde qui constitue une source de prot\u00e9ines. Elles fournissent des vitamines, des min\u00e9raux et des <strong>acides gras om\u00e9ga 3 et om\u00e9ga-6\u00a0<\/strong>\u00e0 votre petit f\u00e9lin et\u00a0contribuent \u00e0 un pH urinaire optimal.<\/p>\n<p>Les croquettes Advance Sterilized Hairball constituent un aliment complet parfaitement adapt\u00e9 pour nourrir votre chat au quotidien.<\/p>\n<p><b>Caract\u00e9ristiques des croquettes Advance Sterilized Hairball pour chat :<\/b><\/p>\n<ul>\n<li>Croquettes pour les chats st\u00e9rilis\u00e9s ou ayant tendance au surpoids.<\/li>\n<li><strong>Recette adapt\u00e9e <\/strong>aux besoins des chats adultes.<\/li>\n<li><strong>Aident \u00e0 combattre la formation de boules de poils :<\/strong> contribuent \u00e0 l&#8217;\u00e9limination des poils ing\u00e9r\u00e9s.<\/li>\n<li><strong>Contr\u00f4le du poids :<\/strong> teneur \u00e9nerg\u00e9tique adapt\u00e9e pour r\u00e9duire le risque d&#8217;exc\u00e8s pond\u00e9ral chez les chats st\u00e9rilis\u00e9s.<\/li>\n<li><strong>Riches en fibres :<\/strong> pour encourager la sensation de sati\u00e9t\u00e9.<\/li>\n<li><strong>Avec de la dinde : <\/strong>source digeste de prot\u00e9ines de qualit\u00e9.<\/li>\n<li><strong>Aliment complet : <\/strong>recette riche en nutriments et en substances vitales, vitamines, min\u00e9raux et acides gras om\u00e9ga-3 &amp; om\u00e9ga-6.<\/li>\n<li><strong>Soutien des voies urinaires :<\/strong> aident votre chat \u00e0 maintenir un pH urinaire optimal.<\/li>\n<li><b>Haute app\u00e9tence.<\/b><\/li>\n<\/ul>\n","protected":false},"excerpt":{"rendered":"<p>Advance Sterilized Adult Hairball est sp\u00e9cialement recommand\u00e9 <strong>pour aider \u00e0 contr\u00f4ler les boules de poils chez les chats adultes st\u00e9rilis\u00e9s.<\/strong><\/p>\n<p>Leur recette compl\u00e8te <strong>contribue\u00a0au contr\u00f4le du poids\u00a0et aide le chat \u00e0 maintenir son poids de forme<\/strong>.<\/p>\n<p>Le\u00a0m\u00e9lange d&#8217;extraits de malt\u00a0et de fibres\u00a0<strong>contribue \u00e0 la\u00a0r\u00e9duction de la formation de boules de poils dans l&#8217;estomac et \u00e0\u00a0l&#8217;\u00e9limination naturelle des poils ing\u00e9r\u00e9s.<\/strong><\/p>\n","protected":false},"featured_media":1370434,"template":"","meta":[],"product_cat":[12551,12583,2697],"product_tag":[],"class_list":{"0":"post-1362672","1":"product","2":"type-product","3":"status-publish","4":"has-post-thumbnail","6":"product_cat-alimentation-du-chat","7":"product_cat-alimentation-premium-pour-chat","8":"product_cat-chat","9":"pa_marque-advance","11":"first","12":"instock","13":"taxable","14":"shipping-taxable","15":"purchasable","16":"product-type-simple"},"yoast_head":"<!-- This site is optimized with the Yoast SEO plugin v27.3 - https:\/\/yoast.com\/product\/yoast-seo-wordpress\/ -->\n<title>Chat Hairball St\u00e9rilis\u00e9 Dinde Advance - V\u00e9torino<\/title>\n<meta name=\"description\" content=\"Advance Sterilized Adult Hairball est sp\u00e9cialement recommand\u00e9 pour aider \u00e0 contr\u00f4ler les boules de poils chez les chats adultes st\u00e9rilis\u00e9s.  Leur recette compl\u00e8te contribue\u00a0au contr\u00f4le du poids\u00a0et aide le chat \u00e0 maintenir son poids de forme.  Le\u00a0m\u00e9lange d&#039;extraits de malt\u00a0et de fibres\u00a0contribue \u00e0 la\u00a0r\u00e9duction de la formation de boules de poils dans l&#039;estomac et \u00e0\u00a0l&#039;\u00e9limination naturelle des poils ing\u00e9r\u00e9s.\" \/>\n<meta name=\"robots\" content=\"noindex, nofollow\" \/>\n<meta property=\"og:locale\" content=\"fr_FR\" \/>\n<meta property=\"og:type\" content=\"article\" \/>\n<meta property=\"og:title\" content=\"Chat Hairball St\u00e9rilis\u00e9 Dinde Advance - V\u00e9torino\" \/>\n<meta property=\"og:description\" content=\"Advance Sterilized Adult Hairball est sp\u00e9cialement recommand\u00e9 pour aider \u00e0 contr\u00f4ler les boules de poils chez les chats adultes st\u00e9rilis\u00e9s.  Leur recette compl\u00e8te contribue\u00a0au contr\u00f4le du poids\u00a0et aide le chat \u00e0 maintenir son poids de forme.  Le\u00a0m\u00e9lange d&#039;extraits de malt\u00a0et de fibres\u00a0contribue \u00e0 la\u00a0r\u00e9duction de la formation de boules de poils dans l&#039;estomac et \u00e0\u00a0l&#039;\u00e9limination naturelle des poils ing\u00e9r\u00e9s.\" \/>\n<meta property=\"og:url\" content=\"https:\/\/www.vetorino.com\/veterinaire\/prunelli-di-fiumorbo-20243\/boutique\/product\/advance-chat-hairball-sterilise-dinde\/\" \/>\n<meta property=\"og:site_name\" content=\"V\u00e9torino\" \/>\n<meta property=\"article:publisher\" content=\"https:\/\/www.facebook.com\/Vetorino\/\" \/>\n<meta property=\"article:modified_time\" content=\"2025-10-29T16:28:53+00:00\" \/>\n<meta property=\"og:image\" content=\"https:\/\/www.vetorino.com\/boutique\/wp-content\/uploads\/2025\/06\/373798_pla_advance_sterilized_hairball_hs_01_2.jpg\" \/>\n\t<meta property=\"og:image:width\" content=\"800\" \/>\n\t<meta property=\"og:image:height\" content=\"800\" \/>\n\t<meta property=\"og:image:type\" content=\"image\/jpeg\" \/>\n<meta name=\"twitter:card\" content=\"summary_large_image\" \/>\n<meta name=\"twitter:label1\" content=\"Prix\" \/>\n\t<meta name=\"twitter:data1\" content=\"18,44&euro;\" \/>\n\t<meta name=\"twitter:label2\" content=\"Disponibilit\u00e9\" \/>\n\t<meta name=\"twitter:data2\" content=\"En stock\" \/>\n<script type=\"application\/ld+json\" class=\"yoast-schema-graph\">{\"@context\":\"https:\\\/\\\/schema.org\",\"@graph\":[{\"@type\":\"WebPage\",\"@id\":\"https:\\\/\\\/www.vetorino.com\\\/veterinaire\\\/briancon-05100\\\/boutique\\\/product\\\/advance-chat-hairball-sterilise-dinde\\\/\",\"url\":\"https:\\\/\\\/www.vetorino.com\\\/veterinaire\\\/briancon-05100\\\/boutique\\\/product\\\/advance-chat-hairball-sterilise-dinde\\\/\",\"name\":\"Chat Hairball St\u00e9rilis\u00e9 Dinde Advance - V\u00e9torino\",\"isPartOf\":{\"@id\":\"https:\\\/\\\/www.vetorino.com\\\/boutique\\\/#website\"},\"primaryImageOfPage\":{\"@id\":\"https:\\\/\\\/www.vetorino.com\\\/veterinaire\\\/briancon-05100\\\/boutique\\\/product\\\/advance-chat-hairball-sterilise-dinde\\\/#primaryimage\"},\"image\":{\"@id\":\"https:\\\/\\\/www.vetorino.com\\\/veterinaire\\\/briancon-05100\\\/boutique\\\/product\\\/advance-chat-hairball-sterilise-dinde\\\/#primaryimage\"},\"thumbnailUrl\":\"https:\\\/\\\/www.vetorino.com\\\/boutique\\\/wp-content\\\/uploads\\\/2025\\\/06\\\/373798_pla_advance_sterilized_hairball_hs_01_2.jpg\",\"datePublished\":\"2025-06-07T03:35:19+00:00\",\"dateModified\":\"2025-10-29T16:28:53+00:00\",\"description\":\"Advance Sterilized Adult Hairball est sp\u00e9cialement recommand\u00e9 pour aider \u00e0 contr\u00f4ler les boules de poils chez les chats adultes st\u00e9rilis\u00e9s. Leur recette compl\u00e8te contribue\u00a0au contr\u00f4le du poids\u00a0et aide le chat \u00e0 maintenir son poids de forme. Le\u00a0m\u00e9lange d'extraits de malt\u00a0et de fibres\u00a0contribue \u00e0 la\u00a0r\u00e9duction de la formation de boules de poils dans l'estomac et \u00e0\u00a0l'\u00e9limination naturelle des poils ing\u00e9r\u00e9s.\",\"breadcrumb\":{\"@id\":\"https:\\\/\\\/www.vetorino.com\\\/veterinaire\\\/briancon-05100\\\/boutique\\\/product\\\/advance-chat-hairball-sterilise-dinde\\\/#breadcrumb\"},\"inLanguage\":\"fr-FR\",\"potentialAction\":[{\"@type\":\"ReadAction\",\"target\":[\"https:\\\/\\\/www.vetorino.com\\\/veterinaire\\\/briancon-05100\\\/boutique\\\/product\\\/advance-chat-hairball-sterilise-dinde\\\/\"]}]},{\"@type\":\"ImageObject\",\"inLanguage\":\"fr-FR\",\"@id\":\"https:\\\/\\\/www.vetorino.com\\\/veterinaire\\\/briancon-05100\\\/boutique\\\/product\\\/advance-chat-hairball-sterilise-dinde\\\/#primaryimage\",\"url\":\"https:\\\/\\\/www.vetorino.com\\\/boutique\\\/wp-content\\\/uploads\\\/2025\\\/06\\\/373798_pla_advance_sterilized_hairball_hs_01_2.jpg\",\"contentUrl\":\"https:\\\/\\\/www.vetorino.com\\\/boutique\\\/wp-content\\\/uploads\\\/2025\\\/06\\\/373798_pla_advance_sterilized_hairball_hs_01_2.jpg\",\"width\":800,\"height\":800},{\"@type\":\"BreadcrumbList\",\"@id\":\"https:\\\/\\\/www.vetorino.com\\\/veterinaire\\\/briancon-05100\\\/boutique\\\/product\\\/advance-chat-hairball-sterilise-dinde\\\/#breadcrumb\",\"itemListElement\":[{\"@type\":\"ListItem\",\"position\":1,\"name\":\"Accueil\",\"item\":\"https:\\\/\\\/www.vetorino.com\\\/boutique\\\/\"},{\"@type\":\"ListItem\",\"position\":2,\"name\":\"Produits\",\"item\":\"https:\\\/\\\/www.vetorino.com\\\/boutique\\\/\"},{\"@type\":\"ListItem\",\"position\":3,\"name\":\"Chat Hairball St\u00e9rilis\u00e9 Dinde\"}]},{\"@type\":\"WebSite\",\"@id\":\"https:\\\/\\\/www.vetorino.com\\\/boutique\\\/#website\",\"url\":\"https:\\\/\\\/www.vetorino.com\\\/boutique\\\/\",\"name\":\"V\u00e9torino\",\"description\":\"\",\"publisher\":{\"@id\":\"https:\\\/\\\/www.vetorino.com\\\/boutique\\\/#organization\"},\"potentialAction\":[{\"@type\":\"SearchAction\",\"target\":{\"@type\":\"EntryPoint\",\"urlTemplate\":\"https:\\\/\\\/www.vetorino.com\\\/boutique\\\/?s={search_term_string}\"},\"query-input\":{\"@type\":\"PropertyValueSpecification\",\"valueRequired\":true,\"valueName\":\"search_term_string\"}}],\"inLanguage\":\"fr-FR\"},{\"@type\":\"Organization\",\"@id\":\"https:\\\/\\\/www.vetorino.com\\\/boutique\\\/#organization\",\"name\":\"V\u00e9torino\",\"url\":\"https:\\\/\\\/www.vetorino.com\\\/boutique\\\/\",\"logo\":{\"@type\":\"ImageObject\",\"inLanguage\":\"fr-FR\",\"@id\":\"https:\\\/\\\/www.vetorino.com\\\/boutique\\\/#\\\/schema\\\/logo\\\/image\\\/\",\"url\":\"https:\\\/\\\/www.vetorino.com\\\/boutique\\\/wp-content\\\/uploads\\\/2024\\\/10\\\/logo.jpg\",\"contentUrl\":\"https:\\\/\\\/www.vetorino.com\\\/boutique\\\/wp-content\\\/uploads\\\/2024\\\/10\\\/logo.jpg\",\"width\":1200,\"height\":610,\"caption\":\"V\u00e9torino\"},\"image\":{\"@id\":\"https:\\\/\\\/www.vetorino.com\\\/boutique\\\/#\\\/schema\\\/logo\\\/image\\\/\"},\"sameAs\":[\"https:\\\/\\\/www.facebook.com\\\/Vetorino\\\/\",\"https:\\\/\\\/www.instagram.com\\\/vetorino_off\\\/\",\"https:\\\/\\\/www.linkedin.com\\\/company\\\/vtorino\\\/\"]}]}<\/script>\n<meta property=\"product:brand\" content=\"Advance\" \/>\n<meta property=\"product:price:amount\" content=\"18.44\" \/>\n<meta property=\"product:price:currency\" content=\"EUR\" \/>\n<meta property=\"og:availability\" content=\"instock\" \/>\n<meta property=\"product:availability\" content=\"instock\" \/>\n<meta property=\"product:retailer_item_id\" content=\"A-1892110\" \/>\n<meta property=\"product:condition\" content=\"new\" \/>\n<!-- \/ Yoast SEO plugin. -->","yoast_head_json":{"title":"Chat Hairball St\u00e9rilis\u00e9 Dinde Advance - V\u00e9torino","description":"Advance Sterilized Adult Hairball est sp\u00e9cialement recommand\u00e9 pour aider \u00e0 contr\u00f4ler les boules de poils chez les chats adultes st\u00e9rilis\u00e9s.  Leur recette compl\u00e8te contribue\u00a0au contr\u00f4le du poids\u00a0et aide le chat \u00e0 maintenir son poids de forme.  Le\u00a0m\u00e9lange d'extraits de malt\u00a0et de fibres\u00a0contribue \u00e0 la\u00a0r\u00e9duction de la formation de boules de poils dans l'estomac et \u00e0\u00a0l'\u00e9limination naturelle des poils ing\u00e9r\u00e9s.","robots":{"index":"noindex","follow":"nofollow"},"og_locale":"fr_FR","og_type":"article","og_title":"Chat Hairball St\u00e9rilis\u00e9 Dinde Advance - V\u00e9torino","og_description":"Advance Sterilized Adult Hairball est sp\u00e9cialement recommand\u00e9 pour aider \u00e0 contr\u00f4ler les boules de poils chez les chats adultes st\u00e9rilis\u00e9s.  Leur recette compl\u00e8te contribue\u00a0au contr\u00f4le du poids\u00a0et aide le chat \u00e0 maintenir son poids de forme.  Le\u00a0m\u00e9lange d'extraits de malt\u00a0et de fibres\u00a0contribue \u00e0 la\u00a0r\u00e9duction de la formation de boules de poils dans l'estomac et \u00e0\u00a0l'\u00e9limination naturelle des poils ing\u00e9r\u00e9s.","og_url":"https:\/\/www.vetorino.com\/veterinaire\/prunelli-di-fiumorbo-20243\/boutique\/product\/advance-chat-hairball-sterilise-dinde\/","og_site_name":"V\u00e9torino","article_publisher":"https:\/\/www.facebook.com\/Vetorino\/","article_modified_time":"2025-10-29T16:28:53+00:00","og_image":[{"width":800,"height":800,"url":"https:\/\/www.vetorino.com\/boutique\/wp-content\/uploads\/2025\/06\/373798_pla_advance_sterilized_hairball_hs_01_2.jpg","type":"image\/jpeg"}],"twitter_card":"summary_large_image","twitter_misc":{"Prix":"18,44&euro;","Disponibilit\u00e9":"En stock"},"schema":{"@context":"https:\/\/schema.org","@graph":[{"@type":"WebPage","@id":"https:\/\/www.vetorino.com\/veterinaire\/briancon-05100\/boutique\/product\/advance-chat-hairball-sterilise-dinde\/","url":"https:\/\/www.vetorino.com\/veterinaire\/briancon-05100\/boutique\/product\/advance-chat-hairball-sterilise-dinde\/","name":"Chat Hairball St\u00e9rilis\u00e9 Dinde Advance - V\u00e9torino","isPartOf":{"@id":"https:\/\/www.vetorino.com\/boutique\/#website"},"primaryImageOfPage":{"@id":"https:\/\/www.vetorino.com\/veterinaire\/briancon-05100\/boutique\/product\/advance-chat-hairball-sterilise-dinde\/#primaryimage"},"image":{"@id":"https:\/\/www.vetorino.com\/veterinaire\/briancon-05100\/boutique\/product\/advance-chat-hairball-sterilise-dinde\/#primaryimage"},"thumbnailUrl":"https:\/\/www.vetorino.com\/boutique\/wp-content\/uploads\/2025\/06\/373798_pla_advance_sterilized_hairball_hs_01_2.jpg","datePublished":"2025-06-07T03:35:19+00:00","dateModified":"2025-10-29T16:28:53+00:00","description":"Advance Sterilized Adult Hairball est sp\u00e9cialement recommand\u00e9 pour aider \u00e0 contr\u00f4ler les boules de poils chez les chats adultes st\u00e9rilis\u00e9s. Leur recette compl\u00e8te contribue\u00a0au contr\u00f4le du poids\u00a0et aide le chat \u00e0 maintenir son poids de forme. Le\u00a0m\u00e9lange d'extraits de malt\u00a0et de fibres\u00a0contribue \u00e0 la\u00a0r\u00e9duction de la formation de boules de poils dans l'estomac et \u00e0\u00a0l'\u00e9limination naturelle des poils ing\u00e9r\u00e9s.","breadcrumb":{"@id":"https:\/\/www.vetorino.com\/veterinaire\/briancon-05100\/boutique\/product\/advance-chat-hairball-sterilise-dinde\/#breadcrumb"},"inLanguage":"fr-FR","potentialAction":[{"@type":"ReadAction","target":["https:\/\/www.vetorino.com\/veterinaire\/briancon-05100\/boutique\/product\/advance-chat-hairball-sterilise-dinde\/"]}]},{"@type":"ImageObject","inLanguage":"fr-FR","@id":"https:\/\/www.vetorino.com\/veterinaire\/briancon-05100\/boutique\/product\/advance-chat-hairball-sterilise-dinde\/#primaryimage","url":"https:\/\/www.vetorino.com\/boutique\/wp-content\/uploads\/2025\/06\/373798_pla_advance_sterilized_hairball_hs_01_2.jpg","contentUrl":"https:\/\/www.vetorino.com\/boutique\/wp-content\/uploads\/2025\/06\/373798_pla_advance_sterilized_hairball_hs_01_2.jpg","width":800,"height":800},{"@type":"BreadcrumbList","@id":"https:\/\/www.vetorino.com\/veterinaire\/briancon-05100\/boutique\/product\/advance-chat-hairball-sterilise-dinde\/#breadcrumb","itemListElement":[{"@type":"ListItem","position":1,"name":"Accueil","item":"https:\/\/www.vetorino.com\/boutique\/"},{"@type":"ListItem","position":2,"name":"Produits","item":"https:\/\/www.vetorino.com\/boutique\/"},{"@type":"ListItem","position":3,"name":"Chat Hairball St\u00e9rilis\u00e9 Dinde"}]},{"@type":"WebSite","@id":"https:\/\/www.vetorino.com\/boutique\/#website","url":"https:\/\/www.vetorino.com\/boutique\/","name":"V\u00e9torino","description":"","publisher":{"@id":"https:\/\/www.vetorino.com\/boutique\/#organization"},"potentialAction":[{"@type":"SearchAction","target":{"@type":"EntryPoint","urlTemplate":"https:\/\/www.vetorino.com\/boutique\/?s={search_term_string}"},"query-input":{"@type":"PropertyValueSpecification","valueRequired":true,"valueName":"search_term_string"}}],"inLanguage":"fr-FR"},{"@type":"Organization","@id":"https:\/\/www.vetorino.com\/boutique\/#organization","name":"V\u00e9torino","url":"https:\/\/www.vetorino.com\/boutique\/","logo":{"@type":"ImageObject","inLanguage":"fr-FR","@id":"https:\/\/www.vetorino.com\/boutique\/#\/schema\/logo\/image\/","url":"https:\/\/www.vetorino.com\/boutique\/wp-content\/uploads\/2024\/10\/logo.jpg","contentUrl":"https:\/\/www.vetorino.com\/boutique\/wp-content\/uploads\/2024\/10\/logo.jpg","width":1200,"height":610,"caption":"V\u00e9torino"},"image":{"@id":"https:\/\/www.vetorino.com\/boutique\/#\/schema\/logo\/image\/"},"sameAs":["https:\/\/www.facebook.com\/Vetorino\/","https:\/\/www.instagram.com\/vetorino_off\/","https:\/\/www.linkedin.com\/company\/vtorino\/"]}]},"product_brand":"Advance","product_price_amount":"18.44","product_price_currency":"EUR","og_availability":"instock","product_availability":"instock","product_retailer_item_id":"A-1892110","product_condition":"new"},"_links":{"self":[{"href":"https:\/\/www.vetorino.com\/veterinaire\/prunelli-di-fiumorbo-20243\/boutique\/wp-json\/wp\/v2\/product\/1362672","targetHints":{"allow":["GET"]}}],"collection":[{"href":"https:\/\/www.vetorino.com\/veterinaire\/prunelli-di-fiumorbo-20243\/boutique\/wp-json\/wp\/v2\/product"}],"about":[{"href":"https:\/\/www.vetorino.com\/veterinaire\/prunelli-di-fiumorbo-20243\/boutique\/wp-json\/wp\/v2\/types\/product"}],"wp:featuredmedia":[{"embeddable":true,"href":"https:\/\/www.vetorino.com\/veterinaire\/prunelli-di-fiumorbo-20243\/boutique\/wp-json\/wp\/v2\/media\/1370434"}],"wp:attachment":[{"href":"https:\/\/www.vetorino.com\/veterinaire\/prunelli-di-fiumorbo-20243\/boutique\/wp-json\/wp\/v2\/media?parent=1362672"}],"wp:term":[{"taxonomy":"product_cat","embeddable":true,"href":"https:\/\/www.vetorino.com\/veterinaire\/prunelli-di-fiumorbo-20243\/boutique\/wp-json\/wp\/v2\/product_cat?post=1362672"},{"taxonomy":"product_tag","embeddable":true,"href":"https:\/\/www.vetorino.com\/veterinaire\/prunelli-di-fiumorbo-20243\/boutique\/wp-json\/wp\/v2\/product_tag?post=1362672"}],"curies":[{"name":"wp","href":"https:\/\/api.w.org\/{rel}","templated":true}]}}