{"id":1369738,"date":"2025-06-12T05:35:04","date_gmt":"2025-06-12T03:35:04","guid":{"rendered":"https:\/\/www.vetorino.com\/boutique\/product\/advance-veterinary-diets-chat-renal-sachets\/"},"modified":"2026-03-10T14:37:31","modified_gmt":"2026-03-10T13:37:31","slug":"advance-veterinary-diets-chat-renal-sachets","status":"publish","type":"product","link":"https:\/\/www.vetorino.com\/veterinaire\/prunelli-di-fiumorbo-20243\/boutique\/product\/advance-veterinary-diets-chat-renal-sachets\/","title":{"rendered":"Chat Renal Sachets"},"content":{"rendered":"<p>ADVANCE VETERINARY DIETS FELINE RENAL est un <strong>aliment di\u00e9t\u00e9tique humide complet pour chats adultes<\/strong>.<\/p>\n<p>Avec sa faible teneur en prot\u00e9ines de qualit\u00e9 sup\u00e9rieure et en phosphore, il est particuli\u00e8rement<strong> indiqu\u00e9 pour le soutien de la fonction r\u00e9nale<\/strong> en cas d\u2019<strong>insuffisance r\u00e9nale chronique ou temporaire.<\/strong><\/p>\n<p><strong>Bienfaits :<\/strong><\/p>\n<ul>\n<li>Aide \u00e0 r\u00e9duire la charge de travail des reins.<\/li>\n<li>Aide \u00e0 ralentir la progression de l&#8217;insuffisance r\u00e9nale.<\/li>\n<\/ul>\n<p><strong>Caract\u00e9ristiques principales :<\/strong><\/p>\n<ul>\n<li>Huile de poisson riche en om\u00e9ga-3 : aide \u00e0 contr\u00f4ler l&#8217;hypertension glom\u00e9rulaire et \u00e0 pr\u00e9venir les l\u00e9sions r\u00e9nales structurelles.<\/li>\n<li>pH neutre : aide \u00e0 pr\u00e9venir la formation de calculs d&#8217;oxalate de calcium.<\/li>\n<li>Faible en phosphore : aide \u00e0 ralentir la progression de l&#8217;insuffisance r\u00e9nale.<\/li>\n<li>100% complet et \u00e9quilibr\u00e9.<\/li>\n<\/ul>\n<p><strong>Indications th\u00e9rapeutiques :<\/strong><\/p>\n<ul>\n<li>Maladie r\u00e9nale chronique (MRC).<\/li>\n<li>Insuffisance r\u00e9nale.<\/li>\n<li>Lithiase urinaire d\u2019oxalate de calcium.<\/li>\n<li>Maladie h\u00e9patique li\u00e9e \u00e0 une enc\u00e9phalopathie.<\/li>\n<\/ul>\n<p><strong>Contre-indications :<\/strong><\/p>\n<ul>\n<li>Chatons en cours de croissance.<\/li>\n<li>Gestation \/ lactation.<\/li>\n<li>Probl\u00e8mes de sant\u00e9 n\u00e9cessitant un r\u00e9gime hyperprot\u00e9in\u00e9.<\/li>\n<\/ul>\n<p><strong>Dur\u00e9e d\u2019utilisation recommand\u00e9e :<\/strong><\/p>\n<ul>\n<li>Si l\u2019aliment est pr\u00e9conis\u00e9 pour l\u2019insuffisance r\u00e9nale temporaire : la dur\u00e9e d\u2019utilisation recommand\u00e9e doit \u00eatre de 2 \u00e0 4 semaines.<\/li>\n<li>En cas d\u2019insuffisance r\u00e9nale chronique, \u00e0 utiliser au d\u00e9part jusqu\u2019\u00e0 6 mois.<\/li>\n<\/ul>\n<p>Il est recommand\u00e9 de consulter un v\u00e9t\u00e9rinaire avant utilisation ou prolongation de la p\u00e9riode d\u2019utilisation. Les quantit\u00e9s quotidiennes sont donn\u00e9es \u00e0 titre indicatif et doivent \u00eatre adapt\u00e9es \u00e0 la condition physique et au niveau d&#8217;activit\u00e9.<\/p>\n<p>Conserver dans un endroit frais et sec. Servir tel quel \u00e0 temp\u00e9rature ambiante. Apr\u00e8s ouverture, \u00e0 conserver 2 jours maximum au r\u00e9frig\u00e9rateur. Un bol d&#8217;eau fra\u00eeche et propre doit toujours \u00eatre mis \u00e0 disposition de l&#8217;animal.<\/p>\n<p><strong>La combinaison d\u2019aliments humides et d\u2019aliments secs<\/strong>, appel\u00e9e \u00ab bi-nutrition \u00bb,\u00a0<strong>peut pr\u00e9senter de nombreux avantages pour votre chat<\/strong>, notamment parce qu\u2019elle contribue \u00e0 l\u2019hydratation et \u00e0 la sant\u00e9 urinaire, am\u00e9liore l\u2019app\u00e9tit et favorise la sensation de sati\u00e9t\u00e9.<\/p>\n","protected":false},"excerpt":{"rendered":"<p>Aliment\u00a0<strong>humide\u00a0<\/strong>en sauce pour\u00a0<strong>chats atteints d\u2019insuffisance r\u00e9nale<\/strong>. Soutient la fonction r\u00e9nale et favorise la prise d\u2019eau.<\/p>\n<p><strong>Utilisation :<\/strong><\/p>\n<ul>\n<li>Maladie r\u00e9nale chronique (MRC).<\/li>\n<li>Insuffisance r\u00e9nale.<\/li>\n<li>Lithiase urinaire d\u2019oxalate de calcium.<\/li>\n<li>Maladie h\u00e9patique li\u00e9e \u00e0 une enc\u00e9phalopathie.<\/li>\n<\/ul>\n<p><strong>Demander conseil \u00e0 un v\u00e9t\u00e9rinaire avant utilisation.<\/strong><\/p>\n","protected":false},"featured_media":1738818,"template":"","meta":[],"product_cat":[12551,12581,2697],"product_tag":[],"class_list":{"0":"post-1369738","1":"product","2":"type-product","3":"status-publish","4":"has-post-thumbnail","6":"product_cat-alimentation-du-chat","7":"product_cat-alimentation-medicalisee-pour-chat","8":"product_cat-chat","9":"pa_marque-advance","11":"first","12":"instock","13":"taxable","14":"shipping-taxable","15":"purchasable","16":"product-type-simple"},"yoast_head":"<!-- This site is optimized with the Yoast SEO plugin v27.3 - https:\/\/yoast.com\/product\/yoast-seo-wordpress\/ -->\n<title>Veterinary Diets (Advance) Chat Renal Sachets Advance - V\u00e9torino<\/title>\n<meta name=\"description\" content=\"Aliment\u00a0humide\u00a0en sauce pour\u00a0chats atteints d\u2019insuffisance r\u00e9nale. Soutient la fonction r\u00e9nale et favorise la prise d\u2019eau.  Utilisation :   Maladie r\u00e9nale chronique (MRC).  Insuffisance r\u00e9nale.  Lithiase urinaire d\u2019oxalate de calcium.  Maladie h\u00e9patique li\u00e9e \u00e0 une enc\u00e9phalopathie.  Demander conseil \u00e0 un v\u00e9t\u00e9rinaire avant utilisation.\" \/>\n<meta name=\"robots\" content=\"noindex, nofollow\" \/>\n<meta property=\"og:locale\" content=\"fr_FR\" \/>\n<meta property=\"og:type\" content=\"article\" \/>\n<meta property=\"og:title\" content=\"Veterinary Diets (Advance) Chat Renal Sachets Advance - V\u00e9torino\" \/>\n<meta property=\"og:description\" content=\"Aliment\u00a0humide\u00a0en sauce pour\u00a0chats atteints d\u2019insuffisance r\u00e9nale. Soutient la fonction r\u00e9nale et favorise la prise d\u2019eau.  Utilisation :   Maladie r\u00e9nale chronique (MRC).  Insuffisance r\u00e9nale.  Lithiase urinaire d\u2019oxalate de calcium.  Maladie h\u00e9patique li\u00e9e \u00e0 une enc\u00e9phalopathie.  Demander conseil \u00e0 un v\u00e9t\u00e9rinaire avant utilisation.\" \/>\n<meta property=\"og:url\" content=\"https:\/\/www.vetorino.com\/veterinaire\/prunelli-di-fiumorbo-20243\/boutique\/product\/advance-veterinary-diets-chat-renal-sachets\/\" \/>\n<meta property=\"og:site_name\" content=\"V\u00e9torino\" \/>\n<meta property=\"article:publisher\" content=\"https:\/\/www.facebook.com\/Vetorino\/\" \/>\n<meta property=\"article:modified_time\" content=\"2026-03-10T13:37:31+00:00\" \/>\n<meta property=\"og:image\" content=\"https:\/\/www.vetorino.com\/boutique\/wp-content\/uploads\/2025\/06\/advance-veterinary-diets-renal-1.webp\" \/>\n\t<meta property=\"og:image:width\" content=\"800\" \/>\n\t<meta property=\"og:image:height\" content=\"800\" \/>\n\t<meta property=\"og:image:type\" content=\"image\/webp\" \/>\n<meta name=\"twitter:card\" content=\"summary_large_image\" \/>\n<meta name=\"twitter:label1\" content=\"Prix\" \/>\n\t<meta name=\"twitter:data1\" content=\"18,72&euro;\" \/>\n\t<meta name=\"twitter:label2\" content=\"Disponibilit\u00e9\" \/>\n\t<meta name=\"twitter:data2\" content=\"En stock\" \/>\n<script type=\"application\/ld+json\" class=\"yoast-schema-graph\">{\"@context\":\"https:\\\/\\\/schema.org\",\"@graph\":[{\"@type\":\"WebPage\",\"@id\":\"https:\\\/\\\/www.vetorino.com\\\/veterinaire\\\/briancon-05100\\\/boutique\\\/product\\\/advance-veterinary-diets-chat-renal-sachets\\\/\",\"url\":\"https:\\\/\\\/www.vetorino.com\\\/veterinaire\\\/briancon-05100\\\/boutique\\\/product\\\/advance-veterinary-diets-chat-renal-sachets\\\/\",\"name\":\"Veterinary Diets (Advance) Chat Renal Sachets Advance - V\u00e9torino\",\"isPartOf\":{\"@id\":\"https:\\\/\\\/www.vetorino.com\\\/boutique\\\/#website\"},\"primaryImageOfPage\":{\"@id\":\"https:\\\/\\\/www.vetorino.com\\\/veterinaire\\\/briancon-05100\\\/boutique\\\/product\\\/advance-veterinary-diets-chat-renal-sachets\\\/#primaryimage\"},\"image\":{\"@id\":\"https:\\\/\\\/www.vetorino.com\\\/veterinaire\\\/briancon-05100\\\/boutique\\\/product\\\/advance-veterinary-diets-chat-renal-sachets\\\/#primaryimage\"},\"thumbnailUrl\":\"https:\\\/\\\/www.vetorino.com\\\/boutique\\\/wp-content\\\/uploads\\\/2025\\\/06\\\/advance-veterinary-diets-renal-1.webp\",\"datePublished\":\"2025-06-12T03:35:04+00:00\",\"dateModified\":\"2026-03-10T13:37:31+00:00\",\"description\":\"Aliment\u00a0humide\u00a0en sauce pour\u00a0chats atteints d\u2019insuffisance r\u00e9nale. Soutient la fonction r\u00e9nale et favorise la prise d\u2019eau. Utilisation : Maladie r\u00e9nale chronique (MRC). Insuffisance r\u00e9nale. Lithiase urinaire d\u2019oxalate de calcium. Maladie h\u00e9patique li\u00e9e \u00e0 une enc\u00e9phalopathie. Demander conseil \u00e0 un v\u00e9t\u00e9rinaire avant utilisation.\",\"breadcrumb\":{\"@id\":\"https:\\\/\\\/www.vetorino.com\\\/veterinaire\\\/briancon-05100\\\/boutique\\\/product\\\/advance-veterinary-diets-chat-renal-sachets\\\/#breadcrumb\"},\"inLanguage\":\"fr-FR\",\"potentialAction\":[{\"@type\":\"ReadAction\",\"target\":[\"https:\\\/\\\/www.vetorino.com\\\/veterinaire\\\/briancon-05100\\\/boutique\\\/product\\\/advance-veterinary-diets-chat-renal-sachets\\\/\"]}]},{\"@type\":\"ImageObject\",\"inLanguage\":\"fr-FR\",\"@id\":\"https:\\\/\\\/www.vetorino.com\\\/veterinaire\\\/briancon-05100\\\/boutique\\\/product\\\/advance-veterinary-diets-chat-renal-sachets\\\/#primaryimage\",\"url\":\"https:\\\/\\\/www.vetorino.com\\\/boutique\\\/wp-content\\\/uploads\\\/2025\\\/06\\\/advance-veterinary-diets-renal-1.webp\",\"contentUrl\":\"https:\\\/\\\/www.vetorino.com\\\/boutique\\\/wp-content\\\/uploads\\\/2025\\\/06\\\/advance-veterinary-diets-renal-1.webp\",\"width\":800,\"height\":800},{\"@type\":\"BreadcrumbList\",\"@id\":\"https:\\\/\\\/www.vetorino.com\\\/veterinaire\\\/briancon-05100\\\/boutique\\\/product\\\/advance-veterinary-diets-chat-renal-sachets\\\/#breadcrumb\",\"itemListElement\":[{\"@type\":\"ListItem\",\"position\":1,\"name\":\"Accueil\",\"item\":\"https:\\\/\\\/www.vetorino.com\\\/boutique\\\/\"},{\"@type\":\"ListItem\",\"position\":2,\"name\":\"Produits\",\"item\":\"https:\\\/\\\/www.vetorino.com\\\/boutique\\\/\"},{\"@type\":\"ListItem\",\"position\":3,\"name\":\"Chat Renal Sachets\"}]},{\"@type\":\"WebSite\",\"@id\":\"https:\\\/\\\/www.vetorino.com\\\/boutique\\\/#website\",\"url\":\"https:\\\/\\\/www.vetorino.com\\\/boutique\\\/\",\"name\":\"V\u00e9torino\",\"description\":\"\",\"publisher\":{\"@id\":\"https:\\\/\\\/www.vetorino.com\\\/boutique\\\/#organization\"},\"potentialAction\":[{\"@type\":\"SearchAction\",\"target\":{\"@type\":\"EntryPoint\",\"urlTemplate\":\"https:\\\/\\\/www.vetorino.com\\\/boutique\\\/?s={search_term_string}\"},\"query-input\":{\"@type\":\"PropertyValueSpecification\",\"valueRequired\":true,\"valueName\":\"search_term_string\"}}],\"inLanguage\":\"fr-FR\"},{\"@type\":\"Organization\",\"@id\":\"https:\\\/\\\/www.vetorino.com\\\/boutique\\\/#organization\",\"name\":\"V\u00e9torino\",\"url\":\"https:\\\/\\\/www.vetorino.com\\\/boutique\\\/\",\"logo\":{\"@type\":\"ImageObject\",\"inLanguage\":\"fr-FR\",\"@id\":\"https:\\\/\\\/www.vetorino.com\\\/boutique\\\/#\\\/schema\\\/logo\\\/image\\\/\",\"url\":\"https:\\\/\\\/www.vetorino.com\\\/boutique\\\/wp-content\\\/uploads\\\/2024\\\/10\\\/logo.jpg\",\"contentUrl\":\"https:\\\/\\\/www.vetorino.com\\\/boutique\\\/wp-content\\\/uploads\\\/2024\\\/10\\\/logo.jpg\",\"width\":1200,\"height\":610,\"caption\":\"V\u00e9torino\"},\"image\":{\"@id\":\"https:\\\/\\\/www.vetorino.com\\\/boutique\\\/#\\\/schema\\\/logo\\\/image\\\/\"},\"sameAs\":[\"https:\\\/\\\/www.facebook.com\\\/Vetorino\\\/\",\"https:\\\/\\\/www.instagram.com\\\/vetorino_off\\\/\",\"https:\\\/\\\/www.linkedin.com\\\/company\\\/vtorino\\\/\"]}]}<\/script>\n<meta property=\"product:brand\" content=\"Advance\" \/>\n<meta property=\"product:price:amount\" content=\"18.72\" \/>\n<meta property=\"product:price:currency\" content=\"EUR\" \/>\n<meta property=\"og:availability\" content=\"instock\" \/>\n<meta property=\"product:availability\" content=\"instock\" \/>\n<meta property=\"product:retailer_item_id\" content=\"A-1891710\" \/>\n<meta property=\"product:condition\" content=\"new\" \/>\n<!-- \/ Yoast SEO plugin. -->","yoast_head_json":{"title":"Veterinary Diets (Advance) Chat Renal Sachets Advance - V\u00e9torino","description":"Aliment\u00a0humide\u00a0en sauce pour\u00a0chats atteints d\u2019insuffisance r\u00e9nale. Soutient la fonction r\u00e9nale et favorise la prise d\u2019eau.  Utilisation :   Maladie r\u00e9nale chronique (MRC).  Insuffisance r\u00e9nale.  Lithiase urinaire d\u2019oxalate de calcium.  Maladie h\u00e9patique li\u00e9e \u00e0 une enc\u00e9phalopathie.  Demander conseil \u00e0 un v\u00e9t\u00e9rinaire avant utilisation.","robots":{"index":"noindex","follow":"nofollow"},"og_locale":"fr_FR","og_type":"article","og_title":"Veterinary Diets (Advance) Chat Renal Sachets Advance - V\u00e9torino","og_description":"Aliment\u00a0humide\u00a0en sauce pour\u00a0chats atteints d\u2019insuffisance r\u00e9nale. Soutient la fonction r\u00e9nale et favorise la prise d\u2019eau.  Utilisation :   Maladie r\u00e9nale chronique (MRC).  Insuffisance r\u00e9nale.  Lithiase urinaire d\u2019oxalate de calcium.  Maladie h\u00e9patique li\u00e9e \u00e0 une enc\u00e9phalopathie.  Demander conseil \u00e0 un v\u00e9t\u00e9rinaire avant utilisation.","og_url":"https:\/\/www.vetorino.com\/veterinaire\/prunelli-di-fiumorbo-20243\/boutique\/product\/advance-veterinary-diets-chat-renal-sachets\/","og_site_name":"V\u00e9torino","article_publisher":"https:\/\/www.facebook.com\/Vetorino\/","article_modified_time":"2026-03-10T13:37:31+00:00","og_image":[{"width":800,"height":800,"url":"https:\/\/www.vetorino.com\/boutique\/wp-content\/uploads\/2025\/06\/advance-veterinary-diets-renal-1.webp","type":"image\/webp"}],"twitter_card":"summary_large_image","twitter_misc":{"Prix":"18,72&euro;","Disponibilit\u00e9":"En stock"},"schema":{"@context":"https:\/\/schema.org","@graph":[{"@type":"WebPage","@id":"https:\/\/www.vetorino.com\/veterinaire\/briancon-05100\/boutique\/product\/advance-veterinary-diets-chat-renal-sachets\/","url":"https:\/\/www.vetorino.com\/veterinaire\/briancon-05100\/boutique\/product\/advance-veterinary-diets-chat-renal-sachets\/","name":"Veterinary Diets (Advance) Chat Renal Sachets Advance - V\u00e9torino","isPartOf":{"@id":"https:\/\/www.vetorino.com\/boutique\/#website"},"primaryImageOfPage":{"@id":"https:\/\/www.vetorino.com\/veterinaire\/briancon-05100\/boutique\/product\/advance-veterinary-diets-chat-renal-sachets\/#primaryimage"},"image":{"@id":"https:\/\/www.vetorino.com\/veterinaire\/briancon-05100\/boutique\/product\/advance-veterinary-diets-chat-renal-sachets\/#primaryimage"},"thumbnailUrl":"https:\/\/www.vetorino.com\/boutique\/wp-content\/uploads\/2025\/06\/advance-veterinary-diets-renal-1.webp","datePublished":"2025-06-12T03:35:04+00:00","dateModified":"2026-03-10T13:37:31+00:00","description":"Aliment\u00a0humide\u00a0en sauce pour\u00a0chats atteints d\u2019insuffisance r\u00e9nale. Soutient la fonction r\u00e9nale et favorise la prise d\u2019eau. Utilisation : Maladie r\u00e9nale chronique (MRC). Insuffisance r\u00e9nale. Lithiase urinaire d\u2019oxalate de calcium. Maladie h\u00e9patique li\u00e9e \u00e0 une enc\u00e9phalopathie. Demander conseil \u00e0 un v\u00e9t\u00e9rinaire avant utilisation.","breadcrumb":{"@id":"https:\/\/www.vetorino.com\/veterinaire\/briancon-05100\/boutique\/product\/advance-veterinary-diets-chat-renal-sachets\/#breadcrumb"},"inLanguage":"fr-FR","potentialAction":[{"@type":"ReadAction","target":["https:\/\/www.vetorino.com\/veterinaire\/briancon-05100\/boutique\/product\/advance-veterinary-diets-chat-renal-sachets\/"]}]},{"@type":"ImageObject","inLanguage":"fr-FR","@id":"https:\/\/www.vetorino.com\/veterinaire\/briancon-05100\/boutique\/product\/advance-veterinary-diets-chat-renal-sachets\/#primaryimage","url":"https:\/\/www.vetorino.com\/boutique\/wp-content\/uploads\/2025\/06\/advance-veterinary-diets-renal-1.webp","contentUrl":"https:\/\/www.vetorino.com\/boutique\/wp-content\/uploads\/2025\/06\/advance-veterinary-diets-renal-1.webp","width":800,"height":800},{"@type":"BreadcrumbList","@id":"https:\/\/www.vetorino.com\/veterinaire\/briancon-05100\/boutique\/product\/advance-veterinary-diets-chat-renal-sachets\/#breadcrumb","itemListElement":[{"@type":"ListItem","position":1,"name":"Accueil","item":"https:\/\/www.vetorino.com\/boutique\/"},{"@type":"ListItem","position":2,"name":"Produits","item":"https:\/\/www.vetorino.com\/boutique\/"},{"@type":"ListItem","position":3,"name":"Chat Renal Sachets"}]},{"@type":"WebSite","@id":"https:\/\/www.vetorino.com\/boutique\/#website","url":"https:\/\/www.vetorino.com\/boutique\/","name":"V\u00e9torino","description":"","publisher":{"@id":"https:\/\/www.vetorino.com\/boutique\/#organization"},"potentialAction":[{"@type":"SearchAction","target":{"@type":"EntryPoint","urlTemplate":"https:\/\/www.vetorino.com\/boutique\/?s={search_term_string}"},"query-input":{"@type":"PropertyValueSpecification","valueRequired":true,"valueName":"search_term_string"}}],"inLanguage":"fr-FR"},{"@type":"Organization","@id":"https:\/\/www.vetorino.com\/boutique\/#organization","name":"V\u00e9torino","url":"https:\/\/www.vetorino.com\/boutique\/","logo":{"@type":"ImageObject","inLanguage":"fr-FR","@id":"https:\/\/www.vetorino.com\/boutique\/#\/schema\/logo\/image\/","url":"https:\/\/www.vetorino.com\/boutique\/wp-content\/uploads\/2024\/10\/logo.jpg","contentUrl":"https:\/\/www.vetorino.com\/boutique\/wp-content\/uploads\/2024\/10\/logo.jpg","width":1200,"height":610,"caption":"V\u00e9torino"},"image":{"@id":"https:\/\/www.vetorino.com\/boutique\/#\/schema\/logo\/image\/"},"sameAs":["https:\/\/www.facebook.com\/Vetorino\/","https:\/\/www.instagram.com\/vetorino_off\/","https:\/\/www.linkedin.com\/company\/vtorino\/"]}]},"product_brand":"Advance","product_price_amount":"18.72","product_price_currency":"EUR","og_availability":"instock","product_availability":"instock","product_retailer_item_id":"A-1891710","product_condition":"new"},"_links":{"self":[{"href":"https:\/\/www.vetorino.com\/veterinaire\/prunelli-di-fiumorbo-20243\/boutique\/wp-json\/wp\/v2\/product\/1369738","targetHints":{"allow":["GET"]}}],"collection":[{"href":"https:\/\/www.vetorino.com\/veterinaire\/prunelli-di-fiumorbo-20243\/boutique\/wp-json\/wp\/v2\/product"}],"about":[{"href":"https:\/\/www.vetorino.com\/veterinaire\/prunelli-di-fiumorbo-20243\/boutique\/wp-json\/wp\/v2\/types\/product"}],"wp:featuredmedia":[{"embeddable":true,"href":"https:\/\/www.vetorino.com\/veterinaire\/prunelli-di-fiumorbo-20243\/boutique\/wp-json\/wp\/v2\/media\/1738818"}],"wp:attachment":[{"href":"https:\/\/www.vetorino.com\/veterinaire\/prunelli-di-fiumorbo-20243\/boutique\/wp-json\/wp\/v2\/media?parent=1369738"}],"wp:term":[{"taxonomy":"product_cat","embeddable":true,"href":"https:\/\/www.vetorino.com\/veterinaire\/prunelli-di-fiumorbo-20243\/boutique\/wp-json\/wp\/v2\/product_cat?post=1369738"},{"taxonomy":"product_tag","embeddable":true,"href":"https:\/\/www.vetorino.com\/veterinaire\/prunelli-di-fiumorbo-20243\/boutique\/wp-json\/wp\/v2\/product_tag?post=1369738"}],"curies":[{"name":"wp","href":"https:\/\/api.w.org\/{rel}","templated":true}]}}