{"id":1369742,"date":"2025-06-12T05:35:08","date_gmt":"2025-06-12T03:35:08","guid":{"rendered":"https:\/\/www.vetorino.com\/boutique\/product\/advance-veterinary-diets-chat-weight-balance\/"},"modified":"2026-03-10T10:20:43","modified_gmt":"2026-03-10T09:20:43","slug":"advance-veterinary-diets-chat-weight-balance","status":"publish","type":"product","link":"https:\/\/www.vetorino.com\/veterinaire\/prunelli-di-fiumorbo-20243\/boutique\/product\/advance-veterinary-diets-chat-weight-balance\/","title":{"rendered":"Active Defense Chat Weight Balance"},"content":{"rendered":"<p>Les r\u00e9sultats de la gamme ADVANCE VETERINARY DIETS Weight Balance sont cliniquement prouv\u00e9s : <strong>83 % des chats perdent du poids en 3 mois*<\/strong>.<br \/>\n<em>*\u00c9tude clinique. Donn\u00e9es internes.<\/em><\/p>\n<p><strong>Il est recommand\u00e9 de consulter un v\u00e9t\u00e9rinaire avant l&#8217;introduction d&#8217;un r\u00e9gime alimentaire v\u00e9t\u00e9rinaire.<\/strong><\/p>\n<p><strong>Caract\u00e9ristiques principales:<\/strong><\/p>\n<ul>\n<li>Teneur \u00e9lev\u00e9e en prot\u00e9ine (40 %) : Contribue au maintien de la masse musculaire.<\/li>\n<li>Haute teneur en fibre : Effet rassasiant.<\/li>\n<li>Teneur r\u00e9duite en calories : Moins de calories par kilogramme d\u2019aliment.<\/li>\n<li>Avec de la L-carnitine : Aide \u00e0 bruler les graisses.<\/li>\n<\/ul>\n<p><strong>Indications th\u00e9rapeutiques:<\/strong><\/p>\n<ul>\n<li>Surpoids et ob\u00e9sit\u00e9.<\/li>\n<li>Diab\u00e8te sucr\u00e9 chez les chats en surpoids.<\/li>\n<li>Colite sensible aux fibres.<\/li>\n<li>Constipation.<\/li>\n<li>Hyperlipid\u00e9mie chez les chats en surpoids.<\/li>\n<li>Contre-Indication: Probl\u00e8mes de sant\u00e9 li\u00e9s aux troubles du catabolisme.<\/li>\n<\/ul>\n","protected":false},"excerpt":{"rendered":"<div id=\"product-description-short-5980\">\n<p>Aliment di\u00e9t\u00e9tique complet pour chats adultes, formul\u00e9 pour<strong> r\u00e9duire l&#8217;exc\u00e8s de poids<\/strong> et <strong>r\u00e9guler le m\u00e9tabolisme<\/strong> des lipides en cas d&#8217;hyperlipid\u00e9mie, par un faible apport \u00e9nerg\u00e9tique, une faible teneur en mati\u00e8res grasses et une teneur \u00e9lev\u00e9e en acides gras essentiels.<\/p>\n<p>Sa formule vise \u00e9galement \u00e0<strong> modifier le microbiote du chat,<\/strong> afin de l&#8217;enrichir et de le rendre similaire \u00e0 celui des chats pr\u00e9sentant un poids id\u00e9al.<\/p>\n<p>Chats adultes, indiqu\u00e9 pour la<strong> r\u00e9duction d\u2019un exc\u00e8s pond\u00e9ral,<\/strong> et pour le <strong>soutien du m\u00e9tabolisme<\/strong> des lipides en cas <strong>d\u2019hyperlipid\u00e9mie.<\/strong><\/p>\n<\/div>\n","protected":false},"featured_media":1356638,"template":"","meta":[],"product_cat":[12551,12581,2697],"product_tag":[],"class_list":{"0":"post-1369742","1":"product","2":"type-product","3":"status-publish","4":"has-post-thumbnail","6":"product_cat-alimentation-du-chat","7":"product_cat-alimentation-medicalisee-pour-chat","8":"product_cat-chat","9":"pa_marque-advance","11":"first","12":"instock","13":"taxable","14":"shipping-taxable","15":"purchasable","16":"product-type-variable"},"yoast_head":"<!-- This site is optimized with the Yoast SEO plugin v27.3 - https:\/\/yoast.com\/product\/yoast-seo-wordpress\/ -->\n<title>Veterinary Diets (Advance) Active Defense Chat Weight Balance Advance - V\u00e9torino<\/title>\n<meta name=\"description\" content=\"Aliment di\u00e9t\u00e9tique complet pour chats adultes, formul\u00e9 pour r\u00e9duire l&#039;exc\u00e8s de poids et r\u00e9guler le m\u00e9tabolisme des lipides en cas d&#039;hyperlipid\u00e9mie, par un faible apport \u00e9nerg\u00e9tique, une faible teneur en mati\u00e8res grasses et une teneur \u00e9lev\u00e9e en acides gras essentiels.  Sa formule vise \u00e9galement \u00e0 modifier le microbiote du chat, afin de l&#039;enrichir et de le rendre similaire \u00e0 celui des chats pr\u00e9sentant un poids id\u00e9al.  Chats adultes, indiqu\u00e9 pour la r\u00e9duction d\u2019un exc\u00e8s pond\u00e9ral, et pour le soutien du m\u00e9tabolisme des lipides en cas d\u2019hyperlipid\u00e9mie.\" \/>\n<meta name=\"robots\" content=\"noindex, nofollow\" \/>\n<meta property=\"og:locale\" content=\"fr_FR\" \/>\n<meta property=\"og:type\" content=\"article\" \/>\n<meta property=\"og:title\" content=\"Veterinary Diets (Advance) Active Defense Chat Weight Balance Advance - V\u00e9torino\" \/>\n<meta property=\"og:description\" content=\"Aliment di\u00e9t\u00e9tique complet pour chats adultes, formul\u00e9 pour r\u00e9duire l&#039;exc\u00e8s de poids et r\u00e9guler le m\u00e9tabolisme des lipides en cas d&#039;hyperlipid\u00e9mie, par un faible apport \u00e9nerg\u00e9tique, une faible teneur en mati\u00e8res grasses et une teneur \u00e9lev\u00e9e en acides gras essentiels.  Sa formule vise \u00e9galement \u00e0 modifier le microbiote du chat, afin de l&#039;enrichir et de le rendre similaire \u00e0 celui des chats pr\u00e9sentant un poids id\u00e9al.  Chats adultes, indiqu\u00e9 pour la r\u00e9duction d\u2019un exc\u00e8s pond\u00e9ral, et pour le soutien du m\u00e9tabolisme des lipides en cas d\u2019hyperlipid\u00e9mie.\" \/>\n<meta property=\"og:url\" content=\"https:\/\/www.vetorino.com\/veterinaire\/prunelli-di-fiumorbo-20243\/boutique\/product\/advance-veterinary-diets-chat-weight-balance\/\" \/>\n<meta property=\"og:site_name\" content=\"V\u00e9torino\" \/>\n<meta property=\"article:publisher\" content=\"https:\/\/www.facebook.com\/Vetorino\/\" \/>\n<meta property=\"article:modified_time\" content=\"2026-03-10T09:20:43+00:00\" \/>\n<meta property=\"og:image\" content=\"https:\/\/www.vetorino.com\/boutique\/wp-content\/uploads\/2025\/06\/advance-veterinary-diets-weight-balance-chat.webp\" \/>\n\t<meta property=\"og:image:width\" content=\"800\" \/>\n\t<meta property=\"og:image:height\" content=\"800\" \/>\n\t<meta property=\"og:image:type\" content=\"image\/webp\" \/>\n<meta name=\"twitter:card\" content=\"summary_large_image\" \/>\n<meta name=\"twitter:label1\" content=\"Disponibilit\u00e9\" \/>\n\t<meta name=\"twitter:data1\" content=\"En stock\" \/>\n<script type=\"application\/ld+json\" class=\"yoast-schema-graph\">{\"@context\":\"https:\\\/\\\/schema.org\",\"@graph\":[{\"@type\":\"WebPage\",\"@id\":\"https:\\\/\\\/www.vetorino.com\\\/veterinaire\\\/briancon-05100\\\/boutique\\\/product\\\/advance-veterinary-diets-chat-weight-balance\\\/\",\"url\":\"https:\\\/\\\/www.vetorino.com\\\/veterinaire\\\/briancon-05100\\\/boutique\\\/product\\\/advance-veterinary-diets-chat-weight-balance\\\/\",\"name\":\"Veterinary Diets (Advance) Active Defense Chat Weight Balance Advance - V\u00e9torino\",\"isPartOf\":{\"@id\":\"https:\\\/\\\/www.vetorino.com\\\/boutique\\\/#website\"},\"primaryImageOfPage\":{\"@id\":\"https:\\\/\\\/www.vetorino.com\\\/veterinaire\\\/briancon-05100\\\/boutique\\\/product\\\/advance-veterinary-diets-chat-weight-balance\\\/#primaryimage\"},\"image\":{\"@id\":\"https:\\\/\\\/www.vetorino.com\\\/veterinaire\\\/briancon-05100\\\/boutique\\\/product\\\/advance-veterinary-diets-chat-weight-balance\\\/#primaryimage\"},\"thumbnailUrl\":\"https:\\\/\\\/www.vetorino.com\\\/boutique\\\/wp-content\\\/uploads\\\/2025\\\/06\\\/advance-veterinary-diets-weight-balance-chat.webp\",\"datePublished\":\"2025-06-12T03:35:08+00:00\",\"dateModified\":\"2026-03-10T09:20:43+00:00\",\"description\":\"Aliment di\u00e9t\u00e9tique complet pour chats adultes, formul\u00e9 pour r\u00e9duire l'exc\u00e8s de poids et r\u00e9guler le m\u00e9tabolisme des lipides en cas d'hyperlipid\u00e9mie, par un faible apport \u00e9nerg\u00e9tique, une faible teneur en mati\u00e8res grasses et une teneur \u00e9lev\u00e9e en acides gras essentiels. Sa formule vise \u00e9galement \u00e0 modifier le microbiote du chat, afin de l'enrichir et de le rendre similaire \u00e0 celui des chats pr\u00e9sentant un poids id\u00e9al. Chats adultes, indiqu\u00e9 pour la r\u00e9duction d\u2019un exc\u00e8s pond\u00e9ral, et pour le soutien du m\u00e9tabolisme des lipides en cas d\u2019hyperlipid\u00e9mie.\",\"breadcrumb\":{\"@id\":\"https:\\\/\\\/www.vetorino.com\\\/veterinaire\\\/briancon-05100\\\/boutique\\\/product\\\/advance-veterinary-diets-chat-weight-balance\\\/#breadcrumb\"},\"inLanguage\":\"fr-FR\",\"potentialAction\":[{\"@type\":\"ReadAction\",\"target\":[\"https:\\\/\\\/www.vetorino.com\\\/veterinaire\\\/briancon-05100\\\/boutique\\\/product\\\/advance-veterinary-diets-chat-weight-balance\\\/\"]}]},{\"@type\":\"ImageObject\",\"inLanguage\":\"fr-FR\",\"@id\":\"https:\\\/\\\/www.vetorino.com\\\/veterinaire\\\/briancon-05100\\\/boutique\\\/product\\\/advance-veterinary-diets-chat-weight-balance\\\/#primaryimage\",\"url\":\"https:\\\/\\\/www.vetorino.com\\\/boutique\\\/wp-content\\\/uploads\\\/2025\\\/06\\\/advance-veterinary-diets-weight-balance-chat.webp\",\"contentUrl\":\"https:\\\/\\\/www.vetorino.com\\\/boutique\\\/wp-content\\\/uploads\\\/2025\\\/06\\\/advance-veterinary-diets-weight-balance-chat.webp\",\"width\":800,\"height\":800},{\"@type\":\"BreadcrumbList\",\"@id\":\"https:\\\/\\\/www.vetorino.com\\\/veterinaire\\\/briancon-05100\\\/boutique\\\/product\\\/advance-veterinary-diets-chat-weight-balance\\\/#breadcrumb\",\"itemListElement\":[{\"@type\":\"ListItem\",\"position\":1,\"name\":\"Accueil\",\"item\":\"https:\\\/\\\/www.vetorino.com\\\/boutique\\\/\"},{\"@type\":\"ListItem\",\"position\":2,\"name\":\"Produits\",\"item\":\"https:\\\/\\\/www.vetorino.com\\\/boutique\\\/\"},{\"@type\":\"ListItem\",\"position\":3,\"name\":\"Active Defense Chat Weight Balance\"}]},{\"@type\":\"WebSite\",\"@id\":\"https:\\\/\\\/www.vetorino.com\\\/boutique\\\/#website\",\"url\":\"https:\\\/\\\/www.vetorino.com\\\/boutique\\\/\",\"name\":\"V\u00e9torino\",\"description\":\"\",\"publisher\":{\"@id\":\"https:\\\/\\\/www.vetorino.com\\\/boutique\\\/#organization\"},\"potentialAction\":[{\"@type\":\"SearchAction\",\"target\":{\"@type\":\"EntryPoint\",\"urlTemplate\":\"https:\\\/\\\/www.vetorino.com\\\/boutique\\\/?s={search_term_string}\"},\"query-input\":{\"@type\":\"PropertyValueSpecification\",\"valueRequired\":true,\"valueName\":\"search_term_string\"}}],\"inLanguage\":\"fr-FR\"},{\"@type\":\"Organization\",\"@id\":\"https:\\\/\\\/www.vetorino.com\\\/boutique\\\/#organization\",\"name\":\"V\u00e9torino\",\"url\":\"https:\\\/\\\/www.vetorino.com\\\/boutique\\\/\",\"logo\":{\"@type\":\"ImageObject\",\"inLanguage\":\"fr-FR\",\"@id\":\"https:\\\/\\\/www.vetorino.com\\\/boutique\\\/#\\\/schema\\\/logo\\\/image\\\/\",\"url\":\"https:\\\/\\\/www.vetorino.com\\\/boutique\\\/wp-content\\\/uploads\\\/2024\\\/10\\\/logo.jpg\",\"contentUrl\":\"https:\\\/\\\/www.vetorino.com\\\/boutique\\\/wp-content\\\/uploads\\\/2024\\\/10\\\/logo.jpg\",\"width\":1200,\"height\":610,\"caption\":\"V\u00e9torino\"},\"image\":{\"@id\":\"https:\\\/\\\/www.vetorino.com\\\/boutique\\\/#\\\/schema\\\/logo\\\/image\\\/\"},\"sameAs\":[\"https:\\\/\\\/www.facebook.com\\\/Vetorino\\\/\",\"https:\\\/\\\/www.instagram.com\\\/vetorino_off\\\/\",\"https:\\\/\\\/www.linkedin.com\\\/company\\\/vtorino\\\/\"]}]}<\/script>\n<meta property=\"product:brand\" content=\"Advance\" \/>\n<meta property=\"og:availability\" content=\"instock\" \/>\n<meta property=\"product:availability\" content=\"instock\" \/>\n<meta property=\"product:condition\" content=\"new\" \/>\n<!-- \/ Yoast SEO plugin. -->","yoast_head_json":{"title":"Veterinary Diets (Advance) Active Defense Chat Weight Balance Advance - V\u00e9torino","description":"Aliment di\u00e9t\u00e9tique complet pour chats adultes, formul\u00e9 pour r\u00e9duire l'exc\u00e8s de poids et r\u00e9guler le m\u00e9tabolisme des lipides en cas d'hyperlipid\u00e9mie, par un faible apport \u00e9nerg\u00e9tique, une faible teneur en mati\u00e8res grasses et une teneur \u00e9lev\u00e9e en acides gras essentiels.  Sa formule vise \u00e9galement \u00e0 modifier le microbiote du chat, afin de l'enrichir et de le rendre similaire \u00e0 celui des chats pr\u00e9sentant un poids id\u00e9al.  Chats adultes, indiqu\u00e9 pour la r\u00e9duction d\u2019un exc\u00e8s pond\u00e9ral, et pour le soutien du m\u00e9tabolisme des lipides en cas d\u2019hyperlipid\u00e9mie.","robots":{"index":"noindex","follow":"nofollow"},"og_locale":"fr_FR","og_type":"article","og_title":"Veterinary Diets (Advance) Active Defense Chat Weight Balance Advance - V\u00e9torino","og_description":"Aliment di\u00e9t\u00e9tique complet pour chats adultes, formul\u00e9 pour r\u00e9duire l'exc\u00e8s de poids et r\u00e9guler le m\u00e9tabolisme des lipides en cas d'hyperlipid\u00e9mie, par un faible apport \u00e9nerg\u00e9tique, une faible teneur en mati\u00e8res grasses et une teneur \u00e9lev\u00e9e en acides gras essentiels.  Sa formule vise \u00e9galement \u00e0 modifier le microbiote du chat, afin de l'enrichir et de le rendre similaire \u00e0 celui des chats pr\u00e9sentant un poids id\u00e9al.  Chats adultes, indiqu\u00e9 pour la r\u00e9duction d\u2019un exc\u00e8s pond\u00e9ral, et pour le soutien du m\u00e9tabolisme des lipides en cas d\u2019hyperlipid\u00e9mie.","og_url":"https:\/\/www.vetorino.com\/veterinaire\/prunelli-di-fiumorbo-20243\/boutique\/product\/advance-veterinary-diets-chat-weight-balance\/","og_site_name":"V\u00e9torino","article_publisher":"https:\/\/www.facebook.com\/Vetorino\/","article_modified_time":"2026-03-10T09:20:43+00:00","og_image":[{"width":800,"height":800,"url":"https:\/\/www.vetorino.com\/boutique\/wp-content\/uploads\/2025\/06\/advance-veterinary-diets-weight-balance-chat.webp","type":"image\/webp"}],"twitter_card":"summary_large_image","twitter_misc":{"Disponibilit\u00e9":"En stock"},"schema":{"@context":"https:\/\/schema.org","@graph":[{"@type":"WebPage","@id":"https:\/\/www.vetorino.com\/veterinaire\/briancon-05100\/boutique\/product\/advance-veterinary-diets-chat-weight-balance\/","url":"https:\/\/www.vetorino.com\/veterinaire\/briancon-05100\/boutique\/product\/advance-veterinary-diets-chat-weight-balance\/","name":"Veterinary Diets (Advance) Active Defense Chat Weight Balance Advance - V\u00e9torino","isPartOf":{"@id":"https:\/\/www.vetorino.com\/boutique\/#website"},"primaryImageOfPage":{"@id":"https:\/\/www.vetorino.com\/veterinaire\/briancon-05100\/boutique\/product\/advance-veterinary-diets-chat-weight-balance\/#primaryimage"},"image":{"@id":"https:\/\/www.vetorino.com\/veterinaire\/briancon-05100\/boutique\/product\/advance-veterinary-diets-chat-weight-balance\/#primaryimage"},"thumbnailUrl":"https:\/\/www.vetorino.com\/boutique\/wp-content\/uploads\/2025\/06\/advance-veterinary-diets-weight-balance-chat.webp","datePublished":"2025-06-12T03:35:08+00:00","dateModified":"2026-03-10T09:20:43+00:00","description":"Aliment di\u00e9t\u00e9tique complet pour chats adultes, formul\u00e9 pour r\u00e9duire l'exc\u00e8s de poids et r\u00e9guler le m\u00e9tabolisme des lipides en cas d'hyperlipid\u00e9mie, par un faible apport \u00e9nerg\u00e9tique, une faible teneur en mati\u00e8res grasses et une teneur \u00e9lev\u00e9e en acides gras essentiels. Sa formule vise \u00e9galement \u00e0 modifier le microbiote du chat, afin de l'enrichir et de le rendre similaire \u00e0 celui des chats pr\u00e9sentant un poids id\u00e9al. Chats adultes, indiqu\u00e9 pour la r\u00e9duction d\u2019un exc\u00e8s pond\u00e9ral, et pour le soutien du m\u00e9tabolisme des lipides en cas d\u2019hyperlipid\u00e9mie.","breadcrumb":{"@id":"https:\/\/www.vetorino.com\/veterinaire\/briancon-05100\/boutique\/product\/advance-veterinary-diets-chat-weight-balance\/#breadcrumb"},"inLanguage":"fr-FR","potentialAction":[{"@type":"ReadAction","target":["https:\/\/www.vetorino.com\/veterinaire\/briancon-05100\/boutique\/product\/advance-veterinary-diets-chat-weight-balance\/"]}]},{"@type":"ImageObject","inLanguage":"fr-FR","@id":"https:\/\/www.vetorino.com\/veterinaire\/briancon-05100\/boutique\/product\/advance-veterinary-diets-chat-weight-balance\/#primaryimage","url":"https:\/\/www.vetorino.com\/boutique\/wp-content\/uploads\/2025\/06\/advance-veterinary-diets-weight-balance-chat.webp","contentUrl":"https:\/\/www.vetorino.com\/boutique\/wp-content\/uploads\/2025\/06\/advance-veterinary-diets-weight-balance-chat.webp","width":800,"height":800},{"@type":"BreadcrumbList","@id":"https:\/\/www.vetorino.com\/veterinaire\/briancon-05100\/boutique\/product\/advance-veterinary-diets-chat-weight-balance\/#breadcrumb","itemListElement":[{"@type":"ListItem","position":1,"name":"Accueil","item":"https:\/\/www.vetorino.com\/boutique\/"},{"@type":"ListItem","position":2,"name":"Produits","item":"https:\/\/www.vetorino.com\/boutique\/"},{"@type":"ListItem","position":3,"name":"Active Defense Chat Weight Balance"}]},{"@type":"WebSite","@id":"https:\/\/www.vetorino.com\/boutique\/#website","url":"https:\/\/www.vetorino.com\/boutique\/","name":"V\u00e9torino","description":"","publisher":{"@id":"https:\/\/www.vetorino.com\/boutique\/#organization"},"potentialAction":[{"@type":"SearchAction","target":{"@type":"EntryPoint","urlTemplate":"https:\/\/www.vetorino.com\/boutique\/?s={search_term_string}"},"query-input":{"@type":"PropertyValueSpecification","valueRequired":true,"valueName":"search_term_string"}}],"inLanguage":"fr-FR"},{"@type":"Organization","@id":"https:\/\/www.vetorino.com\/boutique\/#organization","name":"V\u00e9torino","url":"https:\/\/www.vetorino.com\/boutique\/","logo":{"@type":"ImageObject","inLanguage":"fr-FR","@id":"https:\/\/www.vetorino.com\/boutique\/#\/schema\/logo\/image\/","url":"https:\/\/www.vetorino.com\/boutique\/wp-content\/uploads\/2024\/10\/logo.jpg","contentUrl":"https:\/\/www.vetorino.com\/boutique\/wp-content\/uploads\/2024\/10\/logo.jpg","width":1200,"height":610,"caption":"V\u00e9torino"},"image":{"@id":"https:\/\/www.vetorino.com\/boutique\/#\/schema\/logo\/image\/"},"sameAs":["https:\/\/www.facebook.com\/Vetorino\/","https:\/\/www.instagram.com\/vetorino_off\/","https:\/\/www.linkedin.com\/company\/vtorino\/"]}]},"product_brand":"Advance","og_availability":"instock","product_availability":"instock","product_condition":"new"},"_links":{"self":[{"href":"https:\/\/www.vetorino.com\/veterinaire\/prunelli-di-fiumorbo-20243\/boutique\/wp-json\/wp\/v2\/product\/1369742","targetHints":{"allow":["GET"]}}],"collection":[{"href":"https:\/\/www.vetorino.com\/veterinaire\/prunelli-di-fiumorbo-20243\/boutique\/wp-json\/wp\/v2\/product"}],"about":[{"href":"https:\/\/www.vetorino.com\/veterinaire\/prunelli-di-fiumorbo-20243\/boutique\/wp-json\/wp\/v2\/types\/product"}],"wp:featuredmedia":[{"embeddable":true,"href":"https:\/\/www.vetorino.com\/veterinaire\/prunelli-di-fiumorbo-20243\/boutique\/wp-json\/wp\/v2\/media\/1356638"}],"wp:attachment":[{"href":"https:\/\/www.vetorino.com\/veterinaire\/prunelli-di-fiumorbo-20243\/boutique\/wp-json\/wp\/v2\/media?parent=1369742"}],"wp:term":[{"taxonomy":"product_cat","embeddable":true,"href":"https:\/\/www.vetorino.com\/veterinaire\/prunelli-di-fiumorbo-20243\/boutique\/wp-json\/wp\/v2\/product_cat?post=1369742"},{"taxonomy":"product_tag","embeddable":true,"href":"https:\/\/www.vetorino.com\/veterinaire\/prunelli-di-fiumorbo-20243\/boutique\/wp-json\/wp\/v2\/product_tag?post=1369742"}],"curies":[{"name":"wp","href":"https:\/\/api.w.org\/{rel}","templated":true}]}}