{"id":1369748,"date":"2025-06-12T05:35:11","date_gmt":"2025-06-12T03:35:11","guid":{"rendered":"https:\/\/www.vetorino.com\/boutique\/product\/advance-veterinary-diets-chat-urinary-stress\/"},"modified":"2026-03-10T11:13:21","modified_gmt":"2026-03-10T10:13:21","slug":"advance-veterinary-diets-chat-urinary-stress","status":"publish","type":"product","link":"https:\/\/www.vetorino.com\/veterinaire\/prunelli-di-fiumorbo-20243\/boutique\/product\/advance-veterinary-diets-chat-urinary-stress\/","title":{"rendered":"Chat Urinary Stress Poulet"},"content":{"rendered":"<p>Les r\u00e9sultats de la gamme\u00a0<strong>ADVANCE VETERINARY DIETS Urinary Stress<\/strong>\u00a0sont cliniquement prouv\u00e9s :<strong>\u00a0r\u00e9duction de 54 % des marqueurs de stress, un facteur d\u00e9clencheur de la cystite idiopathique chez les chats<\/strong>.*<\/p>\n<p><strong>Caract\u00e9ristiques principales :<\/strong><\/p>\n<ul>\n<li><strong>M\u00e9lisse,<\/strong>\u00a0<strong>peptides de poisson et tryptophane<\/strong>\u00a0: Aident \u00e0 r\u00e9duire le stress, facteur pr\u00e9disposant \u00e0 la cystite idiopathique et \u00e0 la miction \u00e0 des endroits inappropri\u00e9s.<\/li>\n<li><strong>Niveaux mod\u00e9r\u00e9s de ph,<\/strong>\u00a0<strong>magn\u00e9sium et min\u00e9raux<\/strong>\u00a0: Aident \u00e0 emp\u00eacher la formation de calculs de struvite.<\/li>\n<li>Teneurs optimales en<strong>\u00a0sodium et potassium<\/strong>\u00a0: Aident \u00e0 augmenter le volume et la dilution de l&#8217;urine.<\/li>\n<li><strong>Dilution urinaire et inhibiteurs de la cristallisation<\/strong>\u00a0: Aident \u00e0 r\u00e9duire le risque de calculs de struvite et d&#8217;oxalate.<\/li>\n<\/ul>\n<p><strong>Indications th\u00e9rapeutiques :<\/strong><\/p>\n<ul>\n<li>Pathologies li\u00e9es aux maladies des voies urinaires inf\u00e9rieures f\u00e9lines.<\/li>\n<li>Dissolution des calculs de struvite.<\/li>\n<li>R\u00e9duction de la r\u00e9currence de la formation de calculs de struvite et d\u2019oxalate.<\/li>\n<li>Cystite idiopathique.<\/li>\n<li>Soutien nutritionnel en cas de stress.<\/li>\n<\/ul>\n<p><strong>Il est recommand\u00e9 de consulter un v\u00e9t\u00e9rinaire avant l&#8217;introduction d&#8217;un r\u00e9gime alimentaire v\u00e9t\u00e9rinaire.<\/strong><\/p>\n<p><em>(*) En fonction du marqueur de stress des voies urinaires inf\u00e9rieures. \u00c9tude interne. Le marqueur de stress est r\u00e9duit par rapport au groupe t\u00e9moin.<\/em><\/p>\n","protected":false},"excerpt":{"rendered":"<p><strong>Aliment di\u00e9t\u00e9tique complet pour chats adulte<\/strong>s enrichi en m\u00e9lisse, tryptophane et peptides de poisson, des<strong>\u00a0ingr\u00e9dients qui aident \u00e0 r\u00e9duire le stress.\u00a0<\/strong><\/p>\n<p>Gr\u00e2ce \u00e0 sa concentration mod\u00e9r\u00e9e en magn\u00e9sium et ses propri\u00e9t\u00e9s acidifiantes de l&#8217;urine, il est indiqu\u00e9 pour aider \u00e0<strong>\u00a0r\u00e9duire la r\u00e9cidive de calculs de struvite et d&#8217;oxalate<\/strong>\u00a0dans l&#8217;urine de votre chat.<\/p>\n","protected":false},"featured_media":1356582,"template":"","meta":[],"product_cat":[12551,12581,2697],"product_tag":[],"class_list":{"0":"post-1369748","1":"product","2":"type-product","3":"status-publish","4":"has-post-thumbnail","6":"product_cat-alimentation-du-chat","7":"product_cat-alimentation-medicalisee-pour-chat","8":"product_cat-chat","9":"pa_marque-advance","11":"first","12":"instock","13":"taxable","14":"shipping-taxable","15":"purchasable","16":"product-type-variable"},"yoast_head":"<!-- This site is optimized with the Yoast SEO plugin v27.3 - https:\/\/yoast.com\/product\/yoast-seo-wordpress\/ -->\n<title>Veterinary Diets (Advance) Chat Urinary Stress Poulet Advance - V\u00e9torino<\/title>\n<meta name=\"description\" content=\"Aliment di\u00e9t\u00e9tique complet pour chats adultes enrichi en m\u00e9lisse, tryptophane et peptides de poisson, des\u00a0ingr\u00e9dients qui aident \u00e0 r\u00e9duire le stress.\u00a0  Gr\u00e2ce \u00e0 sa concentration mod\u00e9r\u00e9e en magn\u00e9sium et ses propri\u00e9t\u00e9s acidifiantes de l&#039;urine, il est indiqu\u00e9 pour aider \u00e0\u00a0r\u00e9duire la r\u00e9cidive de calculs de struvite et d&#039;oxalate\u00a0dans l&#039;urine de votre chat.\" \/>\n<meta name=\"robots\" content=\"noindex, nofollow\" \/>\n<meta property=\"og:locale\" content=\"fr_FR\" \/>\n<meta property=\"og:type\" content=\"article\" \/>\n<meta property=\"og:title\" content=\"Veterinary Diets (Advance) Chat Urinary Stress Poulet Advance - V\u00e9torino\" \/>\n<meta property=\"og:description\" content=\"Aliment di\u00e9t\u00e9tique complet pour chats adultes enrichi en m\u00e9lisse, tryptophane et peptides de poisson, des\u00a0ingr\u00e9dients qui aident \u00e0 r\u00e9duire le stress.\u00a0  Gr\u00e2ce \u00e0 sa concentration mod\u00e9r\u00e9e en magn\u00e9sium et ses propri\u00e9t\u00e9s acidifiantes de l&#039;urine, il est indiqu\u00e9 pour aider \u00e0\u00a0r\u00e9duire la r\u00e9cidive de calculs de struvite et d&#039;oxalate\u00a0dans l&#039;urine de votre chat.\" \/>\n<meta property=\"og:url\" content=\"https:\/\/www.vetorino.com\/veterinaire\/prunelli-di-fiumorbo-20243\/boutique\/product\/advance-veterinary-diets-chat-urinary-stress\/\" \/>\n<meta property=\"og:site_name\" content=\"V\u00e9torino\" \/>\n<meta property=\"article:publisher\" content=\"https:\/\/www.facebook.com\/Vetorino\/\" \/>\n<meta property=\"article:modified_time\" content=\"2026-03-10T10:13:21+00:00\" \/>\n<meta property=\"og:image\" content=\"https:\/\/www.vetorino.com\/boutique\/wp-content\/uploads\/2025\/06\/advance-veterinary-diets-urinary-stress-chat.webp\" \/>\n\t<meta property=\"og:image:width\" content=\"800\" \/>\n\t<meta property=\"og:image:height\" content=\"800\" \/>\n\t<meta property=\"og:image:type\" content=\"image\/webp\" \/>\n<meta name=\"twitter:card\" content=\"summary_large_image\" \/>\n<meta name=\"twitter:label1\" content=\"Disponibilit\u00e9\" \/>\n\t<meta name=\"twitter:data1\" content=\"En stock\" \/>\n<script type=\"application\/ld+json\" class=\"yoast-schema-graph\">{\"@context\":\"https:\\\/\\\/schema.org\",\"@graph\":[{\"@type\":\"WebPage\",\"@id\":\"https:\\\/\\\/www.vetorino.com\\\/veterinaire\\\/briancon-05100\\\/boutique\\\/product\\\/advance-veterinary-diets-chat-urinary-stress\\\/\",\"url\":\"https:\\\/\\\/www.vetorino.com\\\/veterinaire\\\/briancon-05100\\\/boutique\\\/product\\\/advance-veterinary-diets-chat-urinary-stress\\\/\",\"name\":\"Veterinary Diets (Advance) Chat Urinary Stress Poulet Advance - V\u00e9torino\",\"isPartOf\":{\"@id\":\"https:\\\/\\\/www.vetorino.com\\\/boutique\\\/#website\"},\"primaryImageOfPage\":{\"@id\":\"https:\\\/\\\/www.vetorino.com\\\/veterinaire\\\/briancon-05100\\\/boutique\\\/product\\\/advance-veterinary-diets-chat-urinary-stress\\\/#primaryimage\"},\"image\":{\"@id\":\"https:\\\/\\\/www.vetorino.com\\\/veterinaire\\\/briancon-05100\\\/boutique\\\/product\\\/advance-veterinary-diets-chat-urinary-stress\\\/#primaryimage\"},\"thumbnailUrl\":\"https:\\\/\\\/www.vetorino.com\\\/boutique\\\/wp-content\\\/uploads\\\/2025\\\/06\\\/advance-veterinary-diets-urinary-stress-chat.webp\",\"datePublished\":\"2025-06-12T03:35:11+00:00\",\"dateModified\":\"2026-03-10T10:13:21+00:00\",\"description\":\"Aliment di\u00e9t\u00e9tique complet pour chats adultes enrichi en m\u00e9lisse, tryptophane et peptides de poisson, des\u00a0ingr\u00e9dients qui aident \u00e0 r\u00e9duire le stress.\u00a0 Gr\u00e2ce \u00e0 sa concentration mod\u00e9r\u00e9e en magn\u00e9sium et ses propri\u00e9t\u00e9s acidifiantes de l'urine, il est indiqu\u00e9 pour aider \u00e0\u00a0r\u00e9duire la r\u00e9cidive de calculs de struvite et d'oxalate\u00a0dans l'urine de votre chat.\",\"breadcrumb\":{\"@id\":\"https:\\\/\\\/www.vetorino.com\\\/veterinaire\\\/briancon-05100\\\/boutique\\\/product\\\/advance-veterinary-diets-chat-urinary-stress\\\/#breadcrumb\"},\"inLanguage\":\"fr-FR\",\"potentialAction\":[{\"@type\":\"ReadAction\",\"target\":[\"https:\\\/\\\/www.vetorino.com\\\/veterinaire\\\/briancon-05100\\\/boutique\\\/product\\\/advance-veterinary-diets-chat-urinary-stress\\\/\"]}]},{\"@type\":\"ImageObject\",\"inLanguage\":\"fr-FR\",\"@id\":\"https:\\\/\\\/www.vetorino.com\\\/veterinaire\\\/briancon-05100\\\/boutique\\\/product\\\/advance-veterinary-diets-chat-urinary-stress\\\/#primaryimage\",\"url\":\"https:\\\/\\\/www.vetorino.com\\\/boutique\\\/wp-content\\\/uploads\\\/2025\\\/06\\\/advance-veterinary-diets-urinary-stress-chat.webp\",\"contentUrl\":\"https:\\\/\\\/www.vetorino.com\\\/boutique\\\/wp-content\\\/uploads\\\/2025\\\/06\\\/advance-veterinary-diets-urinary-stress-chat.webp\",\"width\":800,\"height\":800},{\"@type\":\"BreadcrumbList\",\"@id\":\"https:\\\/\\\/www.vetorino.com\\\/veterinaire\\\/briancon-05100\\\/boutique\\\/product\\\/advance-veterinary-diets-chat-urinary-stress\\\/#breadcrumb\",\"itemListElement\":[{\"@type\":\"ListItem\",\"position\":1,\"name\":\"Accueil\",\"item\":\"https:\\\/\\\/www.vetorino.com\\\/boutique\\\/\"},{\"@type\":\"ListItem\",\"position\":2,\"name\":\"Produits\",\"item\":\"https:\\\/\\\/www.vetorino.com\\\/boutique\\\/\"},{\"@type\":\"ListItem\",\"position\":3,\"name\":\"Chat Urinary Stress Poulet\"}]},{\"@type\":\"WebSite\",\"@id\":\"https:\\\/\\\/www.vetorino.com\\\/boutique\\\/#website\",\"url\":\"https:\\\/\\\/www.vetorino.com\\\/boutique\\\/\",\"name\":\"V\u00e9torino\",\"description\":\"\",\"publisher\":{\"@id\":\"https:\\\/\\\/www.vetorino.com\\\/boutique\\\/#organization\"},\"potentialAction\":[{\"@type\":\"SearchAction\",\"target\":{\"@type\":\"EntryPoint\",\"urlTemplate\":\"https:\\\/\\\/www.vetorino.com\\\/boutique\\\/?s={search_term_string}\"},\"query-input\":{\"@type\":\"PropertyValueSpecification\",\"valueRequired\":true,\"valueName\":\"search_term_string\"}}],\"inLanguage\":\"fr-FR\"},{\"@type\":\"Organization\",\"@id\":\"https:\\\/\\\/www.vetorino.com\\\/boutique\\\/#organization\",\"name\":\"V\u00e9torino\",\"url\":\"https:\\\/\\\/www.vetorino.com\\\/boutique\\\/\",\"logo\":{\"@type\":\"ImageObject\",\"inLanguage\":\"fr-FR\",\"@id\":\"https:\\\/\\\/www.vetorino.com\\\/boutique\\\/#\\\/schema\\\/logo\\\/image\\\/\",\"url\":\"https:\\\/\\\/www.vetorino.com\\\/boutique\\\/wp-content\\\/uploads\\\/2024\\\/10\\\/logo.jpg\",\"contentUrl\":\"https:\\\/\\\/www.vetorino.com\\\/boutique\\\/wp-content\\\/uploads\\\/2024\\\/10\\\/logo.jpg\",\"width\":1200,\"height\":610,\"caption\":\"V\u00e9torino\"},\"image\":{\"@id\":\"https:\\\/\\\/www.vetorino.com\\\/boutique\\\/#\\\/schema\\\/logo\\\/image\\\/\"},\"sameAs\":[\"https:\\\/\\\/www.facebook.com\\\/Vetorino\\\/\",\"https:\\\/\\\/www.instagram.com\\\/vetorino_off\\\/\",\"https:\\\/\\\/www.linkedin.com\\\/company\\\/vtorino\\\/\"]}]}<\/script>\n<meta property=\"product:brand\" content=\"Advance\" \/>\n<meta property=\"og:availability\" content=\"instock\" \/>\n<meta property=\"product:availability\" content=\"instock\" \/>\n<meta property=\"product:condition\" content=\"new\" \/>\n<!-- \/ Yoast SEO plugin. -->","yoast_head_json":{"title":"Veterinary Diets (Advance) Chat Urinary Stress Poulet Advance - V\u00e9torino","description":"Aliment di\u00e9t\u00e9tique complet pour chats adultes enrichi en m\u00e9lisse, tryptophane et peptides de poisson, des\u00a0ingr\u00e9dients qui aident \u00e0 r\u00e9duire le stress.\u00a0  Gr\u00e2ce \u00e0 sa concentration mod\u00e9r\u00e9e en magn\u00e9sium et ses propri\u00e9t\u00e9s acidifiantes de l'urine, il est indiqu\u00e9 pour aider \u00e0\u00a0r\u00e9duire la r\u00e9cidive de calculs de struvite et d'oxalate\u00a0dans l'urine de votre chat.","robots":{"index":"noindex","follow":"nofollow"},"og_locale":"fr_FR","og_type":"article","og_title":"Veterinary Diets (Advance) Chat Urinary Stress Poulet Advance - V\u00e9torino","og_description":"Aliment di\u00e9t\u00e9tique complet pour chats adultes enrichi en m\u00e9lisse, tryptophane et peptides de poisson, des\u00a0ingr\u00e9dients qui aident \u00e0 r\u00e9duire le stress.\u00a0  Gr\u00e2ce \u00e0 sa concentration mod\u00e9r\u00e9e en magn\u00e9sium et ses propri\u00e9t\u00e9s acidifiantes de l'urine, il est indiqu\u00e9 pour aider \u00e0\u00a0r\u00e9duire la r\u00e9cidive de calculs de struvite et d'oxalate\u00a0dans l'urine de votre chat.","og_url":"https:\/\/www.vetorino.com\/veterinaire\/prunelli-di-fiumorbo-20243\/boutique\/product\/advance-veterinary-diets-chat-urinary-stress\/","og_site_name":"V\u00e9torino","article_publisher":"https:\/\/www.facebook.com\/Vetorino\/","article_modified_time":"2026-03-10T10:13:21+00:00","og_image":[{"width":800,"height":800,"url":"https:\/\/www.vetorino.com\/boutique\/wp-content\/uploads\/2025\/06\/advance-veterinary-diets-urinary-stress-chat.webp","type":"image\/webp"}],"twitter_card":"summary_large_image","twitter_misc":{"Disponibilit\u00e9":"En stock"},"schema":{"@context":"https:\/\/schema.org","@graph":[{"@type":"WebPage","@id":"https:\/\/www.vetorino.com\/veterinaire\/briancon-05100\/boutique\/product\/advance-veterinary-diets-chat-urinary-stress\/","url":"https:\/\/www.vetorino.com\/veterinaire\/briancon-05100\/boutique\/product\/advance-veterinary-diets-chat-urinary-stress\/","name":"Veterinary Diets (Advance) Chat Urinary Stress Poulet Advance - V\u00e9torino","isPartOf":{"@id":"https:\/\/www.vetorino.com\/boutique\/#website"},"primaryImageOfPage":{"@id":"https:\/\/www.vetorino.com\/veterinaire\/briancon-05100\/boutique\/product\/advance-veterinary-diets-chat-urinary-stress\/#primaryimage"},"image":{"@id":"https:\/\/www.vetorino.com\/veterinaire\/briancon-05100\/boutique\/product\/advance-veterinary-diets-chat-urinary-stress\/#primaryimage"},"thumbnailUrl":"https:\/\/www.vetorino.com\/boutique\/wp-content\/uploads\/2025\/06\/advance-veterinary-diets-urinary-stress-chat.webp","datePublished":"2025-06-12T03:35:11+00:00","dateModified":"2026-03-10T10:13:21+00:00","description":"Aliment di\u00e9t\u00e9tique complet pour chats adultes enrichi en m\u00e9lisse, tryptophane et peptides de poisson, des\u00a0ingr\u00e9dients qui aident \u00e0 r\u00e9duire le stress.\u00a0 Gr\u00e2ce \u00e0 sa concentration mod\u00e9r\u00e9e en magn\u00e9sium et ses propri\u00e9t\u00e9s acidifiantes de l'urine, il est indiqu\u00e9 pour aider \u00e0\u00a0r\u00e9duire la r\u00e9cidive de calculs de struvite et d'oxalate\u00a0dans l'urine de votre chat.","breadcrumb":{"@id":"https:\/\/www.vetorino.com\/veterinaire\/briancon-05100\/boutique\/product\/advance-veterinary-diets-chat-urinary-stress\/#breadcrumb"},"inLanguage":"fr-FR","potentialAction":[{"@type":"ReadAction","target":["https:\/\/www.vetorino.com\/veterinaire\/briancon-05100\/boutique\/product\/advance-veterinary-diets-chat-urinary-stress\/"]}]},{"@type":"ImageObject","inLanguage":"fr-FR","@id":"https:\/\/www.vetorino.com\/veterinaire\/briancon-05100\/boutique\/product\/advance-veterinary-diets-chat-urinary-stress\/#primaryimage","url":"https:\/\/www.vetorino.com\/boutique\/wp-content\/uploads\/2025\/06\/advance-veterinary-diets-urinary-stress-chat.webp","contentUrl":"https:\/\/www.vetorino.com\/boutique\/wp-content\/uploads\/2025\/06\/advance-veterinary-diets-urinary-stress-chat.webp","width":800,"height":800},{"@type":"BreadcrumbList","@id":"https:\/\/www.vetorino.com\/veterinaire\/briancon-05100\/boutique\/product\/advance-veterinary-diets-chat-urinary-stress\/#breadcrumb","itemListElement":[{"@type":"ListItem","position":1,"name":"Accueil","item":"https:\/\/www.vetorino.com\/boutique\/"},{"@type":"ListItem","position":2,"name":"Produits","item":"https:\/\/www.vetorino.com\/boutique\/"},{"@type":"ListItem","position":3,"name":"Chat Urinary Stress Poulet"}]},{"@type":"WebSite","@id":"https:\/\/www.vetorino.com\/boutique\/#website","url":"https:\/\/www.vetorino.com\/boutique\/","name":"V\u00e9torino","description":"","publisher":{"@id":"https:\/\/www.vetorino.com\/boutique\/#organization"},"potentialAction":[{"@type":"SearchAction","target":{"@type":"EntryPoint","urlTemplate":"https:\/\/www.vetorino.com\/boutique\/?s={search_term_string}"},"query-input":{"@type":"PropertyValueSpecification","valueRequired":true,"valueName":"search_term_string"}}],"inLanguage":"fr-FR"},{"@type":"Organization","@id":"https:\/\/www.vetorino.com\/boutique\/#organization","name":"V\u00e9torino","url":"https:\/\/www.vetorino.com\/boutique\/","logo":{"@type":"ImageObject","inLanguage":"fr-FR","@id":"https:\/\/www.vetorino.com\/boutique\/#\/schema\/logo\/image\/","url":"https:\/\/www.vetorino.com\/boutique\/wp-content\/uploads\/2024\/10\/logo.jpg","contentUrl":"https:\/\/www.vetorino.com\/boutique\/wp-content\/uploads\/2024\/10\/logo.jpg","width":1200,"height":610,"caption":"V\u00e9torino"},"image":{"@id":"https:\/\/www.vetorino.com\/boutique\/#\/schema\/logo\/image\/"},"sameAs":["https:\/\/www.facebook.com\/Vetorino\/","https:\/\/www.instagram.com\/vetorino_off\/","https:\/\/www.linkedin.com\/company\/vtorino\/"]}]},"product_brand":"Advance","og_availability":"instock","product_availability":"instock","product_condition":"new"},"_links":{"self":[{"href":"https:\/\/www.vetorino.com\/veterinaire\/prunelli-di-fiumorbo-20243\/boutique\/wp-json\/wp\/v2\/product\/1369748","targetHints":{"allow":["GET"]}}],"collection":[{"href":"https:\/\/www.vetorino.com\/veterinaire\/prunelli-di-fiumorbo-20243\/boutique\/wp-json\/wp\/v2\/product"}],"about":[{"href":"https:\/\/www.vetorino.com\/veterinaire\/prunelli-di-fiumorbo-20243\/boutique\/wp-json\/wp\/v2\/types\/product"}],"wp:featuredmedia":[{"embeddable":true,"href":"https:\/\/www.vetorino.com\/veterinaire\/prunelli-di-fiumorbo-20243\/boutique\/wp-json\/wp\/v2\/media\/1356582"}],"wp:attachment":[{"href":"https:\/\/www.vetorino.com\/veterinaire\/prunelli-di-fiumorbo-20243\/boutique\/wp-json\/wp\/v2\/media?parent=1369748"}],"wp:term":[{"taxonomy":"product_cat","embeddable":true,"href":"https:\/\/www.vetorino.com\/veterinaire\/prunelli-di-fiumorbo-20243\/boutique\/wp-json\/wp\/v2\/product_cat?post=1369748"},{"taxonomy":"product_tag","embeddable":true,"href":"https:\/\/www.vetorino.com\/veterinaire\/prunelli-di-fiumorbo-20243\/boutique\/wp-json\/wp\/v2\/product_tag?post=1369748"}],"curies":[{"name":"wp","href":"https:\/\/api.w.org\/{rel}","templated":true}]}}