{"id":1369751,"date":"2025-06-12T05:35:13","date_gmt":"2025-06-12T03:35:13","guid":{"rendered":"https:\/\/www.vetorino.com\/boutique\/product\/advance-veterinary-diets-chat-sterilise-urinary-low-calorie\/"},"modified":"2026-03-10T11:16:54","modified_gmt":"2026-03-10T10:16:54","slug":"advance-veterinary-diets-chat-sterilise-urinary-low-calorie","status":"publish","type":"product","link":"https:\/\/www.vetorino.com\/veterinaire\/prunelli-di-fiumorbo-20243\/boutique\/product\/advance-veterinary-diets-chat-sterilise-urinary-low-calorie\/","title":{"rendered":"Chat Urinary Sterilis\u00e9 Low Calorie"},"content":{"rendered":"<p>ADVANCE VETERINARY DIETS URINARY Sterilized Low Calorie est un <strong>aliment di\u00e9t\u00e9tique complet pour chats adultes st\u00e9rilis\u00e9s<\/strong>. Avec un apport \u00e9nerg\u00e9tique mod\u00e9r\u00e9 et riche en fibres <strong>pour aider \u00e0 contr\u00f4ler le poids<\/strong> des chats st\u00e9rilis\u00e9s.<\/p>\n<p>Gr\u00e2ce \u00e0 sa concentration mod\u00e9r\u00e9e en magn\u00e9sium et ses propri\u00e9t\u00e9s acidifiantes de l&#8217;urine, il est indiqu\u00e9 pour <strong>r\u00e9duire la r\u00e9cidive de calculs de struvite et d&#8217;oxalate<\/strong> dans l&#8217;urine de votre chat.<\/p>\n<p><strong>Utilisation :<\/strong><\/p>\n<p>\u2022 Pathologies li\u00e9es aux maladies des voies urinaires inf\u00e9rieures f\u00e9lines<br \/>\n\u2022 Dissolution des calculs de struvite<br \/>\n\u2022 R\u00e9duction de la r\u00e9currence de la formation de calculs de struvite et d\u2019oxalate<br \/>\n\u2022 Cystite idiopathique<br \/>\n\u2022 Chats st\u00e9rilis\u00e9s pr\u00e9sentant une tendance au surpoids et aux troubles urinaires<\/p>\n<p><strong>Il est recommand\u00e9 de consulter un v\u00e9t\u00e9rinaire avant l&#8217;introduction d&#8217;un r\u00e9gime alimentaire v\u00e9t\u00e9rinaire.<\/strong><\/p>\n","protected":false},"excerpt":{"rendered":"<p>ADVANCE VETERINARY DIETS URINARY Sterilized Low Calorie est un <strong>aliment di\u00e9t\u00e9tique complet pour chats adultes st\u00e9rilis\u00e9s<\/strong>. Avec un apport \u00e9nerg\u00e9tique mod\u00e9r\u00e9 et riche en fibres <strong>pour aider \u00e0 contr\u00f4ler le poids<\/strong> des chats st\u00e9rilis\u00e9s.<\/p>\n<p>Gr\u00e2ce \u00e0 sa concentration mod\u00e9r\u00e9e en magn\u00e9sium et ses propri\u00e9t\u00e9s acidifiantes de l&#8217;urine, il est indiqu\u00e9 pour<strong> r\u00e9duire la r\u00e9cidive de calculs de struvite et d&#8217;oxalate<\/strong> dans l&#8217;urine de votre chat.<\/p>\n<p><strong>Utilisation :<\/strong><\/p>\n<p>\u2022 Pathologies li\u00e9es aux maladies des voies urinaires inf\u00e9rieures f\u00e9lines<br \/>\n\u2022 Dissolution des calculs de struvite<br \/>\n\u2022 R\u00e9duction de la r\u00e9currence de la formation de calculs de struvite et d\u2019oxalate<br \/>\n\u2022 Cystite idiopathique<br \/>\n\u2022 Chats st\u00e9rilis\u00e9s pr\u00e9sentant une tendance au surpoids et aux troubles urinaires<\/p>\n","protected":false},"featured_media":1312706,"template":"","meta":[],"product_cat":[12551,12581,2697],"product_tag":[],"class_list":{"0":"post-1369751","1":"product","2":"type-product","3":"status-publish","4":"has-post-thumbnail","6":"product_cat-alimentation-du-chat","7":"product_cat-alimentation-medicalisee-pour-chat","8":"product_cat-chat","9":"pa_marque-advance","11":"first","12":"instock","13":"taxable","14":"shipping-taxable","15":"purchasable","16":"product-type-variable"},"yoast_head":"<!-- This site is optimized with the Yoast SEO plugin v27.3 - https:\/\/yoast.com\/product\/yoast-seo-wordpress\/ -->\n<title>Veterinary Diets (Advance) Chat Urinary Sterilis\u00e9 Low Calorie Advance - V\u00e9torino<\/title>\n<meta name=\"description\" content=\"ADVANCE VETERINARY DIETS URINARY Sterilized Low Calorie est un aliment di\u00e9t\u00e9tique complet pour chats adultes st\u00e9rilis\u00e9s. Avec un apport \u00e9nerg\u00e9tique mod\u00e9r\u00e9 et riche en fibres pour aider \u00e0 contr\u00f4ler le poids des chats st\u00e9rilis\u00e9s.  Gr\u00e2ce \u00e0 sa concentration mod\u00e9r\u00e9e en magn\u00e9sium et ses propri\u00e9t\u00e9s acidifiantes de l&#039;urine, il est indiqu\u00e9 pour r\u00e9duire la r\u00e9cidive de calculs de struvite et d&#039;oxalate dans l&#039;urine de votre chat.  Utilisation :  \u2022 Pathologies li\u00e9es aux maladies des voies urinaires inf\u00e9rieures f\u00e9lines \u2022 Dissolution des calculs de struvite \u2022 R\u00e9duction de la r\u00e9currence de la formation de calculs de struvite et d\u2019oxalate \u2022 Cystite idiopathique \u2022 Chats st\u00e9rilis\u00e9s pr\u00e9sentant une tendance au surpoids et aux troubles urinaires\" \/>\n<meta name=\"robots\" content=\"noindex, nofollow\" \/>\n<meta property=\"og:locale\" content=\"fr_FR\" \/>\n<meta property=\"og:type\" content=\"article\" \/>\n<meta property=\"og:title\" content=\"Veterinary Diets (Advance) Chat Urinary Sterilis\u00e9 Low Calorie Advance - V\u00e9torino\" \/>\n<meta property=\"og:description\" content=\"ADVANCE VETERINARY DIETS URINARY Sterilized Low Calorie est un aliment di\u00e9t\u00e9tique complet pour chats adultes st\u00e9rilis\u00e9s. Avec un apport \u00e9nerg\u00e9tique mod\u00e9r\u00e9 et riche en fibres pour aider \u00e0 contr\u00f4ler le poids des chats st\u00e9rilis\u00e9s.  Gr\u00e2ce \u00e0 sa concentration mod\u00e9r\u00e9e en magn\u00e9sium et ses propri\u00e9t\u00e9s acidifiantes de l&#039;urine, il est indiqu\u00e9 pour r\u00e9duire la r\u00e9cidive de calculs de struvite et d&#039;oxalate dans l&#039;urine de votre chat.  Utilisation :  \u2022 Pathologies li\u00e9es aux maladies des voies urinaires inf\u00e9rieures f\u00e9lines \u2022 Dissolution des calculs de struvite \u2022 R\u00e9duction de la r\u00e9currence de la formation de calculs de struvite et d\u2019oxalate \u2022 Cystite idiopathique \u2022 Chats st\u00e9rilis\u00e9s pr\u00e9sentant une tendance au surpoids et aux troubles urinaires\" \/>\n<meta property=\"og:url\" content=\"https:\/\/www.vetorino.com\/veterinaire\/prunelli-di-fiumorbo-20243\/boutique\/product\/advance-veterinary-diets-chat-sterilise-urinary-low-calorie\/\" \/>\n<meta property=\"og:site_name\" content=\"V\u00e9torino\" \/>\n<meta property=\"article:publisher\" content=\"https:\/\/www.facebook.com\/Vetorino\/\" \/>\n<meta property=\"article:modified_time\" content=\"2026-03-10T10:16:54+00:00\" \/>\n<meta property=\"og:image\" content=\"https:\/\/www.vetorino.com\/boutique\/wp-content\/uploads\/2025\/05\/urinary-sterilized-low-calorie-chat-advance-scaled.jpg\" \/>\n\t<meta property=\"og:image:width\" content=\"2014\" \/>\n\t<meta property=\"og:image:height\" content=\"2560\" \/>\n\t<meta property=\"og:image:type\" content=\"image\/jpeg\" \/>\n<meta name=\"twitter:card\" content=\"summary_large_image\" \/>\n<meta name=\"twitter:label1\" content=\"Disponibilit\u00e9\" \/>\n\t<meta name=\"twitter:data1\" content=\"En stock\" \/>\n<script type=\"application\/ld+json\" class=\"yoast-schema-graph\">{\"@context\":\"https:\\\/\\\/schema.org\",\"@graph\":[{\"@type\":\"WebPage\",\"@id\":\"https:\\\/\\\/www.vetorino.com\\\/veterinaire\\\/briancon-05100\\\/boutique\\\/product\\\/advance-veterinary-diets-chat-sterilise-urinary-low-calorie\\\/\",\"url\":\"https:\\\/\\\/www.vetorino.com\\\/veterinaire\\\/briancon-05100\\\/boutique\\\/product\\\/advance-veterinary-diets-chat-sterilise-urinary-low-calorie\\\/\",\"name\":\"Veterinary Diets (Advance) Chat Urinary Sterilis\u00e9 Low Calorie Advance - V\u00e9torino\",\"isPartOf\":{\"@id\":\"https:\\\/\\\/www.vetorino.com\\\/boutique\\\/#website\"},\"primaryImageOfPage\":{\"@id\":\"https:\\\/\\\/www.vetorino.com\\\/veterinaire\\\/briancon-05100\\\/boutique\\\/product\\\/advance-veterinary-diets-chat-sterilise-urinary-low-calorie\\\/#primaryimage\"},\"image\":{\"@id\":\"https:\\\/\\\/www.vetorino.com\\\/veterinaire\\\/briancon-05100\\\/boutique\\\/product\\\/advance-veterinary-diets-chat-sterilise-urinary-low-calorie\\\/#primaryimage\"},\"thumbnailUrl\":\"https:\\\/\\\/www.vetorino.com\\\/boutique\\\/wp-content\\\/uploads\\\/2025\\\/05\\\/urinary-sterilized-low-calorie-chat-advance-scaled.jpg\",\"datePublished\":\"2025-06-12T03:35:13+00:00\",\"dateModified\":\"2026-03-10T10:16:54+00:00\",\"description\":\"ADVANCE VETERINARY DIETS URINARY Sterilized Low Calorie est un aliment di\u00e9t\u00e9tique complet pour chats adultes st\u00e9rilis\u00e9s. Avec un apport \u00e9nerg\u00e9tique mod\u00e9r\u00e9 et riche en fibres pour aider \u00e0 contr\u00f4ler le poids des chats st\u00e9rilis\u00e9s. Gr\u00e2ce \u00e0 sa concentration mod\u00e9r\u00e9e en magn\u00e9sium et ses propri\u00e9t\u00e9s acidifiantes de l'urine, il est indiqu\u00e9 pour r\u00e9duire la r\u00e9cidive de calculs de struvite et d'oxalate dans l'urine de votre chat. Utilisation : \u2022 Pathologies li\u00e9es aux maladies des voies urinaires inf\u00e9rieures f\u00e9lines \u2022 Dissolution des calculs de struvite \u2022 R\u00e9duction de la r\u00e9currence de la formation de calculs de struvite et d\u2019oxalate \u2022 Cystite idiopathique \u2022 Chats st\u00e9rilis\u00e9s pr\u00e9sentant une tendance au surpoids et aux troubles urinaires\",\"breadcrumb\":{\"@id\":\"https:\\\/\\\/www.vetorino.com\\\/veterinaire\\\/briancon-05100\\\/boutique\\\/product\\\/advance-veterinary-diets-chat-sterilise-urinary-low-calorie\\\/#breadcrumb\"},\"inLanguage\":\"fr-FR\",\"potentialAction\":[{\"@type\":\"ReadAction\",\"target\":[\"https:\\\/\\\/www.vetorino.com\\\/veterinaire\\\/briancon-05100\\\/boutique\\\/product\\\/advance-veterinary-diets-chat-sterilise-urinary-low-calorie\\\/\"]}]},{\"@type\":\"ImageObject\",\"inLanguage\":\"fr-FR\",\"@id\":\"https:\\\/\\\/www.vetorino.com\\\/veterinaire\\\/briancon-05100\\\/boutique\\\/product\\\/advance-veterinary-diets-chat-sterilise-urinary-low-calorie\\\/#primaryimage\",\"url\":\"https:\\\/\\\/www.vetorino.com\\\/boutique\\\/wp-content\\\/uploads\\\/2025\\\/05\\\/urinary-sterilized-low-calorie-chat-advance-scaled.jpg\",\"contentUrl\":\"https:\\\/\\\/www.vetorino.com\\\/boutique\\\/wp-content\\\/uploads\\\/2025\\\/05\\\/urinary-sterilized-low-calorie-chat-advance-scaled.jpg\",\"width\":2014,\"height\":2560},{\"@type\":\"BreadcrumbList\",\"@id\":\"https:\\\/\\\/www.vetorino.com\\\/veterinaire\\\/briancon-05100\\\/boutique\\\/product\\\/advance-veterinary-diets-chat-sterilise-urinary-low-calorie\\\/#breadcrumb\",\"itemListElement\":[{\"@type\":\"ListItem\",\"position\":1,\"name\":\"Accueil\",\"item\":\"https:\\\/\\\/www.vetorino.com\\\/boutique\\\/\"},{\"@type\":\"ListItem\",\"position\":2,\"name\":\"Produits\",\"item\":\"https:\\\/\\\/www.vetorino.com\\\/boutique\\\/\"},{\"@type\":\"ListItem\",\"position\":3,\"name\":\"Chat Urinary Sterilis\u00e9 Low Calorie\"}]},{\"@type\":\"WebSite\",\"@id\":\"https:\\\/\\\/www.vetorino.com\\\/boutique\\\/#website\",\"url\":\"https:\\\/\\\/www.vetorino.com\\\/boutique\\\/\",\"name\":\"V\u00e9torino\",\"description\":\"\",\"publisher\":{\"@id\":\"https:\\\/\\\/www.vetorino.com\\\/boutique\\\/#organization\"},\"potentialAction\":[{\"@type\":\"SearchAction\",\"target\":{\"@type\":\"EntryPoint\",\"urlTemplate\":\"https:\\\/\\\/www.vetorino.com\\\/boutique\\\/?s={search_term_string}\"},\"query-input\":{\"@type\":\"PropertyValueSpecification\",\"valueRequired\":true,\"valueName\":\"search_term_string\"}}],\"inLanguage\":\"fr-FR\"},{\"@type\":\"Organization\",\"@id\":\"https:\\\/\\\/www.vetorino.com\\\/boutique\\\/#organization\",\"name\":\"V\u00e9torino\",\"url\":\"https:\\\/\\\/www.vetorino.com\\\/boutique\\\/\",\"logo\":{\"@type\":\"ImageObject\",\"inLanguage\":\"fr-FR\",\"@id\":\"https:\\\/\\\/www.vetorino.com\\\/boutique\\\/#\\\/schema\\\/logo\\\/image\\\/\",\"url\":\"https:\\\/\\\/www.vetorino.com\\\/boutique\\\/wp-content\\\/uploads\\\/2024\\\/10\\\/logo.jpg\",\"contentUrl\":\"https:\\\/\\\/www.vetorino.com\\\/boutique\\\/wp-content\\\/uploads\\\/2024\\\/10\\\/logo.jpg\",\"width\":1200,\"height\":610,\"caption\":\"V\u00e9torino\"},\"image\":{\"@id\":\"https:\\\/\\\/www.vetorino.com\\\/boutique\\\/#\\\/schema\\\/logo\\\/image\\\/\"},\"sameAs\":[\"https:\\\/\\\/www.facebook.com\\\/Vetorino\\\/\",\"https:\\\/\\\/www.instagram.com\\\/vetorino_off\\\/\",\"https:\\\/\\\/www.linkedin.com\\\/company\\\/vtorino\\\/\"]}]}<\/script>\n<meta property=\"product:brand\" content=\"Advance\" \/>\n<meta property=\"og:availability\" content=\"instock\" \/>\n<meta property=\"product:availability\" content=\"instock\" \/>\n<meta property=\"product:condition\" content=\"new\" \/>\n<!-- \/ Yoast SEO plugin. -->","yoast_head_json":{"title":"Veterinary Diets (Advance) Chat Urinary Sterilis\u00e9 Low Calorie Advance - V\u00e9torino","description":"ADVANCE VETERINARY DIETS URINARY Sterilized Low Calorie est un aliment di\u00e9t\u00e9tique complet pour chats adultes st\u00e9rilis\u00e9s. Avec un apport \u00e9nerg\u00e9tique mod\u00e9r\u00e9 et riche en fibres pour aider \u00e0 contr\u00f4ler le poids des chats st\u00e9rilis\u00e9s.  Gr\u00e2ce \u00e0 sa concentration mod\u00e9r\u00e9e en magn\u00e9sium et ses propri\u00e9t\u00e9s acidifiantes de l'urine, il est indiqu\u00e9 pour r\u00e9duire la r\u00e9cidive de calculs de struvite et d'oxalate dans l'urine de votre chat.  Utilisation :  \u2022 Pathologies li\u00e9es aux maladies des voies urinaires inf\u00e9rieures f\u00e9lines \u2022 Dissolution des calculs de struvite \u2022 R\u00e9duction de la r\u00e9currence de la formation de calculs de struvite et d\u2019oxalate \u2022 Cystite idiopathique \u2022 Chats st\u00e9rilis\u00e9s pr\u00e9sentant une tendance au surpoids et aux troubles urinaires","robots":{"index":"noindex","follow":"nofollow"},"og_locale":"fr_FR","og_type":"article","og_title":"Veterinary Diets (Advance) Chat Urinary Sterilis\u00e9 Low Calorie Advance - V\u00e9torino","og_description":"ADVANCE VETERINARY DIETS URINARY Sterilized Low Calorie est un aliment di\u00e9t\u00e9tique complet pour chats adultes st\u00e9rilis\u00e9s. Avec un apport \u00e9nerg\u00e9tique mod\u00e9r\u00e9 et riche en fibres pour aider \u00e0 contr\u00f4ler le poids des chats st\u00e9rilis\u00e9s.  Gr\u00e2ce \u00e0 sa concentration mod\u00e9r\u00e9e en magn\u00e9sium et ses propri\u00e9t\u00e9s acidifiantes de l'urine, il est indiqu\u00e9 pour r\u00e9duire la r\u00e9cidive de calculs de struvite et d'oxalate dans l'urine de votre chat.  Utilisation :  \u2022 Pathologies li\u00e9es aux maladies des voies urinaires inf\u00e9rieures f\u00e9lines \u2022 Dissolution des calculs de struvite \u2022 R\u00e9duction de la r\u00e9currence de la formation de calculs de struvite et d\u2019oxalate \u2022 Cystite idiopathique \u2022 Chats st\u00e9rilis\u00e9s pr\u00e9sentant une tendance au surpoids et aux troubles urinaires","og_url":"https:\/\/www.vetorino.com\/veterinaire\/prunelli-di-fiumorbo-20243\/boutique\/product\/advance-veterinary-diets-chat-sterilise-urinary-low-calorie\/","og_site_name":"V\u00e9torino","article_publisher":"https:\/\/www.facebook.com\/Vetorino\/","article_modified_time":"2026-03-10T10:16:54+00:00","og_image":[{"width":2014,"height":2560,"url":"https:\/\/www.vetorino.com\/boutique\/wp-content\/uploads\/2025\/05\/urinary-sterilized-low-calorie-chat-advance-scaled.jpg","type":"image\/jpeg"}],"twitter_card":"summary_large_image","twitter_misc":{"Disponibilit\u00e9":"En stock"},"schema":{"@context":"https:\/\/schema.org","@graph":[{"@type":"WebPage","@id":"https:\/\/www.vetorino.com\/veterinaire\/briancon-05100\/boutique\/product\/advance-veterinary-diets-chat-sterilise-urinary-low-calorie\/","url":"https:\/\/www.vetorino.com\/veterinaire\/briancon-05100\/boutique\/product\/advance-veterinary-diets-chat-sterilise-urinary-low-calorie\/","name":"Veterinary Diets (Advance) Chat Urinary Sterilis\u00e9 Low Calorie Advance - V\u00e9torino","isPartOf":{"@id":"https:\/\/www.vetorino.com\/boutique\/#website"},"primaryImageOfPage":{"@id":"https:\/\/www.vetorino.com\/veterinaire\/briancon-05100\/boutique\/product\/advance-veterinary-diets-chat-sterilise-urinary-low-calorie\/#primaryimage"},"image":{"@id":"https:\/\/www.vetorino.com\/veterinaire\/briancon-05100\/boutique\/product\/advance-veterinary-diets-chat-sterilise-urinary-low-calorie\/#primaryimage"},"thumbnailUrl":"https:\/\/www.vetorino.com\/boutique\/wp-content\/uploads\/2025\/05\/urinary-sterilized-low-calorie-chat-advance-scaled.jpg","datePublished":"2025-06-12T03:35:13+00:00","dateModified":"2026-03-10T10:16:54+00:00","description":"ADVANCE VETERINARY DIETS URINARY Sterilized Low Calorie est un aliment di\u00e9t\u00e9tique complet pour chats adultes st\u00e9rilis\u00e9s. Avec un apport \u00e9nerg\u00e9tique mod\u00e9r\u00e9 et riche en fibres pour aider \u00e0 contr\u00f4ler le poids des chats st\u00e9rilis\u00e9s. Gr\u00e2ce \u00e0 sa concentration mod\u00e9r\u00e9e en magn\u00e9sium et ses propri\u00e9t\u00e9s acidifiantes de l'urine, il est indiqu\u00e9 pour r\u00e9duire la r\u00e9cidive de calculs de struvite et d'oxalate dans l'urine de votre chat. Utilisation : \u2022 Pathologies li\u00e9es aux maladies des voies urinaires inf\u00e9rieures f\u00e9lines \u2022 Dissolution des calculs de struvite \u2022 R\u00e9duction de la r\u00e9currence de la formation de calculs de struvite et d\u2019oxalate \u2022 Cystite idiopathique \u2022 Chats st\u00e9rilis\u00e9s pr\u00e9sentant une tendance au surpoids et aux troubles urinaires","breadcrumb":{"@id":"https:\/\/www.vetorino.com\/veterinaire\/briancon-05100\/boutique\/product\/advance-veterinary-diets-chat-sterilise-urinary-low-calorie\/#breadcrumb"},"inLanguage":"fr-FR","potentialAction":[{"@type":"ReadAction","target":["https:\/\/www.vetorino.com\/veterinaire\/briancon-05100\/boutique\/product\/advance-veterinary-diets-chat-sterilise-urinary-low-calorie\/"]}]},{"@type":"ImageObject","inLanguage":"fr-FR","@id":"https:\/\/www.vetorino.com\/veterinaire\/briancon-05100\/boutique\/product\/advance-veterinary-diets-chat-sterilise-urinary-low-calorie\/#primaryimage","url":"https:\/\/www.vetorino.com\/boutique\/wp-content\/uploads\/2025\/05\/urinary-sterilized-low-calorie-chat-advance-scaled.jpg","contentUrl":"https:\/\/www.vetorino.com\/boutique\/wp-content\/uploads\/2025\/05\/urinary-sterilized-low-calorie-chat-advance-scaled.jpg","width":2014,"height":2560},{"@type":"BreadcrumbList","@id":"https:\/\/www.vetorino.com\/veterinaire\/briancon-05100\/boutique\/product\/advance-veterinary-diets-chat-sterilise-urinary-low-calorie\/#breadcrumb","itemListElement":[{"@type":"ListItem","position":1,"name":"Accueil","item":"https:\/\/www.vetorino.com\/boutique\/"},{"@type":"ListItem","position":2,"name":"Produits","item":"https:\/\/www.vetorino.com\/boutique\/"},{"@type":"ListItem","position":3,"name":"Chat Urinary Sterilis\u00e9 Low Calorie"}]},{"@type":"WebSite","@id":"https:\/\/www.vetorino.com\/boutique\/#website","url":"https:\/\/www.vetorino.com\/boutique\/","name":"V\u00e9torino","description":"","publisher":{"@id":"https:\/\/www.vetorino.com\/boutique\/#organization"},"potentialAction":[{"@type":"SearchAction","target":{"@type":"EntryPoint","urlTemplate":"https:\/\/www.vetorino.com\/boutique\/?s={search_term_string}"},"query-input":{"@type":"PropertyValueSpecification","valueRequired":true,"valueName":"search_term_string"}}],"inLanguage":"fr-FR"},{"@type":"Organization","@id":"https:\/\/www.vetorino.com\/boutique\/#organization","name":"V\u00e9torino","url":"https:\/\/www.vetorino.com\/boutique\/","logo":{"@type":"ImageObject","inLanguage":"fr-FR","@id":"https:\/\/www.vetorino.com\/boutique\/#\/schema\/logo\/image\/","url":"https:\/\/www.vetorino.com\/boutique\/wp-content\/uploads\/2024\/10\/logo.jpg","contentUrl":"https:\/\/www.vetorino.com\/boutique\/wp-content\/uploads\/2024\/10\/logo.jpg","width":1200,"height":610,"caption":"V\u00e9torino"},"image":{"@id":"https:\/\/www.vetorino.com\/boutique\/#\/schema\/logo\/image\/"},"sameAs":["https:\/\/www.facebook.com\/Vetorino\/","https:\/\/www.instagram.com\/vetorino_off\/","https:\/\/www.linkedin.com\/company\/vtorino\/"]}]},"product_brand":"Advance","og_availability":"instock","product_availability":"instock","product_condition":"new"},"_links":{"self":[{"href":"https:\/\/www.vetorino.com\/veterinaire\/prunelli-di-fiumorbo-20243\/boutique\/wp-json\/wp\/v2\/product\/1369751","targetHints":{"allow":["GET"]}}],"collection":[{"href":"https:\/\/www.vetorino.com\/veterinaire\/prunelli-di-fiumorbo-20243\/boutique\/wp-json\/wp\/v2\/product"}],"about":[{"href":"https:\/\/www.vetorino.com\/veterinaire\/prunelli-di-fiumorbo-20243\/boutique\/wp-json\/wp\/v2\/types\/product"}],"wp:featuredmedia":[{"embeddable":true,"href":"https:\/\/www.vetorino.com\/veterinaire\/prunelli-di-fiumorbo-20243\/boutique\/wp-json\/wp\/v2\/media\/1312706"}],"wp:attachment":[{"href":"https:\/\/www.vetorino.com\/veterinaire\/prunelli-di-fiumorbo-20243\/boutique\/wp-json\/wp\/v2\/media?parent=1369751"}],"wp:term":[{"taxonomy":"product_cat","embeddable":true,"href":"https:\/\/www.vetorino.com\/veterinaire\/prunelli-di-fiumorbo-20243\/boutique\/wp-json\/wp\/v2\/product_cat?post=1369751"},{"taxonomy":"product_tag","embeddable":true,"href":"https:\/\/www.vetorino.com\/veterinaire\/prunelli-di-fiumorbo-20243\/boutique\/wp-json\/wp\/v2\/product_tag?post=1369751"}],"curies":[{"name":"wp","href":"https:\/\/api.w.org\/{rel}","templated":true}]}}